{"id":92008,"date":"2025-06-10T13:25:19","date_gmt":"2025-06-10T13:25:19","guid":{"rendered":"https:\/\/www.accuratereviews.com\/?page_id=92008"},"modified":"2025-10-14T06:43:16","modified_gmt":"2025-10-14T06:43:16","slug":"klipboard-recensione","status":"publish","type":"page","link":"https:\/\/www.accuratereviews.com\/it\/programmi-gestione-turni-lavoro\/klipboard-recensione\/","title":{"rendered":"Klipboard"},"content":{"rendered":"<p><strong>Klipboard<\/strong> \u00e8 la tua piattaforma all-in-one per la <strong>gestione dei lavori<\/strong>, la pianificazione, la manutenzione programmata, la fatturazione, la preventivazione, le comunicazioni automatizzate, i report e altro ancora. I clienti monitorano consegne, corse e altro ancora sui loro dispositivi mobili. Automatizza e personalizza facilmente le comunicazioni via sms ed email. Niente pi\u00f9 mancate opportunit\u00e0 di lavoro grazie alle conferme degli appuntamenti, ai promemoria e alla visibilit\u00e0 in tempo reale per informare i tuoi clienti che sei in viaggio o che hai completato il lavoro.<br \/>\n<strong>Klipboard <\/strong>offre, inoltre, un&#8217;interfaccia intuitiva che consente ai team di concentrarsi sul proprio core business e sull&#8217;erogazione di un servizio clienti eccezionale.<\/p>\n<h2>KLIPBOARD &#8211; TUTORIAL<\/h2>\n<div id=\"fluid-wrapper-counter-1\" class=\"g1-fluid-wrapper \" style=\"width:686px;\">\n<div style=\"padding-bottom:56.268221574344%;\"><iframe loading=\"lazy\" title=\"Klipboard\" width=\"686\" height=\"386\" src=\"https:\/\/www.youtube.com\/embed\/79OcyIks1jY?feature=oembed&amp;wmode=transparent&amp;autohide=1&amp;autoplay=0&amp;disablekb=0&amp;fs=1&amp;loop=0&amp;enablejsapi=1&amp;rel=0&amp;controls=2&amp;showinfo=0&amp;wmode=transparent&amp;autohide=2&amp;autoplay=0&amp;disablekb=0&amp;fs=1&amp;loop=0&amp;enablejsapi=1&amp;rel=0&amp;controls=2&amp;showinfo=1\" frameborder=\"0\" allow=\"accelerometer; autoplay; clipboard-write; encrypted-media; gyroscope; picture-in-picture; web-share\" referrerpolicy=\"strict-origin-when-cross-origin\" allowfullscreen><\/iframe><\/div>\n<\/div>\n<h3>KLIPBOARD &#8211; CARATTERISTICHE<\/h3>\n<ul>\n<li><strong>Dashboard per prestazioni e operazioni<\/strong>: ottieni una supervisione totale nel settore dei servizi sul campo e monitora l&#8217;attivit\u00e0 lavorativa, le prestazioni finanziarie, le operazioni commerciali e il tuo team in tempo reale.<\/li>\n<li><strong>Pianificazione del lavoro e scheda di spedizione<\/strong>: gli strumenti di pianificazione intelligenti semplificano la spedizione di lavori dei clienti mantenendo il tuo team flessibile e proattivo durante la giornata lavorativa.<\/li>\n<li><strong>Client CRM e software di gestione dei fornitori<\/strong>: accedi rapidamente ai record dei tuoi clienti e offri un&#8217;esperienza cliente superiore.<\/li>\n<li><strong>Manutenzione preventiva e gestione delle attivit\u00e0<\/strong>: codice QR Tag e scansione Asset in loco, oltre a ottenere informazioni su condizioni di attivit\u00e0, cronologia dei servizi e programmi di manutenzione pianificati.<\/li>\n<li><strong>Project &amp; Job Management:<\/strong>, pianifica e traccia utenti \u00a0multipli in un progetto. Tieni traccia dei progressi, imposta le tempistiche e gestisci i lavori in un unico posto.<\/li>\n<li><strong>Fatturazione e pagamenti<\/strong>: non lasciare che la tua fatturazione scivoli attraverso le crepe. Converti facilmente i dettagli del lavoro in fatture e invia al tuo cliente per il pagamento. Riduci il pagamento in ritardato e migliora il flusso di cassa.<\/li>\n<\/ul>\n<h4>LE RECENSIONI DEGLI UTENTI<\/h4>\n<p><strong>Matty &#8220;Ottimo software di gestione del lavoro e un team molto disponibile&#8221;<\/strong><br \/>\n<strong>Commenti<\/strong>: Il team si aggiorna costantemente sulla base del feedback dei clienti, il che \u00e8 fantastico. Non abbiamo riscontrato alcun problema nel corso degli anni e consiglio vivamente Klipboard a chiunque abbia bisogno di un software affidabile per il proprio ufficio e i propri ingegneri.<br \/>\n<strong>Pro<\/strong>: Usiamo Klipboard da 4 anni e si \u00e8 dimostrato fantastico! Il software \u00e8 semplicissimo da usare, semplificando le operazioni quotidiane. Il servizio clienti \u00e8 sempre disponibile e il team \u00e8 incredibilmente disponibile, soprattutto durante l&#8217;onboarding.<br \/>\n<strong>Contro<\/strong>: Non ci sono veri e propri svantaggi e non abbiamo riscontrato particolari antipatie. Bisogna solo tenere presente che il software \u00e8 molto completo e che sar\u00e0 necessario investire del tempo per seguire la formazione.<\/p>\n<p><strong>CHRIS &#8220;Configurazione\/supporto scadenti&#8221;<\/strong><br \/>\n<strong>Commenti<\/strong>: Sconsiglierei di investire nel software Klipboard, se Klipboard offrisse il supporto adeguato, credo che gli altri problemi sarebbero facili da superare. L&#8217;onboarding \u00e8 scadente. Inaccettabile considerando il prezzo.<br \/>\n<strong>Pro<\/strong>: Prima di acquistare il sistema e di provarlo, il sistema sembra migliore della maggior parte delle altre opzioni software. TUTTAVIA, quando si va in produzione, iniziano i problemi&#8230;<br \/>\n<strong>Contro<\/strong>: Configurazione iniziale troppo frustrante. NESSUNA assistenza telefonica, NESSUNA assistenza via email, risposte lente, il pulsante di supporto pop-up \u00e8 pieno di informazioni irrilevanti che rallentano l&#8217;invio di messaggi. Se mandi un messaggio con i tuoi problemi e l&#8217;assistenza dall&#8217;altra parte non capisce il problema, ti ritrovi in un conflitto con Klipboard.<\/p>\n<p><strong>Maddi &#8220;Klipboard&#8221;<\/strong><br \/>\n<strong>Pro<\/strong>: Dopo aver avuto problemi di comunicazione e supporto con un paio di altre aziende di gestione del lavoro, ho scoperto Klipboard. Devo dire che il livello di assistenza clienti e supporto che ho ricevuto \u00e8 stato a dir poco impeccabile! Ogni singola richiesta o ticket di supporto che ho richiesto \u00e8 stato rapidamente seguito da un&#8217;email e da molteplici check-in durante la mia prova gratuita&#8230; Mi \u00e8 stata offerta una chiamata demo, che \u00e8 stata molto istruttiva e ha risposto a tutte le mie domande. Sono rimasto incredibilmente colpito dal livello di assistenza clienti che ho ricevuto finora! Il sistema di gestione del lavoro in s\u00e9 \u00e8 molto intuitivo e strutturato in modo molto chiaro, una caratteristica che in precedenza avevo faticato a trovare in un software di gestione del lavoro. Ho mostrato questa app ai miei ingegneri e, dopo aver usato altre app di gestione del lavoro senza apprezzarle per niente, non vedevano l&#8217;ora di usare Klipboard, il che mi ha semplificato notevolmente la vita, non dovendo pi\u00f9 cercare continuamente report e schede di lavoro! Lo consiglio al 100%.<br \/>\n<strong>Contro<\/strong>: Finora non c&#8217;\u00e8 stato niente che non mi sia piaciuto di Klipboard.<\/p>\n","protected":false},"excerpt":{"rendered":"<p>Klipboard \u00e8 la tua piattaforma all-in-one per la gestione dei lavori, la pianificazione, la manutenzione programmata, la fatturazione, la preventivazione, le comunicazioni automatizzate, i report e altro ancora. I clienti monitorano consegne, corse e altro ancora sui loro dispositivi mobili. Automatizza e personalizza facilmente le comunicazioni via sms ed email.<\/p>\n","protected":false},"author":19,"featured_media":92010,"parent":87246,"menu_order":0,"comment_status":"open","ping_status":"closed","template":"g1_template_page_review_new.php","meta":{"_acf_changed":false,"cwp_meta_box_check":"Yes","cwp_rev_product_name":"","cwp_rev_product_image":"","wppr_links":[],"cwp_rev_price":"0.00","wppr_options":[{"name":"Usability","value":"0"},{"name":"Speed","value":"0"},{"name":"Features","value":"0"},{"name":"Support","value":"0"},{"name":"Pricing","value":"0"}],"wppr_pros":["","","","",""],"wppr_cons":["","","","",""],"_monsterinsights_skip_tracking":false,"_monsterinsights_sitenote_active":false,"_monsterinsights_sitenote_note":"","_monsterinsights_sitenote_category":0,"footnotes":""},"categories":[16111],"tags":[16296,16146,16121,16120,16144,16123],"features":[],"class_list":{"0":"post-92008","1":"page","2":"type-page","3":"status-publish","4":"has-post-thumbnail","6":"category-programmi-per-turni-di-lavoro","7":"tag-klipboard","8":"tag-piattaforma-turni-di-lavoro","9":"tag-programma-turni-di-lavoro","10":"tag-software-turni-di-lavoro","11":"tag-soluzione-turni-di-lavoro","12":"tag-turni-di-lavoro"},"wppr_data":{"cwp_meta_box_check":"Yes","_wppr_review_template":"default","cwp_rev_product_image":"","cwp_image_link":"image","wppr_links":[],"cwp_rev_price":"0.00","wppr_pros":["","","","",""],"wppr_cons":["","","","",""],"wppr_rating":"0.00","wppr_options":{"1":{"name":"Usability","value":"0"},"2":{"name":"Speed","value":"0"},"3":{"name":"Features","value":"0"},"4":{"name":"Support","value":"0"},"5":{"name":"Pricing","value":"0"}},"wppr_review_type":"Product","wppr_review_custom_fields":{"additionalProperty":"","additionalType":"","aggregateRating":"","alternateName":"","audience":"","award":"","awards":"","brand":"","color":"","depth":"","description":"","disambiguatingDescription":"","gtin12":"","gtin13":"","gtin14":"","gtin8":"","height":"","identifier":"","image":"","isAccessoryOrSparePartFor":"","isConsumableFor":"","isRelatedTo":"","isSimilarTo":"","itemCondition":"","logo":"","mainEntityOfPage":"","manufacturer":"","material":"","model":"","mpn":"","name":"","offers":"","potentialAction":"","productID":"","productionDate":"","purchaseDate":"","releaseDate":"","review":"","reviews":"","sameAs":"","sku":"","slogan":"","subjectOf":"","url":"","weight":"","width":""}},"acf":[],"yoast_head":"<!-- This site is optimized with the Yoast SEO plugin v27.4 - https:\/\/yoast.com\/product\/yoast-seo-wordpress\/ -->\n<title>Klipboard: recensione software turni di lavoro - Accurate Reviews<\/title>\n<meta name=\"description\" content=\"Klipboard: recensione piattaforma all-in-one per la gestione dei lavori, la pianificazione, la manutenzione programmata e la fatturazione.\" \/>\n<meta name=\"robots\" content=\"index, follow, max-snippet:-1, max-image-preview:large, max-video-preview:-1\" \/>\n<link rel=\"canonical\" href=\"https:\/\/www.accuratereviews.com\/it\/programmi-gestione-turni-lavoro\/klipboard-recensione\/\" \/>\n<meta property=\"og:locale\" content=\"it_IT\" \/>\n<meta property=\"og:type\" content=\"article\" \/>\n<meta property=\"og:title\" content=\"Klipboard: recensione software turni di lavoro - Accurate Reviews\" \/>\n<meta property=\"og:description\" content=\"Klipboard: recensione piattaforma all-in-one per la gestione dei lavori, la pianificazione, la manutenzione programmata e la fatturazione.\" \/>\n<meta property=\"og:url\" content=\"https:\/\/www.accuratereviews.com\/it\/programmi-gestione-turni-lavoro\/klipboard-recensione\/\" \/>\n<meta property=\"og:site_name\" content=\"Accurate Reviews\" \/>\n<meta property=\"article:modified_time\" content=\"2025-10-14T06:43:16+00:00\" \/>\n<meta property=\"og:image\" content=\"https:\/\/www.accuratereviews.com\/wp-content\/uploads\/2025\/06\/Klipboard.png\" \/>\n\t<meta property=\"og:image:width\" content=\"882\" \/>\n\t<meta property=\"og:image:height\" content=\"268\" \/>\n\t<meta property=\"og:image:type\" content=\"image\/png\" \/>\n<meta name=\"twitter:card\" content=\"summary_large_image\" \/>\n<meta name=\"twitter:label1\" content=\"Tempo di lettura stimato\" \/>\n\t<meta name=\"twitter:data1\" content=\"6 minuti\" \/>\n<script type=\"application\/ld+json\" class=\"yoast-schema-graph\">{\"@context\":\"https:\\\/\\\/schema.org\",\"@graph\":[{\"@type\":\"WebPage\",\"@id\":\"https:\\\/\\\/www.accuratereviews.com\\\/it\\\/programmi-gestione-turni-lavoro\\\/klipboard-recensione\\\/\",\"url\":\"https:\\\/\\\/www.accuratereviews.com\\\/it\\\/programmi-gestione-turni-lavoro\\\/klipboard-recensione\\\/\",\"name\":\"Klipboard: recensione software turni di lavoro - Accurate Reviews\",\"isPartOf\":{\"@id\":\"https:\\\/\\\/www.accuratereviews.com\\\/it\\\/#website\"},\"primaryImageOfPage\":{\"@id\":\"https:\\\/\\\/www.accuratereviews.com\\\/it\\\/programmi-gestione-turni-lavoro\\\/klipboard-recensione\\\/#primaryimage\"},\"image\":{\"@id\":\"https:\\\/\\\/www.accuratereviews.com\\\/it\\\/programmi-gestione-turni-lavoro\\\/klipboard-recensione\\\/#primaryimage\"},\"thumbnailUrl\":\"https:\\\/\\\/www.accuratereviews.com\\\/wp-content\\\/uploads\\\/2025\\\/06\\\/Klipboard.png\",\"datePublished\":\"2025-06-10T13:25:19+00:00\",\"dateModified\":\"2025-10-14T06:43:16+00:00\",\"description\":\"Klipboard: recensione piattaforma all-in-one per la gestione dei lavori, la pianificazione, la manutenzione programmata e la fatturazione.\",\"breadcrumb\":{\"@id\":\"https:\\\/\\\/www.accuratereviews.com\\\/it\\\/programmi-gestione-turni-lavoro\\\/klipboard-recensione\\\/#breadcrumb\"},\"inLanguage\":\"it-IT\",\"potentialAction\":[{\"@type\":\"ReadAction\",\"target\":[\"https:\\\/\\\/www.accuratereviews.com\\\/it\\\/programmi-gestione-turni-lavoro\\\/klipboard-recensione\\\/\"]}]},{\"@type\":\"ImageObject\",\"inLanguage\":\"it-IT\",\"@id\":\"https:\\\/\\\/www.accuratereviews.com\\\/it\\\/programmi-gestione-turni-lavoro\\\/klipboard-recensione\\\/#primaryimage\",\"url\":\"https:\\\/\\\/www.accuratereviews.com\\\/wp-content\\\/uploads\\\/2025\\\/06\\\/Klipboard.png\",\"contentUrl\":\"https:\\\/\\\/www.accuratereviews.com\\\/wp-content\\\/uploads\\\/2025\\\/06\\\/Klipboard.png\",\"width\":882,\"height\":268},{\"@type\":\"BreadcrumbList\",\"@id\":\"https:\\\/\\\/www.accuratereviews.com\\\/it\\\/programmi-gestione-turni-lavoro\\\/klipboard-recensione\\\/#breadcrumb\",\"itemListElement\":[{\"@type\":\"ListItem\",\"position\":1,\"name\":\"Home\",\"item\":\"https:\\\/\\\/www.accuratereviews.com\\\/it\\\/\"},{\"@type\":\"ListItem\",\"position\":2,\"name\":\"Programmi per turni di lavoro\",\"item\":\"https:\\\/\\\/www.accuratereviews.com\\\/it\\\/programmi-gestione-turni-lavoro\\\/\"},{\"@type\":\"ListItem\",\"position\":3,\"name\":\"Klipboard\"}]},{\"@type\":\"WebSite\",\"@id\":\"https:\\\/\\\/www.accuratereviews.com\\\/it\\\/#website\",\"url\":\"https:\\\/\\\/www.accuratereviews.com\\\/it\\\/\",\"name\":\"Accurate Reviews\",\"description\":\"\",\"potentialAction\":[{\"@type\":\"SearchAction\",\"target\":{\"@type\":\"EntryPoint\",\"urlTemplate\":\"https:\\\/\\\/www.accuratereviews.com\\\/it\\\/?s={search_term_string}\"},\"query-input\":{\"@type\":\"PropertyValueSpecification\",\"valueRequired\":true,\"valueName\":\"search_term_string\"}}],\"inLanguage\":\"it-IT\"}]}<\/script>\n<!-- \/ Yoast SEO plugin. -->","yoast_head_json":{"title":"Klipboard: recensione software turni di lavoro - Accurate Reviews","description":"Klipboard: recensione piattaforma all-in-one per la gestione dei lavori, la pianificazione, la manutenzione programmata e la fatturazione.","robots":{"index":"index","follow":"follow","max-snippet":"max-snippet:-1","max-image-preview":"max-image-preview:large","max-video-preview":"max-video-preview:-1"},"canonical":"https:\/\/www.accuratereviews.com\/it\/programmi-gestione-turni-lavoro\/klipboard-recensione\/","og_locale":"it_IT","og_type":"article","og_title":"Klipboard: recensione software turni di lavoro - Accurate Reviews","og_description":"Klipboard: recensione piattaforma all-in-one per la gestione dei lavori, la pianificazione, la manutenzione programmata e la fatturazione.","og_url":"https:\/\/www.accuratereviews.com\/it\/programmi-gestione-turni-lavoro\/klipboard-recensione\/","og_site_name":"Accurate Reviews","article_modified_time":"2025-10-14T06:43:16+00:00","og_image":[{"width":882,"height":268,"url":"https:\/\/www.accuratereviews.com\/wp-content\/uploads\/2025\/06\/Klipboard.png","type":"image\/png"}],"twitter_card":"summary_large_image","twitter_misc":{"Tempo di lettura stimato":"6 minuti"},"schema":{"@context":"https:\/\/schema.org","@graph":[{"@type":"WebPage","@id":"https:\/\/www.accuratereviews.com\/it\/programmi-gestione-turni-lavoro\/klipboard-recensione\/","url":"https:\/\/www.accuratereviews.com\/it\/programmi-gestione-turni-lavoro\/klipboard-recensione\/","name":"Klipboard: recensione software turni di lavoro - Accurate Reviews","isPartOf":{"@id":"https:\/\/www.accuratereviews.com\/it\/#website"},"primaryImageOfPage":{"@id":"https:\/\/www.accuratereviews.com\/it\/programmi-gestione-turni-lavoro\/klipboard-recensione\/#primaryimage"},"image":{"@id":"https:\/\/www.accuratereviews.com\/it\/programmi-gestione-turni-lavoro\/klipboard-recensione\/#primaryimage"},"thumbnailUrl":"https:\/\/www.accuratereviews.com\/wp-content\/uploads\/2025\/06\/Klipboard.png","datePublished":"2025-06-10T13:25:19+00:00","dateModified":"2025-10-14T06:43:16+00:00","description":"Klipboard: recensione piattaforma all-in-one per la gestione dei lavori, la pianificazione, la manutenzione programmata e la fatturazione.","breadcrumb":{"@id":"https:\/\/www.accuratereviews.com\/it\/programmi-gestione-turni-lavoro\/klipboard-recensione\/#breadcrumb"},"inLanguage":"it-IT","potentialAction":[{"@type":"ReadAction","target":["https:\/\/www.accuratereviews.com\/it\/programmi-gestione-turni-lavoro\/klipboard-recensione\/"]}]},{"@type":"ImageObject","inLanguage":"it-IT","@id":"https:\/\/www.accuratereviews.com\/it\/programmi-gestione-turni-lavoro\/klipboard-recensione\/#primaryimage","url":"https:\/\/www.accuratereviews.com\/wp-content\/uploads\/2025\/06\/Klipboard.png","contentUrl":"https:\/\/www.accuratereviews.com\/wp-content\/uploads\/2025\/06\/Klipboard.png","width":882,"height":268},{"@type":"BreadcrumbList","@id":"https:\/\/www.accuratereviews.com\/it\/programmi-gestione-turni-lavoro\/klipboard-recensione\/#breadcrumb","itemListElement":[{"@type":"ListItem","position":1,"name":"Home","item":"https:\/\/www.accuratereviews.com\/it\/"},{"@type":"ListItem","position":2,"name":"Programmi per turni di lavoro","item":"https:\/\/www.accuratereviews.com\/it\/programmi-gestione-turni-lavoro\/"},{"@type":"ListItem","position":3,"name":"Klipboard"}]},{"@type":"WebSite","@id":"https:\/\/www.accuratereviews.com\/it\/#website","url":"https:\/\/www.accuratereviews.com\/it\/","name":"Accurate Reviews","description":"","potentialAction":[{"@type":"SearchAction","target":{"@type":"EntryPoint","urlTemplate":"https:\/\/www.accuratereviews.com\/it\/?s={search_term_string}"},"query-input":{"@type":"PropertyValueSpecification","valueRequired":true,"valueName":"search_term_string"}}],"inLanguage":"it-IT"}]}},"_links":{"self":[{"href":"https:\/\/www.accuratereviews.com\/it\/wp-json\/wp\/v2\/pages\/92008","targetHints":{"allow":["GET"]}}],"collection":[{"href":"https:\/\/www.accuratereviews.com\/it\/wp-json\/wp\/v2\/pages"}],"about":[{"href":"https:\/\/www.accuratereviews.com\/it\/wp-json\/wp\/v2\/types\/page"}],"author":[{"embeddable":true,"href":"https:\/\/www.accuratereviews.com\/it\/wp-json\/wp\/v2\/users\/19"}],"replies":[{"embeddable":true,"href":"https:\/\/www.accuratereviews.com\/it\/wp-json\/wp\/v2\/comments?post=92008"}],"version-history":[{"count":11,"href":"https:\/\/www.accuratereviews.com\/it\/wp-json\/wp\/v2\/pages\/92008\/revisions"}],"predecessor-version":[{"id":104347,"href":"https:\/\/www.accuratereviews.com\/it\/wp-json\/wp\/v2\/pages\/92008\/revisions\/104347"}],"up":[{"embeddable":true,"href":"https:\/\/www.accuratereviews.com\/it\/wp-json\/wp\/v2\/pages\/87246"}],"wp:featuredmedia":[{"embeddable":true,"href":"https:\/\/www.accuratereviews.com\/it\/wp-json\/wp\/v2\/media\/92010"}],"wp:attachment":[{"href":"https:\/\/www.accuratereviews.com\/it\/wp-json\/wp\/v2\/media?parent=92008"}],"wp:term":[{"taxonomy":"category","embeddable":true,"href":"https:\/\/www.accuratereviews.com\/it\/wp-json\/wp\/v2\/categories?post=92008"},{"taxonomy":"post_tag","embeddable":true,"href":"https:\/\/www.accuratereviews.com\/it\/wp-json\/wp\/v2\/tags?post=92008"},{"taxonomy":"features","embeddable":true,"href":"https:\/\/www.accuratereviews.com\/it\/wp-json\/wp\/v2\/features?post=92008"}],"curies":[{"name":"wp","href":"https:\/\/api.w.org\/{rel}","templated":true}]}}