{"id":9213,"date":"2017-05-02T10:42:25","date_gmt":"2017-05-02T10:42:25","guid":{"rendered":"http:\/\/www.accuratereviews.com\/strumenti-seo-lista-software\/spyfu\/"},"modified":"2021-11-10T15:09:03","modified_gmt":"2021-11-10T15:09:03","slug":"spyfu","status":"publish","type":"page","link":"https:\/\/www.accuratereviews.com\/it\/strumenti-seo-lista-software\/spyfu\/","title":{"rendered":"SpyFu"},"content":{"rendered":"<p><img loading=\"lazy\" decoding=\"async\" class=\"alignnone size-full wp-image-9196\" src=\"http:\/\/www.accuratereviews.com\/wp-content\/uploads\/2017\/05\/SpyFu.png\" alt=\"SpyFu\" width=\"750\" height=\"437\" srcset=\"https:\/\/www.accuratereviews.com\/wp-content\/uploads\/2017\/05\/SpyFu.png 750w, https:\/\/www.accuratereviews.com\/wp-content\/uploads\/2017\/05\/SpyFu-300x175.png 300w, https:\/\/www.accuratereviews.com\/wp-content\/uploads\/2017\/05\/SpyFu-215x125.png 215w, https:\/\/www.accuratereviews.com\/wp-content\/uploads\/2017\/05\/SpyFu-50x29.png 50w, https:\/\/www.accuratereviews.com\/wp-content\/uploads\/2017\/05\/SpyFu-636x371.png 636w, https:\/\/www.accuratereviews.com\/wp-content\/uploads\/2017\/05\/SpyFu-320x186.png 320w, https:\/\/www.accuratereviews.com\/wp-content\/uploads\/2017\/05\/SpyFu-239x139.png 239w\" sizes=\"auto, (max-width: 750px) 100vw, 750px\" \/><\/p>\n<p>Se state per affacciarvi al complesso mondo del SEO avrete bisogno di uno strumento che vi aiuti a indirizzare i vostri sforzi. Questo strumento dovr\u00e0 avere due caratteristiche principali. Prima di tutto, dev&#8217;essere accurato. Dovete accertarvi di capire bene quali sono le <strong>keyword utilizzate dai vostri competitor<\/strong> e comprendere invece quali sono le <strong>parole chiave su cui dovete lavorare<\/strong> voi, scoprire dove si trovino nella SERP e ottenere tutti i dati che vi servono per mettere in piedi una campagna. Quella del SEO \u00e8 un&#8217;attivit\u00e0 che si basa sulla raccolta di dati precisi, ecco perch\u00e9 lo strumento scelto deve essere accurato, facilmente gestibile e affidabile.<\/p>\n<p>Come seconda carattertistica, <strong>\u00e8 importante la facilit\u00e0 di utilizzo<\/strong>. Il SEO \u00e8 gi\u00e0 abbastanza complesso e, a volte, noioso di suo: cercate strumenti che vi aiutino davvero e che non vi trascinino in un&#8217;altra lotta per comprendere come utilizzarli correttamente.<\/p>\n<p><strong>SpyFu<\/strong> non offre tutta la completa suite che trovate in strumenti come Moz Pro, ma offre comunque <strong>un gran numero di feature in grado di fornirvi tutte le informazioni<\/strong> pi\u00f9 utili per il vostro lavoro SEO. Queste informazioni vengono poi offerte in un formato dall&#8217;aspetto semplice, accattivante, alla portata di tutti.<\/p>\n<p><img loading=\"lazy\" decoding=\"async\" class=\"alignnone size-full wp-image-9197\" src=\"http:\/\/www.accuratereviews.com\/wp-content\/uploads\/2017\/05\/SpyFu-2.png\" alt=\"SpyFu \" width=\"750\" height=\"372\" srcset=\"https:\/\/www.accuratereviews.com\/wp-content\/uploads\/2017\/05\/SpyFu-2.png 750w, https:\/\/www.accuratereviews.com\/wp-content\/uploads\/2017\/05\/SpyFu-2-300x149.png 300w, https:\/\/www.accuratereviews.com\/wp-content\/uploads\/2017\/05\/SpyFu-2-252x125.png 252w, https:\/\/www.accuratereviews.com\/wp-content\/uploads\/2017\/05\/SpyFu-2-50x25.png 50w, https:\/\/www.accuratereviews.com\/wp-content\/uploads\/2017\/05\/SpyFu-2-636x315.png 636w, https:\/\/www.accuratereviews.com\/wp-content\/uploads\/2017\/05\/SpyFu-2-320x159.png 320w, https:\/\/www.accuratereviews.com\/wp-content\/uploads\/2017\/05\/SpyFu-2-239x119.png 239w\" sizes=\"auto, (max-width: 750px) 100vw, 750px\" \/><\/p>\n<p>La barra di navigazione pu\u00f2 portare i professionisti del SEO a cercare tutto ci\u00f2 che serve: <strong>richerche SEO, PPC, ricerca di keyword e backlink<\/strong>. Gli utenti possono inserire anche una <strong>lista di concorrenti<\/strong> e ottenere tutte le parole chiave alle quali stanno puntando, ma scoprono anche che posizione ottengono lavorando su questi keyword, oltre a stimare la cifra spesa ogni mese in pubblicit\u00e0 AdSense. Se tutte queste informazioni non vi bastano, potete scavare ancora pi\u00f9 a fondo per ottenere uno <strong>storico della conquista delle posizioni nella SERP per ogni parola chiave<\/strong>. Uno degli strumenti pi\u00f9 utili forniti da SpyFu \u00e8 quello che permette di <strong>mettere a confronto diversi competitor<\/strong> per trovare una zona vuota tra le loro keyword in cui inserirsi e andare a competere direttamente.<\/p>\n<p><strong>SpyFu offre anche contatti di dominio e lead<\/strong>, permettendo di andare ad agire direttamente sui dati raccolti. I professionisti SEO con grandi aziende alle spalle potrebbero preferire utilizzare Moz e la sua enorme quantit\u00e0 di strumenti, ma un <strong>team SEO che lavora su un&#8217;azienda medio-piccola pu\u00f2 invece trovarsi molto bene con SpyFu<\/strong>. Attenzione per\u00f2: SPyFu non \u00e8 localizzato in lingua italiana e <strong>lavora sul panorama online USA e UK<\/strong>.<\/p>\n","protected":false},"excerpt":{"rendered":"<p>Se state per affacciarvi al complesso mondo del SEO avrete bisogno di uno strumento che vi aiuti a indirizzare i vostri sforzi. Questo strumento dovr\u00e0 avere due caratteristiche principali.<\/p>\n","protected":false},"author":16,"featured_media":0,"parent":8849,"menu_order":1,"comment_status":"open","ping_status":"closed","template":"g1_template_page_review_new.php","meta":{"_acf_changed":false,"cwp_meta_box_check":"Yes","cwp_rev_product_name":"","cwp_rev_product_image":"","wppr_links":[],"cwp_rev_price":"","wppr_options":[],"wppr_pros":[],"wppr_cons":[],"_monsterinsights_skip_tracking":false,"_monsterinsights_sitenote_active":false,"_monsterinsights_sitenote_note":"","_monsterinsights_sitenote_category":0,"footnotes":""},"categories":[175],"tags":[],"features":[],"class_list":{"0":"post-9213","1":"page","2":"type-page","3":"status-publish","5":"category-strumenti-seo-categoria"},"wppr_data":{"cwp_meta_box_check":"Yes","cwp_rev_product_name":"","cwp_rev_product_image":"","cwp_image_link":"image","cwp_rev_price":"","wppr_rating":"0.00"},"acf":[],"yoast_head":"<!-- This site is optimized with the Yoast SEO plugin v27.4 - https:\/\/yoast.com\/product\/yoast-seo-wordpress\/ -->\n<title>SpyFu | Recensione dei migliori strumenti per il SEO | Accurate Reviews<\/title>\n<meta name=\"description\" content=\"SpyFu \u00e8 una piattaforma per l&#039;analisi SEO semplice, alla portata, ricca delle funzionalit\u00e0 adatte ad un team SEO di una azienda medio-piccola.\" \/>\n<meta name=\"robots\" content=\"index, follow, max-snippet:-1, max-image-preview:large, max-video-preview:-1\" \/>\n<link rel=\"canonical\" href=\"https:\/\/www.accuratereviews.com\/it\/strumenti-seo-lista-software\/spyfu\/\" \/>\n<meta property=\"og:locale\" content=\"it_IT\" \/>\n<meta property=\"og:type\" content=\"article\" \/>\n<meta property=\"og:title\" content=\"SpyFu | Recensione dei migliori strumenti per il SEO | Accurate Reviews\" \/>\n<meta property=\"og:description\" content=\"SpyFu \u00e8 una piattaforma per l&#039;analisi SEO semplice, alla portata, ricca delle funzionalit\u00e0 adatte ad un team SEO di una azienda medio-piccola.\" \/>\n<meta property=\"og:url\" content=\"https:\/\/www.accuratereviews.com\/it\/strumenti-seo-lista-software\/spyfu\/\" \/>\n<meta property=\"og:site_name\" content=\"Accurate Reviews\" \/>\n<meta property=\"article:modified_time\" content=\"2021-11-10T15:09:03+00:00\" \/>\n<meta property=\"og:image\" content=\"http:\/\/www.accuratereviews.com\/wp-content\/uploads\/2017\/05\/SpyFu.png\" \/>\n<meta name=\"twitter:card\" content=\"summary_large_image\" \/>\n<meta name=\"twitter:label1\" content=\"Tempo di lettura stimato\" \/>\n\t<meta name=\"twitter:data1\" content=\"2 minuti\" \/>\n<script type=\"application\/ld+json\" class=\"yoast-schema-graph\">{\"@context\":\"https:\\\/\\\/schema.org\",\"@graph\":[{\"@type\":\"WebPage\",\"@id\":\"https:\\\/\\\/www.accuratereviews.com\\\/it\\\/strumenti-seo-lista-software\\\/spyfu\\\/\",\"url\":\"https:\\\/\\\/www.accuratereviews.com\\\/it\\\/strumenti-seo-lista-software\\\/spyfu\\\/\",\"name\":\"SpyFu | Recensione dei migliori strumenti per il SEO | Accurate Reviews\",\"isPartOf\":{\"@id\":\"https:\\\/\\\/www.accuratereviews.com\\\/it\\\/#website\"},\"primaryImageOfPage\":{\"@id\":\"https:\\\/\\\/www.accuratereviews.com\\\/it\\\/strumenti-seo-lista-software\\\/spyfu\\\/#primaryimage\"},\"image\":{\"@id\":\"https:\\\/\\\/www.accuratereviews.com\\\/it\\\/strumenti-seo-lista-software\\\/spyfu\\\/#primaryimage\"},\"thumbnailUrl\":\"http:\\\/\\\/www.accuratereviews.com\\\/wp-content\\\/uploads\\\/2017\\\/05\\\/SpyFu.png\",\"datePublished\":\"2017-05-02T10:42:25+00:00\",\"dateModified\":\"2021-11-10T15:09:03+00:00\",\"description\":\"SpyFu \u00e8 una piattaforma per l'analisi SEO semplice, alla portata, ricca delle funzionalit\u00e0 adatte ad un team SEO di una azienda medio-piccola.\",\"breadcrumb\":{\"@id\":\"https:\\\/\\\/www.accuratereviews.com\\\/it\\\/strumenti-seo-lista-software\\\/spyfu\\\/#breadcrumb\"},\"inLanguage\":\"it-IT\",\"potentialAction\":[{\"@type\":\"ReadAction\",\"target\":[\"https:\\\/\\\/www.accuratereviews.com\\\/it\\\/strumenti-seo-lista-software\\\/spyfu\\\/\"]}]},{\"@type\":\"ImageObject\",\"inLanguage\":\"it-IT\",\"@id\":\"https:\\\/\\\/www.accuratereviews.com\\\/it\\\/strumenti-seo-lista-software\\\/spyfu\\\/#primaryimage\",\"url\":\"http:\\\/\\\/www.accuratereviews.com\\\/wp-content\\\/uploads\\\/2017\\\/05\\\/SpyFu.png\",\"contentUrl\":\"http:\\\/\\\/www.accuratereviews.com\\\/wp-content\\\/uploads\\\/2017\\\/05\\\/SpyFu.png\"},{\"@type\":\"BreadcrumbList\",\"@id\":\"https:\\\/\\\/www.accuratereviews.com\\\/it\\\/strumenti-seo-lista-software\\\/spyfu\\\/#breadcrumb\",\"itemListElement\":[{\"@type\":\"ListItem\",\"position\":1,\"name\":\"Home\",\"item\":\"https:\\\/\\\/www.accuratereviews.com\\\/it\\\/\"},{\"@type\":\"ListItem\",\"position\":2,\"name\":\"Strumenti SEO\",\"item\":\"https:\\\/\\\/www.accuratereviews.com\\\/it\\\/strumenti-seo-lista-software\\\/\"},{\"@type\":\"ListItem\",\"position\":3,\"name\":\"SpyFu\"}]},{\"@type\":\"WebSite\",\"@id\":\"https:\\\/\\\/www.accuratereviews.com\\\/it\\\/#website\",\"url\":\"https:\\\/\\\/www.accuratereviews.com\\\/it\\\/\",\"name\":\"Accurate Reviews\",\"description\":\"\",\"potentialAction\":[{\"@type\":\"SearchAction\",\"target\":{\"@type\":\"EntryPoint\",\"urlTemplate\":\"https:\\\/\\\/www.accuratereviews.com\\\/it\\\/?s={search_term_string}\"},\"query-input\":{\"@type\":\"PropertyValueSpecification\",\"valueRequired\":true,\"valueName\":\"search_term_string\"}}],\"inLanguage\":\"it-IT\"}]}<\/script>\n<!-- \/ Yoast SEO plugin. -->","yoast_head_json":{"title":"SpyFu | Recensione dei migliori strumenti per il SEO | Accurate Reviews","description":"SpyFu \u00e8 una piattaforma per l'analisi SEO semplice, alla portata, ricca delle funzionalit\u00e0 adatte ad un team SEO di una azienda medio-piccola.","robots":{"index":"index","follow":"follow","max-snippet":"max-snippet:-1","max-image-preview":"max-image-preview:large","max-video-preview":"max-video-preview:-1"},"canonical":"https:\/\/www.accuratereviews.com\/it\/strumenti-seo-lista-software\/spyfu\/","og_locale":"it_IT","og_type":"article","og_title":"SpyFu | Recensione dei migliori strumenti per il SEO | Accurate Reviews","og_description":"SpyFu \u00e8 una piattaforma per l'analisi SEO semplice, alla portata, ricca delle funzionalit\u00e0 adatte ad un team SEO di una azienda medio-piccola.","og_url":"https:\/\/www.accuratereviews.com\/it\/strumenti-seo-lista-software\/spyfu\/","og_site_name":"Accurate Reviews","article_modified_time":"2021-11-10T15:09:03+00:00","og_image":[{"url":"http:\/\/www.accuratereviews.com\/wp-content\/uploads\/2017\/05\/SpyFu.png","type":"","width":"","height":""}],"twitter_card":"summary_large_image","twitter_misc":{"Tempo di lettura stimato":"2 minuti"},"schema":{"@context":"https:\/\/schema.org","@graph":[{"@type":"WebPage","@id":"https:\/\/www.accuratereviews.com\/it\/strumenti-seo-lista-software\/spyfu\/","url":"https:\/\/www.accuratereviews.com\/it\/strumenti-seo-lista-software\/spyfu\/","name":"SpyFu | Recensione dei migliori strumenti per il SEO | Accurate Reviews","isPartOf":{"@id":"https:\/\/www.accuratereviews.com\/it\/#website"},"primaryImageOfPage":{"@id":"https:\/\/www.accuratereviews.com\/it\/strumenti-seo-lista-software\/spyfu\/#primaryimage"},"image":{"@id":"https:\/\/www.accuratereviews.com\/it\/strumenti-seo-lista-software\/spyfu\/#primaryimage"},"thumbnailUrl":"http:\/\/www.accuratereviews.com\/wp-content\/uploads\/2017\/05\/SpyFu.png","datePublished":"2017-05-02T10:42:25+00:00","dateModified":"2021-11-10T15:09:03+00:00","description":"SpyFu \u00e8 una piattaforma per l'analisi SEO semplice, alla portata, ricca delle funzionalit\u00e0 adatte ad un team SEO di una azienda medio-piccola.","breadcrumb":{"@id":"https:\/\/www.accuratereviews.com\/it\/strumenti-seo-lista-software\/spyfu\/#breadcrumb"},"inLanguage":"it-IT","potentialAction":[{"@type":"ReadAction","target":["https:\/\/www.accuratereviews.com\/it\/strumenti-seo-lista-software\/spyfu\/"]}]},{"@type":"ImageObject","inLanguage":"it-IT","@id":"https:\/\/www.accuratereviews.com\/it\/strumenti-seo-lista-software\/spyfu\/#primaryimage","url":"http:\/\/www.accuratereviews.com\/wp-content\/uploads\/2017\/05\/SpyFu.png","contentUrl":"http:\/\/www.accuratereviews.com\/wp-content\/uploads\/2017\/05\/SpyFu.png"},{"@type":"BreadcrumbList","@id":"https:\/\/www.accuratereviews.com\/it\/strumenti-seo-lista-software\/spyfu\/#breadcrumb","itemListElement":[{"@type":"ListItem","position":1,"name":"Home","item":"https:\/\/www.accuratereviews.com\/it\/"},{"@type":"ListItem","position":2,"name":"Strumenti SEO","item":"https:\/\/www.accuratereviews.com\/it\/strumenti-seo-lista-software\/"},{"@type":"ListItem","position":3,"name":"SpyFu"}]},{"@type":"WebSite","@id":"https:\/\/www.accuratereviews.com\/it\/#website","url":"https:\/\/www.accuratereviews.com\/it\/","name":"Accurate Reviews","description":"","potentialAction":[{"@type":"SearchAction","target":{"@type":"EntryPoint","urlTemplate":"https:\/\/www.accuratereviews.com\/it\/?s={search_term_string}"},"query-input":{"@type":"PropertyValueSpecification","valueRequired":true,"valueName":"search_term_string"}}],"inLanguage":"it-IT"}]}},"_links":{"self":[{"href":"https:\/\/www.accuratereviews.com\/it\/wp-json\/wp\/v2\/pages\/9213","targetHints":{"allow":["GET"]}}],"collection":[{"href":"https:\/\/www.accuratereviews.com\/it\/wp-json\/wp\/v2\/pages"}],"about":[{"href":"https:\/\/www.accuratereviews.com\/it\/wp-json\/wp\/v2\/types\/page"}],"author":[{"embeddable":true,"href":"https:\/\/www.accuratereviews.com\/it\/wp-json\/wp\/v2\/users\/16"}],"replies":[{"embeddable":true,"href":"https:\/\/www.accuratereviews.com\/it\/wp-json\/wp\/v2\/comments?post=9213"}],"version-history":[{"count":4,"href":"https:\/\/www.accuratereviews.com\/it\/wp-json\/wp\/v2\/pages\/9213\/revisions"}],"predecessor-version":[{"id":49772,"href":"https:\/\/www.accuratereviews.com\/it\/wp-json\/wp\/v2\/pages\/9213\/revisions\/49772"}],"up":[{"embeddable":true,"href":"https:\/\/www.accuratereviews.com\/it\/wp-json\/wp\/v2\/pages\/8849"}],"wp:attachment":[{"href":"https:\/\/www.accuratereviews.com\/it\/wp-json\/wp\/v2\/media?parent=9213"}],"wp:term":[{"taxonomy":"category","embeddable":true,"href":"https:\/\/www.accuratereviews.com\/it\/wp-json\/wp\/v2\/categories?post=9213"},{"taxonomy":"post_tag","embeddable":true,"href":"https:\/\/www.accuratereviews.com\/it\/wp-json\/wp\/v2\/tags?post=9213"},{"taxonomy":"features","embeddable":true,"href":"https:\/\/www.accuratereviews.com\/it\/wp-json\/wp\/v2\/features?post=9213"}],"curies":[{"name":"wp","href":"https:\/\/api.w.org\/{rel}","templated":true}]}}