{"id":92357,"date":"2025-06-12T15:36:12","date_gmt":"2025-06-12T15:36:12","guid":{"rendered":"https:\/\/www.accuratereviews.com\/?page_id=92357"},"modified":"2025-06-23T21:52:52","modified_gmt":"2025-06-23T21:52:52","slug":"event-staff-app-recensione","status":"publish","type":"page","link":"https:\/\/www.accuratereviews.com\/it\/programmi-gestione-turni-lavoro\/event-staff-app-recensione\/","title":{"rendered":"Event Staff App"},"content":{"rendered":"<p><strong>Event Staff App<\/strong> \u00e8 un&#8217;<strong>applicazione web e mobile<\/strong> pensata per gli organizzatori di eventi che desiderano semplificare l&#8217;assunzione del personale, la <strong>gestione dei turni di lavoro<\/strong> e le comunicazioni. Il suo punto forte \u00e8 la funzionalit\u00e0 di messaggistica, che consente agli organizzatori di gestire il personale dei loro prossimi eventi e assegnare compiti tramite sms ed email.<br \/>\nUna volta assegnati gli account, i membri dello staff possono accedere tramite browser o app per controllare i propri impegni e confermare la disponibilit\u00e0 in qualsiasi momento. L&#8217;applicazione conserva un registro dettagliato, ospitato sul <strong>cloud<\/strong>, di tutti i dati relativi a personale, clienti ed eventi, per un accesso centralizzato e la condivisione tra i reparti, riducendo il rischio di doppie prenotazioni o altri errori di pianificazione.<\/p>\n<h2>EVENT STAFF APP &#8211; TUTORIAL<\/h2>\n<div id=\"fluid-wrapper-counter-1\" class=\"g1-fluid-wrapper \" style=\"width:686px;\">\n<div style=\"padding-bottom:56.268221574344%;\"><iframe loading=\"lazy\" title=\"Intro to event staff scheduling software\" width=\"686\" height=\"386\" src=\"https:\/\/www.youtube.com\/embed\/_kTDoAaa0ZQ?feature=oembed&amp;wmode=transparent&amp;autohide=1&amp;autoplay=0&amp;disablekb=0&amp;fs=1&amp;loop=0&amp;enablejsapi=1&amp;rel=0&amp;controls=2&amp;showinfo=0&amp;wmode=transparent&amp;autohide=2&amp;autoplay=0&amp;disablekb=0&amp;fs=1&amp;loop=0&amp;enablejsapi=1&amp;rel=0&amp;controls=2&amp;showinfo=1\" frameborder=\"0\" allow=\"accelerometer; autoplay; clipboard-write; encrypted-media; gyroscope; picture-in-picture; web-share\" referrerpolicy=\"strict-origin-when-cross-origin\" allowfullscreen><\/iframe><\/div>\n<\/div>\n<h3>EVENT STAFF APP &#8211; CARATTERISTICHE<\/h3>\n<ul>\n<li><strong>Pianifica e gestisci il tuo staff:<\/strong> collabora con il tuo team per assicurarti che tutti siano dove devono essere. Tieni traccia di chi lavora a quale evento, sposta i turni di lavoro, scopri se devi aggiungere altre persone, controlla il monitoraggio del tempo e le timbrature e ottieni preziose esportazioni dei dati di cui hai bisogno.<\/li>\n<li><strong>Messaggi di testo<\/strong>: il modo migliore per raggiungere e coinvolgere il tuo staff.<\/li>\n<li><strong>Pagine dettagliate dell&#8217;evento<\/strong>: assicurati che tutti i dettagli per ogni evento siano comunicati correttamente a tutti i soggetti coinvolti.<\/li>\n<li><strong>Ospitato nel cloud<\/strong>: salva tutti i dati dei tuoi eventi e la soluzione li rende facilmente accessibili quando ne hai bisogno. Trova rapidamente le informazioni che ti servono in qualsiasi momento.<\/li>\n<li><strong>Compatibile con dispositivi mobili e laptop<\/strong>: il software \u00e8 progettato per tutti i tipi di schermo e tutti i dispositivi. Utilizzalo tramite il tuo browser web o tramite le app native Android e iOS.<\/li>\n<\/ul>\n<h4>LE RECENSIONI DEGLI UTENTI<\/h4>\n<p><strong>Carrie &#8220;L&#8217;app Event Staff semplifica il mio lavoro!&#8221;<\/strong><br \/>\n<strong>Commenti<\/strong>: Nel complesso, Event Staff App \u00e8 stata fantastica. Posso comunicare pi\u00f9 facilmente i dettagli dell&#8217;evento al mio staff. Il nostro referente, Christophe, \u00e8 sempre molto reattivo e aperto ad ascoltare i feedback. Apprezzo molto il fatto che, anche nel breve periodo in cui l&#8217;ho utilizzata (quasi 2 anni), sia cambiata cos\u00ec tanto, ma in un modo che la rende pi\u00f9 facile da usare. Poter creare i miei elenchi a discesa per i diversi campi dell&#8217;evento \u00e8 stato estremamente utile. Non vedo l&#8217;ora di continuare a integrare Event Staff App nella mia routine quotidiana per semplificare il mio lavoro e per garantire che il mio staff conosca tutti i dettagli, cos\u00ec come li ho io, per gli eventi con cui collaborano.<br \/>\n<strong>Pro<\/strong>: Mi piace il fatto che quando aggiorno un evento e lo salvo, l&#8217;aggiornamento venga inviato a tutto il personale che ho gi\u00e0 assegnato. Inoltre, posso inviare il mio programma in massa con la modalit\u00e0 di riepilogo giornaliero.<br \/>\n<strong>Contro<\/strong>: Non mi piace il fatto di non poter inviare eventi in massa al di fuori della modalit\u00e0 di riepilogo giornaliero. So che posso inviare inviti allo staff per ogni evento, ma non sono ancora riuscito a capire se posso inviare pi\u00f9 eventi senza dover attendere il riepilogo giornaliero.<\/p>\n<p><strong>Mike &#8220;Ottima app per il personale &#8211; 5 stelle&#8221;<\/strong><br \/>\n<strong>Commenti<\/strong>: \u00c8 un&#8217;ottima app a cui lo sviluppatore continua ad aggiungere funzionalit\u00e0. Abbiamo avuto bisogno di supporto solo in minima parte, ma le due o tre volte che li abbiamo contattati, la risposta \u00e8 stata rapida e ha risposto alla nostra domanda.<br \/>\n<strong>Pro<\/strong>: La nostra azienda utilizza ES da diversi anni e funziona alla perfezione. Partecipare agli eventi \u00e8 semplice e richiedere al personale di registrarsi per i turni disponibili \u00e8 ancora pi\u00f9 semplice. L&#8217;utilizzo di questa app ha ridotto il personale addetto agli eventi di oltre il 90%, consentendoci di concentrarci su altri aspetti dell&#8217;attivit\u00e0.<br \/>\n<strong>Contro<\/strong>: Non abbiamo lamentele da segnalare riguardo l&#8217;app.<\/p>\n<p><strong>Aime &#8220;Ottimo prodotto&#8221;<\/strong><br \/>\n<strong>Pro<\/strong>: \u00c8 un ottimo strumento di pianificazione, soprattutto con gruppi numerosi<br \/>\n<strong>Contro<\/strong>: Non \u00e8 proprio intuitivo per il personale, che si \u00e8 lamentato della sua inutilit\u00e0. A mio parere, \u00e8 stato un gioco da ragazzi.<\/p>\n","protected":false},"excerpt":{"rendered":"<p>Event Staff App \u00e8 un&#8217;applicazione web e mobile pensata per gli organizzatori di eventi che desiderano semplificare l&#8217;assunzione del personale, la gestione dei turni di lavoro e le comunicazioni. Il suo punto forte \u00e8 la funzionalit\u00e0 di messaggistica, che consente agli organizzatori di gestire il personale dei loro prossimi eventi e assegnare compiti tramite sms ed email.<\/p>\n","protected":false},"author":19,"featured_media":92358,"parent":87246,"menu_order":0,"comment_status":"open","ping_status":"closed","template":"g1_template_page_review_new.php","meta":{"_acf_changed":false,"cwp_meta_box_check":"No","cwp_rev_product_name":"","cwp_rev_product_image":"","wppr_links":[],"cwp_rev_price":"","wppr_options":[],"wppr_pros":[],"wppr_cons":[],"_monsterinsights_skip_tracking":false,"_monsterinsights_sitenote_active":false,"_monsterinsights_sitenote_note":"","_monsterinsights_sitenote_category":0,"footnotes":""},"categories":[16111],"tags":[16303,16300,16302,16301],"features":[],"class_list":{"0":"post-92357","1":"page","2":"type-page","3":"status-publish","4":"has-post-thumbnail","6":"category-programmi-per-turni-di-lavoro","7":"tag-piattaforma-turni-lavoro","8":"tag-programmi-turni-lavoro","9":"tag-software-turni-lavoro","10":"tag-turni-lavoro"},"wppr_data":{"cwp_meta_box_check":"No"},"acf":[],"yoast_head":"<!-- This site is optimized with the Yoast SEO plugin v27.4 - https:\/\/yoast.com\/product\/yoast-seo-wordpress\/ -->\n<title>Event Staff App: recensione programma turni di lavoro - Accurate Reviews<\/title>\n<meta name=\"description\" content=\"Event Staff App: recensione applicazione web e mobile pensata per semplificare l&#039;assunzione del personale e la gestione dei turni di lavoro.\" \/>\n<meta name=\"robots\" content=\"index, follow, max-snippet:-1, max-image-preview:large, max-video-preview:-1\" \/>\n<link rel=\"canonical\" href=\"https:\/\/www.accuratereviews.com\/it\/programmi-gestione-turni-lavoro\/event-staff-app-recensione\/\" \/>\n<meta property=\"og:locale\" content=\"it_IT\" \/>\n<meta property=\"og:type\" content=\"article\" \/>\n<meta property=\"og:title\" content=\"Event Staff App: recensione programma turni di lavoro - Accurate Reviews\" \/>\n<meta property=\"og:description\" content=\"Event Staff App: recensione applicazione web e mobile pensata per semplificare l&#039;assunzione del personale e la gestione dei turni di lavoro.\" \/>\n<meta property=\"og:url\" content=\"https:\/\/www.accuratereviews.com\/it\/programmi-gestione-turni-lavoro\/event-staff-app-recensione\/\" \/>\n<meta property=\"og:site_name\" content=\"Accurate Reviews\" \/>\n<meta property=\"article:modified_time\" content=\"2025-06-23T21:52:52+00:00\" \/>\n<meta property=\"og:image\" content=\"https:\/\/www.accuratereviews.com\/wp-content\/uploads\/2025\/06\/Event-Staff-App.png\" \/>\n\t<meta property=\"og:image:width\" content=\"512\" \/>\n\t<meta property=\"og:image:height\" content=\"512\" \/>\n\t<meta property=\"og:image:type\" content=\"image\/png\" \/>\n<meta name=\"twitter:card\" content=\"summary_large_image\" \/>\n<meta name=\"twitter:label1\" content=\"Tempo di lettura stimato\" \/>\n\t<meta name=\"twitter:data1\" content=\"5 minuti\" \/>\n<script type=\"application\/ld+json\" class=\"yoast-schema-graph\">{\"@context\":\"https:\\\/\\\/schema.org\",\"@graph\":[{\"@type\":\"WebPage\",\"@id\":\"https:\\\/\\\/www.accuratereviews.com\\\/it\\\/programmi-gestione-turni-lavoro\\\/event-staff-app-recensione\\\/\",\"url\":\"https:\\\/\\\/www.accuratereviews.com\\\/it\\\/programmi-gestione-turni-lavoro\\\/event-staff-app-recensione\\\/\",\"name\":\"Event Staff App: recensione programma turni di lavoro - Accurate Reviews\",\"isPartOf\":{\"@id\":\"https:\\\/\\\/www.accuratereviews.com\\\/it\\\/#website\"},\"primaryImageOfPage\":{\"@id\":\"https:\\\/\\\/www.accuratereviews.com\\\/it\\\/programmi-gestione-turni-lavoro\\\/event-staff-app-recensione\\\/#primaryimage\"},\"image\":{\"@id\":\"https:\\\/\\\/www.accuratereviews.com\\\/it\\\/programmi-gestione-turni-lavoro\\\/event-staff-app-recensione\\\/#primaryimage\"},\"thumbnailUrl\":\"https:\\\/\\\/www.accuratereviews.com\\\/wp-content\\\/uploads\\\/2025\\\/06\\\/Event-Staff-App.png\",\"datePublished\":\"2025-06-12T15:36:12+00:00\",\"dateModified\":\"2025-06-23T21:52:52+00:00\",\"description\":\"Event Staff App: recensione applicazione web e mobile pensata per semplificare l'assunzione del personale e la gestione dei turni di lavoro.\",\"breadcrumb\":{\"@id\":\"https:\\\/\\\/www.accuratereviews.com\\\/it\\\/programmi-gestione-turni-lavoro\\\/event-staff-app-recensione\\\/#breadcrumb\"},\"inLanguage\":\"it-IT\",\"potentialAction\":[{\"@type\":\"ReadAction\",\"target\":[\"https:\\\/\\\/www.accuratereviews.com\\\/it\\\/programmi-gestione-turni-lavoro\\\/event-staff-app-recensione\\\/\"]}]},{\"@type\":\"ImageObject\",\"inLanguage\":\"it-IT\",\"@id\":\"https:\\\/\\\/www.accuratereviews.com\\\/it\\\/programmi-gestione-turni-lavoro\\\/event-staff-app-recensione\\\/#primaryimage\",\"url\":\"https:\\\/\\\/www.accuratereviews.com\\\/wp-content\\\/uploads\\\/2025\\\/06\\\/Event-Staff-App.png\",\"contentUrl\":\"https:\\\/\\\/www.accuratereviews.com\\\/wp-content\\\/uploads\\\/2025\\\/06\\\/Event-Staff-App.png\",\"width\":512,\"height\":512},{\"@type\":\"BreadcrumbList\",\"@id\":\"https:\\\/\\\/www.accuratereviews.com\\\/it\\\/programmi-gestione-turni-lavoro\\\/event-staff-app-recensione\\\/#breadcrumb\",\"itemListElement\":[{\"@type\":\"ListItem\",\"position\":1,\"name\":\"Home\",\"item\":\"https:\\\/\\\/www.accuratereviews.com\\\/it\\\/\"},{\"@type\":\"ListItem\",\"position\":2,\"name\":\"Programmi per turni di lavoro\",\"item\":\"https:\\\/\\\/www.accuratereviews.com\\\/it\\\/programmi-gestione-turni-lavoro\\\/\"},{\"@type\":\"ListItem\",\"position\":3,\"name\":\"Event Staff App\"}]},{\"@type\":\"WebSite\",\"@id\":\"https:\\\/\\\/www.accuratereviews.com\\\/it\\\/#website\",\"url\":\"https:\\\/\\\/www.accuratereviews.com\\\/it\\\/\",\"name\":\"Accurate Reviews\",\"description\":\"\",\"potentialAction\":[{\"@type\":\"SearchAction\",\"target\":{\"@type\":\"EntryPoint\",\"urlTemplate\":\"https:\\\/\\\/www.accuratereviews.com\\\/it\\\/?s={search_term_string}\"},\"query-input\":{\"@type\":\"PropertyValueSpecification\",\"valueRequired\":true,\"valueName\":\"search_term_string\"}}],\"inLanguage\":\"it-IT\"}]}<\/script>\n<!-- \/ Yoast SEO plugin. -->","yoast_head_json":{"title":"Event Staff App: recensione programma turni di lavoro - Accurate Reviews","description":"Event Staff App: recensione applicazione web e mobile pensata per semplificare l'assunzione del personale e la gestione dei turni di lavoro.","robots":{"index":"index","follow":"follow","max-snippet":"max-snippet:-1","max-image-preview":"max-image-preview:large","max-video-preview":"max-video-preview:-1"},"canonical":"https:\/\/www.accuratereviews.com\/it\/programmi-gestione-turni-lavoro\/event-staff-app-recensione\/","og_locale":"it_IT","og_type":"article","og_title":"Event Staff App: recensione programma turni di lavoro - Accurate Reviews","og_description":"Event Staff App: recensione applicazione web e mobile pensata per semplificare l'assunzione del personale e la gestione dei turni di lavoro.","og_url":"https:\/\/www.accuratereviews.com\/it\/programmi-gestione-turni-lavoro\/event-staff-app-recensione\/","og_site_name":"Accurate Reviews","article_modified_time":"2025-06-23T21:52:52+00:00","og_image":[{"width":512,"height":512,"url":"https:\/\/www.accuratereviews.com\/wp-content\/uploads\/2025\/06\/Event-Staff-App.png","type":"image\/png"}],"twitter_card":"summary_large_image","twitter_misc":{"Tempo di lettura stimato":"5 minuti"},"schema":{"@context":"https:\/\/schema.org","@graph":[{"@type":"WebPage","@id":"https:\/\/www.accuratereviews.com\/it\/programmi-gestione-turni-lavoro\/event-staff-app-recensione\/","url":"https:\/\/www.accuratereviews.com\/it\/programmi-gestione-turni-lavoro\/event-staff-app-recensione\/","name":"Event Staff App: recensione programma turni di lavoro - Accurate Reviews","isPartOf":{"@id":"https:\/\/www.accuratereviews.com\/it\/#website"},"primaryImageOfPage":{"@id":"https:\/\/www.accuratereviews.com\/it\/programmi-gestione-turni-lavoro\/event-staff-app-recensione\/#primaryimage"},"image":{"@id":"https:\/\/www.accuratereviews.com\/it\/programmi-gestione-turni-lavoro\/event-staff-app-recensione\/#primaryimage"},"thumbnailUrl":"https:\/\/www.accuratereviews.com\/wp-content\/uploads\/2025\/06\/Event-Staff-App.png","datePublished":"2025-06-12T15:36:12+00:00","dateModified":"2025-06-23T21:52:52+00:00","description":"Event Staff App: recensione applicazione web e mobile pensata per semplificare l'assunzione del personale e la gestione dei turni di lavoro.","breadcrumb":{"@id":"https:\/\/www.accuratereviews.com\/it\/programmi-gestione-turni-lavoro\/event-staff-app-recensione\/#breadcrumb"},"inLanguage":"it-IT","potentialAction":[{"@type":"ReadAction","target":["https:\/\/www.accuratereviews.com\/it\/programmi-gestione-turni-lavoro\/event-staff-app-recensione\/"]}]},{"@type":"ImageObject","inLanguage":"it-IT","@id":"https:\/\/www.accuratereviews.com\/it\/programmi-gestione-turni-lavoro\/event-staff-app-recensione\/#primaryimage","url":"https:\/\/www.accuratereviews.com\/wp-content\/uploads\/2025\/06\/Event-Staff-App.png","contentUrl":"https:\/\/www.accuratereviews.com\/wp-content\/uploads\/2025\/06\/Event-Staff-App.png","width":512,"height":512},{"@type":"BreadcrumbList","@id":"https:\/\/www.accuratereviews.com\/it\/programmi-gestione-turni-lavoro\/event-staff-app-recensione\/#breadcrumb","itemListElement":[{"@type":"ListItem","position":1,"name":"Home","item":"https:\/\/www.accuratereviews.com\/it\/"},{"@type":"ListItem","position":2,"name":"Programmi per turni di lavoro","item":"https:\/\/www.accuratereviews.com\/it\/programmi-gestione-turni-lavoro\/"},{"@type":"ListItem","position":3,"name":"Event Staff App"}]},{"@type":"WebSite","@id":"https:\/\/www.accuratereviews.com\/it\/#website","url":"https:\/\/www.accuratereviews.com\/it\/","name":"Accurate Reviews","description":"","potentialAction":[{"@type":"SearchAction","target":{"@type":"EntryPoint","urlTemplate":"https:\/\/www.accuratereviews.com\/it\/?s={search_term_string}"},"query-input":{"@type":"PropertyValueSpecification","valueRequired":true,"valueName":"search_term_string"}}],"inLanguage":"it-IT"}]}},"_links":{"self":[{"href":"https:\/\/www.accuratereviews.com\/it\/wp-json\/wp\/v2\/pages\/92357","targetHints":{"allow":["GET"]}}],"collection":[{"href":"https:\/\/www.accuratereviews.com\/it\/wp-json\/wp\/v2\/pages"}],"about":[{"href":"https:\/\/www.accuratereviews.com\/it\/wp-json\/wp\/v2\/types\/page"}],"author":[{"embeddable":true,"href":"https:\/\/www.accuratereviews.com\/it\/wp-json\/wp\/v2\/users\/19"}],"replies":[{"embeddable":true,"href":"https:\/\/www.accuratereviews.com\/it\/wp-json\/wp\/v2\/comments?post=92357"}],"version-history":[{"count":8,"href":"https:\/\/www.accuratereviews.com\/it\/wp-json\/wp\/v2\/pages\/92357\/revisions"}],"predecessor-version":[{"id":92761,"href":"https:\/\/www.accuratereviews.com\/it\/wp-json\/wp\/v2\/pages\/92357\/revisions\/92761"}],"up":[{"embeddable":true,"href":"https:\/\/www.accuratereviews.com\/it\/wp-json\/wp\/v2\/pages\/87246"}],"wp:featuredmedia":[{"embeddable":true,"href":"https:\/\/www.accuratereviews.com\/it\/wp-json\/wp\/v2\/media\/92358"}],"wp:attachment":[{"href":"https:\/\/www.accuratereviews.com\/it\/wp-json\/wp\/v2\/media?parent=92357"}],"wp:term":[{"taxonomy":"category","embeddable":true,"href":"https:\/\/www.accuratereviews.com\/it\/wp-json\/wp\/v2\/categories?post=92357"},{"taxonomy":"post_tag","embeddable":true,"href":"https:\/\/www.accuratereviews.com\/it\/wp-json\/wp\/v2\/tags?post=92357"},{"taxonomy":"features","embeddable":true,"href":"https:\/\/www.accuratereviews.com\/it\/wp-json\/wp\/v2\/features?post=92357"}],"curies":[{"name":"wp","href":"https:\/\/api.w.org\/{rel}","templated":true}]}}