{"id":9241,"date":"2017-05-03T09:00:19","date_gmt":"2017-05-03T09:00:19","guid":{"rendered":"http:\/\/www.accuratereviews.com\/chat-i-migliori-im-lista\/hipchat\/"},"modified":"2017-05-03T12:26:35","modified_gmt":"2017-05-03T12:26:35","slug":"hipchat","status":"publish","type":"page","link":"https:\/\/www.accuratereviews.com\/it\/chat-i-migliori-im-lista\/hipchat\/","title":{"rendered":"HipChat"},"content":{"rendered":"<p><img loading=\"lazy\" decoding=\"async\" class=\"alignnone size-full wp-image-9220\" src=\"http:\/\/www.accuratereviews.com\/wp-content\/uploads\/2017\/05\/HipChat-1.png\" alt=\"HipChat\" width=\"2101\" height=\"1294\" srcset=\"https:\/\/www.accuratereviews.com\/wp-content\/uploads\/2017\/05\/HipChat-1.png 2101w, https:\/\/www.accuratereviews.com\/wp-content\/uploads\/2017\/05\/HipChat-1-300x185.png 300w, https:\/\/www.accuratereviews.com\/wp-content\/uploads\/2017\/05\/HipChat-1-768x473.png 768w, https:\/\/www.accuratereviews.com\/wp-content\/uploads\/2017\/05\/HipChat-1-1024x631.png 1024w, https:\/\/www.accuratereviews.com\/wp-content\/uploads\/2017\/05\/HipChat-1-203x125.png 203w, https:\/\/www.accuratereviews.com\/wp-content\/uploads\/2017\/05\/HipChat-1-50x31.png 50w, https:\/\/www.accuratereviews.com\/wp-content\/uploads\/2017\/05\/HipChat-1-968x596.png 968w, https:\/\/www.accuratereviews.com\/wp-content\/uploads\/2017\/05\/HipChat-1-636x392.png 636w, https:\/\/www.accuratereviews.com\/wp-content\/uploads\/2017\/05\/HipChat-1-320x197.png 320w, https:\/\/www.accuratereviews.com\/wp-content\/uploads\/2017\/05\/HipChat-1-239x147.png 239w\" sizes=\"auto, (max-width: 2101px) 100vw, 2101px\" \/><\/p>\n<p>C&#8217;\u00e8 stato un tempo in cui i <strong>servizi per l&#8217;instant messaging<\/strong> erano di una semplicit\u00e0 estrema. Nel periodo in cui la bolla di internet stava per esplodere dopo il suo periodo pi\u00f9 fulgente, tra colleghi bastava un semplice ICQ (che nostalgia!) per comunicare da un ufficio all&#8217;altro. Il &#8220;bong&#8221; del messaggio ricevuto \u00e8 un suono diventato riconoscibile a tutta una serie di generazioni ancora prima del 2000.<\/p>\n<p>Attualmente, per comunicare tra team e tra colleghi vicini e lontani si utilizzano sistemi decisamente pi\u00f9 completi e complessi, anche dal punto di vista della sicurezza, grazie ad API e funzionalit\u00e0 avanzate che trasformano un semplice sistema di instant messaging e chat in un hub completo per la gestione virtuale dei rapporti, con tanto di assegnamento dei progetti e monitoraggio dei progressi nei casi pi\u00f9 avanzati.<\/p>\n<p><strong>HipChat non offre qualcosa di cos\u00ec avanzato<\/strong>, poich\u00e9 lo fa gi\u00e0 Confluence, altro prodotto della stessa software house Altassian. Non \u00e8 totalmente paragonabile neanche a <a href=\"https:\/\/www.accuratereviews.com\/it\/chat-i-migliori-im-lista\/slack\/\" target=\"_blank\">Slack<\/a>, nonostante possa fungere da alternativa pi\u00f9 economica. HipChat focalizza tutte le proprie capacit\u00e0 sullo scambio di messaggi, senza troppi giri di parole. Come WhatsApp, <strong>permette di creare gruppi di discussione privati facilmente gestibili<\/strong>.<\/p>\n<p><img loading=\"lazy\" decoding=\"async\" class=\"alignnone size-full wp-image-9221\" src=\"http:\/\/www.accuratereviews.com\/wp-content\/uploads\/2017\/05\/hipchat_2.jpg\" alt=\"HipChat\" width=\"1126\" height=\"610\" srcset=\"https:\/\/www.accuratereviews.com\/wp-content\/uploads\/2017\/05\/hipchat_2.jpg 1126w, https:\/\/www.accuratereviews.com\/wp-content\/uploads\/2017\/05\/hipchat_2-300x163.jpg 300w, https:\/\/www.accuratereviews.com\/wp-content\/uploads\/2017\/05\/hipchat_2-768x416.jpg 768w, https:\/\/www.accuratereviews.com\/wp-content\/uploads\/2017\/05\/hipchat_2-1024x555.jpg 1024w, https:\/\/www.accuratereviews.com\/wp-content\/uploads\/2017\/05\/hipchat_2-231x125.jpg 231w, https:\/\/www.accuratereviews.com\/wp-content\/uploads\/2017\/05\/hipchat_2-50x27.jpg 50w, https:\/\/www.accuratereviews.com\/wp-content\/uploads\/2017\/05\/hipchat_2-968x524.jpg 968w, https:\/\/www.accuratereviews.com\/wp-content\/uploads\/2017\/05\/hipchat_2-636x345.jpg 636w, https:\/\/www.accuratereviews.com\/wp-content\/uploads\/2017\/05\/hipchat_2-320x173.jpg 320w, https:\/\/www.accuratereviews.com\/wp-content\/uploads\/2017\/05\/hipchat_2-239x129.jpg 239w\" sizes=\"auto, (max-width: 1126px) 100vw, 1126px\" \/><\/p>\n<p>Per citare qualcuno in una discussione possiamo utilizzare il sistema <em>@[nome]<\/em> in stile Twitter e come su tante vecchie chat di una volta. Possono accompagnare i nostri messaggi un <strong>buon numero di emoji e di gif animate<\/strong>, perfette da utilizzare col collega con cui vi sentite in confidenza e con il quale vi scambiate quintali di meme. \u00c8 inoltre <strong>possibile condividere file<\/strong> semplicemente trascinandoli nella finestra di nostro interesse direttamente dal desktop, da una email o dal cloud. Se lo gradite potete personalizzare l&#8217;aspetto e alcune funzionalit\u00e0 della piattaforma.<\/p>\n<p>Una feature interessante \u00e8 quella che permette di <strong>aggiungere ospiti in chat sicure<\/strong>. I gruppi possono quindi accogliere anche clienti, collaboratori occasionali, acquirenti e chi desiderate, facilitando le discussioni riguardo a un preciso progetto. Tutte queste funzionalit\u00e0 sono incluse nella <strong>versione gratuita<\/strong>, ma <strong>aggiungendo 2 dollari al mese<\/strong> per utente \u00e8 possibile utilizzare anche: chat video di gruppo, la condivisione dello schermo con fino a 20 persone, condivisione dei file e storage illimitati, storico dei messaggi illimitato e molte altre feature pi\u00f9 avanzate. Diventano cos\u00ec semplici le <strong>presentazioni a distanza e la gestione di team sparsi per il mondo<\/strong>.<\/p>\n<p><strong>HipChat funziona su diverse piattaforme<\/strong>: Windows, Linux, macOS, Android e iOS. Rende cos\u00ec semplice la discussione su qualsiasi dispositivo vi sia comodo al momento. A quanto pare l&#8217;indicatore di chi \u00e8 online non \u00e8 sempre affidabilissimo, ma non \u00e8 certo un reale problema. <strong>HipChat \u00e8 un instant messanger con un ottimo rapporto qualit\u00e0\/prezzo<\/strong>.<\/p>\n","protected":false},"excerpt":{"rendered":"<p>C&#8217;\u00e8 stato un tempo in cui i servizi per l&#8217;instant messaging erano di una semplicit\u00e0 estrema. Nel periodo in cui la bolla di internet stava per esplodere dopo il suo periodo pi\u00f9 fulgente, tra colleghi bastava un semplice ICQ (che nostalgia!) per comunicare da un ufficio all&#8217;altro. Il &#8220;bong&#8221; del messaggio ricevuto \u00e8 un suono diventato riconoscibile a tutta una serie di generazioni ancora prima del 2000. <\/p>\n","protected":false},"author":16,"featured_media":0,"parent":5386,"menu_order":0,"comment_status":"open","ping_status":"closed","template":"g1_template_page_review_new.php","meta":{"_acf_changed":false,"cwp_meta_box_check":"Yes","cwp_rev_product_name":"","cwp_rev_product_image":"","wppr_links":[],"cwp_rev_price":"","wppr_options":[],"wppr_pros":[],"wppr_cons":[],"_monsterinsights_skip_tracking":false,"_monsterinsights_sitenote_active":false,"_monsterinsights_sitenote_note":"","_monsterinsights_sitenote_category":0,"footnotes":""},"categories":[95],"tags":[],"features":[],"class_list":{"0":"post-9241","1":"page","2":"type-page","3":"status-publish","5":"category-chat-im"},"wppr_data":{"cwp_meta_box_check":"Yes","cwp_rev_product_name":"","cwp_rev_product_image":"","cwp_image_link":"image","cwp_rev_price":"","wppr_rating":"0.00"},"acf":[],"yoast_head":"<!-- This site is optimized with the Yoast SEO plugin v27.4 - https:\/\/yoast.com\/product\/yoast-seo-wordpress\/ -->\n<title>HipChat | Recensione migliori software per chat e IM | Accurate Reviews<\/title>\n<meta name=\"description\" content=\"HipChat \u00e8 uno strumento di instant messaging per comunicare tra team economico e dotato di funzionalit\u00e0 base, ma adatte alle esigenze di qualsiasi utente.\" \/>\n<meta name=\"robots\" content=\"index, follow, max-snippet:-1, max-image-preview:large, max-video-preview:-1\" \/>\n<link rel=\"canonical\" href=\"https:\/\/www.accuratereviews.com\/it\/chat-i-migliori-im-lista\/hipchat\/\" \/>\n<meta property=\"og:locale\" content=\"it_IT\" \/>\n<meta property=\"og:type\" content=\"article\" \/>\n<meta property=\"og:title\" content=\"HipChat | Recensione migliori software per chat e IM | Accurate Reviews\" \/>\n<meta property=\"og:description\" content=\"HipChat \u00e8 uno strumento di instant messaging per comunicare tra team economico e dotato di funzionalit\u00e0 base, ma adatte alle esigenze di qualsiasi utente.\" \/>\n<meta property=\"og:url\" content=\"https:\/\/www.accuratereviews.com\/it\/chat-i-migliori-im-lista\/hipchat\/\" \/>\n<meta property=\"og:site_name\" content=\"Accurate Reviews\" \/>\n<meta property=\"article:modified_time\" content=\"2017-05-03T12:26:35+00:00\" \/>\n<meta property=\"og:image\" content=\"http:\/\/www.accuratereviews.com\/wp-content\/uploads\/2017\/05\/HipChat-1.png\" \/>\n<meta name=\"twitter:card\" content=\"summary_large_image\" \/>\n<meta name=\"twitter:label1\" content=\"Tempo di lettura stimato\" \/>\n\t<meta name=\"twitter:data1\" content=\"2 minuti\" \/>\n<script type=\"application\/ld+json\" class=\"yoast-schema-graph\">{\"@context\":\"https:\\\/\\\/schema.org\",\"@graph\":[{\"@type\":\"WebPage\",\"@id\":\"https:\\\/\\\/www.accuratereviews.com\\\/it\\\/chat-i-migliori-im-lista\\\/hipchat\\\/\",\"url\":\"https:\\\/\\\/www.accuratereviews.com\\\/it\\\/chat-i-migliori-im-lista\\\/hipchat\\\/\",\"name\":\"HipChat | Recensione migliori software per chat e IM | Accurate Reviews\",\"isPartOf\":{\"@id\":\"https:\\\/\\\/www.accuratereviews.com\\\/it\\\/#website\"},\"primaryImageOfPage\":{\"@id\":\"https:\\\/\\\/www.accuratereviews.com\\\/it\\\/chat-i-migliori-im-lista\\\/hipchat\\\/#primaryimage\"},\"image\":{\"@id\":\"https:\\\/\\\/www.accuratereviews.com\\\/it\\\/chat-i-migliori-im-lista\\\/hipchat\\\/#primaryimage\"},\"thumbnailUrl\":\"http:\\\/\\\/www.accuratereviews.com\\\/wp-content\\\/uploads\\\/2017\\\/05\\\/HipChat-1.png\",\"datePublished\":\"2017-05-03T09:00:19+00:00\",\"dateModified\":\"2017-05-03T12:26:35+00:00\",\"description\":\"HipChat \u00e8 uno strumento di instant messaging per comunicare tra team economico e dotato di funzionalit\u00e0 base, ma adatte alle esigenze di qualsiasi utente.\",\"breadcrumb\":{\"@id\":\"https:\\\/\\\/www.accuratereviews.com\\\/it\\\/chat-i-migliori-im-lista\\\/hipchat\\\/#breadcrumb\"},\"inLanguage\":\"it-IT\",\"potentialAction\":[{\"@type\":\"ReadAction\",\"target\":[\"https:\\\/\\\/www.accuratereviews.com\\\/it\\\/chat-i-migliori-im-lista\\\/hipchat\\\/\"]}]},{\"@type\":\"ImageObject\",\"inLanguage\":\"it-IT\",\"@id\":\"https:\\\/\\\/www.accuratereviews.com\\\/it\\\/chat-i-migliori-im-lista\\\/hipchat\\\/#primaryimage\",\"url\":\"http:\\\/\\\/www.accuratereviews.com\\\/wp-content\\\/uploads\\\/2017\\\/05\\\/HipChat-1.png\",\"contentUrl\":\"http:\\\/\\\/www.accuratereviews.com\\\/wp-content\\\/uploads\\\/2017\\\/05\\\/HipChat-1.png\"},{\"@type\":\"BreadcrumbList\",\"@id\":\"https:\\\/\\\/www.accuratereviews.com\\\/it\\\/chat-i-migliori-im-lista\\\/hipchat\\\/#breadcrumb\",\"itemListElement\":[{\"@type\":\"ListItem\",\"position\":1,\"name\":\"Home\",\"item\":\"https:\\\/\\\/www.accuratereviews.com\\\/it\\\/\"},{\"@type\":\"ListItem\",\"position\":2,\"name\":\"Chat: I migliori IM\",\"item\":\"https:\\\/\\\/www.accuratereviews.com\\\/it\\\/chat-i-migliori-im-lista\\\/\"},{\"@type\":\"ListItem\",\"position\":3,\"name\":\"HipChat\"}]},{\"@type\":\"WebSite\",\"@id\":\"https:\\\/\\\/www.accuratereviews.com\\\/it\\\/#website\",\"url\":\"https:\\\/\\\/www.accuratereviews.com\\\/it\\\/\",\"name\":\"Accurate Reviews\",\"description\":\"\",\"potentialAction\":[{\"@type\":\"SearchAction\",\"target\":{\"@type\":\"EntryPoint\",\"urlTemplate\":\"https:\\\/\\\/www.accuratereviews.com\\\/it\\\/?s={search_term_string}\"},\"query-input\":{\"@type\":\"PropertyValueSpecification\",\"valueRequired\":true,\"valueName\":\"search_term_string\"}}],\"inLanguage\":\"it-IT\"}]}<\/script>\n<!-- \/ Yoast SEO plugin. -->","yoast_head_json":{"title":"HipChat | Recensione migliori software per chat e IM | Accurate Reviews","description":"HipChat \u00e8 uno strumento di instant messaging per comunicare tra team economico e dotato di funzionalit\u00e0 base, ma adatte alle esigenze di qualsiasi utente.","robots":{"index":"index","follow":"follow","max-snippet":"max-snippet:-1","max-image-preview":"max-image-preview:large","max-video-preview":"max-video-preview:-1"},"canonical":"https:\/\/www.accuratereviews.com\/it\/chat-i-migliori-im-lista\/hipchat\/","og_locale":"it_IT","og_type":"article","og_title":"HipChat | Recensione migliori software per chat e IM | Accurate Reviews","og_description":"HipChat \u00e8 uno strumento di instant messaging per comunicare tra team economico e dotato di funzionalit\u00e0 base, ma adatte alle esigenze di qualsiasi utente.","og_url":"https:\/\/www.accuratereviews.com\/it\/chat-i-migliori-im-lista\/hipchat\/","og_site_name":"Accurate Reviews","article_modified_time":"2017-05-03T12:26:35+00:00","og_image":[{"url":"http:\/\/www.accuratereviews.com\/wp-content\/uploads\/2017\/05\/HipChat-1.png","type":"","width":"","height":""}],"twitter_card":"summary_large_image","twitter_misc":{"Tempo di lettura stimato":"2 minuti"},"schema":{"@context":"https:\/\/schema.org","@graph":[{"@type":"WebPage","@id":"https:\/\/www.accuratereviews.com\/it\/chat-i-migliori-im-lista\/hipchat\/","url":"https:\/\/www.accuratereviews.com\/it\/chat-i-migliori-im-lista\/hipchat\/","name":"HipChat | Recensione migliori software per chat e IM | Accurate Reviews","isPartOf":{"@id":"https:\/\/www.accuratereviews.com\/it\/#website"},"primaryImageOfPage":{"@id":"https:\/\/www.accuratereviews.com\/it\/chat-i-migliori-im-lista\/hipchat\/#primaryimage"},"image":{"@id":"https:\/\/www.accuratereviews.com\/it\/chat-i-migliori-im-lista\/hipchat\/#primaryimage"},"thumbnailUrl":"http:\/\/www.accuratereviews.com\/wp-content\/uploads\/2017\/05\/HipChat-1.png","datePublished":"2017-05-03T09:00:19+00:00","dateModified":"2017-05-03T12:26:35+00:00","description":"HipChat \u00e8 uno strumento di instant messaging per comunicare tra team economico e dotato di funzionalit\u00e0 base, ma adatte alle esigenze di qualsiasi utente.","breadcrumb":{"@id":"https:\/\/www.accuratereviews.com\/it\/chat-i-migliori-im-lista\/hipchat\/#breadcrumb"},"inLanguage":"it-IT","potentialAction":[{"@type":"ReadAction","target":["https:\/\/www.accuratereviews.com\/it\/chat-i-migliori-im-lista\/hipchat\/"]}]},{"@type":"ImageObject","inLanguage":"it-IT","@id":"https:\/\/www.accuratereviews.com\/it\/chat-i-migliori-im-lista\/hipchat\/#primaryimage","url":"http:\/\/www.accuratereviews.com\/wp-content\/uploads\/2017\/05\/HipChat-1.png","contentUrl":"http:\/\/www.accuratereviews.com\/wp-content\/uploads\/2017\/05\/HipChat-1.png"},{"@type":"BreadcrumbList","@id":"https:\/\/www.accuratereviews.com\/it\/chat-i-migliori-im-lista\/hipchat\/#breadcrumb","itemListElement":[{"@type":"ListItem","position":1,"name":"Home","item":"https:\/\/www.accuratereviews.com\/it\/"},{"@type":"ListItem","position":2,"name":"Chat: I migliori IM","item":"https:\/\/www.accuratereviews.com\/it\/chat-i-migliori-im-lista\/"},{"@type":"ListItem","position":3,"name":"HipChat"}]},{"@type":"WebSite","@id":"https:\/\/www.accuratereviews.com\/it\/#website","url":"https:\/\/www.accuratereviews.com\/it\/","name":"Accurate Reviews","description":"","potentialAction":[{"@type":"SearchAction","target":{"@type":"EntryPoint","urlTemplate":"https:\/\/www.accuratereviews.com\/it\/?s={search_term_string}"},"query-input":{"@type":"PropertyValueSpecification","valueRequired":true,"valueName":"search_term_string"}}],"inLanguage":"it-IT"}]}},"_links":{"self":[{"href":"https:\/\/www.accuratereviews.com\/it\/wp-json\/wp\/v2\/pages\/9241","targetHints":{"allow":["GET"]}}],"collection":[{"href":"https:\/\/www.accuratereviews.com\/it\/wp-json\/wp\/v2\/pages"}],"about":[{"href":"https:\/\/www.accuratereviews.com\/it\/wp-json\/wp\/v2\/types\/page"}],"author":[{"embeddable":true,"href":"https:\/\/www.accuratereviews.com\/it\/wp-json\/wp\/v2\/users\/16"}],"replies":[{"embeddable":true,"href":"https:\/\/www.accuratereviews.com\/it\/wp-json\/wp\/v2\/comments?post=9241"}],"version-history":[{"count":5,"href":"https:\/\/www.accuratereviews.com\/it\/wp-json\/wp\/v2\/pages\/9241\/revisions"}],"predecessor-version":[{"id":9276,"href":"https:\/\/www.accuratereviews.com\/it\/wp-json\/wp\/v2\/pages\/9241\/revisions\/9276"}],"up":[{"embeddable":true,"href":"https:\/\/www.accuratereviews.com\/it\/wp-json\/wp\/v2\/pages\/5386"}],"wp:attachment":[{"href":"https:\/\/www.accuratereviews.com\/it\/wp-json\/wp\/v2\/media?parent=9241"}],"wp:term":[{"taxonomy":"category","embeddable":true,"href":"https:\/\/www.accuratereviews.com\/it\/wp-json\/wp\/v2\/categories?post=9241"},{"taxonomy":"post_tag","embeddable":true,"href":"https:\/\/www.accuratereviews.com\/it\/wp-json\/wp\/v2\/tags?post=9241"},{"taxonomy":"features","embeddable":true,"href":"https:\/\/www.accuratereviews.com\/it\/wp-json\/wp\/v2\/features?post=9241"}],"curies":[{"name":"wp","href":"https:\/\/api.w.org\/{rel}","templated":true}]}}