{"id":92523,"date":"2025-06-17T15:14:33","date_gmt":"2025-06-17T15:14:33","guid":{"rendered":"https:\/\/www.accuratereviews.com\/?page_id=92523"},"modified":"2025-06-17T15:15:48","modified_gmt":"2025-06-17T15:15:48","slug":"tinq-recensione","status":"publish","type":"page","link":"https:\/\/www.accuratereviews.com\/it\/programmi-gestione-turni-lavoro\/tinq-recensione\/","title":{"rendered":"Tinq"},"content":{"rendered":"<p><strong>Tinq<\/strong> semplifica la<strong> rilevazione del tempo<\/strong> nei posti di lavori. Orari precisi, programmazione semplice e gestione efficiente dei permessi sono il loro punto forte. Grazie a funzionalit\u00e0 come tariffe multi-lavoro\/paga e tagging GPS, potrai usufruire di una gestione paghe senza problemi e in tutta sicurezza. Integra facilmente la rilevazione del tempo di <strong>Tinq<\/strong> nella tua azienda, con un utilizzo fluido su piattaforme web e mobile.<br \/>\n<strong>Tinq<\/strong> ti consente anche di gestire la fatturazione e la gestione progetti con semplicit\u00e0. Gestione Presenze, pianifica e monitora il tempo per dipendenti e collaboratori, monitora le ore dei dipendenti in base a pi\u00f9 mansioni, crea policy personalizzate per malattia e ferie. Gestione progetti dall&#8217;inizio alla fine, collabora e documenta note in tempo reale, crea visualizzazioni e report personalizzabili. Crea preventivi e fatture per l&#8217;approvazione e monitora i pagamenti.<\/p>\n<h2>TINQ &#8211; TUTORIAL<\/h2>\n<div id=\"fluid-wrapper-counter-1\" class=\"g1-fluid-wrapper \" style=\"width:686px;\">\n<div style=\"padding-bottom:56.268221574344%;\"><iframe loading=\"lazy\" title=\"Time &amp; Attendance in Tinq\" width=\"686\" height=\"386\" src=\"https:\/\/www.youtube.com\/embed\/JIAEugHL7Pw?feature=oembed&amp;wmode=transparent&amp;autohide=1&amp;autoplay=0&amp;disablekb=0&amp;fs=1&amp;loop=0&amp;enablejsapi=1&amp;rel=0&amp;controls=2&amp;showinfo=0&amp;wmode=transparent&amp;autohide=2&amp;autoplay=0&amp;disablekb=0&amp;fs=1&amp;loop=0&amp;enablejsapi=1&amp;rel=0&amp;controls=2&amp;showinfo=1\" frameborder=\"0\" allow=\"accelerometer; autoplay; clipboard-write; encrypted-media; gyroscope; picture-in-picture; web-share\" referrerpolicy=\"strict-origin-when-cross-origin\" allowfullscreen><\/iframe><\/div>\n<\/div>\n<h3>TINQ &#8211; CARATTERISTICHE<\/h3>\n<ul>\n<li>Rileva con precisione e sicurezza il tempo e riduci l&#8217;inserimento manuale delle presenze con le timbrature di ingresso e uscita per turni e pause. Registra orari e presenze con dati chiari su web, dispositivi mobili e Tinq Kiosk. Personalizza le impostazioni di monitoraggio del tempo dei dipendenti in base alle esigenze del tuo team. Crea autorizzazioni per consentire le timbrature da posizioni e dispositivi specifici con la funzione di geolocalizzazione e visualizza esattamente dove il tuo team timbra il cartellino con un geotag GPS.<\/li>\n<li>Crea un programma di lavoro senza sforzo trascinando, rilasciando, copiando e incollando. Ottieni la disponibilit\u00e0 dei dipendenti in tempo reale, analisi dei costi del lavoro e la comodit\u00e0 che dipendenti e manager possano abbandonare e cambiare i turni all&#8217;istante. Pianifica facilmente per utente, filiale, sede o reparto. Riduci le attivit\u00e0 noiose in pochi clic con la codifica a colori, i turni ricorrenti, i modelli e gli aggiornamenti in blocco.<\/li>\n<li>Collabora con i team di tutta l&#8217;azienda grazie allo strumento di gestione delle attivit\u00e0. Il tempo pu\u00f2 essere registrato per ogni singola attivit\u00e0 e calcolato automaticamente al completamento del lavoro. Ovunque ti porti la giornata, saprai esattamente quando e come i dipendenti lavorano alle attivit\u00e0 e definirai aspettative chiare per il completamento del progetto. Man mano che il lavoro viene assegnato, i membri del team possono creare etichette di stato personalizzate per condividere esattamente lo stato di avanzamento di ogni attivit\u00e0.<\/li>\n<li>Crea progetti con gruppi per diverse mansioni di progetto, aggiungi date di scadenza e categorizza chiaramente le attivit\u00e0 in base alle etichette di priorit\u00e0. Ogni attivit\u00e0 pu\u00f2 essere assegnata a pi\u00f9 membri del team con note dettagliate; tagga utenti specifici nel tuo messaggio per garantire che tutti ricevano la comunicazione appropriata. Gli aggiornamenti all&#8217;interno dei progetti verranno registrati in tempo reale, consentendo agli utenti di visualizzarli e filtrarli.<\/li>\n<li>Invia, rivedi e approva comodamente i permessi da qualsiasi luogo. Le richieste di permessi possono essere gestite immediatamente, con la possibilit\u00e0 di inviare, rivedere e approvare le richieste di ferie da applicazioni mobili e web. Personalizza le tipologie di permessi come permessi retribuiti, congedi di maternit\u00e0, giorni di malattia e festivit\u00e0 specifiche per Paese. Definisci tra permessi retribuiti e non retribuiti, mantenendo conformit\u00e0 e coerenza in pi\u00f9 sedi.<\/li>\n<\/ul>\n<h4>LE RECENSIONI DEGLI UTENTI<\/h4>\n<p><strong>Veronica &#8220;Adoro Tinq!&#8221;<\/strong><br \/>\n<strong>Commenti<\/strong>: Ho apprezzato molto la mia esperienza e sicuramente la condivider\u00f2 con altre aziende che stanno cercando questa piattaforma.<br \/>\n<strong>Pro<\/strong>: Ho adorato la facilit\u00e0 d&#8217;uso di Tinq! Non \u00e8 difficile da usare e ho adorato i wigit aggiuntivi! :)<br \/>\n<strong>Contro<\/strong>: Non c&#8217;\u00e8 niente che non mi piaccia, per un attimo non ha inviato le mie schede attivit\u00e0 al mio ufficio paghe, ma \u00e8 successo perch\u00e9 non ho utilizzato il link inviato da Tinq: ho creato il mio profilo.<\/p>\n<p><strong>Lisa &#8220;Recensione di Tinq&#8221;<\/strong><br \/>\n<strong>Commenti<\/strong>: \u00c8 stato un bel cambiamento. L&#8217;app mi piace molto.<br \/>\n<strong>Pro<\/strong>: Mi piace avere la possibilit\u00e0 di timbrare il cartellino direttamente dall&#8217;app. Lavoriamo nei servizi per i senzatetto e a volte dobbiamo lavorare sul campo, quindi \u00e8 facile timbrare il cartellino da qualsiasi luogo e il mio supervisore sa dove mi trovo quando timbro.<br \/>\n<strong>Contro<\/strong>: A volte ci far\u00e0 rimanere timbrati anche quando in precedenza avevamo timbrato l&#8217;uscita.<\/p>\n<p><strong>Carrie &#8220;Recensione di Tinq&#8221;<\/strong><br \/>\n<strong>Commenti<\/strong>: Tinq \u00e8 stato facile e comodo da usare.<br \/>\n<strong>Pro<\/strong>: Mi piace il fatto di poterlo usare quando sono sul campo e ho bisogno di pranzare.<br \/>\n<strong>Contro<\/strong>: Molto raramente non funzioner\u00e0 sul mio telefono.<\/p>\n","protected":false},"excerpt":{"rendered":"<p>Tinq semplifica la rilevazione del tempo nei posti di lavori. Orari precisi, programmazione semplice e gestione efficiente dei permessi sono i loro punti forti. Grazie a funzionalit\u00e0 come tariffe multi-lavoro\/paga e tagging GPS, potrai usufruire di una gestione paghe senza problemi e in tutta sicurezza.<\/p>\n","protected":false},"author":19,"featured_media":92524,"parent":87246,"menu_order":0,"comment_status":"open","ping_status":"closed","template":"g1_template_page_review_new.php","meta":{"_acf_changed":false,"cwp_meta_box_check":"No","cwp_rev_product_name":"","cwp_rev_product_image":"","wppr_links":[],"cwp_rev_price":"","wppr_options":[],"wppr_pros":[],"wppr_cons":[],"_monsterinsights_skip_tracking":false,"_monsterinsights_sitenote_active":false,"_monsterinsights_sitenote_note":"","_monsterinsights_sitenote_category":0,"footnotes":""},"categories":[16111],"tags":[16261,16116,16114,16123],"features":[],"class_list":{"0":"post-92523","1":"page","2":"type-page","3":"status-publish","4":"has-post-thumbnail","6":"category-programmi-per-turni-di-lavoro","7":"tag-app-per-turni-di-lavoro","8":"tag-piattaforma-per-turni-di-lavoro","9":"tag-software-per-turni-di-lavoro","10":"tag-turni-di-lavoro"},"wppr_data":{"cwp_meta_box_check":"No"},"acf":[],"yoast_head":"<!-- This site is optimized with the Yoast SEO plugin v27.4 - https:\/\/yoast.com\/product\/yoast-seo-wordpress\/ -->\n<title>Tinq: recensione software turni di lavoro - Accurate Reviews<\/title>\n<meta name=\"description\" content=\"Tinq: recensione programma per turni di lavori che semplifica la rilevazione del tempo nei posti di lavoro.\" \/>\n<meta name=\"robots\" content=\"index, follow, max-snippet:-1, max-image-preview:large, max-video-preview:-1\" \/>\n<link rel=\"canonical\" href=\"https:\/\/www.accuratereviews.com\/it\/programmi-gestione-turni-lavoro\/tinq-recensione\/\" \/>\n<meta property=\"og:locale\" content=\"it_IT\" \/>\n<meta property=\"og:type\" content=\"article\" \/>\n<meta property=\"og:title\" content=\"Tinq: recensione software turni di lavoro - Accurate Reviews\" \/>\n<meta property=\"og:description\" content=\"Tinq: recensione programma per turni di lavori che semplifica la rilevazione del tempo nei posti di lavoro.\" \/>\n<meta property=\"og:url\" content=\"https:\/\/www.accuratereviews.com\/it\/programmi-gestione-turni-lavoro\/tinq-recensione\/\" \/>\n<meta property=\"og:site_name\" content=\"Accurate Reviews\" \/>\n<meta property=\"article:modified_time\" content=\"2025-06-17T15:15:48+00:00\" \/>\n<meta name=\"twitter:card\" content=\"summary_large_image\" \/>\n<meta name=\"twitter:label1\" content=\"Tempo di lettura stimato\" \/>\n\t<meta name=\"twitter:data1\" content=\"5 minuti\" \/>\n<script type=\"application\/ld+json\" class=\"yoast-schema-graph\">{\"@context\":\"https:\\\/\\\/schema.org\",\"@graph\":[{\"@type\":\"WebPage\",\"@id\":\"https:\\\/\\\/www.accuratereviews.com\\\/it\\\/programmi-gestione-turni-lavoro\\\/tinq-recensione\\\/\",\"url\":\"https:\\\/\\\/www.accuratereviews.com\\\/it\\\/programmi-gestione-turni-lavoro\\\/tinq-recensione\\\/\",\"name\":\"Tinq: recensione software turni di lavoro - Accurate Reviews\",\"isPartOf\":{\"@id\":\"https:\\\/\\\/www.accuratereviews.com\\\/it\\\/#website\"},\"primaryImageOfPage\":{\"@id\":\"https:\\\/\\\/www.accuratereviews.com\\\/it\\\/programmi-gestione-turni-lavoro\\\/tinq-recensione\\\/#primaryimage\"},\"image\":{\"@id\":\"https:\\\/\\\/www.accuratereviews.com\\\/it\\\/programmi-gestione-turni-lavoro\\\/tinq-recensione\\\/#primaryimage\"},\"thumbnailUrl\":\"https:\\\/\\\/www.accuratereviews.com\\\/wp-content\\\/uploads\\\/2025\\\/06\\\/Tinq.avif\",\"datePublished\":\"2025-06-17T15:14:33+00:00\",\"dateModified\":\"2025-06-17T15:15:48+00:00\",\"description\":\"Tinq: recensione programma per turni di lavori che semplifica la rilevazione del tempo nei posti di lavoro.\",\"breadcrumb\":{\"@id\":\"https:\\\/\\\/www.accuratereviews.com\\\/it\\\/programmi-gestione-turni-lavoro\\\/tinq-recensione\\\/#breadcrumb\"},\"inLanguage\":\"it-IT\",\"potentialAction\":[{\"@type\":\"ReadAction\",\"target\":[\"https:\\\/\\\/www.accuratereviews.com\\\/it\\\/programmi-gestione-turni-lavoro\\\/tinq-recensione\\\/\"]}]},{\"@type\":\"ImageObject\",\"inLanguage\":\"it-IT\",\"@id\":\"https:\\\/\\\/www.accuratereviews.com\\\/it\\\/programmi-gestione-turni-lavoro\\\/tinq-recensione\\\/#primaryimage\",\"url\":\"https:\\\/\\\/www.accuratereviews.com\\\/wp-content\\\/uploads\\\/2025\\\/06\\\/Tinq.avif\",\"contentUrl\":\"https:\\\/\\\/www.accuratereviews.com\\\/wp-content\\\/uploads\\\/2025\\\/06\\\/Tinq.avif\",\"width\":240,\"height\":240},{\"@type\":\"BreadcrumbList\",\"@id\":\"https:\\\/\\\/www.accuratereviews.com\\\/it\\\/programmi-gestione-turni-lavoro\\\/tinq-recensione\\\/#breadcrumb\",\"itemListElement\":[{\"@type\":\"ListItem\",\"position\":1,\"name\":\"Home\",\"item\":\"https:\\\/\\\/www.accuratereviews.com\\\/it\\\/\"},{\"@type\":\"ListItem\",\"position\":2,\"name\":\"Programmi per turni di lavoro\",\"item\":\"https:\\\/\\\/www.accuratereviews.com\\\/it\\\/programmi-gestione-turni-lavoro\\\/\"},{\"@type\":\"ListItem\",\"position\":3,\"name\":\"Tinq\"}]},{\"@type\":\"WebSite\",\"@id\":\"https:\\\/\\\/www.accuratereviews.com\\\/it\\\/#website\",\"url\":\"https:\\\/\\\/www.accuratereviews.com\\\/it\\\/\",\"name\":\"Accurate Reviews\",\"description\":\"\",\"potentialAction\":[{\"@type\":\"SearchAction\",\"target\":{\"@type\":\"EntryPoint\",\"urlTemplate\":\"https:\\\/\\\/www.accuratereviews.com\\\/it\\\/?s={search_term_string}\"},\"query-input\":{\"@type\":\"PropertyValueSpecification\",\"valueRequired\":true,\"valueName\":\"search_term_string\"}}],\"inLanguage\":\"it-IT\"}]}<\/script>\n<!-- \/ Yoast SEO plugin. -->","yoast_head_json":{"title":"Tinq: recensione software turni di lavoro - Accurate Reviews","description":"Tinq: recensione programma per turni di lavori che semplifica la rilevazione del tempo nei posti di lavoro.","robots":{"index":"index","follow":"follow","max-snippet":"max-snippet:-1","max-image-preview":"max-image-preview:large","max-video-preview":"max-video-preview:-1"},"canonical":"https:\/\/www.accuratereviews.com\/it\/programmi-gestione-turni-lavoro\/tinq-recensione\/","og_locale":"it_IT","og_type":"article","og_title":"Tinq: recensione software turni di lavoro - Accurate Reviews","og_description":"Tinq: recensione programma per turni di lavori che semplifica la rilevazione del tempo nei posti di lavoro.","og_url":"https:\/\/www.accuratereviews.com\/it\/programmi-gestione-turni-lavoro\/tinq-recensione\/","og_site_name":"Accurate Reviews","article_modified_time":"2025-06-17T15:15:48+00:00","twitter_card":"summary_large_image","twitter_misc":{"Tempo di lettura stimato":"5 minuti"},"schema":{"@context":"https:\/\/schema.org","@graph":[{"@type":"WebPage","@id":"https:\/\/www.accuratereviews.com\/it\/programmi-gestione-turni-lavoro\/tinq-recensione\/","url":"https:\/\/www.accuratereviews.com\/it\/programmi-gestione-turni-lavoro\/tinq-recensione\/","name":"Tinq: recensione software turni di lavoro - Accurate Reviews","isPartOf":{"@id":"https:\/\/www.accuratereviews.com\/it\/#website"},"primaryImageOfPage":{"@id":"https:\/\/www.accuratereviews.com\/it\/programmi-gestione-turni-lavoro\/tinq-recensione\/#primaryimage"},"image":{"@id":"https:\/\/www.accuratereviews.com\/it\/programmi-gestione-turni-lavoro\/tinq-recensione\/#primaryimage"},"thumbnailUrl":"https:\/\/www.accuratereviews.com\/wp-content\/uploads\/2025\/06\/Tinq.avif","datePublished":"2025-06-17T15:14:33+00:00","dateModified":"2025-06-17T15:15:48+00:00","description":"Tinq: recensione programma per turni di lavori che semplifica la rilevazione del tempo nei posti di lavoro.","breadcrumb":{"@id":"https:\/\/www.accuratereviews.com\/it\/programmi-gestione-turni-lavoro\/tinq-recensione\/#breadcrumb"},"inLanguage":"it-IT","potentialAction":[{"@type":"ReadAction","target":["https:\/\/www.accuratereviews.com\/it\/programmi-gestione-turni-lavoro\/tinq-recensione\/"]}]},{"@type":"ImageObject","inLanguage":"it-IT","@id":"https:\/\/www.accuratereviews.com\/it\/programmi-gestione-turni-lavoro\/tinq-recensione\/#primaryimage","url":"https:\/\/www.accuratereviews.com\/wp-content\/uploads\/2025\/06\/Tinq.avif","contentUrl":"https:\/\/www.accuratereviews.com\/wp-content\/uploads\/2025\/06\/Tinq.avif","width":240,"height":240},{"@type":"BreadcrumbList","@id":"https:\/\/www.accuratereviews.com\/it\/programmi-gestione-turni-lavoro\/tinq-recensione\/#breadcrumb","itemListElement":[{"@type":"ListItem","position":1,"name":"Home","item":"https:\/\/www.accuratereviews.com\/it\/"},{"@type":"ListItem","position":2,"name":"Programmi per turni di lavoro","item":"https:\/\/www.accuratereviews.com\/it\/programmi-gestione-turni-lavoro\/"},{"@type":"ListItem","position":3,"name":"Tinq"}]},{"@type":"WebSite","@id":"https:\/\/www.accuratereviews.com\/it\/#website","url":"https:\/\/www.accuratereviews.com\/it\/","name":"Accurate Reviews","description":"","potentialAction":[{"@type":"SearchAction","target":{"@type":"EntryPoint","urlTemplate":"https:\/\/www.accuratereviews.com\/it\/?s={search_term_string}"},"query-input":{"@type":"PropertyValueSpecification","valueRequired":true,"valueName":"search_term_string"}}],"inLanguage":"it-IT"}]}},"_links":{"self":[{"href":"https:\/\/www.accuratereviews.com\/it\/wp-json\/wp\/v2\/pages\/92523","targetHints":{"allow":["GET"]}}],"collection":[{"href":"https:\/\/www.accuratereviews.com\/it\/wp-json\/wp\/v2\/pages"}],"about":[{"href":"https:\/\/www.accuratereviews.com\/it\/wp-json\/wp\/v2\/types\/page"}],"author":[{"embeddable":true,"href":"https:\/\/www.accuratereviews.com\/it\/wp-json\/wp\/v2\/users\/19"}],"replies":[{"embeddable":true,"href":"https:\/\/www.accuratereviews.com\/it\/wp-json\/wp\/v2\/comments?post=92523"}],"version-history":[{"count":11,"href":"https:\/\/www.accuratereviews.com\/it\/wp-json\/wp\/v2\/pages\/92523\/revisions"}],"predecessor-version":[{"id":92571,"href":"https:\/\/www.accuratereviews.com\/it\/wp-json\/wp\/v2\/pages\/92523\/revisions\/92571"}],"up":[{"embeddable":true,"href":"https:\/\/www.accuratereviews.com\/it\/wp-json\/wp\/v2\/pages\/87246"}],"wp:featuredmedia":[{"embeddable":true,"href":"https:\/\/www.accuratereviews.com\/it\/wp-json\/wp\/v2\/media\/92524"}],"wp:attachment":[{"href":"https:\/\/www.accuratereviews.com\/it\/wp-json\/wp\/v2\/media?parent=92523"}],"wp:term":[{"taxonomy":"category","embeddable":true,"href":"https:\/\/www.accuratereviews.com\/it\/wp-json\/wp\/v2\/categories?post=92523"},{"taxonomy":"post_tag","embeddable":true,"href":"https:\/\/www.accuratereviews.com\/it\/wp-json\/wp\/v2\/tags?post=92523"},{"taxonomy":"features","embeddable":true,"href":"https:\/\/www.accuratereviews.com\/it\/wp-json\/wp\/v2\/features?post=92523"}],"curies":[{"name":"wp","href":"https:\/\/api.w.org\/{rel}","templated":true}]}}