{"id":92593,"date":"2025-06-18T19:57:00","date_gmt":"2025-06-18T19:57:00","guid":{"rendered":"https:\/\/www.accuratereviews.com\/?page_id=92593"},"modified":"2025-06-18T19:57:00","modified_gmt":"2025-06-18T19:57:00","slug":"orbital-shift-recensione","status":"publish","type":"page","link":"https:\/\/www.accuratereviews.com\/it\/programmi-gestione-turni-lavoro\/orbital-shift-recensione\/","title":{"rendered":"Orbital Shift"},"content":{"rendered":"<p><strong>Orbital Shift<\/strong> \u00e8 una <strong>piattaforma di gestione del personale<\/strong> per reinventare la propria forza lavoro e a risparmiare sui costi diretti della manodopera. I manager possono creare calendari dei dipendenti in pochi minuti grazie a modelli personalizzabili e schede eventi con codice colore. Il cronometro mobile registra e timbra automaticamente le ore dei dipendenti per garantire la precisione dei cartellini e delle buste paga.<br \/>\nCon l&#8217;app di monitoraggio del tempo, i dipendenti possono timbrare l&#8217;ingresso e l&#8217;uscita da luoghi con<strong> restrizioni GPS<\/strong>, fare pause, cambiare posizione e richiedere coperture per i turni o permessi direttamente dal proprio telefono. I manager possono esaminare, approvare o rifiutare tali richieste praticamente da qualsiasi luogo. Grazie ad avvisi e notifiche automatici, si evitano facilmente conflitti di programmazione e turni con personale in eccesso. Gli amministratori possono inviare messaggi mirati a reparti, posizioni, dipendenti specifici o all&#8217;intero personale tramite sms o email. I dipendenti possono visualizzare le note giornaliere sui turni al momento dell&#8217;accesso, in modo che tutti siano preparati per ogni turno.<\/p>\n<h2>ORBITAL SHIFT &#8211; TUTORIAL<\/h2>\n<div id=\"fluid-wrapper-counter-1\" class=\"g1-fluid-wrapper \" style=\"width:686px;\">\n<div style=\"padding-bottom:56.268221574344%;\"><iframe loading=\"lazy\" title=\"Online Time Clock &amp; Staff Scheduling Software | Orbital Shift\" width=\"686\" height=\"386\" src=\"https:\/\/www.youtube.com\/embed\/bg7wyL3OMa0?feature=oembed&amp;wmode=transparent&amp;autohide=1&amp;autoplay=0&amp;disablekb=0&amp;fs=1&amp;loop=0&amp;enablejsapi=1&amp;rel=0&amp;controls=2&amp;showinfo=0&amp;wmode=transparent&amp;autohide=2&amp;autoplay=0&amp;disablekb=0&amp;fs=1&amp;loop=0&amp;enablejsapi=1&amp;rel=0&amp;controls=2&amp;showinfo=1\" frameborder=\"0\" allow=\"accelerometer; autoplay; clipboard-write; encrypted-media; gyroscope; picture-in-picture; web-share\" referrerpolicy=\"strict-origin-when-cross-origin\" allowfullscreen><\/iframe><\/div>\n<\/div>\n<h3>ORBITAL SHIFT &#8211; CARATTERISTICHE<\/h3>\n<ul>\n<li><strong>Modelli di pianificazione del personale<\/strong>: la soluzione semplifica la pianificazione di turni ricorrenti o stagionali come mai prima. Basta trascinare e rilasciare i modelli di turno predefiniti sul calendario e il tuo programma di lavoro sar\u00e0 pronto in pochi minuti.<\/li>\n<li><strong>Visualizzazione mensile, settimanale e giornaliera<\/strong>: visualizza il tuo programma come preferisci. Visualizza i turni di un intero mese a colpo d&#8217;occhio o esamina pi\u00f9 attentamente il programma per settimana o giorno.<\/li>\n<li><strong>Filtri<\/strong>: troppe informazioni contemporaneamente possono essere dispendiose. Ecco perch\u00e9 sono stati creati dei filtri per semplificare l&#8217;organizzazione dell&#8217;app di pianificazione del lavoro. Ordina per sede, reparto, posizione, tipo di evento o periodo di tempo per visualizzare i dati necessari.<\/li>\n<li><strong>Tag personalizzati:<\/strong> aggiungi un tag a un turno o a un evento per organizzare ulteriormente il tuo programma. I tag aiutano il personale a vedere se \u00e8 previsto un incontro, un corso di formazione o un altro evento speciale associato a un turno.<\/li>\n<li><strong>Trascina e rilascia<\/strong>: modifica il programma in pochi secondi con la funzione di trascinamento. Fai clic sull&#8217;evento che desideri spostare e trascinalo nella posizione desiderata sul programma. Il nostro software di pianificazione turni far\u00e0 il resto.<\/li>\n<li><strong>Personale disponibile e qualificato<\/strong>: il software di pianificazione del personale online filtra automaticamente i dipendenti non disponibili o non qualificati quando si occupa un turno vacante. I manager possono stare tranquilli sapendo che tutti i dipendenti in servizio sono qualificati per quella posizione.<\/li>\n<li><strong>Scopri chi sta lavorando:<\/strong> i\u00a0manager possono vedere chi \u00e8 in servizio con una rapida occhiata al pianificatore online. Non rimanere mai all&#8217;oscuro su chi sta lavorando, dove e quando.<\/li>\n<li><strong>Bacheca lavoro online<\/strong>: restituisci ai tuoi dipendenti un po&#8217; del potere di pianificazione con l&#8217;aiuto della bacheca lavoro online. I manager possono pubblicare i turni vacanti affinch\u00e9 i dipendenti possano scegliere in base alle proprie preferenze.<\/li>\n<li><strong>Comunicazione istantanea con il personale<\/strong>: contattare i dipendenti \u00e8 facile grazie alla messaggistica automatica. I manager possono inviare messaggi a reparti, posizioni o dipendenti specifici in modo che tutti sappiano cosa ci si aspetta da loro.<\/li>\n<li><strong>Revisioni e approvazioni<\/strong>: tieni sotto controllo i permessi e le richieste di copertura da qualsiasi luogo. Approva o rifiuta le richieste individualmente o in gruppo per una rapida gestione delle presenze.<\/li>\n<li><strong>Accesso sempre e ovunque:<\/strong> timbrare l&#8217;ingresso e l&#8217;uscita dal turno programmato \u00e8 pi\u00f9 veloce e semplice che mai. Registrati subito sul posto, senza dover aspettare per timbrare il cartellino.<\/li>\n<li><strong>Notifiche automatiche<\/strong>: dopo una giornata di lavoro intensa, \u00e8 facile dimenticare di timbrare il cartellino. Con i cartellini online, i dipendenti riceveranno notifiche automatiche quando dimenticano di timbrare il cartellino, mantenendo sia i manager che i dipendenti in carreggiata e nel rispetto del budget.<\/li>\n<li><strong>Note di turno<\/strong>: le note possono aiutare i dipendenti a rimanere concentrati sulle loro responsabilit\u00e0 quotidiane. I manager possono inviare messaggi mirati a diverse posizioni, gruppi o reparti per tenere tutti aggiornati e sulla stessa pagina.<\/li>\n<li><strong>Sicurezza<\/strong>: le informazioni sensibili sono protette all&#8217;interno del nostro software. I messaggi sono mirati, garantendo che vengano inviati solo al reparto, alla posizione, alla sede o al singolo dipendente a cui sono destinati.<\/li>\n<li><strong>Affidabile<\/strong>: i responsabili ricevono notifiche automatiche quando i dipendenti inviano richieste, in modo da avere la certezza che le loro esigenze di pianificazione vengano ascoltate.<\/li>\n<li><strong>Avvisi di budget<\/strong>: straordinari non pianificati e turni con personale in eccesso possono essere evitati grazie agli avvisi automatici di budget. Il software avvisa i responsabili quando un dipendente rischia di dover fare straordinari, in modo che il programma possa essere modificato prima che i budget del personale vengano sforati.<\/li>\n<\/ul>\n<h4>LE RECENSIONI DEGLI UTENTI<\/h4>\n<p><strong>Natalie &#8220;Una delle migliori decisioni amministrative che potessimo prendere!&#8221;<\/strong><br \/>\n<strong>Commenti<\/strong>: Avviare una nuova attivit\u00e0 con Orbital Shift (6 anni fa) \u00e8 stata una delle migliori decisioni amministrative che potessimo prendere. Il software si \u00e8 adattato perfettamente a diverse sedi, da una a tre, con dipendenti che lavorano in tutte le sedi. Consiglio vivamente il software e le app mobili di Orbital Shift a chiunque voglia semplificarsi la vita lavorativa!<br \/>\n<strong>Pro<\/strong>: La comunicazione tra dipendenti e manager \u00e8 semplice ed efficiente, con la possibilit\u00e0 per i dipendenti di modificare i turni e per i manager di aggiornare gli orari da qualsiasi dispositivo, ovunque. Il personale di supporto di Orbital Shift \u00e8 sempre disponibile per gestire problemi urgenti e gestire le richieste specifiche dell&#8217;azienda relative a report e utenti.<br \/>\n<strong>Contro<\/strong>: Non me ne viene in mente nessuno. Immagino sia una buona cosa.<\/p>\n<p><strong>Connie &#8220;Il miglior servizio clienti che abbiamo mai sperimentato!&#8221;<\/strong><br \/>\n<strong>Commenti<\/strong>: Ho oltre 45 anni di esperienza nel settore commerciale e posso affermare senza esitazione che Orbital Shift offre il miglior servizio clienti che abbia mai sperimentato. Punto. Quale altra azienda chiama i suoi nuovi clienti, settimanalmente, per verificare i loro progressi? Quale altra azienda chiama per rispondere a qualsiasi domanda il cliente possa avere? Quale azienda risponde ai ticket entro un giorno lavorativo? NESSUNA. Il vostro modello di business \u00e8 esemplare.<br \/>\n<strong>Pro<\/strong>: \u00c8 un prodotto molto intuitivo e facile da usare. La facilit\u00e0 di pianificazione del personale e il monitoraggio delle ore di lavoro sono un grande vantaggio. Inoltre, gli avvisi e le notifiche inviate dal software aiutano davvero i nostri manager a rimanere aggiornati su cambiamenti e problemi in tempo reale.<br \/>\n<strong>Contro<\/strong>: Io e il mio staff adoriamo questo software, non abbiamo nulla di cui lamentarci.<\/p>\n<p><strong>Ryan &#8220;Ottimo prodotto. Un vero risparmio di tempo.&#8221;<\/strong><br \/>\n<strong>Commenti<\/strong>: Risparmio di tempo, responsabilit\u00e0.<br \/>\n<strong>Pro<\/strong>: Ottima opzione sia per i dirigenti che per i dipendenti. Un modo semplice ed efficace per garantire che tutti siano sulla stessa lunghezza d&#8217;onda con la pianificazione.<br \/>\n<strong>Contro<\/strong>: Non c&#8217;\u00e8 molto da dire. A volte alcune funzioni non sono facili da trovare come altre, ma una volta capito dove cercare, diventa intuitivo.<\/p>\n","protected":false},"excerpt":{"rendered":"<p>Orbital Shift \u00e8 una piattaforma di gestione del personale per reinventare la propria forza lavoro e a risparmiare sui costi diretti della manodopera. I manager possono creare calendari dei dipendenti in pochi minuti grazie a modelli personalizzabili e schede eventi con codice colore. Il cronometro mobile registra e timbra automaticamente le ore dei dipendenti per garantire la precisione dei cartellini e delle buste paga.<\/p>\n","protected":false},"author":19,"featured_media":92596,"parent":87246,"menu_order":0,"comment_status":"open","ping_status":"closed","template":"g1_template_page_review_new.php","meta":{"_acf_changed":false,"cwp_meta_box_check":"No","cwp_rev_product_name":"","cwp_rev_product_image":"","wppr_links":[],"cwp_rev_price":"","wppr_options":[],"wppr_pros":[],"wppr_cons":[],"_monsterinsights_skip_tracking":false,"_monsterinsights_sitenote_active":false,"_monsterinsights_sitenote_note":"","_monsterinsights_sitenote_category":0,"footnotes":""},"categories":[16111],"tags":[16314,16146,16121,16120,16144,16123],"features":[],"class_list":{"0":"post-92593","1":"page","2":"type-page","3":"status-publish","4":"has-post-thumbnail","6":"category-programmi-per-turni-di-lavoro","7":"tag-orbital-shift","8":"tag-piattaforma-turni-di-lavoro","9":"tag-programma-turni-di-lavoro","10":"tag-software-turni-di-lavoro","11":"tag-soluzione-turni-di-lavoro","12":"tag-turni-di-lavoro"},"wppr_data":{"cwp_meta_box_check":"No"},"acf":[],"yoast_head":"<!-- This site is optimized with the Yoast SEO plugin v27.4 - https:\/\/yoast.com\/product\/yoast-seo-wordpress\/ -->\n<title>Orbital Shif: recensione software turni di lavoro - Accurate Reviews<\/title>\n<meta name=\"description\" content=\"Orbital Shift: soluzione di gestione del personale per reinventare la propria forza lavoro e risparmiare sui costi della manodopera.\" \/>\n<meta name=\"robots\" content=\"index, follow, max-snippet:-1, max-image-preview:large, max-video-preview:-1\" \/>\n<link rel=\"canonical\" href=\"https:\/\/www.accuratereviews.com\/it\/programmi-gestione-turni-lavoro\/orbital-shift-recensione\/\" \/>\n<meta property=\"og:locale\" content=\"it_IT\" \/>\n<meta property=\"og:type\" content=\"article\" \/>\n<meta property=\"og:title\" content=\"Orbital Shif: recensione software turni di lavoro - Accurate Reviews\" \/>\n<meta property=\"og:description\" content=\"Orbital Shift: soluzione di gestione del personale per reinventare la propria forza lavoro e risparmiare sui costi della manodopera.\" \/>\n<meta property=\"og:url\" content=\"https:\/\/www.accuratereviews.com\/it\/programmi-gestione-turni-lavoro\/orbital-shift-recensione\/\" \/>\n<meta property=\"og:site_name\" content=\"Accurate Reviews\" \/>\n<meta property=\"og:image\" content=\"https:\/\/www.accuratereviews.com\/wp-content\/uploads\/2025\/06\/Orbital-Shift.png\" \/>\n\t<meta property=\"og:image:width\" content=\"600\" \/>\n\t<meta property=\"og:image:height\" content=\"315\" \/>\n\t<meta property=\"og:image:type\" content=\"image\/png\" \/>\n<meta name=\"twitter:card\" content=\"summary_large_image\" \/>\n<meta name=\"twitter:label1\" content=\"Tempo di lettura stimato\" \/>\n\t<meta name=\"twitter:data1\" content=\"7 minuti\" \/>\n<script type=\"application\/ld+json\" class=\"yoast-schema-graph\">{\"@context\":\"https:\\\/\\\/schema.org\",\"@graph\":[{\"@type\":\"WebPage\",\"@id\":\"https:\\\/\\\/www.accuratereviews.com\\\/it\\\/programmi-gestione-turni-lavoro\\\/orbital-shift-recensione\\\/\",\"url\":\"https:\\\/\\\/www.accuratereviews.com\\\/it\\\/programmi-gestione-turni-lavoro\\\/orbital-shift-recensione\\\/\",\"name\":\"Orbital Shif: recensione software turni di lavoro - Accurate Reviews\",\"isPartOf\":{\"@id\":\"https:\\\/\\\/www.accuratereviews.com\\\/it\\\/#website\"},\"primaryImageOfPage\":{\"@id\":\"https:\\\/\\\/www.accuratereviews.com\\\/it\\\/programmi-gestione-turni-lavoro\\\/orbital-shift-recensione\\\/#primaryimage\"},\"image\":{\"@id\":\"https:\\\/\\\/www.accuratereviews.com\\\/it\\\/programmi-gestione-turni-lavoro\\\/orbital-shift-recensione\\\/#primaryimage\"},\"thumbnailUrl\":\"https:\\\/\\\/www.accuratereviews.com\\\/wp-content\\\/uploads\\\/2025\\\/06\\\/Orbital-Shift.png\",\"datePublished\":\"2025-06-18T19:57:00+00:00\",\"description\":\"Orbital Shift: soluzione di gestione del personale per reinventare la propria forza lavoro e risparmiare sui costi della manodopera.\",\"breadcrumb\":{\"@id\":\"https:\\\/\\\/www.accuratereviews.com\\\/it\\\/programmi-gestione-turni-lavoro\\\/orbital-shift-recensione\\\/#breadcrumb\"},\"inLanguage\":\"it-IT\",\"potentialAction\":[{\"@type\":\"ReadAction\",\"target\":[\"https:\\\/\\\/www.accuratereviews.com\\\/it\\\/programmi-gestione-turni-lavoro\\\/orbital-shift-recensione\\\/\"]}]},{\"@type\":\"ImageObject\",\"inLanguage\":\"it-IT\",\"@id\":\"https:\\\/\\\/www.accuratereviews.com\\\/it\\\/programmi-gestione-turni-lavoro\\\/orbital-shift-recensione\\\/#primaryimage\",\"url\":\"https:\\\/\\\/www.accuratereviews.com\\\/wp-content\\\/uploads\\\/2025\\\/06\\\/Orbital-Shift.png\",\"contentUrl\":\"https:\\\/\\\/www.accuratereviews.com\\\/wp-content\\\/uploads\\\/2025\\\/06\\\/Orbital-Shift.png\",\"width\":600,\"height\":315},{\"@type\":\"BreadcrumbList\",\"@id\":\"https:\\\/\\\/www.accuratereviews.com\\\/it\\\/programmi-gestione-turni-lavoro\\\/orbital-shift-recensione\\\/#breadcrumb\",\"itemListElement\":[{\"@type\":\"ListItem\",\"position\":1,\"name\":\"Home\",\"item\":\"https:\\\/\\\/www.accuratereviews.com\\\/it\\\/\"},{\"@type\":\"ListItem\",\"position\":2,\"name\":\"Programmi per turni di lavoro\",\"item\":\"https:\\\/\\\/www.accuratereviews.com\\\/it\\\/programmi-gestione-turni-lavoro\\\/\"},{\"@type\":\"ListItem\",\"position\":3,\"name\":\"Orbital Shift\"}]},{\"@type\":\"WebSite\",\"@id\":\"https:\\\/\\\/www.accuratereviews.com\\\/it\\\/#website\",\"url\":\"https:\\\/\\\/www.accuratereviews.com\\\/it\\\/\",\"name\":\"Accurate Reviews\",\"description\":\"\",\"potentialAction\":[{\"@type\":\"SearchAction\",\"target\":{\"@type\":\"EntryPoint\",\"urlTemplate\":\"https:\\\/\\\/www.accuratereviews.com\\\/it\\\/?s={search_term_string}\"},\"query-input\":{\"@type\":\"PropertyValueSpecification\",\"valueRequired\":true,\"valueName\":\"search_term_string\"}}],\"inLanguage\":\"it-IT\"}]}<\/script>\n<!-- \/ Yoast SEO plugin. -->","yoast_head_json":{"title":"Orbital Shif: recensione software turni di lavoro - Accurate Reviews","description":"Orbital Shift: soluzione di gestione del personale per reinventare la propria forza lavoro e risparmiare sui costi della manodopera.","robots":{"index":"index","follow":"follow","max-snippet":"max-snippet:-1","max-image-preview":"max-image-preview:large","max-video-preview":"max-video-preview:-1"},"canonical":"https:\/\/www.accuratereviews.com\/it\/programmi-gestione-turni-lavoro\/orbital-shift-recensione\/","og_locale":"it_IT","og_type":"article","og_title":"Orbital Shif: recensione software turni di lavoro - Accurate Reviews","og_description":"Orbital Shift: soluzione di gestione del personale per reinventare la propria forza lavoro e risparmiare sui costi della manodopera.","og_url":"https:\/\/www.accuratereviews.com\/it\/programmi-gestione-turni-lavoro\/orbital-shift-recensione\/","og_site_name":"Accurate Reviews","og_image":[{"width":600,"height":315,"url":"https:\/\/www.accuratereviews.com\/wp-content\/uploads\/2025\/06\/Orbital-Shift.png","type":"image\/png"}],"twitter_card":"summary_large_image","twitter_misc":{"Tempo di lettura stimato":"7 minuti"},"schema":{"@context":"https:\/\/schema.org","@graph":[{"@type":"WebPage","@id":"https:\/\/www.accuratereviews.com\/it\/programmi-gestione-turni-lavoro\/orbital-shift-recensione\/","url":"https:\/\/www.accuratereviews.com\/it\/programmi-gestione-turni-lavoro\/orbital-shift-recensione\/","name":"Orbital Shif: recensione software turni di lavoro - Accurate Reviews","isPartOf":{"@id":"https:\/\/www.accuratereviews.com\/it\/#website"},"primaryImageOfPage":{"@id":"https:\/\/www.accuratereviews.com\/it\/programmi-gestione-turni-lavoro\/orbital-shift-recensione\/#primaryimage"},"image":{"@id":"https:\/\/www.accuratereviews.com\/it\/programmi-gestione-turni-lavoro\/orbital-shift-recensione\/#primaryimage"},"thumbnailUrl":"https:\/\/www.accuratereviews.com\/wp-content\/uploads\/2025\/06\/Orbital-Shift.png","datePublished":"2025-06-18T19:57:00+00:00","description":"Orbital Shift: soluzione di gestione del personale per reinventare la propria forza lavoro e risparmiare sui costi della manodopera.","breadcrumb":{"@id":"https:\/\/www.accuratereviews.com\/it\/programmi-gestione-turni-lavoro\/orbital-shift-recensione\/#breadcrumb"},"inLanguage":"it-IT","potentialAction":[{"@type":"ReadAction","target":["https:\/\/www.accuratereviews.com\/it\/programmi-gestione-turni-lavoro\/orbital-shift-recensione\/"]}]},{"@type":"ImageObject","inLanguage":"it-IT","@id":"https:\/\/www.accuratereviews.com\/it\/programmi-gestione-turni-lavoro\/orbital-shift-recensione\/#primaryimage","url":"https:\/\/www.accuratereviews.com\/wp-content\/uploads\/2025\/06\/Orbital-Shift.png","contentUrl":"https:\/\/www.accuratereviews.com\/wp-content\/uploads\/2025\/06\/Orbital-Shift.png","width":600,"height":315},{"@type":"BreadcrumbList","@id":"https:\/\/www.accuratereviews.com\/it\/programmi-gestione-turni-lavoro\/orbital-shift-recensione\/#breadcrumb","itemListElement":[{"@type":"ListItem","position":1,"name":"Home","item":"https:\/\/www.accuratereviews.com\/it\/"},{"@type":"ListItem","position":2,"name":"Programmi per turni di lavoro","item":"https:\/\/www.accuratereviews.com\/it\/programmi-gestione-turni-lavoro\/"},{"@type":"ListItem","position":3,"name":"Orbital Shift"}]},{"@type":"WebSite","@id":"https:\/\/www.accuratereviews.com\/it\/#website","url":"https:\/\/www.accuratereviews.com\/it\/","name":"Accurate Reviews","description":"","potentialAction":[{"@type":"SearchAction","target":{"@type":"EntryPoint","urlTemplate":"https:\/\/www.accuratereviews.com\/it\/?s={search_term_string}"},"query-input":{"@type":"PropertyValueSpecification","valueRequired":true,"valueName":"search_term_string"}}],"inLanguage":"it-IT"}]}},"_links":{"self":[{"href":"https:\/\/www.accuratereviews.com\/it\/wp-json\/wp\/v2\/pages\/92593","targetHints":{"allow":["GET"]}}],"collection":[{"href":"https:\/\/www.accuratereviews.com\/it\/wp-json\/wp\/v2\/pages"}],"about":[{"href":"https:\/\/www.accuratereviews.com\/it\/wp-json\/wp\/v2\/types\/page"}],"author":[{"embeddable":true,"href":"https:\/\/www.accuratereviews.com\/it\/wp-json\/wp\/v2\/users\/19"}],"replies":[{"embeddable":true,"href":"https:\/\/www.accuratereviews.com\/it\/wp-json\/wp\/v2\/comments?post=92593"}],"version-history":[{"count":8,"href":"https:\/\/www.accuratereviews.com\/it\/wp-json\/wp\/v2\/pages\/92593\/revisions"}],"predecessor-version":[{"id":92619,"href":"https:\/\/www.accuratereviews.com\/it\/wp-json\/wp\/v2\/pages\/92593\/revisions\/92619"}],"up":[{"embeddable":true,"href":"https:\/\/www.accuratereviews.com\/it\/wp-json\/wp\/v2\/pages\/87246"}],"wp:featuredmedia":[{"embeddable":true,"href":"https:\/\/www.accuratereviews.com\/it\/wp-json\/wp\/v2\/media\/92596"}],"wp:attachment":[{"href":"https:\/\/www.accuratereviews.com\/it\/wp-json\/wp\/v2\/media?parent=92593"}],"wp:term":[{"taxonomy":"category","embeddable":true,"href":"https:\/\/www.accuratereviews.com\/it\/wp-json\/wp\/v2\/categories?post=92593"},{"taxonomy":"post_tag","embeddable":true,"href":"https:\/\/www.accuratereviews.com\/it\/wp-json\/wp\/v2\/tags?post=92593"},{"taxonomy":"features","embeddable":true,"href":"https:\/\/www.accuratereviews.com\/it\/wp-json\/wp\/v2\/features?post=92593"}],"curies":[{"name":"wp","href":"https:\/\/api.w.org\/{rel}","templated":true}]}}