{"id":92638,"date":"2025-06-23T17:48:17","date_gmt":"2025-06-23T17:48:17","guid":{"rendered":"https:\/\/www.accuratereviews.com\/?page_id=92638"},"modified":"2025-06-23T17:48:17","modified_gmt":"2025-06-23T17:48:17","slug":"apploye-recensione","status":"publish","type":"page","link":"https:\/\/www.accuratereviews.com\/it\/programmi-gestione-turni-lavoro\/apploye-recensione\/","title":{"rendered":"Apploye"},"content":{"rendered":"<p><strong>Apploye<\/strong> \u00e8 una <strong>soluzione completa<\/strong> per il <strong>monitoraggio del tempo<\/strong> e dei dipendenti, progettata per aiutare le aziende a gestire in modo efficiente i propri team. Grazie alla sua piattaforma unificata semplifica il monitoraggio delle presenze, la gestione dell&#8217;orario di lavoro, il monitoraggio dei permessi e altro ancora. Le funzionalit\u00e0 principali includono il monitoraggio automatico del tempo online e offline, il controllo di progetti e attivit\u00e0 e un timer integrato per aumentare la concentrazione e la produttivit\u00e0.<br \/>\nPer la gestione della forza lavoro da remoto, <strong>Apploye<\/strong> offre solidi strumenti di monitoraggio dei dipendenti. Questi includono screenshot casuali, monitoraggio di pi\u00f9 schermi, controllo dell&#8217;utilizzo di applicazioni e siti web, monitoraggio delle attivit\u00e0 e dei tempi di inattivit\u00e0 e analisi della produttivit\u00e0. Queste funzionalit\u00e0 semplificano la gestione dei dipendenti da remoto, indipendentemente da dove si trovino. Inoltre, <strong>Apploye<\/strong> semplifica la fatturazione e la gestione delle paghe.<\/p>\n<h2>APPLOYE &#8211; TUTORIAL<\/h2>\n<div id=\"fluid-wrapper-counter-1\" class=\"g1-fluid-wrapper \" style=\"width:686px;\">\n<div style=\"padding-bottom:56.268221574344%;\"><iframe loading=\"lazy\" title=\"Time Tracker App for Desk, Mobile &amp; Remote Teams\" width=\"686\" height=\"386\" src=\"https:\/\/www.youtube.com\/embed\/81hkLC-ysgs?feature=oembed&amp;wmode=transparent&amp;autohide=1&amp;autoplay=0&amp;disablekb=0&amp;fs=1&amp;loop=0&amp;enablejsapi=1&amp;rel=0&amp;controls=2&amp;showinfo=0&amp;wmode=transparent&amp;autohide=2&amp;autoplay=0&amp;disablekb=0&amp;fs=1&amp;loop=0&amp;enablejsapi=1&amp;rel=0&amp;controls=2&amp;showinfo=1\" frameborder=\"0\" allow=\"accelerometer; autoplay; clipboard-write; encrypted-media; gyroscope; picture-in-picture; web-share\" referrerpolicy=\"strict-origin-when-cross-origin\" allowfullscreen><\/iframe><\/div>\n<\/div>\n<h3>APPLOYE &#8211; CARATTERISTICHE<\/h3>\n<ul>\n<li><strong>Monitoraggio del tempo<\/strong>: controllo accurato del tempo per te e il tuo team.<\/li>\n<li><strong>Progetti e budget<\/strong>: gestisci progetti, monitora il tempo impiegato, assegna ruoli e mantieni il budget sotto controllo.<\/li>\n<li><strong>Programmazioni<\/strong>: programmazione simile a Google Calendar per i team. Assegna attivit\u00e0 e lavori ai membri del tuo team e pianificali.<\/li>\n<li><strong>Gestione attivit\u00e0:<\/strong> crea e assegna attivit\u00e0 e misura il tempo impiegato per ciascuna attivit\u00e0.<\/li>\n<li><strong>Clienti e fatture<\/strong>: crea il tuo database clienti e fattura loro il lavoro svolto.<\/li>\n<li><strong>Team e amministrazione<\/strong>: gestisci impostazioni e ruoli amministrativi dal tuo centro di comando.<\/li>\n<li><strong>Presenze e permessi<\/strong>: monitora le presenze del tuo personale e gestisci le richieste di permesso.<\/li>\n<li><strong>Feed live<\/strong>: visualizza quali lavoratori stanno lavorando in questo momento e acquisisci screenshot in tempo reale.<\/li>\n<li><strong>Paghe e dipendenti<\/strong>: gestisci i membri del team e paga il tuo team con precisione in base alle ore lavorate.<\/li>\n<li><strong>App e dispositivi<\/strong>: monitora il tempo praticamente ovunque. La soluzione supporta tutte le principali piattaforme e dispositivi.<\/li>\n<li><strong>Visualizzazione grafica e tabellare<\/strong>: confronta e controlla il rapporto di attivit\u00e0 con le singole ore lavorative tramite grafico e tabella.<\/li>\n<li><strong>Confronto basato sulle prestazioni<\/strong>: confronta i dipendenti in base alle loro prestazioni.<\/li>\n<li><strong>Report di attivit\u00e0 e tempo produttivo.<\/strong>: visualizza i report di attivit\u00e0 media, tempo produttivo e tempo non produttivo rispetto al tempo totale lavorato.<\/li>\n<li><strong>Esporta report<\/strong>: esporta tutti i report in formato PDF, CSV ed Excel.<\/li>\n<li><strong>Report settimanale via email<\/strong>: ricevi un report di panoramica settimanale direttamente nella tua email.<\/li>\n<\/ul>\n<h4>LE RECENSIONI DEGLI UTENTI<\/h4>\n<p><strong>Ikbal &#8220;Uno strumento di monitoraggio del tempo semplice ma potente per i team remoti&#8221;<\/strong><br \/>\n<strong>Commenti<\/strong>: La mia esperienza complessiva con Apploye \u00e8 stata molto positiva. \u00c8 uno strumento affidabile ed efficiente per monitorare il tempo, gestire i progetti e migliorare la produttivit\u00e0 del team.<br \/>\n<strong>Pro<\/strong>: Apploye ha un&#8217;interfaccia pulita e intuitiva, con un monitoraggio accurato del tempo, delle attivit\u00e0 in tempo reale e utili screenshot. \u00c8 ideale per la gestione di team remoti e offre funzionalit\u00e0 avanzate a un prezzo accessibile.<br \/>\n<strong>Contro<\/strong>: Alcune funzionalit\u00e0, come i report avanzati e le integrazioni, potrebbero essere pi\u00f9 flessibili.<\/p>\n<p><strong>Tauhid Hasan &#8220;Ottimo finora! Altamente consigliato&#8221;<\/strong><br \/>\n<strong>Pro<\/strong>: Facile da usare, ha tutte le funzionalit\u00e0 necessarie per tracciare e monitorare!<br \/>\n<strong>Contro<\/strong>: Non un contro, ma piuttosto un aspetto da migliorare: \u00c8 possibile aggiungere un grande popup sopra le altre app quando il dispositivo si riattiva dalla modalit\u00e0 di sospensione. Aiuterebbe gli utenti a non dimenticare di riattivarlo.<\/p>\n<p><strong>Sanjeev &#8220;Semplice, efficace e con un ottimo rapporto qualit\u00e0-prezzo!&#8221;<\/strong><br \/>\n<strong>Pro<\/strong>: Apploye ha dato una spinta alla produttivit\u00e0 del mio team. L&#8217;interfaccia utente \u00e8 intuitiva. Apprezzo molto le informazioni dettagliate sul tempo dedicato alle attivit\u00e0, che ci aiutano a comprendere meglio i costi dei progetti. Funzionalit\u00e0 come il monitoraggio delle attivit\u00e0, gli screenshot e le app, e il monitoraggio degli URL sono un ottimo vantaggio. Anche il prezzo \u00e8 eccellente, soprattutto per il valore che si ottiene!<br \/>\n<strong>Contro<\/strong>: Ho avuto qualche problema all&#8217;inizio, ma il team di assistenza clienti \u00e8 stato estremamente disponibile. Mi hanno aiutato a iniziare a usare Apploye.<\/p>\n","protected":false},"excerpt":{"rendered":"<p>Apploye \u00e8 una soluzione completa per il monitoraggio del tempo e dei dipendenti, progettata per aiutare le aziende a gestire in modo efficiente i propri team. Grazie alla sua piattaforma unificata semplifica il monitoraggio delle presenze, la gestione dell&#8217;orario di lavoro, il monitoraggio dei permessi e altro ancora.<\/p>\n","protected":false},"author":19,"featured_media":92733,"parent":87246,"menu_order":0,"comment_status":"open","ping_status":"closed","template":"g1_template_page_review_new.php","meta":{"_acf_changed":false,"cwp_meta_box_check":"No","cwp_rev_product_name":"","cwp_rev_product_image":"","wppr_links":[],"cwp_rev_price":"","wppr_options":[],"wppr_pros":[],"wppr_cons":[],"_monsterinsights_skip_tracking":false,"_monsterinsights_sitenote_active":false,"_monsterinsights_sitenote_note":"","_monsterinsights_sitenote_category":0,"footnotes":""},"categories":[16111],"tags":[16116,16160,16114,16115,16123],"features":[],"class_list":{"0":"post-92638","1":"page","2":"type-page","3":"status-publish","4":"has-post-thumbnail","6":"category-programmi-per-turni-di-lavoro","7":"tag-piattaforma-per-turni-di-lavoro","8":"tag-programma-per-turni-di-lavoro","9":"tag-software-per-turni-di-lavoro","10":"tag-soluzione-per-turni-di-lavoro","11":"tag-turni-di-lavoro"},"wppr_data":{"cwp_meta_box_check":"No"},"acf":[],"yoast_head":"<!-- This site is optimized with the Yoast SEO plugin v27.4 - https:\/\/yoast.com\/product\/yoast-seo-wordpress\/ -->\n<title>Apploye: recensione software turni di lavoro - Accurate Reviews<\/title>\n<meta name=\"description\" content=\"Apploye: recensione soluzione per il monitoraggio del tempo e dei dipendenti, progettata per gestire in modo efficiente i propri team.\" \/>\n<meta name=\"robots\" content=\"index, follow, max-snippet:-1, max-image-preview:large, max-video-preview:-1\" \/>\n<link rel=\"canonical\" href=\"https:\/\/www.accuratereviews.com\/it\/programmi-gestione-turni-lavoro\/apploye-recensione\/\" \/>\n<meta property=\"og:locale\" content=\"it_IT\" \/>\n<meta property=\"og:type\" content=\"article\" \/>\n<meta property=\"og:title\" content=\"Apploye: recensione software turni di lavoro - Accurate Reviews\" \/>\n<meta property=\"og:description\" content=\"Apploye: recensione soluzione per il monitoraggio del tempo e dei dipendenti, progettata per gestire in modo efficiente i propri team.\" \/>\n<meta property=\"og:url\" content=\"https:\/\/www.accuratereviews.com\/it\/programmi-gestione-turni-lavoro\/apploye-recensione\/\" \/>\n<meta property=\"og:site_name\" content=\"Accurate Reviews\" \/>\n<meta property=\"og:image\" content=\"https:\/\/www.accuratereviews.com\/wp-content\/uploads\/2025\/06\/APPLOYE.png\" \/>\n\t<meta property=\"og:image:width\" content=\"300\" \/>\n\t<meta property=\"og:image:height\" content=\"220\" \/>\n\t<meta property=\"og:image:type\" content=\"image\/png\" \/>\n<meta name=\"twitter:card\" content=\"summary_large_image\" \/>\n<meta name=\"twitter:label1\" content=\"Tempo di lettura stimato\" \/>\n\t<meta name=\"twitter:data1\" content=\"5 minuti\" \/>\n<script type=\"application\/ld+json\" class=\"yoast-schema-graph\">{\"@context\":\"https:\\\/\\\/schema.org\",\"@graph\":[{\"@type\":\"WebPage\",\"@id\":\"https:\\\/\\\/www.accuratereviews.com\\\/it\\\/programmi-gestione-turni-lavoro\\\/apploye-recensione\\\/\",\"url\":\"https:\\\/\\\/www.accuratereviews.com\\\/it\\\/programmi-gestione-turni-lavoro\\\/apploye-recensione\\\/\",\"name\":\"Apploye: recensione software turni di lavoro - Accurate Reviews\",\"isPartOf\":{\"@id\":\"https:\\\/\\\/www.accuratereviews.com\\\/it\\\/#website\"},\"primaryImageOfPage\":{\"@id\":\"https:\\\/\\\/www.accuratereviews.com\\\/it\\\/programmi-gestione-turni-lavoro\\\/apploye-recensione\\\/#primaryimage\"},\"image\":{\"@id\":\"https:\\\/\\\/www.accuratereviews.com\\\/it\\\/programmi-gestione-turni-lavoro\\\/apploye-recensione\\\/#primaryimage\"},\"thumbnailUrl\":\"https:\\\/\\\/www.accuratereviews.com\\\/wp-content\\\/uploads\\\/2025\\\/06\\\/APPLOYE.png\",\"datePublished\":\"2025-06-23T17:48:17+00:00\",\"description\":\"Apploye: recensione soluzione per il monitoraggio del tempo e dei dipendenti, progettata per gestire in modo efficiente i propri team.\",\"breadcrumb\":{\"@id\":\"https:\\\/\\\/www.accuratereviews.com\\\/it\\\/programmi-gestione-turni-lavoro\\\/apploye-recensione\\\/#breadcrumb\"},\"inLanguage\":\"it-IT\",\"potentialAction\":[{\"@type\":\"ReadAction\",\"target\":[\"https:\\\/\\\/www.accuratereviews.com\\\/it\\\/programmi-gestione-turni-lavoro\\\/apploye-recensione\\\/\"]}]},{\"@type\":\"ImageObject\",\"inLanguage\":\"it-IT\",\"@id\":\"https:\\\/\\\/www.accuratereviews.com\\\/it\\\/programmi-gestione-turni-lavoro\\\/apploye-recensione\\\/#primaryimage\",\"url\":\"https:\\\/\\\/www.accuratereviews.com\\\/wp-content\\\/uploads\\\/2025\\\/06\\\/APPLOYE.png\",\"contentUrl\":\"https:\\\/\\\/www.accuratereviews.com\\\/wp-content\\\/uploads\\\/2025\\\/06\\\/APPLOYE.png\",\"width\":300,\"height\":220},{\"@type\":\"BreadcrumbList\",\"@id\":\"https:\\\/\\\/www.accuratereviews.com\\\/it\\\/programmi-gestione-turni-lavoro\\\/apploye-recensione\\\/#breadcrumb\",\"itemListElement\":[{\"@type\":\"ListItem\",\"position\":1,\"name\":\"Home\",\"item\":\"https:\\\/\\\/www.accuratereviews.com\\\/it\\\/\"},{\"@type\":\"ListItem\",\"position\":2,\"name\":\"Programmi per turni di lavoro\",\"item\":\"https:\\\/\\\/www.accuratereviews.com\\\/it\\\/programmi-gestione-turni-lavoro\\\/\"},{\"@type\":\"ListItem\",\"position\":3,\"name\":\"Apploye\"}]},{\"@type\":\"WebSite\",\"@id\":\"https:\\\/\\\/www.accuratereviews.com\\\/it\\\/#website\",\"url\":\"https:\\\/\\\/www.accuratereviews.com\\\/it\\\/\",\"name\":\"Accurate Reviews\",\"description\":\"\",\"potentialAction\":[{\"@type\":\"SearchAction\",\"target\":{\"@type\":\"EntryPoint\",\"urlTemplate\":\"https:\\\/\\\/www.accuratereviews.com\\\/it\\\/?s={search_term_string}\"},\"query-input\":{\"@type\":\"PropertyValueSpecification\",\"valueRequired\":true,\"valueName\":\"search_term_string\"}}],\"inLanguage\":\"it-IT\"}]}<\/script>\n<!-- \/ Yoast SEO plugin. -->","yoast_head_json":{"title":"Apploye: recensione software turni di lavoro - Accurate Reviews","description":"Apploye: recensione soluzione per il monitoraggio del tempo e dei dipendenti, progettata per gestire in modo efficiente i propri team.","robots":{"index":"index","follow":"follow","max-snippet":"max-snippet:-1","max-image-preview":"max-image-preview:large","max-video-preview":"max-video-preview:-1"},"canonical":"https:\/\/www.accuratereviews.com\/it\/programmi-gestione-turni-lavoro\/apploye-recensione\/","og_locale":"it_IT","og_type":"article","og_title":"Apploye: recensione software turni di lavoro - Accurate Reviews","og_description":"Apploye: recensione soluzione per il monitoraggio del tempo e dei dipendenti, progettata per gestire in modo efficiente i propri team.","og_url":"https:\/\/www.accuratereviews.com\/it\/programmi-gestione-turni-lavoro\/apploye-recensione\/","og_site_name":"Accurate Reviews","og_image":[{"width":300,"height":220,"url":"https:\/\/www.accuratereviews.com\/wp-content\/uploads\/2025\/06\/APPLOYE.png","type":"image\/png"}],"twitter_card":"summary_large_image","twitter_misc":{"Tempo di lettura stimato":"5 minuti"},"schema":{"@context":"https:\/\/schema.org","@graph":[{"@type":"WebPage","@id":"https:\/\/www.accuratereviews.com\/it\/programmi-gestione-turni-lavoro\/apploye-recensione\/","url":"https:\/\/www.accuratereviews.com\/it\/programmi-gestione-turni-lavoro\/apploye-recensione\/","name":"Apploye: recensione software turni di lavoro - Accurate Reviews","isPartOf":{"@id":"https:\/\/www.accuratereviews.com\/it\/#website"},"primaryImageOfPage":{"@id":"https:\/\/www.accuratereviews.com\/it\/programmi-gestione-turni-lavoro\/apploye-recensione\/#primaryimage"},"image":{"@id":"https:\/\/www.accuratereviews.com\/it\/programmi-gestione-turni-lavoro\/apploye-recensione\/#primaryimage"},"thumbnailUrl":"https:\/\/www.accuratereviews.com\/wp-content\/uploads\/2025\/06\/APPLOYE.png","datePublished":"2025-06-23T17:48:17+00:00","description":"Apploye: recensione soluzione per il monitoraggio del tempo e dei dipendenti, progettata per gestire in modo efficiente i propri team.","breadcrumb":{"@id":"https:\/\/www.accuratereviews.com\/it\/programmi-gestione-turni-lavoro\/apploye-recensione\/#breadcrumb"},"inLanguage":"it-IT","potentialAction":[{"@type":"ReadAction","target":["https:\/\/www.accuratereviews.com\/it\/programmi-gestione-turni-lavoro\/apploye-recensione\/"]}]},{"@type":"ImageObject","inLanguage":"it-IT","@id":"https:\/\/www.accuratereviews.com\/it\/programmi-gestione-turni-lavoro\/apploye-recensione\/#primaryimage","url":"https:\/\/www.accuratereviews.com\/wp-content\/uploads\/2025\/06\/APPLOYE.png","contentUrl":"https:\/\/www.accuratereviews.com\/wp-content\/uploads\/2025\/06\/APPLOYE.png","width":300,"height":220},{"@type":"BreadcrumbList","@id":"https:\/\/www.accuratereviews.com\/it\/programmi-gestione-turni-lavoro\/apploye-recensione\/#breadcrumb","itemListElement":[{"@type":"ListItem","position":1,"name":"Home","item":"https:\/\/www.accuratereviews.com\/it\/"},{"@type":"ListItem","position":2,"name":"Programmi per turni di lavoro","item":"https:\/\/www.accuratereviews.com\/it\/programmi-gestione-turni-lavoro\/"},{"@type":"ListItem","position":3,"name":"Apploye"}]},{"@type":"WebSite","@id":"https:\/\/www.accuratereviews.com\/it\/#website","url":"https:\/\/www.accuratereviews.com\/it\/","name":"Accurate Reviews","description":"","potentialAction":[{"@type":"SearchAction","target":{"@type":"EntryPoint","urlTemplate":"https:\/\/www.accuratereviews.com\/it\/?s={search_term_string}"},"query-input":{"@type":"PropertyValueSpecification","valueRequired":true,"valueName":"search_term_string"}}],"inLanguage":"it-IT"}]}},"_links":{"self":[{"href":"https:\/\/www.accuratereviews.com\/it\/wp-json\/wp\/v2\/pages\/92638","targetHints":{"allow":["GET"]}}],"collection":[{"href":"https:\/\/www.accuratereviews.com\/it\/wp-json\/wp\/v2\/pages"}],"about":[{"href":"https:\/\/www.accuratereviews.com\/it\/wp-json\/wp\/v2\/types\/page"}],"author":[{"embeddable":true,"href":"https:\/\/www.accuratereviews.com\/it\/wp-json\/wp\/v2\/users\/19"}],"replies":[{"embeddable":true,"href":"https:\/\/www.accuratereviews.com\/it\/wp-json\/wp\/v2\/comments?post=92638"}],"version-history":[{"count":7,"href":"https:\/\/www.accuratereviews.com\/it\/wp-json\/wp\/v2\/pages\/92638\/revisions"}],"predecessor-version":[{"id":92745,"href":"https:\/\/www.accuratereviews.com\/it\/wp-json\/wp\/v2\/pages\/92638\/revisions\/92745"}],"up":[{"embeddable":true,"href":"https:\/\/www.accuratereviews.com\/it\/wp-json\/wp\/v2\/pages\/87246"}],"wp:featuredmedia":[{"embeddable":true,"href":"https:\/\/www.accuratereviews.com\/it\/wp-json\/wp\/v2\/media\/92733"}],"wp:attachment":[{"href":"https:\/\/www.accuratereviews.com\/it\/wp-json\/wp\/v2\/media?parent=92638"}],"wp:term":[{"taxonomy":"category","embeddable":true,"href":"https:\/\/www.accuratereviews.com\/it\/wp-json\/wp\/v2\/categories?post=92638"},{"taxonomy":"post_tag","embeddable":true,"href":"https:\/\/www.accuratereviews.com\/it\/wp-json\/wp\/v2\/tags?post=92638"},{"taxonomy":"features","embeddable":true,"href":"https:\/\/www.accuratereviews.com\/it\/wp-json\/wp\/v2\/features?post=92638"}],"curies":[{"name":"wp","href":"https:\/\/api.w.org\/{rel}","templated":true}]}}