{"id":92780,"date":"2025-06-24T14:30:26","date_gmt":"2025-06-24T14:30:26","guid":{"rendered":"https:\/\/www.accuratereviews.com\/?page_id=92780"},"modified":"2025-10-13T17:41:07","modified_gmt":"2025-10-13T17:41:07","slug":"journyx-recensione","status":"publish","type":"page","link":"https:\/\/www.accuratereviews.com\/it\/programmi-gestione-turni-lavoro\/journyx-recensione\/","title":{"rendered":"Journyx"},"content":{"rendered":"<p><strong>Journyx<\/strong> fornisce un s<strong>oftware di monitoraggio del tempo<\/strong> basato su <strong>cloud.<\/strong> Si rivolge alle organizzazioni che necessitano di monitorare in modo semplice e accurato il tempo e le spese dei dipendenti per la contabilit\u00e0 dei costi di progetto, la fatturazione, le paghe, la conformit\u00e0 e altro ancora. Le soluzioni di monitoraggio del tempo offrono un livello di personalizzazione e flessibilit\u00e0 senza pari.<br \/>\nGrazie alle funzionalit\u00e0 automatizzate come i flussi di lavoro di approvazione dell&#8217;inserimento delle presenze, la convalida dei dati tramite regole personalizzate e l&#8217;integrazione con altri sistemi aziendali, <strong>Journyx<\/strong> aiuta gli utenti a risparmiare tempo e denaro semplificando la raccolta e l&#8217;elaborazione delle schede attivit\u00e0.<br \/>\nIl software di monitoraggio del tempo include solidi strumenti di reporting e dashboard visive che forniscono visibilit\u00e0 in tempo reale sulle ore di lavoro dei dipendenti per aiutarvi a massimizzare l&#8217;efficienza della vostra forza lavoro e a far crescere la vostra attivit\u00e0. Inoltre, \u00e8 facile gestire il tempo di lavoro e i permessi retribuiti (ferie, malattia, servizio di giuria e simili) per dipendenti a tempo pieno, lavoratori a ore, lavoratori da remoto, collaboratori e freelance, il tutto in un unico sistema.<\/p>\n<h2>JOURNYX &#8211; TUTORIAL<\/h2>\n<div id=\"fluid-wrapper-counter-1\" class=\"g1-fluid-wrapper \" style=\"width:686px;\">\n<div style=\"padding-bottom:56.268221574344%;\"><iframe loading=\"lazy\" title=\"Smart Time Tracking that Connects with Your World\" width=\"686\" height=\"386\" src=\"https:\/\/www.youtube.com\/embed\/JCT5uw-PwV8?feature=oembed&amp;wmode=transparent&amp;autohide=1&amp;autoplay=0&amp;disablekb=0&amp;fs=1&amp;loop=0&amp;enablejsapi=1&amp;rel=0&amp;controls=2&amp;showinfo=0&amp;wmode=transparent&amp;autohide=2&amp;autoplay=0&amp;disablekb=0&amp;fs=1&amp;loop=0&amp;enablejsapi=1&amp;rel=0&amp;controls=2&amp;showinfo=1\" frameborder=\"0\" allow=\"accelerometer; autoplay; clipboard-write; encrypted-media; gyroscope; picture-in-picture; web-share\" referrerpolicy=\"strict-origin-when-cross-origin\" allowfullscreen><\/iframe><\/div>\n<\/div>\n<h3>JOURNYX &#8211; CARATTERISTICHE<\/h3>\n<div class=\"n4sEPd\">\n<div class=\"FFpbKc\">\n<div class=\"xMmqsf\">\n<div class=\"nidPne\">\n<div data-show-delay-ms=\"250\" data-append-to-body=\"true\" data-propagate-tooltip-mouseover-events=\"true\" data-anchor-corner=\"bottom-left\" data-enable-skip-handler=\"true\" data-popup-corner=\"top-left\">\n<div class=\"dig2sb\">\n<div class=\"scLCMd\">\n<ul>\n<li id=\"itamenu\"><span class=\"jCAhz ChMk0b\"><span class=\"ryNqvb\"><strong>Inserimento presenze semplificato<\/strong>: grazie a un&#8217;interfaccia semplice e intuitiva, alla funzione &#8220;Preferiti&#8221; per un accesso agevole alle voci ricorrenti e alle schede attivit\u00e0 intelligenti, compilare le schede attivit\u00e0 \u00e8 semplicissimo.<\/span><\/span><span class=\"jCAhz\"><span class=\"ryNqvb\">\u00a0 <\/span><\/span><\/li>\n<li><span class=\"jCAhz\"><span class=\"ryNqvb\"><strong>Reporting approfondito<\/strong>: visualizza i dati in tempo reale a livello di progetto, programma o attivit\u00e0 e condividi report e metriche pi\u00f9 pertinenti per la tua attivit\u00e0.<\/span><\/span><span class=\"jCAhz\"><span class=\"ryNqvb\">\u00a0<\/span><\/span><\/li>\n<li><span class=\"jCAhz\"><span class=\"ryNqvb\"><strong>Gestione delle risorse:<\/strong> aggiungi previsioni finanziarie e una pianificazione completa delle risorse di progetto per una visibilit\u00e0 completa sullo stato del progetto e del budget, sulle ore di lavoro e sulla disponibilit\u00e0 dei dipendenti.<\/span><\/span><span class=\"jCAhz\"><span class=\"ryNqvb\">\u00a0 <\/span><\/span><\/li>\n<li><span class=\"jCAhz\"><span class=\"ryNqvb\"><strong>Analisi basata sull&#8217;intelligenza artificiale (IA):<\/strong> utilizza l&#8217;intelligenza artificiale generativa (IA) per analizzare i dati sulle ore di lavoro dei tuoi dipendenti.<\/span><\/span><span class=\"jCAhz\"><span class=\"ryNqvb\">\u00a0 <\/span><\/span><\/li>\n<li><span class=\"jCAhz\"><span class=\"ryNqvb\"><strong>Flussi di lavoro di approvazione multilivello:<\/strong> crea flussi di lavoro di approvazione con pi\u00f9 livelli, a seconda delle esigenze organizzative, e automatizzali in base all&#8217;organigramma aziendale.<\/span><\/span><\/li>\n<li><span class=\"jCAhz\"><span class=\"ryNqvb\"><strong>Fogli presenze intelligenti<\/strong>: compila automaticamente i fogli presenze con eventi del calendario, attivit\u00e0 e altri dati importanti provenienti dai sistemi di terze parti che utilizzi quotidianamente per semplificare l&#8217;inserimento delle presenze.<\/span><\/span><span class=\"jCAhz\"><span class=\"ryNqvb\">\u00a0 <\/span><\/span><\/li>\n<li><span class=\"jCAhz\"><span class=\"ryNqvb\"><strong>Convalida dei dati:<\/strong> elimina gli errori pi\u00f9 comuni nei fogli presenze implementando regole di convalida dei dati personalizzate per ridurre le imprecisioni e risparmiare tempo.<\/span><\/span><\/li>\n<li><span class=\"jCAhz\"><span class=\"ryNqvb\"><strong>Elaborazione automatica dei fogli presenze<\/strong>: automatizza processi complessi per la compilazione, l&#8217;approvazione e la finalizzazione dei dati relativi a tempi e spese per la chiusura del periodo e trasferiscili facilmente ad altri sistemi e fonti.<\/span><\/span><\/li>\n<li><span class=\"jCAhz\"><span class=\"ryNqvb\"><strong>Monitoraggio e ratei ferie<\/strong>: semplifica il processo di monitoraggio dei ratei ferie dei dipendenti e la gestione delle richieste di ferie fornendo un&#8217;interfaccia semplice per la gestione dei supervisori.<\/span><\/span><span class=\"jCAhz\"><span class=\"ryNqvb\">\u00a0 <\/span><\/span><\/li>\n<li><span class=\"jCAhz\"><span class=\"ryNqvb\"><strong>Motore di regole per la gestione delle paghe:<\/strong> automatizza i processi di gestione delle paghe della tua azienda con i dati su orari e spese \u00a0per un&#8217;elaborazione paghe semplice e accurata.<\/span><\/span><\/li>\n<\/ul>\n<h4>LE RECENSIONI DEGLI UTENTI<\/h4>\n<p><strong>Sunny &#8220;Ottimo prodotto, consigliato!&#8221;<\/strong><br \/>\n<strong>Commenti<\/strong>: Consiglio vivamente l&#8217;acquisto di questo software!<br \/>\n<strong>Pro<\/strong>: Ottimo supporto e formazione disponibili. Una volta capito come usarlo, il software \u00e8 fantastico. All&#8217;inizio bisogna dedicare un po&#8217; di tempo, ma ne vale la pena!<br \/>\n<strong>Contro<\/strong>: Non \u00e8 semplicissimo capirlo senza un po&#8217; di formazione, ma lo staff \u00e8 sempre disponibile ad aiutare durante il percorso di apprendimento.<\/p>\n<p><strong>Bernie &#8220;Journyx Ottimo rapporto qualit\u00e0-prezzo&#8221;<\/strong><br \/>\n<strong>Commenti<\/strong>: Se stai cercando un ottimo strumento per tenere traccia del tempo da utilizzare con QuickBooks per la fatturazione, questo \u00e8 il prodotto che fa per te.<br \/>\n<strong>Pro<\/strong>: Ottime funzionalit\u00e0, facile da installare e utilizzare. Sincronizzazione dei dati orari con QuickBooks. Modello di licenza flessibile che si adatta alle tue esigenze.<\/p>\n<p><strong>Claire &#8220;Azienda e supporto fantastici!&#8221;<\/strong><br \/>\n<strong>Commenti<\/strong>: La nostra attivit\u00e0 trae grandi vantaggi da questo sistema online, dove i nostri consulenti, dislocati in tutti gli Stati Uniti, possono inserire tempi e spese per stipendi, fatturazione, ecc. \u00c8 anche un ottimo sistema di monitoraggio per la rendicontazione a lungo termine. Lo adoriamo.<br \/>\n<strong>Pro<\/strong>: Journyx \u00e8 un fantastico sistema di monitoraggio del tempo e delle spese con sede ad Austin, in Texas. Ci piace supportare le nostre aziende locali in Texas e abbiamo riscontrato un&#8217;eccellente qualit\u00e0, competenza e supporto. Si integra perfettamente con il nostro sistema di contabilit\u00e0, QB, ed \u00e8 il mio standard per molti report giornalieri, settimanali, mensili e annuali. Non riesco a immaginare la mia vita aziendale senza!<br \/>\n<strong>Contro<\/strong>: Devono lavorare di pi\u00f9 con i report Excel disponibili. Non ho avuto il tempo di rivederli fin dall&#8217;inizio. Non mi riferisco all&#8217;esportazione dei report in formato Excel. Funziona benissimo.<\/p>\n<\/div>\n<\/div>\n<\/div>\n<\/div>\n<\/div>\n<\/div>\n<\/div>\n","protected":false},"excerpt":{"rendered":"<p>Journyx fornisce un software di monitoraggio del tempo basato su cloud per le organizzazioni che necessitano di monitorare in modo semplice e accurato il tempo e le spese dei dipendenti per la contabilit\u00e0 dei costi di progetto, la fatturazione, le paghe, la conformit\u00e0 e altro ancora. Le soluzioni di monitoraggio del tempo offrono un livello di personalizzazione e flessibilit\u00e0 senza pari.<\/p>\n","protected":false},"author":19,"featured_media":92782,"parent":87246,"menu_order":0,"comment_status":"open","ping_status":"closed","template":"g1_template_page_review_new.php","meta":{"_acf_changed":false,"cwp_meta_box_check":"No","cwp_rev_product_name":"","cwp_rev_product_image":"","wppr_links":[],"cwp_rev_price":"","wppr_options":[],"wppr_pros":[],"wppr_cons":[],"_monsterinsights_skip_tracking":false,"_monsterinsights_sitenote_active":false,"_monsterinsights_sitenote_note":"","_monsterinsights_sitenote_category":0,"footnotes":""},"categories":[16111],"tags":[16330,16146,16121,16120,16144,16123],"features":[],"class_list":{"0":"post-92780","1":"page","2":"type-page","3":"status-publish","4":"has-post-thumbnail","6":"category-programmi-per-turni-di-lavoro","7":"tag-journyx","8":"tag-piattaforma-turni-di-lavoro","9":"tag-programma-turni-di-lavoro","10":"tag-software-turni-di-lavoro","11":"tag-soluzione-turni-di-lavoro","12":"tag-turni-di-lavoro"},"wppr_data":{"cwp_meta_box_check":"No"},"acf":[],"yoast_head":"<!-- This site is optimized with the Yoast SEO plugin v27.4 - https:\/\/yoast.com\/product\/yoast-seo-wordpress\/ -->\n<title>Journyx: recensione software per turni di lavoro - Accurate Reviews<\/title>\n<meta name=\"description\" content=\"Journyx: recensione software di monitoraggio del tempo per controllare in modo semplice e accurato il tempo e le spese dei dipendenti.\" \/>\n<meta name=\"robots\" content=\"index, follow, max-snippet:-1, max-image-preview:large, max-video-preview:-1\" \/>\n<link rel=\"canonical\" href=\"https:\/\/www.accuratereviews.com\/it\/programmi-gestione-turni-lavoro\/journyx-recensione\/\" \/>\n<meta property=\"og:locale\" content=\"it_IT\" \/>\n<meta property=\"og:type\" content=\"article\" \/>\n<meta property=\"og:title\" content=\"Journyx: recensione software per turni di lavoro - Accurate Reviews\" \/>\n<meta property=\"og:description\" content=\"Journyx: recensione software di monitoraggio del tempo per controllare in modo semplice e accurato il tempo e le spese dei dipendenti.\" \/>\n<meta property=\"og:url\" content=\"https:\/\/www.accuratereviews.com\/it\/programmi-gestione-turni-lavoro\/journyx-recensione\/\" \/>\n<meta property=\"og:site_name\" content=\"Accurate Reviews\" \/>\n<meta property=\"article:modified_time\" content=\"2025-10-13T17:41:07+00:00\" \/>\n<meta property=\"og:image\" content=\"https:\/\/www.accuratereviews.com\/wp-content\/uploads\/2025\/06\/Journyx.png\" \/>\n\t<meta property=\"og:image:width\" content=\"572\" \/>\n\t<meta property=\"og:image:height\" content=\"252\" \/>\n\t<meta property=\"og:image:type\" content=\"image\/png\" \/>\n<meta name=\"twitter:card\" content=\"summary_large_image\" \/>\n<meta name=\"twitter:label1\" content=\"Tempo di lettura stimato\" \/>\n\t<meta name=\"twitter:data1\" content=\"6 minuti\" \/>\n<script type=\"application\/ld+json\" class=\"yoast-schema-graph\">{\"@context\":\"https:\\\/\\\/schema.org\",\"@graph\":[{\"@type\":\"WebPage\",\"@id\":\"https:\\\/\\\/www.accuratereviews.com\\\/it\\\/programmi-gestione-turni-lavoro\\\/journyx-recensione\\\/\",\"url\":\"https:\\\/\\\/www.accuratereviews.com\\\/it\\\/programmi-gestione-turni-lavoro\\\/journyx-recensione\\\/\",\"name\":\"Journyx: recensione software per turni di lavoro - Accurate Reviews\",\"isPartOf\":{\"@id\":\"https:\\\/\\\/www.accuratereviews.com\\\/it\\\/#website\"},\"primaryImageOfPage\":{\"@id\":\"https:\\\/\\\/www.accuratereviews.com\\\/it\\\/programmi-gestione-turni-lavoro\\\/journyx-recensione\\\/#primaryimage\"},\"image\":{\"@id\":\"https:\\\/\\\/www.accuratereviews.com\\\/it\\\/programmi-gestione-turni-lavoro\\\/journyx-recensione\\\/#primaryimage\"},\"thumbnailUrl\":\"https:\\\/\\\/www.accuratereviews.com\\\/wp-content\\\/uploads\\\/2025\\\/06\\\/Journyx.png\",\"datePublished\":\"2025-06-24T14:30:26+00:00\",\"dateModified\":\"2025-10-13T17:41:07+00:00\",\"description\":\"Journyx: recensione software di monitoraggio del tempo per controllare in modo semplice e accurato il tempo e le spese dei dipendenti.\",\"breadcrumb\":{\"@id\":\"https:\\\/\\\/www.accuratereviews.com\\\/it\\\/programmi-gestione-turni-lavoro\\\/journyx-recensione\\\/#breadcrumb\"},\"inLanguage\":\"it-IT\",\"potentialAction\":[{\"@type\":\"ReadAction\",\"target\":[\"https:\\\/\\\/www.accuratereviews.com\\\/it\\\/programmi-gestione-turni-lavoro\\\/journyx-recensione\\\/\"]}]},{\"@type\":\"ImageObject\",\"inLanguage\":\"it-IT\",\"@id\":\"https:\\\/\\\/www.accuratereviews.com\\\/it\\\/programmi-gestione-turni-lavoro\\\/journyx-recensione\\\/#primaryimage\",\"url\":\"https:\\\/\\\/www.accuratereviews.com\\\/wp-content\\\/uploads\\\/2025\\\/06\\\/Journyx.png\",\"contentUrl\":\"https:\\\/\\\/www.accuratereviews.com\\\/wp-content\\\/uploads\\\/2025\\\/06\\\/Journyx.png\",\"width\":572,\"height\":252},{\"@type\":\"BreadcrumbList\",\"@id\":\"https:\\\/\\\/www.accuratereviews.com\\\/it\\\/programmi-gestione-turni-lavoro\\\/journyx-recensione\\\/#breadcrumb\",\"itemListElement\":[{\"@type\":\"ListItem\",\"position\":1,\"name\":\"Home\",\"item\":\"https:\\\/\\\/www.accuratereviews.com\\\/it\\\/\"},{\"@type\":\"ListItem\",\"position\":2,\"name\":\"Programmi per turni di lavoro\",\"item\":\"https:\\\/\\\/www.accuratereviews.com\\\/it\\\/programmi-gestione-turni-lavoro\\\/\"},{\"@type\":\"ListItem\",\"position\":3,\"name\":\"Journyx\"}]},{\"@type\":\"WebSite\",\"@id\":\"https:\\\/\\\/www.accuratereviews.com\\\/it\\\/#website\",\"url\":\"https:\\\/\\\/www.accuratereviews.com\\\/it\\\/\",\"name\":\"Accurate Reviews\",\"description\":\"\",\"potentialAction\":[{\"@type\":\"SearchAction\",\"target\":{\"@type\":\"EntryPoint\",\"urlTemplate\":\"https:\\\/\\\/www.accuratereviews.com\\\/it\\\/?s={search_term_string}\"},\"query-input\":{\"@type\":\"PropertyValueSpecification\",\"valueRequired\":true,\"valueName\":\"search_term_string\"}}],\"inLanguage\":\"it-IT\"}]}<\/script>\n<!-- \/ Yoast SEO plugin. -->","yoast_head_json":{"title":"Journyx: recensione software per turni di lavoro - Accurate Reviews","description":"Journyx: recensione software di monitoraggio del tempo per controllare in modo semplice e accurato il tempo e le spese dei dipendenti.","robots":{"index":"index","follow":"follow","max-snippet":"max-snippet:-1","max-image-preview":"max-image-preview:large","max-video-preview":"max-video-preview:-1"},"canonical":"https:\/\/www.accuratereviews.com\/it\/programmi-gestione-turni-lavoro\/journyx-recensione\/","og_locale":"it_IT","og_type":"article","og_title":"Journyx: recensione software per turni di lavoro - Accurate Reviews","og_description":"Journyx: recensione software di monitoraggio del tempo per controllare in modo semplice e accurato il tempo e le spese dei dipendenti.","og_url":"https:\/\/www.accuratereviews.com\/it\/programmi-gestione-turni-lavoro\/journyx-recensione\/","og_site_name":"Accurate Reviews","article_modified_time":"2025-10-13T17:41:07+00:00","og_image":[{"width":572,"height":252,"url":"https:\/\/www.accuratereviews.com\/wp-content\/uploads\/2025\/06\/Journyx.png","type":"image\/png"}],"twitter_card":"summary_large_image","twitter_misc":{"Tempo di lettura stimato":"6 minuti"},"schema":{"@context":"https:\/\/schema.org","@graph":[{"@type":"WebPage","@id":"https:\/\/www.accuratereviews.com\/it\/programmi-gestione-turni-lavoro\/journyx-recensione\/","url":"https:\/\/www.accuratereviews.com\/it\/programmi-gestione-turni-lavoro\/journyx-recensione\/","name":"Journyx: recensione software per turni di lavoro - Accurate Reviews","isPartOf":{"@id":"https:\/\/www.accuratereviews.com\/it\/#website"},"primaryImageOfPage":{"@id":"https:\/\/www.accuratereviews.com\/it\/programmi-gestione-turni-lavoro\/journyx-recensione\/#primaryimage"},"image":{"@id":"https:\/\/www.accuratereviews.com\/it\/programmi-gestione-turni-lavoro\/journyx-recensione\/#primaryimage"},"thumbnailUrl":"https:\/\/www.accuratereviews.com\/wp-content\/uploads\/2025\/06\/Journyx.png","datePublished":"2025-06-24T14:30:26+00:00","dateModified":"2025-10-13T17:41:07+00:00","description":"Journyx: recensione software di monitoraggio del tempo per controllare in modo semplice e accurato il tempo e le spese dei dipendenti.","breadcrumb":{"@id":"https:\/\/www.accuratereviews.com\/it\/programmi-gestione-turni-lavoro\/journyx-recensione\/#breadcrumb"},"inLanguage":"it-IT","potentialAction":[{"@type":"ReadAction","target":["https:\/\/www.accuratereviews.com\/it\/programmi-gestione-turni-lavoro\/journyx-recensione\/"]}]},{"@type":"ImageObject","inLanguage":"it-IT","@id":"https:\/\/www.accuratereviews.com\/it\/programmi-gestione-turni-lavoro\/journyx-recensione\/#primaryimage","url":"https:\/\/www.accuratereviews.com\/wp-content\/uploads\/2025\/06\/Journyx.png","contentUrl":"https:\/\/www.accuratereviews.com\/wp-content\/uploads\/2025\/06\/Journyx.png","width":572,"height":252},{"@type":"BreadcrumbList","@id":"https:\/\/www.accuratereviews.com\/it\/programmi-gestione-turni-lavoro\/journyx-recensione\/#breadcrumb","itemListElement":[{"@type":"ListItem","position":1,"name":"Home","item":"https:\/\/www.accuratereviews.com\/it\/"},{"@type":"ListItem","position":2,"name":"Programmi per turni di lavoro","item":"https:\/\/www.accuratereviews.com\/it\/programmi-gestione-turni-lavoro\/"},{"@type":"ListItem","position":3,"name":"Journyx"}]},{"@type":"WebSite","@id":"https:\/\/www.accuratereviews.com\/it\/#website","url":"https:\/\/www.accuratereviews.com\/it\/","name":"Accurate Reviews","description":"","potentialAction":[{"@type":"SearchAction","target":{"@type":"EntryPoint","urlTemplate":"https:\/\/www.accuratereviews.com\/it\/?s={search_term_string}"},"query-input":{"@type":"PropertyValueSpecification","valueRequired":true,"valueName":"search_term_string"}}],"inLanguage":"it-IT"}]}},"_links":{"self":[{"href":"https:\/\/www.accuratereviews.com\/it\/wp-json\/wp\/v2\/pages\/92780","targetHints":{"allow":["GET"]}}],"collection":[{"href":"https:\/\/www.accuratereviews.com\/it\/wp-json\/wp\/v2\/pages"}],"about":[{"href":"https:\/\/www.accuratereviews.com\/it\/wp-json\/wp\/v2\/types\/page"}],"author":[{"embeddable":true,"href":"https:\/\/www.accuratereviews.com\/it\/wp-json\/wp\/v2\/users\/19"}],"replies":[{"embeddable":true,"href":"https:\/\/www.accuratereviews.com\/it\/wp-json\/wp\/v2\/comments?post=92780"}],"version-history":[{"count":14,"href":"https:\/\/www.accuratereviews.com\/it\/wp-json\/wp\/v2\/pages\/92780\/revisions"}],"predecessor-version":[{"id":104323,"href":"https:\/\/www.accuratereviews.com\/it\/wp-json\/wp\/v2\/pages\/92780\/revisions\/104323"}],"up":[{"embeddable":true,"href":"https:\/\/www.accuratereviews.com\/it\/wp-json\/wp\/v2\/pages\/87246"}],"wp:featuredmedia":[{"embeddable":true,"href":"https:\/\/www.accuratereviews.com\/it\/wp-json\/wp\/v2\/media\/92782"}],"wp:attachment":[{"href":"https:\/\/www.accuratereviews.com\/it\/wp-json\/wp\/v2\/media?parent=92780"}],"wp:term":[{"taxonomy":"category","embeddable":true,"href":"https:\/\/www.accuratereviews.com\/it\/wp-json\/wp\/v2\/categories?post=92780"},{"taxonomy":"post_tag","embeddable":true,"href":"https:\/\/www.accuratereviews.com\/it\/wp-json\/wp\/v2\/tags?post=92780"},{"taxonomy":"features","embeddable":true,"href":"https:\/\/www.accuratereviews.com\/it\/wp-json\/wp\/v2\/features?post=92780"}],"curies":[{"name":"wp","href":"https:\/\/api.w.org\/{rel}","templated":true}]}}