{"id":92837,"date":"2025-06-25T20:39:39","date_gmt":"2025-06-25T20:39:39","guid":{"rendered":"https:\/\/www.accuratereviews.com\/?page_id=92837"},"modified":"2025-06-26T10:02:37","modified_gmt":"2025-06-26T10:02:37","slug":"schedule-it-recensione","status":"publish","type":"page","link":"https:\/\/www.accuratereviews.com\/it\/programmi-gestione-turni-lavoro\/schedule-it-recensione\/","title":{"rendered":"Schedule.It"},"content":{"rendered":"<p><strong>Schedule.it<\/strong> \u00e8 una <strong>soluzione di pianificazione delle risorse<\/strong> che pu\u00f2 essere utilizzata per pianificare dipendenti, strutture, corsi di formazione, attrezzature e altro ancora. Il sistema \u00e8 adatto ad aziende di tutte le dimensioni e pu\u00f2 essere ospitato nel cloud o installato on-premise su desktop Windows. L&#8217;interfaccia drag-and-drop di <strong>Schedule.it<\/strong>\u00a0 consente agli utenti di creare, modificare, spostare e riassegnare eventi per pi\u00f9 risorse, dipendenti e offre visibilit\u00e0 sulla disponibilit\u00e0 di tutte le risorse.<br \/>\nI controlli automatici rilevano problemi di disponibilit\u00e0, competenze o doppie prenotazioni, con strumenti per la risoluzione dei conflitti. L&#8217;abbinamento automatico delle competenze pu\u00f2 essere utilizzato per abbinare dipendenti a posizioni lavorative o tutor a corsi di formazione. I dettagli di dipendenti, clienti, committenti, tutor e delegati vengono archiviati in un database centralizzato e i documenti possono essere archiviati nel sistema e collegati alle posizioni lavorative.<\/p>\n<h2>SCHEDULE.IT &#8211; TUTORIAL<\/h2>\n<div id=\"fluid-wrapper-counter-1\" class=\"g1-fluid-wrapper \" style=\"width:686px;\">\n<div style=\"padding-bottom:56.268221574344%;\"><iframe loading=\"lazy\" title=\"Fast and simple resource scheduling software (2019)\" width=\"686\" height=\"386\" src=\"https:\/\/www.youtube.com\/embed\/s_tUYytg2hI?feature=oembed&amp;wmode=transparent&amp;autohide=1&amp;autoplay=0&amp;disablekb=0&amp;fs=1&amp;loop=0&amp;enablejsapi=1&amp;rel=0&amp;controls=2&amp;showinfo=0&amp;wmode=transparent&amp;autohide=2&amp;autoplay=0&amp;disablekb=0&amp;fs=1&amp;loop=0&amp;enablejsapi=1&amp;rel=0&amp;controls=2&amp;showinfo=1\" frameborder=\"0\" allow=\"accelerometer; autoplay; clipboard-write; encrypted-media; gyroscope; picture-in-picture; web-share\" referrerpolicy=\"strict-origin-when-cross-origin\" allowfullscreen><\/iframe><\/div>\n<\/div>\n<h3>SCHEDULE.IT &#8211; CARATTERISTICHE<\/h3>\n<ul>\n<li><strong>Visualizzazioni e layout potenti<\/strong>: mostra l&#8217;intero carico di lavoro in una timeline per 1 giorno o fino a 1 anno, oppure su bacheche Kanban, nei tradizionali calendari mensili, settimanali e giornalieri, semplici elenchi, diagrammi di Gantt o una mappa per visualizzare la posizione di tutte le risorse e il lavoro pianificato. Puoi scegliere e passare da una visualizzazione all&#8217;altra in base alle tue esigenze.<\/li>\n<li><strong>Pianificazione rapida e semplice con trascinamento della selezione<\/strong>: aggiungi, modifica, sposta e riassegna gli eventi con un semplice clic o spostamento del mouse. L&#8217;allocazione rapida delle risorse e la facilit\u00e0 di aggiornamento delle pianificazioni ti faranno risparmiare ore di tempo, mentre l&#8217;assistente evita il sovraffollamento e garantisce che tutte le competenze critiche siano coperte.<\/li>\n<li><strong>Tagging e categorizzazione degli eventi<\/strong>: capisci chi sta lavorando a un evento, a chi \u00e8 destinato e cosa \u00e8 necessario. Tagga persone, clienti, tipo di lavoro, attrezzature necessarie, stato dell&#8217;ordine, stato dei pagamenti e molto altro ancora con tag illimitati. Puoi avere qualsiasi risorsa e tag e aggiungerli rapidamente digitando o selezionando da un elenco.<\/li>\n<li><strong>Ottieni rapidamente report su qualsiasi risorsa o evento<\/strong>: rapporti completamente personalizzabili per fogli presenze, moduli d&#8217;ordine, fogli di prenotazione, schede lavoro e molto altro ancora. Visualizza facilmente l&#8217;utilizzo e altre informazioni statistiche per le risorse pianificate. Visualizza online o esporta in altri strumenti come Excel.<\/li>\n<li><strong>Accedi ovunque su qualsiasi dispositivo<\/strong>: utilizzalo su qualsiasi dispositivo con il software desktop, l&#8217;accesso web e le app mobili. Potete anche visualizzare in altri strumenti come Outlook, Google Calendar, Apple iCal e altri ancora.<\/li>\n<li><strong>Cronologia eventi e registro di controllo illimitati<\/strong>: tenere traccia di chi ha fatto cosa e quando \u00e8 fondamentale. Cronologia completa degli eventi e registro di controllo per tutte le persone, i clienti e le altre risorse. Una volta pianificata, un&#8217;attivit\u00e0 non va mai persa ed \u00e8 sempre disponibile per la visualizzazione e la creazione di report in qualsiasi momento.<\/li>\n<li><strong>Automazioni del flusso di lavoro e integrazioni esterne<\/strong>: automatizza le attivit\u00e0 manuali e risparmia ore di tempo. Integra e condividi la tua pianificazione e le tue risorse con gli strumenti che gi\u00e0 utilizzi. Ricevi avvisi, promemoria e aggiornamenti sulla pianificazione nei tuoi strumenti di comunicazione preferiti. Condividi i dati di pianificazione con altri software e servizi.<\/li>\n<li><strong>App di pianificazione e programmazione<\/strong>: consenti al personale, ovunque si trovi e con qualsiasi dispositivo, di visualizzare e aggiornare tutti i lavori pianificati. Effettua il check-in all&#8217;arrivo, fornisci feedback in tempo reale all&#8217;ufficio durante l&#8217;avanzamento del lavoro, chiedi al cliente di firmare per confermare la sua soddisfazione e di effettuare il check-out all&#8217;uscita.<\/li>\n<\/ul>\n<h4>LE RECENSIONE DEGLI UTENTI<\/h4>\n<p><strong>Joao Gabriel &#8220;Un buon software per organizzare lo spazio, la pianificazione e il lavoro in generale.&#8221;<\/strong><br \/>\n<strong>Commenti<\/strong>: \u00c8 un buon software e aiuta davvero la tua azienda a organizzare meglio il programma di lavoro e lo spazio in un modo molto specifico, il che rende il tuo lavoro pi\u00f9 semplice. Ti aiuta anche a vedere quando qualcuno pianifica spazi, progetti, risorse e semplifica la pianificazione e la gestione in generale.<br \/>\n<strong>Pro<\/strong>: Mi piace molto la faticit\u00e0 che il software offre all&#8217;azienda. La pianificazione di spazi, persone e progetti aiuta l&#8217;azienda ad aumentare la gestione del lavoro e anche lo spazio fisico di essa.<br \/>\n<strong>Contro<\/strong>: Penso che il software potrebbe aggiungere altre funzioni per renderlo ancora pi\u00f9 ottimizzato.<\/p>\n<p><strong>Joe &#8220;Ottimo prodotto&#8221;<\/strong><br \/>\n<strong>Pro<\/strong>: La semplicit\u00e0 e la flessibilit\u00e0 ci hanno davvero aiutato a passare da metodi di pianificazione antiquati a un approccio moderno.<br \/>\n<strong>Contro<\/strong>: Non molto, a volte si disconnette, questo \u00e8 tutto.<\/p>\n<p><strong>James &#8220;Ottimo prodotto&#8221;<\/strong><br \/>\n<strong>Commenti<\/strong>: \u00c8 stato molto facile contattare e trattare con lo staff.<br \/>\n<strong>Pro<\/strong>: Molto facile da usare e navigare. Ottimo supporto clienti.<br \/>\n<strong>Contro<\/strong>: Vorrei personalizzare di pi\u00f9 in base alle esigenze della mia attivit\u00e0<\/p>\n","protected":false},"excerpt":{"rendered":"<p>Schedule.it \u00e8 una soluzione di pianificazione delle risorse che pu\u00f2 essere utilizzata per pianificare dipendenti, strutture, corsi di formazione, attrezzature e altro ancora. Il sistema \u00e8 adatto ad aziende di tutte le dimensioni e pu\u00f2 essere ospitato nel cloud o installato on-premise su desktop Windows. L&#8217;interfaccia drag-and-drop consente agli utenti di creare, modificare, spostare e riassegnare eventi per pi\u00f9 risorse, dipendenti e offre visibilit\u00e0 sulla disponibilit\u00e0 di tutte le risorse.<\/p>\n","protected":false},"author":19,"featured_media":92848,"parent":87246,"menu_order":0,"comment_status":"open","ping_status":"closed","template":"g1_template_page_review_new.php","meta":{"_acf_changed":false,"cwp_meta_box_check":"No","cwp_rev_product_name":"","cwp_rev_product_image":"","wppr_links":[],"cwp_rev_price":"","wppr_options":[],"wppr_pros":[],"wppr_cons":[],"_monsterinsights_skip_tracking":false,"_monsterinsights_sitenote_active":false,"_monsterinsights_sitenote_note":"","_monsterinsights_sitenote_category":0,"footnotes":""},"categories":[16111],"tags":[16146,16121,16332,16120,16144,16123],"features":[],"class_list":{"0":"post-92837","1":"page","2":"type-page","3":"status-publish","4":"has-post-thumbnail","6":"category-programmi-per-turni-di-lavoro","7":"tag-piattaforma-turni-di-lavoro","8":"tag-programma-turni-di-lavoro","9":"tag-schedule-it","10":"tag-software-turni-di-lavoro","11":"tag-soluzione-turni-di-lavoro","12":"tag-turni-di-lavoro"},"wppr_data":{"cwp_meta_box_check":"No"},"acf":[],"yoast_head":"<!-- This site is optimized with the Yoast SEO plugin v27.4 - https:\/\/yoast.com\/product\/yoast-seo-wordpress\/ -->\n<title>Schedule.it: recensione software turni di lavoro - Accurate Reviews<\/title>\n<meta name=\"description\" content=\"Schedule.it: soluzione di pianificazione delle risorse che pu\u00f2 essere utilizzata per pianificare dipendenti, strutture e corsi di formazione.\" \/>\n<meta name=\"robots\" content=\"index, follow, max-snippet:-1, max-image-preview:large, max-video-preview:-1\" \/>\n<link rel=\"canonical\" href=\"https:\/\/www.accuratereviews.com\/it\/programmi-gestione-turni-lavoro\/schedule-it-recensione\/\" \/>\n<meta property=\"og:locale\" content=\"it_IT\" \/>\n<meta property=\"og:type\" content=\"article\" \/>\n<meta property=\"og:title\" content=\"Schedule.it: recensione software turni di lavoro - Accurate Reviews\" \/>\n<meta property=\"og:description\" content=\"Schedule.it: soluzione di pianificazione delle risorse che pu\u00f2 essere utilizzata per pianificare dipendenti, strutture e corsi di formazione.\" \/>\n<meta property=\"og:url\" content=\"https:\/\/www.accuratereviews.com\/it\/programmi-gestione-turni-lavoro\/schedule-it-recensione\/\" \/>\n<meta property=\"og:site_name\" content=\"Accurate Reviews\" \/>\n<meta property=\"article:modified_time\" content=\"2025-06-26T10:02:37+00:00\" \/>\n<meta property=\"og:image\" content=\"https:\/\/www.accuratereviews.com\/wp-content\/uploads\/2025\/06\/scheduleitlogo_big_border.jpg\" \/>\n\t<meta property=\"og:image:width\" content=\"250\" \/>\n\t<meta property=\"og:image:height\" content=\"250\" \/>\n\t<meta property=\"og:image:type\" content=\"image\/jpeg\" \/>\n<meta name=\"twitter:card\" content=\"summary_large_image\" \/>\n<meta name=\"twitter:label1\" content=\"Tempo di lettura stimato\" \/>\n\t<meta name=\"twitter:data1\" content=\"5 minuti\" \/>\n<script type=\"application\/ld+json\" class=\"yoast-schema-graph\">{\"@context\":\"https:\\\/\\\/schema.org\",\"@graph\":[{\"@type\":\"WebPage\",\"@id\":\"https:\\\/\\\/www.accuratereviews.com\\\/it\\\/programmi-gestione-turni-lavoro\\\/schedule-it-recensione\\\/\",\"url\":\"https:\\\/\\\/www.accuratereviews.com\\\/it\\\/programmi-gestione-turni-lavoro\\\/schedule-it-recensione\\\/\",\"name\":\"Schedule.it: recensione software turni di lavoro - Accurate Reviews\",\"isPartOf\":{\"@id\":\"https:\\\/\\\/www.accuratereviews.com\\\/it\\\/#website\"},\"primaryImageOfPage\":{\"@id\":\"https:\\\/\\\/www.accuratereviews.com\\\/it\\\/programmi-gestione-turni-lavoro\\\/schedule-it-recensione\\\/#primaryimage\"},\"image\":{\"@id\":\"https:\\\/\\\/www.accuratereviews.com\\\/it\\\/programmi-gestione-turni-lavoro\\\/schedule-it-recensione\\\/#primaryimage\"},\"thumbnailUrl\":\"https:\\\/\\\/www.accuratereviews.com\\\/wp-content\\\/uploads\\\/2025\\\/06\\\/scheduleitlogo_big_border.jpg\",\"datePublished\":\"2025-06-25T20:39:39+00:00\",\"dateModified\":\"2025-06-26T10:02:37+00:00\",\"description\":\"Schedule.it: soluzione di pianificazione delle risorse che pu\u00f2 essere utilizzata per pianificare dipendenti, strutture e corsi di formazione.\",\"breadcrumb\":{\"@id\":\"https:\\\/\\\/www.accuratereviews.com\\\/it\\\/programmi-gestione-turni-lavoro\\\/schedule-it-recensione\\\/#breadcrumb\"},\"inLanguage\":\"it-IT\",\"potentialAction\":[{\"@type\":\"ReadAction\",\"target\":[\"https:\\\/\\\/www.accuratereviews.com\\\/it\\\/programmi-gestione-turni-lavoro\\\/schedule-it-recensione\\\/\"]}]},{\"@type\":\"ImageObject\",\"inLanguage\":\"it-IT\",\"@id\":\"https:\\\/\\\/www.accuratereviews.com\\\/it\\\/programmi-gestione-turni-lavoro\\\/schedule-it-recensione\\\/#primaryimage\",\"url\":\"https:\\\/\\\/www.accuratereviews.com\\\/wp-content\\\/uploads\\\/2025\\\/06\\\/scheduleitlogo_big_border.jpg\",\"contentUrl\":\"https:\\\/\\\/www.accuratereviews.com\\\/wp-content\\\/uploads\\\/2025\\\/06\\\/scheduleitlogo_big_border.jpg\",\"width\":250,\"height\":250},{\"@type\":\"BreadcrumbList\",\"@id\":\"https:\\\/\\\/www.accuratereviews.com\\\/it\\\/programmi-gestione-turni-lavoro\\\/schedule-it-recensione\\\/#breadcrumb\",\"itemListElement\":[{\"@type\":\"ListItem\",\"position\":1,\"name\":\"Home\",\"item\":\"https:\\\/\\\/www.accuratereviews.com\\\/it\\\/\"},{\"@type\":\"ListItem\",\"position\":2,\"name\":\"Programmi per turni di lavoro\",\"item\":\"https:\\\/\\\/www.accuratereviews.com\\\/it\\\/programmi-gestione-turni-lavoro\\\/\"},{\"@type\":\"ListItem\",\"position\":3,\"name\":\"Schedule.It\"}]},{\"@type\":\"WebSite\",\"@id\":\"https:\\\/\\\/www.accuratereviews.com\\\/it\\\/#website\",\"url\":\"https:\\\/\\\/www.accuratereviews.com\\\/it\\\/\",\"name\":\"Accurate Reviews\",\"description\":\"\",\"potentialAction\":[{\"@type\":\"SearchAction\",\"target\":{\"@type\":\"EntryPoint\",\"urlTemplate\":\"https:\\\/\\\/www.accuratereviews.com\\\/it\\\/?s={search_term_string}\"},\"query-input\":{\"@type\":\"PropertyValueSpecification\",\"valueRequired\":true,\"valueName\":\"search_term_string\"}}],\"inLanguage\":\"it-IT\"}]}<\/script>\n<!-- \/ Yoast SEO plugin. -->","yoast_head_json":{"title":"Schedule.it: recensione software turni di lavoro - Accurate Reviews","description":"Schedule.it: soluzione di pianificazione delle risorse che pu\u00f2 essere utilizzata per pianificare dipendenti, strutture e corsi di formazione.","robots":{"index":"index","follow":"follow","max-snippet":"max-snippet:-1","max-image-preview":"max-image-preview:large","max-video-preview":"max-video-preview:-1"},"canonical":"https:\/\/www.accuratereviews.com\/it\/programmi-gestione-turni-lavoro\/schedule-it-recensione\/","og_locale":"it_IT","og_type":"article","og_title":"Schedule.it: recensione software turni di lavoro - Accurate Reviews","og_description":"Schedule.it: soluzione di pianificazione delle risorse che pu\u00f2 essere utilizzata per pianificare dipendenti, strutture e corsi di formazione.","og_url":"https:\/\/www.accuratereviews.com\/it\/programmi-gestione-turni-lavoro\/schedule-it-recensione\/","og_site_name":"Accurate Reviews","article_modified_time":"2025-06-26T10:02:37+00:00","og_image":[{"width":250,"height":250,"url":"https:\/\/www.accuratereviews.com\/wp-content\/uploads\/2025\/06\/scheduleitlogo_big_border.jpg","type":"image\/jpeg"}],"twitter_card":"summary_large_image","twitter_misc":{"Tempo di lettura stimato":"5 minuti"},"schema":{"@context":"https:\/\/schema.org","@graph":[{"@type":"WebPage","@id":"https:\/\/www.accuratereviews.com\/it\/programmi-gestione-turni-lavoro\/schedule-it-recensione\/","url":"https:\/\/www.accuratereviews.com\/it\/programmi-gestione-turni-lavoro\/schedule-it-recensione\/","name":"Schedule.it: recensione software turni di lavoro - Accurate Reviews","isPartOf":{"@id":"https:\/\/www.accuratereviews.com\/it\/#website"},"primaryImageOfPage":{"@id":"https:\/\/www.accuratereviews.com\/it\/programmi-gestione-turni-lavoro\/schedule-it-recensione\/#primaryimage"},"image":{"@id":"https:\/\/www.accuratereviews.com\/it\/programmi-gestione-turni-lavoro\/schedule-it-recensione\/#primaryimage"},"thumbnailUrl":"https:\/\/www.accuratereviews.com\/wp-content\/uploads\/2025\/06\/scheduleitlogo_big_border.jpg","datePublished":"2025-06-25T20:39:39+00:00","dateModified":"2025-06-26T10:02:37+00:00","description":"Schedule.it: soluzione di pianificazione delle risorse che pu\u00f2 essere utilizzata per pianificare dipendenti, strutture e corsi di formazione.","breadcrumb":{"@id":"https:\/\/www.accuratereviews.com\/it\/programmi-gestione-turni-lavoro\/schedule-it-recensione\/#breadcrumb"},"inLanguage":"it-IT","potentialAction":[{"@type":"ReadAction","target":["https:\/\/www.accuratereviews.com\/it\/programmi-gestione-turni-lavoro\/schedule-it-recensione\/"]}]},{"@type":"ImageObject","inLanguage":"it-IT","@id":"https:\/\/www.accuratereviews.com\/it\/programmi-gestione-turni-lavoro\/schedule-it-recensione\/#primaryimage","url":"https:\/\/www.accuratereviews.com\/wp-content\/uploads\/2025\/06\/scheduleitlogo_big_border.jpg","contentUrl":"https:\/\/www.accuratereviews.com\/wp-content\/uploads\/2025\/06\/scheduleitlogo_big_border.jpg","width":250,"height":250},{"@type":"BreadcrumbList","@id":"https:\/\/www.accuratereviews.com\/it\/programmi-gestione-turni-lavoro\/schedule-it-recensione\/#breadcrumb","itemListElement":[{"@type":"ListItem","position":1,"name":"Home","item":"https:\/\/www.accuratereviews.com\/it\/"},{"@type":"ListItem","position":2,"name":"Programmi per turni di lavoro","item":"https:\/\/www.accuratereviews.com\/it\/programmi-gestione-turni-lavoro\/"},{"@type":"ListItem","position":3,"name":"Schedule.It"}]},{"@type":"WebSite","@id":"https:\/\/www.accuratereviews.com\/it\/#website","url":"https:\/\/www.accuratereviews.com\/it\/","name":"Accurate Reviews","description":"","potentialAction":[{"@type":"SearchAction","target":{"@type":"EntryPoint","urlTemplate":"https:\/\/www.accuratereviews.com\/it\/?s={search_term_string}"},"query-input":{"@type":"PropertyValueSpecification","valueRequired":true,"valueName":"search_term_string"}}],"inLanguage":"it-IT"}]}},"_links":{"self":[{"href":"https:\/\/www.accuratereviews.com\/it\/wp-json\/wp\/v2\/pages\/92837","targetHints":{"allow":["GET"]}}],"collection":[{"href":"https:\/\/www.accuratereviews.com\/it\/wp-json\/wp\/v2\/pages"}],"about":[{"href":"https:\/\/www.accuratereviews.com\/it\/wp-json\/wp\/v2\/types\/page"}],"author":[{"embeddable":true,"href":"https:\/\/www.accuratereviews.com\/it\/wp-json\/wp\/v2\/users\/19"}],"replies":[{"embeddable":true,"href":"https:\/\/www.accuratereviews.com\/it\/wp-json\/wp\/v2\/comments?post=92837"}],"version-history":[{"count":12,"href":"https:\/\/www.accuratereviews.com\/it\/wp-json\/wp\/v2\/pages\/92837\/revisions"}],"predecessor-version":[{"id":92884,"href":"https:\/\/www.accuratereviews.com\/it\/wp-json\/wp\/v2\/pages\/92837\/revisions\/92884"}],"up":[{"embeddable":true,"href":"https:\/\/www.accuratereviews.com\/it\/wp-json\/wp\/v2\/pages\/87246"}],"wp:featuredmedia":[{"embeddable":true,"href":"https:\/\/www.accuratereviews.com\/it\/wp-json\/wp\/v2\/media\/92848"}],"wp:attachment":[{"href":"https:\/\/www.accuratereviews.com\/it\/wp-json\/wp\/v2\/media?parent=92837"}],"wp:term":[{"taxonomy":"category","embeddable":true,"href":"https:\/\/www.accuratereviews.com\/it\/wp-json\/wp\/v2\/categories?post=92837"},{"taxonomy":"post_tag","embeddable":true,"href":"https:\/\/www.accuratereviews.com\/it\/wp-json\/wp\/v2\/tags?post=92837"},{"taxonomy":"features","embeddable":true,"href":"https:\/\/www.accuratereviews.com\/it\/wp-json\/wp\/v2\/features?post=92837"}],"curies":[{"name":"wp","href":"https:\/\/api.w.org\/{rel}","templated":true}]}}