{"id":93003,"date":"2025-06-30T18:59:05","date_gmt":"2025-06-30T18:59:05","guid":{"rendered":"https:\/\/www.accuratereviews.com\/?page_id=93003"},"modified":"2025-07-01T09:22:45","modified_gmt":"2025-07-01T09:22:45","slug":"harri-recensione","status":"publish","type":"page","link":"https:\/\/www.accuratereviews.com\/it\/programmi-gestione-turni-lavoro\/harri-recensione\/","title":{"rendered":"Harri"},"content":{"rendered":"<p><strong>Harri<\/strong> \u00e8 una <strong>piattaforma end-to-end<\/strong> che consente alle aziende di reclutare, gestire e pianificare il personale con una vasta gamma di strumenti, tra cui screening dei candidati, video colloqui, integrazione con le buste paga, lettere di offerta personalizzate e altro ancora. Gli strumenti mobile offrono agli utenti la flessibilit\u00e0 di scoprire e comunicare con i talenti del settore alberghiero, nonch\u00e9 di monitorare i colloqui dei candidati in mobilit\u00e0, da dispositivi <strong>iOS e Android<\/strong>. Gli utenti hanno inoltre accesso centralizzato a tutti i documenti di assunzione, poich\u00e9 la soluzione archivia e gestisce tutte le candidature digitali e i documenti di onboarding come i moduli I-9 e W4. Gli strumenti di firma elettronica e verifica consentono ai dipendenti di rivedere e firmare i documenti online. La <strong>dashboard di reporting<\/strong> offre agli utenti informazioni preziose sul processo di assunzione con metriche e report pertinenti. L&#8217;integrazione con il sistema di gestione paghe, inclusi <strong>ADP, Paychex e Paycom<\/strong>, checklist, avvisi e funzionalit\u00e0 di gestione della conformit\u00e0 semplificando il flusso di lavoro di onboarding.<\/p>\n<h2>HARRI &#8211; TUTORIAL<\/h2>\n<div id=\"fluid-wrapper-counter-1\" class=\"g1-fluid-wrapper \" style=\"width:686px;\">\n<div style=\"padding-bottom:56.268221574344%;\"><iframe loading=\"lazy\" title=\"Harri: The Frontline Employee Experience Platform\" width=\"686\" height=\"386\" src=\"https:\/\/www.youtube.com\/embed\/O8m8UE759EI?feature=oembed&amp;wmode=transparent&amp;autohide=1&amp;autoplay=0&amp;disablekb=0&amp;fs=1&amp;loop=0&amp;enablejsapi=1&amp;rel=0&amp;controls=2&amp;showinfo=0&amp;wmode=transparent&amp;autohide=2&amp;autoplay=0&amp;disablekb=0&amp;fs=1&amp;loop=0&amp;enablejsapi=1&amp;rel=0&amp;controls=2&amp;showinfo=1\" frameborder=\"0\" allow=\"accelerometer; autoplay; clipboard-write; encrypted-media; gyroscope; picture-in-picture; web-share\" referrerpolicy=\"strict-origin-when-cross-origin\" allowfullscreen><\/iframe><\/div>\n<\/div>\n<h3>HARRI &#8211; CARATTERISTICHE<\/h3>\n<ul>\n<li><strong>Acquisizione di talenti<\/strong>: scopri facilmente migliaia di candidati che corrispondono ai tuoi criteri di assunzione specifici utilizzando filtri intelligenti e applicazioni personalizzate. Gli strumenti integrati per l&#8217;acquisizione di talenti ti consentono di raggiungere, reclutare e coinvolgere facilmente candidati attivi e passivi.<\/li>\n<li><strong>Tracciamento dei candidati<\/strong>: semplifica le tue attivit\u00e0 di reclutamento per migliorare il percorso del candidato. Organizza, seleziona, intervista e assumi facilmente i talenti con il sistema di tracciamento dei candidati incentrato sul settore dell&#8217;ospitalit\u00e0.<\/li>\n<li><strong>Onboarding dei dipendenti<\/strong>: digitalizza il processo di assunzione e consenti ai nuovi assunti di completare facilmente il processo di onboarding da qualsiasi dispositivo. Una volta completato, centralizza e proteggi tutti i documenti dei nuovi assunti in un sistema di gestione evergreen.<\/li>\n<li><strong>Pianificazione del personale<\/strong>: finalmente, un approccio integrato per ottimizzare aspetti critici della pianificazione come il costo del lavoro, la conformit\u00e0, le performance di vendita e l&#8217;efficienza editoriale.<\/li>\n<li><strong>Monitoraggio del tempo dei dipendenti<\/strong>: gestisci l&#8217;ambiente di gestione delle presenze in un&#8217;applicazione coinvolgente e biometricamente controllata che gestisce le esigenze di conformit\u00e0 e le comunicazioni al momento dell&#8217;ingresso.<\/li>\n<li><strong>Comunicazione di gruppo<\/strong>: un lavoro di squadra efficiente per ogni sede. Un unico luogo per organizzare conversazioni, collaborazione, richieste e consapevolezza.<\/li>\n<li><strong>Informazioni intelligenti sui dipendenti<\/strong>: raggiungi l&#8217;eccellenza operativa e prendi decisioni economiche agili con strumenti di reporting e analisi in tempo reale. Ottieni informazioni dettagliate sulle prestazioni delle tue sedi e dei membri del team in ambienti pre e post-assunzione.<\/li>\n<\/ul>\n<h4>LE RECENSIONI DEGLI UTENTI<\/h4>\n<p><strong>Lydia &#8220;Strumento utile per i manager&#8221;<\/strong><br \/>\n<strong>Commenti<\/strong>: come ex Direttore Generale, ho trovato l&#8217;esperienza complessiva eccellente. Avere tutto ci\u00f2 di cui avevo bisogno in un unico posto ha fatto un&#8217;enorme differenza rispetto all&#8217;utilizzo di pi\u00f9 siti separati per svolgere le attivit\u00e0. La piattaforma offriva ottime funzionalit\u00e0 e la consiglierei sicuramente ad altri!<br \/>\n<strong>Pro<\/strong>: ho apprezzato il fatto che ci fosse tutto a portata di mano: informazioni sui dipendenti, onboarding, reclutamento, pianificazione, cartellini, ecc. Non ho dovuto visitare pi\u00f9 siti e account per trovare ci\u00f2 di cui avevo bisogno. \u00c8 molto organizzato.<br \/>\n<strong>Contro<\/strong>: a volte la navigazione poteva risultare un po&#8217; confusa, soprattutto per quanto riguarda la pianificazione, ma sono comunque riuscito a completare ci\u00f2 di cui avevo bisogno. Gestire la disponibilit\u00e0 sovrapposta dei dipendenti a volte era difficile, perch\u00e9 il sistema non sempre riconosceva quando una nuova disponibilit\u00e0 doveva sostituirne una precedente.<\/p>\n<p><strong>Masaru &#8220;Harri, una soluzione completa end-to-end per la gestione del personale.&#8221;<\/strong><br \/>\n<strong>Commenti<\/strong>: per noi \u00e8 una soluzione completa, facile da usare e molto utile.<br \/>\n<strong>Pro<\/strong>: che \u00e8 facile da usare e pu\u00f2 essere un punto di riferimento unico per qualsiasi esigenza dei dipendenti: dal reclutamento, alla pianificazione, alle note, alla retribuzione e ai licenziamenti.<br \/>\n<strong>Contro<\/strong>: l&#8217;onboarding \u00e8 un po&#8217; pi\u00f9 lento di quanto pensavo.<\/p>\n<p><strong>Kinjal &#8220;Harri per l&#8217;onboarding&#8221;<\/strong><br \/>\n<strong>Commenti<\/strong>: Dal mio punto di vista, Harri non \u00e8 una piattaforma di reclutamento, ma prende tutto il processo in modo reale&#8230; l&#8217;inserimento dei nuovi dipendenti<br \/>\n<strong>Pro<\/strong>: rende il processo di gestione delle risorse umane molto pi\u00f9 fluido. Hotel, ristoranti, club e tutte le attivit\u00e0 del settore alberghiero che cercano nuovi talenti&#8230; Harri ha fatto tutto in breve tempo&#8230;<br \/>\n<strong>Contro<\/strong>: sono coperti solo i datori di lavoro del settore della ristorazione e dell&#8217;ospitalit\u00e0. \u00c8 molto difficile trovare gli allegati inviati dai datori di lavoro.<\/p>\n","protected":false},"excerpt":{"rendered":"<p>Harri \u00e8 una piattaforma end-to-end che consente alle aziende di reclutare, gestire e pianificare il personale con una vasta gamma di strumenti, tra cui screening dei candidati, video colloqui, integrazione con le buste paga, lettere di offerta personalizzate e altro ancora. Gli strumenti mobile offrono agli utenti la flessibilit\u00e0 di scoprire e comunicare con i talenti del settore alberghiero, nonch\u00e9 di monitorare i colloqui dei candidati in mobilit\u00e0, da dispositivi iOS e Android.<\/p>\n","protected":false},"author":19,"featured_media":93005,"parent":87246,"menu_order":0,"comment_status":"open","ping_status":"closed","template":"g1_template_page_review_new.php","meta":{"_acf_changed":false,"cwp_meta_box_check":"No","cwp_rev_product_name":"","cwp_rev_product_image":"","wppr_links":[],"cwp_rev_price":"","wppr_options":[],"wppr_pros":[],"wppr_cons":[],"_monsterinsights_skip_tracking":false,"_monsterinsights_sitenote_active":false,"_monsterinsights_sitenote_note":"","_monsterinsights_sitenote_category":0,"footnotes":""},"categories":[16111],"tags":[16351,16146,16121,16120,16144,16123],"features":[],"class_list":{"0":"post-93003","1":"page","2":"type-page","3":"status-publish","4":"has-post-thumbnail","6":"category-programmi-per-turni-di-lavoro","7":"tag-harri","8":"tag-piattaforma-turni-di-lavoro","9":"tag-programma-turni-di-lavoro","10":"tag-software-turni-di-lavoro","11":"tag-soluzione-turni-di-lavoro","12":"tag-turni-di-lavoro"},"wppr_data":{"cwp_meta_box_check":"No"},"acf":[],"yoast_head":"<!-- This site is optimized with the Yoast SEO plugin v27.4 - https:\/\/yoast.com\/product\/yoast-seo-wordpress\/ -->\n<title>Harri: recensione software turni di lavoro - Accurate Reviews<\/title>\n<meta name=\"description\" content=\"Harri: recensione soluzione end-to-end che consente di reclutare, gestire e pianificare il personale con una vasta gamma di strumenti.\" \/>\n<meta name=\"robots\" content=\"index, follow, max-snippet:-1, max-image-preview:large, max-video-preview:-1\" \/>\n<link rel=\"canonical\" href=\"https:\/\/www.accuratereviews.com\/it\/programmi-gestione-turni-lavoro\/harri-recensione\/\" \/>\n<meta property=\"og:locale\" content=\"it_IT\" \/>\n<meta property=\"og:type\" content=\"article\" \/>\n<meta property=\"og:title\" content=\"Harri: recensione software turni di lavoro - Accurate Reviews\" \/>\n<meta property=\"og:description\" content=\"Harri: recensione soluzione end-to-end che consente di reclutare, gestire e pianificare il personale con una vasta gamma di strumenti.\" \/>\n<meta property=\"og:url\" content=\"https:\/\/www.accuratereviews.com\/it\/programmi-gestione-turni-lavoro\/harri-recensione\/\" \/>\n<meta property=\"og:site_name\" content=\"Accurate Reviews\" \/>\n<meta property=\"article:modified_time\" content=\"2025-07-01T09:22:45+00:00\" \/>\n<meta property=\"og:image\" content=\"https:\/\/www.accuratereviews.com\/wp-content\/uploads\/2025\/06\/Harri.png\" \/>\n\t<meta property=\"og:image:width\" content=\"400\" \/>\n\t<meta property=\"og:image:height\" content=\"400\" \/>\n\t<meta property=\"og:image:type\" content=\"image\/png\" \/>\n<meta name=\"twitter:card\" content=\"summary_large_image\" \/>\n<meta name=\"twitter:label1\" content=\"Tempo di lettura stimato\" \/>\n\t<meta name=\"twitter:data1\" content=\"5 minuti\" \/>\n<script type=\"application\/ld+json\" class=\"yoast-schema-graph\">{\"@context\":\"https:\\\/\\\/schema.org\",\"@graph\":[{\"@type\":\"WebPage\",\"@id\":\"https:\\\/\\\/www.accuratereviews.com\\\/it\\\/programmi-gestione-turni-lavoro\\\/harri-recensione\\\/\",\"url\":\"https:\\\/\\\/www.accuratereviews.com\\\/it\\\/programmi-gestione-turni-lavoro\\\/harri-recensione\\\/\",\"name\":\"Harri: recensione software turni di lavoro - Accurate Reviews\",\"isPartOf\":{\"@id\":\"https:\\\/\\\/www.accuratereviews.com\\\/it\\\/#website\"},\"primaryImageOfPage\":{\"@id\":\"https:\\\/\\\/www.accuratereviews.com\\\/it\\\/programmi-gestione-turni-lavoro\\\/harri-recensione\\\/#primaryimage\"},\"image\":{\"@id\":\"https:\\\/\\\/www.accuratereviews.com\\\/it\\\/programmi-gestione-turni-lavoro\\\/harri-recensione\\\/#primaryimage\"},\"thumbnailUrl\":\"https:\\\/\\\/www.accuratereviews.com\\\/wp-content\\\/uploads\\\/2025\\\/06\\\/Harri.png\",\"datePublished\":\"2025-06-30T18:59:05+00:00\",\"dateModified\":\"2025-07-01T09:22:45+00:00\",\"description\":\"Harri: recensione soluzione end-to-end che consente di reclutare, gestire e pianificare il personale con una vasta gamma di strumenti.\",\"breadcrumb\":{\"@id\":\"https:\\\/\\\/www.accuratereviews.com\\\/it\\\/programmi-gestione-turni-lavoro\\\/harri-recensione\\\/#breadcrumb\"},\"inLanguage\":\"it-IT\",\"potentialAction\":[{\"@type\":\"ReadAction\",\"target\":[\"https:\\\/\\\/www.accuratereviews.com\\\/it\\\/programmi-gestione-turni-lavoro\\\/harri-recensione\\\/\"]}]},{\"@type\":\"ImageObject\",\"inLanguage\":\"it-IT\",\"@id\":\"https:\\\/\\\/www.accuratereviews.com\\\/it\\\/programmi-gestione-turni-lavoro\\\/harri-recensione\\\/#primaryimage\",\"url\":\"https:\\\/\\\/www.accuratereviews.com\\\/wp-content\\\/uploads\\\/2025\\\/06\\\/Harri.png\",\"contentUrl\":\"https:\\\/\\\/www.accuratereviews.com\\\/wp-content\\\/uploads\\\/2025\\\/06\\\/Harri.png\",\"width\":400,\"height\":400},{\"@type\":\"BreadcrumbList\",\"@id\":\"https:\\\/\\\/www.accuratereviews.com\\\/it\\\/programmi-gestione-turni-lavoro\\\/harri-recensione\\\/#breadcrumb\",\"itemListElement\":[{\"@type\":\"ListItem\",\"position\":1,\"name\":\"Home\",\"item\":\"https:\\\/\\\/www.accuratereviews.com\\\/it\\\/\"},{\"@type\":\"ListItem\",\"position\":2,\"name\":\"Programmi per turni di lavoro\",\"item\":\"https:\\\/\\\/www.accuratereviews.com\\\/it\\\/programmi-gestione-turni-lavoro\\\/\"},{\"@type\":\"ListItem\",\"position\":3,\"name\":\"Harri\"}]},{\"@type\":\"WebSite\",\"@id\":\"https:\\\/\\\/www.accuratereviews.com\\\/it\\\/#website\",\"url\":\"https:\\\/\\\/www.accuratereviews.com\\\/it\\\/\",\"name\":\"Accurate Reviews\",\"description\":\"\",\"potentialAction\":[{\"@type\":\"SearchAction\",\"target\":{\"@type\":\"EntryPoint\",\"urlTemplate\":\"https:\\\/\\\/www.accuratereviews.com\\\/it\\\/?s={search_term_string}\"},\"query-input\":{\"@type\":\"PropertyValueSpecification\",\"valueRequired\":true,\"valueName\":\"search_term_string\"}}],\"inLanguage\":\"it-IT\"}]}<\/script>\n<!-- \/ Yoast SEO plugin. -->","yoast_head_json":{"title":"Harri: recensione software turni di lavoro - Accurate Reviews","description":"Harri: recensione soluzione end-to-end che consente di reclutare, gestire e pianificare il personale con una vasta gamma di strumenti.","robots":{"index":"index","follow":"follow","max-snippet":"max-snippet:-1","max-image-preview":"max-image-preview:large","max-video-preview":"max-video-preview:-1"},"canonical":"https:\/\/www.accuratereviews.com\/it\/programmi-gestione-turni-lavoro\/harri-recensione\/","og_locale":"it_IT","og_type":"article","og_title":"Harri: recensione software turni di lavoro - Accurate Reviews","og_description":"Harri: recensione soluzione end-to-end che consente di reclutare, gestire e pianificare il personale con una vasta gamma di strumenti.","og_url":"https:\/\/www.accuratereviews.com\/it\/programmi-gestione-turni-lavoro\/harri-recensione\/","og_site_name":"Accurate Reviews","article_modified_time":"2025-07-01T09:22:45+00:00","og_image":[{"width":400,"height":400,"url":"https:\/\/www.accuratereviews.com\/wp-content\/uploads\/2025\/06\/Harri.png","type":"image\/png"}],"twitter_card":"summary_large_image","twitter_misc":{"Tempo di lettura stimato":"5 minuti"},"schema":{"@context":"https:\/\/schema.org","@graph":[{"@type":"WebPage","@id":"https:\/\/www.accuratereviews.com\/it\/programmi-gestione-turni-lavoro\/harri-recensione\/","url":"https:\/\/www.accuratereviews.com\/it\/programmi-gestione-turni-lavoro\/harri-recensione\/","name":"Harri: recensione software turni di lavoro - Accurate Reviews","isPartOf":{"@id":"https:\/\/www.accuratereviews.com\/it\/#website"},"primaryImageOfPage":{"@id":"https:\/\/www.accuratereviews.com\/it\/programmi-gestione-turni-lavoro\/harri-recensione\/#primaryimage"},"image":{"@id":"https:\/\/www.accuratereviews.com\/it\/programmi-gestione-turni-lavoro\/harri-recensione\/#primaryimage"},"thumbnailUrl":"https:\/\/www.accuratereviews.com\/wp-content\/uploads\/2025\/06\/Harri.png","datePublished":"2025-06-30T18:59:05+00:00","dateModified":"2025-07-01T09:22:45+00:00","description":"Harri: recensione soluzione end-to-end che consente di reclutare, gestire e pianificare il personale con una vasta gamma di strumenti.","breadcrumb":{"@id":"https:\/\/www.accuratereviews.com\/it\/programmi-gestione-turni-lavoro\/harri-recensione\/#breadcrumb"},"inLanguage":"it-IT","potentialAction":[{"@type":"ReadAction","target":["https:\/\/www.accuratereviews.com\/it\/programmi-gestione-turni-lavoro\/harri-recensione\/"]}]},{"@type":"ImageObject","inLanguage":"it-IT","@id":"https:\/\/www.accuratereviews.com\/it\/programmi-gestione-turni-lavoro\/harri-recensione\/#primaryimage","url":"https:\/\/www.accuratereviews.com\/wp-content\/uploads\/2025\/06\/Harri.png","contentUrl":"https:\/\/www.accuratereviews.com\/wp-content\/uploads\/2025\/06\/Harri.png","width":400,"height":400},{"@type":"BreadcrumbList","@id":"https:\/\/www.accuratereviews.com\/it\/programmi-gestione-turni-lavoro\/harri-recensione\/#breadcrumb","itemListElement":[{"@type":"ListItem","position":1,"name":"Home","item":"https:\/\/www.accuratereviews.com\/it\/"},{"@type":"ListItem","position":2,"name":"Programmi per turni di lavoro","item":"https:\/\/www.accuratereviews.com\/it\/programmi-gestione-turni-lavoro\/"},{"@type":"ListItem","position":3,"name":"Harri"}]},{"@type":"WebSite","@id":"https:\/\/www.accuratereviews.com\/it\/#website","url":"https:\/\/www.accuratereviews.com\/it\/","name":"Accurate Reviews","description":"","potentialAction":[{"@type":"SearchAction","target":{"@type":"EntryPoint","urlTemplate":"https:\/\/www.accuratereviews.com\/it\/?s={search_term_string}"},"query-input":{"@type":"PropertyValueSpecification","valueRequired":true,"valueName":"search_term_string"}}],"inLanguage":"it-IT"}]}},"_links":{"self":[{"href":"https:\/\/www.accuratereviews.com\/it\/wp-json\/wp\/v2\/pages\/93003","targetHints":{"allow":["GET"]}}],"collection":[{"href":"https:\/\/www.accuratereviews.com\/it\/wp-json\/wp\/v2\/pages"}],"about":[{"href":"https:\/\/www.accuratereviews.com\/it\/wp-json\/wp\/v2\/types\/page"}],"author":[{"embeddable":true,"href":"https:\/\/www.accuratereviews.com\/it\/wp-json\/wp\/v2\/users\/19"}],"replies":[{"embeddable":true,"href":"https:\/\/www.accuratereviews.com\/it\/wp-json\/wp\/v2\/comments?post=93003"}],"version-history":[{"count":6,"href":"https:\/\/www.accuratereviews.com\/it\/wp-json\/wp\/v2\/pages\/93003\/revisions"}],"predecessor-version":[{"id":93234,"href":"https:\/\/www.accuratereviews.com\/it\/wp-json\/wp\/v2\/pages\/93003\/revisions\/93234"}],"up":[{"embeddable":true,"href":"https:\/\/www.accuratereviews.com\/it\/wp-json\/wp\/v2\/pages\/87246"}],"wp:featuredmedia":[{"embeddable":true,"href":"https:\/\/www.accuratereviews.com\/it\/wp-json\/wp\/v2\/media\/93005"}],"wp:attachment":[{"href":"https:\/\/www.accuratereviews.com\/it\/wp-json\/wp\/v2\/media?parent=93003"}],"wp:term":[{"taxonomy":"category","embeddable":true,"href":"https:\/\/www.accuratereviews.com\/it\/wp-json\/wp\/v2\/categories?post=93003"},{"taxonomy":"post_tag","embeddable":true,"href":"https:\/\/www.accuratereviews.com\/it\/wp-json\/wp\/v2\/tags?post=93003"},{"taxonomy":"features","embeddable":true,"href":"https:\/\/www.accuratereviews.com\/it\/wp-json\/wp\/v2\/features?post=93003"}],"curies":[{"name":"wp","href":"https:\/\/api.w.org\/{rel}","templated":true}]}}