{"id":93475,"date":"2025-07-02T16:15:48","date_gmt":"2025-07-02T16:15:48","guid":{"rendered":"https:\/\/www.accuratereviews.com\/?page_id=93475"},"modified":"2025-10-11T07:28:32","modified_gmt":"2025-10-11T07:28:32","slug":"teamdeck-recensione","status":"publish","type":"page","link":"https:\/\/www.accuratereviews.com\/it\/programmi-gestione-turni-lavoro\/teamdeck-recensione\/","title":{"rendered":"Teamdeck"},"content":{"rendered":"<p><strong>Teamdeck<\/strong> \u00e8 una <strong>soluzione di gestione delle risorse<\/strong>, basata su <strong>cloud<\/strong>, che aiuta i project manager a pianificare le ore di lavoro, bilanciare i carichi di lavoro dei dipendenti e amministrare i progetti, supportando sia i team interni che quelli esterni. La soluzione aiuta, inoltre, i manager a creare report e visualizzare le statistiche generali del progetto.<br \/>\nLa funzionalit\u00e0 di monitoraggio del tempo consente agli utenti di calcolare il budget rimanente in base alle ore lavorate e di analizzare la differenza tra le ore effettive e quelle preventivate.<\/p>\n<h2>TEAMDECK &#8211; TUTORIAL<\/h2>\n<div id=\"fluid-wrapper-counter-1\" class=\"g1-fluid-wrapper \" style=\"width:686px;\">\n<div style=\"padding-bottom:56.268221574344%;\"><iframe loading=\"lazy\" title=\"What resource planning software can do for you - Teamdeck.io\" width=\"686\" height=\"386\" src=\"https:\/\/www.youtube.com\/embed\/4TaHr0HZBcg?feature=oembed&amp;wmode=transparent&amp;autohide=1&amp;autoplay=0&amp;disablekb=0&amp;fs=1&amp;loop=0&amp;enablejsapi=1&amp;rel=0&amp;controls=2&amp;showinfo=0&amp;wmode=transparent&amp;autohide=2&amp;autoplay=0&amp;disablekb=0&amp;fs=1&amp;loop=0&amp;enablejsapi=1&amp;rel=0&amp;controls=2&amp;showinfo=1\" frameborder=\"0\" allow=\"accelerometer; autoplay; clipboard-write; encrypted-media; gyroscope; picture-in-picture; web-share\" referrerpolicy=\"strict-origin-when-cross-origin\" allowfullscreen><\/iframe><\/div>\n<\/div>\n<h3>TEAMDECK &#8211; CARATTERISTICHE<\/h3>\n<ul>\n<li>Assegna le persone ai progetti tramite un calendario e definisci la loro programmazione oraria in base alla disponibilit\u00e0, alla posizione lavorativa, alle competenze e alle tue caratteristiche definite.<\/li>\n<li>Visualizza sul calendario chi \u00e8 impegnato e chi pu\u00f2 svolgere pi\u00f9 attivit\u00e0. Monitora l&#8217;utilizzo del team nei diversi progetti o reparti. Controlla chi \u00e8 in ferie o in malattia.<\/li>\n<li>La visibilit\u00e0 sulla tua pipeline di produzione ti consente di prevedere i dipendenti disponibili e pianificare di conseguenza. Definisci le milestone del progetto per prenotare le persone al momento giusto.<\/li>\n<li>La soluzione ti avvisa automaticamente in caso di sovrapposizioni di prenotazioni che causano overbooking. Puoi anche vedere chi \u00e8 sottoprenotato per assegnargli nuove attivit\u00e0.<\/li>\n<li>I dipendenti part-time o i freelance possono inserire la loro disponibilit\u00e0 oraria. Sai esattamente quanto tempo possono dedicare al tuo progetto ogni giorno.<\/li>\n<li>Inserisci o modifica le tue ore in qualsiasi momento. Visualizza le modifiche all&#8217;istante. Puoi fornire informazioni aggiuntive come tag e descrizioni.<\/li>\n<li>Aggiungi pi\u00f9 fogli presenze per registrare i dati relativi alle ore lavorative. Utilizzateli per la gestione delle buste paga, la fatturazione ai clienti, la stima, il monitoraggio e persino la gestione del tempo.<\/li>\n<li>Il processo di approvazione delle schede attivit\u00e0 aggiunge struttura, trasparenza e responsabilit\u00e0 al monitoraggio del tempo, garantendo una fatturazione pi\u00f9 accurata, una migliore gestione delle risorse e migliori relazioni con clienti e dipendenti.<\/li>\n<li>L&#8217;app per dispositivi mobili consente di monitorare il tempo dei dipendenti mentre lavorano.<\/li>\n<li>Genera report per ottenere una panoramica visiva della produttivit\u00e0 del tuo team. Ottieni informazioni sul tempo assegnato ed effettivamente dedicato a progetti e persone.<\/li>\n<\/ul>\n<h4>LE RECENSIONI DEGLI UTENTI<\/h4>\n<p><strong>Nicky &#8220;Facile da usare, ottimo rapporto qualit\u00e0-prezzo&#8221;<\/strong><br \/>\n<strong>Pro<\/strong>: Mi piace che sia facile da configurare e che sia facile vedere dove sono assegnate le risorse. Anche l&#8217;assistenza \u00e8 ottima, molto utile. Ha tutte le funzionalit\u00e0 che cerco in uno strumento, e anche il reporting integrato \u00e8 valido.<br \/>\n<strong>Contro<\/strong>: Il mio unico vero desiderio \u00e8 di poter integrare uno strumento di reporting esterno per ottenere report pi\u00f9 complessi.<\/p>\n<p><strong>Aleksander &#8220;Ottimo strumento per la gestione della collaborazione tra uffici&#8221;<\/strong><br \/>\n<strong>Pro<\/strong>: Un ottimo strumento, facile da integrare e adatto a un onboarding rapido. Abbiamo un&#8217;organizzazione di grandi dimensioni da integrare e avevamo bisogno di qualcosa di leggero e facile da usare, che tutti potessero adottare rapidamente.<br \/>\n<strong>Contro<\/strong>: Niente di specifico da aggiungere, soddisfa le nostre esigenze.<\/p>\n<p><strong>John Doe &#8220;Ottimo per la pianificazione e il monitoraggio dei progetti&#8221;<\/strong><br \/>\n<strong>Commenti<\/strong>: Nel complesso, Teamdeck si \u00e8 rivelato efficace nel monitoraggio delle tempistiche e delle assegnazioni dei progetti. Ha offerto al nostro team visibilit\u00e0 sui tempi di progetto, mentre il management lo ha trovato utile per il monitoraggio dei costi e la definizione del budget.<br \/>\n<strong>Pro<\/strong>: Una delle funzionalit\u00e0 pi\u00f9 interessanti di Teamdeck \u00e8 stata la prenotazione degli orari, che ha semplificato la programmazione del lavoro di progettazione e la visualizzazione di chi sta lavorando a cosa, contribuendo cos\u00ec alla pianificazione del progetto e al bilanciamento del carico di lavoro.<br \/>\n<strong>Contro<\/strong>: A volte l&#8217;interfaccia pu\u00f2 risultare poco intuitiva, soprattutto per gli aggiornamenti rapidi o per la navigazione tra pi\u00f9 progetti. A volte servivano clic extra per ottenere informazioni di base.<\/p>\n","protected":false},"excerpt":{"rendered":"<p>Teamdeck \u00e8 una soluzione di gestione delle risorse, basata su cloud, che aiuta i project manager a pianificare le ore di lavoro, bilanciare i carichi di lavoro dei dipendenti e organizzare i progetti.<\/p>\n","protected":false},"author":19,"featured_media":93515,"parent":87246,"menu_order":0,"comment_status":"open","ping_status":"closed","template":"g1_template_page_review_new.php","meta":{"_acf_changed":false,"cwp_meta_box_check":"No","cwp_rev_product_name":"","cwp_rev_product_image":"","wppr_links":[],"cwp_rev_price":"","wppr_options":[],"wppr_pros":[],"wppr_cons":[],"_monsterinsights_skip_tracking":false,"_monsterinsights_sitenote_active":false,"_monsterinsights_sitenote_note":"","_monsterinsights_sitenote_category":0,"footnotes":""},"categories":[16111],"tags":[16146,16121,16120,16144,16357,16123],"features":[],"class_list":{"0":"post-93475","1":"page","2":"type-page","3":"status-publish","4":"has-post-thumbnail","6":"category-programmi-per-turni-di-lavoro","7":"tag-piattaforma-turni-di-lavoro","8":"tag-programma-turni-di-lavoro","9":"tag-software-turni-di-lavoro","10":"tag-soluzione-turni-di-lavoro","11":"tag-teamdeck","12":"tag-turni-di-lavoro"},"wppr_data":{"cwp_meta_box_check":"No"},"acf":[],"yoast_head":"<!-- This site is optimized with the Yoast SEO plugin v27.4 - https:\/\/yoast.com\/product\/yoast-seo-wordpress\/ -->\n<title>Teamdeck: recensione software turni di lavoro - Accurate Reviews<\/title>\n<meta name=\"description\" content=\"Teamdeck: recensione software per la pianificazione del personale che aiuta a semplificare i processi relativi ai dipendenti.\" \/>\n<meta name=\"robots\" content=\"index, follow, max-snippet:-1, max-image-preview:large, max-video-preview:-1\" \/>\n<link rel=\"canonical\" href=\"https:\/\/www.accuratereviews.com\/it\/programmi-gestione-turni-lavoro\/teamdeck-recensione\/\" \/>\n<meta property=\"og:locale\" content=\"it_IT\" \/>\n<meta property=\"og:type\" content=\"article\" \/>\n<meta property=\"og:title\" content=\"Teamdeck: recensione software turni di lavoro - Accurate Reviews\" \/>\n<meta property=\"og:description\" content=\"Teamdeck: recensione software per la pianificazione del personale che aiuta a semplificare i processi relativi ai dipendenti.\" \/>\n<meta property=\"og:url\" content=\"https:\/\/www.accuratereviews.com\/it\/programmi-gestione-turni-lavoro\/teamdeck-recensione\/\" \/>\n<meta property=\"og:site_name\" content=\"Accurate Reviews\" \/>\n<meta property=\"article:modified_time\" content=\"2025-10-11T07:28:32+00:00\" \/>\n<meta property=\"og:image\" content=\"https:\/\/www.accuratereviews.com\/wp-content\/uploads\/2025\/07\/teamdeck.webp\" \/>\n\t<meta property=\"og:image:width\" content=\"500\" \/>\n\t<meta property=\"og:image:height\" content=\"500\" \/>\n\t<meta property=\"og:image:type\" content=\"image\/webp\" \/>\n<meta name=\"twitter:card\" content=\"summary_large_image\" \/>\n<meta name=\"twitter:label1\" content=\"Tempo di lettura stimato\" \/>\n\t<meta name=\"twitter:data1\" content=\"5 minuti\" \/>\n<script type=\"application\/ld+json\" class=\"yoast-schema-graph\">{\"@context\":\"https:\\\/\\\/schema.org\",\"@graph\":[{\"@type\":\"WebPage\",\"@id\":\"https:\\\/\\\/www.accuratereviews.com\\\/it\\\/programmi-gestione-turni-lavoro\\\/teamdeck-recensione\\\/\",\"url\":\"https:\\\/\\\/www.accuratereviews.com\\\/it\\\/programmi-gestione-turni-lavoro\\\/teamdeck-recensione\\\/\",\"name\":\"Teamdeck: recensione software turni di lavoro - Accurate Reviews\",\"isPartOf\":{\"@id\":\"https:\\\/\\\/www.accuratereviews.com\\\/it\\\/#website\"},\"primaryImageOfPage\":{\"@id\":\"https:\\\/\\\/www.accuratereviews.com\\\/it\\\/programmi-gestione-turni-lavoro\\\/teamdeck-recensione\\\/#primaryimage\"},\"image\":{\"@id\":\"https:\\\/\\\/www.accuratereviews.com\\\/it\\\/programmi-gestione-turni-lavoro\\\/teamdeck-recensione\\\/#primaryimage\"},\"thumbnailUrl\":\"https:\\\/\\\/www.accuratereviews.com\\\/wp-content\\\/uploads\\\/2025\\\/07\\\/teamdeck.webp\",\"datePublished\":\"2025-07-02T16:15:48+00:00\",\"dateModified\":\"2025-10-11T07:28:32+00:00\",\"description\":\"Teamdeck: recensione software per la pianificazione del personale che aiuta a semplificare i processi relativi ai dipendenti.\",\"breadcrumb\":{\"@id\":\"https:\\\/\\\/www.accuratereviews.com\\\/it\\\/programmi-gestione-turni-lavoro\\\/teamdeck-recensione\\\/#breadcrumb\"},\"inLanguage\":\"it-IT\",\"potentialAction\":[{\"@type\":\"ReadAction\",\"target\":[\"https:\\\/\\\/www.accuratereviews.com\\\/it\\\/programmi-gestione-turni-lavoro\\\/teamdeck-recensione\\\/\"]}]},{\"@type\":\"ImageObject\",\"inLanguage\":\"it-IT\",\"@id\":\"https:\\\/\\\/www.accuratereviews.com\\\/it\\\/programmi-gestione-turni-lavoro\\\/teamdeck-recensione\\\/#primaryimage\",\"url\":\"https:\\\/\\\/www.accuratereviews.com\\\/wp-content\\\/uploads\\\/2025\\\/07\\\/teamdeck.webp\",\"contentUrl\":\"https:\\\/\\\/www.accuratereviews.com\\\/wp-content\\\/uploads\\\/2025\\\/07\\\/teamdeck.webp\",\"width\":500,\"height\":500},{\"@type\":\"BreadcrumbList\",\"@id\":\"https:\\\/\\\/www.accuratereviews.com\\\/it\\\/programmi-gestione-turni-lavoro\\\/teamdeck-recensione\\\/#breadcrumb\",\"itemListElement\":[{\"@type\":\"ListItem\",\"position\":1,\"name\":\"Home\",\"item\":\"https:\\\/\\\/www.accuratereviews.com\\\/it\\\/\"},{\"@type\":\"ListItem\",\"position\":2,\"name\":\"Programmi per turni di lavoro\",\"item\":\"https:\\\/\\\/www.accuratereviews.com\\\/it\\\/programmi-gestione-turni-lavoro\\\/\"},{\"@type\":\"ListItem\",\"position\":3,\"name\":\"Teamdeck\"}]},{\"@type\":\"WebSite\",\"@id\":\"https:\\\/\\\/www.accuratereviews.com\\\/it\\\/#website\",\"url\":\"https:\\\/\\\/www.accuratereviews.com\\\/it\\\/\",\"name\":\"Accurate Reviews\",\"description\":\"\",\"potentialAction\":[{\"@type\":\"SearchAction\",\"target\":{\"@type\":\"EntryPoint\",\"urlTemplate\":\"https:\\\/\\\/www.accuratereviews.com\\\/it\\\/?s={search_term_string}\"},\"query-input\":{\"@type\":\"PropertyValueSpecification\",\"valueRequired\":true,\"valueName\":\"search_term_string\"}}],\"inLanguage\":\"it-IT\"}]}<\/script>\n<!-- \/ Yoast SEO plugin. -->","yoast_head_json":{"title":"Teamdeck: recensione software turni di lavoro - Accurate Reviews","description":"Teamdeck: recensione software per la pianificazione del personale che aiuta a semplificare i processi relativi ai dipendenti.","robots":{"index":"index","follow":"follow","max-snippet":"max-snippet:-1","max-image-preview":"max-image-preview:large","max-video-preview":"max-video-preview:-1"},"canonical":"https:\/\/www.accuratereviews.com\/it\/programmi-gestione-turni-lavoro\/teamdeck-recensione\/","og_locale":"it_IT","og_type":"article","og_title":"Teamdeck: recensione software turni di lavoro - Accurate Reviews","og_description":"Teamdeck: recensione software per la pianificazione del personale che aiuta a semplificare i processi relativi ai dipendenti.","og_url":"https:\/\/www.accuratereviews.com\/it\/programmi-gestione-turni-lavoro\/teamdeck-recensione\/","og_site_name":"Accurate Reviews","article_modified_time":"2025-10-11T07:28:32+00:00","og_image":[{"width":500,"height":500,"url":"https:\/\/www.accuratereviews.com\/wp-content\/uploads\/2025\/07\/teamdeck.webp","type":"image\/webp"}],"twitter_card":"summary_large_image","twitter_misc":{"Tempo di lettura stimato":"5 minuti"},"schema":{"@context":"https:\/\/schema.org","@graph":[{"@type":"WebPage","@id":"https:\/\/www.accuratereviews.com\/it\/programmi-gestione-turni-lavoro\/teamdeck-recensione\/","url":"https:\/\/www.accuratereviews.com\/it\/programmi-gestione-turni-lavoro\/teamdeck-recensione\/","name":"Teamdeck: recensione software turni di lavoro - Accurate Reviews","isPartOf":{"@id":"https:\/\/www.accuratereviews.com\/it\/#website"},"primaryImageOfPage":{"@id":"https:\/\/www.accuratereviews.com\/it\/programmi-gestione-turni-lavoro\/teamdeck-recensione\/#primaryimage"},"image":{"@id":"https:\/\/www.accuratereviews.com\/it\/programmi-gestione-turni-lavoro\/teamdeck-recensione\/#primaryimage"},"thumbnailUrl":"https:\/\/www.accuratereviews.com\/wp-content\/uploads\/2025\/07\/teamdeck.webp","datePublished":"2025-07-02T16:15:48+00:00","dateModified":"2025-10-11T07:28:32+00:00","description":"Teamdeck: recensione software per la pianificazione del personale che aiuta a semplificare i processi relativi ai dipendenti.","breadcrumb":{"@id":"https:\/\/www.accuratereviews.com\/it\/programmi-gestione-turni-lavoro\/teamdeck-recensione\/#breadcrumb"},"inLanguage":"it-IT","potentialAction":[{"@type":"ReadAction","target":["https:\/\/www.accuratereviews.com\/it\/programmi-gestione-turni-lavoro\/teamdeck-recensione\/"]}]},{"@type":"ImageObject","inLanguage":"it-IT","@id":"https:\/\/www.accuratereviews.com\/it\/programmi-gestione-turni-lavoro\/teamdeck-recensione\/#primaryimage","url":"https:\/\/www.accuratereviews.com\/wp-content\/uploads\/2025\/07\/teamdeck.webp","contentUrl":"https:\/\/www.accuratereviews.com\/wp-content\/uploads\/2025\/07\/teamdeck.webp","width":500,"height":500},{"@type":"BreadcrumbList","@id":"https:\/\/www.accuratereviews.com\/it\/programmi-gestione-turni-lavoro\/teamdeck-recensione\/#breadcrumb","itemListElement":[{"@type":"ListItem","position":1,"name":"Home","item":"https:\/\/www.accuratereviews.com\/it\/"},{"@type":"ListItem","position":2,"name":"Programmi per turni di lavoro","item":"https:\/\/www.accuratereviews.com\/it\/programmi-gestione-turni-lavoro\/"},{"@type":"ListItem","position":3,"name":"Teamdeck"}]},{"@type":"WebSite","@id":"https:\/\/www.accuratereviews.com\/it\/#website","url":"https:\/\/www.accuratereviews.com\/it\/","name":"Accurate Reviews","description":"","potentialAction":[{"@type":"SearchAction","target":{"@type":"EntryPoint","urlTemplate":"https:\/\/www.accuratereviews.com\/it\/?s={search_term_string}"},"query-input":{"@type":"PropertyValueSpecification","valueRequired":true,"valueName":"search_term_string"}}],"inLanguage":"it-IT"}]}},"_links":{"self":[{"href":"https:\/\/www.accuratereviews.com\/it\/wp-json\/wp\/v2\/pages\/93475","targetHints":{"allow":["GET"]}}],"collection":[{"href":"https:\/\/www.accuratereviews.com\/it\/wp-json\/wp\/v2\/pages"}],"about":[{"href":"https:\/\/www.accuratereviews.com\/it\/wp-json\/wp\/v2\/types\/page"}],"author":[{"embeddable":true,"href":"https:\/\/www.accuratereviews.com\/it\/wp-json\/wp\/v2\/users\/19"}],"replies":[{"embeddable":true,"href":"https:\/\/www.accuratereviews.com\/it\/wp-json\/wp\/v2\/comments?post=93475"}],"version-history":[{"count":11,"href":"https:\/\/www.accuratereviews.com\/it\/wp-json\/wp\/v2\/pages\/93475\/revisions"}],"predecessor-version":[{"id":104283,"href":"https:\/\/www.accuratereviews.com\/it\/wp-json\/wp\/v2\/pages\/93475\/revisions\/104283"}],"up":[{"embeddable":true,"href":"https:\/\/www.accuratereviews.com\/it\/wp-json\/wp\/v2\/pages\/87246"}],"wp:featuredmedia":[{"embeddable":true,"href":"https:\/\/www.accuratereviews.com\/it\/wp-json\/wp\/v2\/media\/93515"}],"wp:attachment":[{"href":"https:\/\/www.accuratereviews.com\/it\/wp-json\/wp\/v2\/media?parent=93475"}],"wp:term":[{"taxonomy":"category","embeddable":true,"href":"https:\/\/www.accuratereviews.com\/it\/wp-json\/wp\/v2\/categories?post=93475"},{"taxonomy":"post_tag","embeddable":true,"href":"https:\/\/www.accuratereviews.com\/it\/wp-json\/wp\/v2\/tags?post=93475"},{"taxonomy":"features","embeddable":true,"href":"https:\/\/www.accuratereviews.com\/it\/wp-json\/wp\/v2\/features?post=93475"}],"curies":[{"name":"wp","href":"https:\/\/api.w.org\/{rel}","templated":true}]}}