{"id":9389,"date":"2017-05-08T12:54:07","date_gmt":"2017-05-08T12:54:07","guid":{"rendered":"http:\/\/www.accuratereviews.com\/video-editing-lista-software\/stellar-phoenix-video-repair\/"},"modified":"2022-04-12T07:59:05","modified_gmt":"2022-04-12T07:59:05","slug":"stellar-video-repair","status":"publish","type":"page","link":"https:\/\/www.accuratereviews.com\/it\/video-editing-lista-software\/stellar-video-repair\/","title":{"rendered":"Stellar Video Repair"},"content":{"rendered":"<p><a href=\"https:\/\/www.accuratereviews.com\/wp-content\/uploads\/2022\/04\/Schermata-2022-04-12-alle-09.43.57.png\"><img loading=\"lazy\" decoding=\"async\" class=\"aligncenter wp-image-56123 size-full\" src=\"https:\/\/www.accuratereviews.com\/wp-content\/uploads\/2022\/04\/Schermata-2022-04-12-alle-09.43.57.png\" alt=\"\" width=\"2880\" height=\"1084\" srcset=\"https:\/\/www.accuratereviews.com\/wp-content\/uploads\/2022\/04\/Schermata-2022-04-12-alle-09.43.57.png 2880w, https:\/\/www.accuratereviews.com\/wp-content\/uploads\/2022\/04\/Schermata-2022-04-12-alle-09.43.57-300x113.png 300w, https:\/\/www.accuratereviews.com\/wp-content\/uploads\/2022\/04\/Schermata-2022-04-12-alle-09.43.57-1024x385.png 1024w, https:\/\/www.accuratereviews.com\/wp-content\/uploads\/2022\/04\/Schermata-2022-04-12-alle-09.43.57-768x289.png 768w, https:\/\/www.accuratereviews.com\/wp-content\/uploads\/2022\/04\/Schermata-2022-04-12-alle-09.43.57-1536x578.png 1536w, https:\/\/www.accuratereviews.com\/wp-content\/uploads\/2022\/04\/Schermata-2022-04-12-alle-09.43.57-2048x771.png 2048w, https:\/\/www.accuratereviews.com\/wp-content\/uploads\/2022\/04\/Schermata-2022-04-12-alle-09.43.57-260x98.png 260w, https:\/\/www.accuratereviews.com\/wp-content\/uploads\/2022\/04\/Schermata-2022-04-12-alle-09.43.57-50x19.png 50w, https:\/\/www.accuratereviews.com\/wp-content\/uploads\/2022\/04\/Schermata-2022-04-12-alle-09.43.57-968x364.png 968w, https:\/\/www.accuratereviews.com\/wp-content\/uploads\/2022\/04\/Schermata-2022-04-12-alle-09.43.57-636x239.png 636w, https:\/\/www.accuratereviews.com\/wp-content\/uploads\/2022\/04\/Schermata-2022-04-12-alle-09.43.57-320x120.png 320w, https:\/\/www.accuratereviews.com\/wp-content\/uploads\/2022\/04\/Schermata-2022-04-12-alle-09.43.57-239x90.png 239w\" sizes=\"auto, (max-width: 2880px) 100vw, 2880px\" \/><\/a><\/p>\n<p>Tutti i nostri ricordi digitali sono a rischio: possono rovinarsi, cancellarsi per errore, corrompersi. Pensiamo a tutti i video che amiamo e che teniamo sempre sul telefono: la nostra laurea, un compleanno speciale, le prime parole di nostro figlio e via dicendo. Per svariati motivi questi <strong>video possono rovinarsi<\/strong>: succede e basta, c&#8217;\u00e8 poco che si possa fare preventivamente a parte backup continui. Cosa possiamo fare se un video a cui teniamo si corrompe definitivamente? Esiste una soluzione interessante: <strong>Stellar Video Repair<\/strong>.<\/p>\n<h2>Prime impressioni<\/h2>\n<p><strong>Stellar Video Repair \u00e8 un software incredibilmente facile da utilizzare<\/strong>. \u00c8 infatti alla portata di utenti alle prime armi: si installa in un paio di click ed \u00e8 possibile iniziare ad utilizzarlo come se lo conoscessimo da sempre.<\/p>\n<p>L&#8217;<strong>installazione non richiede alcuna configurazione<\/strong> da parte nostra: dobbiamo solo installarlo, accettare i termini del servizio, specificare una cartella in cui salvare i video recuperati e seguire le istruzioni che vengono mostrate schermata per schermata. Tutto qui. Una volta installato, il software mostra un&#8217;interfaccia chiara, semplice, minimale.<\/p>\n<p><strong>Tutte le funzionalit\u00e0 si trovano in un singolo pannello<\/strong> in cui possiamo recuperare i video rovinati. Niente fronzoli, nessuna finestra aggiuntiva: \u00e8 tutto a disposizione in quell&#8217;unica schermata, cos\u00ec \u00e8 impossibile rimanere spiazzati o confusi durante il primo utilizzo.<\/p>\n<p><a href=\"https:\/\/www.accuratereviews.com\/wp-content\/uploads\/2022\/04\/Schermata-2022-04-12-alle-09.49.47.png\"><img loading=\"lazy\" decoding=\"async\" class=\"aligncenter wp-image-56118 size-full\" src=\"https:\/\/www.accuratereviews.com\/wp-content\/uploads\/2022\/04\/Schermata-2022-04-12-alle-09.49.47.png\" alt=\"\" width=\"1690\" height=\"1198\" srcset=\"https:\/\/www.accuratereviews.com\/wp-content\/uploads\/2022\/04\/Schermata-2022-04-12-alle-09.49.47.png 1690w, https:\/\/www.accuratereviews.com\/wp-content\/uploads\/2022\/04\/Schermata-2022-04-12-alle-09.49.47-300x213.png 300w, https:\/\/www.accuratereviews.com\/wp-content\/uploads\/2022\/04\/Schermata-2022-04-12-alle-09.49.47-1024x726.png 1024w, https:\/\/www.accuratereviews.com\/wp-content\/uploads\/2022\/04\/Schermata-2022-04-12-alle-09.49.47-768x544.png 768w, https:\/\/www.accuratereviews.com\/wp-content\/uploads\/2022\/04\/Schermata-2022-04-12-alle-09.49.47-1536x1089.png 1536w, https:\/\/www.accuratereviews.com\/wp-content\/uploads\/2022\/04\/Schermata-2022-04-12-alle-09.49.47-176x125.png 176w, https:\/\/www.accuratereviews.com\/wp-content\/uploads\/2022\/04\/Schermata-2022-04-12-alle-09.49.47-50x35.png 50w, https:\/\/www.accuratereviews.com\/wp-content\/uploads\/2022\/04\/Schermata-2022-04-12-alle-09.49.47-968x686.png 968w, https:\/\/www.accuratereviews.com\/wp-content\/uploads\/2022\/04\/Schermata-2022-04-12-alle-09.49.47-636x451.png 636w, https:\/\/www.accuratereviews.com\/wp-content\/uploads\/2022\/04\/Schermata-2022-04-12-alle-09.49.47-320x227.png 320w, https:\/\/www.accuratereviews.com\/wp-content\/uploads\/2022\/04\/Schermata-2022-04-12-alle-09.49.47-239x169.png 239w\" sizes=\"auto, (max-width: 1690px) 100vw, 1690px\" \/><\/a><\/p>\n<p>&nbsp;<\/p>\n<h2>Funzioni<\/h2>\n<p><strong>Stellar Video Repair offre un gran numero di funzionalit\u00e0 semplici da utilizzare<\/strong>. La schermata principale dell&#8217;app mostra un grosso bottone da cliccare per iniziare a recuperare i video. Una volta cliccato, veniamo portati ad una schermata altrettanto semplice in cui selezionare i file di nostro interesse.<\/p>\n<p>\u00c8 possibile <strong>vedere un&#8217;anteprima dei video selezionati<\/strong> e poi iniziare il processo di recupero. \u00c8 possibile anche lavorare su video multipli in una volta sola, creando una sorta di coda. Tutto quello che dovremo fare per recuperare un video rovinato \u00e8 selezionarlo, cliccare su Repair e attendere che la magia si compia. La funzionalit\u00e0 Quick Look permette di vedere anche un&#8217;anteprima del video recuperato prima di salvarlo.<\/p>\n<p>Stellar Video Repair <strong>pu\u00f2 risolvere la distorsione dell&#8217;audio, la corruzione di un frame, dei metadati e della stabilit\u00e0<\/strong>. La versione per Windows del software supporta file di formato WMV, ASF, MOV, MP4, M4V, 3G2, 3GP e F4V, mentre la versione per Mac supporta i formati MP4, MOV, M4V, M4A e F4V. \u00c8 possibile lavorare anche su video salvati su memory card, hard drive esterni e via dicendo.<\/p>\n<p><strong>Il software \u00e8 molto leggero<\/strong> e non incide sulle performance del vostro computer.<\/p>\n<h2>Prezzo<\/h2>\n<p><strong>Stellar Video Repair offre una demo gratuita<\/strong> ma con restrizioni davvero severe, tanto da renderla praticamente inutile se non per dare un&#8217;occhiata all&#8217;interfaccia: \u00e8 possibile intervenire solo su video di dimensioni inferiori ai 10MB e non \u00e8 possibile salvarli. Per poter sfruttare tutte le funzionalit\u00e0 \u00e8 necessario acquistare la licenza da 69\u20ac per la versione Home, mentre la Professional costa 99.99\u20ac.<\/p>\n","protected":false},"excerpt":{"rendered":"<p>Tutti i nostri ricordi digitali sono a rischio: possono rovinarsi, cancellarsi per errore, corrompersi. Pensiamo a tutti i video che amiamo e che teniamo sempre sul telefono: la nostra laurea, un compleanno speciale, le prime parole di nostro figlio e via dicendo.<\/p>\n","protected":false},"author":16,"featured_media":56129,"parent":7571,"menu_order":0,"comment_status":"open","ping_status":"closed","template":"g1_template_page_review_new.php","meta":{"_acf_changed":false,"cwp_meta_box_check":"Yes","cwp_rev_product_name":"","cwp_rev_product_image":"","wppr_links":[],"cwp_rev_price":"","wppr_options":[],"wppr_pros":[],"wppr_cons":[],"_monsterinsights_skip_tracking":false,"_monsterinsights_sitenote_active":false,"_monsterinsights_sitenote_note":"","_monsterinsights_sitenote_category":0,"footnotes":""},"categories":[169],"tags":[12420,202],"features":[],"class_list":{"0":"post-9389","1":"page","2":"type-page","3":"status-publish","4":"has-post-thumbnail","6":"category-video-editing-software-it","7":"tag-stellar-video-repair-it","8":"tag-video-editing"},"wppr_data":{"cwp_meta_box_check":"Yes","cwp_rev_product_name":"","cwp_rev_product_image":"","cwp_image_link":"image","cwp_rev_price":"","wppr_rating":"0.00"},"acf":[],"yoast_head":"<!-- This site is optimized with the Yoast SEO plugin v27.4 - https:\/\/yoast.com\/product\/yoast-seo-wordpress\/ -->\n<title>Stellar Video Repair | Migliori app per i video | Accurate Reviews<\/title>\n<meta name=\"description\" content=\"Se cercate uno strumento per recuperare o migliorare un video danneggiato potete sfruttare Stellar Video Repair, un software facile e leggero.\" \/>\n<meta name=\"robots\" content=\"index, follow, max-snippet:-1, max-image-preview:large, max-video-preview:-1\" \/>\n<link rel=\"canonical\" href=\"https:\/\/www.accuratereviews.com\/it\/video-editing-lista-software\/stellar-video-repair\/\" \/>\n<meta property=\"og:locale\" content=\"it_IT\" \/>\n<meta property=\"og:type\" content=\"article\" \/>\n<meta property=\"og:title\" content=\"Stellar Video Repair | Migliori app per i video | Accurate Reviews\" \/>\n<meta property=\"og:description\" content=\"Se cercate uno strumento per recuperare o migliorare un video danneggiato potete sfruttare Stellar Video Repair, un software facile e leggero.\" \/>\n<meta property=\"og:url\" content=\"https:\/\/www.accuratereviews.com\/it\/video-editing-lista-software\/stellar-video-repair\/\" \/>\n<meta property=\"og:site_name\" content=\"Accurate Reviews\" \/>\n<meta property=\"article:modified_time\" content=\"2022-04-12T07:59:05+00:00\" \/>\n<meta property=\"og:image\" content=\"https:\/\/www.accuratereviews.com\/wp-content\/uploads\/2022\/04\/Schermata-2022-04-12-alle-09.54.00.png\" \/>\n\t<meta property=\"og:image:width\" content=\"676\" \/>\n\t<meta property=\"og:image:height\" content=\"270\" \/>\n\t<meta property=\"og:image:type\" content=\"image\/png\" \/>\n<meta name=\"twitter:card\" content=\"summary_large_image\" \/>\n<meta name=\"twitter:label1\" content=\"Tempo di lettura stimato\" \/>\n\t<meta name=\"twitter:data1\" content=\"3 minuti\" \/>\n<script type=\"application\/ld+json\" class=\"yoast-schema-graph\">{\"@context\":\"https:\\\/\\\/schema.org\",\"@graph\":[{\"@type\":\"WebPage\",\"@id\":\"https:\\\/\\\/www.accuratereviews.com\\\/it\\\/video-editing-lista-software\\\/stellar-video-repair\\\/\",\"url\":\"https:\\\/\\\/www.accuratereviews.com\\\/it\\\/video-editing-lista-software\\\/stellar-video-repair\\\/\",\"name\":\"Stellar Video Repair | Migliori app per i video | Accurate Reviews\",\"isPartOf\":{\"@id\":\"https:\\\/\\\/www.accuratereviews.com\\\/it\\\/#website\"},\"primaryImageOfPage\":{\"@id\":\"https:\\\/\\\/www.accuratereviews.com\\\/it\\\/video-editing-lista-software\\\/stellar-video-repair\\\/#primaryimage\"},\"image\":{\"@id\":\"https:\\\/\\\/www.accuratereviews.com\\\/it\\\/video-editing-lista-software\\\/stellar-video-repair\\\/#primaryimage\"},\"thumbnailUrl\":\"https:\\\/\\\/www.accuratereviews.com\\\/wp-content\\\/uploads\\\/2022\\\/04\\\/Schermata-2022-04-12-alle-09.54.00.png\",\"datePublished\":\"2017-05-08T12:54:07+00:00\",\"dateModified\":\"2022-04-12T07:59:05+00:00\",\"description\":\"Se cercate uno strumento per recuperare o migliorare un video danneggiato potete sfruttare Stellar Video Repair, un software facile e leggero.\",\"breadcrumb\":{\"@id\":\"https:\\\/\\\/www.accuratereviews.com\\\/it\\\/video-editing-lista-software\\\/stellar-video-repair\\\/#breadcrumb\"},\"inLanguage\":\"it-IT\",\"potentialAction\":[{\"@type\":\"ReadAction\",\"target\":[\"https:\\\/\\\/www.accuratereviews.com\\\/it\\\/video-editing-lista-software\\\/stellar-video-repair\\\/\"]}]},{\"@type\":\"ImageObject\",\"inLanguage\":\"it-IT\",\"@id\":\"https:\\\/\\\/www.accuratereviews.com\\\/it\\\/video-editing-lista-software\\\/stellar-video-repair\\\/#primaryimage\",\"url\":\"https:\\\/\\\/www.accuratereviews.com\\\/wp-content\\\/uploads\\\/2022\\\/04\\\/Schermata-2022-04-12-alle-09.54.00.png\",\"contentUrl\":\"https:\\\/\\\/www.accuratereviews.com\\\/wp-content\\\/uploads\\\/2022\\\/04\\\/Schermata-2022-04-12-alle-09.54.00.png\",\"width\":676,\"height\":270},{\"@type\":\"BreadcrumbList\",\"@id\":\"https:\\\/\\\/www.accuratereviews.com\\\/it\\\/video-editing-lista-software\\\/stellar-video-repair\\\/#breadcrumb\",\"itemListElement\":[{\"@type\":\"ListItem\",\"position\":1,\"name\":\"Home\",\"item\":\"https:\\\/\\\/www.accuratereviews.com\\\/it\\\/\"},{\"@type\":\"ListItem\",\"position\":2,\"name\":\"Software per il video editing\",\"item\":\"https:\\\/\\\/www.accuratereviews.com\\\/it\\\/video-editing-lista-software\\\/\"},{\"@type\":\"ListItem\",\"position\":3,\"name\":\"Stellar Video Repair\"}]},{\"@type\":\"WebSite\",\"@id\":\"https:\\\/\\\/www.accuratereviews.com\\\/it\\\/#website\",\"url\":\"https:\\\/\\\/www.accuratereviews.com\\\/it\\\/\",\"name\":\"Accurate Reviews\",\"description\":\"\",\"potentialAction\":[{\"@type\":\"SearchAction\",\"target\":{\"@type\":\"EntryPoint\",\"urlTemplate\":\"https:\\\/\\\/www.accuratereviews.com\\\/it\\\/?s={search_term_string}\"},\"query-input\":{\"@type\":\"PropertyValueSpecification\",\"valueRequired\":true,\"valueName\":\"search_term_string\"}}],\"inLanguage\":\"it-IT\"}]}<\/script>\n<!-- \/ Yoast SEO plugin. -->","yoast_head_json":{"title":"Stellar Video Repair | Migliori app per i video | Accurate Reviews","description":"Se cercate uno strumento per recuperare o migliorare un video danneggiato potete sfruttare Stellar Video Repair, un software facile e leggero.","robots":{"index":"index","follow":"follow","max-snippet":"max-snippet:-1","max-image-preview":"max-image-preview:large","max-video-preview":"max-video-preview:-1"},"canonical":"https:\/\/www.accuratereviews.com\/it\/video-editing-lista-software\/stellar-video-repair\/","og_locale":"it_IT","og_type":"article","og_title":"Stellar Video Repair | Migliori app per i video | Accurate Reviews","og_description":"Se cercate uno strumento per recuperare o migliorare un video danneggiato potete sfruttare Stellar Video Repair, un software facile e leggero.","og_url":"https:\/\/www.accuratereviews.com\/it\/video-editing-lista-software\/stellar-video-repair\/","og_site_name":"Accurate Reviews","article_modified_time":"2022-04-12T07:59:05+00:00","og_image":[{"width":676,"height":270,"url":"https:\/\/www.accuratereviews.com\/wp-content\/uploads\/2022\/04\/Schermata-2022-04-12-alle-09.54.00.png","type":"image\/png"}],"twitter_card":"summary_large_image","twitter_misc":{"Tempo di lettura stimato":"3 minuti"},"schema":{"@context":"https:\/\/schema.org","@graph":[{"@type":"WebPage","@id":"https:\/\/www.accuratereviews.com\/it\/video-editing-lista-software\/stellar-video-repair\/","url":"https:\/\/www.accuratereviews.com\/it\/video-editing-lista-software\/stellar-video-repair\/","name":"Stellar Video Repair | Migliori app per i video | Accurate Reviews","isPartOf":{"@id":"https:\/\/www.accuratereviews.com\/it\/#website"},"primaryImageOfPage":{"@id":"https:\/\/www.accuratereviews.com\/it\/video-editing-lista-software\/stellar-video-repair\/#primaryimage"},"image":{"@id":"https:\/\/www.accuratereviews.com\/it\/video-editing-lista-software\/stellar-video-repair\/#primaryimage"},"thumbnailUrl":"https:\/\/www.accuratereviews.com\/wp-content\/uploads\/2022\/04\/Schermata-2022-04-12-alle-09.54.00.png","datePublished":"2017-05-08T12:54:07+00:00","dateModified":"2022-04-12T07:59:05+00:00","description":"Se cercate uno strumento per recuperare o migliorare un video danneggiato potete sfruttare Stellar Video Repair, un software facile e leggero.","breadcrumb":{"@id":"https:\/\/www.accuratereviews.com\/it\/video-editing-lista-software\/stellar-video-repair\/#breadcrumb"},"inLanguage":"it-IT","potentialAction":[{"@type":"ReadAction","target":["https:\/\/www.accuratereviews.com\/it\/video-editing-lista-software\/stellar-video-repair\/"]}]},{"@type":"ImageObject","inLanguage":"it-IT","@id":"https:\/\/www.accuratereviews.com\/it\/video-editing-lista-software\/stellar-video-repair\/#primaryimage","url":"https:\/\/www.accuratereviews.com\/wp-content\/uploads\/2022\/04\/Schermata-2022-04-12-alle-09.54.00.png","contentUrl":"https:\/\/www.accuratereviews.com\/wp-content\/uploads\/2022\/04\/Schermata-2022-04-12-alle-09.54.00.png","width":676,"height":270},{"@type":"BreadcrumbList","@id":"https:\/\/www.accuratereviews.com\/it\/video-editing-lista-software\/stellar-video-repair\/#breadcrumb","itemListElement":[{"@type":"ListItem","position":1,"name":"Home","item":"https:\/\/www.accuratereviews.com\/it\/"},{"@type":"ListItem","position":2,"name":"Software per il video editing","item":"https:\/\/www.accuratereviews.com\/it\/video-editing-lista-software\/"},{"@type":"ListItem","position":3,"name":"Stellar Video Repair"}]},{"@type":"WebSite","@id":"https:\/\/www.accuratereviews.com\/it\/#website","url":"https:\/\/www.accuratereviews.com\/it\/","name":"Accurate Reviews","description":"","potentialAction":[{"@type":"SearchAction","target":{"@type":"EntryPoint","urlTemplate":"https:\/\/www.accuratereviews.com\/it\/?s={search_term_string}"},"query-input":{"@type":"PropertyValueSpecification","valueRequired":true,"valueName":"search_term_string"}}],"inLanguage":"it-IT"}]}},"_links":{"self":[{"href":"https:\/\/www.accuratereviews.com\/it\/wp-json\/wp\/v2\/pages\/9389","targetHints":{"allow":["GET"]}}],"collection":[{"href":"https:\/\/www.accuratereviews.com\/it\/wp-json\/wp\/v2\/pages"}],"about":[{"href":"https:\/\/www.accuratereviews.com\/it\/wp-json\/wp\/v2\/types\/page"}],"author":[{"embeddable":true,"href":"https:\/\/www.accuratereviews.com\/it\/wp-json\/wp\/v2\/users\/16"}],"replies":[{"embeddable":true,"href":"https:\/\/www.accuratereviews.com\/it\/wp-json\/wp\/v2\/comments?post=9389"}],"version-history":[{"count":9,"href":"https:\/\/www.accuratereviews.com\/it\/wp-json\/wp\/v2\/pages\/9389\/revisions"}],"predecessor-version":[{"id":56135,"href":"https:\/\/www.accuratereviews.com\/it\/wp-json\/wp\/v2\/pages\/9389\/revisions\/56135"}],"up":[{"embeddable":true,"href":"https:\/\/www.accuratereviews.com\/it\/wp-json\/wp\/v2\/pages\/7571"}],"wp:featuredmedia":[{"embeddable":true,"href":"https:\/\/www.accuratereviews.com\/it\/wp-json\/wp\/v2\/media\/56129"}],"wp:attachment":[{"href":"https:\/\/www.accuratereviews.com\/it\/wp-json\/wp\/v2\/media?parent=9389"}],"wp:term":[{"taxonomy":"category","embeddable":true,"href":"https:\/\/www.accuratereviews.com\/it\/wp-json\/wp\/v2\/categories?post=9389"},{"taxonomy":"post_tag","embeddable":true,"href":"https:\/\/www.accuratereviews.com\/it\/wp-json\/wp\/v2\/tags?post=9389"},{"taxonomy":"features","embeddable":true,"href":"https:\/\/www.accuratereviews.com\/it\/wp-json\/wp\/v2\/features?post=9389"}],"curies":[{"name":"wp","href":"https:\/\/api.w.org\/{rel}","templated":true}]}}