{"id":9438,"date":"2017-05-09T12:31:40","date_gmt":"2017-05-09T12:31:40","guid":{"rendered":"http:\/\/www.accuratereviews.com\/sutiexpense\/"},"modified":"2017-05-11T14:51:31","modified_gmt":"2017-05-11T14:51:31","slug":"sutiexpense","status":"publish","type":"page","link":"https:\/\/www.accuratereviews.com\/it\/sutiexpense\/","title":{"rendered":"SutiExpense"},"content":{"rendered":"<p><img loading=\"lazy\" decoding=\"async\" class=\"alignnone size-full wp-image-9416\" src=\"http:\/\/www.accuratereviews.com\/wp-content\/uploads\/2017\/05\/sutiExpense.gif\" alt=\"sutiexpense\" width=\"1100\" height=\"811\" \/><\/p>\n<p><strong>SutiExpense \u00e8 una piattaforma potente e versatile<\/strong>, che permette alle medie e grandi imprese di tenere sotto controllo le loro finanze e spese. Da quel che abbiamo potuto vedere, non \u00e8 la soluzione migliore per piccole aziende o freelance: \u00e8 molto complessa per un professionista in solitaria, e inoltre (e pi\u00f9 importante) perch\u00e9 prevede un minimo di 9 utenti.<\/p>\n<h2>Prime impressioni<\/h2>\n<p><strong>SutiExpense sfoggia un aspetto derivato un po\u2019 da Windows 10<\/strong>. Ad alcuni potrebbe anche ricordare Outlook.com, con il suo design piatto e quadrato: a noi non \u00e8 dispiaciuto, ma possiamo immaginare che non sia apprezzato universalmente.<\/p>\n<h2>Funzioni<\/h2>\n<p><strong>SutiExpense ha diverse funzioni interessanti<\/strong>, da quelle pi\u00f9 basilari (come sottoporre agli amministratori finanziari le note spesa, integrazioni con i sistemi contabili, calcolo delle tasse, gestione del budget) fino a funzionalit\u00e0 pi\u00f9 avanzate. Ci \u00e8 piaciuta molto <strong>l\u2019integrazione per l\u2019acquisto di biglietti di viaggio<\/strong>: in pratica, potete prenotare un viaggio di lavoro dall\u2019interno di SutiExpense, e farlo approvare dal vostro manager prima di spendere alcuna cifra. La piattaforma effettua automaticamente le conversioni delle vostre spese da altra valuta secondo il cambio valido alla data della spesa stessa. Potete anche scansire gli scontrini e allegarli alla nota spese digitale, il sistema li includer\u00e0 dopo averli convertiti.<\/p>\n<p><strong>Per amministratori e CFO, SutiExpense offre un\u2019ampia variet\u00e0 di funzionalit\u00e0 per aiutarvi a gestire i vostri conti<\/strong>. Per esempio, potete rifiutare delle singole voci di spesa dalle note spesa dei vostri dipendenti, o avvisarli che rischiano di superare la quota prefissata mensile.<\/p>\n","protected":false},"excerpt":{"rendered":"<p>SutiExpense \u00e8 una piattaforma potente e versatile, che permette alle medie e grandi imprese di tenere sotto controllo le loro finanze e spese. Da quel che abbiamo potuto vedere, non \u00e8 la soluzione migliore per piccole aziende o freelance: \u00e8 molto complessa per un professionista in solitaria, e inoltre (e pi\u00f9 importante) perch\u00e9 prevede un minimo di 9 utenti.<\/p>\n","protected":false},"author":16,"featured_media":0,"parent":0,"menu_order":1,"comment_status":"open","ping_status":"closed","template":"g1_template_page_review_new.php","meta":{"_acf_changed":false,"cwp_meta_box_check":"Yes","cwp_rev_product_name":"","cwp_rev_product_image":"","wppr_links":[],"cwp_rev_price":"","wppr_options":[],"wppr_pros":[],"wppr_cons":[],"_monsterinsights_skip_tracking":false,"_monsterinsights_sitenote_active":false,"_monsterinsights_sitenote_note":"","_monsterinsights_sitenote_category":0,"footnotes":""},"categories":[97],"tags":[],"features":[],"class_list":{"0":"post-9438","1":"page","2":"type-page","3":"status-publish","5":"category-accounting-services-it"},"wppr_data":{"cwp_meta_box_check":"Yes","cwp_rev_product_name":"","cwp_rev_product_image":"","cwp_image_link":"image","cwp_rev_price":"","wppr_rating":"0.00"},"acf":[],"yoast_head":"<!-- This site is optimized with the Yoast SEO plugin v27.4 - https:\/\/yoast.com\/product\/yoast-seo-wordpress\/ -->\n<title>SutiExpense recensione del miglior servizio di accounting<\/title>\n<meta name=\"description\" content=\"Se nella vostra azienda serve un software di accounting professionale, capace di gestire tanti utenti, opzioni e integrazioni, provate SutiExpense.\" \/>\n<meta name=\"robots\" content=\"index, follow, max-snippet:-1, max-image-preview:large, max-video-preview:-1\" \/>\n<link rel=\"canonical\" href=\"https:\/\/www.accuratereviews.com\/it\/sutiexpense\/\" \/>\n<meta property=\"og:locale\" content=\"it_IT\" \/>\n<meta property=\"og:type\" content=\"article\" \/>\n<meta property=\"og:title\" content=\"SutiExpense recensione del miglior servizio di accounting\" \/>\n<meta property=\"og:description\" content=\"Se nella vostra azienda serve un software di accounting professionale, capace di gestire tanti utenti, opzioni e integrazioni, provate SutiExpense.\" \/>\n<meta property=\"og:url\" content=\"https:\/\/www.accuratereviews.com\/it\/sutiexpense\/\" \/>\n<meta property=\"og:site_name\" content=\"Accurate Reviews\" \/>\n<meta property=\"article:modified_time\" content=\"2017-05-11T14:51:31+00:00\" \/>\n<meta property=\"og:image\" content=\"https:\/\/www.accuratereviews.com\/wp-content\/uploads\/2017\/05\/sutiExpense.gif\" \/>\n\t<meta property=\"og:image:width\" content=\"1100\" \/>\n\t<meta property=\"og:image:height\" content=\"811\" \/>\n\t<meta property=\"og:image:type\" content=\"image\/gif\" \/>\n<meta name=\"twitter:card\" content=\"summary_large_image\" \/>\n<meta name=\"twitter:label1\" content=\"Tempo di lettura stimato\" \/>\n\t<meta name=\"twitter:data1\" content=\"1 minuto\" \/>\n<script type=\"application\/ld+json\" class=\"yoast-schema-graph\">{\"@context\":\"https:\\\/\\\/schema.org\",\"@graph\":[{\"@type\":\"WebPage\",\"@id\":\"https:\\\/\\\/www.accuratereviews.com\\\/it\\\/sutiexpense\\\/\",\"url\":\"https:\\\/\\\/www.accuratereviews.com\\\/it\\\/sutiexpense\\\/\",\"name\":\"SutiExpense recensione del miglior servizio di accounting\",\"isPartOf\":{\"@id\":\"https:\\\/\\\/www.accuratereviews.com\\\/it\\\/#website\"},\"primaryImageOfPage\":{\"@id\":\"https:\\\/\\\/www.accuratereviews.com\\\/it\\\/sutiexpense\\\/#primaryimage\"},\"image\":{\"@id\":\"https:\\\/\\\/www.accuratereviews.com\\\/it\\\/sutiexpense\\\/#primaryimage\"},\"thumbnailUrl\":\"http:\\\/\\\/www.accuratereviews.com\\\/wp-content\\\/uploads\\\/2017\\\/05\\\/sutiExpense.gif\",\"datePublished\":\"2017-05-09T12:31:40+00:00\",\"dateModified\":\"2017-05-11T14:51:31+00:00\",\"description\":\"Se nella vostra azienda serve un software di accounting professionale, capace di gestire tanti utenti, opzioni e integrazioni, provate SutiExpense.\",\"breadcrumb\":{\"@id\":\"https:\\\/\\\/www.accuratereviews.com\\\/it\\\/sutiexpense\\\/#breadcrumb\"},\"inLanguage\":\"it-IT\",\"potentialAction\":[{\"@type\":\"ReadAction\",\"target\":[\"https:\\\/\\\/www.accuratereviews.com\\\/it\\\/sutiexpense\\\/\"]}]},{\"@type\":\"ImageObject\",\"inLanguage\":\"it-IT\",\"@id\":\"https:\\\/\\\/www.accuratereviews.com\\\/it\\\/sutiexpense\\\/#primaryimage\",\"url\":\"http:\\\/\\\/www.accuratereviews.com\\\/wp-content\\\/uploads\\\/2017\\\/05\\\/sutiExpense.gif\",\"contentUrl\":\"http:\\\/\\\/www.accuratereviews.com\\\/wp-content\\\/uploads\\\/2017\\\/05\\\/sutiExpense.gif\"},{\"@type\":\"BreadcrumbList\",\"@id\":\"https:\\\/\\\/www.accuratereviews.com\\\/it\\\/sutiexpense\\\/#breadcrumb\",\"itemListElement\":[{\"@type\":\"ListItem\",\"position\":1,\"name\":\"Home\",\"item\":\"https:\\\/\\\/www.accuratereviews.com\\\/it\\\/\"},{\"@type\":\"ListItem\",\"position\":2,\"name\":\"SutiExpense\"}]},{\"@type\":\"WebSite\",\"@id\":\"https:\\\/\\\/www.accuratereviews.com\\\/it\\\/#website\",\"url\":\"https:\\\/\\\/www.accuratereviews.com\\\/it\\\/\",\"name\":\"Accurate Reviews\",\"description\":\"\",\"potentialAction\":[{\"@type\":\"SearchAction\",\"target\":{\"@type\":\"EntryPoint\",\"urlTemplate\":\"https:\\\/\\\/www.accuratereviews.com\\\/it\\\/?s={search_term_string}\"},\"query-input\":{\"@type\":\"PropertyValueSpecification\",\"valueRequired\":true,\"valueName\":\"search_term_string\"}}],\"inLanguage\":\"it-IT\"}]}<\/script>\n<!-- \/ Yoast SEO plugin. -->","yoast_head_json":{"title":"SutiExpense recensione del miglior servizio di accounting","description":"Se nella vostra azienda serve un software di accounting professionale, capace di gestire tanti utenti, opzioni e integrazioni, provate SutiExpense.","robots":{"index":"index","follow":"follow","max-snippet":"max-snippet:-1","max-image-preview":"max-image-preview:large","max-video-preview":"max-video-preview:-1"},"canonical":"https:\/\/www.accuratereviews.com\/it\/sutiexpense\/","og_locale":"it_IT","og_type":"article","og_title":"SutiExpense recensione del miglior servizio di accounting","og_description":"Se nella vostra azienda serve un software di accounting professionale, capace di gestire tanti utenti, opzioni e integrazioni, provate SutiExpense.","og_url":"https:\/\/www.accuratereviews.com\/it\/sutiexpense\/","og_site_name":"Accurate Reviews","article_modified_time":"2017-05-11T14:51:31+00:00","og_image":[{"width":1100,"height":811,"url":"https:\/\/www.accuratereviews.com\/wp-content\/uploads\/2017\/05\/sutiExpense.gif","type":"image\/gif"}],"twitter_card":"summary_large_image","twitter_misc":{"Tempo di lettura stimato":"1 minuto"},"schema":{"@context":"https:\/\/schema.org","@graph":[{"@type":"WebPage","@id":"https:\/\/www.accuratereviews.com\/it\/sutiexpense\/","url":"https:\/\/www.accuratereviews.com\/it\/sutiexpense\/","name":"SutiExpense recensione del miglior servizio di accounting","isPartOf":{"@id":"https:\/\/www.accuratereviews.com\/it\/#website"},"primaryImageOfPage":{"@id":"https:\/\/www.accuratereviews.com\/it\/sutiexpense\/#primaryimage"},"image":{"@id":"https:\/\/www.accuratereviews.com\/it\/sutiexpense\/#primaryimage"},"thumbnailUrl":"http:\/\/www.accuratereviews.com\/wp-content\/uploads\/2017\/05\/sutiExpense.gif","datePublished":"2017-05-09T12:31:40+00:00","dateModified":"2017-05-11T14:51:31+00:00","description":"Se nella vostra azienda serve un software di accounting professionale, capace di gestire tanti utenti, opzioni e integrazioni, provate SutiExpense.","breadcrumb":{"@id":"https:\/\/www.accuratereviews.com\/it\/sutiexpense\/#breadcrumb"},"inLanguage":"it-IT","potentialAction":[{"@type":"ReadAction","target":["https:\/\/www.accuratereviews.com\/it\/sutiexpense\/"]}]},{"@type":"ImageObject","inLanguage":"it-IT","@id":"https:\/\/www.accuratereviews.com\/it\/sutiexpense\/#primaryimage","url":"http:\/\/www.accuratereviews.com\/wp-content\/uploads\/2017\/05\/sutiExpense.gif","contentUrl":"http:\/\/www.accuratereviews.com\/wp-content\/uploads\/2017\/05\/sutiExpense.gif"},{"@type":"BreadcrumbList","@id":"https:\/\/www.accuratereviews.com\/it\/sutiexpense\/#breadcrumb","itemListElement":[{"@type":"ListItem","position":1,"name":"Home","item":"https:\/\/www.accuratereviews.com\/it\/"},{"@type":"ListItem","position":2,"name":"SutiExpense"}]},{"@type":"WebSite","@id":"https:\/\/www.accuratereviews.com\/it\/#website","url":"https:\/\/www.accuratereviews.com\/it\/","name":"Accurate Reviews","description":"","potentialAction":[{"@type":"SearchAction","target":{"@type":"EntryPoint","urlTemplate":"https:\/\/www.accuratereviews.com\/it\/?s={search_term_string}"},"query-input":{"@type":"PropertyValueSpecification","valueRequired":true,"valueName":"search_term_string"}}],"inLanguage":"it-IT"}]}},"_links":{"self":[{"href":"https:\/\/www.accuratereviews.com\/it\/wp-json\/wp\/v2\/pages\/9438","targetHints":{"allow":["GET"]}}],"collection":[{"href":"https:\/\/www.accuratereviews.com\/it\/wp-json\/wp\/v2\/pages"}],"about":[{"href":"https:\/\/www.accuratereviews.com\/it\/wp-json\/wp\/v2\/types\/page"}],"author":[{"embeddable":true,"href":"https:\/\/www.accuratereviews.com\/it\/wp-json\/wp\/v2\/users\/16"}],"replies":[{"embeddable":true,"href":"https:\/\/www.accuratereviews.com\/it\/wp-json\/wp\/v2\/comments?post=9438"}],"version-history":[{"count":4,"href":"https:\/\/www.accuratereviews.com\/it\/wp-json\/wp\/v2\/pages\/9438\/revisions"}],"predecessor-version":[{"id":9442,"href":"https:\/\/www.accuratereviews.com\/it\/wp-json\/wp\/v2\/pages\/9438\/revisions\/9442"}],"wp:attachment":[{"href":"https:\/\/www.accuratereviews.com\/it\/wp-json\/wp\/v2\/media?parent=9438"}],"wp:term":[{"taxonomy":"category","embeddable":true,"href":"https:\/\/www.accuratereviews.com\/it\/wp-json\/wp\/v2\/categories?post=9438"},{"taxonomy":"post_tag","embeddable":true,"href":"https:\/\/www.accuratereviews.com\/it\/wp-json\/wp\/v2\/tags?post=9438"},{"taxonomy":"features","embeddable":true,"href":"https:\/\/www.accuratereviews.com\/it\/wp-json\/wp\/v2\/features?post=9438"}],"curies":[{"name":"wp","href":"https:\/\/api.w.org\/{rel}","templated":true}]}}