{"id":94805,"date":"2025-07-08T11:59:36","date_gmt":"2025-07-08T11:59:36","guid":{"rendered":"https:\/\/www.accuratereviews.com\/?page_id=94805"},"modified":"2025-07-08T11:59:36","modified_gmt":"2025-07-08T11:59:36","slug":"geoop-recensione","status":"publish","type":"page","link":"https:\/\/www.accuratereviews.com\/it\/programmi-gestione-turni-lavoro\/geoop-recensione\/","title":{"rendered":"GeoOp"},"content":{"rendered":"<p><strong>GeoOp<\/strong> \u00e8 un <strong>software di gestione del lavoro<\/strong> pluripremiato che racchiude tutte le attivit\u00e0 quotidiane in un unico posto. I clienti risparmiano fino a 14 ore a settimana in termini di tempo amministrativo, dando loro pi\u00f9 spazio per far crescere la propria attivit\u00e0 e godersi un po&#8217; pi\u00f9 di tempo durante la settimana per dedicarsi ai propri interessi. Pianifica i lavori, monitora il personale in tempo reale, compila fogli presenze, crea preventivi, fatture e molto altro!<strong><br \/>\nGeoOp<\/strong> si integra persino con i tuoi software di contabilit\u00e0<strong> Xero, QuickBooks o MYOB<\/strong> per una maggiore precisione. Offre anche tutto il supporto necessario per iniziare con la formazione gratuita e personalizzata per la tua attivit\u00e0. Sostituisci il cartaceo e passa a un&#8217;app di gestione del lavoro pi\u00f9 in linea con la tua attivit\u00e0.<\/p>\n<h2>GEOOP &#8211; TUTORIAL<\/h2>\n<div id=\"fluid-wrapper-counter-1\" class=\"g1-fluid-wrapper \" style=\"width:686px;\">\n<div style=\"padding-bottom:56.268221574344%;\"><iframe loading=\"lazy\" title=\"Job Management App for trades and services\" width=\"686\" height=\"386\" src=\"https:\/\/www.youtube.com\/embed\/lnVL8hhyTjM?feature=oembed&amp;wmode=transparent&amp;autohide=1&amp;autoplay=0&amp;disablekb=0&amp;fs=1&amp;loop=0&amp;enablejsapi=1&amp;rel=0&amp;controls=2&amp;showinfo=0&amp;wmode=transparent&amp;autohide=2&amp;autoplay=0&amp;disablekb=0&amp;fs=1&amp;loop=0&amp;enablejsapi=1&amp;rel=0&amp;controls=2&amp;showinfo=1\" frameborder=\"0\" allow=\"accelerometer; autoplay; clipboard-write; encrypted-media; gyroscope; picture-in-picture; web-share\" referrerpolicy=\"strict-origin-when-cross-origin\" allowfullscreen><\/iframe><\/div>\n<\/div>\n<h3>GEOOP &#8211; CARATTERISTICHE<\/h3>\n<ul>\n<li><strong>Pianificazione lavori<\/strong>: la vista Elenco Lavori o Calendario ti aiuta a pianificare e assegnare i lavori pi\u00f9 facilmente.<\/li>\n<li><strong>Preventivi e stime<\/strong>: personalizza i tuoi modelli di preventivo per popolarli dinamicamente con tutte le informazioni del lavoro.<\/li>\n<li><strong>Fatturazione e pagamenti<\/strong>: integra il tuo software di contabilit\u00e0 per risparmiare tempo con la fatturazione in blocco per lavoro o cliente.<\/li>\n<li><strong>Moduli e checklist personalizzate<\/strong>: raccogli informazioni, foto e dati coerenti per tutti i tuoi lavori creando moduli personalizzati.<\/li>\n<li><strong>Integrazione contabile<\/strong>: integra Xero, MYOB, QuickBooks o FreshBooks e tieni sotto controllo i tuoi conti.<\/li>\n<li><strong>Inventario<\/strong>: risparmia tempo creando ordini di acquisto, gestendo i fornitori, monitorando ricambi e inventario in un unico posto.<\/li>\n<li><strong>Monitoraggio della posizione<\/strong>: geolocalizza e monitora l&#8217;attivit\u00e0, il chilometraggio e l&#8217;efficienza della flotta.<\/li>\n<li><strong>Gestione lavori da mobile<\/strong>: gestisci la tua programmazione giornaliera e i lavori ovunque ti trovi.<\/li>\n<li><strong>Fogli presenze e timer<\/strong>: monitora il tempo lavorato e inseriscilo facilmente durante il lavoro.<\/li>\n<li><strong>Gruppi di lavoro e permessi<\/strong>: gestisci i dati archiviati assicurando che tutti abbiano accesso al giusto livello di informazioni.<\/li>\n<li><strong>Messaggistica di gruppo<\/strong>: comunica facilmente tramite la soluzione tramite email e sms, nonch\u00e9 tramite note di lavoro e allegati.<\/li>\n<li><strong>Registri di gruppo e posizioni:<\/strong> visualizza a colpo d&#8217;occhio chi ha fatto cosa e quando tramite un registro attivit\u00e0 centralizzato.<\/li>\n<li><strong>Comunicazione con i clienti:<\/strong> rimani in contatto con i tuoi clienti tramite email e sms inviati.<\/li>\n<li><strong>Moduli del sito web<\/strong>: aumenta i tuoi potenziali clienti con moduli web per preventivi e richieste di lavoro.<\/li>\n<li><strong>Notifiche push<\/strong>: non perdere mai un&#8217;occasione con le notifiche per prenotazioni assegnate, aggiornamenti e promemoria.<\/li>\n<\/ul>\n<h4>LE RECENSIONI DEGLI UTENTI<\/h4>\n<p><strong>Kate &#8220;Fin qui tutto bene!&#8221;<\/strong><br \/>\n<strong>Pro<\/strong>: destione dei lavori, possibilit\u00e0 di allegare foto, SWMS e altre informazioni ai lavori per i nostri artigiani sul campo.<br \/>\n<strong>Contro<\/strong>: non sono ancora sicuro che faccia tutto quello che vogliamo, \u00e8 ancora in fase di prova\/test.<\/p>\n<p><strong>Brayan &#8220;Pi\u00f9 di quanto mi aspettassi.&#8221;<\/strong><br \/>\n<strong>Pro<\/strong>: nel mio campo di lavoro utilizziamo diverse applicazioni per gestire le attivit\u00e0 quotidiane e, considerando che questa applicazione soddisfa quasi tutti i requisiti, la trovo fantastica.<br \/>\n<strong>Contro<\/strong>: potrebbe arrivare il momento in cui l&#8217;apparecchiatura su cui \u00e8 installato diventa satura, a causa dei suoi componenti.<\/p>\n<p><strong>Leanne &#8220;Geo per attivit\u00e0 di giardinaggio&#8221;<\/strong><br \/>\n<strong>Commenti<\/strong>: molto utile, facile e ottimo servizio<br \/>\n<strong>Pro<\/strong>: facile da usare. Non fa perdere tempo. Ottimo servizio clienti.<br \/>\n<strong>Contro<\/strong>: vorrei davvero tanto avere un&#8217;opzione mensile da visualizzare alla volta. Cos\u00ec posso vedere ogni mese come funziona il sistema per spostare i lavori, ecc.<\/p>\n","protected":false},"excerpt":{"rendered":"<p>GeoOp \u00e8 un software di gestione del lavoro pluripremiato che racchiude tutte le attivit\u00e0 quotidiane in un unico posto. I clienti risparmiano fino a 14 ore a settimana in termini di tempo amministrativo, dando loro pi\u00f9 spazio per far crescere la propria attivit\u00e0 e godersi un po&#8217; pi\u00f9 di tempo durante la settimana per dedicarsi ai propri interessi.<\/p>\n","protected":false},"author":19,"featured_media":94806,"parent":87246,"menu_order":0,"comment_status":"open","ping_status":"closed","template":"g1_template_page_review_new.php","meta":{"_acf_changed":false,"cwp_meta_box_check":"No","cwp_rev_product_name":"","cwp_rev_product_image":"","wppr_links":[],"cwp_rev_price":"","wppr_options":[],"wppr_pros":[],"wppr_cons":[],"_monsterinsights_skip_tracking":false,"_monsterinsights_sitenote_active":false,"_monsterinsights_sitenote_note":"","_monsterinsights_sitenote_category":0,"footnotes":""},"categories":[16111],"tags":[16363,16146,16167,16120,16144,16123],"features":[],"class_list":{"0":"post-94805","1":"page","2":"type-page","3":"status-publish","4":"has-post-thumbnail","6":"category-programmi-per-turni-di-lavoro","7":"tag-geoop","8":"tag-piattaforma-turni-di-lavoro","9":"tag-programmi-turni-di-lavoro","10":"tag-software-turni-di-lavoro","11":"tag-soluzione-turni-di-lavoro","12":"tag-turni-di-lavoro"},"wppr_data":{"cwp_meta_box_check":"No"},"acf":[],"yoast_head":"<!-- This site is optimized with the Yoast SEO plugin v27.4 - https:\/\/yoast.com\/product\/yoast-seo-wordpress\/ -->\n<title>GeoOp: recensione software turni di lavoro - Accurate Reviews<\/title>\n<meta name=\"description\" content=\"GeoOp: recensione software di gestione del lavoro pluripremiato che racchiude tutte le attivit\u00e0 quotidiane in un unico posto.\" \/>\n<meta name=\"robots\" content=\"index, follow, max-snippet:-1, max-image-preview:large, max-video-preview:-1\" \/>\n<link rel=\"canonical\" href=\"https:\/\/www.accuratereviews.com\/it\/programmi-gestione-turni-lavoro\/geoop-recensione\/\" \/>\n<meta property=\"og:locale\" content=\"it_IT\" \/>\n<meta property=\"og:type\" content=\"article\" \/>\n<meta property=\"og:title\" content=\"GeoOp: recensione software turni di lavoro - Accurate Reviews\" \/>\n<meta property=\"og:description\" content=\"GeoOp: recensione software di gestione del lavoro pluripremiato che racchiude tutte le attivit\u00e0 quotidiane in un unico posto.\" \/>\n<meta property=\"og:url\" content=\"https:\/\/www.accuratereviews.com\/it\/programmi-gestione-turni-lavoro\/geoop-recensione\/\" \/>\n<meta property=\"og:site_name\" content=\"Accurate Reviews\" \/>\n<meta property=\"og:image\" content=\"https:\/\/www.accuratereviews.com\/wp-content\/uploads\/2025\/07\/geoop.png\" \/>\n\t<meta property=\"og:image:width\" content=\"1820\" \/>\n\t<meta property=\"og:image:height\" content=\"525\" \/>\n\t<meta property=\"og:image:type\" content=\"image\/png\" \/>\n<meta name=\"twitter:card\" content=\"summary_large_image\" \/>\n<meta name=\"twitter:label1\" content=\"Tempo di lettura stimato\" \/>\n\t<meta name=\"twitter:data1\" content=\"4 minuti\" \/>\n<script type=\"application\/ld+json\" class=\"yoast-schema-graph\">{\"@context\":\"https:\\\/\\\/schema.org\",\"@graph\":[{\"@type\":\"WebPage\",\"@id\":\"https:\\\/\\\/www.accuratereviews.com\\\/it\\\/programmi-gestione-turni-lavoro\\\/geoop-recensione\\\/\",\"url\":\"https:\\\/\\\/www.accuratereviews.com\\\/it\\\/programmi-gestione-turni-lavoro\\\/geoop-recensione\\\/\",\"name\":\"GeoOp: recensione software turni di lavoro - Accurate Reviews\",\"isPartOf\":{\"@id\":\"https:\\\/\\\/www.accuratereviews.com\\\/it\\\/#website\"},\"primaryImageOfPage\":{\"@id\":\"https:\\\/\\\/www.accuratereviews.com\\\/it\\\/programmi-gestione-turni-lavoro\\\/geoop-recensione\\\/#primaryimage\"},\"image\":{\"@id\":\"https:\\\/\\\/www.accuratereviews.com\\\/it\\\/programmi-gestione-turni-lavoro\\\/geoop-recensione\\\/#primaryimage\"},\"thumbnailUrl\":\"https:\\\/\\\/www.accuratereviews.com\\\/wp-content\\\/uploads\\\/2025\\\/07\\\/geoop.png\",\"datePublished\":\"2025-07-08T11:59:36+00:00\",\"description\":\"GeoOp: recensione software di gestione del lavoro pluripremiato che racchiude tutte le attivit\u00e0 quotidiane in un unico posto.\",\"breadcrumb\":{\"@id\":\"https:\\\/\\\/www.accuratereviews.com\\\/it\\\/programmi-gestione-turni-lavoro\\\/geoop-recensione\\\/#breadcrumb\"},\"inLanguage\":\"it-IT\",\"potentialAction\":[{\"@type\":\"ReadAction\",\"target\":[\"https:\\\/\\\/www.accuratereviews.com\\\/it\\\/programmi-gestione-turni-lavoro\\\/geoop-recensione\\\/\"]}]},{\"@type\":\"ImageObject\",\"inLanguage\":\"it-IT\",\"@id\":\"https:\\\/\\\/www.accuratereviews.com\\\/it\\\/programmi-gestione-turni-lavoro\\\/geoop-recensione\\\/#primaryimage\",\"url\":\"https:\\\/\\\/www.accuratereviews.com\\\/wp-content\\\/uploads\\\/2025\\\/07\\\/geoop.png\",\"contentUrl\":\"https:\\\/\\\/www.accuratereviews.com\\\/wp-content\\\/uploads\\\/2025\\\/07\\\/geoop.png\",\"width\":1820,\"height\":525},{\"@type\":\"BreadcrumbList\",\"@id\":\"https:\\\/\\\/www.accuratereviews.com\\\/it\\\/programmi-gestione-turni-lavoro\\\/geoop-recensione\\\/#breadcrumb\",\"itemListElement\":[{\"@type\":\"ListItem\",\"position\":1,\"name\":\"Home\",\"item\":\"https:\\\/\\\/www.accuratereviews.com\\\/it\\\/\"},{\"@type\":\"ListItem\",\"position\":2,\"name\":\"Programmi per turni di lavoro\",\"item\":\"https:\\\/\\\/www.accuratereviews.com\\\/it\\\/programmi-gestione-turni-lavoro\\\/\"},{\"@type\":\"ListItem\",\"position\":3,\"name\":\"GeoOp\"}]},{\"@type\":\"WebSite\",\"@id\":\"https:\\\/\\\/www.accuratereviews.com\\\/it\\\/#website\",\"url\":\"https:\\\/\\\/www.accuratereviews.com\\\/it\\\/\",\"name\":\"Accurate Reviews\",\"description\":\"\",\"potentialAction\":[{\"@type\":\"SearchAction\",\"target\":{\"@type\":\"EntryPoint\",\"urlTemplate\":\"https:\\\/\\\/www.accuratereviews.com\\\/it\\\/?s={search_term_string}\"},\"query-input\":{\"@type\":\"PropertyValueSpecification\",\"valueRequired\":true,\"valueName\":\"search_term_string\"}}],\"inLanguage\":\"it-IT\"}]}<\/script>\n<!-- \/ Yoast SEO plugin. -->","yoast_head_json":{"title":"GeoOp: recensione software turni di lavoro - Accurate Reviews","description":"GeoOp: recensione software di gestione del lavoro pluripremiato che racchiude tutte le attivit\u00e0 quotidiane in un unico posto.","robots":{"index":"index","follow":"follow","max-snippet":"max-snippet:-1","max-image-preview":"max-image-preview:large","max-video-preview":"max-video-preview:-1"},"canonical":"https:\/\/www.accuratereviews.com\/it\/programmi-gestione-turni-lavoro\/geoop-recensione\/","og_locale":"it_IT","og_type":"article","og_title":"GeoOp: recensione software turni di lavoro - Accurate Reviews","og_description":"GeoOp: recensione software di gestione del lavoro pluripremiato che racchiude tutte le attivit\u00e0 quotidiane in un unico posto.","og_url":"https:\/\/www.accuratereviews.com\/it\/programmi-gestione-turni-lavoro\/geoop-recensione\/","og_site_name":"Accurate Reviews","og_image":[{"width":1820,"height":525,"url":"https:\/\/www.accuratereviews.com\/wp-content\/uploads\/2025\/07\/geoop.png","type":"image\/png"}],"twitter_card":"summary_large_image","twitter_misc":{"Tempo di lettura stimato":"4 minuti"},"schema":{"@context":"https:\/\/schema.org","@graph":[{"@type":"WebPage","@id":"https:\/\/www.accuratereviews.com\/it\/programmi-gestione-turni-lavoro\/geoop-recensione\/","url":"https:\/\/www.accuratereviews.com\/it\/programmi-gestione-turni-lavoro\/geoop-recensione\/","name":"GeoOp: recensione software turni di lavoro - Accurate Reviews","isPartOf":{"@id":"https:\/\/www.accuratereviews.com\/it\/#website"},"primaryImageOfPage":{"@id":"https:\/\/www.accuratereviews.com\/it\/programmi-gestione-turni-lavoro\/geoop-recensione\/#primaryimage"},"image":{"@id":"https:\/\/www.accuratereviews.com\/it\/programmi-gestione-turni-lavoro\/geoop-recensione\/#primaryimage"},"thumbnailUrl":"https:\/\/www.accuratereviews.com\/wp-content\/uploads\/2025\/07\/geoop.png","datePublished":"2025-07-08T11:59:36+00:00","description":"GeoOp: recensione software di gestione del lavoro pluripremiato che racchiude tutte le attivit\u00e0 quotidiane in un unico posto.","breadcrumb":{"@id":"https:\/\/www.accuratereviews.com\/it\/programmi-gestione-turni-lavoro\/geoop-recensione\/#breadcrumb"},"inLanguage":"it-IT","potentialAction":[{"@type":"ReadAction","target":["https:\/\/www.accuratereviews.com\/it\/programmi-gestione-turni-lavoro\/geoop-recensione\/"]}]},{"@type":"ImageObject","inLanguage":"it-IT","@id":"https:\/\/www.accuratereviews.com\/it\/programmi-gestione-turni-lavoro\/geoop-recensione\/#primaryimage","url":"https:\/\/www.accuratereviews.com\/wp-content\/uploads\/2025\/07\/geoop.png","contentUrl":"https:\/\/www.accuratereviews.com\/wp-content\/uploads\/2025\/07\/geoop.png","width":1820,"height":525},{"@type":"BreadcrumbList","@id":"https:\/\/www.accuratereviews.com\/it\/programmi-gestione-turni-lavoro\/geoop-recensione\/#breadcrumb","itemListElement":[{"@type":"ListItem","position":1,"name":"Home","item":"https:\/\/www.accuratereviews.com\/it\/"},{"@type":"ListItem","position":2,"name":"Programmi per turni di lavoro","item":"https:\/\/www.accuratereviews.com\/it\/programmi-gestione-turni-lavoro\/"},{"@type":"ListItem","position":3,"name":"GeoOp"}]},{"@type":"WebSite","@id":"https:\/\/www.accuratereviews.com\/it\/#website","url":"https:\/\/www.accuratereviews.com\/it\/","name":"Accurate Reviews","description":"","potentialAction":[{"@type":"SearchAction","target":{"@type":"EntryPoint","urlTemplate":"https:\/\/www.accuratereviews.com\/it\/?s={search_term_string}"},"query-input":{"@type":"PropertyValueSpecification","valueRequired":true,"valueName":"search_term_string"}}],"inLanguage":"it-IT"}]}},"_links":{"self":[{"href":"https:\/\/www.accuratereviews.com\/it\/wp-json\/wp\/v2\/pages\/94805","targetHints":{"allow":["GET"]}}],"collection":[{"href":"https:\/\/www.accuratereviews.com\/it\/wp-json\/wp\/v2\/pages"}],"about":[{"href":"https:\/\/www.accuratereviews.com\/it\/wp-json\/wp\/v2\/types\/page"}],"author":[{"embeddable":true,"href":"https:\/\/www.accuratereviews.com\/it\/wp-json\/wp\/v2\/users\/19"}],"replies":[{"embeddable":true,"href":"https:\/\/www.accuratereviews.com\/it\/wp-json\/wp\/v2\/comments?post=94805"}],"version-history":[{"count":12,"href":"https:\/\/www.accuratereviews.com\/it\/wp-json\/wp\/v2\/pages\/94805\/revisions"}],"predecessor-version":[{"id":94824,"href":"https:\/\/www.accuratereviews.com\/it\/wp-json\/wp\/v2\/pages\/94805\/revisions\/94824"}],"up":[{"embeddable":true,"href":"https:\/\/www.accuratereviews.com\/it\/wp-json\/wp\/v2\/pages\/87246"}],"wp:featuredmedia":[{"embeddable":true,"href":"https:\/\/www.accuratereviews.com\/it\/wp-json\/wp\/v2\/media\/94806"}],"wp:attachment":[{"href":"https:\/\/www.accuratereviews.com\/it\/wp-json\/wp\/v2\/media?parent=94805"}],"wp:term":[{"taxonomy":"category","embeddable":true,"href":"https:\/\/www.accuratereviews.com\/it\/wp-json\/wp\/v2\/categories?post=94805"},{"taxonomy":"post_tag","embeddable":true,"href":"https:\/\/www.accuratereviews.com\/it\/wp-json\/wp\/v2\/tags?post=94805"},{"taxonomy":"features","embeddable":true,"href":"https:\/\/www.accuratereviews.com\/it\/wp-json\/wp\/v2\/features?post=94805"}],"curies":[{"name":"wp","href":"https:\/\/api.w.org\/{rel}","templated":true}]}}