{"id":94974,"date":"2025-07-14T20:07:39","date_gmt":"2025-07-14T20:07:39","guid":{"rendered":"https:\/\/www.accuratereviews.com\/?page_id=94974"},"modified":"2025-07-15T10:05:34","modified_gmt":"2025-07-15T10:05:34","slug":"clayhr-recensione","status":"publish","type":"page","link":"https:\/\/www.accuratereviews.com\/it\/programmi-gestione-turni-lavoro\/clayhr-recensione\/","title":{"rendered":"ClayHR"},"content":{"rendered":"<p><strong>ClayHR<\/strong> \u00e8 una soluzione che offre database dei dipendenti e funzionalit\u00e0 come il monitoraggio delle candidature, la gestione delle retribuzioni, la pianificazione delle carriere e la gestione della formazione. Inoltre, pu\u00f2 essere integrato da pi\u00f9 dispositivi tramite browser e applicazioni mobili native. Ottieni la semplicit\u00e0 di gestire registri completi dei dipendenti e di condurre onboarding senza l&#8217;utilizzo di carta, inclusa la firma elettronica dei documenti. Questa soluzione strategica per la gestione delle risorse umane include una libreria integrata di modelli, che ti aiuta a definire obiettivi e gestire facilmente le valutazioni delle prestazioni.<br \/>\nInoltre, <strong>ClayHR<\/strong> offre analisi HR avanzate che includono dati su forza lavoro, personale, gestione delle presenze, organico, utilizzo delle risorse e molte altre metriche.<\/p>\n<h2>CLAYHR &#8211; TUTORIAL<\/h2>\n<div id=\"fluid-wrapper-counter-1\" class=\"g1-fluid-wrapper \" style=\"width:686px;\">\n<div style=\"padding-bottom:56.268221574344%;\"><iframe loading=\"lazy\" title=\"ClayHR: All-in-One HR Software | From Hire to Retire | #SHRM25\" width=\"686\" height=\"386\" src=\"https:\/\/www.youtube.com\/embed\/9Wi1T7cY6FQ?feature=oembed&amp;wmode=transparent&amp;autohide=1&amp;autoplay=0&amp;disablekb=0&amp;fs=1&amp;loop=0&amp;enablejsapi=1&amp;rel=0&amp;controls=2&amp;showinfo=0&amp;wmode=transparent&amp;autohide=2&amp;autoplay=0&amp;disablekb=0&amp;fs=1&amp;loop=0&amp;enablejsapi=1&amp;rel=0&amp;controls=2&amp;showinfo=1\" frameborder=\"0\" allow=\"accelerometer; autoplay; clipboard-write; encrypted-media; gyroscope; picture-in-picture; web-share\" referrerpolicy=\"strict-origin-when-cross-origin\" allowfullscreen><\/iframe><\/div>\n<\/div>\n<h3>CLAYHR &#8211; CARATTERISTICHE<\/h3>\n<ul>\n<li>Consenti ai tuoi dipendenti di accedere e gestire i propri dati. Libera il tuo personale HR dalle attivit\u00e0 amministrative in modo che possa concentrarsi sulle persone. Permetti loro di visualizzare i propri orari, controllare le buste paga, timbrare gli ingressi e le uscite, modificare i fogli presenze, modificare le proprie informazioni personali e altro ancora.<\/li>\n<li>Ricevi notifiche e avvisi per compleanni, festivit\u00e0 imminenti e altro ancora.<\/li>\n<li>Configura i tuoi dati dipendenti per tenere traccia delle informazioni rilevanti per la tua organizzazione con sezioni e campi personalizzati (menu a discesa, caselle di controllo, date e altro ancora) facilmente personalizzabili.<\/li>\n<li>Una delle attivit\u00e0 pi\u00f9 importanti per il tuo reparto HR \u00e8 la gestione delle richieste di ferie e permessi. Il software ti consente di monitorare le assenze e individuare le tendenze, oltre a offrire ai dipendenti la possibilit\u00e0 di inviare richieste di ferie e monitorare le proprie ore di permessi.<\/li>\n<li>Un framework completo e flessibile che ti consentir\u00e0 di impostare autorizzazioni di visibilit\u00e0, modifica e approvazione, che vanno dalle funzionalit\u00e0 di alto livello fino ai singoli campi personalizzati.<\/li>\n<li>Consenti ai tuoi dipendenti di inviare le loro richieste, come richieste di lavoro, aggiornamenti dati, domande sulla retribuzione, ecc. Consenti al team delle risorse umane di inoltrare internamente i ticket e gestirli in base alle priorit\u00e0.<\/li>\n<li>Invia le tue schede attivit\u00e0 timbrando il cartellino tramite diversi metodi, come browser, applicazione mobile, chiosco, codice QR, API o integrazione biometrica, senza sforzo.<\/li>\n<li>Definisci limiti geografici specifici utilizzando il Geofencing e assicurati un monitoraggio accurato della posizione di ingresso\/uscita dei dipendenti. Consenti ai dipendenti di timbrare il cartellino solo quando si trovano all&#8217;interno dell&#8217;area designata per promuovere la responsabilit\u00e0 e contribuire a un ambiente produttivo.<\/li>\n<li>Invia le tue schede attivit\u00e0 settimanali\/bisettimanali\/mensili per l&#8217;approvazione utilizzando un&#8217;interfaccia incredibilmente facile da usare. Le schede attivit\u00e0 approvate possono essere integrate in un report collettivo, fondamentale sia per il settore paghe che per il reparto risorse umane.<\/li>\n<li>Definisci chi approva le schede attivit\u00e0 per chi e lascia che il processo automatizzato funzioni in background. Verifica il numero di schede attivit\u00e0, il tempo totale e il livello di approvazione in sospeso senza sforzo.<\/li>\n<\/ul>\n<h4>LE RECENSIONI DEGLI UTENTI<\/h4>\n<p><strong>Isabel &#8220;Supporto eccezionale e risposta rapida di ClayHR&#8221;<\/strong><br \/>\n<strong>Commenti<\/strong>: Utilizziamo ClayHR da 6 anni e siamo complessivamente molto soddisfatti. Recentemente abbiamo avuto un problema con l&#8217;importazione delle paghe a causa di una modifica al formato PDF del nostro processore. Il team di supporto di ClayHR \u00e8 stato rapido e reattivo: hanno risolto il problema immediatamente e ora tutto funziona perfettamente. Questo livello di supporto e attenzione ai dettagli \u00e8 il motivo per cui adoriamo usare ClayHR!<br \/>\n<strong>Pro<\/strong>: Il team di supporto \u00e8 sempre molto disponibile e risolutivo. Risponde rapidamente e le nostre richieste vengono sempre soddisfatte.<br \/>\n<strong>Contro<\/strong>: Niente da dire davvero, sempre felice del loro supporto e del tempo che ci hanno dedicato nel rispondere se abbiamo riscontrato qualche problema<\/p>\n<p><strong>Monica &#8220;Consiglia ClayHR al 100% Recensione&#8221;<\/strong><br \/>\n<strong>Pro<\/strong>: ClayHR offre diverse funzioni e strumenti utili per il nostro portale aziendale, come i flussi di lavoro e le valutazioni delle prestazioni. Inoltre, i tempi di risposta sono rapidi, quindi possiamo ricevere assistenza in tempi rapidi!<br \/>\n<strong>Contro<\/strong>: Direi che l&#8217;unico svantaggio \u00e8 dover aggiornare manualmente i PTO per ogni livello e durata, ma questo non \u00e8 un problema.<\/p>\n<p><strong>Osvaldo &#8220;Tutto in un unico posto&#8221;<\/strong><br \/>\n<strong>Commenti<\/strong>: Per me, gestire le risorse umane in un unico posto \u00e8 stato<br \/>\n<strong>Pro<\/strong>: Perch\u00e9 \u00e8 molto veloce e chiaro nelle informazioni<br \/>\n<strong>Contro<\/strong>: la facilit\u00e0 di accesso ai diversi men\u00f9.<\/p>\n","protected":false},"excerpt":{"rendered":"<p>ClayHR \u00e8 una soluzione che offre database dei dipendenti e funzionalit\u00e0 come il monitoraggio delle candidature, la gestione delle retribuzioni, la pianificazione delle carriere e la gestione della formazione. Inoltre, pu\u00f2 essere integrato da pi\u00f9 dispositivi tramite browser e applicazioni mobili native.<\/p>\n","protected":false},"author":19,"featured_media":94981,"parent":87246,"menu_order":0,"comment_status":"open","ping_status":"closed","template":"g1_template_page_review_new.php","meta":{"_acf_changed":false,"cwp_meta_box_check":"Yes","cwp_rev_product_name":"","cwp_rev_product_image":"","wppr_links":[],"cwp_rev_price":"0.00","wppr_options":[{"name":"Usability","value":"0"},{"name":"Speed","value":"0"},{"name":"Features","value":"0"},{"name":"Support","value":"0"},{"name":"Pricing","value":"0"}],"wppr_pros":["","","","",""],"wppr_cons":["","","","",""],"_monsterinsights_skip_tracking":false,"_monsterinsights_sitenote_active":false,"_monsterinsights_sitenote_note":"","_monsterinsights_sitenote_category":0,"footnotes":""},"categories":[16111],"tags":[16375,16146,16121,16120,16144,16123],"features":[],"class_list":{"0":"post-94974","1":"page","2":"type-page","3":"status-publish","4":"has-post-thumbnail","6":"category-programmi-per-turni-di-lavoro","7":"tag-clayhr","8":"tag-piattaforma-turni-di-lavoro","9":"tag-programma-turni-di-lavoro","10":"tag-software-turni-di-lavoro","11":"tag-soluzione-turni-di-lavoro","12":"tag-turni-di-lavoro"},"wppr_data":{"cwp_meta_box_check":"Yes","_wppr_review_template":"default","cwp_rev_product_image":"","cwp_image_link":"image","wppr_links":[],"cwp_rev_price":"0.00","wppr_pros":["","","","",""],"wppr_cons":["","","","",""],"wppr_rating":"0.00","wppr_options":{"1":{"name":"Usability","value":"0"},"2":{"name":"Speed","value":"0"},"3":{"name":"Features","value":"0"},"4":{"name":"Support","value":"0"},"5":{"name":"Pricing","value":"0"}},"wppr_review_type":"Product","wppr_review_custom_fields":{"additionalProperty":"","additionalType":"","aggregateRating":"","alternateName":"","audience":"","award":"","awards":"","brand":"","color":"","depth":"","description":"","disambiguatingDescription":"","gtin12":"","gtin13":"","gtin14":"","gtin8":"","height":"","identifier":"","image":"","isAccessoryOrSparePartFor":"","isConsumableFor":"","isRelatedTo":"","isSimilarTo":"","itemCondition":"","logo":"","mainEntityOfPage":"","manufacturer":"","material":"","model":"","mpn":"","name":"","offers":"","potentialAction":"","productID":"","productionDate":"","purchaseDate":"","releaseDate":"","review":"","reviews":"","sameAs":"","sku":"","slogan":"","subjectOf":"","url":"","weight":"","width":""}},"acf":[],"yoast_head":"<!-- This site is optimized with the Yoast SEO plugin v27.4 - https:\/\/yoast.com\/product\/yoast-seo-wordpress\/ -->\n<title>ClayHR: recensione software turni di lavoro - Accurate Reviews<\/title>\n<meta name=\"description\" content=\"ClayHR: recensione soluzione che offre database dei dipendenti e funzionalit\u00e0 come il monitoraggio delle candidature.\" \/>\n<meta name=\"robots\" content=\"index, follow, max-snippet:-1, max-image-preview:large, max-video-preview:-1\" \/>\n<link rel=\"canonical\" href=\"https:\/\/www.accuratereviews.com\/it\/programmi-gestione-turni-lavoro\/clayhr-recensione\/\" \/>\n<meta property=\"og:locale\" content=\"it_IT\" \/>\n<meta property=\"og:type\" content=\"article\" \/>\n<meta property=\"og:title\" content=\"ClayHR: recensione software turni di lavoro - Accurate Reviews\" \/>\n<meta property=\"og:description\" content=\"ClayHR: recensione soluzione che offre database dei dipendenti e funzionalit\u00e0 come il monitoraggio delle candidature.\" \/>\n<meta property=\"og:url\" content=\"https:\/\/www.accuratereviews.com\/it\/programmi-gestione-turni-lavoro\/clayhr-recensione\/\" \/>\n<meta property=\"og:site_name\" content=\"Accurate Reviews\" \/>\n<meta property=\"article:modified_time\" content=\"2025-07-15T10:05:34+00:00\" \/>\n<meta property=\"og:image\" content=\"https:\/\/www.accuratereviews.com\/wp-content\/uploads\/2025\/07\/ClayHR.webp\" \/>\n\t<meta property=\"og:image:width\" content=\"200\" \/>\n\t<meta property=\"og:image:height\" content=\"200\" \/>\n\t<meta property=\"og:image:type\" content=\"image\/webp\" \/>\n<meta name=\"twitter:card\" content=\"summary_large_image\" \/>\n<meta name=\"twitter:label1\" content=\"Tempo di lettura stimato\" \/>\n\t<meta name=\"twitter:data1\" content=\"5 minuti\" \/>\n<script type=\"application\/ld+json\" class=\"yoast-schema-graph\">{\"@context\":\"https:\\\/\\\/schema.org\",\"@graph\":[{\"@type\":\"WebPage\",\"@id\":\"https:\\\/\\\/www.accuratereviews.com\\\/it\\\/programmi-gestione-turni-lavoro\\\/clayhr-recensione\\\/\",\"url\":\"https:\\\/\\\/www.accuratereviews.com\\\/it\\\/programmi-gestione-turni-lavoro\\\/clayhr-recensione\\\/\",\"name\":\"ClayHR: recensione software turni di lavoro - Accurate Reviews\",\"isPartOf\":{\"@id\":\"https:\\\/\\\/www.accuratereviews.com\\\/it\\\/#website\"},\"primaryImageOfPage\":{\"@id\":\"https:\\\/\\\/www.accuratereviews.com\\\/it\\\/programmi-gestione-turni-lavoro\\\/clayhr-recensione\\\/#primaryimage\"},\"image\":{\"@id\":\"https:\\\/\\\/www.accuratereviews.com\\\/it\\\/programmi-gestione-turni-lavoro\\\/clayhr-recensione\\\/#primaryimage\"},\"thumbnailUrl\":\"https:\\\/\\\/www.accuratereviews.com\\\/wp-content\\\/uploads\\\/2025\\\/07\\\/ClayHR.webp\",\"datePublished\":\"2025-07-14T20:07:39+00:00\",\"dateModified\":\"2025-07-15T10:05:34+00:00\",\"description\":\"ClayHR: recensione soluzione che offre database dei dipendenti e funzionalit\u00e0 come il monitoraggio delle candidature.\",\"breadcrumb\":{\"@id\":\"https:\\\/\\\/www.accuratereviews.com\\\/it\\\/programmi-gestione-turni-lavoro\\\/clayhr-recensione\\\/#breadcrumb\"},\"inLanguage\":\"it-IT\",\"potentialAction\":[{\"@type\":\"ReadAction\",\"target\":[\"https:\\\/\\\/www.accuratereviews.com\\\/it\\\/programmi-gestione-turni-lavoro\\\/clayhr-recensione\\\/\"]}]},{\"@type\":\"ImageObject\",\"inLanguage\":\"it-IT\",\"@id\":\"https:\\\/\\\/www.accuratereviews.com\\\/it\\\/programmi-gestione-turni-lavoro\\\/clayhr-recensione\\\/#primaryimage\",\"url\":\"https:\\\/\\\/www.accuratereviews.com\\\/wp-content\\\/uploads\\\/2025\\\/07\\\/ClayHR.webp\",\"contentUrl\":\"https:\\\/\\\/www.accuratereviews.com\\\/wp-content\\\/uploads\\\/2025\\\/07\\\/ClayHR.webp\",\"width\":200,\"height\":200},{\"@type\":\"BreadcrumbList\",\"@id\":\"https:\\\/\\\/www.accuratereviews.com\\\/it\\\/programmi-gestione-turni-lavoro\\\/clayhr-recensione\\\/#breadcrumb\",\"itemListElement\":[{\"@type\":\"ListItem\",\"position\":1,\"name\":\"Home\",\"item\":\"https:\\\/\\\/www.accuratereviews.com\\\/it\\\/\"},{\"@type\":\"ListItem\",\"position\":2,\"name\":\"Programmi per turni di lavoro\",\"item\":\"https:\\\/\\\/www.accuratereviews.com\\\/it\\\/programmi-gestione-turni-lavoro\\\/\"},{\"@type\":\"ListItem\",\"position\":3,\"name\":\"ClayHR\"}]},{\"@type\":\"WebSite\",\"@id\":\"https:\\\/\\\/www.accuratereviews.com\\\/it\\\/#website\",\"url\":\"https:\\\/\\\/www.accuratereviews.com\\\/it\\\/\",\"name\":\"Accurate Reviews\",\"description\":\"\",\"potentialAction\":[{\"@type\":\"SearchAction\",\"target\":{\"@type\":\"EntryPoint\",\"urlTemplate\":\"https:\\\/\\\/www.accuratereviews.com\\\/it\\\/?s={search_term_string}\"},\"query-input\":{\"@type\":\"PropertyValueSpecification\",\"valueRequired\":true,\"valueName\":\"search_term_string\"}}],\"inLanguage\":\"it-IT\"}]}<\/script>\n<!-- \/ Yoast SEO plugin. -->","yoast_head_json":{"title":"ClayHR: recensione software turni di lavoro - Accurate Reviews","description":"ClayHR: recensione soluzione che offre database dei dipendenti e funzionalit\u00e0 come il monitoraggio delle candidature.","robots":{"index":"index","follow":"follow","max-snippet":"max-snippet:-1","max-image-preview":"max-image-preview:large","max-video-preview":"max-video-preview:-1"},"canonical":"https:\/\/www.accuratereviews.com\/it\/programmi-gestione-turni-lavoro\/clayhr-recensione\/","og_locale":"it_IT","og_type":"article","og_title":"ClayHR: recensione software turni di lavoro - Accurate Reviews","og_description":"ClayHR: recensione soluzione che offre database dei dipendenti e funzionalit\u00e0 come il monitoraggio delle candidature.","og_url":"https:\/\/www.accuratereviews.com\/it\/programmi-gestione-turni-lavoro\/clayhr-recensione\/","og_site_name":"Accurate Reviews","article_modified_time":"2025-07-15T10:05:34+00:00","og_image":[{"width":200,"height":200,"url":"https:\/\/www.accuratereviews.com\/wp-content\/uploads\/2025\/07\/ClayHR.webp","type":"image\/webp"}],"twitter_card":"summary_large_image","twitter_misc":{"Tempo di lettura stimato":"5 minuti"},"schema":{"@context":"https:\/\/schema.org","@graph":[{"@type":"WebPage","@id":"https:\/\/www.accuratereviews.com\/it\/programmi-gestione-turni-lavoro\/clayhr-recensione\/","url":"https:\/\/www.accuratereviews.com\/it\/programmi-gestione-turni-lavoro\/clayhr-recensione\/","name":"ClayHR: recensione software turni di lavoro - Accurate Reviews","isPartOf":{"@id":"https:\/\/www.accuratereviews.com\/it\/#website"},"primaryImageOfPage":{"@id":"https:\/\/www.accuratereviews.com\/it\/programmi-gestione-turni-lavoro\/clayhr-recensione\/#primaryimage"},"image":{"@id":"https:\/\/www.accuratereviews.com\/it\/programmi-gestione-turni-lavoro\/clayhr-recensione\/#primaryimage"},"thumbnailUrl":"https:\/\/www.accuratereviews.com\/wp-content\/uploads\/2025\/07\/ClayHR.webp","datePublished":"2025-07-14T20:07:39+00:00","dateModified":"2025-07-15T10:05:34+00:00","description":"ClayHR: recensione soluzione che offre database dei dipendenti e funzionalit\u00e0 come il monitoraggio delle candidature.","breadcrumb":{"@id":"https:\/\/www.accuratereviews.com\/it\/programmi-gestione-turni-lavoro\/clayhr-recensione\/#breadcrumb"},"inLanguage":"it-IT","potentialAction":[{"@type":"ReadAction","target":["https:\/\/www.accuratereviews.com\/it\/programmi-gestione-turni-lavoro\/clayhr-recensione\/"]}]},{"@type":"ImageObject","inLanguage":"it-IT","@id":"https:\/\/www.accuratereviews.com\/it\/programmi-gestione-turni-lavoro\/clayhr-recensione\/#primaryimage","url":"https:\/\/www.accuratereviews.com\/wp-content\/uploads\/2025\/07\/ClayHR.webp","contentUrl":"https:\/\/www.accuratereviews.com\/wp-content\/uploads\/2025\/07\/ClayHR.webp","width":200,"height":200},{"@type":"BreadcrumbList","@id":"https:\/\/www.accuratereviews.com\/it\/programmi-gestione-turni-lavoro\/clayhr-recensione\/#breadcrumb","itemListElement":[{"@type":"ListItem","position":1,"name":"Home","item":"https:\/\/www.accuratereviews.com\/it\/"},{"@type":"ListItem","position":2,"name":"Programmi per turni di lavoro","item":"https:\/\/www.accuratereviews.com\/it\/programmi-gestione-turni-lavoro\/"},{"@type":"ListItem","position":3,"name":"ClayHR"}]},{"@type":"WebSite","@id":"https:\/\/www.accuratereviews.com\/it\/#website","url":"https:\/\/www.accuratereviews.com\/it\/","name":"Accurate Reviews","description":"","potentialAction":[{"@type":"SearchAction","target":{"@type":"EntryPoint","urlTemplate":"https:\/\/www.accuratereviews.com\/it\/?s={search_term_string}"},"query-input":{"@type":"PropertyValueSpecification","valueRequired":true,"valueName":"search_term_string"}}],"inLanguage":"it-IT"}]}},"_links":{"self":[{"href":"https:\/\/www.accuratereviews.com\/it\/wp-json\/wp\/v2\/pages\/94974","targetHints":{"allow":["GET"]}}],"collection":[{"href":"https:\/\/www.accuratereviews.com\/it\/wp-json\/wp\/v2\/pages"}],"about":[{"href":"https:\/\/www.accuratereviews.com\/it\/wp-json\/wp\/v2\/types\/page"}],"author":[{"embeddable":true,"href":"https:\/\/www.accuratereviews.com\/it\/wp-json\/wp\/v2\/users\/19"}],"replies":[{"embeddable":true,"href":"https:\/\/www.accuratereviews.com\/it\/wp-json\/wp\/v2\/comments?post=94974"}],"version-history":[{"count":8,"href":"https:\/\/www.accuratereviews.com\/it\/wp-json\/wp\/v2\/pages\/94974\/revisions"}],"predecessor-version":[{"id":95014,"href":"https:\/\/www.accuratereviews.com\/it\/wp-json\/wp\/v2\/pages\/94974\/revisions\/95014"}],"up":[{"embeddable":true,"href":"https:\/\/www.accuratereviews.com\/it\/wp-json\/wp\/v2\/pages\/87246"}],"wp:featuredmedia":[{"embeddable":true,"href":"https:\/\/www.accuratereviews.com\/it\/wp-json\/wp\/v2\/media\/94981"}],"wp:attachment":[{"href":"https:\/\/www.accuratereviews.com\/it\/wp-json\/wp\/v2\/media?parent=94974"}],"wp:term":[{"taxonomy":"category","embeddable":true,"href":"https:\/\/www.accuratereviews.com\/it\/wp-json\/wp\/v2\/categories?post=94974"},{"taxonomy":"post_tag","embeddable":true,"href":"https:\/\/www.accuratereviews.com\/it\/wp-json\/wp\/v2\/tags?post=94974"},{"taxonomy":"features","embeddable":true,"href":"https:\/\/www.accuratereviews.com\/it\/wp-json\/wp\/v2\/features?post=94974"}],"curies":[{"name":"wp","href":"https:\/\/api.w.org\/{rel}","templated":true}]}}