{"id":95002,"date":"2025-07-16T16:41:30","date_gmt":"2025-07-16T16:41:30","guid":{"rendered":"https:\/\/www.accuratereviews.com\/?page_id=95002"},"modified":"2025-07-16T16:41:30","modified_gmt":"2025-07-16T16:41:30","slug":"timeero-recensione","status":"publish","type":"page","link":"https:\/\/www.accuratereviews.com\/it\/programmi-gestione-turni-lavoro\/timeero-recensione\/","title":{"rendered":"Timeero"},"content":{"rendered":"<p><strong>Timeero<\/strong> \u00e8 uno<strong> strumento di monitoraggio del tempo<\/strong> e della <strong>posizione dei dipendenti,<\/strong> disponibile sia per dispositivi mobili che desktop. Grazie alla piattaforma basata su <strong>cloud<\/strong>, i dipendenti possono timbrare l&#8217;ingresso e l&#8217;uscita dai turni e registrare automaticamente le ore lavorate, mentre i datori di lavoro possono monitorare le ore fatturabili e le sedi dei propri dipendenti e generare fogli presenze. Funzionalit\u00e0 come il <strong>tracciamento GPS<\/strong>, il cronometraggio, la reportistica delle buste paga, i profili dei dipendenti, la generazione di fogli presenze e altro ancora consentono alle aziende di controllare i dipendenti, inclusi i lavoratori da remoto, e di garantire che i cartellini siano accurati e trasparenti. Funziona anche in modalit\u00e0 offline, consentendo il monitoraggio del tempo anche in assenza di connessione Internet.<\/p>\n<h2>TIMEERO &#8211; TURORIAL<\/h2>\n<div id=\"fluid-wrapper-counter-1\" class=\"g1-fluid-wrapper \" style=\"width:686px;\">\n<div style=\"padding-bottom:56.268221574344%;\"><iframe loading=\"lazy\" title=\"Timeero: iOS tutorial for employees\" width=\"686\" height=\"386\" src=\"https:\/\/www.youtube.com\/embed\/DjvZP8-QLEI?feature=oembed&amp;wmode=transparent&amp;autohide=1&amp;autoplay=0&amp;disablekb=0&amp;fs=1&amp;loop=0&amp;enablejsapi=1&amp;rel=0&amp;controls=2&amp;showinfo=0&amp;wmode=transparent&amp;autohide=2&amp;autoplay=0&amp;disablekb=0&amp;fs=1&amp;loop=0&amp;enablejsapi=1&amp;rel=0&amp;controls=2&amp;showinfo=1\" frameborder=\"0\" allow=\"accelerometer; autoplay; clipboard-write; encrypted-media; gyroscope; picture-in-picture; web-share\" referrerpolicy=\"strict-origin-when-cross-origin\" allowfullscreen><\/iframe><\/div>\n<\/div>\n<h3>TIMEERO &#8211; CARATTERISTICHE<\/h3>\n<ul>\n<li>Facile da usare per dipendenti e manager<\/li>\n<li>Monitoraggio della posizione solo durante l&#8217;orario di lavoro<\/li>\n<li>Report generati in pochi secondi<\/li>\n<li>Facile integrazione con i software di elaborazione paghe<\/li>\n<li>Monitoraggio di velocit\u00e0, distanza e orario esatto per ogni sede<\/li>\n<li>Facile accesso a informazioni cruciali sulla posizione dei dipendenti<\/li>\n<li>Limita le timbrature in ingresso e in uscita in base alla sede utilizzando il geofencing<\/li>\n<li>Garantisci la sicurezza dei tuoi dipendenti sul campo<\/li>\n<li>Seleziona lo stato del lavoro tra opzioni come In corso, Ritardato o Completato<\/li>\n<li>Elenca i materiali utilizzati in loco con un rapido menu a discesa o inserimenti di testo<\/li>\n<li>Completa le checklist di sicurezza con semplici risposte s\u00ec\/no<\/li>\n<li>Non \u00e8 necessario che i dipendenti timbrano manualmente l&#8217;ingresso e l&#8217;uscita pi\u00f9 volte al giorno.<\/li>\n<li>Individua facilmente inefficienze, scopri opportunit\u00e0 e aumenta la produttivit\u00e0.<\/li>\n<li>Smetti di chiederti dove si trovava il tuo team durante l&#8217;orario di lavoro. Ora puoi vedere tutto in un unico posto.<\/li>\n<li>Visualizza il tempo esatto trascorso in sedi o in attivit\u00e0.<\/li>\n<li>Ottieni una cronologia completa delle attivit\u00e0 dei dipendenti con un&#8217;unica timbratura in entrata e in uscita.<\/li>\n<li>Utilizza il geofencing per registrare il tempo trascorso in cantiere o durante le visite.<\/li>\n<li>Identifica facilmente orari e chilometraggi sovrarappresentati.<\/li>\n<li>Riproduci i percorsi che stanno percorrendo<\/li>\n<li>Ottieni i dati necessari per rispondere ai reclami di dipendenti o clienti<\/li>\n<li>Ricevi notifiche in tempo reale quando i tuoi dipendenti entrano o escono da un&#8217;area geofencing<\/li>\n<\/ul>\n<h4>LE RECENSIONE DEGLI UTENTI<\/h4>\n<p><strong>Breanna &#8220;Facile da usare&#8221;<\/strong><br \/>\n<strong>Pro<\/strong>: Facilit\u00e0 d&#8217;uso, \u00e8 intuitivo, facile da usare e da navigare, \u00e8 facile apportare modifiche ed \u00e8 anche esteticamente gradevole.<br \/>\n<strong>Contro<\/strong>: L&#8217;unico svantaggio che ho notato finora nell&#8217;utilizzo di Timeero \u00e8 che sarebbe bello se le schede attivit\u00e0 potessero essere visualizzate in un modo che corrisponda al periodo di paga applicabile, per calcoli pi\u00f9 semplici.<\/p>\n<p><strong>Natalie &#8220;Recensione di Timeero&#8221;<\/strong><br \/>\n<strong>Commenti<\/strong>: funziona per quello che ci serve, monitoraggio del tempo e del chilometraggio<br \/>\n<strong>Pro<\/strong>: ottimo servizio clienti, risposte rapide e buone spiegazioni<br \/>\n<strong>Contro<\/strong>: non particolarmente intuitivo senza l&#8217;utilizzo delle spiegazioni di supporto e di aiuto<\/p>\n<p><strong>Erin &#8220;Consiglierei Timeero&#8221;<\/strong><br \/>\n<strong>Commenti<\/strong>: Timeero \u00e8 fantastico. \u00c8 facile da usare e da usare, genera report e si integra bene con altri software.<br \/>\n<strong>Pro<\/strong>: Timeero \u00e8 fantastico. Mi piace il modo in cui posso monitorare posizione e orario e la facilit\u00e0 di accesso.<br \/>\n<strong>Contro<\/strong>: Cambiare gli indirizzi email delle persone \u00e8 difficile.<\/p>\n","protected":false},"excerpt":{"rendered":"<p>Timeero \u00e8 uno strumento di monitoraggio del tempo e della posizione dei dipendenti, disponibile sia per dispositivi mobili che desktop. Grazie alla piattaforma basata su cloud, i dipendenti possono timbrare l&#8217;ingresso e l&#8217;uscita dai turni e registrare automaticamente le ore lavorate, mentre i datori di lavoro possono monitorare le ore fatturabili e le sedi dei propri dipendenti e generare fogli presenze<\/p>\n","protected":false},"author":19,"featured_media":95004,"parent":87246,"menu_order":0,"comment_status":"open","ping_status":"closed","template":"g1_template_page_review_new.php","meta":{"_acf_changed":false,"cwp_meta_box_check":"No","cwp_rev_product_name":"","cwp_rev_product_image":"","wppr_links":[],"cwp_rev_price":"","wppr_options":[],"wppr_pros":[],"wppr_cons":[],"_monsterinsights_skip_tracking":false,"_monsterinsights_sitenote_active":false,"_monsterinsights_sitenote_note":"","_monsterinsights_sitenote_category":0,"footnotes":""},"categories":[16111],"tags":[16146,16167,16120,16144,16376,16123],"features":[],"class_list":{"0":"post-95002","1":"page","2":"type-page","3":"status-publish","4":"has-post-thumbnail","6":"category-programmi-per-turni-di-lavoro","7":"tag-piattaforma-turni-di-lavoro","8":"tag-programmi-turni-di-lavoro","9":"tag-software-turni-di-lavoro","10":"tag-soluzione-turni-di-lavoro","11":"tag-timeero","12":"tag-turni-di-lavoro"},"wppr_data":{"cwp_meta_box_check":"No"},"acf":[],"yoast_head":"<!-- This site is optimized with the Yoast SEO plugin v27.4 - https:\/\/yoast.com\/product\/yoast-seo-wordpress\/ -->\n<title>Timeero: recensione software turni di lavoro - Accurate Reviews<\/title>\n<meta name=\"description\" content=\"Timeero: recensione strumento di monitoraggio del tempo e della posizione dei dipendenti disponibile sia per dispositivi mobili che desktop.\" \/>\n<meta name=\"robots\" content=\"index, follow, max-snippet:-1, max-image-preview:large, max-video-preview:-1\" \/>\n<link rel=\"canonical\" href=\"https:\/\/www.accuratereviews.com\/it\/programmi-gestione-turni-lavoro\/timeero-recensione\/\" \/>\n<meta property=\"og:locale\" content=\"it_IT\" \/>\n<meta property=\"og:type\" content=\"article\" \/>\n<meta property=\"og:title\" content=\"Timeero: recensione software turni di lavoro - Accurate Reviews\" \/>\n<meta property=\"og:description\" content=\"Timeero: recensione strumento di monitoraggio del tempo e della posizione dei dipendenti disponibile sia per dispositivi mobili che desktop.\" \/>\n<meta property=\"og:url\" content=\"https:\/\/www.accuratereviews.com\/it\/programmi-gestione-turni-lavoro\/timeero-recensione\/\" \/>\n<meta property=\"og:site_name\" content=\"Accurate Reviews\" \/>\n<meta property=\"og:image\" content=\"https:\/\/www.accuratereviews.com\/wp-content\/uploads\/2025\/07\/Timeero.png\" \/>\n\t<meta property=\"og:image:width\" content=\"1538\" \/>\n\t<meta property=\"og:image:height\" content=\"560\" \/>\n\t<meta property=\"og:image:type\" content=\"image\/png\" \/>\n<meta name=\"twitter:card\" content=\"summary_large_image\" \/>\n<meta name=\"twitter:label1\" content=\"Tempo di lettura stimato\" \/>\n\t<meta name=\"twitter:data1\" content=\"4 minuti\" \/>\n<script type=\"application\/ld+json\" class=\"yoast-schema-graph\">{\"@context\":\"https:\\\/\\\/schema.org\",\"@graph\":[{\"@type\":\"WebPage\",\"@id\":\"https:\\\/\\\/www.accuratereviews.com\\\/it\\\/programmi-gestione-turni-lavoro\\\/timeero-recensione\\\/\",\"url\":\"https:\\\/\\\/www.accuratereviews.com\\\/it\\\/programmi-gestione-turni-lavoro\\\/timeero-recensione\\\/\",\"name\":\"Timeero: recensione software turni di lavoro - Accurate Reviews\",\"isPartOf\":{\"@id\":\"https:\\\/\\\/www.accuratereviews.com\\\/it\\\/#website\"},\"primaryImageOfPage\":{\"@id\":\"https:\\\/\\\/www.accuratereviews.com\\\/it\\\/programmi-gestione-turni-lavoro\\\/timeero-recensione\\\/#primaryimage\"},\"image\":{\"@id\":\"https:\\\/\\\/www.accuratereviews.com\\\/it\\\/programmi-gestione-turni-lavoro\\\/timeero-recensione\\\/#primaryimage\"},\"thumbnailUrl\":\"https:\\\/\\\/www.accuratereviews.com\\\/wp-content\\\/uploads\\\/2025\\\/07\\\/Timeero.png\",\"datePublished\":\"2025-07-16T16:41:30+00:00\",\"description\":\"Timeero: recensione strumento di monitoraggio del tempo e della posizione dei dipendenti disponibile sia per dispositivi mobili che desktop.\",\"breadcrumb\":{\"@id\":\"https:\\\/\\\/www.accuratereviews.com\\\/it\\\/programmi-gestione-turni-lavoro\\\/timeero-recensione\\\/#breadcrumb\"},\"inLanguage\":\"it-IT\",\"potentialAction\":[{\"@type\":\"ReadAction\",\"target\":[\"https:\\\/\\\/www.accuratereviews.com\\\/it\\\/programmi-gestione-turni-lavoro\\\/timeero-recensione\\\/\"]}]},{\"@type\":\"ImageObject\",\"inLanguage\":\"it-IT\",\"@id\":\"https:\\\/\\\/www.accuratereviews.com\\\/it\\\/programmi-gestione-turni-lavoro\\\/timeero-recensione\\\/#primaryimage\",\"url\":\"https:\\\/\\\/www.accuratereviews.com\\\/wp-content\\\/uploads\\\/2025\\\/07\\\/Timeero.png\",\"contentUrl\":\"https:\\\/\\\/www.accuratereviews.com\\\/wp-content\\\/uploads\\\/2025\\\/07\\\/Timeero.png\",\"width\":1538,\"height\":560},{\"@type\":\"BreadcrumbList\",\"@id\":\"https:\\\/\\\/www.accuratereviews.com\\\/it\\\/programmi-gestione-turni-lavoro\\\/timeero-recensione\\\/#breadcrumb\",\"itemListElement\":[{\"@type\":\"ListItem\",\"position\":1,\"name\":\"Home\",\"item\":\"https:\\\/\\\/www.accuratereviews.com\\\/it\\\/\"},{\"@type\":\"ListItem\",\"position\":2,\"name\":\"Programmi per turni di lavoro\",\"item\":\"https:\\\/\\\/www.accuratereviews.com\\\/it\\\/programmi-gestione-turni-lavoro\\\/\"},{\"@type\":\"ListItem\",\"position\":3,\"name\":\"Timeero\"}]},{\"@type\":\"WebSite\",\"@id\":\"https:\\\/\\\/www.accuratereviews.com\\\/it\\\/#website\",\"url\":\"https:\\\/\\\/www.accuratereviews.com\\\/it\\\/\",\"name\":\"Accurate Reviews\",\"description\":\"\",\"potentialAction\":[{\"@type\":\"SearchAction\",\"target\":{\"@type\":\"EntryPoint\",\"urlTemplate\":\"https:\\\/\\\/www.accuratereviews.com\\\/it\\\/?s={search_term_string}\"},\"query-input\":{\"@type\":\"PropertyValueSpecification\",\"valueRequired\":true,\"valueName\":\"search_term_string\"}}],\"inLanguage\":\"it-IT\"}]}<\/script>\n<!-- \/ Yoast SEO plugin. -->","yoast_head_json":{"title":"Timeero: recensione software turni di lavoro - Accurate Reviews","description":"Timeero: recensione strumento di monitoraggio del tempo e della posizione dei dipendenti disponibile sia per dispositivi mobili che desktop.","robots":{"index":"index","follow":"follow","max-snippet":"max-snippet:-1","max-image-preview":"max-image-preview:large","max-video-preview":"max-video-preview:-1"},"canonical":"https:\/\/www.accuratereviews.com\/it\/programmi-gestione-turni-lavoro\/timeero-recensione\/","og_locale":"it_IT","og_type":"article","og_title":"Timeero: recensione software turni di lavoro - Accurate Reviews","og_description":"Timeero: recensione strumento di monitoraggio del tempo e della posizione dei dipendenti disponibile sia per dispositivi mobili che desktop.","og_url":"https:\/\/www.accuratereviews.com\/it\/programmi-gestione-turni-lavoro\/timeero-recensione\/","og_site_name":"Accurate Reviews","og_image":[{"width":1538,"height":560,"url":"https:\/\/www.accuratereviews.com\/wp-content\/uploads\/2025\/07\/Timeero.png","type":"image\/png"}],"twitter_card":"summary_large_image","twitter_misc":{"Tempo di lettura stimato":"4 minuti"},"schema":{"@context":"https:\/\/schema.org","@graph":[{"@type":"WebPage","@id":"https:\/\/www.accuratereviews.com\/it\/programmi-gestione-turni-lavoro\/timeero-recensione\/","url":"https:\/\/www.accuratereviews.com\/it\/programmi-gestione-turni-lavoro\/timeero-recensione\/","name":"Timeero: recensione software turni di lavoro - Accurate Reviews","isPartOf":{"@id":"https:\/\/www.accuratereviews.com\/it\/#website"},"primaryImageOfPage":{"@id":"https:\/\/www.accuratereviews.com\/it\/programmi-gestione-turni-lavoro\/timeero-recensione\/#primaryimage"},"image":{"@id":"https:\/\/www.accuratereviews.com\/it\/programmi-gestione-turni-lavoro\/timeero-recensione\/#primaryimage"},"thumbnailUrl":"https:\/\/www.accuratereviews.com\/wp-content\/uploads\/2025\/07\/Timeero.png","datePublished":"2025-07-16T16:41:30+00:00","description":"Timeero: recensione strumento di monitoraggio del tempo e della posizione dei dipendenti disponibile sia per dispositivi mobili che desktop.","breadcrumb":{"@id":"https:\/\/www.accuratereviews.com\/it\/programmi-gestione-turni-lavoro\/timeero-recensione\/#breadcrumb"},"inLanguage":"it-IT","potentialAction":[{"@type":"ReadAction","target":["https:\/\/www.accuratereviews.com\/it\/programmi-gestione-turni-lavoro\/timeero-recensione\/"]}]},{"@type":"ImageObject","inLanguage":"it-IT","@id":"https:\/\/www.accuratereviews.com\/it\/programmi-gestione-turni-lavoro\/timeero-recensione\/#primaryimage","url":"https:\/\/www.accuratereviews.com\/wp-content\/uploads\/2025\/07\/Timeero.png","contentUrl":"https:\/\/www.accuratereviews.com\/wp-content\/uploads\/2025\/07\/Timeero.png","width":1538,"height":560},{"@type":"BreadcrumbList","@id":"https:\/\/www.accuratereviews.com\/it\/programmi-gestione-turni-lavoro\/timeero-recensione\/#breadcrumb","itemListElement":[{"@type":"ListItem","position":1,"name":"Home","item":"https:\/\/www.accuratereviews.com\/it\/"},{"@type":"ListItem","position":2,"name":"Programmi per turni di lavoro","item":"https:\/\/www.accuratereviews.com\/it\/programmi-gestione-turni-lavoro\/"},{"@type":"ListItem","position":3,"name":"Timeero"}]},{"@type":"WebSite","@id":"https:\/\/www.accuratereviews.com\/it\/#website","url":"https:\/\/www.accuratereviews.com\/it\/","name":"Accurate Reviews","description":"","potentialAction":[{"@type":"SearchAction","target":{"@type":"EntryPoint","urlTemplate":"https:\/\/www.accuratereviews.com\/it\/?s={search_term_string}"},"query-input":{"@type":"PropertyValueSpecification","valueRequired":true,"valueName":"search_term_string"}}],"inLanguage":"it-IT"}]}},"_links":{"self":[{"href":"https:\/\/www.accuratereviews.com\/it\/wp-json\/wp\/v2\/pages\/95002","targetHints":{"allow":["GET"]}}],"collection":[{"href":"https:\/\/www.accuratereviews.com\/it\/wp-json\/wp\/v2\/pages"}],"about":[{"href":"https:\/\/www.accuratereviews.com\/it\/wp-json\/wp\/v2\/types\/page"}],"author":[{"embeddable":true,"href":"https:\/\/www.accuratereviews.com\/it\/wp-json\/wp\/v2\/users\/19"}],"replies":[{"embeddable":true,"href":"https:\/\/www.accuratereviews.com\/it\/wp-json\/wp\/v2\/comments?post=95002"}],"version-history":[{"count":9,"href":"https:\/\/www.accuratereviews.com\/it\/wp-json\/wp\/v2\/pages\/95002\/revisions"}],"predecessor-version":[{"id":95050,"href":"https:\/\/www.accuratereviews.com\/it\/wp-json\/wp\/v2\/pages\/95002\/revisions\/95050"}],"up":[{"embeddable":true,"href":"https:\/\/www.accuratereviews.com\/it\/wp-json\/wp\/v2\/pages\/87246"}],"wp:featuredmedia":[{"embeddable":true,"href":"https:\/\/www.accuratereviews.com\/it\/wp-json\/wp\/v2\/media\/95004"}],"wp:attachment":[{"href":"https:\/\/www.accuratereviews.com\/it\/wp-json\/wp\/v2\/media?parent=95002"}],"wp:term":[{"taxonomy":"category","embeddable":true,"href":"https:\/\/www.accuratereviews.com\/it\/wp-json\/wp\/v2\/categories?post=95002"},{"taxonomy":"post_tag","embeddable":true,"href":"https:\/\/www.accuratereviews.com\/it\/wp-json\/wp\/v2\/tags?post=95002"},{"taxonomy":"features","embeddable":true,"href":"https:\/\/www.accuratereviews.com\/it\/wp-json\/wp\/v2\/features?post=95002"}],"curies":[{"name":"wp","href":"https:\/\/api.w.org\/{rel}","templated":true}]}}