{"id":95028,"date":"2025-07-16T16:39:11","date_gmt":"2025-07-16T16:39:11","guid":{"rendered":"https:\/\/www.accuratereviews.com\/?page_id=95028"},"modified":"2025-07-17T09:47:07","modified_gmt":"2025-07-17T09:47:07","slug":"tracktik-recensione","status":"publish","type":"page","link":"https:\/\/www.accuratereviews.com\/it\/programmi-gestione-turni-lavoro\/tracktik-recensione\/","title":{"rendered":"TrackTik"},"content":{"rendered":"<p><strong>TrackTik<\/strong> \u00e8 un <strong>software di gestione della forza lavoro<\/strong>, basato su cloud, che combina strumenti per la gestione delle operazioni di sicurezza e delle attivit\u00e0 di back office. La Guarding Suite include una dashboard live, un portale clienti, funzionalit\u00e0 di reporting, monitoraggio delle guardie, trend e analisi, un sistema di ronde di guardia e una serie di strumenti per la sorveglianza. La dashboard consente agli utenti di monitorare le operazioni in tempo reale, con un feed di attivit\u00e0 relativo a timbrature in entrata\/uscita, scansioni ai checkpoint, video, report e utenti mobili inattivi, oltre al<strong> tracciamento GPS<\/strong>, alle attivit\u00e0 giornaliere e a metriche in tempo reale per eccezioni, turni di chiusura e altri dati.<br \/>\nLe posizioni delle guardie possono essere tracciate e monitorate, con notifiche di fuori zona inviate agli utenti in tempo reale tramite sms ed email. Il portale clienti fornisce ai clienti un accesso sicuro alle informazioni del sito, <strong>report di analisi personalizzati<\/strong> sugli incidenti, documentazione video registrata, cronologie dei report e attivit\u00e0 del sito in tempo reale.\u00a0La gestione delle paghe pu\u00f2 essere gestita tramite integrazioni con i sistemi di contabilit\u00e0 e gestione paghe, con monitoraggio di straordinari, ferie e permessi retribuiti (PTO), fatturazione specifica per cliente e diversi cicli di pagamento.<\/p>\n<h2>TRACKTIK &#8211; TURORIAL<\/h2>\n<div id=\"fluid-wrapper-counter-1\" class=\"g1-fluid-wrapper \" style=\"width:686px;\">\n<div style=\"padding-bottom:56.268221574344%;\"><iframe loading=\"lazy\" title=\"TrackTik - Guarding Suite Product Overview\" width=\"686\" height=\"386\" src=\"https:\/\/www.youtube.com\/embed\/KzVRZy5keVE?list=PL4vGsaavGgmbO3cDR3n3hbrUmsJyRISfe\" frameborder=\"0\" allow=\"accelerometer; autoplay; clipboard-write; encrypted-media; gyroscope; picture-in-picture; web-share\" referrerpolicy=\"strict-origin-when-cross-origin\" allowfullscreen><\/iframe><\/div>\n<\/div>\n<h3>TRACKTIK &#8211; CARATTERISTICHE<\/h3>\n<ul>\n<li>Visualizzazione centralizzata delle operazioni sul campo<\/li>\n<li>Monitoraggio del personale in tempo reale<\/li>\n<li>Definizione di zone riservate e accessibili<\/li>\n<li>Visualizzazione delle posizioni del personale su una mappa<\/li>\n<li>Pulsante di emergenza per collegare le guardie alla direzione<\/li>\n<li>Notifiche push in caso di incidente sul campo<\/li>\n<li>Definizione di checkpoint digitali per le guardie da scansionare durante il pattugliamento<\/li>\n<li>Assicurazione che le guardie abbiano preso nota degli ordini di posta<\/li>\n<li>Visualizzazione in tempo reale del personale<\/li>\n<li>Comunicazione con il personale in prima linea<\/li>\n<li>Condivisione di una panoramica operativa con i clienti<\/li>\n<li>Creazione di report sull&#8217;intelligence operativa<\/li>\n<li>Definizione del livello di emergenza associato agli incidenti<\/li>\n<li>Creazione di moduli di segnalazione specifici per ogni sito per le guardie<\/li>\n<li>Modulo di segnalazione per maggiori informazioni relative all&#8217;incidente<\/li>\n<li>Creazione di livelli di incidente adatti alle tue esigenze<\/li>\n<li>Estrazione di report in base alle tue esigenze<\/li>\n<li>Compilazione di report utilizzando le posizioni del personale<\/li>\n<\/ul>\n<h4>LE RECENSIONI DEGLI UTENTI<\/h4>\n<p><strong>Jenny &#8220;Nel complesso molto apprezzato anche dai miei colleghi&#8221;<\/strong><br \/>\n<strong>Commenti<\/strong>: Mi piace molto questo modo di lavorare perch\u00e9 mi d\u00e0 la sensazione di aver portato a termine i miei compiti quotidiani ed evita determinati rischi di perdita per il cliente. Svolge bene il suo compito di prevenzione. Lo trovo piuttosto pratico e facile da usare come agente di pattuglia. \u00c8 anche utile avere numeri di telefono di emergenza, rapporti e una torcia a portata di mano. In passato si usava l&#8217;odometro.<br \/>\nQuesto sistema \u00e8 utile anche perch\u00e9 ogni agente ha il proprio account e offre le proprie prestazioni.<br \/>\n<strong>Pro<\/strong>: Permette di seguire una routine specifica, ovviamente casuale e varia. Permette di fornire prestazioni in tempo reale al datore di lavoro. Permette di eseguire controlli di controllo nelle aree a rischio. Pu\u00f2 prevenire diversi incidenti minori o gravi. Fornisce il tracciamento GPS al datore di lavoro. \u00c8 un buon modo per imparare e scoprire perch\u00e9 rappresenta una sfida per la formazione dei nuovi dipendenti.<br \/>\n<strong>Contro<\/strong>: Alcune persone prendono scorciatoie, ad esempio, controllando una porta senza nemmeno controllare la stanza e passando a quella successiva. Non esclude n\u00e9 avvisa di un possibile rischio di folgorazione\/tensione\/scossa elettrica in un&#8217;area o su una scatola elettrica, ad esempio. Non consente di annullare una timbratura quando una domanda ha ricevuto una risposta errata e l&#8217;allarme viene inviato direttamente all&#8217;agente e al cliente. Non molte funzionalit\u00e0 o nuove funzionalit\u00e0 nel tempo. Non \u00e8 possibile ottenere un programma di lavoro per tutti e tre i turni. Suggerisco una notifica di continuit\u00e0 del pattugliamento anche al completamento dei punti, perch\u00e9 i punti critici potrebbero non essere rilevati in assenza di timbrature.<\/p>\n<p><strong>Ashish &#8220;App estremamente utile per i servizi di sicurezza&#8221;<\/strong><br \/>\n<strong>Pro<\/strong>: Tracktik \u00e8 un&#8217;ottima app utilizzata dalle aziende che forniscono servizi di sicurezza. Funzionalit\u00e0 come l&#8217;accesso al sito, i report, la modalit\u00e0 antipanico e il monitoraggio in tempo reale sono davvero utili nelle operazioni.<br \/>\n<strong>Contro<\/strong>: Non posso davvero aggiungere alcun contro a questa app, tuttavia l&#8217;interfaccia utente potrebbe essere leggermente migliore.<\/p>\n<p><strong>Brian &#8220;Molto facile da usare&#8221;<\/strong><br \/>\n<strong>Commenti<\/strong>: report semplici, la possibilit\u00e0 di aggiungere immagini direttamente al report e anche la possibilit\u00e0 di dettare il report<br \/>\n<strong>Pro<\/strong>: la possibilit\u00e0 di avere report di fine mese e di fine anno altamente professionali e informativi disponibili con la semplice pressione di un pulsante<br \/>\n<strong>Contro<\/strong>: che non l&#8217;ho provato tempo prima.<\/p>\n","protected":false},"excerpt":{"rendered":"<p>TrackTik \u00e8 un software di gestione della forza lavoro, basato su cloud, che combina strumenti per la gestione delle operazioni di sicurezza e delle attivit\u00e0 di back office. La Guarding Suite include una dashboard live, un portale clienti, funzionalit\u00e0 di reporting, monitoraggio delle guardie, trend e analisi, un sistema di ronde di guardia e una serie di strumenti per la sorveglianza.<\/p>\n","protected":false},"author":19,"featured_media":95030,"parent":87246,"menu_order":0,"comment_status":"open","ping_status":"closed","template":"g1_template_page_review_new.php","meta":{"_acf_changed":false,"cwp_meta_box_check":"No","cwp_rev_product_name":"","cwp_rev_product_image":"","wppr_links":[],"cwp_rev_price":"","wppr_options":[],"wppr_pros":[],"wppr_cons":[],"_monsterinsights_skip_tracking":false,"_monsterinsights_sitenote_active":false,"_monsterinsights_sitenote_note":"","_monsterinsights_sitenote_category":0,"footnotes":""},"categories":[16111],"tags":[16146,16121,16120,16144,16377,16123],"features":[],"class_list":{"0":"post-95028","1":"page","2":"type-page","3":"status-publish","4":"has-post-thumbnail","6":"category-programmi-per-turni-di-lavoro","7":"tag-piattaforma-turni-di-lavoro","8":"tag-programma-turni-di-lavoro","9":"tag-software-turni-di-lavoro","10":"tag-soluzione-turni-di-lavoro","11":"tag-tracktik","12":"tag-turni-di-lavoro"},"wppr_data":{"cwp_meta_box_check":"No"},"acf":[],"yoast_head":"<!-- This site is optimized with the Yoast SEO plugin v27.4 - https:\/\/yoast.com\/product\/yoast-seo-wordpress\/ -->\n<title>TrackTik: recensione software turni di lavoro - Accurate Reviews<\/title>\n<meta name=\"description\" content=\"TrackTik: recensione software di gestione della forza lavoro che combina strumenti per la sicurezza e delle attivit\u00e0 di back office.\" \/>\n<meta name=\"robots\" content=\"index, follow, max-snippet:-1, max-image-preview:large, max-video-preview:-1\" \/>\n<link rel=\"canonical\" href=\"https:\/\/www.accuratereviews.com\/it\/programmi-gestione-turni-lavoro\/tracktik-recensione\/\" \/>\n<meta property=\"og:locale\" content=\"it_IT\" \/>\n<meta property=\"og:type\" content=\"article\" \/>\n<meta property=\"og:title\" content=\"TrackTik: recensione software turni di lavoro - Accurate Reviews\" \/>\n<meta property=\"og:description\" content=\"TrackTik: recensione software di gestione della forza lavoro che combina strumenti per la sicurezza e delle attivit\u00e0 di back office.\" \/>\n<meta property=\"og:url\" content=\"https:\/\/www.accuratereviews.com\/it\/programmi-gestione-turni-lavoro\/tracktik-recensione\/\" \/>\n<meta property=\"og:site_name\" content=\"Accurate Reviews\" \/>\n<meta property=\"article:modified_time\" content=\"2025-07-17T09:47:07+00:00\" \/>\n<meta property=\"og:image\" content=\"https:\/\/www.accuratereviews.com\/wp-content\/uploads\/2025\/07\/TrackTik.png\" \/>\n\t<meta property=\"og:image:width\" content=\"512\" \/>\n\t<meta property=\"og:image:height\" content=\"512\" \/>\n\t<meta property=\"og:image:type\" content=\"image\/png\" \/>\n<meta name=\"twitter:card\" content=\"summary_large_image\" \/>\n<meta name=\"twitter:label1\" content=\"Tempo di lettura stimato\" \/>\n\t<meta name=\"twitter:data1\" content=\"5 minuti\" \/>\n<script type=\"application\/ld+json\" class=\"yoast-schema-graph\">{\"@context\":\"https:\\\/\\\/schema.org\",\"@graph\":[{\"@type\":\"WebPage\",\"@id\":\"https:\\\/\\\/www.accuratereviews.com\\\/it\\\/programmi-gestione-turni-lavoro\\\/tracktik-recensione\\\/\",\"url\":\"https:\\\/\\\/www.accuratereviews.com\\\/it\\\/programmi-gestione-turni-lavoro\\\/tracktik-recensione\\\/\",\"name\":\"TrackTik: recensione software turni di lavoro - Accurate Reviews\",\"isPartOf\":{\"@id\":\"https:\\\/\\\/www.accuratereviews.com\\\/it\\\/#website\"},\"primaryImageOfPage\":{\"@id\":\"https:\\\/\\\/www.accuratereviews.com\\\/it\\\/programmi-gestione-turni-lavoro\\\/tracktik-recensione\\\/#primaryimage\"},\"image\":{\"@id\":\"https:\\\/\\\/www.accuratereviews.com\\\/it\\\/programmi-gestione-turni-lavoro\\\/tracktik-recensione\\\/#primaryimage\"},\"thumbnailUrl\":\"https:\\\/\\\/www.accuratereviews.com\\\/wp-content\\\/uploads\\\/2025\\\/07\\\/TrackTik.png\",\"datePublished\":\"2025-07-16T16:39:11+00:00\",\"dateModified\":\"2025-07-17T09:47:07+00:00\",\"description\":\"TrackTik: recensione software di gestione della forza lavoro che combina strumenti per la sicurezza e delle attivit\u00e0 di back office.\",\"breadcrumb\":{\"@id\":\"https:\\\/\\\/www.accuratereviews.com\\\/it\\\/programmi-gestione-turni-lavoro\\\/tracktik-recensione\\\/#breadcrumb\"},\"inLanguage\":\"it-IT\",\"potentialAction\":[{\"@type\":\"ReadAction\",\"target\":[\"https:\\\/\\\/www.accuratereviews.com\\\/it\\\/programmi-gestione-turni-lavoro\\\/tracktik-recensione\\\/\"]}]},{\"@type\":\"ImageObject\",\"inLanguage\":\"it-IT\",\"@id\":\"https:\\\/\\\/www.accuratereviews.com\\\/it\\\/programmi-gestione-turni-lavoro\\\/tracktik-recensione\\\/#primaryimage\",\"url\":\"https:\\\/\\\/www.accuratereviews.com\\\/wp-content\\\/uploads\\\/2025\\\/07\\\/TrackTik.png\",\"contentUrl\":\"https:\\\/\\\/www.accuratereviews.com\\\/wp-content\\\/uploads\\\/2025\\\/07\\\/TrackTik.png\",\"width\":512,\"height\":512},{\"@type\":\"BreadcrumbList\",\"@id\":\"https:\\\/\\\/www.accuratereviews.com\\\/it\\\/programmi-gestione-turni-lavoro\\\/tracktik-recensione\\\/#breadcrumb\",\"itemListElement\":[{\"@type\":\"ListItem\",\"position\":1,\"name\":\"Home\",\"item\":\"https:\\\/\\\/www.accuratereviews.com\\\/it\\\/\"},{\"@type\":\"ListItem\",\"position\":2,\"name\":\"Programmi per turni di lavoro\",\"item\":\"https:\\\/\\\/www.accuratereviews.com\\\/it\\\/programmi-gestione-turni-lavoro\\\/\"},{\"@type\":\"ListItem\",\"position\":3,\"name\":\"TrackTik\"}]},{\"@type\":\"WebSite\",\"@id\":\"https:\\\/\\\/www.accuratereviews.com\\\/it\\\/#website\",\"url\":\"https:\\\/\\\/www.accuratereviews.com\\\/it\\\/\",\"name\":\"Accurate Reviews\",\"description\":\"\",\"potentialAction\":[{\"@type\":\"SearchAction\",\"target\":{\"@type\":\"EntryPoint\",\"urlTemplate\":\"https:\\\/\\\/www.accuratereviews.com\\\/it\\\/?s={search_term_string}\"},\"query-input\":{\"@type\":\"PropertyValueSpecification\",\"valueRequired\":true,\"valueName\":\"search_term_string\"}}],\"inLanguage\":\"it-IT\"}]}<\/script>\n<!-- \/ Yoast SEO plugin. -->","yoast_head_json":{"title":"TrackTik: recensione software turni di lavoro - Accurate Reviews","description":"TrackTik: recensione software di gestione della forza lavoro che combina strumenti per la sicurezza e delle attivit\u00e0 di back office.","robots":{"index":"index","follow":"follow","max-snippet":"max-snippet:-1","max-image-preview":"max-image-preview:large","max-video-preview":"max-video-preview:-1"},"canonical":"https:\/\/www.accuratereviews.com\/it\/programmi-gestione-turni-lavoro\/tracktik-recensione\/","og_locale":"it_IT","og_type":"article","og_title":"TrackTik: recensione software turni di lavoro - Accurate Reviews","og_description":"TrackTik: recensione software di gestione della forza lavoro che combina strumenti per la sicurezza e delle attivit\u00e0 di back office.","og_url":"https:\/\/www.accuratereviews.com\/it\/programmi-gestione-turni-lavoro\/tracktik-recensione\/","og_site_name":"Accurate Reviews","article_modified_time":"2025-07-17T09:47:07+00:00","og_image":[{"width":512,"height":512,"url":"https:\/\/www.accuratereviews.com\/wp-content\/uploads\/2025\/07\/TrackTik.png","type":"image\/png"}],"twitter_card":"summary_large_image","twitter_misc":{"Tempo di lettura stimato":"5 minuti"},"schema":{"@context":"https:\/\/schema.org","@graph":[{"@type":"WebPage","@id":"https:\/\/www.accuratereviews.com\/it\/programmi-gestione-turni-lavoro\/tracktik-recensione\/","url":"https:\/\/www.accuratereviews.com\/it\/programmi-gestione-turni-lavoro\/tracktik-recensione\/","name":"TrackTik: recensione software turni di lavoro - Accurate Reviews","isPartOf":{"@id":"https:\/\/www.accuratereviews.com\/it\/#website"},"primaryImageOfPage":{"@id":"https:\/\/www.accuratereviews.com\/it\/programmi-gestione-turni-lavoro\/tracktik-recensione\/#primaryimage"},"image":{"@id":"https:\/\/www.accuratereviews.com\/it\/programmi-gestione-turni-lavoro\/tracktik-recensione\/#primaryimage"},"thumbnailUrl":"https:\/\/www.accuratereviews.com\/wp-content\/uploads\/2025\/07\/TrackTik.png","datePublished":"2025-07-16T16:39:11+00:00","dateModified":"2025-07-17T09:47:07+00:00","description":"TrackTik: recensione software di gestione della forza lavoro che combina strumenti per la sicurezza e delle attivit\u00e0 di back office.","breadcrumb":{"@id":"https:\/\/www.accuratereviews.com\/it\/programmi-gestione-turni-lavoro\/tracktik-recensione\/#breadcrumb"},"inLanguage":"it-IT","potentialAction":[{"@type":"ReadAction","target":["https:\/\/www.accuratereviews.com\/it\/programmi-gestione-turni-lavoro\/tracktik-recensione\/"]}]},{"@type":"ImageObject","inLanguage":"it-IT","@id":"https:\/\/www.accuratereviews.com\/it\/programmi-gestione-turni-lavoro\/tracktik-recensione\/#primaryimage","url":"https:\/\/www.accuratereviews.com\/wp-content\/uploads\/2025\/07\/TrackTik.png","contentUrl":"https:\/\/www.accuratereviews.com\/wp-content\/uploads\/2025\/07\/TrackTik.png","width":512,"height":512},{"@type":"BreadcrumbList","@id":"https:\/\/www.accuratereviews.com\/it\/programmi-gestione-turni-lavoro\/tracktik-recensione\/#breadcrumb","itemListElement":[{"@type":"ListItem","position":1,"name":"Home","item":"https:\/\/www.accuratereviews.com\/it\/"},{"@type":"ListItem","position":2,"name":"Programmi per turni di lavoro","item":"https:\/\/www.accuratereviews.com\/it\/programmi-gestione-turni-lavoro\/"},{"@type":"ListItem","position":3,"name":"TrackTik"}]},{"@type":"WebSite","@id":"https:\/\/www.accuratereviews.com\/it\/#website","url":"https:\/\/www.accuratereviews.com\/it\/","name":"Accurate Reviews","description":"","potentialAction":[{"@type":"SearchAction","target":{"@type":"EntryPoint","urlTemplate":"https:\/\/www.accuratereviews.com\/it\/?s={search_term_string}"},"query-input":{"@type":"PropertyValueSpecification","valueRequired":true,"valueName":"search_term_string"}}],"inLanguage":"it-IT"}]}},"_links":{"self":[{"href":"https:\/\/www.accuratereviews.com\/it\/wp-json\/wp\/v2\/pages\/95028","targetHints":{"allow":["GET"]}}],"collection":[{"href":"https:\/\/www.accuratereviews.com\/it\/wp-json\/wp\/v2\/pages"}],"about":[{"href":"https:\/\/www.accuratereviews.com\/it\/wp-json\/wp\/v2\/types\/page"}],"author":[{"embeddable":true,"href":"https:\/\/www.accuratereviews.com\/it\/wp-json\/wp\/v2\/users\/19"}],"replies":[{"embeddable":true,"href":"https:\/\/www.accuratereviews.com\/it\/wp-json\/wp\/v2\/comments?post=95028"}],"version-history":[{"count":8,"href":"https:\/\/www.accuratereviews.com\/it\/wp-json\/wp\/v2\/pages\/95028\/revisions"}],"predecessor-version":[{"id":95095,"href":"https:\/\/www.accuratereviews.com\/it\/wp-json\/wp\/v2\/pages\/95028\/revisions\/95095"}],"up":[{"embeddable":true,"href":"https:\/\/www.accuratereviews.com\/it\/wp-json\/wp\/v2\/pages\/87246"}],"wp:featuredmedia":[{"embeddable":true,"href":"https:\/\/www.accuratereviews.com\/it\/wp-json\/wp\/v2\/media\/95030"}],"wp:attachment":[{"href":"https:\/\/www.accuratereviews.com\/it\/wp-json\/wp\/v2\/media?parent=95028"}],"wp:term":[{"taxonomy":"category","embeddable":true,"href":"https:\/\/www.accuratereviews.com\/it\/wp-json\/wp\/v2\/categories?post=95028"},{"taxonomy":"post_tag","embeddable":true,"href":"https:\/\/www.accuratereviews.com\/it\/wp-json\/wp\/v2\/tags?post=95028"},{"taxonomy":"features","embeddable":true,"href":"https:\/\/www.accuratereviews.com\/it\/wp-json\/wp\/v2\/features?post=95028"}],"curies":[{"name":"wp","href":"https:\/\/api.w.org\/{rel}","templated":true}]}}