{"id":95204,"date":"2025-07-22T16:10:56","date_gmt":"2025-07-22T16:10:56","guid":{"rendered":"https:\/\/www.accuratereviews.com\/?page_id=95204"},"modified":"2025-07-22T16:37:46","modified_gmt":"2025-07-22T16:37:46","slug":"celayix-recensione","status":"publish","type":"page","link":"https:\/\/www.accuratereviews.com\/it\/programmi-gestione-turni-lavoro\/celayix-recensione\/","title":{"rendered":"Celayix"},"content":{"rendered":"<p><strong>Celayix<\/strong> \u00e8 una piattaforma completa per la<strong> gestione della forza lavoro<\/strong>, che offre un hub unificato per la <strong>pianificazione dei turni<\/strong>, il monitoraggio delle presenze e la comunicazione con i dipendenti. Il modulo di pianificazione dei dipendenti consente ai team di gestire la creazione di programmi personalizzati in base alle esigenze specifiche di ogni azienda. I manager possono ridurre al minimo le interruzioni dovute a modifiche dell&#8217;ultimo minuto, garantire una gestione accurata di paghe e fatture e rimanere conformi alle normative sul lavoro.<br \/>\nLa piattaforma aiuta gli amministratori a eliminare le spese per gli straordinari non necessarie e a costruire un&#8217;attivit\u00e0 scalabile in grado di crescere con l&#8217;organizzazione. La piattaforma \u00e8, inoltre, supportata da una serie di risorse, tra cui un blog, casi di studio, infografiche e un calcolatore interattivo del ROI, per aiutare le aziende a massimizzare gli investimenti.<\/p>\n<h2>CELAYIX &#8211; TUTORIAL<\/h2>\n<div id=\"fluid-wrapper-counter-1\" class=\"g1-fluid-wrapper \" style=\"width:686px;\">\n<div style=\"padding-bottom:56.268221574344%;\"><iframe loading=\"lazy\" title=\"Celayix Demo Series: Employee App\" width=\"686\" height=\"386\" src=\"https:\/\/www.youtube.com\/embed\/k_aK6ErH9KE?feature=oembed&amp;wmode=transparent&amp;autohide=1&amp;autoplay=0&amp;disablekb=0&amp;fs=1&amp;loop=0&amp;enablejsapi=1&amp;rel=0&amp;controls=2&amp;showinfo=0&amp;wmode=transparent&amp;autohide=2&amp;autoplay=0&amp;disablekb=0&amp;fs=1&amp;loop=0&amp;enablejsapi=1&amp;rel=0&amp;controls=2&amp;showinfo=1\" frameborder=\"0\" allow=\"accelerometer; autoplay; clipboard-write; encrypted-media; gyroscope; picture-in-picture; web-share\" referrerpolicy=\"strict-origin-when-cross-origin\" allowfullscreen><\/iframe><\/div>\n<\/div>\n<h3>CELAYIX &#8211; CARATTERISTICHE<\/h3>\n<ul>\n<li><strong>Pianificazione automatizzata<\/strong>: porta la pianificazione del personale a un livello superiore con l&#8217;automazione. Copri i turni in pochi secondi con dipendenti qualificati e disponibili.<\/li>\n<li><strong>Motore di regole di pianificazione<\/strong>: il software di pianificazione del personale pu\u00f2 utilizzare qualsiasi regola aziendale specifica durante la creazione dei turni per garantire una copertura ottimale. Alcune regole aziendali supportate includono regole sugli straordinari, regole sindacali, regole di qualificazione e prevenzione delle doppie prenotazioni sui turni.<\/li>\n<li><strong>Trova un sostituto: <\/strong>lo strumento &#8220;Trova un sostituto&#8221; semplifica la gestione di interruzioni di turno, mancate presentazioni, chiamate per malattia e altre emergenze. Riceverai un elenco di sostituti disponibili e qualificati per questi turni. Puoi riassegnare il turno immediatamente o inviare una richiesta al tuo candidato preferito tramite l&#8217;app di pianificazione.<\/li>\n<li><strong>Modelli di Turni<\/strong>: crea facilmente modelli di turni che possono essere riutilizzati, duplicati e modificati per evitare sforzi ripetitivi. Gli addetti alla pianificazione possono trascinare e rilasciare i turni per modificare i modelli quando necessario!<\/li>\n<li><strong>Aggiornamento e Assegnazione in Massa<\/strong>: utilizza Aggiornamento e Assegnazione in Massa per selezionare pi\u00f9 turni e assegnarli ai tuoi dipendenti all&#8217;istante. Puoi anche utilizzare Aggiornamento in Massa per modificare i modelli di turni esistenti con nuovi dipendenti, se necessario.<\/li>\n<li><strong>Analisi<\/strong>: genera facilmente report per fatturazione, buste paga, pianificazione e operazioni. Gli strumenti di reporting garantiscono precisione ed efficienza, aiutandoti a migliorare la tua attivit\u00e0 con facilit\u00e0.<\/li>\n<\/ul>\n<h4>LE RECENSIONI DEGLI UTENTI<\/h4>\n<p><strong>Lilit &#8220;Feedback di riferimento di Celayix&#8221;<\/strong><br \/>\n<strong>Commenti<\/strong>: Il supporto tecnico \u00e8 buono e il livello di risposta \u00e8 rapido. Nel complesso, consiglierei questo software ad altre aziende.<br \/>\n<strong>Pro<\/strong>: il software \u00e8 ottimo per creare programmi, \u00e8 facile creare modelli, rivedere le ore e approvarle. Offre una buona visibilit\u00e0 degli orari dei dipendenti.<br \/>\n<strong>Contro<\/strong>: non \u00e8 completamente in un unico sistema e sul cloud, report e qualche altra funzione a cui devi accedere etime express per finalizzare il tuo lavoro<\/p>\n<p><strong>Victoria &#8220;La chiave per una gestione intelligente delle risorse umane&#8221;<\/strong><br \/>\n<strong>Commenti<\/strong>: questa piattaforma semplifica le attivit\u00e0 ripetitive, consentendoci di concentrarci sullo sviluppo e sul coinvolgimento dei dipendenti<br \/>\n<strong>Pro<\/strong>: Celayix mi aiuta, in qualit\u00e0 di responsabile delle risorse umane, ad automatizzare la pianificazione in base alla disponibilit\u00e0, alle preferenze e alle qualifiche dei dipendenti. Inoltre, mi piace il fatto che tramite l&#8217;app mobile i dipendenti possano visualizzare gli orari, scambiare i turni e comunicare direttamente senza interruzioni inutili.<br \/>\n<strong>Contro<\/strong>: sinceramente non mi viene in mente nulla, apprezzo tutto ci\u00f2 che Celayix ha da offrire.<\/p>\n<p><strong>Rita &#8220;Fin qui tutto bene!&#8221;<\/strong><br \/>\n<strong>Commenti<\/strong>: il servizio clienti \u00e8 stato fenomenale! 10 su 10. Super competente, risponde sempre rapidamente alle domande e disponibile a rispondere in qualsiasi momento!<br \/>\n<strong>Pro<\/strong>: facile da usare, ricco di funzionalit\u00e0. Possibilit\u00e0 di personalizzazione in base alle nostre esigenze aziendali.<br \/>\n<strong>Contro<\/strong>: l&#8217;app si blocca e sono ancora necessari alcuni aggiornamenti per farla funzionare senza problemi con la nostra attivit\u00e0.<\/p>\n","protected":false},"excerpt":{"rendered":"<p>Celayix \u00e8 una piattaforma completa per la gestione della forza lavoro, che offre un hub unificato per la pianificazione dei turni, il monitoraggio delle presenze e la comunicazione con i dipendenti. Il modulo di pianificazione dei dipendenti consente ai team di gestire la creazione di programmi personalizzati in base alle esigenze specifiche di ogni azienda.<\/p>\n","protected":false},"author":19,"featured_media":95205,"parent":87246,"menu_order":0,"comment_status":"open","ping_status":"closed","template":"g1_template_page_review_new.php","meta":{"_acf_changed":false,"cwp_meta_box_check":"No","cwp_rev_product_name":"","cwp_rev_product_image":"","wppr_links":[],"cwp_rev_price":"","wppr_options":[],"wppr_pros":[],"wppr_cons":[],"_monsterinsights_skip_tracking":false,"_monsterinsights_sitenote_active":false,"_monsterinsights_sitenote_note":"","_monsterinsights_sitenote_category":0,"footnotes":""},"categories":[16111],"tags":[16390,16146,16121,16120,16144,16123],"features":[],"class_list":{"0":"post-95204","1":"page","2":"type-page","3":"status-publish","4":"has-post-thumbnail","6":"category-programmi-per-turni-di-lavoro","7":"tag-celayix","8":"tag-piattaforma-turni-di-lavoro","9":"tag-programma-turni-di-lavoro","10":"tag-software-turni-di-lavoro","11":"tag-soluzione-turni-di-lavoro","12":"tag-turni-di-lavoro"},"wppr_data":{"cwp_meta_box_check":"No"},"acf":[],"yoast_head":"<!-- This site is optimized with the Yoast SEO plugin v27.4 - https:\/\/yoast.com\/product\/yoast-seo-wordpress\/ -->\n<title>Celayix: recensione software turni di lavoro - Accurate Reviews<\/title>\n<meta name=\"description\" content=\"Celayix: recensione software per il monitoraggio delle presenze, gestione dei turni e funzionalit\u00e0 di integrazione con altri sistemi.\" \/>\n<meta name=\"robots\" content=\"index, follow, max-snippet:-1, max-image-preview:large, max-video-preview:-1\" \/>\n<link rel=\"canonical\" href=\"https:\/\/www.accuratereviews.com\/it\/programmi-gestione-turni-lavoro\/celayix-recensione\/\" \/>\n<meta property=\"og:locale\" content=\"it_IT\" \/>\n<meta property=\"og:type\" content=\"article\" \/>\n<meta property=\"og:title\" content=\"Celayix: recensione software turni di lavoro - Accurate Reviews\" \/>\n<meta property=\"og:description\" content=\"Celayix: recensione software per il monitoraggio delle presenze, gestione dei turni e funzionalit\u00e0 di integrazione con altri sistemi.\" \/>\n<meta property=\"og:url\" content=\"https:\/\/www.accuratereviews.com\/it\/programmi-gestione-turni-lavoro\/celayix-recensione\/\" \/>\n<meta property=\"og:site_name\" content=\"Accurate Reviews\" \/>\n<meta property=\"article:modified_time\" content=\"2025-07-22T16:37:46+00:00\" \/>\n<meta property=\"og:image\" content=\"https:\/\/www.accuratereviews.com\/wp-content\/uploads\/2025\/07\/Celayix.png\" \/>\n\t<meta property=\"og:image:width\" content=\"225\" \/>\n\t<meta property=\"og:image:height\" content=\"225\" \/>\n\t<meta property=\"og:image:type\" content=\"image\/png\" \/>\n<meta name=\"twitter:card\" content=\"summary_large_image\" \/>\n<meta name=\"twitter:label1\" content=\"Tempo di lettura stimato\" \/>\n\t<meta name=\"twitter:data1\" content=\"5 minuti\" \/>\n<script type=\"application\/ld+json\" class=\"yoast-schema-graph\">{\"@context\":\"https:\\\/\\\/schema.org\",\"@graph\":[{\"@type\":\"WebPage\",\"@id\":\"https:\\\/\\\/www.accuratereviews.com\\\/it\\\/programmi-gestione-turni-lavoro\\\/celayix-recensione\\\/\",\"url\":\"https:\\\/\\\/www.accuratereviews.com\\\/it\\\/programmi-gestione-turni-lavoro\\\/celayix-recensione\\\/\",\"name\":\"Celayix: recensione software turni di lavoro - Accurate Reviews\",\"isPartOf\":{\"@id\":\"https:\\\/\\\/www.accuratereviews.com\\\/it\\\/#website\"},\"primaryImageOfPage\":{\"@id\":\"https:\\\/\\\/www.accuratereviews.com\\\/it\\\/programmi-gestione-turni-lavoro\\\/celayix-recensione\\\/#primaryimage\"},\"image\":{\"@id\":\"https:\\\/\\\/www.accuratereviews.com\\\/it\\\/programmi-gestione-turni-lavoro\\\/celayix-recensione\\\/#primaryimage\"},\"thumbnailUrl\":\"https:\\\/\\\/www.accuratereviews.com\\\/wp-content\\\/uploads\\\/2025\\\/07\\\/Celayix.png\",\"datePublished\":\"2025-07-22T16:10:56+00:00\",\"dateModified\":\"2025-07-22T16:37:46+00:00\",\"description\":\"Celayix: recensione software per il monitoraggio delle presenze, gestione dei turni e funzionalit\u00e0 di integrazione con altri sistemi.\",\"breadcrumb\":{\"@id\":\"https:\\\/\\\/www.accuratereviews.com\\\/it\\\/programmi-gestione-turni-lavoro\\\/celayix-recensione\\\/#breadcrumb\"},\"inLanguage\":\"it-IT\",\"potentialAction\":[{\"@type\":\"ReadAction\",\"target\":[\"https:\\\/\\\/www.accuratereviews.com\\\/it\\\/programmi-gestione-turni-lavoro\\\/celayix-recensione\\\/\"]}]},{\"@type\":\"ImageObject\",\"inLanguage\":\"it-IT\",\"@id\":\"https:\\\/\\\/www.accuratereviews.com\\\/it\\\/programmi-gestione-turni-lavoro\\\/celayix-recensione\\\/#primaryimage\",\"url\":\"https:\\\/\\\/www.accuratereviews.com\\\/wp-content\\\/uploads\\\/2025\\\/07\\\/Celayix.png\",\"contentUrl\":\"https:\\\/\\\/www.accuratereviews.com\\\/wp-content\\\/uploads\\\/2025\\\/07\\\/Celayix.png\",\"width\":225,\"height\":225},{\"@type\":\"BreadcrumbList\",\"@id\":\"https:\\\/\\\/www.accuratereviews.com\\\/it\\\/programmi-gestione-turni-lavoro\\\/celayix-recensione\\\/#breadcrumb\",\"itemListElement\":[{\"@type\":\"ListItem\",\"position\":1,\"name\":\"Home\",\"item\":\"https:\\\/\\\/www.accuratereviews.com\\\/it\\\/\"},{\"@type\":\"ListItem\",\"position\":2,\"name\":\"Programmi per turni di lavoro\",\"item\":\"https:\\\/\\\/www.accuratereviews.com\\\/it\\\/programmi-gestione-turni-lavoro\\\/\"},{\"@type\":\"ListItem\",\"position\":3,\"name\":\"Celayix\"}]},{\"@type\":\"WebSite\",\"@id\":\"https:\\\/\\\/www.accuratereviews.com\\\/it\\\/#website\",\"url\":\"https:\\\/\\\/www.accuratereviews.com\\\/it\\\/\",\"name\":\"Accurate Reviews\",\"description\":\"\",\"potentialAction\":[{\"@type\":\"SearchAction\",\"target\":{\"@type\":\"EntryPoint\",\"urlTemplate\":\"https:\\\/\\\/www.accuratereviews.com\\\/it\\\/?s={search_term_string}\"},\"query-input\":{\"@type\":\"PropertyValueSpecification\",\"valueRequired\":true,\"valueName\":\"search_term_string\"}}],\"inLanguage\":\"it-IT\"}]}<\/script>\n<!-- \/ Yoast SEO plugin. -->","yoast_head_json":{"title":"Celayix: recensione software turni di lavoro - Accurate Reviews","description":"Celayix: recensione software per il monitoraggio delle presenze, gestione dei turni e funzionalit\u00e0 di integrazione con altri sistemi.","robots":{"index":"index","follow":"follow","max-snippet":"max-snippet:-1","max-image-preview":"max-image-preview:large","max-video-preview":"max-video-preview:-1"},"canonical":"https:\/\/www.accuratereviews.com\/it\/programmi-gestione-turni-lavoro\/celayix-recensione\/","og_locale":"it_IT","og_type":"article","og_title":"Celayix: recensione software turni di lavoro - Accurate Reviews","og_description":"Celayix: recensione software per il monitoraggio delle presenze, gestione dei turni e funzionalit\u00e0 di integrazione con altri sistemi.","og_url":"https:\/\/www.accuratereviews.com\/it\/programmi-gestione-turni-lavoro\/celayix-recensione\/","og_site_name":"Accurate Reviews","article_modified_time":"2025-07-22T16:37:46+00:00","og_image":[{"width":225,"height":225,"url":"https:\/\/www.accuratereviews.com\/wp-content\/uploads\/2025\/07\/Celayix.png","type":"image\/png"}],"twitter_card":"summary_large_image","twitter_misc":{"Tempo di lettura stimato":"5 minuti"},"schema":{"@context":"https:\/\/schema.org","@graph":[{"@type":"WebPage","@id":"https:\/\/www.accuratereviews.com\/it\/programmi-gestione-turni-lavoro\/celayix-recensione\/","url":"https:\/\/www.accuratereviews.com\/it\/programmi-gestione-turni-lavoro\/celayix-recensione\/","name":"Celayix: recensione software turni di lavoro - Accurate Reviews","isPartOf":{"@id":"https:\/\/www.accuratereviews.com\/it\/#website"},"primaryImageOfPage":{"@id":"https:\/\/www.accuratereviews.com\/it\/programmi-gestione-turni-lavoro\/celayix-recensione\/#primaryimage"},"image":{"@id":"https:\/\/www.accuratereviews.com\/it\/programmi-gestione-turni-lavoro\/celayix-recensione\/#primaryimage"},"thumbnailUrl":"https:\/\/www.accuratereviews.com\/wp-content\/uploads\/2025\/07\/Celayix.png","datePublished":"2025-07-22T16:10:56+00:00","dateModified":"2025-07-22T16:37:46+00:00","description":"Celayix: recensione software per il monitoraggio delle presenze, gestione dei turni e funzionalit\u00e0 di integrazione con altri sistemi.","breadcrumb":{"@id":"https:\/\/www.accuratereviews.com\/it\/programmi-gestione-turni-lavoro\/celayix-recensione\/#breadcrumb"},"inLanguage":"it-IT","potentialAction":[{"@type":"ReadAction","target":["https:\/\/www.accuratereviews.com\/it\/programmi-gestione-turni-lavoro\/celayix-recensione\/"]}]},{"@type":"ImageObject","inLanguage":"it-IT","@id":"https:\/\/www.accuratereviews.com\/it\/programmi-gestione-turni-lavoro\/celayix-recensione\/#primaryimage","url":"https:\/\/www.accuratereviews.com\/wp-content\/uploads\/2025\/07\/Celayix.png","contentUrl":"https:\/\/www.accuratereviews.com\/wp-content\/uploads\/2025\/07\/Celayix.png","width":225,"height":225},{"@type":"BreadcrumbList","@id":"https:\/\/www.accuratereviews.com\/it\/programmi-gestione-turni-lavoro\/celayix-recensione\/#breadcrumb","itemListElement":[{"@type":"ListItem","position":1,"name":"Home","item":"https:\/\/www.accuratereviews.com\/it\/"},{"@type":"ListItem","position":2,"name":"Programmi per turni di lavoro","item":"https:\/\/www.accuratereviews.com\/it\/programmi-gestione-turni-lavoro\/"},{"@type":"ListItem","position":3,"name":"Celayix"}]},{"@type":"WebSite","@id":"https:\/\/www.accuratereviews.com\/it\/#website","url":"https:\/\/www.accuratereviews.com\/it\/","name":"Accurate Reviews","description":"","potentialAction":[{"@type":"SearchAction","target":{"@type":"EntryPoint","urlTemplate":"https:\/\/www.accuratereviews.com\/it\/?s={search_term_string}"},"query-input":{"@type":"PropertyValueSpecification","valueRequired":true,"valueName":"search_term_string"}}],"inLanguage":"it-IT"}]}},"_links":{"self":[{"href":"https:\/\/www.accuratereviews.com\/it\/wp-json\/wp\/v2\/pages\/95204","targetHints":{"allow":["GET"]}}],"collection":[{"href":"https:\/\/www.accuratereviews.com\/it\/wp-json\/wp\/v2\/pages"}],"about":[{"href":"https:\/\/www.accuratereviews.com\/it\/wp-json\/wp\/v2\/types\/page"}],"author":[{"embeddable":true,"href":"https:\/\/www.accuratereviews.com\/it\/wp-json\/wp\/v2\/users\/19"}],"replies":[{"embeddable":true,"href":"https:\/\/www.accuratereviews.com\/it\/wp-json\/wp\/v2\/comments?post=95204"}],"version-history":[{"count":9,"href":"https:\/\/www.accuratereviews.com\/it\/wp-json\/wp\/v2\/pages\/95204\/revisions"}],"predecessor-version":[{"id":95224,"href":"https:\/\/www.accuratereviews.com\/it\/wp-json\/wp\/v2\/pages\/95204\/revisions\/95224"}],"up":[{"embeddable":true,"href":"https:\/\/www.accuratereviews.com\/it\/wp-json\/wp\/v2\/pages\/87246"}],"wp:featuredmedia":[{"embeddable":true,"href":"https:\/\/www.accuratereviews.com\/it\/wp-json\/wp\/v2\/media\/95205"}],"wp:attachment":[{"href":"https:\/\/www.accuratereviews.com\/it\/wp-json\/wp\/v2\/media?parent=95204"}],"wp:term":[{"taxonomy":"category","embeddable":true,"href":"https:\/\/www.accuratereviews.com\/it\/wp-json\/wp\/v2\/categories?post=95204"},{"taxonomy":"post_tag","embeddable":true,"href":"https:\/\/www.accuratereviews.com\/it\/wp-json\/wp\/v2\/tags?post=95204"},{"taxonomy":"features","embeddable":true,"href":"https:\/\/www.accuratereviews.com\/it\/wp-json\/wp\/v2\/features?post=95204"}],"curies":[{"name":"wp","href":"https:\/\/api.w.org\/{rel}","templated":true}]}}