{"id":95259,"date":"2025-07-24T18:40:48","date_gmt":"2025-07-24T18:40:48","guid":{"rendered":"https:\/\/www.accuratereviews.com\/?page_id=95259"},"modified":"2025-07-24T18:40:48","modified_gmt":"2025-07-24T18:40:48","slug":"synerion-recensione","status":"publish","type":"page","link":"https:\/\/www.accuratereviews.com\/it\/programmi-gestione-turni-lavoro\/synerion-recensione\/","title":{"rendered":"Synerion"},"content":{"rendered":"<p><strong>Synerion<\/strong> offre una <strong>soluzione<\/strong> completa per la <strong>gestione della forza lavoro<\/strong> per \u00a0amministrare le presenze, pianificare, gestire le assenze, calcolo del costo del lavoro, biometria, schede attivit\u00e0 e funzionalit\u00e0 HR di base. <strong>Synerion<\/strong> pu\u00f2 essere implementato on-premise o nel cloud (SaaS) ed \u00e8 accessibile tramite una piattaforma web, terminali on-site e app mobile native.<br \/>\nLa piattaforma si integra con diversi sistemi. Il modulo self-service consente ai dipendenti di richiedere ferie, timbrare l&#8217;ingresso e l&#8217;uscita, apportare modifiche al proprio profilo, visualizzare gli orari,<strong> richiedere cambi di turno<\/strong> e altro ancora.<br \/>\n<strong>Synerion<\/strong> elabora grandi quantit\u00e0 di dati per fornire ai manager dati fruibili quando necessario, evidenziando gli elementi che richiedono attenzione e un intervento immediato. I sistemi automatizzati eliminano i processi manuali e consentono la raccolta digitale dei dati, riducendo a sua volta errori, calcoli errati e pagamenti in eccesso, garantendo la conformit\u00e0 e proteggendo dalle frodi relative alle buste paga.<\/p>\n<h2>SYNERION &#8211; TUTORIAL<\/h2>\n<div id=\"fluid-wrapper-counter-1\" class=\"g1-fluid-wrapper \" style=\"width:686px;\">\n<div style=\"padding-bottom:56.268221574344%;\"><iframe loading=\"lazy\" title=\"ADP Marketplace Platinum Partner\" width=\"686\" height=\"386\" src=\"https:\/\/www.youtube.com\/embed\/HcM0z10D5BA?feature=oembed&amp;wmode=transparent&amp;autohide=1&amp;autoplay=0&amp;disablekb=0&amp;fs=1&amp;loop=0&amp;enablejsapi=1&amp;rel=0&amp;controls=2&amp;showinfo=0&amp;wmode=transparent&amp;autohide=2&amp;autoplay=0&amp;disablekb=0&amp;fs=1&amp;loop=0&amp;enablejsapi=1&amp;rel=0&amp;controls=2&amp;showinfo=1\" frameborder=\"0\" allow=\"accelerometer; autoplay; clipboard-write; encrypted-media; gyroscope; picture-in-picture; web-share\" referrerpolicy=\"strict-origin-when-cross-origin\" allowfullscreen><\/iframe><\/div>\n<\/div>\n<h3>SYNERION &#8211; CARATTERISTICHE<\/h3>\n<ul>\n<li><strong>Analisi in tempo reale<\/strong>: report e analisi avanzate che puoi utilizzare per prendere decisioni aziendali intelligenti<\/li>\n<li><strong>Richiesta di assenza<\/strong>: consenti ai dipendenti di richiedere ferie tramite l&#8217;app online, il cellulare o persino l&#8217;orologio!<\/li>\n<li><strong>Report automatizzati<\/strong>: offre una combinazione di notifiche e report in tempo reale per aiutarti a sfruttare al meglio i dati.<\/li>\n<li><strong>Pianificazione<\/strong>: un potente strumento di pianificazione per semplificare la creazione e la gestione di una settimana lavorativa flessibile<\/li>\n<li><strong>Cambio turni<\/strong>: un modo semplice per i dipendenti di scambiare i turni e ottenere comunque l&#8217;approvazione e la visualizzazione da parte dei manager<\/li>\n<li><strong>Fogli presenze<\/strong>: un modo rapido e semplice per i dipendenti di inserire il proprio orario e persino di monitorare le ore per mansioni o attivit\u00e0<\/li>\n<li><strong>Dashboard interattiva<\/strong>:\u00a0fornisce una dashboard di facile visualizzazione delle azioni pi\u00f9 importanti necessarie per far crescere la tua attivit\u00e0.<\/li>\n<li><strong>Sincronizzazione dati fluida:<\/strong> Collega la soluzione alle suite software per paghe, ERP e HR pi\u00f9 diffuse che gi\u00e0 utilizzi.<\/li>\n<li><strong>Arricchimento dei dati<\/strong>: ottieni informazioni preziose sulle tue attivit\u00e0 aziendali con report avanzati e analisi basate sull&#8217;intelligenza artificiale.<\/li>\n<\/ul>\n","protected":false},"excerpt":{"rendered":"<p>Synerion offre una soluzione completa per la gestione della forza lavoro per \u00a0amministrare le presenze, pianificare, gestire le assenze, calcolo del costo del lavoro, biometria, schede attivit\u00e0 e funzionalit\u00e0 HR di base. Synerion pu\u00f2 essere implementato on-premise o nel cloud (SaaS) ed \u00e8 accessibile tramite una piattaforma web, terminali on-site e app mobile native.<\/p>\n","protected":false},"author":19,"featured_media":95261,"parent":87246,"menu_order":0,"comment_status":"open","ping_status":"closed","template":"g1_template_page_review_new.php","meta":{"_acf_changed":false,"cwp_meta_box_check":"No","cwp_rev_product_name":"","cwp_rev_product_image":"","wppr_links":[],"cwp_rev_price":"","wppr_options":[],"wppr_pros":[],"wppr_cons":[],"_monsterinsights_skip_tracking":false,"_monsterinsights_sitenote_active":false,"_monsterinsights_sitenote_note":"","_monsterinsights_sitenote_category":0,"footnotes":""},"categories":[16111],"tags":[16146,16121,16120,16144,16396,16123],"features":[],"class_list":{"0":"post-95259","1":"page","2":"type-page","3":"status-publish","4":"has-post-thumbnail","6":"category-programmi-per-turni-di-lavoro","7":"tag-piattaforma-turni-di-lavoro","8":"tag-programma-turni-di-lavoro","9":"tag-software-turni-di-lavoro","10":"tag-soluzione-turni-di-lavoro","11":"tag-synerion","12":"tag-turni-di-lavoro"},"wppr_data":{"cwp_meta_box_check":"No"},"acf":[],"yoast_head":"<!-- This site is optimized with the Yoast SEO plugin v27.4 - https:\/\/yoast.com\/product\/yoast-seo-wordpress\/ -->\n<title>Synerion: recensione soluzione turni di lavoro - Accurate Reviews<\/title>\n<meta name=\"description\" content=\"Synerion: soluzione per la gestione della forza lavoro per\u00a0amministrare le presenze, pianificare, gestire le assenze e altro ancora.\" \/>\n<meta name=\"robots\" content=\"index, follow, max-snippet:-1, max-image-preview:large, max-video-preview:-1\" \/>\n<link rel=\"canonical\" href=\"https:\/\/www.accuratereviews.com\/it\/programmi-gestione-turni-lavoro\/synerion-recensione\/\" \/>\n<meta property=\"og:locale\" content=\"it_IT\" \/>\n<meta property=\"og:type\" content=\"article\" \/>\n<meta property=\"og:title\" content=\"Synerion: recensione soluzione turni di lavoro - Accurate Reviews\" \/>\n<meta property=\"og:description\" content=\"Synerion: soluzione per la gestione della forza lavoro per\u00a0amministrare le presenze, pianificare, gestire le assenze e altro ancora.\" \/>\n<meta property=\"og:url\" content=\"https:\/\/www.accuratereviews.com\/it\/programmi-gestione-turni-lavoro\/synerion-recensione\/\" \/>\n<meta property=\"og:site_name\" content=\"Accurate Reviews\" \/>\n<meta property=\"og:image\" content=\"https:\/\/www.accuratereviews.com\/wp-content\/uploads\/2025\/07\/Synerion.jpeg\" \/>\n\t<meta property=\"og:image:width\" content=\"200\" \/>\n\t<meta property=\"og:image:height\" content=\"200\" \/>\n\t<meta property=\"og:image:type\" content=\"image\/jpeg\" \/>\n<meta name=\"twitter:card\" content=\"summary_large_image\" \/>\n<meta name=\"twitter:label1\" content=\"Tempo di lettura stimato\" \/>\n\t<meta name=\"twitter:data1\" content=\"3 minuti\" \/>\n<script type=\"application\/ld+json\" class=\"yoast-schema-graph\">{\"@context\":\"https:\\\/\\\/schema.org\",\"@graph\":[{\"@type\":\"WebPage\",\"@id\":\"https:\\\/\\\/www.accuratereviews.com\\\/it\\\/programmi-gestione-turni-lavoro\\\/synerion-recensione\\\/\",\"url\":\"https:\\\/\\\/www.accuratereviews.com\\\/it\\\/programmi-gestione-turni-lavoro\\\/synerion-recensione\\\/\",\"name\":\"Synerion: recensione soluzione turni di lavoro - Accurate Reviews\",\"isPartOf\":{\"@id\":\"https:\\\/\\\/www.accuratereviews.com\\\/it\\\/#website\"},\"primaryImageOfPage\":{\"@id\":\"https:\\\/\\\/www.accuratereviews.com\\\/it\\\/programmi-gestione-turni-lavoro\\\/synerion-recensione\\\/#primaryimage\"},\"image\":{\"@id\":\"https:\\\/\\\/www.accuratereviews.com\\\/it\\\/programmi-gestione-turni-lavoro\\\/synerion-recensione\\\/#primaryimage\"},\"thumbnailUrl\":\"https:\\\/\\\/www.accuratereviews.com\\\/wp-content\\\/uploads\\\/2025\\\/07\\\/Synerion.jpeg\",\"datePublished\":\"2025-07-24T18:40:48+00:00\",\"description\":\"Synerion: soluzione per la gestione della forza lavoro per\u00a0amministrare le presenze, pianificare, gestire le assenze e altro ancora.\",\"breadcrumb\":{\"@id\":\"https:\\\/\\\/www.accuratereviews.com\\\/it\\\/programmi-gestione-turni-lavoro\\\/synerion-recensione\\\/#breadcrumb\"},\"inLanguage\":\"it-IT\",\"potentialAction\":[{\"@type\":\"ReadAction\",\"target\":[\"https:\\\/\\\/www.accuratereviews.com\\\/it\\\/programmi-gestione-turni-lavoro\\\/synerion-recensione\\\/\"]}]},{\"@type\":\"ImageObject\",\"inLanguage\":\"it-IT\",\"@id\":\"https:\\\/\\\/www.accuratereviews.com\\\/it\\\/programmi-gestione-turni-lavoro\\\/synerion-recensione\\\/#primaryimage\",\"url\":\"https:\\\/\\\/www.accuratereviews.com\\\/wp-content\\\/uploads\\\/2025\\\/07\\\/Synerion.jpeg\",\"contentUrl\":\"https:\\\/\\\/www.accuratereviews.com\\\/wp-content\\\/uploads\\\/2025\\\/07\\\/Synerion.jpeg\",\"width\":200,\"height\":200},{\"@type\":\"BreadcrumbList\",\"@id\":\"https:\\\/\\\/www.accuratereviews.com\\\/it\\\/programmi-gestione-turni-lavoro\\\/synerion-recensione\\\/#breadcrumb\",\"itemListElement\":[{\"@type\":\"ListItem\",\"position\":1,\"name\":\"Home\",\"item\":\"https:\\\/\\\/www.accuratereviews.com\\\/it\\\/\"},{\"@type\":\"ListItem\",\"position\":2,\"name\":\"Programmi per turni di lavoro\",\"item\":\"https:\\\/\\\/www.accuratereviews.com\\\/it\\\/programmi-gestione-turni-lavoro\\\/\"},{\"@type\":\"ListItem\",\"position\":3,\"name\":\"Synerion\"}]},{\"@type\":\"WebSite\",\"@id\":\"https:\\\/\\\/www.accuratereviews.com\\\/it\\\/#website\",\"url\":\"https:\\\/\\\/www.accuratereviews.com\\\/it\\\/\",\"name\":\"Accurate Reviews\",\"description\":\"\",\"potentialAction\":[{\"@type\":\"SearchAction\",\"target\":{\"@type\":\"EntryPoint\",\"urlTemplate\":\"https:\\\/\\\/www.accuratereviews.com\\\/it\\\/?s={search_term_string}\"},\"query-input\":{\"@type\":\"PropertyValueSpecification\",\"valueRequired\":true,\"valueName\":\"search_term_string\"}}],\"inLanguage\":\"it-IT\"}]}<\/script>\n<!-- \/ Yoast SEO plugin. -->","yoast_head_json":{"title":"Synerion: recensione soluzione turni di lavoro - Accurate Reviews","description":"Synerion: soluzione per la gestione della forza lavoro per\u00a0amministrare le presenze, pianificare, gestire le assenze e altro ancora.","robots":{"index":"index","follow":"follow","max-snippet":"max-snippet:-1","max-image-preview":"max-image-preview:large","max-video-preview":"max-video-preview:-1"},"canonical":"https:\/\/www.accuratereviews.com\/it\/programmi-gestione-turni-lavoro\/synerion-recensione\/","og_locale":"it_IT","og_type":"article","og_title":"Synerion: recensione soluzione turni di lavoro - Accurate Reviews","og_description":"Synerion: soluzione per la gestione della forza lavoro per\u00a0amministrare le presenze, pianificare, gestire le assenze e altro ancora.","og_url":"https:\/\/www.accuratereviews.com\/it\/programmi-gestione-turni-lavoro\/synerion-recensione\/","og_site_name":"Accurate Reviews","og_image":[{"width":200,"height":200,"url":"https:\/\/www.accuratereviews.com\/wp-content\/uploads\/2025\/07\/Synerion.jpeg","type":"image\/jpeg"}],"twitter_card":"summary_large_image","twitter_misc":{"Tempo di lettura stimato":"3 minuti"},"schema":{"@context":"https:\/\/schema.org","@graph":[{"@type":"WebPage","@id":"https:\/\/www.accuratereviews.com\/it\/programmi-gestione-turni-lavoro\/synerion-recensione\/","url":"https:\/\/www.accuratereviews.com\/it\/programmi-gestione-turni-lavoro\/synerion-recensione\/","name":"Synerion: recensione soluzione turni di lavoro - Accurate Reviews","isPartOf":{"@id":"https:\/\/www.accuratereviews.com\/it\/#website"},"primaryImageOfPage":{"@id":"https:\/\/www.accuratereviews.com\/it\/programmi-gestione-turni-lavoro\/synerion-recensione\/#primaryimage"},"image":{"@id":"https:\/\/www.accuratereviews.com\/it\/programmi-gestione-turni-lavoro\/synerion-recensione\/#primaryimage"},"thumbnailUrl":"https:\/\/www.accuratereviews.com\/wp-content\/uploads\/2025\/07\/Synerion.jpeg","datePublished":"2025-07-24T18:40:48+00:00","description":"Synerion: soluzione per la gestione della forza lavoro per\u00a0amministrare le presenze, pianificare, gestire le assenze e altro ancora.","breadcrumb":{"@id":"https:\/\/www.accuratereviews.com\/it\/programmi-gestione-turni-lavoro\/synerion-recensione\/#breadcrumb"},"inLanguage":"it-IT","potentialAction":[{"@type":"ReadAction","target":["https:\/\/www.accuratereviews.com\/it\/programmi-gestione-turni-lavoro\/synerion-recensione\/"]}]},{"@type":"ImageObject","inLanguage":"it-IT","@id":"https:\/\/www.accuratereviews.com\/it\/programmi-gestione-turni-lavoro\/synerion-recensione\/#primaryimage","url":"https:\/\/www.accuratereviews.com\/wp-content\/uploads\/2025\/07\/Synerion.jpeg","contentUrl":"https:\/\/www.accuratereviews.com\/wp-content\/uploads\/2025\/07\/Synerion.jpeg","width":200,"height":200},{"@type":"BreadcrumbList","@id":"https:\/\/www.accuratereviews.com\/it\/programmi-gestione-turni-lavoro\/synerion-recensione\/#breadcrumb","itemListElement":[{"@type":"ListItem","position":1,"name":"Home","item":"https:\/\/www.accuratereviews.com\/it\/"},{"@type":"ListItem","position":2,"name":"Programmi per turni di lavoro","item":"https:\/\/www.accuratereviews.com\/it\/programmi-gestione-turni-lavoro\/"},{"@type":"ListItem","position":3,"name":"Synerion"}]},{"@type":"WebSite","@id":"https:\/\/www.accuratereviews.com\/it\/#website","url":"https:\/\/www.accuratereviews.com\/it\/","name":"Accurate Reviews","description":"","potentialAction":[{"@type":"SearchAction","target":{"@type":"EntryPoint","urlTemplate":"https:\/\/www.accuratereviews.com\/it\/?s={search_term_string}"},"query-input":{"@type":"PropertyValueSpecification","valueRequired":true,"valueName":"search_term_string"}}],"inLanguage":"it-IT"}]}},"_links":{"self":[{"href":"https:\/\/www.accuratereviews.com\/it\/wp-json\/wp\/v2\/pages\/95259","targetHints":{"allow":["GET"]}}],"collection":[{"href":"https:\/\/www.accuratereviews.com\/it\/wp-json\/wp\/v2\/pages"}],"about":[{"href":"https:\/\/www.accuratereviews.com\/it\/wp-json\/wp\/v2\/types\/page"}],"author":[{"embeddable":true,"href":"https:\/\/www.accuratereviews.com\/it\/wp-json\/wp\/v2\/users\/19"}],"replies":[{"embeddable":true,"href":"https:\/\/www.accuratereviews.com\/it\/wp-json\/wp\/v2\/comments?post=95259"}],"version-history":[{"count":12,"href":"https:\/\/www.accuratereviews.com\/it\/wp-json\/wp\/v2\/pages\/95259\/revisions"}],"predecessor-version":[{"id":95291,"href":"https:\/\/www.accuratereviews.com\/it\/wp-json\/wp\/v2\/pages\/95259\/revisions\/95291"}],"up":[{"embeddable":true,"href":"https:\/\/www.accuratereviews.com\/it\/wp-json\/wp\/v2\/pages\/87246"}],"wp:featuredmedia":[{"embeddable":true,"href":"https:\/\/www.accuratereviews.com\/it\/wp-json\/wp\/v2\/media\/95261"}],"wp:attachment":[{"href":"https:\/\/www.accuratereviews.com\/it\/wp-json\/wp\/v2\/media?parent=95259"}],"wp:term":[{"taxonomy":"category","embeddable":true,"href":"https:\/\/www.accuratereviews.com\/it\/wp-json\/wp\/v2\/categories?post=95259"},{"taxonomy":"post_tag","embeddable":true,"href":"https:\/\/www.accuratereviews.com\/it\/wp-json\/wp\/v2\/tags?post=95259"},{"taxonomy":"features","embeddable":true,"href":"https:\/\/www.accuratereviews.com\/it\/wp-json\/wp\/v2\/features?post=95259"}],"curies":[{"name":"wp","href":"https:\/\/api.w.org\/{rel}","templated":true}]}}