{"id":95277,"date":"2025-07-25T11:24:04","date_gmt":"2025-07-25T11:24:04","guid":{"rendered":"https:\/\/www.accuratereviews.com\/?page_id=95277"},"modified":"2025-07-25T11:24:04","modified_gmt":"2025-07-25T11:24:04","slug":"digital-guardian-recensione","status":"publish","type":"page","link":"https:\/\/www.accuratereviews.com\/it\/software-sicurezza-informatica\/digital-guardian-recensione\/","title":{"rendered":"Digital Guardian"},"content":{"rendered":"<p><strong>Digital Guardian<\/strong> \u00e8 una soluzione avanzata di <strong data-start=\"194\" data-end=\"224\">Data Loss Prevention (DLP)<\/strong> progettata da Fortra per proteggere la propriet\u00e0 intellettuale e i dati sensibili di aziende di medie e grandi dimensioni. Il software si distingue per il suo approccio orientato alla protezione dei dati, indipendentemente dal dispositivo, dall\u2019utente o dalla rete utilizzata. Offre una combinazione efficace di <strong data-start=\"527\" data-end=\"555\">controllo degli endpoint<\/strong>, <strong data-start=\"557\" data-end=\"586\">visibilit\u00e0 in tempo reale<\/strong>, <strong data-start=\"588\" data-end=\"621\">policy di sicurezza granulari<\/strong> e <strong data-start=\"624\" data-end=\"644\">machine learning<\/strong> per identificare comportamenti anomali.<br \/>\n<strong>Digital Guardian<\/strong> \u00e8 disponibile sia in modalit\u00e0 cloud che on-premise ed \u00e8 particolarmente indicato per ambienti regolamentati e ad alto rischio, come quelli dei settori sanitario, finanziario, legale e industriale.<\/p>\n<h2>DIGITAL GUARDIAN &#8211; TUTORIAL<\/h2>\n<div id=\"fluid-wrapper-counter-1\" class=\"g1-fluid-wrapper \" style=\"width:686px;\">\n<div style=\"padding-bottom:56.268221574344%;\"><iframe loading=\"lazy\" title=\"What Type of Data Loss Prevention (DLP) is Right for your Organization? Endpoint DLP vs. Network DLP\" width=\"686\" height=\"386\" src=\"https:\/\/www.youtube.com\/embed\/EwTKG3GB3RI?feature=oembed&amp;wmode=transparent&amp;autohide=1&amp;autoplay=0&amp;disablekb=0&amp;fs=1&amp;loop=0&amp;enablejsapi=1&amp;rel=0&amp;controls=2&amp;showinfo=0&amp;wmode=transparent&amp;autohide=2&amp;autoplay=0&amp;disablekb=0&amp;fs=1&amp;loop=0&amp;enablejsapi=1&amp;rel=0&amp;controls=2&amp;showinfo=1\" frameborder=\"0\" allow=\"accelerometer; autoplay; clipboard-write; encrypted-media; gyroscope; picture-in-picture; web-share\" referrerpolicy=\"strict-origin-when-cross-origin\" allowfullscreen><\/iframe><\/div>\n<\/div>\n<h3>DIGITAL GUARDIAN &#8211; CARATTERISTICHE<\/h3>\n<ul>\n<li data-start=\"928\" data-end=\"1035\"><strong data-start=\"928\" data-end=\"961\">Data Loss Prevention avanzato<\/strong>: protezione in tempo reale contro furti o fuoriuscite di dati sensibili<\/li>\n<li data-start=\"1038\" data-end=\"1144\"><strong data-start=\"1038\" data-end=\"1076\">Visibilit\u00e0 completa degli endpoint<\/strong>: monitoraggio dettagliato di ogni attivit\u00e0 su PC, server e laptop<\/li>\n<li data-start=\"1147\" data-end=\"1281\"><strong data-start=\"1147\" data-end=\"1184\">Controllo delle policy flessibile<\/strong>: gestione di regole di sicurezza granulari in base al ruolo, dispositivo, file e comportamento<\/li>\n<li data-start=\"1284\" data-end=\"1351\"><strong data-start=\"1284\" data-end=\"1313\">Protezione cross-platform<\/strong>: funziona su Windows, macOS e Linux<\/li>\n<li data-start=\"1354\" data-end=\"1439\"><strong data-start=\"1354\" data-end=\"1376\">Cloud o on-premise<\/strong>: distribuzione flessibile a seconda delle esigenze aziendali<\/li>\n<li data-start=\"1442\" data-end=\"1544\"><strong data-start=\"1442\" data-end=\"1481\">Classificazione automatica dei dati<\/strong>: categorizza i dati sensibili e assegna regole di protezione<\/li>\n<li data-start=\"1547\" data-end=\"1632\"><strong data-start=\"1547\" data-end=\"1579\">Integrazione con SIEM e SOAR<\/strong>: compatibile con strumenti di sicurezza gi\u00e0 in uso<\/li>\n<li data-start=\"1635\" data-end=\"1739\"><strong data-start=\"1635\" data-end=\"1672\">Protezione contro minacce interne<\/strong>: rilevamento dei comportamenti anomali con analisi comportamentale.<\/li>\n<\/ul>\n","protected":false},"excerpt":{"rendered":"<p>Digital Guardian \u00e8 una soluzione avanzata di Data Loss Prevention (DLP) progettata da Fortra per proteggere la propriet\u00e0 intellettuale e i dati sensibili di aziende di medie e grandi dimensioni. Il software si distingue per il suo approccio orientato alla protezione dei dati, indipendentemente dal dispositivo, dall\u2019utente o dalla rete utilizzata.<\/p>\n","protected":false},"author":17,"featured_media":95278,"parent":92572,"menu_order":0,"comment_status":"open","ping_status":"closed","template":"g1_template_page_review_new.php","meta":{"_acf_changed":false,"cwp_meta_box_check":"No","cwp_rev_product_name":"","cwp_rev_product_image":"","wppr_links":[],"cwp_rev_price":"","wppr_options":[],"wppr_pros":[],"wppr_cons":[],"_monsterinsights_skip_tracking":false,"_monsterinsights_sitenote_active":false,"_monsterinsights_sitenote_note":"","_monsterinsights_sitenote_category":0,"footnotes":""},"categories":[16306],"tags":[16397,16312,16311,16310,16309],"features":[],"class_list":{"0":"post-95277","1":"page","2":"type-page","3":"status-publish","4":"has-post-thumbnail","6":"category-software-sicurezza-informatica-cat","7":"tag-digital-guardian","8":"tag-piattaforma-sicurezza-informatica","9":"tag-programma-sicurezza-informatica","10":"tag-sicurezza-informatica","11":"tag-software-sicurezza-informatica"},"wppr_data":{"cwp_meta_box_check":"No"},"acf":[],"yoast_head":"<!-- This site is optimized with the Yoast SEO plugin v27.4 - https:\/\/yoast.com\/product\/yoast-seo-wordpress\/ -->\n<title>Digital Guardian: recensione software sicurezza informatica - Accurate Reviews<\/title>\n<meta name=\"description\" content=\"Digital Guardian: recensione soluzione avanzata di Data Loss Prevention (DLP) per proteggere la propriet\u00e0 intellettuale e i dati sensibili.\" \/>\n<meta name=\"robots\" content=\"index, follow, max-snippet:-1, max-image-preview:large, max-video-preview:-1\" \/>\n<link rel=\"canonical\" href=\"https:\/\/www.accuratereviews.com\/it\/software-sicurezza-informatica\/digital-guardian-recensione\/\" \/>\n<meta property=\"og:locale\" content=\"it_IT\" \/>\n<meta property=\"og:type\" content=\"article\" \/>\n<meta property=\"og:title\" content=\"Digital Guardian: recensione software sicurezza informatica - Accurate Reviews\" \/>\n<meta property=\"og:description\" content=\"Digital Guardian: recensione soluzione avanzata di Data Loss Prevention (DLP) per proteggere la propriet\u00e0 intellettuale e i dati sensibili.\" \/>\n<meta property=\"og:url\" content=\"https:\/\/www.accuratereviews.com\/it\/software-sicurezza-informatica\/digital-guardian-recensione\/\" \/>\n<meta property=\"og:site_name\" content=\"Accurate Reviews\" \/>\n<meta property=\"og:image\" content=\"https:\/\/www.accuratereviews.com\/wp-content\/uploads\/2025\/07\/0e4bf06d-08fb-4844-8aa4-e4f576691fa8.png\" \/>\n\t<meta property=\"og:image:width\" content=\"500\" \/>\n\t<meta property=\"og:image:height\" content=\"500\" \/>\n\t<meta property=\"og:image:type\" content=\"image\/png\" \/>\n<meta name=\"twitter:card\" content=\"summary_large_image\" \/>\n<meta name=\"twitter:label1\" content=\"Tempo di lettura stimato\" \/>\n\t<meta name=\"twitter:data1\" content=\"3 minuti\" \/>\n<script type=\"application\/ld+json\" class=\"yoast-schema-graph\">{\"@context\":\"https:\\\/\\\/schema.org\",\"@graph\":[{\"@type\":\"WebPage\",\"@id\":\"https:\\\/\\\/www.accuratereviews.com\\\/it\\\/software-sicurezza-informatica\\\/digital-guardian-recensione\\\/\",\"url\":\"https:\\\/\\\/www.accuratereviews.com\\\/it\\\/software-sicurezza-informatica\\\/digital-guardian-recensione\\\/\",\"name\":\"Digital Guardian: recensione software sicurezza informatica - Accurate Reviews\",\"isPartOf\":{\"@id\":\"https:\\\/\\\/www.accuratereviews.com\\\/it\\\/#website\"},\"primaryImageOfPage\":{\"@id\":\"https:\\\/\\\/www.accuratereviews.com\\\/it\\\/software-sicurezza-informatica\\\/digital-guardian-recensione\\\/#primaryimage\"},\"image\":{\"@id\":\"https:\\\/\\\/www.accuratereviews.com\\\/it\\\/software-sicurezza-informatica\\\/digital-guardian-recensione\\\/#primaryimage\"},\"thumbnailUrl\":\"https:\\\/\\\/www.accuratereviews.com\\\/wp-content\\\/uploads\\\/2025\\\/07\\\/0e4bf06d-08fb-4844-8aa4-e4f576691fa8.png\",\"datePublished\":\"2025-07-25T11:24:04+00:00\",\"description\":\"Digital Guardian: recensione soluzione avanzata di Data Loss Prevention (DLP) per proteggere la propriet\u00e0 intellettuale e i dati sensibili.\",\"breadcrumb\":{\"@id\":\"https:\\\/\\\/www.accuratereviews.com\\\/it\\\/software-sicurezza-informatica\\\/digital-guardian-recensione\\\/#breadcrumb\"},\"inLanguage\":\"it-IT\",\"potentialAction\":[{\"@type\":\"ReadAction\",\"target\":[\"https:\\\/\\\/www.accuratereviews.com\\\/it\\\/software-sicurezza-informatica\\\/digital-guardian-recensione\\\/\"]}]},{\"@type\":\"ImageObject\",\"inLanguage\":\"it-IT\",\"@id\":\"https:\\\/\\\/www.accuratereviews.com\\\/it\\\/software-sicurezza-informatica\\\/digital-guardian-recensione\\\/#primaryimage\",\"url\":\"https:\\\/\\\/www.accuratereviews.com\\\/wp-content\\\/uploads\\\/2025\\\/07\\\/0e4bf06d-08fb-4844-8aa4-e4f576691fa8.png\",\"contentUrl\":\"https:\\\/\\\/www.accuratereviews.com\\\/wp-content\\\/uploads\\\/2025\\\/07\\\/0e4bf06d-08fb-4844-8aa4-e4f576691fa8.png\",\"width\":500,\"height\":500},{\"@type\":\"BreadcrumbList\",\"@id\":\"https:\\\/\\\/www.accuratereviews.com\\\/it\\\/software-sicurezza-informatica\\\/digital-guardian-recensione\\\/#breadcrumb\",\"itemListElement\":[{\"@type\":\"ListItem\",\"position\":1,\"name\":\"Home\",\"item\":\"https:\\\/\\\/www.accuratereviews.com\\\/it\\\/\"},{\"@type\":\"ListItem\",\"position\":2,\"name\":\"Software per la sicurezza informatica\",\"item\":\"https:\\\/\\\/www.accuratereviews.com\\\/it\\\/software-sicurezza-informatica\\\/\"},{\"@type\":\"ListItem\",\"position\":3,\"name\":\"Digital Guardian\"}]},{\"@type\":\"WebSite\",\"@id\":\"https:\\\/\\\/www.accuratereviews.com\\\/it\\\/#website\",\"url\":\"https:\\\/\\\/www.accuratereviews.com\\\/it\\\/\",\"name\":\"Accurate Reviews\",\"description\":\"\",\"potentialAction\":[{\"@type\":\"SearchAction\",\"target\":{\"@type\":\"EntryPoint\",\"urlTemplate\":\"https:\\\/\\\/www.accuratereviews.com\\\/it\\\/?s={search_term_string}\"},\"query-input\":{\"@type\":\"PropertyValueSpecification\",\"valueRequired\":true,\"valueName\":\"search_term_string\"}}],\"inLanguage\":\"it-IT\"}]}<\/script>\n<!-- \/ Yoast SEO plugin. -->","yoast_head_json":{"title":"Digital Guardian: recensione software sicurezza informatica - Accurate Reviews","description":"Digital Guardian: recensione soluzione avanzata di Data Loss Prevention (DLP) per proteggere la propriet\u00e0 intellettuale e i dati sensibili.","robots":{"index":"index","follow":"follow","max-snippet":"max-snippet:-1","max-image-preview":"max-image-preview:large","max-video-preview":"max-video-preview:-1"},"canonical":"https:\/\/www.accuratereviews.com\/it\/software-sicurezza-informatica\/digital-guardian-recensione\/","og_locale":"it_IT","og_type":"article","og_title":"Digital Guardian: recensione software sicurezza informatica - Accurate Reviews","og_description":"Digital Guardian: recensione soluzione avanzata di Data Loss Prevention (DLP) per proteggere la propriet\u00e0 intellettuale e i dati sensibili.","og_url":"https:\/\/www.accuratereviews.com\/it\/software-sicurezza-informatica\/digital-guardian-recensione\/","og_site_name":"Accurate Reviews","og_image":[{"width":500,"height":500,"url":"https:\/\/www.accuratereviews.com\/wp-content\/uploads\/2025\/07\/0e4bf06d-08fb-4844-8aa4-e4f576691fa8.png","type":"image\/png"}],"twitter_card":"summary_large_image","twitter_misc":{"Tempo di lettura stimato":"3 minuti"},"schema":{"@context":"https:\/\/schema.org","@graph":[{"@type":"WebPage","@id":"https:\/\/www.accuratereviews.com\/it\/software-sicurezza-informatica\/digital-guardian-recensione\/","url":"https:\/\/www.accuratereviews.com\/it\/software-sicurezza-informatica\/digital-guardian-recensione\/","name":"Digital Guardian: recensione software sicurezza informatica - Accurate Reviews","isPartOf":{"@id":"https:\/\/www.accuratereviews.com\/it\/#website"},"primaryImageOfPage":{"@id":"https:\/\/www.accuratereviews.com\/it\/software-sicurezza-informatica\/digital-guardian-recensione\/#primaryimage"},"image":{"@id":"https:\/\/www.accuratereviews.com\/it\/software-sicurezza-informatica\/digital-guardian-recensione\/#primaryimage"},"thumbnailUrl":"https:\/\/www.accuratereviews.com\/wp-content\/uploads\/2025\/07\/0e4bf06d-08fb-4844-8aa4-e4f576691fa8.png","datePublished":"2025-07-25T11:24:04+00:00","description":"Digital Guardian: recensione soluzione avanzata di Data Loss Prevention (DLP) per proteggere la propriet\u00e0 intellettuale e i dati sensibili.","breadcrumb":{"@id":"https:\/\/www.accuratereviews.com\/it\/software-sicurezza-informatica\/digital-guardian-recensione\/#breadcrumb"},"inLanguage":"it-IT","potentialAction":[{"@type":"ReadAction","target":["https:\/\/www.accuratereviews.com\/it\/software-sicurezza-informatica\/digital-guardian-recensione\/"]}]},{"@type":"ImageObject","inLanguage":"it-IT","@id":"https:\/\/www.accuratereviews.com\/it\/software-sicurezza-informatica\/digital-guardian-recensione\/#primaryimage","url":"https:\/\/www.accuratereviews.com\/wp-content\/uploads\/2025\/07\/0e4bf06d-08fb-4844-8aa4-e4f576691fa8.png","contentUrl":"https:\/\/www.accuratereviews.com\/wp-content\/uploads\/2025\/07\/0e4bf06d-08fb-4844-8aa4-e4f576691fa8.png","width":500,"height":500},{"@type":"BreadcrumbList","@id":"https:\/\/www.accuratereviews.com\/it\/software-sicurezza-informatica\/digital-guardian-recensione\/#breadcrumb","itemListElement":[{"@type":"ListItem","position":1,"name":"Home","item":"https:\/\/www.accuratereviews.com\/it\/"},{"@type":"ListItem","position":2,"name":"Software per la sicurezza informatica","item":"https:\/\/www.accuratereviews.com\/it\/software-sicurezza-informatica\/"},{"@type":"ListItem","position":3,"name":"Digital Guardian"}]},{"@type":"WebSite","@id":"https:\/\/www.accuratereviews.com\/it\/#website","url":"https:\/\/www.accuratereviews.com\/it\/","name":"Accurate Reviews","description":"","potentialAction":[{"@type":"SearchAction","target":{"@type":"EntryPoint","urlTemplate":"https:\/\/www.accuratereviews.com\/it\/?s={search_term_string}"},"query-input":{"@type":"PropertyValueSpecification","valueRequired":true,"valueName":"search_term_string"}}],"inLanguage":"it-IT"}]}},"_links":{"self":[{"href":"https:\/\/www.accuratereviews.com\/it\/wp-json\/wp\/v2\/pages\/95277","targetHints":{"allow":["GET"]}}],"collection":[{"href":"https:\/\/www.accuratereviews.com\/it\/wp-json\/wp\/v2\/pages"}],"about":[{"href":"https:\/\/www.accuratereviews.com\/it\/wp-json\/wp\/v2\/types\/page"}],"author":[{"embeddable":true,"href":"https:\/\/www.accuratereviews.com\/it\/wp-json\/wp\/v2\/users\/17"}],"replies":[{"embeddable":true,"href":"https:\/\/www.accuratereviews.com\/it\/wp-json\/wp\/v2\/comments?post=95277"}],"version-history":[{"count":1,"href":"https:\/\/www.accuratereviews.com\/it\/wp-json\/wp\/v2\/pages\/95277\/revisions"}],"predecessor-version":[{"id":95285,"href":"https:\/\/www.accuratereviews.com\/it\/wp-json\/wp\/v2\/pages\/95277\/revisions\/95285"}],"up":[{"embeddable":true,"href":"https:\/\/www.accuratereviews.com\/it\/wp-json\/wp\/v2\/pages\/92572"}],"wp:featuredmedia":[{"embeddable":true,"href":"https:\/\/www.accuratereviews.com\/it\/wp-json\/wp\/v2\/media\/95278"}],"wp:attachment":[{"href":"https:\/\/www.accuratereviews.com\/it\/wp-json\/wp\/v2\/media?parent=95277"}],"wp:term":[{"taxonomy":"category","embeddable":true,"href":"https:\/\/www.accuratereviews.com\/it\/wp-json\/wp\/v2\/categories?post=95277"},{"taxonomy":"post_tag","embeddable":true,"href":"https:\/\/www.accuratereviews.com\/it\/wp-json\/wp\/v2\/tags?post=95277"},{"taxonomy":"features","embeddable":true,"href":"https:\/\/www.accuratereviews.com\/it\/wp-json\/wp\/v2\/features?post=95277"}],"curies":[{"name":"wp","href":"https:\/\/api.w.org\/{rel}","templated":true}]}}