{"id":95364,"date":"2025-07-30T10:48:24","date_gmt":"2025-07-30T10:48:24","guid":{"rendered":"https:\/\/www.accuratereviews.com\/?page_id=95364"},"modified":"2025-07-30T10:48:24","modified_gmt":"2025-07-30T10:48:24","slug":"exabeam-recensione","status":"publish","type":"page","link":"https:\/\/www.accuratereviews.com\/it\/software-sicurezza-informatica\/exabeam-recensione\/","title":{"rendered":"Exabeam"},"content":{"rendered":"<p><strong>Exabeam<\/strong> \u00e8 una <strong>piattaforma avanzata di sicurezza informatica<\/strong> focalizzata su SIEM e UEBA (User and Entity Behavior Analytics), progettata per offrire un rilevamento delle minacce efficace e un&#8217;indagine pi\u00f9 rapida sugli incidenti. Utilizzando l&#8217;intelligenza artificiale e il machine learning, <strong>Exabeam<\/strong> \u00e8 in grado di tracciare comportamenti sospetti e automatizzare le indagini su potenziali attacchi.<br \/>\nUno dei suoi punti di forza \u00e8 il <strong data-start=\"554\" data-end=\"574\">&#8220;Smart Timeline&#8221;<\/strong>, una funzione che ricostruisce automaticamente l\u2019attivit\u00e0 dell\u2019utente, riducendo drasticamente i tempi necessari per rispondere agli incidenti. La piattaforma \u00e8 molto apprezzata per la sua capacit\u00e0 di normalizzare grandi volumi di log, offrendo visibilit\u00e0 estesa su infrastrutture on-premise e cloud.<\/p>\n<h2>EXABEAM &#8211; TUTORIAL<\/h2>\n<div id=\"fluid-wrapper-counter-1\" class=\"g1-fluid-wrapper \" style=\"width:686px;\">\n<div style=\"padding-bottom:56.268221574344%;\"><iframe loading=\"lazy\" title=\"Exabeam SIEM Overview\" width=\"686\" height=\"386\" src=\"https:\/\/www.youtube.com\/embed\/dLMAyq5lXiY?feature=oembed&amp;wmode=transparent&amp;autohide=1&amp;autoplay=0&amp;disablekb=0&amp;fs=1&amp;loop=0&amp;enablejsapi=1&amp;rel=0&amp;controls=2&amp;showinfo=0&amp;wmode=transparent&amp;autohide=2&amp;autoplay=0&amp;disablekb=0&amp;fs=1&amp;loop=0&amp;enablejsapi=1&amp;rel=0&amp;controls=2&amp;showinfo=1\" frameborder=\"0\" allow=\"accelerometer; autoplay; clipboard-write; encrypted-media; gyroscope; picture-in-picture; web-share\" referrerpolicy=\"strict-origin-when-cross-origin\" allowfullscreen><\/iframe><\/div>\n<\/div>\n<h3>EXABEAM &#8211; CARATTERISTICHE<\/h3>\n<ul>\n<li data-start=\"899\" data-end=\"1011\"><strong data-start=\"899\" data-end=\"929\">SIEM avanzato basato su AI<\/strong>: aggrega e analizza i log da molteplici fonti per rilevare minacce in tempo reale<\/li>\n<li data-start=\"1014\" data-end=\"1152\"><strong data-start=\"1014\" data-end=\"1059\">UEBA (User and Entity Behavior Analytics)<\/strong>: identifica comportamenti anomali di utenti e dispositivi attraverso analisi comportamentale<\/li>\n<li data-start=\"1155\" data-end=\"1263\"><strong data-start=\"1155\" data-end=\"1173\">Smart Timeline<\/strong>: ricostruisce automaticamente la sequenza degli eventi di sicurezza legati a un incidente<\/li>\n<li data-start=\"1266\" data-end=\"1382\"><strong data-start=\"1266\" data-end=\"1307\">Threat Hunting e indagini automatiche<\/strong>: semplifica la ricerca di minacce tramite query intelligenti e automazione<\/li>\n<li data-start=\"1385\" data-end=\"1503\"><strong data-start=\"1385\" data-end=\"1430\">Integrazione con strumenti di terze parti<\/strong>: supporta l\u2019interazione con oltre 400 soluzioni di sicurezza, IT e cloud<\/li>\n<li data-start=\"1506\" data-end=\"1617\"><strong data-start=\"1506\" data-end=\"1551\">Automazione della risposta agli incidenti<\/strong>: flussi di lavoro preconfigurati per ridurre il tempo di reazione<\/li>\n<li data-start=\"1620\" data-end=\"1714\"><strong data-start=\"1620\" data-end=\"1655\">Archiviazione dei log scalabile<\/strong>: pensata per ambienti enterprise con grandi volumi di dati.<\/li>\n<\/ul>\n","protected":false},"excerpt":{"rendered":"<p>Exabeam \u00e8 una piattaforma avanzata di sicurezza informatica focalizzata su SIEM e UEBA (User and Entity Behavior Analytics), progettata per offrire un rilevamento delle minacce efficace e un&#8217;indagine pi\u00f9 rapida sugli incidenti. Utilizzando l&#8217;intelligenza artificiale e il machine learning, Exabeam \u00e8 in grado di tracciare comportamenti sospetti e automatizzare le indagini su potenziali attacchi.<\/p>\n","protected":false},"author":17,"featured_media":95375,"parent":92572,"menu_order":0,"comment_status":"open","ping_status":"closed","template":"g1_template_page_review_new.php","meta":{"_acf_changed":false,"cwp_meta_box_check":"No","cwp_rev_product_name":"","cwp_rev_product_image":"","wppr_links":[],"cwp_rev_price":"","wppr_options":[],"wppr_pros":[],"wppr_cons":[],"_monsterinsights_skip_tracking":false,"_monsterinsights_sitenote_active":false,"_monsterinsights_sitenote_note":"","_monsterinsights_sitenote_category":0,"footnotes":""},"categories":[16306],"tags":[16409,16312,16310,16313,16399],"features":[],"class_list":{"0":"post-95364","1":"page","2":"type-page","3":"status-publish","4":"has-post-thumbnail","6":"category-software-sicurezza-informatica-cat","7":"tag-exabeam","8":"tag-piattaforma-sicurezza-informatica","9":"tag-sicurezza-informatica","10":"tag-software-per-la-sicurezza-informatica","11":"tag-soluzione-sicurezza-informatica"},"wppr_data":{"cwp_meta_box_check":"No"},"acf":[],"yoast_head":"<!-- This site is optimized with the Yoast SEO plugin v27.4 - https:\/\/yoast.com\/product\/yoast-seo-wordpress\/ -->\n<title>Exabeam: recensione - Accurate Reviews<\/title>\n<meta name=\"description\" content=\"Exabeam: recensione della piattaforma avanzata di sicurezza informatica focalizzata su SIEM e UEBA. Scopri di pi\u00f9.\" \/>\n<meta name=\"robots\" content=\"index, follow, max-snippet:-1, max-image-preview:large, max-video-preview:-1\" \/>\n<link rel=\"canonical\" href=\"https:\/\/www.accuratereviews.com\/it\/software-sicurezza-informatica\/exabeam-recensione\/\" \/>\n<meta property=\"og:locale\" content=\"it_IT\" \/>\n<meta property=\"og:type\" content=\"article\" \/>\n<meta property=\"og:title\" content=\"Exabeam: recensione - Accurate Reviews\" \/>\n<meta property=\"og:description\" content=\"Exabeam: recensione della piattaforma avanzata di sicurezza informatica focalizzata su SIEM e UEBA. Scopri di pi\u00f9.\" \/>\n<meta property=\"og:url\" content=\"https:\/\/www.accuratereviews.com\/it\/software-sicurezza-informatica\/exabeam-recensione\/\" \/>\n<meta property=\"og:site_name\" content=\"Accurate Reviews\" \/>\n<meta property=\"og:image\" content=\"https:\/\/www.accuratereviews.com\/wp-content\/uploads\/2025\/07\/images-3.png\" \/>\n\t<meta property=\"og:image:width\" content=\"343\" \/>\n\t<meta property=\"og:image:height\" content=\"239\" \/>\n\t<meta property=\"og:image:type\" content=\"image\/png\" \/>\n<meta name=\"twitter:card\" content=\"summary_large_image\" \/>\n<meta name=\"twitter:label1\" content=\"Tempo di lettura stimato\" \/>\n\t<meta name=\"twitter:data1\" content=\"3 minuti\" \/>\n<script type=\"application\/ld+json\" class=\"yoast-schema-graph\">{\"@context\":\"https:\\\/\\\/schema.org\",\"@graph\":[{\"@type\":\"WebPage\",\"@id\":\"https:\\\/\\\/www.accuratereviews.com\\\/it\\\/software-sicurezza-informatica\\\/exabeam-recensione\\\/\",\"url\":\"https:\\\/\\\/www.accuratereviews.com\\\/it\\\/software-sicurezza-informatica\\\/exabeam-recensione\\\/\",\"name\":\"Exabeam: recensione - Accurate Reviews\",\"isPartOf\":{\"@id\":\"https:\\\/\\\/www.accuratereviews.com\\\/it\\\/#website\"},\"primaryImageOfPage\":{\"@id\":\"https:\\\/\\\/www.accuratereviews.com\\\/it\\\/software-sicurezza-informatica\\\/exabeam-recensione\\\/#primaryimage\"},\"image\":{\"@id\":\"https:\\\/\\\/www.accuratereviews.com\\\/it\\\/software-sicurezza-informatica\\\/exabeam-recensione\\\/#primaryimage\"},\"thumbnailUrl\":\"https:\\\/\\\/www.accuratereviews.com\\\/wp-content\\\/uploads\\\/2025\\\/07\\\/images-3.png\",\"datePublished\":\"2025-07-30T10:48:24+00:00\",\"description\":\"Exabeam: recensione della piattaforma avanzata di sicurezza informatica focalizzata su SIEM e UEBA. Scopri di pi\u00f9.\",\"breadcrumb\":{\"@id\":\"https:\\\/\\\/www.accuratereviews.com\\\/it\\\/software-sicurezza-informatica\\\/exabeam-recensione\\\/#breadcrumb\"},\"inLanguage\":\"it-IT\",\"potentialAction\":[{\"@type\":\"ReadAction\",\"target\":[\"https:\\\/\\\/www.accuratereviews.com\\\/it\\\/software-sicurezza-informatica\\\/exabeam-recensione\\\/\"]}]},{\"@type\":\"ImageObject\",\"inLanguage\":\"it-IT\",\"@id\":\"https:\\\/\\\/www.accuratereviews.com\\\/it\\\/software-sicurezza-informatica\\\/exabeam-recensione\\\/#primaryimage\",\"url\":\"https:\\\/\\\/www.accuratereviews.com\\\/wp-content\\\/uploads\\\/2025\\\/07\\\/images-3.png\",\"contentUrl\":\"https:\\\/\\\/www.accuratereviews.com\\\/wp-content\\\/uploads\\\/2025\\\/07\\\/images-3.png\",\"width\":343,\"height\":239},{\"@type\":\"BreadcrumbList\",\"@id\":\"https:\\\/\\\/www.accuratereviews.com\\\/it\\\/software-sicurezza-informatica\\\/exabeam-recensione\\\/#breadcrumb\",\"itemListElement\":[{\"@type\":\"ListItem\",\"position\":1,\"name\":\"Home\",\"item\":\"https:\\\/\\\/www.accuratereviews.com\\\/it\\\/\"},{\"@type\":\"ListItem\",\"position\":2,\"name\":\"Software per la sicurezza informatica\",\"item\":\"https:\\\/\\\/www.accuratereviews.com\\\/it\\\/software-sicurezza-informatica\\\/\"},{\"@type\":\"ListItem\",\"position\":3,\"name\":\"Exabeam\"}]},{\"@type\":\"WebSite\",\"@id\":\"https:\\\/\\\/www.accuratereviews.com\\\/it\\\/#website\",\"url\":\"https:\\\/\\\/www.accuratereviews.com\\\/it\\\/\",\"name\":\"Accurate Reviews\",\"description\":\"\",\"potentialAction\":[{\"@type\":\"SearchAction\",\"target\":{\"@type\":\"EntryPoint\",\"urlTemplate\":\"https:\\\/\\\/www.accuratereviews.com\\\/it\\\/?s={search_term_string}\"},\"query-input\":{\"@type\":\"PropertyValueSpecification\",\"valueRequired\":true,\"valueName\":\"search_term_string\"}}],\"inLanguage\":\"it-IT\"}]}<\/script>\n<!-- \/ Yoast SEO plugin. -->","yoast_head_json":{"title":"Exabeam: recensione - Accurate Reviews","description":"Exabeam: recensione della piattaforma avanzata di sicurezza informatica focalizzata su SIEM e UEBA. Scopri di pi\u00f9.","robots":{"index":"index","follow":"follow","max-snippet":"max-snippet:-1","max-image-preview":"max-image-preview:large","max-video-preview":"max-video-preview:-1"},"canonical":"https:\/\/www.accuratereviews.com\/it\/software-sicurezza-informatica\/exabeam-recensione\/","og_locale":"it_IT","og_type":"article","og_title":"Exabeam: recensione - Accurate Reviews","og_description":"Exabeam: recensione della piattaforma avanzata di sicurezza informatica focalizzata su SIEM e UEBA. Scopri di pi\u00f9.","og_url":"https:\/\/www.accuratereviews.com\/it\/software-sicurezza-informatica\/exabeam-recensione\/","og_site_name":"Accurate Reviews","og_image":[{"width":343,"height":239,"url":"https:\/\/www.accuratereviews.com\/wp-content\/uploads\/2025\/07\/images-3.png","type":"image\/png"}],"twitter_card":"summary_large_image","twitter_misc":{"Tempo di lettura stimato":"3 minuti"},"schema":{"@context":"https:\/\/schema.org","@graph":[{"@type":"WebPage","@id":"https:\/\/www.accuratereviews.com\/it\/software-sicurezza-informatica\/exabeam-recensione\/","url":"https:\/\/www.accuratereviews.com\/it\/software-sicurezza-informatica\/exabeam-recensione\/","name":"Exabeam: recensione - Accurate Reviews","isPartOf":{"@id":"https:\/\/www.accuratereviews.com\/it\/#website"},"primaryImageOfPage":{"@id":"https:\/\/www.accuratereviews.com\/it\/software-sicurezza-informatica\/exabeam-recensione\/#primaryimage"},"image":{"@id":"https:\/\/www.accuratereviews.com\/it\/software-sicurezza-informatica\/exabeam-recensione\/#primaryimage"},"thumbnailUrl":"https:\/\/www.accuratereviews.com\/wp-content\/uploads\/2025\/07\/images-3.png","datePublished":"2025-07-30T10:48:24+00:00","description":"Exabeam: recensione della piattaforma avanzata di sicurezza informatica focalizzata su SIEM e UEBA. Scopri di pi\u00f9.","breadcrumb":{"@id":"https:\/\/www.accuratereviews.com\/it\/software-sicurezza-informatica\/exabeam-recensione\/#breadcrumb"},"inLanguage":"it-IT","potentialAction":[{"@type":"ReadAction","target":["https:\/\/www.accuratereviews.com\/it\/software-sicurezza-informatica\/exabeam-recensione\/"]}]},{"@type":"ImageObject","inLanguage":"it-IT","@id":"https:\/\/www.accuratereviews.com\/it\/software-sicurezza-informatica\/exabeam-recensione\/#primaryimage","url":"https:\/\/www.accuratereviews.com\/wp-content\/uploads\/2025\/07\/images-3.png","contentUrl":"https:\/\/www.accuratereviews.com\/wp-content\/uploads\/2025\/07\/images-3.png","width":343,"height":239},{"@type":"BreadcrumbList","@id":"https:\/\/www.accuratereviews.com\/it\/software-sicurezza-informatica\/exabeam-recensione\/#breadcrumb","itemListElement":[{"@type":"ListItem","position":1,"name":"Home","item":"https:\/\/www.accuratereviews.com\/it\/"},{"@type":"ListItem","position":2,"name":"Software per la sicurezza informatica","item":"https:\/\/www.accuratereviews.com\/it\/software-sicurezza-informatica\/"},{"@type":"ListItem","position":3,"name":"Exabeam"}]},{"@type":"WebSite","@id":"https:\/\/www.accuratereviews.com\/it\/#website","url":"https:\/\/www.accuratereviews.com\/it\/","name":"Accurate Reviews","description":"","potentialAction":[{"@type":"SearchAction","target":{"@type":"EntryPoint","urlTemplate":"https:\/\/www.accuratereviews.com\/it\/?s={search_term_string}"},"query-input":{"@type":"PropertyValueSpecification","valueRequired":true,"valueName":"search_term_string"}}],"inLanguage":"it-IT"}]}},"_links":{"self":[{"href":"https:\/\/www.accuratereviews.com\/it\/wp-json\/wp\/v2\/pages\/95364","targetHints":{"allow":["GET"]}}],"collection":[{"href":"https:\/\/www.accuratereviews.com\/it\/wp-json\/wp\/v2\/pages"}],"about":[{"href":"https:\/\/www.accuratereviews.com\/it\/wp-json\/wp\/v2\/types\/page"}],"author":[{"embeddable":true,"href":"https:\/\/www.accuratereviews.com\/it\/wp-json\/wp\/v2\/users\/17"}],"replies":[{"embeddable":true,"href":"https:\/\/www.accuratereviews.com\/it\/wp-json\/wp\/v2\/comments?post=95364"}],"version-history":[{"count":1,"href":"https:\/\/www.accuratereviews.com\/it\/wp-json\/wp\/v2\/pages\/95364\/revisions"}],"predecessor-version":[{"id":95382,"href":"https:\/\/www.accuratereviews.com\/it\/wp-json\/wp\/v2\/pages\/95364\/revisions\/95382"}],"up":[{"embeddable":true,"href":"https:\/\/www.accuratereviews.com\/it\/wp-json\/wp\/v2\/pages\/92572"}],"wp:featuredmedia":[{"embeddable":true,"href":"https:\/\/www.accuratereviews.com\/it\/wp-json\/wp\/v2\/media\/95375"}],"wp:attachment":[{"href":"https:\/\/www.accuratereviews.com\/it\/wp-json\/wp\/v2\/media?parent=95364"}],"wp:term":[{"taxonomy":"category","embeddable":true,"href":"https:\/\/www.accuratereviews.com\/it\/wp-json\/wp\/v2\/categories?post=95364"},{"taxonomy":"post_tag","embeddable":true,"href":"https:\/\/www.accuratereviews.com\/it\/wp-json\/wp\/v2\/tags?post=95364"},{"taxonomy":"features","embeddable":true,"href":"https:\/\/www.accuratereviews.com\/it\/wp-json\/wp\/v2\/features?post=95364"}],"curies":[{"name":"wp","href":"https:\/\/api.w.org\/{rel}","templated":true}]}}