{"id":95393,"date":"2025-07-30T12:53:29","date_gmt":"2025-07-30T12:53:29","guid":{"rendered":"https:\/\/www.accuratereviews.com\/?page_id=95393"},"modified":"2025-07-30T12:53:29","modified_gmt":"2025-07-30T12:53:29","slug":"productive-recensione","status":"publish","type":"page","link":"https:\/\/www.accuratereviews.com\/it\/programmi-gestione-turni-lavoro\/productive-recensione\/","title":{"rendered":"Productive"},"content":{"rendered":"<p><strong>Productive<\/strong> \u00e8 una piattaforma completa per la gestione delle agenzie che cercano uno strumento come &#8220;un&#8217;unica fonte di verit\u00e0&#8221;. Include la gestione della pipeline di vendita, la pianificazione\/programmazione delle risorse, il <strong>monitoraggio del tempo<\/strong>, la gestione dei progetti, il budgeting, la fatturazione e la reportistica sulla redditivit\u00e0. Include anche un portale clienti gratuito.<br \/>\nUno dei maggiori vantaggi di <strong>Productive<\/strong> \u00e8 la sua solida reportistica incentrata sulla redditivit\u00e0. Tiene traccia non solo di tariffe e ricavi, ma anche degli stipendi dei dipendenti e delle spese generali aziendali, fornendo agli utenti una chiara comprensione della salute finanziaria della propria agenzia. Le sue funzionalit\u00e0 di previsione consentono inoltre agli utenti di prevedere le spese future e i margini di profitto. Si integra con il tuo account Xero o QuickBooks Online, e molte altre applicazioni sono supportate tramite il collegamento a Zapier.<\/p>\n<h2>PRODUCTIVE &#8211; TUTORIAL<\/h2>\n<div id=\"fluid-wrapper-counter-1\" class=\"g1-fluid-wrapper \" style=\"width:686px;\">\n<div style=\"padding-bottom:56.268221574344%;\"><iframe loading=\"lazy\" title=\"Productive Monthly Updates: October 2024\" width=\"686\" height=\"386\" src=\"https:\/\/www.youtube.com\/embed\/qcV6vwtF3es?feature=oembed&amp;wmode=transparent&amp;autohide=1&amp;autoplay=0&amp;disablekb=0&amp;fs=1&amp;loop=0&amp;enablejsapi=1&amp;rel=0&amp;controls=2&amp;showinfo=0&amp;wmode=transparent&amp;autohide=2&amp;autoplay=0&amp;disablekb=0&amp;fs=1&amp;loop=0&amp;enablejsapi=1&amp;rel=0&amp;controls=2&amp;showinfo=1\" frameborder=\"0\" allow=\"accelerometer; autoplay; clipboard-write; encrypted-media; gyroscope; picture-in-picture; web-share\" referrerpolicy=\"strict-origin-when-cross-origin\" allowfullscreen><\/iframe><\/div>\n<\/div>\n<h3>PRODUCTIVE &#8211; CARATTERISTICHE<\/h3>\n<ul>\n<li><strong>Giornaliero<\/strong>: registra il tuo lavoro giornaliero nella sezione Tempo una volta completato.<\/li>\n<li><strong>Fogli presenze settimanali:<\/strong> monitora il tuo tempo su base settimanale.<\/li>\n<li><strong>Calendario<\/strong>: crea voci di tempo direttamente dal tuo calendario Google o Outlook.<\/li>\n<li><strong>Timer desktop<\/strong>: attiva il timer desktop all&#8217;inizio del lavoro.<\/li>\n<li><strong>Monitoraggio automatico del tempo<\/strong>: monitora automaticamente il tempo con prenotazioni di tempo pre-programmate.<\/li>\n<li><strong>Visualizzazione Gantt<\/strong>: visualizza facilmente il tuo progetto con milestone e risultati chiave.<\/li>\n<li><strong>Monitoraggio del tempo nelle attivit\u00e0<\/strong>: puoi iniziare rapidamente a monitorare il tempo direttamente dalle attivit\u00e0.<\/li>\n<li><strong>Approva richiesta di ferie<\/strong>: quando un collega richiede ferie, il suo responsabile deve approvarla sul programma. Non appena una richiesta di ferie viene approvata, utilizza un filtro per vedere quali colleghi sono in congedo.<\/li>\n<li><strong>D\u00ec addio ai fogli Excel<\/strong>: non \u00e8 pi\u00f9 necessario gestire i dati sulle ferie dei dipendenti in Excel.<\/li>\n<li><strong>Riduci il numero di strumenti a pagamento<\/strong>: risparmia tempo e denaro annullando l&#8217;utilizzo di strumenti di terze parti per la gestione delle ferie o delle risorse umane. Se necessario, connettiti al tuo attuale strumento HR<\/li>\n<li><strong>Visualizzazione elenco<\/strong>: dati un&#8217;occhiata alle attivit\u00e0 e filtrale per nome, data di scadenza, assegnatari e altro ancora.<\/li>\n<li><strong>Bacheca:<\/strong> se preferisci spostare le attivit\u00e0 su una bacheca Kanban, scegli il layout Bacheca.<\/li>\n<li><strong>Sequenza temporale<\/strong>: trascina e rilascia, sposta le attivit\u00e0 o espandi e contraile per aggiornare le date di inizio e di scadenza.<\/li>\n<li><strong>Visualizzazione carico di lavoro<\/strong>: controlla il carico di lavoro dei tuoi colleghi e delega le attivit\u00e0 con facilit\u00e0.<\/li>\n<\/ul>\n<h4>LE RECENSIONI DEGLI UTENTI<\/h4>\n<p><strong>Sonja &#8220;Ottimo strumento e servizio clienti straordinario&#8221;<\/strong><br \/>\n<strong>Commenti<\/strong>: ottimo strumento per gestire progetti, fogli presenze e finanze dell&#8217;agenzia. Facile da usare e, cosa ancora pi\u00f9 importante, velocissimo nel trovare qualcuno che possa aiutarti se hai difficolt\u00e0 a trovare qualcosa.<br \/>\n<strong>Pro<\/strong>: strumento molto efficiente e intuitivo che soddisfa un&#8217;ampia gamma di esigenze delle agenzie: gestione dei progetti, registri delle ore, budget, reporting, ecc. Servizio clienti straordinario.<br \/>\n<strong>Contro<\/strong>: sarebbe fantastico se non fosse cos\u00ec costoso, ma ne vale la pena.<\/p>\n<p><strong>Nicole &#8220;Altamente raccomandato!&#8221;<\/strong><br \/>\n<strong>Pro<\/strong>: ho trovato Productive una piattaforma di gestione progetti intuitiva che migliora significativamente la produttivit\u00e0 delle agenzie, semplifica i flussi di lavoro e ci permette di essere integrati in tutte le nostre specializzazioni. Impostazioni avanzate per il monitoraggio del tempo e la gestione finanziaria, e un reporting completo! Anche il team di supporto \u00e8 FANTASTICO.<br \/>\n<strong>Contro<\/strong>: productive rilascia costantemente nuove funzionalit\u00e0, quindi molto probabilmente questo problema verr\u00e0 risolto. Tuttavia, al momento non \u00e8 possibile visualizzare il fatturato netto.<\/p>\n<p><strong>Pieter &#8220;Cliente felice&#8221;<\/strong><br \/>\n<strong>Commenti<\/strong>: Lo usiamo da 3 anni ormai e ne siamo molto soddisfatti abbiamo confrontato 12 strumenti diversi e siamo soddisfatti di Productive l&#8217;assistenza \u00e8 molto reattiva e disponibile anche nella configurazione di casi specifici<br \/>\n<strong>Pro<\/strong>: Flessibilit\u00e0 di configurazione Facile da usare Buona reportistica Buon supporto<br \/>\n<strong>Contro<\/strong>: L&#8217;interfaccia utente pu\u00f2 essere incoerente, ma sta migliorando<\/p>\n","protected":false},"excerpt":{"rendered":"<p>Productive \u00e8 una piattaforma completa per la gestione delle agenzie che cercano uno strumento come &#8220;un&#8217;unica fonte di verit\u00e0&#8221;. Include la gestione della pipeline di vendita, la pianificazione\/programmazione delle risorse, il monitoraggio del tempo, la gestione dei progetti, il budgeting, la fatturazione e la reportistica sulla redditivit\u00e0. Include anche un portale clienti gratuito.<\/p>\n","protected":false},"author":19,"featured_media":95394,"parent":87246,"menu_order":0,"comment_status":"open","ping_status":"closed","template":"g1_template_page_review_new.php","meta":{"_acf_changed":false,"cwp_meta_box_check":"No","cwp_rev_product_name":"","cwp_rev_product_image":"","wppr_links":[],"cwp_rev_price":"","wppr_options":[],"wppr_pros":[],"wppr_cons":[],"_monsterinsights_skip_tracking":false,"_monsterinsights_sitenote_active":false,"_monsterinsights_sitenote_note":"","_monsterinsights_sitenote_category":0,"footnotes":""},"categories":[16111],"tags":[16146,16403,16121,16120,16144,16123],"features":[],"class_list":{"0":"post-95393","1":"page","2":"type-page","3":"status-publish","4":"has-post-thumbnail","6":"category-programmi-per-turni-di-lavoro","7":"tag-piattaforma-turni-di-lavoro","8":"tag-productive","9":"tag-programma-turni-di-lavoro","10":"tag-software-turni-di-lavoro","11":"tag-soluzione-turni-di-lavoro","12":"tag-turni-di-lavoro"},"wppr_data":{"cwp_meta_box_check":"No"},"acf":[],"yoast_head":"<!-- This site is optimized with the Yoast SEO plugin v27.4 - https:\/\/yoast.com\/product\/yoast-seo-wordpress\/ -->\n<title>Productive: recensione software turni di lavoro - Accurate Reviews<\/title>\n<meta name=\"description\" content=\"Productive: recensione piattaforma completa per la gestione delle agenzie che cercano uno strumento come &quot;un&#039;unica fonte di verit\u00e0&quot;.\" \/>\n<meta name=\"robots\" content=\"index, follow, max-snippet:-1, max-image-preview:large, max-video-preview:-1\" \/>\n<link rel=\"canonical\" href=\"https:\/\/www.accuratereviews.com\/it\/programmi-gestione-turni-lavoro\/productive-recensione\/\" \/>\n<meta property=\"og:locale\" content=\"it_IT\" \/>\n<meta property=\"og:type\" content=\"article\" \/>\n<meta property=\"og:title\" content=\"Productive: recensione software turni di lavoro - Accurate Reviews\" \/>\n<meta property=\"og:description\" content=\"Productive: recensione piattaforma completa per la gestione delle agenzie che cercano uno strumento come &quot;un&#039;unica fonte di verit\u00e0&quot;.\" \/>\n<meta property=\"og:url\" content=\"https:\/\/www.accuratereviews.com\/it\/programmi-gestione-turni-lavoro\/productive-recensione\/\" \/>\n<meta property=\"og:site_name\" content=\"Accurate Reviews\" \/>\n<meta property=\"og:image\" content=\"https:\/\/www.accuratereviews.com\/wp-content\/uploads\/2025\/07\/tandahq_logo.jpeg\" \/>\n\t<meta property=\"og:image:width\" content=\"200\" \/>\n\t<meta property=\"og:image:height\" content=\"200\" \/>\n\t<meta property=\"og:image:type\" content=\"image\/jpeg\" \/>\n<meta name=\"twitter:card\" content=\"summary_large_image\" \/>\n<meta name=\"twitter:label1\" content=\"Tempo di lettura stimato\" \/>\n\t<meta name=\"twitter:data1\" content=\"5 minuti\" \/>\n<script type=\"application\/ld+json\" class=\"yoast-schema-graph\">{\"@context\":\"https:\\\/\\\/schema.org\",\"@graph\":[{\"@type\":\"WebPage\",\"@id\":\"https:\\\/\\\/www.accuratereviews.com\\\/it\\\/programmi-gestione-turni-lavoro\\\/productive-recensione\\\/\",\"url\":\"https:\\\/\\\/www.accuratereviews.com\\\/it\\\/programmi-gestione-turni-lavoro\\\/productive-recensione\\\/\",\"name\":\"Productive: recensione software turni di lavoro - Accurate Reviews\",\"isPartOf\":{\"@id\":\"https:\\\/\\\/www.accuratereviews.com\\\/it\\\/#website\"},\"primaryImageOfPage\":{\"@id\":\"https:\\\/\\\/www.accuratereviews.com\\\/it\\\/programmi-gestione-turni-lavoro\\\/productive-recensione\\\/#primaryimage\"},\"image\":{\"@id\":\"https:\\\/\\\/www.accuratereviews.com\\\/it\\\/programmi-gestione-turni-lavoro\\\/productive-recensione\\\/#primaryimage\"},\"thumbnailUrl\":\"https:\\\/\\\/www.accuratereviews.com\\\/wp-content\\\/uploads\\\/2025\\\/07\\\/tandahq_logo.jpeg\",\"datePublished\":\"2025-07-30T12:53:29+00:00\",\"description\":\"Productive: recensione piattaforma completa per la gestione delle agenzie che cercano uno strumento come \\\"un'unica fonte di verit\u00e0\\\".\",\"breadcrumb\":{\"@id\":\"https:\\\/\\\/www.accuratereviews.com\\\/it\\\/programmi-gestione-turni-lavoro\\\/productive-recensione\\\/#breadcrumb\"},\"inLanguage\":\"it-IT\",\"potentialAction\":[{\"@type\":\"ReadAction\",\"target\":[\"https:\\\/\\\/www.accuratereviews.com\\\/it\\\/programmi-gestione-turni-lavoro\\\/productive-recensione\\\/\"]}]},{\"@type\":\"ImageObject\",\"inLanguage\":\"it-IT\",\"@id\":\"https:\\\/\\\/www.accuratereviews.com\\\/it\\\/programmi-gestione-turni-lavoro\\\/productive-recensione\\\/#primaryimage\",\"url\":\"https:\\\/\\\/www.accuratereviews.com\\\/wp-content\\\/uploads\\\/2025\\\/07\\\/tandahq_logo.jpeg\",\"contentUrl\":\"https:\\\/\\\/www.accuratereviews.com\\\/wp-content\\\/uploads\\\/2025\\\/07\\\/tandahq_logo.jpeg\",\"width\":200,\"height\":200},{\"@type\":\"BreadcrumbList\",\"@id\":\"https:\\\/\\\/www.accuratereviews.com\\\/it\\\/programmi-gestione-turni-lavoro\\\/productive-recensione\\\/#breadcrumb\",\"itemListElement\":[{\"@type\":\"ListItem\",\"position\":1,\"name\":\"Home\",\"item\":\"https:\\\/\\\/www.accuratereviews.com\\\/it\\\/\"},{\"@type\":\"ListItem\",\"position\":2,\"name\":\"Programmi per turni di lavoro\",\"item\":\"https:\\\/\\\/www.accuratereviews.com\\\/it\\\/programmi-gestione-turni-lavoro\\\/\"},{\"@type\":\"ListItem\",\"position\":3,\"name\":\"Productive\"}]},{\"@type\":\"WebSite\",\"@id\":\"https:\\\/\\\/www.accuratereviews.com\\\/it\\\/#website\",\"url\":\"https:\\\/\\\/www.accuratereviews.com\\\/it\\\/\",\"name\":\"Accurate Reviews\",\"description\":\"\",\"potentialAction\":[{\"@type\":\"SearchAction\",\"target\":{\"@type\":\"EntryPoint\",\"urlTemplate\":\"https:\\\/\\\/www.accuratereviews.com\\\/it\\\/?s={search_term_string}\"},\"query-input\":{\"@type\":\"PropertyValueSpecification\",\"valueRequired\":true,\"valueName\":\"search_term_string\"}}],\"inLanguage\":\"it-IT\"}]}<\/script>\n<!-- \/ Yoast SEO plugin. -->","yoast_head_json":{"title":"Productive: recensione software turni di lavoro - Accurate Reviews","description":"Productive: recensione piattaforma completa per la gestione delle agenzie che cercano uno strumento come \"un'unica fonte di verit\u00e0\".","robots":{"index":"index","follow":"follow","max-snippet":"max-snippet:-1","max-image-preview":"max-image-preview:large","max-video-preview":"max-video-preview:-1"},"canonical":"https:\/\/www.accuratereviews.com\/it\/programmi-gestione-turni-lavoro\/productive-recensione\/","og_locale":"it_IT","og_type":"article","og_title":"Productive: recensione software turni di lavoro - Accurate Reviews","og_description":"Productive: recensione piattaforma completa per la gestione delle agenzie che cercano uno strumento come \"un'unica fonte di verit\u00e0\".","og_url":"https:\/\/www.accuratereviews.com\/it\/programmi-gestione-turni-lavoro\/productive-recensione\/","og_site_name":"Accurate Reviews","og_image":[{"width":200,"height":200,"url":"https:\/\/www.accuratereviews.com\/wp-content\/uploads\/2025\/07\/tandahq_logo.jpeg","type":"image\/jpeg"}],"twitter_card":"summary_large_image","twitter_misc":{"Tempo di lettura stimato":"5 minuti"},"schema":{"@context":"https:\/\/schema.org","@graph":[{"@type":"WebPage","@id":"https:\/\/www.accuratereviews.com\/it\/programmi-gestione-turni-lavoro\/productive-recensione\/","url":"https:\/\/www.accuratereviews.com\/it\/programmi-gestione-turni-lavoro\/productive-recensione\/","name":"Productive: recensione software turni di lavoro - Accurate Reviews","isPartOf":{"@id":"https:\/\/www.accuratereviews.com\/it\/#website"},"primaryImageOfPage":{"@id":"https:\/\/www.accuratereviews.com\/it\/programmi-gestione-turni-lavoro\/productive-recensione\/#primaryimage"},"image":{"@id":"https:\/\/www.accuratereviews.com\/it\/programmi-gestione-turni-lavoro\/productive-recensione\/#primaryimage"},"thumbnailUrl":"https:\/\/www.accuratereviews.com\/wp-content\/uploads\/2025\/07\/tandahq_logo.jpeg","datePublished":"2025-07-30T12:53:29+00:00","description":"Productive: recensione piattaforma completa per la gestione delle agenzie che cercano uno strumento come \"un'unica fonte di verit\u00e0\".","breadcrumb":{"@id":"https:\/\/www.accuratereviews.com\/it\/programmi-gestione-turni-lavoro\/productive-recensione\/#breadcrumb"},"inLanguage":"it-IT","potentialAction":[{"@type":"ReadAction","target":["https:\/\/www.accuratereviews.com\/it\/programmi-gestione-turni-lavoro\/productive-recensione\/"]}]},{"@type":"ImageObject","inLanguage":"it-IT","@id":"https:\/\/www.accuratereviews.com\/it\/programmi-gestione-turni-lavoro\/productive-recensione\/#primaryimage","url":"https:\/\/www.accuratereviews.com\/wp-content\/uploads\/2025\/07\/tandahq_logo.jpeg","contentUrl":"https:\/\/www.accuratereviews.com\/wp-content\/uploads\/2025\/07\/tandahq_logo.jpeg","width":200,"height":200},{"@type":"BreadcrumbList","@id":"https:\/\/www.accuratereviews.com\/it\/programmi-gestione-turni-lavoro\/productive-recensione\/#breadcrumb","itemListElement":[{"@type":"ListItem","position":1,"name":"Home","item":"https:\/\/www.accuratereviews.com\/it\/"},{"@type":"ListItem","position":2,"name":"Programmi per turni di lavoro","item":"https:\/\/www.accuratereviews.com\/it\/programmi-gestione-turni-lavoro\/"},{"@type":"ListItem","position":3,"name":"Productive"}]},{"@type":"WebSite","@id":"https:\/\/www.accuratereviews.com\/it\/#website","url":"https:\/\/www.accuratereviews.com\/it\/","name":"Accurate Reviews","description":"","potentialAction":[{"@type":"SearchAction","target":{"@type":"EntryPoint","urlTemplate":"https:\/\/www.accuratereviews.com\/it\/?s={search_term_string}"},"query-input":{"@type":"PropertyValueSpecification","valueRequired":true,"valueName":"search_term_string"}}],"inLanguage":"it-IT"}]}},"_links":{"self":[{"href":"https:\/\/www.accuratereviews.com\/it\/wp-json\/wp\/v2\/pages\/95393","targetHints":{"allow":["GET"]}}],"collection":[{"href":"https:\/\/www.accuratereviews.com\/it\/wp-json\/wp\/v2\/pages"}],"about":[{"href":"https:\/\/www.accuratereviews.com\/it\/wp-json\/wp\/v2\/types\/page"}],"author":[{"embeddable":true,"href":"https:\/\/www.accuratereviews.com\/it\/wp-json\/wp\/v2\/users\/19"}],"replies":[{"embeddable":true,"href":"https:\/\/www.accuratereviews.com\/it\/wp-json\/wp\/v2\/comments?post=95393"}],"version-history":[{"count":10,"href":"https:\/\/www.accuratereviews.com\/it\/wp-json\/wp\/v2\/pages\/95393\/revisions"}],"predecessor-version":[{"id":95420,"href":"https:\/\/www.accuratereviews.com\/it\/wp-json\/wp\/v2\/pages\/95393\/revisions\/95420"}],"up":[{"embeddable":true,"href":"https:\/\/www.accuratereviews.com\/it\/wp-json\/wp\/v2\/pages\/87246"}],"wp:featuredmedia":[{"embeddable":true,"href":"https:\/\/www.accuratereviews.com\/it\/wp-json\/wp\/v2\/media\/95394"}],"wp:attachment":[{"href":"https:\/\/www.accuratereviews.com\/it\/wp-json\/wp\/v2\/media?parent=95393"}],"wp:term":[{"taxonomy":"category","embeddable":true,"href":"https:\/\/www.accuratereviews.com\/it\/wp-json\/wp\/v2\/categories?post=95393"},{"taxonomy":"post_tag","embeddable":true,"href":"https:\/\/www.accuratereviews.com\/it\/wp-json\/wp\/v2\/tags?post=95393"},{"taxonomy":"features","embeddable":true,"href":"https:\/\/www.accuratereviews.com\/it\/wp-json\/wp\/v2\/features?post=95393"}],"curies":[{"name":"wp","href":"https:\/\/api.w.org\/{rel}","templated":true}]}}