{"id":95472,"date":"2025-07-31T13:38:08","date_gmt":"2025-07-31T13:38:08","guid":{"rendered":"https:\/\/www.accuratereviews.com\/?page_id=95472"},"modified":"2025-08-06T15:00:16","modified_gmt":"2025-08-06T15:00:16","slug":"zoomshift-recensione","status":"publish","type":"page","link":"https:\/\/www.accuratereviews.com\/it\/programmi-gestione-turni-lavoro\/zoomshift-recensione\/","title":{"rendered":"ZoomShift"},"content":{"rendered":"<p><strong>ZoomShift<\/strong> \u00e8 un<strong> software di pianificazione del personale<\/strong> per creare online i tuoi programmi di lavoro. Tieni conto delle richieste di ferie, della disponibilit\u00e0, degli straordinari e dei conflitti di turno dei dipendenti durante la creazione del calendario di lavoro. Pubblica i tuoi programmi e invia notifiche via email, sms e push a tutti i tuoi dipendenti. Una volta pubblicati i turni, consenti ai tuoi dipendenti di richiedere cambi di turno.<br \/>\n<strong>ZoomShift<\/strong> ti permette di monitorare facilmente il tempo dei dipendenti utilizzando il cronometro integrato \u00a0o di inserire manualmente i fogli presenze. Ottieni informazioni su quando i dipendenti sono in ritardo, in anticipo o hanno lavorato in orari non previsti. Esegui report sulle paghe e importali nel tuo attuale provider di servizi di gestione paghe per un&#8217;elaborazione rapida e semplice. Puoi fare tutto questo da qualsiasi browser web o utilizzando una delle app native per iOS o Android.<\/p>\n<h2>ZOOMSHIFT &#8211; TUTORIAL<\/h2>\n<div id=\"fluid-wrapper-counter-1\" class=\"g1-fluid-wrapper \" style=\"width:686px;\">\n<div style=\"padding-bottom:56.268221574344%;\"><iframe loading=\"lazy\" title=\"How to use ZoomShift&#039;s Shift Swap Feature\" width=\"686\" height=\"386\" src=\"https:\/\/www.youtube.com\/embed\/AkIqME62zBY?feature=oembed&amp;wmode=transparent&amp;autohide=1&amp;autoplay=0&amp;disablekb=0&amp;fs=1&amp;loop=0&amp;enablejsapi=1&amp;rel=0&amp;controls=2&amp;showinfo=0&amp;wmode=transparent&amp;autohide=2&amp;autoplay=0&amp;disablekb=0&amp;fs=1&amp;loop=0&amp;enablejsapi=1&amp;rel=0&amp;controls=2&amp;showinfo=1\" frameborder=\"0\" allow=\"accelerometer; autoplay; clipboard-write; encrypted-media; gyroscope; picture-in-picture; web-share\" referrerpolicy=\"strict-origin-when-cross-origin\" allowfullscreen><\/iframe><\/div>\n<\/div>\n<h3>ZOOMSHIFT &#8211; CARATTERISTICHE<\/h3>\n<ul>\n<li><strong>Pianificazione del lavoro<\/strong>: crea orari di lavoro dei dipendenti in pochi minuti<\/li>\n<li><strong>Orologio di controllo presenze<\/strong>: visualizza le presenze dei tuoi dipendenti in tempo reale<\/li>\n<li><strong>Fogli presenze<\/strong>: crea, gestisci e monitora rapidamente i fogli presenze<\/li>\n<li><strong>App per dispositivi mobili<\/strong>: scarica l&#8217;app mobile gratuita per gestire tutto comodamente e in poco tempo<\/li>\n<li><strong>Monitoraggio del tempo<\/strong>: crea orari di lavoro, monitora il tempo e migliora la comunicazione<\/li>\n<li><strong>Tracciamento delle assenze<\/strong>: modifica l&#8217;orario, aggiorna i fogli presenze e comunica con il personale<\/li>\n<li><strong>Pianificazione dei turni<\/strong>: condividi gli orari da qualsiasi luogo. Notifica le modifiche al tuo team tramite email, SMS e notifiche push<\/li>\n<li><strong>Cambio turni<\/strong>: consenti al tuo team di cambiare i turni<\/li>\n<li><strong>Comunicazione di gruppo<\/strong>: invia annunci al tuo team nella piattaforma centralizzata<\/li>\n<li><strong>Monitoraggio dei candidati<\/strong>: migliora le assunzioni con funzionalit\u00e0 basate sull&#8217;intelligenza artificiale<\/li>\n<li><strong>Orologio presenze GPS<\/strong>: particolarmente utile per le aziende che lavorano sul campo o per le aziende con pi\u00f9 sedi.<\/li>\n<\/ul>\n<h4>LE RECENSIONI DEGLI UTENTI<\/h4>\n<p><strong>Selin &#8220;Facile da usare ed efficiente!&#8221;<\/strong><br \/>\n<strong>Commenti<\/strong>: la nostra organizzazione ha dai 50 ai 25 dipendenti contemporaneamente, a seconda del periodo dell&#8217;anno, quindi \u00e8 molto impegnativo da gestire. Zoomshift consente di categorizzare la pianificazione e ricorda ai dipendenti i loro orari sia al momento dell&#8217;assunzione che 30 minuti prima del turno, in modo che non ci siano scuse! Lo adoro!<br \/>\n<strong>Pro<\/strong>: Zoomshift mi consente di organizzare il programma di lavoro dei miei team in modo pulito, efficiente e intuitivo.<br \/>\n<strong>Contro<\/strong>: onestamente non ho nulla di negativo da dire su questo software.<\/p>\n<p><strong>Chelsea Sloan &#8220;Il miglior software completo per la pianificazione della vendita al dettaglio&#8221;<\/strong><br \/>\n<strong>Commenti<\/strong>: Collaboriamo con loro da diversi anni e continuano a svilupparsi e migliorare. \u00c8 un&#8217;azienda che investe nella tecnologia e che ha a cuore l&#8217;esperienza del cliente.<br \/>\n<strong>Pro<\/strong>: \u00e8 eccezionale per i negozi al dettaglio. La nostra rete di negozi \u00e8 in grado di creare rapidamente e in modo impeccabile calendari di lavoro facili da leggere, facili da gestire e facili da adattare alle variazioni delle tendenze di vendita.<br \/>\n<strong>Contro<\/strong>: Mi piacerebbe integrarlo con ADP o Paychex per semplificare un po&#8217; la gestione delle paghe. Il file di esportazione funziona benissimo.<\/p>\n<p><strong>Stacy &#8220;Semplicit\u00e0&#8221;<\/strong><br \/>\n<strong>Pro<\/strong>: semplice, diretto. Veloce e facile da navigare<br \/>\n<strong>Contro<\/strong>: solo alcune piccole cose. Non \u00e8 possibile aggiungere pi\u00f9 lavoratori a un turno. Bisogna ricreare l&#8217;attivit\u00e0 e rilasciarla separatamente.<\/p>\n","protected":false},"excerpt":{"rendered":"<p>ZoomShift \u00e8 un software di pianificazione del personale per creare online i tuoi programmi di lavoro. Tieni conto delle richieste di ferie, della disponibilit\u00e0, degli straordinari e dei conflitti di turno dei dipendenti durante la creazione del calendario di lavoro. Pubblica i tuoi programmi e invia notifiche via email, sms e push a tutti i tuoi dipendenti.<\/p>\n","protected":false},"author":19,"featured_media":95474,"parent":87246,"menu_order":0,"comment_status":"open","ping_status":"closed","template":"g1_template_page_review_new.php","meta":{"_acf_changed":false,"cwp_meta_box_check":"No","cwp_rev_product_name":"","cwp_rev_product_image":"","wppr_links":[],"cwp_rev_price":"","wppr_options":[],"wppr_pros":[],"wppr_cons":[],"_monsterinsights_skip_tracking":false,"_monsterinsights_sitenote_active":false,"_monsterinsights_sitenote_note":"","_monsterinsights_sitenote_category":0,"footnotes":""},"categories":[16111],"tags":[16161,16146,16121,16120,16144,16123,16420],"features":[],"class_list":{"0":"post-95472","1":"page","2":"type-page","3":"status-publish","4":"has-post-thumbnail","6":"category-programmi-per-turni-di-lavoro","7":"tag-app-turni-di-lavoro","8":"tag-piattaforma-turni-di-lavoro","9":"tag-programma-turni-di-lavoro","10":"tag-software-turni-di-lavoro","11":"tag-soluzione-turni-di-lavoro","12":"tag-turni-di-lavoro","13":"tag-zoomshift"},"wppr_data":{"cwp_meta_box_check":"No"},"acf":[],"yoast_head":"<!-- This site is optimized with the Yoast SEO plugin v27.4 - https:\/\/yoast.com\/product\/yoast-seo-wordpress\/ -->\n<title>ZoomShift: recensione software turni di lavoro - Accurate Reviews<\/title>\n<meta name=\"description\" content=\"ZoomShift: recensione software di pianificazione del personale per creare online i tuoi programmi di lavoro in un unico posto.\" \/>\n<meta name=\"robots\" content=\"index, follow, max-snippet:-1, max-image-preview:large, max-video-preview:-1\" \/>\n<link rel=\"canonical\" href=\"https:\/\/www.accuratereviews.com\/it\/programmi-gestione-turni-lavoro\/zoomshift-recensione\/\" \/>\n<meta property=\"og:locale\" content=\"it_IT\" \/>\n<meta property=\"og:type\" content=\"article\" \/>\n<meta property=\"og:title\" content=\"ZoomShift: recensione software turni di lavoro - Accurate Reviews\" \/>\n<meta property=\"og:description\" content=\"ZoomShift: recensione software di pianificazione del personale per creare online i tuoi programmi di lavoro in un unico posto.\" \/>\n<meta property=\"og:url\" content=\"https:\/\/www.accuratereviews.com\/it\/programmi-gestione-turni-lavoro\/zoomshift-recensione\/\" \/>\n<meta property=\"og:site_name\" content=\"Accurate Reviews\" \/>\n<meta property=\"article:modified_time\" content=\"2025-08-06T15:00:16+00:00\" \/>\n<meta property=\"og:image\" content=\"https:\/\/www.accuratereviews.com\/wp-content\/uploads\/2025\/07\/ZoomShift.jpg\" \/>\n\t<meta property=\"og:image:width\" content=\"810\" \/>\n\t<meta property=\"og:image:height\" content=\"456\" \/>\n\t<meta property=\"og:image:type\" content=\"image\/jpeg\" \/>\n<meta name=\"twitter:card\" content=\"summary_large_image\" \/>\n<meta name=\"twitter:label1\" content=\"Tempo di lettura stimato\" \/>\n\t<meta name=\"twitter:data1\" content=\"4 minuti\" \/>\n<script type=\"application\/ld+json\" class=\"yoast-schema-graph\">{\"@context\":\"https:\\\/\\\/schema.org\",\"@graph\":[{\"@type\":\"WebPage\",\"@id\":\"https:\\\/\\\/www.accuratereviews.com\\\/it\\\/programmi-gestione-turni-lavoro\\\/zoomshift-recensione\\\/\",\"url\":\"https:\\\/\\\/www.accuratereviews.com\\\/it\\\/programmi-gestione-turni-lavoro\\\/zoomshift-recensione\\\/\",\"name\":\"ZoomShift: recensione software turni di lavoro - Accurate Reviews\",\"isPartOf\":{\"@id\":\"https:\\\/\\\/www.accuratereviews.com\\\/it\\\/#website\"},\"primaryImageOfPage\":{\"@id\":\"https:\\\/\\\/www.accuratereviews.com\\\/it\\\/programmi-gestione-turni-lavoro\\\/zoomshift-recensione\\\/#primaryimage\"},\"image\":{\"@id\":\"https:\\\/\\\/www.accuratereviews.com\\\/it\\\/programmi-gestione-turni-lavoro\\\/zoomshift-recensione\\\/#primaryimage\"},\"thumbnailUrl\":\"https:\\\/\\\/www.accuratereviews.com\\\/wp-content\\\/uploads\\\/2025\\\/07\\\/ZoomShift.jpg\",\"datePublished\":\"2025-07-31T13:38:08+00:00\",\"dateModified\":\"2025-08-06T15:00:16+00:00\",\"description\":\"ZoomShift: recensione software di pianificazione del personale per creare online i tuoi programmi di lavoro in un unico posto.\",\"breadcrumb\":{\"@id\":\"https:\\\/\\\/www.accuratereviews.com\\\/it\\\/programmi-gestione-turni-lavoro\\\/zoomshift-recensione\\\/#breadcrumb\"},\"inLanguage\":\"it-IT\",\"potentialAction\":[{\"@type\":\"ReadAction\",\"target\":[\"https:\\\/\\\/www.accuratereviews.com\\\/it\\\/programmi-gestione-turni-lavoro\\\/zoomshift-recensione\\\/\"]}]},{\"@type\":\"ImageObject\",\"inLanguage\":\"it-IT\",\"@id\":\"https:\\\/\\\/www.accuratereviews.com\\\/it\\\/programmi-gestione-turni-lavoro\\\/zoomshift-recensione\\\/#primaryimage\",\"url\":\"https:\\\/\\\/www.accuratereviews.com\\\/wp-content\\\/uploads\\\/2025\\\/07\\\/ZoomShift.jpg\",\"contentUrl\":\"https:\\\/\\\/www.accuratereviews.com\\\/wp-content\\\/uploads\\\/2025\\\/07\\\/ZoomShift.jpg\",\"width\":810,\"height\":456},{\"@type\":\"BreadcrumbList\",\"@id\":\"https:\\\/\\\/www.accuratereviews.com\\\/it\\\/programmi-gestione-turni-lavoro\\\/zoomshift-recensione\\\/#breadcrumb\",\"itemListElement\":[{\"@type\":\"ListItem\",\"position\":1,\"name\":\"Home\",\"item\":\"https:\\\/\\\/www.accuratereviews.com\\\/it\\\/\"},{\"@type\":\"ListItem\",\"position\":2,\"name\":\"Programmi per turni di lavoro\",\"item\":\"https:\\\/\\\/www.accuratereviews.com\\\/it\\\/programmi-gestione-turni-lavoro\\\/\"},{\"@type\":\"ListItem\",\"position\":3,\"name\":\"ZoomShift\"}]},{\"@type\":\"WebSite\",\"@id\":\"https:\\\/\\\/www.accuratereviews.com\\\/it\\\/#website\",\"url\":\"https:\\\/\\\/www.accuratereviews.com\\\/it\\\/\",\"name\":\"Accurate Reviews\",\"description\":\"\",\"potentialAction\":[{\"@type\":\"SearchAction\",\"target\":{\"@type\":\"EntryPoint\",\"urlTemplate\":\"https:\\\/\\\/www.accuratereviews.com\\\/it\\\/?s={search_term_string}\"},\"query-input\":{\"@type\":\"PropertyValueSpecification\",\"valueRequired\":true,\"valueName\":\"search_term_string\"}}],\"inLanguage\":\"it-IT\"}]}<\/script>\n<!-- \/ Yoast SEO plugin. -->","yoast_head_json":{"title":"ZoomShift: recensione software turni di lavoro - Accurate Reviews","description":"ZoomShift: recensione software di pianificazione del personale per creare online i tuoi programmi di lavoro in un unico posto.","robots":{"index":"index","follow":"follow","max-snippet":"max-snippet:-1","max-image-preview":"max-image-preview:large","max-video-preview":"max-video-preview:-1"},"canonical":"https:\/\/www.accuratereviews.com\/it\/programmi-gestione-turni-lavoro\/zoomshift-recensione\/","og_locale":"it_IT","og_type":"article","og_title":"ZoomShift: recensione software turni di lavoro - Accurate Reviews","og_description":"ZoomShift: recensione software di pianificazione del personale per creare online i tuoi programmi di lavoro in un unico posto.","og_url":"https:\/\/www.accuratereviews.com\/it\/programmi-gestione-turni-lavoro\/zoomshift-recensione\/","og_site_name":"Accurate Reviews","article_modified_time":"2025-08-06T15:00:16+00:00","og_image":[{"width":810,"height":456,"url":"https:\/\/www.accuratereviews.com\/wp-content\/uploads\/2025\/07\/ZoomShift.jpg","type":"image\/jpeg"}],"twitter_card":"summary_large_image","twitter_misc":{"Tempo di lettura stimato":"4 minuti"},"schema":{"@context":"https:\/\/schema.org","@graph":[{"@type":"WebPage","@id":"https:\/\/www.accuratereviews.com\/it\/programmi-gestione-turni-lavoro\/zoomshift-recensione\/","url":"https:\/\/www.accuratereviews.com\/it\/programmi-gestione-turni-lavoro\/zoomshift-recensione\/","name":"ZoomShift: recensione software turni di lavoro - Accurate Reviews","isPartOf":{"@id":"https:\/\/www.accuratereviews.com\/it\/#website"},"primaryImageOfPage":{"@id":"https:\/\/www.accuratereviews.com\/it\/programmi-gestione-turni-lavoro\/zoomshift-recensione\/#primaryimage"},"image":{"@id":"https:\/\/www.accuratereviews.com\/it\/programmi-gestione-turni-lavoro\/zoomshift-recensione\/#primaryimage"},"thumbnailUrl":"https:\/\/www.accuratereviews.com\/wp-content\/uploads\/2025\/07\/ZoomShift.jpg","datePublished":"2025-07-31T13:38:08+00:00","dateModified":"2025-08-06T15:00:16+00:00","description":"ZoomShift: recensione software di pianificazione del personale per creare online i tuoi programmi di lavoro in un unico posto.","breadcrumb":{"@id":"https:\/\/www.accuratereviews.com\/it\/programmi-gestione-turni-lavoro\/zoomshift-recensione\/#breadcrumb"},"inLanguage":"it-IT","potentialAction":[{"@type":"ReadAction","target":["https:\/\/www.accuratereviews.com\/it\/programmi-gestione-turni-lavoro\/zoomshift-recensione\/"]}]},{"@type":"ImageObject","inLanguage":"it-IT","@id":"https:\/\/www.accuratereviews.com\/it\/programmi-gestione-turni-lavoro\/zoomshift-recensione\/#primaryimage","url":"https:\/\/www.accuratereviews.com\/wp-content\/uploads\/2025\/07\/ZoomShift.jpg","contentUrl":"https:\/\/www.accuratereviews.com\/wp-content\/uploads\/2025\/07\/ZoomShift.jpg","width":810,"height":456},{"@type":"BreadcrumbList","@id":"https:\/\/www.accuratereviews.com\/it\/programmi-gestione-turni-lavoro\/zoomshift-recensione\/#breadcrumb","itemListElement":[{"@type":"ListItem","position":1,"name":"Home","item":"https:\/\/www.accuratereviews.com\/it\/"},{"@type":"ListItem","position":2,"name":"Programmi per turni di lavoro","item":"https:\/\/www.accuratereviews.com\/it\/programmi-gestione-turni-lavoro\/"},{"@type":"ListItem","position":3,"name":"ZoomShift"}]},{"@type":"WebSite","@id":"https:\/\/www.accuratereviews.com\/it\/#website","url":"https:\/\/www.accuratereviews.com\/it\/","name":"Accurate Reviews","description":"","potentialAction":[{"@type":"SearchAction","target":{"@type":"EntryPoint","urlTemplate":"https:\/\/www.accuratereviews.com\/it\/?s={search_term_string}"},"query-input":{"@type":"PropertyValueSpecification","valueRequired":true,"valueName":"search_term_string"}}],"inLanguage":"it-IT"}]}},"_links":{"self":[{"href":"https:\/\/www.accuratereviews.com\/it\/wp-json\/wp\/v2\/pages\/95472","targetHints":{"allow":["GET"]}}],"collection":[{"href":"https:\/\/www.accuratereviews.com\/it\/wp-json\/wp\/v2\/pages"}],"about":[{"href":"https:\/\/www.accuratereviews.com\/it\/wp-json\/wp\/v2\/types\/page"}],"author":[{"embeddable":true,"href":"https:\/\/www.accuratereviews.com\/it\/wp-json\/wp\/v2\/users\/19"}],"replies":[{"embeddable":true,"href":"https:\/\/www.accuratereviews.com\/it\/wp-json\/wp\/v2\/comments?post=95472"}],"version-history":[{"count":9,"href":"https:\/\/www.accuratereviews.com\/it\/wp-json\/wp\/v2\/pages\/95472\/revisions"}],"predecessor-version":[{"id":96550,"href":"https:\/\/www.accuratereviews.com\/it\/wp-json\/wp\/v2\/pages\/95472\/revisions\/96550"}],"up":[{"embeddable":true,"href":"https:\/\/www.accuratereviews.com\/it\/wp-json\/wp\/v2\/pages\/87246"}],"wp:featuredmedia":[{"embeddable":true,"href":"https:\/\/www.accuratereviews.com\/it\/wp-json\/wp\/v2\/media\/95474"}],"wp:attachment":[{"href":"https:\/\/www.accuratereviews.com\/it\/wp-json\/wp\/v2\/media?parent=95472"}],"wp:term":[{"taxonomy":"category","embeddable":true,"href":"https:\/\/www.accuratereviews.com\/it\/wp-json\/wp\/v2\/categories?post=95472"},{"taxonomy":"post_tag","embeddable":true,"href":"https:\/\/www.accuratereviews.com\/it\/wp-json\/wp\/v2\/tags?post=95472"},{"taxonomy":"features","embeddable":true,"href":"https:\/\/www.accuratereviews.com\/it\/wp-json\/wp\/v2\/features?post=95472"}],"curies":[{"name":"wp","href":"https:\/\/api.w.org\/{rel}","templated":true}]}}