{"id":95524,"date":"2025-08-01T15:20:01","date_gmt":"2025-08-01T15:20:01","guid":{"rendered":"https:\/\/www.accuratereviews.com\/?page_id=95524"},"modified":"2025-08-01T15:20:01","modified_gmt":"2025-08-01T15:20:01","slug":"att-cybersecurity-recensione","status":"publish","type":"page","link":"https:\/\/www.accuratereviews.com\/it\/software-sicurezza-informatica\/att-cybersecurity-recensione\/","title":{"rendered":"AT&#038;T Cybersecurity"},"content":{"rendered":"<p><strong>AT&amp;T Cybersecurity<\/strong> \u00e8 una piattaforma avanzata di <strong>gestione della sicurezza informatica<\/strong> progettata per fornire visibilit\u00e0, rilevamento e risposta alle minacce informatiche in tempo reale. La soluzione integra funzionalit\u00e0 SIEM, gestione delle vulnerabilit\u00e0, monitoraggio delle risorse cloud e analisi comportamentale per aiutare le aziende a identificare e contrastare rapidamente incidenti di sicurezza.<br \/>\nGrazie alla sua piattaforma Unified Security Management (USM), <strong>AT&amp;T<\/strong> consente una protezione continua attraverso una combinazione di threat intelligence, automazione e orchestrazione. \u00c8 particolarmente indicata per aziende di medie e grandi dimensioni che desiderano centralizzare la propria strategia di sicurezza informatica con un\u2019unica soluzione scalabile e flessibile.<\/p>\n<h2>AT&amp;T CYBERSECURITY &#8211; TUTORIAL<\/h2>\n<div id=\"fluid-wrapper-counter-1\" class=\"g1-fluid-wrapper \" style=\"width:686px;\">\n<div style=\"padding-bottom:56.268221574344%;\"><iframe loading=\"lazy\" title=\"AT&amp;T Cybersecurity   Making It Safer for Your Business to Innovate\" width=\"686\" height=\"386\" src=\"https:\/\/www.youtube.com\/embed\/ZO_gwAiB3vI?feature=oembed&amp;wmode=transparent&amp;autohide=1&amp;autoplay=0&amp;disablekb=0&amp;fs=1&amp;loop=0&amp;enablejsapi=1&amp;rel=0&amp;controls=2&amp;showinfo=0&amp;wmode=transparent&amp;autohide=2&amp;autoplay=0&amp;disablekb=0&amp;fs=1&amp;loop=0&amp;enablejsapi=1&amp;rel=0&amp;controls=2&amp;showinfo=1\" frameborder=\"0\" allow=\"accelerometer; autoplay; clipboard-write; encrypted-media; gyroscope; picture-in-picture; web-share\" referrerpolicy=\"strict-origin-when-cross-origin\" allowfullscreen><\/iframe><\/div>\n<\/div>\n<h3>AT&amp;T CYBERSECURITY &#8211; CARATTERISTICHE<\/h3>\n<ul>\n<li data-start=\"933\" data-end=\"1071\"><strong data-start=\"933\" data-end=\"971\">Unified Security Management (USM):<\/strong> piattaforma centralizzata con funzionalit\u00e0 SIEM, gestione vulnerabilit\u00e0, monitoraggio cloud e altro<\/li>\n<li data-start=\"1074\" data-end=\"1203\"><strong data-start=\"1074\" data-end=\"1119\">Rilevamento delle minacce in tempo reale:<\/strong> correlazione di eventi e analisi comportamentale per identificare attivit\u00e0 sospette<\/li>\n<li data-start=\"1206\" data-end=\"1323\"><strong data-start=\"1206\" data-end=\"1239\">Gestione della vulnerabilit\u00e0:<\/strong> scansioni automatiche per rilevare punti deboli in reti, dispositivi e applicazioni<\/li>\n<li data-start=\"1326\" data-end=\"1433\"><strong data-start=\"1326\" data-end=\"1360\">Threat intelligence integrata:<\/strong> intelligence continuamente aggiornata per identificare minacce emergenti<\/li>\n<li data-start=\"1436\" data-end=\"1512\"><strong data-start=\"1436\" data-end=\"1468\">Monitoraggio ambienti cloud:<\/strong> compatibilit\u00e0 con AWS, Azure e Google Cloud<\/li>\n<li data-start=\"1515\" data-end=\"1613\"><strong data-start=\"1515\" data-end=\"1557\">Automazione e risposta agli incidenti:<\/strong> playbook predefiniti per una risposta rapida e coerente<\/li>\n<li data-start=\"1616\" data-end=\"1707\"><strong data-start=\"1616\" data-end=\"1641\">Compliance reporting:<\/strong> strumenti per la conformit\u00e0 a normative come PCI DSS, HIPAA, GDPR<\/li>\n<li data-start=\"1710\" data-end=\"1811\"><strong data-start=\"1710\" data-end=\"1738\">Cruscotto centralizzato:<\/strong> interfaccia unificata per una visione completa degli eventi di sicurezza.<\/li>\n<\/ul>\n","protected":false},"excerpt":{"rendered":"<p>AT&#038;T Cybersecurity \u00e8 una piattaforma avanzata di gestione della sicurezza informatica progettata per fornire visibilit\u00e0, rilevamento e risposta alle minacce informatiche in tempo reale. La soluzione integra funzionalit\u00e0 SIEM, gestione delle vulnerabilit\u00e0, monitoraggio delle risorse cloud e analisi comportamentale per aiutare le aziende a identificare e contrastare rapidamente incidenti di sicurezza.<\/p>\n","protected":false},"author":17,"featured_media":95586,"parent":92572,"menu_order":0,"comment_status":"open","ping_status":"closed","template":"g1_template_page_review_new.php","meta":{"_acf_changed":false,"cwp_meta_box_check":"No","cwp_rev_product_name":"","cwp_rev_product_image":"","wppr_links":[],"cwp_rev_price":"","wppr_options":[],"wppr_pros":[],"wppr_cons":[],"_monsterinsights_skip_tracking":false,"_monsterinsights_sitenote_active":false,"_monsterinsights_sitenote_note":"","_monsterinsights_sitenote_category":0,"footnotes":""},"categories":[16306],"tags":[16312,16311,16310,16309,16399],"features":[],"class_list":{"0":"post-95524","1":"page","2":"type-page","3":"status-publish","4":"has-post-thumbnail","6":"category-software-sicurezza-informatica-cat","7":"tag-piattaforma-sicurezza-informatica","8":"tag-programma-sicurezza-informatica","9":"tag-sicurezza-informatica","10":"tag-software-sicurezza-informatica","11":"tag-soluzione-sicurezza-informatica"},"wppr_data":{"cwp_meta_box_check":"No"},"acf":[],"yoast_head":"<!-- This site is optimized with the Yoast SEO plugin v27.4 - https:\/\/yoast.com\/product\/yoast-seo-wordpress\/ -->\n<title>AT&amp;T Cybersecurity: recensione software sicurezza informatica - Accurate Reviews<\/title>\n<meta name=\"description\" content=\"AT&amp;T Cybersecurity: recensione della piattaforma avanzata di gestione della sicurezza informatica. Scopri di pi\u00f9 a riguardo.\" \/>\n<meta name=\"robots\" content=\"index, follow, max-snippet:-1, max-image-preview:large, max-video-preview:-1\" \/>\n<link rel=\"canonical\" href=\"https:\/\/www.accuratereviews.com\/it\/software-sicurezza-informatica\/att-cybersecurity-recensione\/\" \/>\n<meta property=\"og:locale\" content=\"it_IT\" \/>\n<meta property=\"og:type\" content=\"article\" \/>\n<meta property=\"og:title\" content=\"AT&amp;T Cybersecurity: recensione software sicurezza informatica - Accurate Reviews\" \/>\n<meta property=\"og:description\" content=\"AT&amp;T Cybersecurity: recensione della piattaforma avanzata di gestione della sicurezza informatica. Scopri di pi\u00f9 a riguardo.\" \/>\n<meta property=\"og:url\" content=\"https:\/\/www.accuratereviews.com\/it\/software-sicurezza-informatica\/att-cybersecurity-recensione\/\" \/>\n<meta property=\"og:site_name\" content=\"Accurate Reviews\" \/>\n<meta property=\"og:image\" content=\"https:\/\/www.accuratereviews.com\/wp-content\/uploads\/2025\/08\/images-1-1.png\" \/>\n\t<meta property=\"og:image:width\" content=\"577\" \/>\n\t<meta property=\"og:image:height\" content=\"303\" \/>\n\t<meta property=\"og:image:type\" content=\"image\/png\" \/>\n<meta name=\"twitter:card\" content=\"summary_large_image\" \/>\n<meta name=\"twitter:label1\" content=\"Tempo di lettura stimato\" \/>\n\t<meta name=\"twitter:data1\" content=\"3 minuti\" \/>\n<script type=\"application\/ld+json\" class=\"yoast-schema-graph\">{\"@context\":\"https:\\\/\\\/schema.org\",\"@graph\":[{\"@type\":\"WebPage\",\"@id\":\"https:\\\/\\\/www.accuratereviews.com\\\/it\\\/software-sicurezza-informatica\\\/att-cybersecurity-recensione\\\/\",\"url\":\"https:\\\/\\\/www.accuratereviews.com\\\/it\\\/software-sicurezza-informatica\\\/att-cybersecurity-recensione\\\/\",\"name\":\"AT&T Cybersecurity: recensione software sicurezza informatica - Accurate Reviews\",\"isPartOf\":{\"@id\":\"https:\\\/\\\/www.accuratereviews.com\\\/it\\\/#website\"},\"primaryImageOfPage\":{\"@id\":\"https:\\\/\\\/www.accuratereviews.com\\\/it\\\/software-sicurezza-informatica\\\/att-cybersecurity-recensione\\\/#primaryimage\"},\"image\":{\"@id\":\"https:\\\/\\\/www.accuratereviews.com\\\/it\\\/software-sicurezza-informatica\\\/att-cybersecurity-recensione\\\/#primaryimage\"},\"thumbnailUrl\":\"https:\\\/\\\/www.accuratereviews.com\\\/wp-content\\\/uploads\\\/2025\\\/08\\\/images-1-1.png\",\"datePublished\":\"2025-08-01T15:20:01+00:00\",\"description\":\"AT&T Cybersecurity: recensione della piattaforma avanzata di gestione della sicurezza informatica. Scopri di pi\u00f9 a riguardo.\",\"breadcrumb\":{\"@id\":\"https:\\\/\\\/www.accuratereviews.com\\\/it\\\/software-sicurezza-informatica\\\/att-cybersecurity-recensione\\\/#breadcrumb\"},\"inLanguage\":\"it-IT\",\"potentialAction\":[{\"@type\":\"ReadAction\",\"target\":[\"https:\\\/\\\/www.accuratereviews.com\\\/it\\\/software-sicurezza-informatica\\\/att-cybersecurity-recensione\\\/\"]}]},{\"@type\":\"ImageObject\",\"inLanguage\":\"it-IT\",\"@id\":\"https:\\\/\\\/www.accuratereviews.com\\\/it\\\/software-sicurezza-informatica\\\/att-cybersecurity-recensione\\\/#primaryimage\",\"url\":\"https:\\\/\\\/www.accuratereviews.com\\\/wp-content\\\/uploads\\\/2025\\\/08\\\/images-1-1.png\",\"contentUrl\":\"https:\\\/\\\/www.accuratereviews.com\\\/wp-content\\\/uploads\\\/2025\\\/08\\\/images-1-1.png\",\"width\":577,\"height\":303},{\"@type\":\"BreadcrumbList\",\"@id\":\"https:\\\/\\\/www.accuratereviews.com\\\/it\\\/software-sicurezza-informatica\\\/att-cybersecurity-recensione\\\/#breadcrumb\",\"itemListElement\":[{\"@type\":\"ListItem\",\"position\":1,\"name\":\"Home\",\"item\":\"https:\\\/\\\/www.accuratereviews.com\\\/it\\\/\"},{\"@type\":\"ListItem\",\"position\":2,\"name\":\"Software per la sicurezza informatica\",\"item\":\"https:\\\/\\\/www.accuratereviews.com\\\/it\\\/software-sicurezza-informatica\\\/\"},{\"@type\":\"ListItem\",\"position\":3,\"name\":\"AT&#038;T Cybersecurity\"}]},{\"@type\":\"WebSite\",\"@id\":\"https:\\\/\\\/www.accuratereviews.com\\\/it\\\/#website\",\"url\":\"https:\\\/\\\/www.accuratereviews.com\\\/it\\\/\",\"name\":\"Accurate Reviews\",\"description\":\"\",\"potentialAction\":[{\"@type\":\"SearchAction\",\"target\":{\"@type\":\"EntryPoint\",\"urlTemplate\":\"https:\\\/\\\/www.accuratereviews.com\\\/it\\\/?s={search_term_string}\"},\"query-input\":{\"@type\":\"PropertyValueSpecification\",\"valueRequired\":true,\"valueName\":\"search_term_string\"}}],\"inLanguage\":\"it-IT\"}]}<\/script>\n<!-- \/ Yoast SEO plugin. -->","yoast_head_json":{"title":"AT&T Cybersecurity: recensione software sicurezza informatica - Accurate Reviews","description":"AT&T Cybersecurity: recensione della piattaforma avanzata di gestione della sicurezza informatica. Scopri di pi\u00f9 a riguardo.","robots":{"index":"index","follow":"follow","max-snippet":"max-snippet:-1","max-image-preview":"max-image-preview:large","max-video-preview":"max-video-preview:-1"},"canonical":"https:\/\/www.accuratereviews.com\/it\/software-sicurezza-informatica\/att-cybersecurity-recensione\/","og_locale":"it_IT","og_type":"article","og_title":"AT&T Cybersecurity: recensione software sicurezza informatica - Accurate Reviews","og_description":"AT&T Cybersecurity: recensione della piattaforma avanzata di gestione della sicurezza informatica. Scopri di pi\u00f9 a riguardo.","og_url":"https:\/\/www.accuratereviews.com\/it\/software-sicurezza-informatica\/att-cybersecurity-recensione\/","og_site_name":"Accurate Reviews","og_image":[{"width":577,"height":303,"url":"https:\/\/www.accuratereviews.com\/wp-content\/uploads\/2025\/08\/images-1-1.png","type":"image\/png"}],"twitter_card":"summary_large_image","twitter_misc":{"Tempo di lettura stimato":"3 minuti"},"schema":{"@context":"https:\/\/schema.org","@graph":[{"@type":"WebPage","@id":"https:\/\/www.accuratereviews.com\/it\/software-sicurezza-informatica\/att-cybersecurity-recensione\/","url":"https:\/\/www.accuratereviews.com\/it\/software-sicurezza-informatica\/att-cybersecurity-recensione\/","name":"AT&T Cybersecurity: recensione software sicurezza informatica - Accurate Reviews","isPartOf":{"@id":"https:\/\/www.accuratereviews.com\/it\/#website"},"primaryImageOfPage":{"@id":"https:\/\/www.accuratereviews.com\/it\/software-sicurezza-informatica\/att-cybersecurity-recensione\/#primaryimage"},"image":{"@id":"https:\/\/www.accuratereviews.com\/it\/software-sicurezza-informatica\/att-cybersecurity-recensione\/#primaryimage"},"thumbnailUrl":"https:\/\/www.accuratereviews.com\/wp-content\/uploads\/2025\/08\/images-1-1.png","datePublished":"2025-08-01T15:20:01+00:00","description":"AT&T Cybersecurity: recensione della piattaforma avanzata di gestione della sicurezza informatica. Scopri di pi\u00f9 a riguardo.","breadcrumb":{"@id":"https:\/\/www.accuratereviews.com\/it\/software-sicurezza-informatica\/att-cybersecurity-recensione\/#breadcrumb"},"inLanguage":"it-IT","potentialAction":[{"@type":"ReadAction","target":["https:\/\/www.accuratereviews.com\/it\/software-sicurezza-informatica\/att-cybersecurity-recensione\/"]}]},{"@type":"ImageObject","inLanguage":"it-IT","@id":"https:\/\/www.accuratereviews.com\/it\/software-sicurezza-informatica\/att-cybersecurity-recensione\/#primaryimage","url":"https:\/\/www.accuratereviews.com\/wp-content\/uploads\/2025\/08\/images-1-1.png","contentUrl":"https:\/\/www.accuratereviews.com\/wp-content\/uploads\/2025\/08\/images-1-1.png","width":577,"height":303},{"@type":"BreadcrumbList","@id":"https:\/\/www.accuratereviews.com\/it\/software-sicurezza-informatica\/att-cybersecurity-recensione\/#breadcrumb","itemListElement":[{"@type":"ListItem","position":1,"name":"Home","item":"https:\/\/www.accuratereviews.com\/it\/"},{"@type":"ListItem","position":2,"name":"Software per la sicurezza informatica","item":"https:\/\/www.accuratereviews.com\/it\/software-sicurezza-informatica\/"},{"@type":"ListItem","position":3,"name":"AT&#038;T Cybersecurity"}]},{"@type":"WebSite","@id":"https:\/\/www.accuratereviews.com\/it\/#website","url":"https:\/\/www.accuratereviews.com\/it\/","name":"Accurate Reviews","description":"","potentialAction":[{"@type":"SearchAction","target":{"@type":"EntryPoint","urlTemplate":"https:\/\/www.accuratereviews.com\/it\/?s={search_term_string}"},"query-input":{"@type":"PropertyValueSpecification","valueRequired":true,"valueName":"search_term_string"}}],"inLanguage":"it-IT"}]}},"_links":{"self":[{"href":"https:\/\/www.accuratereviews.com\/it\/wp-json\/wp\/v2\/pages\/95524","targetHints":{"allow":["GET"]}}],"collection":[{"href":"https:\/\/www.accuratereviews.com\/it\/wp-json\/wp\/v2\/pages"}],"about":[{"href":"https:\/\/www.accuratereviews.com\/it\/wp-json\/wp\/v2\/types\/page"}],"author":[{"embeddable":true,"href":"https:\/\/www.accuratereviews.com\/it\/wp-json\/wp\/v2\/users\/17"}],"replies":[{"embeddable":true,"href":"https:\/\/www.accuratereviews.com\/it\/wp-json\/wp\/v2\/comments?post=95524"}],"version-history":[{"count":1,"href":"https:\/\/www.accuratereviews.com\/it\/wp-json\/wp\/v2\/pages\/95524\/revisions"}],"predecessor-version":[{"id":95596,"href":"https:\/\/www.accuratereviews.com\/it\/wp-json\/wp\/v2\/pages\/95524\/revisions\/95596"}],"up":[{"embeddable":true,"href":"https:\/\/www.accuratereviews.com\/it\/wp-json\/wp\/v2\/pages\/92572"}],"wp:featuredmedia":[{"embeddable":true,"href":"https:\/\/www.accuratereviews.com\/it\/wp-json\/wp\/v2\/media\/95586"}],"wp:attachment":[{"href":"https:\/\/www.accuratereviews.com\/it\/wp-json\/wp\/v2\/media?parent=95524"}],"wp:term":[{"taxonomy":"category","embeddable":true,"href":"https:\/\/www.accuratereviews.com\/it\/wp-json\/wp\/v2\/categories?post=95524"},{"taxonomy":"post_tag","embeddable":true,"href":"https:\/\/www.accuratereviews.com\/it\/wp-json\/wp\/v2\/tags?post=95524"},{"taxonomy":"features","embeddable":true,"href":"https:\/\/www.accuratereviews.com\/it\/wp-json\/wp\/v2\/features?post=95524"}],"curies":[{"name":"wp","href":"https:\/\/api.w.org\/{rel}","templated":true}]}}