{"id":9568,"date":"2017-05-17T13:19:24","date_gmt":"2017-05-17T13:19:24","guid":{"rendered":"http:\/\/www.accuratereviews.com\/microsoft-to-do\/"},"modified":"2017-05-18T13:45:44","modified_gmt":"2017-05-18T13:45:44","slug":"microsoft-to-do","status":"publish","type":"page","link":"https:\/\/www.accuratereviews.com\/it\/i-migliori-software-di-project-management-lista\/microsoft-to-do\/","title":{"rendered":"Microsoft To-Do"},"content":{"rendered":"<p><img loading=\"lazy\" decoding=\"async\" src=\"http:\/\/www.accuratereviews.com\/wp-content\/uploads\/2017\/05\/Microsoft-To-Do-2.png\" alt=\"Microsoft To-Do\" width=\"592\" height=\"356\" class=\"alignnone size-full wp-image-9524\" srcset=\"https:\/\/www.accuratereviews.com\/wp-content\/uploads\/2017\/05\/Microsoft-To-Do-2.png 592w, https:\/\/www.accuratereviews.com\/wp-content\/uploads\/2017\/05\/Microsoft-To-Do-2-300x180.png 300w, https:\/\/www.accuratereviews.com\/wp-content\/uploads\/2017\/05\/Microsoft-To-Do-2-208x125.png 208w, https:\/\/www.accuratereviews.com\/wp-content\/uploads\/2017\/05\/Microsoft-To-Do-2-50x30.png 50w, https:\/\/www.accuratereviews.com\/wp-content\/uploads\/2017\/05\/Microsoft-To-Do-2-320x192.png 320w, https:\/\/www.accuratereviews.com\/wp-content\/uploads\/2017\/05\/Microsoft-To-Do-2-239x144.png 239w\" sizes=\"auto, (max-width: 592px) 100vw, 592px\" \/><\/p>\n<p>Al giorno d&#8217;oggi ci vuole coraggio per immettere sul mercato l&#8217;ennesimo software to-do list in un settore gi\u00e0 abbastanza caotico. Microsoft non ha certo paura di confondersi con la massa. <a href=\"https:\/\/www.accuratereviews.com\/it\/microsoft-to-do-il-rimpiazzo-ufficiale-di-wunderlist\/\" target=\"_blank\">Dopo aver acquistato Wunderlist<\/a> nel 2015, la compagnia ne ha preso la maggior parte delle funzionalit\u00e0, le ha trasferite in un&#8217;app propria e l&#8217;ha offerta come degna sostituta della precedente. <\/p>\n<p><strong>Il risultato \u00e8 sia piacevole che sorprendentemente frustrante<\/strong>. Il software in s\u00e9 \u00e8 semplice come potremmo aspettarci. Mentre Keep di Google permette agli utenti di tenere d&#8217;occhio una serie di liste mostrate come note Post It, <strong>Microsoft ha optato per la tradizionale lista con spunte<\/strong>. Un&#8217;icona ci permette di creare una nuova lista a cui aggiungere nuovi task. Dentro i task \u00e8 possibile aggiungere una sorta di note, promemoria e scadenze che risultano familiari a chiunque abbia usato un&#8217;applicazione calendario. <\/p>\n<p>Togliendo la spunta (all&#8217;interno di un cerchio, a differenza del classico quadratino) permette di depennare una voce e produce un ping molto carino. Fin qui, tutto normale. <strong>To-Do di Microsoft eccelle effettivamente in alcuni dettagli<\/strong>. Ogni nuova lista pu\u00f2 essere personalizzata con colori e un tema. I temi non possono essere personalizzati come immagini proprie, ma la piccola selezione offerta da Microsoft \u00e8 comunque degna di nota e dona un aspetto unico a ogni lista. L&#8217;applicazione si sincronizza senza problemi tra formati, permettendo di spostare liste tra computer e smartphone in modo rapido. <\/p>\n<p><strong>Importare le liste da Todoist e da Wunderlist \u00e8 rapido<\/strong>. Una delle funzionalit\u00e0 pi\u00f9 interessanti \u00e8 quella dei Suggerimenti intelligenti: l&#8217;app \u00e8 in grado di creare liste per noi a seconda delle giornate grazie ad un algoritmo intelligente che controlla i nostri task e raccomanda quelli pi\u00f9 importanti per la nostra giornata in corso, come ad esempio di acquistare il regalo per un compleanno in arrivo. <\/p>\n<p>Tutti dettagli molto semplici, piacevoli, utili alla maggior parte delle persone. <strong>Microsoft To-Do funziona bene e ha una bella interfaccia<\/strong>. Se non esistessero gi\u00e0 tonnellate di alternative simili o anche pi\u00f9 evolute, potrebbe fare la differenza. <\/p>\n<p><strong>Il rovescio della medaglia \u00e8 che Microsoft To-Do dovrebbe rimpiazzare Wunderlist<\/strong>, che invece \u00e8 arricchito da funzionalit\u00e0 aggiuntive come la possibilit\u00e0 di organizzare liste in cartelle e creare sotto-liste. Per utenti che hanno bisogno di utilizzare queste feature come aiuto per la produttivit\u00e0, To-Do risulta insufficiente. In ogni caso, Microsoft promette di aggiungere nuove funzioni al suo software. Fino ad allora, il pubblico di riferimento non sar\u00e0 esattamente quello business. <\/p>\n<p>Microsoft To-Do \u00e8 disponibile come app per iPhone, Android e Windows\u00a010. Non \u00e8 disponibile invece per versioni precedenti di Windows e per Mac.<\/p>\n","protected":false},"excerpt":{"rendered":"<p>It takes a lot of courage for a company to launch yet another to do list on a world that seems to want chaos but that\u2019s exactly what Microsoft has done. <\/p>\n","protected":false},"author":16,"featured_media":0,"parent":10050,"menu_order":0,"comment_status":"open","ping_status":"closed","template":"g1_template_page_review_new.php","meta":{"_acf_changed":false,"cwp_meta_box_check":"Yes","cwp_rev_product_name":"","cwp_rev_product_image":"","wppr_links":[],"cwp_rev_price":"","wppr_options":[],"wppr_pros":[],"wppr_cons":[],"_monsterinsights_skip_tracking":false,"_monsterinsights_sitenote_active":false,"_monsterinsights_sitenote_note":"","_monsterinsights_sitenote_category":0,"footnotes":""},"categories":[182],"tags":[],"features":[],"class_list":{"0":"post-9568","1":"page","2":"type-page","3":"status-publish","5":"category-project-management-software-it"},"wppr_data":{"cwp_meta_box_check":"Yes","cwp_rev_product_name":"","cwp_rev_product_image":"","cwp_image_link":"image","cwp_rev_price":"","wppr_rating":"0.00"},"acf":[],"yoast_head":"<!-- This site is optimized with the Yoast SEO plugin v27.4 - https:\/\/yoast.com\/product\/yoast-seo-wordpress\/ -->\n<title>Microsoft To-Do | Migliori app per il Project Management<\/title>\n<meta name=\"description\" content=\"Microsoft To-Do \u00e8 un&#039;app efficace per organizzare le attivit\u00e0 di utenti alle prime armi, offrendo un bel design e funzionalit\u00e0 semplici ma intelligenti.\" \/>\n<meta name=\"robots\" content=\"index, follow, max-snippet:-1, max-image-preview:large, max-video-preview:-1\" \/>\n<link rel=\"canonical\" href=\"https:\/\/www.accuratereviews.com\/it\/i-migliori-software-di-project-management-lista\/microsoft-to-do\/\" \/>\n<meta property=\"og:locale\" content=\"it_IT\" \/>\n<meta property=\"og:type\" content=\"article\" \/>\n<meta property=\"og:title\" content=\"Microsoft To-Do | Migliori app per il Project Management\" \/>\n<meta property=\"og:description\" content=\"Microsoft To-Do \u00e8 un&#039;app efficace per organizzare le attivit\u00e0 di utenti alle prime armi, offrendo un bel design e funzionalit\u00e0 semplici ma intelligenti.\" \/>\n<meta property=\"og:url\" content=\"https:\/\/www.accuratereviews.com\/it\/i-migliori-software-di-project-management-lista\/microsoft-to-do\/\" \/>\n<meta property=\"og:site_name\" content=\"Accurate Reviews\" \/>\n<meta property=\"article:modified_time\" content=\"2017-05-18T13:45:44+00:00\" \/>\n<meta property=\"og:image\" content=\"http:\/\/www.accuratereviews.com\/wp-content\/uploads\/2017\/05\/Microsoft-To-Do-2.png\" \/>\n<meta name=\"twitter:card\" content=\"summary_large_image\" \/>\n<meta name=\"twitter:label1\" content=\"Tempo di lettura stimato\" \/>\n\t<meta name=\"twitter:data1\" content=\"2 minuti\" \/>\n<script type=\"application\/ld+json\" class=\"yoast-schema-graph\">{\"@context\":\"https:\\\/\\\/schema.org\",\"@graph\":[{\"@type\":\"WebPage\",\"@id\":\"https:\\\/\\\/www.accuratereviews.com\\\/it\\\/i-migliori-software-di-project-management-lista\\\/microsoft-to-do\\\/\",\"url\":\"https:\\\/\\\/www.accuratereviews.com\\\/it\\\/i-migliori-software-di-project-management-lista\\\/microsoft-to-do\\\/\",\"name\":\"Microsoft To-Do | Migliori app per il Project Management\",\"isPartOf\":{\"@id\":\"https:\\\/\\\/www.accuratereviews.com\\\/it\\\/#website\"},\"primaryImageOfPage\":{\"@id\":\"https:\\\/\\\/www.accuratereviews.com\\\/it\\\/i-migliori-software-di-project-management-lista\\\/microsoft-to-do\\\/#primaryimage\"},\"image\":{\"@id\":\"https:\\\/\\\/www.accuratereviews.com\\\/it\\\/i-migliori-software-di-project-management-lista\\\/microsoft-to-do\\\/#primaryimage\"},\"thumbnailUrl\":\"http:\\\/\\\/www.accuratereviews.com\\\/wp-content\\\/uploads\\\/2017\\\/05\\\/Microsoft-To-Do-2.png\",\"datePublished\":\"2017-05-17T13:19:24+00:00\",\"dateModified\":\"2017-05-18T13:45:44+00:00\",\"description\":\"Microsoft To-Do \u00e8 un'app efficace per organizzare le attivit\u00e0 di utenti alle prime armi, offrendo un bel design e funzionalit\u00e0 semplici ma intelligenti.\",\"breadcrumb\":{\"@id\":\"https:\\\/\\\/www.accuratereviews.com\\\/it\\\/i-migliori-software-di-project-management-lista\\\/microsoft-to-do\\\/#breadcrumb\"},\"inLanguage\":\"it-IT\",\"potentialAction\":[{\"@type\":\"ReadAction\",\"target\":[\"https:\\\/\\\/www.accuratereviews.com\\\/it\\\/i-migliori-software-di-project-management-lista\\\/microsoft-to-do\\\/\"]}]},{\"@type\":\"ImageObject\",\"inLanguage\":\"it-IT\",\"@id\":\"https:\\\/\\\/www.accuratereviews.com\\\/it\\\/i-migliori-software-di-project-management-lista\\\/microsoft-to-do\\\/#primaryimage\",\"url\":\"http:\\\/\\\/www.accuratereviews.com\\\/wp-content\\\/uploads\\\/2017\\\/05\\\/Microsoft-To-Do-2.png\",\"contentUrl\":\"http:\\\/\\\/www.accuratereviews.com\\\/wp-content\\\/uploads\\\/2017\\\/05\\\/Microsoft-To-Do-2.png\"},{\"@type\":\"BreadcrumbList\",\"@id\":\"https:\\\/\\\/www.accuratereviews.com\\\/it\\\/i-migliori-software-di-project-management-lista\\\/microsoft-to-do\\\/#breadcrumb\",\"itemListElement\":[{\"@type\":\"ListItem\",\"position\":1,\"name\":\"Home\",\"item\":\"https:\\\/\\\/www.accuratereviews.com\\\/it\\\/\"},{\"@type\":\"ListItem\",\"position\":2,\"name\":\"I migliori software di project management\",\"item\":\"https:\\\/\\\/www.accuratereviews.com\\\/it\\\/i-migliori-software-di-project-management-lista\\\/\"},{\"@type\":\"ListItem\",\"position\":3,\"name\":\"Microsoft To-Do\"}]},{\"@type\":\"WebSite\",\"@id\":\"https:\\\/\\\/www.accuratereviews.com\\\/it\\\/#website\",\"url\":\"https:\\\/\\\/www.accuratereviews.com\\\/it\\\/\",\"name\":\"Accurate Reviews\",\"description\":\"\",\"potentialAction\":[{\"@type\":\"SearchAction\",\"target\":{\"@type\":\"EntryPoint\",\"urlTemplate\":\"https:\\\/\\\/www.accuratereviews.com\\\/it\\\/?s={search_term_string}\"},\"query-input\":{\"@type\":\"PropertyValueSpecification\",\"valueRequired\":true,\"valueName\":\"search_term_string\"}}],\"inLanguage\":\"it-IT\"}]}<\/script>\n<!-- \/ Yoast SEO plugin. -->","yoast_head_json":{"title":"Microsoft To-Do | Migliori app per il Project Management","description":"Microsoft To-Do \u00e8 un'app efficace per organizzare le attivit\u00e0 di utenti alle prime armi, offrendo un bel design e funzionalit\u00e0 semplici ma intelligenti.","robots":{"index":"index","follow":"follow","max-snippet":"max-snippet:-1","max-image-preview":"max-image-preview:large","max-video-preview":"max-video-preview:-1"},"canonical":"https:\/\/www.accuratereviews.com\/it\/i-migliori-software-di-project-management-lista\/microsoft-to-do\/","og_locale":"it_IT","og_type":"article","og_title":"Microsoft To-Do | Migliori app per il Project Management","og_description":"Microsoft To-Do \u00e8 un'app efficace per organizzare le attivit\u00e0 di utenti alle prime armi, offrendo un bel design e funzionalit\u00e0 semplici ma intelligenti.","og_url":"https:\/\/www.accuratereviews.com\/it\/i-migliori-software-di-project-management-lista\/microsoft-to-do\/","og_site_name":"Accurate Reviews","article_modified_time":"2017-05-18T13:45:44+00:00","og_image":[{"url":"http:\/\/www.accuratereviews.com\/wp-content\/uploads\/2017\/05\/Microsoft-To-Do-2.png","type":"","width":"","height":""}],"twitter_card":"summary_large_image","twitter_misc":{"Tempo di lettura stimato":"2 minuti"},"schema":{"@context":"https:\/\/schema.org","@graph":[{"@type":"WebPage","@id":"https:\/\/www.accuratereviews.com\/it\/i-migliori-software-di-project-management-lista\/microsoft-to-do\/","url":"https:\/\/www.accuratereviews.com\/it\/i-migliori-software-di-project-management-lista\/microsoft-to-do\/","name":"Microsoft To-Do | Migliori app per il Project Management","isPartOf":{"@id":"https:\/\/www.accuratereviews.com\/it\/#website"},"primaryImageOfPage":{"@id":"https:\/\/www.accuratereviews.com\/it\/i-migliori-software-di-project-management-lista\/microsoft-to-do\/#primaryimage"},"image":{"@id":"https:\/\/www.accuratereviews.com\/it\/i-migliori-software-di-project-management-lista\/microsoft-to-do\/#primaryimage"},"thumbnailUrl":"http:\/\/www.accuratereviews.com\/wp-content\/uploads\/2017\/05\/Microsoft-To-Do-2.png","datePublished":"2017-05-17T13:19:24+00:00","dateModified":"2017-05-18T13:45:44+00:00","description":"Microsoft To-Do \u00e8 un'app efficace per organizzare le attivit\u00e0 di utenti alle prime armi, offrendo un bel design e funzionalit\u00e0 semplici ma intelligenti.","breadcrumb":{"@id":"https:\/\/www.accuratereviews.com\/it\/i-migliori-software-di-project-management-lista\/microsoft-to-do\/#breadcrumb"},"inLanguage":"it-IT","potentialAction":[{"@type":"ReadAction","target":["https:\/\/www.accuratereviews.com\/it\/i-migliori-software-di-project-management-lista\/microsoft-to-do\/"]}]},{"@type":"ImageObject","inLanguage":"it-IT","@id":"https:\/\/www.accuratereviews.com\/it\/i-migliori-software-di-project-management-lista\/microsoft-to-do\/#primaryimage","url":"http:\/\/www.accuratereviews.com\/wp-content\/uploads\/2017\/05\/Microsoft-To-Do-2.png","contentUrl":"http:\/\/www.accuratereviews.com\/wp-content\/uploads\/2017\/05\/Microsoft-To-Do-2.png"},{"@type":"BreadcrumbList","@id":"https:\/\/www.accuratereviews.com\/it\/i-migliori-software-di-project-management-lista\/microsoft-to-do\/#breadcrumb","itemListElement":[{"@type":"ListItem","position":1,"name":"Home","item":"https:\/\/www.accuratereviews.com\/it\/"},{"@type":"ListItem","position":2,"name":"I migliori software di project management","item":"https:\/\/www.accuratereviews.com\/it\/i-migliori-software-di-project-management-lista\/"},{"@type":"ListItem","position":3,"name":"Microsoft To-Do"}]},{"@type":"WebSite","@id":"https:\/\/www.accuratereviews.com\/it\/#website","url":"https:\/\/www.accuratereviews.com\/it\/","name":"Accurate Reviews","description":"","potentialAction":[{"@type":"SearchAction","target":{"@type":"EntryPoint","urlTemplate":"https:\/\/www.accuratereviews.com\/it\/?s={search_term_string}"},"query-input":{"@type":"PropertyValueSpecification","valueRequired":true,"valueName":"search_term_string"}}],"inLanguage":"it-IT"}]}},"_links":{"self":[{"href":"https:\/\/www.accuratereviews.com\/it\/wp-json\/wp\/v2\/pages\/9568","targetHints":{"allow":["GET"]}}],"collection":[{"href":"https:\/\/www.accuratereviews.com\/it\/wp-json\/wp\/v2\/pages"}],"about":[{"href":"https:\/\/www.accuratereviews.com\/it\/wp-json\/wp\/v2\/types\/page"}],"author":[{"embeddable":true,"href":"https:\/\/www.accuratereviews.com\/it\/wp-json\/wp\/v2\/users\/16"}],"replies":[{"embeddable":true,"href":"https:\/\/www.accuratereviews.com\/it\/wp-json\/wp\/v2\/comments?post=9568"}],"version-history":[{"count":3,"href":"https:\/\/www.accuratereviews.com\/it\/wp-json\/wp\/v2\/pages\/9568\/revisions"}],"predecessor-version":[{"id":9571,"href":"https:\/\/www.accuratereviews.com\/it\/wp-json\/wp\/v2\/pages\/9568\/revisions\/9571"}],"up":[{"embeddable":true,"href":"https:\/\/www.accuratereviews.com\/it\/wp-json\/wp\/v2\/pages\/10050"}],"wp:attachment":[{"href":"https:\/\/www.accuratereviews.com\/it\/wp-json\/wp\/v2\/media?parent=9568"}],"wp:term":[{"taxonomy":"category","embeddable":true,"href":"https:\/\/www.accuratereviews.com\/it\/wp-json\/wp\/v2\/categories?post=9568"},{"taxonomy":"post_tag","embeddable":true,"href":"https:\/\/www.accuratereviews.com\/it\/wp-json\/wp\/v2\/tags?post=9568"},{"taxonomy":"features","embeddable":true,"href":"https:\/\/www.accuratereviews.com\/it\/wp-json\/wp\/v2\/features?post=9568"}],"curies":[{"name":"wp","href":"https:\/\/api.w.org\/{rel}","templated":true}]}}