{"id":9594,"date":"2017-05-22T09:57:25","date_gmt":"2017-05-22T09:57:25","guid":{"rendered":"http:\/\/www.accuratereviews.com\/?page_id=9594\/"},"modified":"2017-05-22T10:43:37","modified_gmt":"2017-05-22T10:43:37","slug":"pdf-anti-copy","status":"publish","type":"page","link":"https:\/\/www.accuratereviews.com\/it\/pdf-migliori-software-lista\/pdf-anti-copy\/","title":{"rendered":"PDF Anti-copy"},"content":{"rendered":"<p><img loading=\"lazy\" decoding=\"async\" src=\"http:\/\/www.accuratereviews.com\/wp-content\/uploads\/2017\/05\/Schermata-2017-05-22-alle-11.40.09.png\" alt=\"PDF Anti-copy\" width=\"832\" height=\"588\" class=\"alignnone size-full wp-image-9600\" srcset=\"https:\/\/www.accuratereviews.com\/wp-content\/uploads\/2017\/05\/Schermata-2017-05-22-alle-11.40.09.png 832w, https:\/\/www.accuratereviews.com\/wp-content\/uploads\/2017\/05\/Schermata-2017-05-22-alle-11.40.09-300x212.png 300w, https:\/\/www.accuratereviews.com\/wp-content\/uploads\/2017\/05\/Schermata-2017-05-22-alle-11.40.09-768x543.png 768w, https:\/\/www.accuratereviews.com\/wp-content\/uploads\/2017\/05\/Schermata-2017-05-22-alle-11.40.09-177x125.png 177w, https:\/\/www.accuratereviews.com\/wp-content\/uploads\/2017\/05\/Schermata-2017-05-22-alle-11.40.09-50x35.png 50w, https:\/\/www.accuratereviews.com\/wp-content\/uploads\/2017\/05\/Schermata-2017-05-22-alle-11.40.09-636x449.png 636w, https:\/\/www.accuratereviews.com\/wp-content\/uploads\/2017\/05\/Schermata-2017-05-22-alle-11.40.09-320x226.png 320w, https:\/\/www.accuratereviews.com\/wp-content\/uploads\/2017\/05\/Schermata-2017-05-22-alle-11.40.09-239x169.png 239w\" sizes=\"auto, (max-width: 832px) 100vw, 832px\" \/><\/p>\n<p>Parliamo spesso di <strong>software per creare PDF, per unirli o modificarli<\/strong>. Cosa si fa, invece, quando si tratta di <strong>proteggere i PDF da modifiche e copie del testo<\/strong>? Esistono software specifici tra i quali spicca <strong>PDF Anti-Copy<\/strong>, un sistema estremamente semplice, ma che fa quello che promette sfuggendo ai software capaci di aggirare i blocchi imposti. Per riuscirci, infatti, utilizza tecnologie GhostScript e dNoOutputFonts che <strong>rimpiazzano le pagine con immagini vettoriali<\/strong>, conservando la qualit\u00e0 del documento che continua a sembrare un normalissimo PDF, ma sar\u00e0 ovviamente pi\u00f9 pesante del normale.<\/p>\n<h2>Prime Impressioni<\/h2>\n<p><strong>PDF Anti-copy appare molto semplice da utilizzare<\/strong>, \u00e8 anche un software portable quindi pi\u00f9 essere utilizzato ovunque vi serva semplicemente mettendolo su chiavetta. L&#8217;interfaccia \u00e8 semplice, chiara, utilizza delle icone chiare e riconoscibili ed \u00e8 localizzata in lingua italiana. <\/p>\n<h2>Le funzionalit\u00e0<\/h2>\n<p>Possiamo caricare un PDF cliccando sull&#8217;apposita icona: vedremo una lista di tutte le pagine contenute nel documento e un&#8217;anteprima della pagina selezionata. Uno zoom dell&#8217;anteprima di un documento selezionato ci consente di verificarne il contenuto: funzionalit\u00e0 decisamente utile nel caso in cui il testo contenuto sia scritto particolarmente piccolo. A questo punto possiamo <strong>applicare la protezione da copia e modifica di una singola pagina o di tutto il documento<\/strong> con un semplice click sull&#8217;opzione corrispondente. Il processo richiede qualche istante, soprattutto se avete deciso di proteggere tutto il documento, quindi portate pazienza. Una barra vi mostrer\u00e0 la percentuale dei progressi effettuati. <\/p>\n<p>Al termine della conversione verr\u00e0 aperta automaticamente la cartella di destinazione in cui si trova il file, al cui nome verr\u00e0 aggiunta l&#8217;estensione &#8220;<em>_AntiCopy<\/em>&#8221; per distinguerlo. Se provate a selezionare del testo per copiarlo non ci riuscirete. Se, invece, tentate di convertirlo in formato Word, Excel o TXT per modificarlo, otterrete solo una schermata bianca. Chiaramente il blocco non \u00e8 impossibile da aggirare: il testo protetto pu\u00f2 sempre essere copiato a mano oppure pu\u00f2 essere stampato e recuperato <a href=\"https:\/\/www.accuratereviews.com\/it\/i-migliori-ocr-online-gratis\/\" target=\"_blank\">con un software OCR anche gratuito<\/a>, per\u00f2 PDF Anti-copy riesce comunque a scoraggiare i meno esperti. <\/p>\n<p>Ovviamente i PDF protetti peseranno di pi\u00f9, come vi accennavamo, perch\u00e9 passano da testo a immagini vettoriali con una discreta dimensione. Inoltre, <strong>la ricerca interna del documento non funzioner\u00e0 pi\u00f9<\/strong>. PDF Anti-copy funziona su sistemi operativi Windows XP, Windows Vista (32 bit), Windows Vista (64 bit), Windows 7 (32 bit), Windows 7 (64 bit), Windows 8, Windows Server e Windows 10. Il software \u00e8 disponibile nelle lingue: italiano, inglese, cinese, tedesco, francese, coreano e olandese. <\/p>\n<h2>Prezzo<\/h2>\n<p><strong>PDF Anti-Copy \u00e8 completamente gratuito<\/strong>. Il download occupa solo 19 MB, mentre il file estratto pesa 30 MB. <\/p>\n","protected":false},"excerpt":{"rendered":"<p>Parliamo spesso di software per creare PDF, per unirli o modificarli. Cosa si fa, invece, quando si tratta di proteggere i PDF da modifiche e copie del testo? Esistono software specifici tra i quali spicca PDF Anti-Copy, un sistema estremamente semplice, ma che fa quello che promette sfuggendo ai software capaci di aggirare i blocchi imposti.<\/p>\n","protected":false},"author":16,"featured_media":0,"parent":5876,"menu_order":0,"comment_status":"open","ping_status":"closed","template":"g1_template_page_review_new.php","meta":{"_acf_changed":false,"cwp_meta_box_check":"Yes","cwp_rev_product_name":"","cwp_rev_product_image":"","wppr_links":[],"cwp_rev_price":"","wppr_options":[],"wppr_pros":[],"wppr_cons":[],"_monsterinsights_skip_tracking":false,"_monsterinsights_sitenote_active":false,"_monsterinsights_sitenote_note":"","_monsterinsights_sitenote_category":0,"footnotes":""},"categories":[118],"tags":[],"features":[],"class_list":{"0":"post-9594","1":"page","2":"type-page","3":"status-publish","5":"category-pdf-reader-software-it"},"wppr_data":{"cwp_meta_box_check":"Yes","cwp_rev_product_name":"","cwp_rev_product_image":"","cwp_image_link":"image","cwp_rev_price":"","wppr_rating":"0.00"},"acf":[],"yoast_head":"<!-- This site is optimized with the Yoast SEO plugin v27.4 - https:\/\/yoast.com\/product\/yoast-seo-wordpress\/ -->\n<title>PDF Anti-Copy | Recensione miglior strumento PDF | Accurate Reviews<\/title>\n<meta name=\"description\" content=\"PDF Anti-Copy \u00e8 un software gratuito per Windows che protegge i nostri PDF da modifiche o copie del testo sfruttando un interessante metodo alternativo.\" \/>\n<meta name=\"robots\" content=\"index, follow, max-snippet:-1, max-image-preview:large, max-video-preview:-1\" \/>\n<link rel=\"canonical\" href=\"https:\/\/www.accuratereviews.com\/it\/pdf-migliori-software-lista\/pdf-anti-copy\/\" \/>\n<meta property=\"og:locale\" content=\"it_IT\" \/>\n<meta property=\"og:type\" content=\"article\" \/>\n<meta property=\"og:title\" content=\"PDF Anti-Copy | Recensione miglior strumento PDF | Accurate Reviews\" \/>\n<meta property=\"og:description\" content=\"PDF Anti-Copy \u00e8 un software gratuito per Windows che protegge i nostri PDF da modifiche o copie del testo sfruttando un interessante metodo alternativo.\" \/>\n<meta property=\"og:url\" content=\"https:\/\/www.accuratereviews.com\/it\/pdf-migliori-software-lista\/pdf-anti-copy\/\" \/>\n<meta property=\"og:site_name\" content=\"Accurate Reviews\" \/>\n<meta property=\"article:modified_time\" content=\"2017-05-22T10:43:37+00:00\" \/>\n<meta property=\"og:image\" content=\"http:\/\/www.accuratereviews.com\/wp-content\/uploads\/2017\/05\/Schermata-2017-05-22-alle-11.40.09.png\" \/>\n<meta name=\"twitter:card\" content=\"summary_large_image\" \/>\n<meta name=\"twitter:label1\" content=\"Tempo di lettura stimato\" \/>\n\t<meta name=\"twitter:data1\" content=\"2 minuti\" \/>\n<script type=\"application\/ld+json\" class=\"yoast-schema-graph\">{\"@context\":\"https:\\\/\\\/schema.org\",\"@graph\":[{\"@type\":\"WebPage\",\"@id\":\"https:\\\/\\\/www.accuratereviews.com\\\/it\\\/pdf-migliori-software-lista\\\/pdf-anti-copy\\\/\",\"url\":\"https:\\\/\\\/www.accuratereviews.com\\\/it\\\/pdf-migliori-software-lista\\\/pdf-anti-copy\\\/\",\"name\":\"PDF Anti-Copy | Recensione miglior strumento PDF | Accurate Reviews\",\"isPartOf\":{\"@id\":\"https:\\\/\\\/www.accuratereviews.com\\\/it\\\/#website\"},\"primaryImageOfPage\":{\"@id\":\"https:\\\/\\\/www.accuratereviews.com\\\/it\\\/pdf-migliori-software-lista\\\/pdf-anti-copy\\\/#primaryimage\"},\"image\":{\"@id\":\"https:\\\/\\\/www.accuratereviews.com\\\/it\\\/pdf-migliori-software-lista\\\/pdf-anti-copy\\\/#primaryimage\"},\"thumbnailUrl\":\"http:\\\/\\\/www.accuratereviews.com\\\/wp-content\\\/uploads\\\/2017\\\/05\\\/Schermata-2017-05-22-alle-11.40.09.png\",\"datePublished\":\"2017-05-22T09:57:25+00:00\",\"dateModified\":\"2017-05-22T10:43:37+00:00\",\"description\":\"PDF Anti-Copy \u00e8 un software gratuito per Windows che protegge i nostri PDF da modifiche o copie del testo sfruttando un interessante metodo alternativo.\",\"breadcrumb\":{\"@id\":\"https:\\\/\\\/www.accuratereviews.com\\\/it\\\/pdf-migliori-software-lista\\\/pdf-anti-copy\\\/#breadcrumb\"},\"inLanguage\":\"it-IT\",\"potentialAction\":[{\"@type\":\"ReadAction\",\"target\":[\"https:\\\/\\\/www.accuratereviews.com\\\/it\\\/pdf-migliori-software-lista\\\/pdf-anti-copy\\\/\"]}]},{\"@type\":\"ImageObject\",\"inLanguage\":\"it-IT\",\"@id\":\"https:\\\/\\\/www.accuratereviews.com\\\/it\\\/pdf-migliori-software-lista\\\/pdf-anti-copy\\\/#primaryimage\",\"url\":\"http:\\\/\\\/www.accuratereviews.com\\\/wp-content\\\/uploads\\\/2017\\\/05\\\/Schermata-2017-05-22-alle-11.40.09.png\",\"contentUrl\":\"http:\\\/\\\/www.accuratereviews.com\\\/wp-content\\\/uploads\\\/2017\\\/05\\\/Schermata-2017-05-22-alle-11.40.09.png\"},{\"@type\":\"BreadcrumbList\",\"@id\":\"https:\\\/\\\/www.accuratereviews.com\\\/it\\\/pdf-migliori-software-lista\\\/pdf-anti-copy\\\/#breadcrumb\",\"itemListElement\":[{\"@type\":\"ListItem\",\"position\":1,\"name\":\"Home\",\"item\":\"https:\\\/\\\/www.accuratereviews.com\\\/it\\\/\"},{\"@type\":\"ListItem\",\"position\":2,\"name\":\"PDF: I migliori software\",\"item\":\"https:\\\/\\\/www.accuratereviews.com\\\/it\\\/pdf-migliori-software-lista\\\/\"},{\"@type\":\"ListItem\",\"position\":3,\"name\":\"PDF Anti-copy\"}]},{\"@type\":\"WebSite\",\"@id\":\"https:\\\/\\\/www.accuratereviews.com\\\/it\\\/#website\",\"url\":\"https:\\\/\\\/www.accuratereviews.com\\\/it\\\/\",\"name\":\"Accurate Reviews\",\"description\":\"\",\"potentialAction\":[{\"@type\":\"SearchAction\",\"target\":{\"@type\":\"EntryPoint\",\"urlTemplate\":\"https:\\\/\\\/www.accuratereviews.com\\\/it\\\/?s={search_term_string}\"},\"query-input\":{\"@type\":\"PropertyValueSpecification\",\"valueRequired\":true,\"valueName\":\"search_term_string\"}}],\"inLanguage\":\"it-IT\"}]}<\/script>\n<!-- \/ Yoast SEO plugin. -->","yoast_head_json":{"title":"PDF Anti-Copy | Recensione miglior strumento PDF | Accurate Reviews","description":"PDF Anti-Copy \u00e8 un software gratuito per Windows che protegge i nostri PDF da modifiche o copie del testo sfruttando un interessante metodo alternativo.","robots":{"index":"index","follow":"follow","max-snippet":"max-snippet:-1","max-image-preview":"max-image-preview:large","max-video-preview":"max-video-preview:-1"},"canonical":"https:\/\/www.accuratereviews.com\/it\/pdf-migliori-software-lista\/pdf-anti-copy\/","og_locale":"it_IT","og_type":"article","og_title":"PDF Anti-Copy | Recensione miglior strumento PDF | Accurate Reviews","og_description":"PDF Anti-Copy \u00e8 un software gratuito per Windows che protegge i nostri PDF da modifiche o copie del testo sfruttando un interessante metodo alternativo.","og_url":"https:\/\/www.accuratereviews.com\/it\/pdf-migliori-software-lista\/pdf-anti-copy\/","og_site_name":"Accurate Reviews","article_modified_time":"2017-05-22T10:43:37+00:00","og_image":[{"url":"http:\/\/www.accuratereviews.com\/wp-content\/uploads\/2017\/05\/Schermata-2017-05-22-alle-11.40.09.png","type":"","width":"","height":""}],"twitter_card":"summary_large_image","twitter_misc":{"Tempo di lettura stimato":"2 minuti"},"schema":{"@context":"https:\/\/schema.org","@graph":[{"@type":"WebPage","@id":"https:\/\/www.accuratereviews.com\/it\/pdf-migliori-software-lista\/pdf-anti-copy\/","url":"https:\/\/www.accuratereviews.com\/it\/pdf-migliori-software-lista\/pdf-anti-copy\/","name":"PDF Anti-Copy | Recensione miglior strumento PDF | Accurate Reviews","isPartOf":{"@id":"https:\/\/www.accuratereviews.com\/it\/#website"},"primaryImageOfPage":{"@id":"https:\/\/www.accuratereviews.com\/it\/pdf-migliori-software-lista\/pdf-anti-copy\/#primaryimage"},"image":{"@id":"https:\/\/www.accuratereviews.com\/it\/pdf-migliori-software-lista\/pdf-anti-copy\/#primaryimage"},"thumbnailUrl":"http:\/\/www.accuratereviews.com\/wp-content\/uploads\/2017\/05\/Schermata-2017-05-22-alle-11.40.09.png","datePublished":"2017-05-22T09:57:25+00:00","dateModified":"2017-05-22T10:43:37+00:00","description":"PDF Anti-Copy \u00e8 un software gratuito per Windows che protegge i nostri PDF da modifiche o copie del testo sfruttando un interessante metodo alternativo.","breadcrumb":{"@id":"https:\/\/www.accuratereviews.com\/it\/pdf-migliori-software-lista\/pdf-anti-copy\/#breadcrumb"},"inLanguage":"it-IT","potentialAction":[{"@type":"ReadAction","target":["https:\/\/www.accuratereviews.com\/it\/pdf-migliori-software-lista\/pdf-anti-copy\/"]}]},{"@type":"ImageObject","inLanguage":"it-IT","@id":"https:\/\/www.accuratereviews.com\/it\/pdf-migliori-software-lista\/pdf-anti-copy\/#primaryimage","url":"http:\/\/www.accuratereviews.com\/wp-content\/uploads\/2017\/05\/Schermata-2017-05-22-alle-11.40.09.png","contentUrl":"http:\/\/www.accuratereviews.com\/wp-content\/uploads\/2017\/05\/Schermata-2017-05-22-alle-11.40.09.png"},{"@type":"BreadcrumbList","@id":"https:\/\/www.accuratereviews.com\/it\/pdf-migliori-software-lista\/pdf-anti-copy\/#breadcrumb","itemListElement":[{"@type":"ListItem","position":1,"name":"Home","item":"https:\/\/www.accuratereviews.com\/it\/"},{"@type":"ListItem","position":2,"name":"PDF: I migliori software","item":"https:\/\/www.accuratereviews.com\/it\/pdf-migliori-software-lista\/"},{"@type":"ListItem","position":3,"name":"PDF Anti-copy"}]},{"@type":"WebSite","@id":"https:\/\/www.accuratereviews.com\/it\/#website","url":"https:\/\/www.accuratereviews.com\/it\/","name":"Accurate Reviews","description":"","potentialAction":[{"@type":"SearchAction","target":{"@type":"EntryPoint","urlTemplate":"https:\/\/www.accuratereviews.com\/it\/?s={search_term_string}"},"query-input":{"@type":"PropertyValueSpecification","valueRequired":true,"valueName":"search_term_string"}}],"inLanguage":"it-IT"}]}},"_links":{"self":[{"href":"https:\/\/www.accuratereviews.com\/it\/wp-json\/wp\/v2\/pages\/9594","targetHints":{"allow":["GET"]}}],"collection":[{"href":"https:\/\/www.accuratereviews.com\/it\/wp-json\/wp\/v2\/pages"}],"about":[{"href":"https:\/\/www.accuratereviews.com\/it\/wp-json\/wp\/v2\/types\/page"}],"author":[{"embeddable":true,"href":"https:\/\/www.accuratereviews.com\/it\/wp-json\/wp\/v2\/users\/16"}],"replies":[{"embeddable":true,"href":"https:\/\/www.accuratereviews.com\/it\/wp-json\/wp\/v2\/comments?post=9594"}],"version-history":[{"count":7,"href":"https:\/\/www.accuratereviews.com\/it\/wp-json\/wp\/v2\/pages\/9594\/revisions"}],"predecessor-version":[{"id":9612,"href":"https:\/\/www.accuratereviews.com\/it\/wp-json\/wp\/v2\/pages\/9594\/revisions\/9612"}],"up":[{"embeddable":true,"href":"https:\/\/www.accuratereviews.com\/it\/wp-json\/wp\/v2\/pages\/5876"}],"wp:attachment":[{"href":"https:\/\/www.accuratereviews.com\/it\/wp-json\/wp\/v2\/media?parent=9594"}],"wp:term":[{"taxonomy":"category","embeddable":true,"href":"https:\/\/www.accuratereviews.com\/it\/wp-json\/wp\/v2\/categories?post=9594"},{"taxonomy":"post_tag","embeddable":true,"href":"https:\/\/www.accuratereviews.com\/it\/wp-json\/wp\/v2\/tags?post=9594"},{"taxonomy":"features","embeddable":true,"href":"https:\/\/www.accuratereviews.com\/it\/wp-json\/wp\/v2\/features?post=9594"}],"curies":[{"name":"wp","href":"https:\/\/api.w.org\/{rel}","templated":true}]}}