{"id":96031,"date":"2025-08-05T13:46:33","date_gmt":"2025-08-05T13:46:33","guid":{"rendered":"https:\/\/www.accuratereviews.com\/?page_id=96031"},"modified":"2025-08-05T13:46:33","modified_gmt":"2025-08-05T13:46:33","slug":"honeybeebase-recensione","status":"publish","type":"page","link":"https:\/\/www.accuratereviews.com\/it\/programmi-gestione-turni-lavoro\/honeybeebase-recensione\/","title":{"rendered":"HoneybeeBase"},"content":{"rendered":"<div class=\"_0eb511\">\n<div class=\"_dd7dd5\">\n<p class=\"Typography _a0ba60 _e042ab\"><strong>HoneybeeBase<\/strong> \u00e8 una soluzione, basata su cloud, per la gestione delle attivit\u00e0, <strong>la pianificazione del personale<\/strong>, la rilevazione delle presenze e delle assenze, il monitoraggio del tempo, la condivisione di file, il riconoscimento dei dipendenti, la comunicazione e altro ancora. Il software \u00e8 accessibile da qualsiasi dispositivo connesso a internet. Con <strong>HoneybeeBase<\/strong>, gli utenti possono <strong>monitorare le ore dei dipendenti,<\/strong> comprese le pause retribuite e non retribuite, con notifiche automatiche in tempo reale ogni volta che un dipendente inizia o termina il turno o va in pausa. \u00c8 possibile inviare via email report giornalieri di tutte le notifiche agli utenti e i responsabili possono anche accedere alle revisioni settimanali delle schede attivit\u00e0 per approvare le ore registrate su base settimanale. Il modulo presenze registra tutti gli arrivi in ritardo, le partenze anticipate e le assenze, ed \u00e8 possibile generare report di assenza personalizzati.<\/p>\n<h2>HONEYBEEBASE &#8211; TUTORIAL<\/h2>\n<div id=\"fluid-wrapper-counter-1\" class=\"g1-fluid-wrapper \" style=\"width:686px;\">\n<div style=\"padding-bottom:56.268221574344%;\"><iframe loading=\"lazy\" title=\"honeybeeBase Task Management\" width=\"686\" height=\"386\" src=\"https:\/\/www.youtube.com\/embed\/9QDygRINNk4?feature=oembed&amp;wmode=transparent&amp;autohide=1&amp;autoplay=0&amp;disablekb=0&amp;fs=1&amp;loop=0&amp;enablejsapi=1&amp;rel=0&amp;controls=2&amp;showinfo=0&amp;wmode=transparent&amp;autohide=2&amp;autoplay=0&amp;disablekb=0&amp;fs=1&amp;loop=0&amp;enablejsapi=1&amp;rel=0&amp;controls=2&amp;showinfo=1\" frameborder=\"0\" allow=\"accelerometer; autoplay; clipboard-write; encrypted-media; gyroscope; picture-in-picture; web-share\" referrerpolicy=\"strict-origin-when-cross-origin\" allowfullscreen><\/iframe><\/div>\n<\/div>\n<h3>HONEYBEEBASE &#8211; CARATTERISTICHE<\/h3>\n<ul>\n<li><strong>Registrazione del tempo<\/strong>: fornisce un monitoraggio accurato e facile da usare delle ore dei dipendenti. Basato sul web, pu\u00f2 essere utilizzato da qualsiasi dispositivo e include fogli presenze settimanali, approvazione del responsabile ed esportazione in fogli di calcolo.<\/li>\n<li><strong>Gestione delle attivit\u00e0<\/strong>: collabora con il tuo team da qualsiasi luogo. Crea categorie, elenchi e attivit\u00e0 che possono essere pianificate, gestite e assegnate. I progressi possono essere monitorati tramite l&#8217;ampio feed delle attivit\u00e0.<\/li>\n<li><strong>Registrazione dei permessi<\/strong>: i\u00a0dipendenti possono inviare le proprie richieste di permessi per l&#8217;approvazione del responsabile. \u00c8 possibile impostare banche dati personalizzate per i permessi per tenere traccia dei giorni disponibili e modificarle automaticamente man mano che vengono approvati.<\/li>\n<li><strong>Pianificazione dei dipendenti:<\/strong> fornisce la pianificazione dei dipendenti con Shift Marketplace per facili cambi, modelli personalizzati per programmi ricorrenti, notifiche dei turni, ricerca della copertura per le chiamate e altro ancora.<\/li>\n<li><strong>Formazione:<\/strong> offre una soluzione completamente funzionale che include quiz (per garantire che il team conosca le informazioni), report di consulenza (per documentare se un membro del team non segue una formazione adeguata) e medaglie (per dare un riconoscimento positivo per un lavoro ben svolto!).<\/li>\n<li><strong>Strumenti di comunicazione<\/strong>: gli\u00a0strumenti di messaggistica ti consentono di comunicare con i tuoi utenti, eliminando la necessit\u00e0 di raccogliere e comunicare tramite indirizzi email personali. Grazie alle conferme di lettura, agli elenchi personalizzati e a un&#8217;interfaccia intuitiva, questa soluzione \u00e8 ideale per gli ambienti multi-sede.<\/li>\n<\/ul>\n<h4>LE RECENSIONI DEGLI UTENTI<\/h4>\n<p><strong>Sean &#8220;Qui per HoneybeeBase&#8221;<\/strong><br \/>\n<strong>Commenti<\/strong>: Nel complesso apprezzo la flessibilit\u00e0 della piattaforma. Si adatta bene a diversi flussi di lavoro, consentendo una personalizzazione in base alle preferenze individuali o di team. Questa adattabilit\u00e0 ha davvero semplificato i miei processi e aumentato la produttivit\u00e0.<br \/>\n<strong>Pro<\/strong>: Questo prodotto ha una piattaforma molto intuitiva. Che tu stia gestendo progetti, collaborando con un team o monitorando i progressi, Honeybee rende tutto semplicissimo da usare.<br \/>\n<strong>Contro<\/strong>: Mi sentivo sopraffatto dalla quantit\u00e0 di opzioni disponibili. Ci \u00e8 voluto un po&#8217; di tempo per capire il modo migliore per utilizzare alcune funzionalit\u00e0 in modo efficace, con l&#8217;aiuto del servizio clienti.<\/p>\n<p><strong>Joaquin &#8220;Un&#8217;applicazione molto completa per la gestione delle risorse e del tempo&#8221;<\/strong><br \/>\n<strong>Commenti<\/strong>: Si tratta di un&#8217;applicazione molto utile che aiuta qualsiasi azienda che disponga di questo software nella gestione del tempo, delle risorse e persino dei dipendenti; offre infatti un&#8217;ampia gamma di strumenti che agevolano questa gestione in molti modi.<br \/>\n<strong>Pro<\/strong>: Un vantaggio di HoneyBee \u00e8 che \u00e8 facile da usare per aziende di qualsiasi settore e dimensione, contiene molti strumenti che aiutano nella gestione del tempo e delle risorse<br \/>\n<strong>Contro<\/strong>: Nella mia esperienza personale all&#8217;inizio \u00e8 stato un po&#8217; confusionario, perch\u00e9 l&#8217;interfaccia non \u00e8 intuitiva e non aiuta nell&#8217;uso del programma. Ci vuole un po&#8217; di tempo per abituarsi all&#8217;inizio.<\/p>\n<p><strong>Crystal &#8220;Recensione di Honeybee&#8221;<\/strong><br \/>\n<strong>Commenti<\/strong>: Ritengo che questo abbia alleggerito il carico di lavoro del mio datore di lavoro, che doveva aiutarlo a tenere traccia delle presenze. So che \u00e8 frustrante e fa perdere tempo ai superiori quando un dipendente dimentica di timbrare il cartellino.<br \/>\n<strong>Pro<\/strong>: Accessibilit\u00e0 e facilit\u00e0 d&#8217;uso dell&#8217;app per telefono. Abbiamo molti agenti sul campo che si spostano per lavoro fuori orario. Questo programma aiuta a tenere traccia del loro tempo di lavoro e ad alleviare le nostre preoccupazioni relative all&#8217;indennit\u00e0 di infortunio sul lavoro quando non sono in ufficio. Sono sicuro che la maggior parte delle aziende non consideri la questione da questa prospettiva.<br \/>\n<strong>Contro<\/strong>: I bug nel software, quando si blocca o genera un errore, che a volte, per quanto ne so, \u00e8 dovuto a un errore dell&#8217;operatore.<\/p>\n<p>&nbsp;<\/p>\n<\/div>\n<\/div>\n","protected":false},"excerpt":{"rendered":"<p>HoneybeeBase \u00e8 una soluzione, basata su cloud, per la gestione delle attivit\u00e0, la pianificazione del personale, la rilevazione delle presenze e delle assenze, il monitoraggio del tempo, la condivisione di file, il riconoscimento dei dipendenti, la comunicazione e altro ancora. Il software \u00e8 accessibile da qualsiasi dispositivo connesso a internet.<\/p>\n","protected":false},"author":19,"featured_media":96053,"parent":87246,"menu_order":0,"comment_status":"open","ping_status":"closed","template":"g1_template_page_review_new.php","meta":{"_acf_changed":false,"cwp_meta_box_check":"No","cwp_rev_product_name":"","cwp_rev_product_image":"","wppr_links":[],"cwp_rev_price":"","wppr_options":[],"wppr_pros":[],"wppr_cons":[],"_monsterinsights_skip_tracking":false,"_monsterinsights_sitenote_active":false,"_monsterinsights_sitenote_note":"","_monsterinsights_sitenote_category":0,"footnotes":""},"categories":[16111],"tags":[16423,16146,16121,16120,16144,16123],"features":[],"class_list":{"0":"post-96031","1":"page","2":"type-page","3":"status-publish","4":"has-post-thumbnail","6":"category-programmi-per-turni-di-lavoro","7":"tag-honeybeebase","8":"tag-piattaforma-turni-di-lavoro","9":"tag-programma-turni-di-lavoro","10":"tag-software-turni-di-lavoro","11":"tag-soluzione-turni-di-lavoro","12":"tag-turni-di-lavoro"},"wppr_data":{"cwp_meta_box_check":"No"},"acf":[],"yoast_head":"<!-- This site is optimized with the Yoast SEO plugin v27.4 - https:\/\/yoast.com\/product\/yoast-seo-wordpress\/ -->\n<title>HoneybeeBase: recensione software turni di lavoro - Accurate Reviews<\/title>\n<meta name=\"description\" content=\"HoneybeeBase: recensione soluzione per la gestione delle attivit\u00e0, la pianificazione del personale e segnare presenze e assenze del personale.\" \/>\n<meta name=\"robots\" content=\"index, follow, max-snippet:-1, max-image-preview:large, max-video-preview:-1\" \/>\n<link rel=\"canonical\" href=\"https:\/\/www.accuratereviews.com\/it\/programmi-gestione-turni-lavoro\/honeybeebase-recensione\/\" \/>\n<meta property=\"og:locale\" content=\"it_IT\" \/>\n<meta property=\"og:type\" content=\"article\" \/>\n<meta property=\"og:title\" content=\"HoneybeeBase: recensione software turni di lavoro - Accurate Reviews\" \/>\n<meta property=\"og:description\" content=\"HoneybeeBase: recensione soluzione per la gestione delle attivit\u00e0, la pianificazione del personale e segnare presenze e assenze del personale.\" \/>\n<meta property=\"og:url\" content=\"https:\/\/www.accuratereviews.com\/it\/programmi-gestione-turni-lavoro\/honeybeebase-recensione\/\" \/>\n<meta property=\"og:site_name\" content=\"Accurate Reviews\" \/>\n<meta property=\"og:image\" content=\"https:\/\/www.accuratereviews.com\/wp-content\/uploads\/2025\/08\/HoneybeeBase.webp\" \/>\n\t<meta property=\"og:image:width\" content=\"240\" \/>\n\t<meta property=\"og:image:height\" content=\"240\" \/>\n\t<meta property=\"og:image:type\" content=\"image\/webp\" \/>\n<meta name=\"twitter:card\" content=\"summary_large_image\" \/>\n<meta name=\"twitter:label1\" content=\"Tempo di lettura stimato\" \/>\n\t<meta name=\"twitter:data1\" content=\"5 minuti\" \/>\n<script type=\"application\/ld+json\" class=\"yoast-schema-graph\">{\"@context\":\"https:\\\/\\\/schema.org\",\"@graph\":[{\"@type\":\"WebPage\",\"@id\":\"https:\\\/\\\/www.accuratereviews.com\\\/it\\\/programmi-gestione-turni-lavoro\\\/honeybeebase-recensione\\\/\",\"url\":\"https:\\\/\\\/www.accuratereviews.com\\\/it\\\/programmi-gestione-turni-lavoro\\\/honeybeebase-recensione\\\/\",\"name\":\"HoneybeeBase: recensione software turni di lavoro - Accurate Reviews\",\"isPartOf\":{\"@id\":\"https:\\\/\\\/www.accuratereviews.com\\\/it\\\/#website\"},\"primaryImageOfPage\":{\"@id\":\"https:\\\/\\\/www.accuratereviews.com\\\/it\\\/programmi-gestione-turni-lavoro\\\/honeybeebase-recensione\\\/#primaryimage\"},\"image\":{\"@id\":\"https:\\\/\\\/www.accuratereviews.com\\\/it\\\/programmi-gestione-turni-lavoro\\\/honeybeebase-recensione\\\/#primaryimage\"},\"thumbnailUrl\":\"https:\\\/\\\/www.accuratereviews.com\\\/wp-content\\\/uploads\\\/2025\\\/08\\\/HoneybeeBase.webp\",\"datePublished\":\"2025-08-05T13:46:33+00:00\",\"description\":\"HoneybeeBase: recensione soluzione per la gestione delle attivit\u00e0, la pianificazione del personale e segnare presenze e assenze del personale.\",\"breadcrumb\":{\"@id\":\"https:\\\/\\\/www.accuratereviews.com\\\/it\\\/programmi-gestione-turni-lavoro\\\/honeybeebase-recensione\\\/#breadcrumb\"},\"inLanguage\":\"it-IT\",\"potentialAction\":[{\"@type\":\"ReadAction\",\"target\":[\"https:\\\/\\\/www.accuratereviews.com\\\/it\\\/programmi-gestione-turni-lavoro\\\/honeybeebase-recensione\\\/\"]}]},{\"@type\":\"ImageObject\",\"inLanguage\":\"it-IT\",\"@id\":\"https:\\\/\\\/www.accuratereviews.com\\\/it\\\/programmi-gestione-turni-lavoro\\\/honeybeebase-recensione\\\/#primaryimage\",\"url\":\"https:\\\/\\\/www.accuratereviews.com\\\/wp-content\\\/uploads\\\/2025\\\/08\\\/HoneybeeBase.webp\",\"contentUrl\":\"https:\\\/\\\/www.accuratereviews.com\\\/wp-content\\\/uploads\\\/2025\\\/08\\\/HoneybeeBase.webp\",\"width\":240,\"height\":240},{\"@type\":\"BreadcrumbList\",\"@id\":\"https:\\\/\\\/www.accuratereviews.com\\\/it\\\/programmi-gestione-turni-lavoro\\\/honeybeebase-recensione\\\/#breadcrumb\",\"itemListElement\":[{\"@type\":\"ListItem\",\"position\":1,\"name\":\"Home\",\"item\":\"https:\\\/\\\/www.accuratereviews.com\\\/it\\\/\"},{\"@type\":\"ListItem\",\"position\":2,\"name\":\"Programmi per turni di lavoro\",\"item\":\"https:\\\/\\\/www.accuratereviews.com\\\/it\\\/programmi-gestione-turni-lavoro\\\/\"},{\"@type\":\"ListItem\",\"position\":3,\"name\":\"HoneybeeBase\"}]},{\"@type\":\"WebSite\",\"@id\":\"https:\\\/\\\/www.accuratereviews.com\\\/it\\\/#website\",\"url\":\"https:\\\/\\\/www.accuratereviews.com\\\/it\\\/\",\"name\":\"Accurate Reviews\",\"description\":\"\",\"potentialAction\":[{\"@type\":\"SearchAction\",\"target\":{\"@type\":\"EntryPoint\",\"urlTemplate\":\"https:\\\/\\\/www.accuratereviews.com\\\/it\\\/?s={search_term_string}\"},\"query-input\":{\"@type\":\"PropertyValueSpecification\",\"valueRequired\":true,\"valueName\":\"search_term_string\"}}],\"inLanguage\":\"it-IT\"}]}<\/script>\n<!-- \/ Yoast SEO plugin. -->","yoast_head_json":{"title":"HoneybeeBase: recensione software turni di lavoro - Accurate Reviews","description":"HoneybeeBase: recensione soluzione per la gestione delle attivit\u00e0, la pianificazione del personale e segnare presenze e assenze del personale.","robots":{"index":"index","follow":"follow","max-snippet":"max-snippet:-1","max-image-preview":"max-image-preview:large","max-video-preview":"max-video-preview:-1"},"canonical":"https:\/\/www.accuratereviews.com\/it\/programmi-gestione-turni-lavoro\/honeybeebase-recensione\/","og_locale":"it_IT","og_type":"article","og_title":"HoneybeeBase: recensione software turni di lavoro - Accurate Reviews","og_description":"HoneybeeBase: recensione soluzione per la gestione delle attivit\u00e0, la pianificazione del personale e segnare presenze e assenze del personale.","og_url":"https:\/\/www.accuratereviews.com\/it\/programmi-gestione-turni-lavoro\/honeybeebase-recensione\/","og_site_name":"Accurate Reviews","og_image":[{"width":240,"height":240,"url":"https:\/\/www.accuratereviews.com\/wp-content\/uploads\/2025\/08\/HoneybeeBase.webp","type":"image\/webp"}],"twitter_card":"summary_large_image","twitter_misc":{"Tempo di lettura stimato":"5 minuti"},"schema":{"@context":"https:\/\/schema.org","@graph":[{"@type":"WebPage","@id":"https:\/\/www.accuratereviews.com\/it\/programmi-gestione-turni-lavoro\/honeybeebase-recensione\/","url":"https:\/\/www.accuratereviews.com\/it\/programmi-gestione-turni-lavoro\/honeybeebase-recensione\/","name":"HoneybeeBase: recensione software turni di lavoro - Accurate Reviews","isPartOf":{"@id":"https:\/\/www.accuratereviews.com\/it\/#website"},"primaryImageOfPage":{"@id":"https:\/\/www.accuratereviews.com\/it\/programmi-gestione-turni-lavoro\/honeybeebase-recensione\/#primaryimage"},"image":{"@id":"https:\/\/www.accuratereviews.com\/it\/programmi-gestione-turni-lavoro\/honeybeebase-recensione\/#primaryimage"},"thumbnailUrl":"https:\/\/www.accuratereviews.com\/wp-content\/uploads\/2025\/08\/HoneybeeBase.webp","datePublished":"2025-08-05T13:46:33+00:00","description":"HoneybeeBase: recensione soluzione per la gestione delle attivit\u00e0, la pianificazione del personale e segnare presenze e assenze del personale.","breadcrumb":{"@id":"https:\/\/www.accuratereviews.com\/it\/programmi-gestione-turni-lavoro\/honeybeebase-recensione\/#breadcrumb"},"inLanguage":"it-IT","potentialAction":[{"@type":"ReadAction","target":["https:\/\/www.accuratereviews.com\/it\/programmi-gestione-turni-lavoro\/honeybeebase-recensione\/"]}]},{"@type":"ImageObject","inLanguage":"it-IT","@id":"https:\/\/www.accuratereviews.com\/it\/programmi-gestione-turni-lavoro\/honeybeebase-recensione\/#primaryimage","url":"https:\/\/www.accuratereviews.com\/wp-content\/uploads\/2025\/08\/HoneybeeBase.webp","contentUrl":"https:\/\/www.accuratereviews.com\/wp-content\/uploads\/2025\/08\/HoneybeeBase.webp","width":240,"height":240},{"@type":"BreadcrumbList","@id":"https:\/\/www.accuratereviews.com\/it\/programmi-gestione-turni-lavoro\/honeybeebase-recensione\/#breadcrumb","itemListElement":[{"@type":"ListItem","position":1,"name":"Home","item":"https:\/\/www.accuratereviews.com\/it\/"},{"@type":"ListItem","position":2,"name":"Programmi per turni di lavoro","item":"https:\/\/www.accuratereviews.com\/it\/programmi-gestione-turni-lavoro\/"},{"@type":"ListItem","position":3,"name":"HoneybeeBase"}]},{"@type":"WebSite","@id":"https:\/\/www.accuratereviews.com\/it\/#website","url":"https:\/\/www.accuratereviews.com\/it\/","name":"Accurate Reviews","description":"","potentialAction":[{"@type":"SearchAction","target":{"@type":"EntryPoint","urlTemplate":"https:\/\/www.accuratereviews.com\/it\/?s={search_term_string}"},"query-input":{"@type":"PropertyValueSpecification","valueRequired":true,"valueName":"search_term_string"}}],"inLanguage":"it-IT"}]}},"_links":{"self":[{"href":"https:\/\/www.accuratereviews.com\/it\/wp-json\/wp\/v2\/pages\/96031","targetHints":{"allow":["GET"]}}],"collection":[{"href":"https:\/\/www.accuratereviews.com\/it\/wp-json\/wp\/v2\/pages"}],"about":[{"href":"https:\/\/www.accuratereviews.com\/it\/wp-json\/wp\/v2\/types\/page"}],"author":[{"embeddable":true,"href":"https:\/\/www.accuratereviews.com\/it\/wp-json\/wp\/v2\/users\/19"}],"replies":[{"embeddable":true,"href":"https:\/\/www.accuratereviews.com\/it\/wp-json\/wp\/v2\/comments?post=96031"}],"version-history":[{"count":11,"href":"https:\/\/www.accuratereviews.com\/it\/wp-json\/wp\/v2\/pages\/96031\/revisions"}],"predecessor-version":[{"id":96274,"href":"https:\/\/www.accuratereviews.com\/it\/wp-json\/wp\/v2\/pages\/96031\/revisions\/96274"}],"up":[{"embeddable":true,"href":"https:\/\/www.accuratereviews.com\/it\/wp-json\/wp\/v2\/pages\/87246"}],"wp:featuredmedia":[{"embeddable":true,"href":"https:\/\/www.accuratereviews.com\/it\/wp-json\/wp\/v2\/media\/96053"}],"wp:attachment":[{"href":"https:\/\/www.accuratereviews.com\/it\/wp-json\/wp\/v2\/media?parent=96031"}],"wp:term":[{"taxonomy":"category","embeddable":true,"href":"https:\/\/www.accuratereviews.com\/it\/wp-json\/wp\/v2\/categories?post=96031"},{"taxonomy":"post_tag","embeddable":true,"href":"https:\/\/www.accuratereviews.com\/it\/wp-json\/wp\/v2\/tags?post=96031"},{"taxonomy":"features","embeddable":true,"href":"https:\/\/www.accuratereviews.com\/it\/wp-json\/wp\/v2\/features?post=96031"}],"curies":[{"name":"wp","href":"https:\/\/api.w.org\/{rel}","templated":true}]}}