{"id":96196,"date":"2025-08-05T13:43:34","date_gmt":"2025-08-05T13:43:34","guid":{"rendered":"https:\/\/www.accuratereviews.com\/?page_id=96196"},"modified":"2025-08-05T13:43:34","modified_gmt":"2025-08-05T13:43:34","slug":"attendancebot-recensione","status":"publish","type":"page","link":"https:\/\/www.accuratereviews.com\/it\/programmi-gestione-turni-lavoro\/attendancebot-recensione\/","title":{"rendered":"AttendanceBot"},"content":{"rendered":"<p><strong>AttendanceBot<\/strong> \u00e8 una soluzione per Slack per la <strong>gestione delle ferie, il monitoraggio del tempo e la pianificazione dei dipendenti,<\/strong> che fornisce una posizione centralizzata da cui gestire e approvare le richieste di permesso del personale, monitorare le presenze, le ore fatturabili e le buste paga, oltre a gestire turni, permessi, disponibilit\u00e0 e altro ancora. Essendo una soluzione online, offre agli utenti la flessibilit\u00e0 di monitorare il tempo dedicato ai progetti e di richiedere permessi o lavoro da remoto in qualsiasi momento, ovunque e tramite qualsiasi dispositivo connesso a Internet. Gli utenti possono anche impostare approvazioni, quote di permessi e festivit\u00e0 in base alle policy aziendali.<br \/>\n<strong>AttendanceBot<\/strong> consente agli utenti di generare e scaricare report Excel o di pianificare l&#8217;invio periodico di report alla propria casella di posta per rimanere aggiornati.<\/p>\n<h2>ATTENDANCEBOT &#8211; TUTORIAL<\/h2>\n<div id=\"fluid-wrapper-counter-1\" class=\"g1-fluid-wrapper \" style=\"width:686px;\">\n<div style=\"padding-bottom:56.268221574344%;\"><iframe loading=\"lazy\" title=\"Welcome to AttendanceBot\" width=\"686\" height=\"386\" src=\"https:\/\/www.youtube.com\/embed\/zjVHV9nM6M8?feature=oembed&amp;wmode=transparent&amp;autohide=1&amp;autoplay=0&amp;disablekb=0&amp;fs=1&amp;loop=0&amp;enablejsapi=1&amp;rel=0&amp;controls=2&amp;showinfo=0&amp;wmode=transparent&amp;autohide=2&amp;autoplay=0&amp;disablekb=0&amp;fs=1&amp;loop=0&amp;enablejsapi=1&amp;rel=0&amp;controls=2&amp;showinfo=1\" frameborder=\"0\" allow=\"accelerometer; autoplay; clipboard-write; encrypted-media; gyroscope; picture-in-picture; web-share\" referrerpolicy=\"strict-origin-when-cross-origin\" allowfullscreen><\/iframe><\/div>\n<\/div>\n<h3>ATTENDANCEBOT &#8211; CARATTERISTICHE<\/h3>\n<ul>\n<li><strong>Monitoraggio del tempo<\/strong>: fogli presenze automatizzati. Avvisi di straordinario. Analisi dettagliate e molto altro.<\/li>\n<li><strong>Pianificazione dei dipendenti:<\/strong> pianifica gli orari dei dipendenti e avvisali dei turni imminenti sulla piattaforma di collaborazione del tuo team.<\/li>\n<li><strong>Gestione delle assenze<\/strong>: applica e approva i permessi. Tieni traccia delle ore e dei fogli presenze. Integra con gli altri sistemi e molto altro.<\/li>\n<li><strong>Lavoro ibrido<\/strong>: abilita l&#8217;hoteling e l&#8217;hot desking nel tuo ambiente di lavoro ibrido<\/li>\n<li><strong>Permessi sostitutivi<\/strong>: consenti ai dipendenti di lavorare con orari flessibili e aumenta la produttivit\u00e0.<\/li>\n<li><strong>Soluzione per le aule<\/strong>: monitora le presenze in aula online direttamente da MS Teams o Slack.<\/li>\n<li><strong>Pianificazione visiva dei turni<\/strong>: pianifica i turni settimanali, quindicinali o mensili su una dashboard intuitiva con il minimo sforzo. Ripeti i turni come preferisci. Gestisci la disponibilit\u00e0 e le richieste di modifica dei turni direttamente da Slack o MS Teams.<\/li>\n<li><strong>Un unico strumento per gestire la tua forza lavoro<\/strong>: gestisci lavoratori temporanei, turnisti, dipendenti a tempo pieno o un mix di tutti, ovunque ti trovi. Semplifica la comunicazione di gruppo, unisci i team, tieni tutti informati e costruisci una cultura aziendale migliore.<\/li>\n<li><strong>Monitoraggio del tempo basato sulla pianificazione dei dipendenti<\/strong>: scarica e visualizza efficaci fogli presenze basati sui turni. Genera report stipendi accurati e pronti per l&#8217;elaborazione.<\/li>\n<\/ul>\n<h4>LE RECENSIONI DEGLI UTENTI<\/h4>\n<p><strong>Anna &#8220;Recensione di Attendance Bot da parte di una ONG europea&#8221;<\/strong><br \/>\n<strong>Commenti<\/strong>: molto positivo. sia in termini di funzionalit\u00e0 dell&#8217;AB che in termini di servizio clienti. sempre veloci e molto disponibili.<br \/>\n<strong>Pro<\/strong>: la nostra ONG apprezza molti aspetti di AB: &#8211; che si integra perfettamente con Microsoft Teams &#8211; che produce report e visualizzazioni per personale\/progetti\/attivit\u00e0 che consentono di monitorare, rivedere e pianificare i nostri portfolio e attivit\u00e0 in modo efficace ed efficiente &#8211; che registra attivit\u00e0 e sottoattivit\u00e0 in tempo reale, riducendo al minimo la registrazione del tempo e la prenotazione del lavoro, e consente modifiche se necessario &#8211; che \u00e8 molto intuitivo e non richiede l&#8217;apprendimento di programmi complessi per i membri del personale che non sono esperti di IT<br \/>\n<strong>Contro<\/strong>: non riesco a pensare a un elemento o a una funzionalit\u00e0 che non ci piace o che ci piace di meno. non utilizziamo il 100% delle funzioni (ad esempio i dipartimenti perch\u00e9 non li abbiamo) ma questo perch\u00e9 siamo un team relativamente piccolo e utilizziamo gli elementi di cui abbiamo bisogno ed \u00e8 fantastico che AB consenta di disabilitare gli elementi che non utilizziamo<\/p>\n<p><strong>Aishwarya &#8220;Facilit\u00e0 d&#8217;uso&#8221;<\/strong><br \/>\n<strong>Pro<\/strong>: abbiamo recentemente implementato AttendanceBot nel nostro spazio di lavoro per semplificare la gestione delle presenze e dei permessi, e ha rappresentato una svolta per il nostro team! Ci\u00f2 che apprezziamo di pi\u00f9 \u00e8 la facilit\u00e0 con cui si integra nella nostra routine quotidiana. I membri del team possono semplicemente digitare &#8220;in&#8221; o &#8220;out&#8221; su Slack per registrare le proprie presenze, senza dover cambiare piattaforma o aprire strumenti separati. Richiedere un permesso \u00e8 altrettanto semplice: niente moduli, niente email, solo un rapido comando. Il bot invia anche promemoria per i check-in, aiutando tutti a mantenere la coerenza. Per qualsiasi team che utilizzi Slack, \u00e8 una soluzione intelligente ed efficiente per gestire le basi delle presenze e dei permessi.<br \/>\n<strong>Contro<\/strong>: onestamente, finora niente. Ha funzionato senza intoppi e si adatta perfettamente alle nostre esigenze.<\/p>\n<p><strong>Nav &#8220;Gestione semplificata della forza lavoro&#8221;<\/strong><br \/>\n<strong>Pro<\/strong>: la semplicit\u00e0 della sua integrazione in piattaforme come Slack e Microsoft Teams, che lo rende accessibile a utenti di tutti i livelli di competenza tecnica.<br \/>\n<strong>Contro<\/strong>: alcune delle funzionalit\u00e0 pi\u00f9 avanzate di AttendanceBot potrebbero richiedere un po&#8217; di tempo per essere apprese e non tutti trovano la documentazione sufficiente per le proprie esigenze.<\/p>\n","protected":false},"excerpt":{"rendered":"<p>AttendanceBot \u00e8 una soluzione per Slack per la gestione delle ferie, il monitoraggio del tempo e la pianificazione dei dipendenti, che fornisce una posizione centralizzata da cui gestire e approvare le richieste di permesso del personale, monitorare le presenze, le ore fatturabili e le buste paga, oltre a gestire turni, permessi, disponibilit\u00e0 e altro ancora.<\/p>\n","protected":false},"author":19,"featured_media":96199,"parent":87246,"menu_order":0,"comment_status":"open","ping_status":"closed","template":"g1_template_page_review_new.php","meta":{"_acf_changed":false,"cwp_meta_box_check":"No","cwp_rev_product_name":"","cwp_rev_product_image":"","wppr_links":[],"cwp_rev_price":"","wppr_options":[],"wppr_pros":[],"wppr_cons":[],"_monsterinsights_skip_tracking":false,"_monsterinsights_sitenote_active":false,"_monsterinsights_sitenote_note":"","_monsterinsights_sitenote_category":0,"footnotes":""},"categories":[16111],"tags":[16424,16146,16121,5113,16120,16144,16123],"features":[],"class_list":{"0":"post-96196","1":"page","2":"type-page","3":"status-publish","4":"has-post-thumbnail","6":"category-programmi-per-turni-di-lavoro","7":"tag-attendancebot","8":"tag-piattaforma-turni-di-lavoro","9":"tag-programma-turni-di-lavoro","10":"tag-slack","11":"tag-software-turni-di-lavoro","12":"tag-soluzione-turni-di-lavoro","13":"tag-turni-di-lavoro"},"wppr_data":{"cwp_meta_box_check":"No"},"acf":[],"yoast_head":"<!-- This site is optimized with the Yoast SEO plugin v27.4 - https:\/\/yoast.com\/product\/yoast-seo-wordpress\/ -->\n<title>AttendanceBot: recensione software turni di lavoro - Accurate Reviews<\/title>\n<meta name=\"description\" content=\"AttendanceBot : recensione soluzione per Slack per la gestione delle ferie, il monitoraggio del tempo e la pianificazione dei dipendenti.\" \/>\n<meta name=\"robots\" content=\"index, follow, max-snippet:-1, max-image-preview:large, max-video-preview:-1\" \/>\n<link rel=\"canonical\" href=\"https:\/\/www.accuratereviews.com\/it\/programmi-gestione-turni-lavoro\/attendancebot-recensione\/\" \/>\n<meta property=\"og:locale\" content=\"it_IT\" \/>\n<meta property=\"og:type\" content=\"article\" \/>\n<meta property=\"og:title\" content=\"AttendanceBot: recensione software turni di lavoro - Accurate Reviews\" \/>\n<meta property=\"og:description\" content=\"AttendanceBot : recensione soluzione per Slack per la gestione delle ferie, il monitoraggio del tempo e la pianificazione dei dipendenti.\" \/>\n<meta property=\"og:url\" content=\"https:\/\/www.accuratereviews.com\/it\/programmi-gestione-turni-lavoro\/attendancebot-recensione\/\" \/>\n<meta property=\"og:site_name\" content=\"Accurate Reviews\" \/>\n<meta property=\"og:image\" content=\"https:\/\/www.accuratereviews.com\/wp-content\/uploads\/2025\/08\/AttendanceBot.png\" \/>\n\t<meta property=\"og:image:width\" content=\"512\" \/>\n\t<meta property=\"og:image:height\" content=\"512\" \/>\n\t<meta property=\"og:image:type\" content=\"image\/png\" \/>\n<meta name=\"twitter:card\" content=\"summary_large_image\" \/>\n<meta name=\"twitter:label1\" content=\"Tempo di lettura stimato\" \/>\n\t<meta name=\"twitter:data1\" content=\"6 minuti\" \/>\n<script type=\"application\/ld+json\" class=\"yoast-schema-graph\">{\"@context\":\"https:\\\/\\\/schema.org\",\"@graph\":[{\"@type\":\"WebPage\",\"@id\":\"https:\\\/\\\/www.accuratereviews.com\\\/it\\\/programmi-gestione-turni-lavoro\\\/attendancebot-recensione\\\/\",\"url\":\"https:\\\/\\\/www.accuratereviews.com\\\/it\\\/programmi-gestione-turni-lavoro\\\/attendancebot-recensione\\\/\",\"name\":\"AttendanceBot: recensione software turni di lavoro - Accurate Reviews\",\"isPartOf\":{\"@id\":\"https:\\\/\\\/www.accuratereviews.com\\\/it\\\/#website\"},\"primaryImageOfPage\":{\"@id\":\"https:\\\/\\\/www.accuratereviews.com\\\/it\\\/programmi-gestione-turni-lavoro\\\/attendancebot-recensione\\\/#primaryimage\"},\"image\":{\"@id\":\"https:\\\/\\\/www.accuratereviews.com\\\/it\\\/programmi-gestione-turni-lavoro\\\/attendancebot-recensione\\\/#primaryimage\"},\"thumbnailUrl\":\"https:\\\/\\\/www.accuratereviews.com\\\/wp-content\\\/uploads\\\/2025\\\/08\\\/AttendanceBot.png\",\"datePublished\":\"2025-08-05T13:43:34+00:00\",\"description\":\"AttendanceBot : recensione soluzione per Slack per la gestione delle ferie, il monitoraggio del tempo e la pianificazione dei dipendenti.\",\"breadcrumb\":{\"@id\":\"https:\\\/\\\/www.accuratereviews.com\\\/it\\\/programmi-gestione-turni-lavoro\\\/attendancebot-recensione\\\/#breadcrumb\"},\"inLanguage\":\"it-IT\",\"potentialAction\":[{\"@type\":\"ReadAction\",\"target\":[\"https:\\\/\\\/www.accuratereviews.com\\\/it\\\/programmi-gestione-turni-lavoro\\\/attendancebot-recensione\\\/\"]}]},{\"@type\":\"ImageObject\",\"inLanguage\":\"it-IT\",\"@id\":\"https:\\\/\\\/www.accuratereviews.com\\\/it\\\/programmi-gestione-turni-lavoro\\\/attendancebot-recensione\\\/#primaryimage\",\"url\":\"https:\\\/\\\/www.accuratereviews.com\\\/wp-content\\\/uploads\\\/2025\\\/08\\\/AttendanceBot.png\",\"contentUrl\":\"https:\\\/\\\/www.accuratereviews.com\\\/wp-content\\\/uploads\\\/2025\\\/08\\\/AttendanceBot.png\",\"width\":512,\"height\":512},{\"@type\":\"BreadcrumbList\",\"@id\":\"https:\\\/\\\/www.accuratereviews.com\\\/it\\\/programmi-gestione-turni-lavoro\\\/attendancebot-recensione\\\/#breadcrumb\",\"itemListElement\":[{\"@type\":\"ListItem\",\"position\":1,\"name\":\"Home\",\"item\":\"https:\\\/\\\/www.accuratereviews.com\\\/it\\\/\"},{\"@type\":\"ListItem\",\"position\":2,\"name\":\"Programmi per turni di lavoro\",\"item\":\"https:\\\/\\\/www.accuratereviews.com\\\/it\\\/programmi-gestione-turni-lavoro\\\/\"},{\"@type\":\"ListItem\",\"position\":3,\"name\":\"AttendanceBot\"}]},{\"@type\":\"WebSite\",\"@id\":\"https:\\\/\\\/www.accuratereviews.com\\\/it\\\/#website\",\"url\":\"https:\\\/\\\/www.accuratereviews.com\\\/it\\\/\",\"name\":\"Accurate Reviews\",\"description\":\"\",\"potentialAction\":[{\"@type\":\"SearchAction\",\"target\":{\"@type\":\"EntryPoint\",\"urlTemplate\":\"https:\\\/\\\/www.accuratereviews.com\\\/it\\\/?s={search_term_string}\"},\"query-input\":{\"@type\":\"PropertyValueSpecification\",\"valueRequired\":true,\"valueName\":\"search_term_string\"}}],\"inLanguage\":\"it-IT\"}]}<\/script>\n<!-- \/ Yoast SEO plugin. -->","yoast_head_json":{"title":"AttendanceBot: recensione software turni di lavoro - Accurate Reviews","description":"AttendanceBot : recensione soluzione per Slack per la gestione delle ferie, il monitoraggio del tempo e la pianificazione dei dipendenti.","robots":{"index":"index","follow":"follow","max-snippet":"max-snippet:-1","max-image-preview":"max-image-preview:large","max-video-preview":"max-video-preview:-1"},"canonical":"https:\/\/www.accuratereviews.com\/it\/programmi-gestione-turni-lavoro\/attendancebot-recensione\/","og_locale":"it_IT","og_type":"article","og_title":"AttendanceBot: recensione software turni di lavoro - Accurate Reviews","og_description":"AttendanceBot : recensione soluzione per Slack per la gestione delle ferie, il monitoraggio del tempo e la pianificazione dei dipendenti.","og_url":"https:\/\/www.accuratereviews.com\/it\/programmi-gestione-turni-lavoro\/attendancebot-recensione\/","og_site_name":"Accurate Reviews","og_image":[{"width":512,"height":512,"url":"https:\/\/www.accuratereviews.com\/wp-content\/uploads\/2025\/08\/AttendanceBot.png","type":"image\/png"}],"twitter_card":"summary_large_image","twitter_misc":{"Tempo di lettura stimato":"6 minuti"},"schema":{"@context":"https:\/\/schema.org","@graph":[{"@type":"WebPage","@id":"https:\/\/www.accuratereviews.com\/it\/programmi-gestione-turni-lavoro\/attendancebot-recensione\/","url":"https:\/\/www.accuratereviews.com\/it\/programmi-gestione-turni-lavoro\/attendancebot-recensione\/","name":"AttendanceBot: recensione software turni di lavoro - Accurate Reviews","isPartOf":{"@id":"https:\/\/www.accuratereviews.com\/it\/#website"},"primaryImageOfPage":{"@id":"https:\/\/www.accuratereviews.com\/it\/programmi-gestione-turni-lavoro\/attendancebot-recensione\/#primaryimage"},"image":{"@id":"https:\/\/www.accuratereviews.com\/it\/programmi-gestione-turni-lavoro\/attendancebot-recensione\/#primaryimage"},"thumbnailUrl":"https:\/\/www.accuratereviews.com\/wp-content\/uploads\/2025\/08\/AttendanceBot.png","datePublished":"2025-08-05T13:43:34+00:00","description":"AttendanceBot : recensione soluzione per Slack per la gestione delle ferie, il monitoraggio del tempo e la pianificazione dei dipendenti.","breadcrumb":{"@id":"https:\/\/www.accuratereviews.com\/it\/programmi-gestione-turni-lavoro\/attendancebot-recensione\/#breadcrumb"},"inLanguage":"it-IT","potentialAction":[{"@type":"ReadAction","target":["https:\/\/www.accuratereviews.com\/it\/programmi-gestione-turni-lavoro\/attendancebot-recensione\/"]}]},{"@type":"ImageObject","inLanguage":"it-IT","@id":"https:\/\/www.accuratereviews.com\/it\/programmi-gestione-turni-lavoro\/attendancebot-recensione\/#primaryimage","url":"https:\/\/www.accuratereviews.com\/wp-content\/uploads\/2025\/08\/AttendanceBot.png","contentUrl":"https:\/\/www.accuratereviews.com\/wp-content\/uploads\/2025\/08\/AttendanceBot.png","width":512,"height":512},{"@type":"BreadcrumbList","@id":"https:\/\/www.accuratereviews.com\/it\/programmi-gestione-turni-lavoro\/attendancebot-recensione\/#breadcrumb","itemListElement":[{"@type":"ListItem","position":1,"name":"Home","item":"https:\/\/www.accuratereviews.com\/it\/"},{"@type":"ListItem","position":2,"name":"Programmi per turni di lavoro","item":"https:\/\/www.accuratereviews.com\/it\/programmi-gestione-turni-lavoro\/"},{"@type":"ListItem","position":3,"name":"AttendanceBot"}]},{"@type":"WebSite","@id":"https:\/\/www.accuratereviews.com\/it\/#website","url":"https:\/\/www.accuratereviews.com\/it\/","name":"Accurate Reviews","description":"","potentialAction":[{"@type":"SearchAction","target":{"@type":"EntryPoint","urlTemplate":"https:\/\/www.accuratereviews.com\/it\/?s={search_term_string}"},"query-input":{"@type":"PropertyValueSpecification","valueRequired":true,"valueName":"search_term_string"}}],"inLanguage":"it-IT"}]}},"_links":{"self":[{"href":"https:\/\/www.accuratereviews.com\/it\/wp-json\/wp\/v2\/pages\/96196","targetHints":{"allow":["GET"]}}],"collection":[{"href":"https:\/\/www.accuratereviews.com\/it\/wp-json\/wp\/v2\/pages"}],"about":[{"href":"https:\/\/www.accuratereviews.com\/it\/wp-json\/wp\/v2\/types\/page"}],"author":[{"embeddable":true,"href":"https:\/\/www.accuratereviews.com\/it\/wp-json\/wp\/v2\/users\/19"}],"replies":[{"embeddable":true,"href":"https:\/\/www.accuratereviews.com\/it\/wp-json\/wp\/v2\/comments?post=96196"}],"version-history":[{"count":13,"href":"https:\/\/www.accuratereviews.com\/it\/wp-json\/wp\/v2\/pages\/96196\/revisions"}],"predecessor-version":[{"id":96271,"href":"https:\/\/www.accuratereviews.com\/it\/wp-json\/wp\/v2\/pages\/96196\/revisions\/96271"}],"up":[{"embeddable":true,"href":"https:\/\/www.accuratereviews.com\/it\/wp-json\/wp\/v2\/pages\/87246"}],"wp:featuredmedia":[{"embeddable":true,"href":"https:\/\/www.accuratereviews.com\/it\/wp-json\/wp\/v2\/media\/96199"}],"wp:attachment":[{"href":"https:\/\/www.accuratereviews.com\/it\/wp-json\/wp\/v2\/media?parent=96196"}],"wp:term":[{"taxonomy":"category","embeddable":true,"href":"https:\/\/www.accuratereviews.com\/it\/wp-json\/wp\/v2\/categories?post=96196"},{"taxonomy":"post_tag","embeddable":true,"href":"https:\/\/www.accuratereviews.com\/it\/wp-json\/wp\/v2\/tags?post=96196"},{"taxonomy":"features","embeddable":true,"href":"https:\/\/www.accuratereviews.com\/it\/wp-json\/wp\/v2\/features?post=96196"}],"curies":[{"name":"wp","href":"https:\/\/api.w.org\/{rel}","templated":true}]}}