{"id":96439,"date":"2025-08-06T14:40:27","date_gmt":"2025-08-06T14:40:27","guid":{"rendered":"https:\/\/www.accuratereviews.com\/?page_id=96439"},"modified":"2025-08-07T09:19:51","modified_gmt":"2025-08-07T09:19:51","slug":"brighthr-recensione","status":"publish","type":"page","link":"https:\/\/www.accuratereviews.com\/it\/programmi-gestione-turni-lavoro\/brighthr-recensione\/","title":{"rendered":"BrightHR"},"content":{"rendered":"<p><strong>BrightHR<\/strong> funge da <strong>gestore digitale delle risorse umane<\/strong>, offrendo consigli chiari e pratici e una tecnologia intuitiva. La piattaforma non solo identifica i problemi, ma fornisce anche soluzioni legali, complete di modelli di documenti personalizzabili per le tue policy. Il software intuitivo semplifica la gestione del personale, consentendoti di gestire ferie, straordinari, malattie e ritardi con un solo clic, sempre e ovunque, grazie all&#8217; app mobile.<br \/>\n<strong>BrightHR<\/strong>\u00a0ti mette in contatto con esperti qualificati in diritto del lavoro per qualsiasi sfida in ambito HR. Garantisce la <strong>conformit\u00e0 alle normative<\/strong>, aiutandoti a gestire le valutazioni dei rischi e gli incidenti sul lavoro, offrendo al contempo corsi di e-learning accreditati.<\/p>\n<h2>BRIGHTHR &#8211; TUTORIAL<\/h2>\n<div id=\"fluid-wrapper-counter-1\" class=\"g1-fluid-wrapper \" style=\"width:686px;\">\n<div style=\"padding-bottom:56.268221574344%;\"><iframe loading=\"lazy\" title=\"BrightHR Connect | Easy-to-use HR software\" width=\"515\" height=\"386\" src=\"https:\/\/www.youtube.com\/embed\/C9pqcnc_uos?feature=oembed&amp;wmode=transparent&amp;autohide=1&amp;autoplay=0&amp;disablekb=0&amp;fs=1&amp;loop=0&amp;enablejsapi=1&amp;rel=0&amp;controls=2&amp;showinfo=0&amp;wmode=transparent&amp;autohide=2&amp;autoplay=0&amp;disablekb=0&amp;fs=1&amp;loop=0&amp;enablejsapi=1&amp;rel=0&amp;controls=2&amp;showinfo=1\" frameborder=\"0\" allow=\"accelerometer; autoplay; clipboard-write; encrypted-media; gyroscope; picture-in-picture; web-share\" referrerpolicy=\"strict-origin-when-cross-origin\" allowfullscreen><\/iframe><\/div>\n<\/div>\n<h3>BRIGHTHR &#8211; CARATTERISTICHE<\/h3>\n<ul>\n<li>Gestisci le ferie con un clic<\/li>\n<li>Timbra l&#8217;ingresso e l&#8217;uscita con l&#8217;app di facile utilizzo<\/li>\n<li>Monitora presenze, malattie e assenze<\/li>\n<li>Archivia i documenti in modo sicuro con spazio di archiviazione cloud illimitato<\/li>\n<li>Pianifica turni per qualsiasi schema di lavoro<\/li>\n<li>Gestisci e calcola le tue spese<\/li>\n<li>Esegui revisioni e definisci obiettivi con la gestione delle prestazioni<\/li>\n<li>Monitora gli straordinari e aggiorna il tuo libro paga<\/li>\n<li>Gestisci tutte le tue responsabilit\u00e0 in materia di salute e sicurezza in un unico posto<\/li>\n<li>Organizza corsi di formazione in materia di salute e sicurezza in conformit\u00e0 con la legge<\/li>\n<li>Ottieni accesso 24 ore su 24, 7 giorni su 7 a consulenti affidabili in materia di salute e sicurezza<\/li>\n<li>Previeni infortuni gravi eseguendo valutazioni dei rischi<\/li>\n<li>Riduci i rischi di incidenti e quasi incidenti con report in tempo reale.<\/li>\n<\/ul>\n<h4>LE RECENSIONI DEGLI UTENTI<\/h4>\n<p><strong>Juthy &#8220;Ottima esperienza di onboarding&#8221;<\/strong><br \/>\n<strong>Commenti<\/strong>: c&#8217;\u00e8 un flusso costante di comunicazione, dalle vendite alla configurazione e all&#8217;utilizzo del sistema. [contenuto sensibile nascosto] \u00e8 stata incredibilmente competente e paziente, formandomi e aiutandomi a configurare il sistema. Ha capito cosa volevo ottenere e ha reso il processo piacevole.<br \/>\n<strong>Pro<\/strong>: il sistema sembra davvero facile da usare e l&#8217;assistenza \u00e8 fantastica. Ho appena iniziato a usarlo e vedo gi\u00e0 molti vantaggi rispetto al vecchio sistema.<br \/>\n<strong>Contro<\/strong>: ricevo un sacco di email su varie cose e non ho tempo di leggerle tutte. Molte mi ricordano di configurare il sistema.<\/p>\n<p><strong>Mike &#8220;Servizio fantastico&#8221;<\/strong><br \/>\n<strong>Commenti<\/strong>: Sistema fantastico e assistenza clienti impeccabile. Abbiamo persino aggiunto il servizio di gestione paghe al nostro sistema grazie al supporto e alla dedizione dimostrati da [sensitive content hidden] fin dall&#8217;inizio. Lo consiglio vivamente.<br \/>\n<strong>Pro<\/strong>: BrighHR ha rappresentato un enorme vantaggio per il nostro servizio e copre cos\u00ec tante cose che \u00e8 facile da usare sia per l&#8217;ufficio che per il personale.<br \/>\n<strong>Contro<\/strong>: tutto \u00e8 stato fantastico. Non credo di riuscire a trovare una nota negativa.<\/p>\n<p><strong>Louise &#8220;Supporto delle risorse umane per le aziende in crescita&#8221;<\/strong><br \/>\n<strong>Commenti<\/strong>: Nel complesso, la mia esperienza con BrightHR \u00e8 stata positiva. La piattaforma \u00e8 intuitiva e offre una gamma completa di strumenti che semplificano le attivit\u00e0 delle risorse umane, come la gestione delle assenze, il monitoraggio delle ferie, l&#8217;archiviazione dei documenti e la pianificazione dei turni. La dashboard \u00e8 intuitiva e l&#8217;app mobile \u00e8 particolarmente utile sia per i manager che per i dipendenti in mobilit\u00e0.<br \/>\n<strong>Pro<\/strong>: una delle caratteristiche pi\u00f9 importanti \u00e8 il supporto HR attivo 24 ore su 24, 7 giorni su 7, che si \u00e8 rivelato utile per consigli rapidi o chiarimenti sul diritto del lavoro e sulle migliori pratiche. Gli aggiornamenti e i webinar periodici dimostrano inoltre l&#8217;impegno di BrightHR nel mantenere gli utenti informati e conformi alle normative.<br \/>\n<strong>Contro<\/strong>: Non poter disporre di tutte le funzioni in un unico pacchetto software, ad esempio avere un&#8217;app separata per le spese.<\/p>\n","protected":false},"excerpt":{"rendered":"<p>BrightHR funge da gestore digitale delle risorse umane, offrendo consigli chiari e pratici e una tecnologia intuitiva. La nostra piattaforma non solo identifica i problemi, ma fornisce anche soluzioni legali, complete di modelli di documenti personalizzabili per le tue policy. Il software intuitivo semplifica la gestione del personale, consentendoti di gestire ferie, straordinari, malattie e ritardi con un solo clic, sempre e ovunque, grazie all&#8217; app mobile<\/p>\n","protected":false},"author":19,"featured_media":96440,"parent":87246,"menu_order":0,"comment_status":"open","ping_status":"closed","template":"g1_template_page_review_new.php","meta":{"_acf_changed":false,"cwp_meta_box_check":"No","cwp_rev_product_name":"","cwp_rev_product_image":"","wppr_links":[],"cwp_rev_price":"","wppr_options":[],"wppr_pros":[],"wppr_cons":[],"_monsterinsights_skip_tracking":false,"_monsterinsights_sitenote_active":false,"_monsterinsights_sitenote_note":"","_monsterinsights_sitenote_category":0,"footnotes":""},"categories":[16111],"tags":[16425,16146,16121,16120,16144,16123],"features":[],"class_list":{"0":"post-96439","1":"page","2":"type-page","3":"status-publish","4":"has-post-thumbnail","6":"category-programmi-per-turni-di-lavoro","7":"tag-brighthr","8":"tag-piattaforma-turni-di-lavoro","9":"tag-programma-turni-di-lavoro","10":"tag-software-turni-di-lavoro","11":"tag-soluzione-turni-di-lavoro","12":"tag-turni-di-lavoro"},"wppr_data":{"cwp_meta_box_check":"No"},"acf":[],"yoast_head":"<!-- This site is optimized with the Yoast SEO plugin v27.4 - https:\/\/yoast.com\/product\/yoast-seo-wordpress\/ -->\n<title>BrightHR: recensione software turni di lavoro - Accurate Reviews<\/title>\n<meta name=\"description\" content=\"BrightHR: recensione soluzione HR digitale delle risorse umane che offre consigli chiari e pratici e una tecnologia intuitiva.\" \/>\n<meta name=\"robots\" content=\"index, follow, max-snippet:-1, max-image-preview:large, max-video-preview:-1\" \/>\n<link rel=\"canonical\" href=\"https:\/\/www.accuratereviews.com\/it\/programmi-gestione-turni-lavoro\/brighthr-recensione\/\" \/>\n<meta property=\"og:locale\" content=\"it_IT\" \/>\n<meta property=\"og:type\" content=\"article\" \/>\n<meta property=\"og:title\" content=\"BrightHR: recensione software turni di lavoro - Accurate Reviews\" \/>\n<meta property=\"og:description\" content=\"BrightHR: recensione soluzione HR digitale delle risorse umane che offre consigli chiari e pratici e una tecnologia intuitiva.\" \/>\n<meta property=\"og:url\" content=\"https:\/\/www.accuratereviews.com\/it\/programmi-gestione-turni-lavoro\/brighthr-recensione\/\" \/>\n<meta property=\"og:site_name\" content=\"Accurate Reviews\" \/>\n<meta property=\"article:modified_time\" content=\"2025-08-07T09:19:51+00:00\" \/>\n<meta property=\"og:image\" content=\"https:\/\/www.accuratereviews.com\/wp-content\/uploads\/2025\/08\/BrightHR.png\" \/>\n\t<meta property=\"og:image:width\" content=\"900\" \/>\n\t<meta property=\"og:image:height\" content=\"500\" \/>\n\t<meta property=\"og:image:type\" content=\"image\/png\" \/>\n<meta name=\"twitter:card\" content=\"summary_large_image\" \/>\n<meta name=\"twitter:label1\" content=\"Tempo di lettura stimato\" \/>\n\t<meta name=\"twitter:data1\" content=\"5 minuti\" \/>\n<script type=\"application\/ld+json\" class=\"yoast-schema-graph\">{\"@context\":\"https:\\\/\\\/schema.org\",\"@graph\":[{\"@type\":\"WebPage\",\"@id\":\"https:\\\/\\\/www.accuratereviews.com\\\/it\\\/programmi-gestione-turni-lavoro\\\/brighthr-recensione\\\/\",\"url\":\"https:\\\/\\\/www.accuratereviews.com\\\/it\\\/programmi-gestione-turni-lavoro\\\/brighthr-recensione\\\/\",\"name\":\"BrightHR: recensione software turni di lavoro - Accurate Reviews\",\"isPartOf\":{\"@id\":\"https:\\\/\\\/www.accuratereviews.com\\\/it\\\/#website\"},\"primaryImageOfPage\":{\"@id\":\"https:\\\/\\\/www.accuratereviews.com\\\/it\\\/programmi-gestione-turni-lavoro\\\/brighthr-recensione\\\/#primaryimage\"},\"image\":{\"@id\":\"https:\\\/\\\/www.accuratereviews.com\\\/it\\\/programmi-gestione-turni-lavoro\\\/brighthr-recensione\\\/#primaryimage\"},\"thumbnailUrl\":\"https:\\\/\\\/www.accuratereviews.com\\\/wp-content\\\/uploads\\\/2025\\\/08\\\/BrightHR.png\",\"datePublished\":\"2025-08-06T14:40:27+00:00\",\"dateModified\":\"2025-08-07T09:19:51+00:00\",\"description\":\"BrightHR: recensione soluzione HR digitale delle risorse umane che offre consigli chiari e pratici e una tecnologia intuitiva.\",\"breadcrumb\":{\"@id\":\"https:\\\/\\\/www.accuratereviews.com\\\/it\\\/programmi-gestione-turni-lavoro\\\/brighthr-recensione\\\/#breadcrumb\"},\"inLanguage\":\"it-IT\",\"potentialAction\":[{\"@type\":\"ReadAction\",\"target\":[\"https:\\\/\\\/www.accuratereviews.com\\\/it\\\/programmi-gestione-turni-lavoro\\\/brighthr-recensione\\\/\"]}]},{\"@type\":\"ImageObject\",\"inLanguage\":\"it-IT\",\"@id\":\"https:\\\/\\\/www.accuratereviews.com\\\/it\\\/programmi-gestione-turni-lavoro\\\/brighthr-recensione\\\/#primaryimage\",\"url\":\"https:\\\/\\\/www.accuratereviews.com\\\/wp-content\\\/uploads\\\/2025\\\/08\\\/BrightHR.png\",\"contentUrl\":\"https:\\\/\\\/www.accuratereviews.com\\\/wp-content\\\/uploads\\\/2025\\\/08\\\/BrightHR.png\",\"width\":900,\"height\":500},{\"@type\":\"BreadcrumbList\",\"@id\":\"https:\\\/\\\/www.accuratereviews.com\\\/it\\\/programmi-gestione-turni-lavoro\\\/brighthr-recensione\\\/#breadcrumb\",\"itemListElement\":[{\"@type\":\"ListItem\",\"position\":1,\"name\":\"Home\",\"item\":\"https:\\\/\\\/www.accuratereviews.com\\\/it\\\/\"},{\"@type\":\"ListItem\",\"position\":2,\"name\":\"Programmi per turni di lavoro\",\"item\":\"https:\\\/\\\/www.accuratereviews.com\\\/it\\\/programmi-gestione-turni-lavoro\\\/\"},{\"@type\":\"ListItem\",\"position\":3,\"name\":\"BrightHR\"}]},{\"@type\":\"WebSite\",\"@id\":\"https:\\\/\\\/www.accuratereviews.com\\\/it\\\/#website\",\"url\":\"https:\\\/\\\/www.accuratereviews.com\\\/it\\\/\",\"name\":\"Accurate Reviews\",\"description\":\"\",\"potentialAction\":[{\"@type\":\"SearchAction\",\"target\":{\"@type\":\"EntryPoint\",\"urlTemplate\":\"https:\\\/\\\/www.accuratereviews.com\\\/it\\\/?s={search_term_string}\"},\"query-input\":{\"@type\":\"PropertyValueSpecification\",\"valueRequired\":true,\"valueName\":\"search_term_string\"}}],\"inLanguage\":\"it-IT\"}]}<\/script>\n<!-- \/ Yoast SEO plugin. -->","yoast_head_json":{"title":"BrightHR: recensione software turni di lavoro - Accurate Reviews","description":"BrightHR: recensione soluzione HR digitale delle risorse umane che offre consigli chiari e pratici e una tecnologia intuitiva.","robots":{"index":"index","follow":"follow","max-snippet":"max-snippet:-1","max-image-preview":"max-image-preview:large","max-video-preview":"max-video-preview:-1"},"canonical":"https:\/\/www.accuratereviews.com\/it\/programmi-gestione-turni-lavoro\/brighthr-recensione\/","og_locale":"it_IT","og_type":"article","og_title":"BrightHR: recensione software turni di lavoro - Accurate Reviews","og_description":"BrightHR: recensione soluzione HR digitale delle risorse umane che offre consigli chiari e pratici e una tecnologia intuitiva.","og_url":"https:\/\/www.accuratereviews.com\/it\/programmi-gestione-turni-lavoro\/brighthr-recensione\/","og_site_name":"Accurate Reviews","article_modified_time":"2025-08-07T09:19:51+00:00","og_image":[{"width":900,"height":500,"url":"https:\/\/www.accuratereviews.com\/wp-content\/uploads\/2025\/08\/BrightHR.png","type":"image\/png"}],"twitter_card":"summary_large_image","twitter_misc":{"Tempo di lettura stimato":"5 minuti"},"schema":{"@context":"https:\/\/schema.org","@graph":[{"@type":"WebPage","@id":"https:\/\/www.accuratereviews.com\/it\/programmi-gestione-turni-lavoro\/brighthr-recensione\/","url":"https:\/\/www.accuratereviews.com\/it\/programmi-gestione-turni-lavoro\/brighthr-recensione\/","name":"BrightHR: recensione software turni di lavoro - Accurate Reviews","isPartOf":{"@id":"https:\/\/www.accuratereviews.com\/it\/#website"},"primaryImageOfPage":{"@id":"https:\/\/www.accuratereviews.com\/it\/programmi-gestione-turni-lavoro\/brighthr-recensione\/#primaryimage"},"image":{"@id":"https:\/\/www.accuratereviews.com\/it\/programmi-gestione-turni-lavoro\/brighthr-recensione\/#primaryimage"},"thumbnailUrl":"https:\/\/www.accuratereviews.com\/wp-content\/uploads\/2025\/08\/BrightHR.png","datePublished":"2025-08-06T14:40:27+00:00","dateModified":"2025-08-07T09:19:51+00:00","description":"BrightHR: recensione soluzione HR digitale delle risorse umane che offre consigli chiari e pratici e una tecnologia intuitiva.","breadcrumb":{"@id":"https:\/\/www.accuratereviews.com\/it\/programmi-gestione-turni-lavoro\/brighthr-recensione\/#breadcrumb"},"inLanguage":"it-IT","potentialAction":[{"@type":"ReadAction","target":["https:\/\/www.accuratereviews.com\/it\/programmi-gestione-turni-lavoro\/brighthr-recensione\/"]}]},{"@type":"ImageObject","inLanguage":"it-IT","@id":"https:\/\/www.accuratereviews.com\/it\/programmi-gestione-turni-lavoro\/brighthr-recensione\/#primaryimage","url":"https:\/\/www.accuratereviews.com\/wp-content\/uploads\/2025\/08\/BrightHR.png","contentUrl":"https:\/\/www.accuratereviews.com\/wp-content\/uploads\/2025\/08\/BrightHR.png","width":900,"height":500},{"@type":"BreadcrumbList","@id":"https:\/\/www.accuratereviews.com\/it\/programmi-gestione-turni-lavoro\/brighthr-recensione\/#breadcrumb","itemListElement":[{"@type":"ListItem","position":1,"name":"Home","item":"https:\/\/www.accuratereviews.com\/it\/"},{"@type":"ListItem","position":2,"name":"Programmi per turni di lavoro","item":"https:\/\/www.accuratereviews.com\/it\/programmi-gestione-turni-lavoro\/"},{"@type":"ListItem","position":3,"name":"BrightHR"}]},{"@type":"WebSite","@id":"https:\/\/www.accuratereviews.com\/it\/#website","url":"https:\/\/www.accuratereviews.com\/it\/","name":"Accurate Reviews","description":"","potentialAction":[{"@type":"SearchAction","target":{"@type":"EntryPoint","urlTemplate":"https:\/\/www.accuratereviews.com\/it\/?s={search_term_string}"},"query-input":{"@type":"PropertyValueSpecification","valueRequired":true,"valueName":"search_term_string"}}],"inLanguage":"it-IT"}]}},"_links":{"self":[{"href":"https:\/\/www.accuratereviews.com\/it\/wp-json\/wp\/v2\/pages\/96439","targetHints":{"allow":["GET"]}}],"collection":[{"href":"https:\/\/www.accuratereviews.com\/it\/wp-json\/wp\/v2\/pages"}],"about":[{"href":"https:\/\/www.accuratereviews.com\/it\/wp-json\/wp\/v2\/types\/page"}],"author":[{"embeddable":true,"href":"https:\/\/www.accuratereviews.com\/it\/wp-json\/wp\/v2\/users\/19"}],"replies":[{"embeddable":true,"href":"https:\/\/www.accuratereviews.com\/it\/wp-json\/wp\/v2\/comments?post=96439"}],"version-history":[{"count":11,"href":"https:\/\/www.accuratereviews.com\/it\/wp-json\/wp\/v2\/pages\/96439\/revisions"}],"predecessor-version":[{"id":96728,"href":"https:\/\/www.accuratereviews.com\/it\/wp-json\/wp\/v2\/pages\/96439\/revisions\/96728"}],"up":[{"embeddable":true,"href":"https:\/\/www.accuratereviews.com\/it\/wp-json\/wp\/v2\/pages\/87246"}],"wp:featuredmedia":[{"embeddable":true,"href":"https:\/\/www.accuratereviews.com\/it\/wp-json\/wp\/v2\/media\/96440"}],"wp:attachment":[{"href":"https:\/\/www.accuratereviews.com\/it\/wp-json\/wp\/v2\/media?parent=96439"}],"wp:term":[{"taxonomy":"category","embeddable":true,"href":"https:\/\/www.accuratereviews.com\/it\/wp-json\/wp\/v2\/categories?post=96439"},{"taxonomy":"post_tag","embeddable":true,"href":"https:\/\/www.accuratereviews.com\/it\/wp-json\/wp\/v2\/tags?post=96439"},{"taxonomy":"features","embeddable":true,"href":"https:\/\/www.accuratereviews.com\/it\/wp-json\/wp\/v2\/features?post=96439"}],"curies":[{"name":"wp","href":"https:\/\/api.w.org\/{rel}","templated":true}]}}