{"id":96700,"date":"2025-08-07T12:56:00","date_gmt":"2025-08-07T12:56:00","guid":{"rendered":"https:\/\/www.accuratereviews.com\/?page_id=96700"},"modified":"2025-08-07T14:00:51","modified_gmt":"2025-08-07T14:00:51","slug":"clockit-recensione","status":"publish","type":"page","link":"https:\/\/www.accuratereviews.com\/it\/programmi-gestione-turni-lavoro\/clockit-recensione\/","title":{"rendered":"ClockIt"},"content":{"rendered":"<p><strong>ClockIt<\/strong> \u00e8 una<strong> soluzione cloud<\/strong> per la<strong> rilevazione di presenze <\/strong>che consente alle aziende di registrare e monitorare con precisione gli orari di ingresso e uscita dei propri dipendenti, nonch\u00e9 di tracciare la <strong>posizione GPS<\/strong> dei veicoli. Aiuta ad automatizzare i flussi di lavoro amministrativi, tra cui la registrazione delle presenze, il monitoraggio delle attivit\u00e0 chiave tramite una dashboard centralizzata, la generazione di report personalizzabili e altro ancora. La soluzione \u00e8 in grado di integrarsi con diversi dispositivi biometrici, app mobili e portali web, dai quali i dipendenti possono timbrare manualmente gli orari di arrivo e partenza, registrando la propria presenza giornaliera. Ci\u00f2 consente ai manager una visibilit\u00e0 completa sul conteggio giornaliero del personale e sulle ore produttive dedicate ai progetti.<br \/>\n<strong>ClockIt<\/strong>, inoltre,\u00a0include diversi modelli di reportistica per generare report personalizzabili per l&#8217;audit e la valutazione delle prestazioni dei dipendenti.<\/p>\n<h2>CLOCKIT &#8211; TUTORIAL<\/h2>\n<div id=\"fluid-wrapper-counter-1\" class=\"g1-fluid-wrapper \" style=\"width:686px;\">\n<div style=\"padding-bottom:56.268221574344%;\"><iframe loading=\"lazy\" title=\"ClockIt - Project and Task Tracking\" width=\"686\" height=\"386\" src=\"https:\/\/www.youtube.com\/embed\/xJOo-2JikVE?feature=oembed&amp;wmode=transparent&amp;autohide=1&amp;autoplay=0&amp;disablekb=0&amp;fs=1&amp;loop=0&amp;enablejsapi=1&amp;rel=0&amp;controls=2&amp;showinfo=0&amp;wmode=transparent&amp;autohide=2&amp;autoplay=0&amp;disablekb=0&amp;fs=1&amp;loop=0&amp;enablejsapi=1&amp;rel=0&amp;controls=2&amp;showinfo=1\" frameborder=\"0\" allow=\"accelerometer; autoplay; clipboard-write; encrypted-media; gyroscope; picture-in-picture; web-share\" referrerpolicy=\"strict-origin-when-cross-origin\" allowfullscreen><\/iframe><\/div>\n<\/div>\n<h3>CLOCKIT &#8211; CARATTERISTICHE<\/h3>\n<ul>\n<li><strong>Monitoraggio accurato del tempo<\/strong>: il calcolatore del cartellino garantisce un monitoraggio preciso delle ore di lavoro, eliminando errori manuali e garantendo un libro paga accurato.<\/li>\n<li><strong>Calcolo automatico degli straordinari<\/strong>: il sistema calcola automaticamente gli straordinari basandosi su regole personalizzabili, risparmiando tempo e riducendo il rischio di problemi di conformit\u00e0.<\/li>\n<li><strong>Integrazione pausa pranzo<\/strong>: consente di inserire e monitorare facilmente i periodi di pausa e pranzo, garantendo che questi tempi siano accuratamente contabilizzati nella durata totale del lavoro.<\/li>\n<li><strong>Monitoraggio in tempo reale<\/strong>: i manager possono monitorare i cartellini orari in tempo reale, consentendo adeguamenti immediati agli orari o al personale in base alle necessit\u00e0.<\/li>\n<li><strong>Controllo accurato del tempo<\/strong>: : il calcolatore garantisce un monitoraggio preciso delle ore di lavoro, fino al minuto, eliminando errori manuali e garantendo un libro paga accurato.<\/li>\n<li><strong>Calcolo automatico degli straordinari<\/strong>: il sistema calcola automaticamente gli straordinari basandosi su regole personalizzabili, risparmiando tempo e riducendo il rischio di problemi di conformit\u00e0.<\/li>\n<li><strong>Notifiche istanze di presenza<\/strong>: ricevi notifiche istantanee per sapere esattamente quando i dipendenti timbrano l&#8217;entrata, fanno le pause o escono, fanno gli straordinari e gestire il tuo team in modo efficace.<\/li>\n<li><strong>Impostazioni di notifica<\/strong>: personalizza le notifiche in base alle tue esigenze operative specifiche, assicurandoti di essere avvisato solo sulle attivit\u00e0 che sono importanti per te.<\/li>\n<li><strong>Multicanale<\/strong>: ricevi notifiche sulle app mobili, notifiche web, notifiche chat su Slack, Google Chat e Microsoft Teams.<\/li>\n<li><strong>Accrediti automatici del PTO:<\/strong> supporta gli accantonamenti automatici del PTO semplificando l&#8217;aggiornamento dei saldi delle ferie in tempo reale.<\/li>\n<li><strong>Mobile e web<\/strong>: I dipendenti possono richiedere PTO utilizzando l&#8217;account Web e le app mobili.<\/li>\n<li><strong>Applicazioni mobili<\/strong>: tieni traccia del tempo e delle presenze dei dipendenti con le app mobili sia su iOS che su Android. Le app supportano anche la pianificazione del percorso e il check-in.<\/li>\n<li><strong>Rapporti del foglio presenze<\/strong>: report semplici sia per l&#8217;analisi che per le buste paga con file CSV e fogli di calcolo con un solo clic.<\/li>\n<li><strong>Regole di arrotondamento<\/strong>: regole di arrotondamento automatiche per punch IN e OUT per un facile calcolo degli straordinari.<\/li>\n<li><strong>Calendario con codice colore<\/strong>: il calendario codificato a colori di facile lettura aiuta a visualizzare facilmente le prestazioni temporali di ogni dipendente.<\/li>\n<\/ul>\n<h4>LE RECENSIONI DEGLI UTENTI<\/h4>\n<p><strong>Mohammed &#8220;Responsabile delle operazioni globali&#8221;<\/strong><br \/>\n<strong>Commenti<\/strong>: Nel complesso \u00e8 stato buono e facile da usare. \u00c8 buono.<br \/>\n<strong>Pro<\/strong>: interfaccia e sistema semplice da usare.<br \/>\n<strong>Contro<\/strong>: finora tutto bene. Non ho feedback importanti.<\/p>\n<p><strong>Fred &#8220;Recensione di Clockit&#8221;<\/strong><br \/>\n<strong>Commenti<\/strong>: Facile da usare, ottima interfaccia e personalizzazione nel foglio presenze della busta paga.<br \/>\n<strong>Pro<\/strong>: ClockIt \u00e8 molto intuitivo, facile da usare e ha delle ottime funzionalit\u00e0 che potrebbero facilmente aiutarmi nelle mie attivit\u00e0 di monitoraggio del tempo e di gestione delle paghe.<br \/>\n<strong>Contro<\/strong>: forse in futuro gli sviluppatori potranno aggiungere un metodo per pagare direttamente dall&#8217;app\/sito.<\/p>\n<p><strong>Maristhel &#8220;Semplicit\u00e0 nell&#8217;efficienza&#8221;<\/strong><br \/>\n<strong>Commenti<\/strong>: Do a Clockit 5 stelle su 5 e lo consiglio vivamente alle piccole e medie imprese.<br \/>\n<strong>Pro<\/strong>: Clockit \u00e8 semplice e diretto. Meno \u00e8 di pi\u00f9!!!<br \/>\n<strong>Contro<\/strong>: penso che ci\u00f2 che si potrebbe migliorare \u00e8 che quando un dipendente dimentica di uscire, dovrebbe inviargli un messaggio o un&#8217;e-mail per dirgli che ha dimenticato di uscire.<\/p>\n","protected":false},"excerpt":{"rendered":"<p>ClockIt \u00e8 una soluzione cloud per la rilevazione di presenze che consente alle aziende di registrare e monitorare con precisione gli orari di ingresso e uscita dei propri dipendenti, nonch\u00e9 di tracciare la posizione GPS dei veicoli. Aiuta ad automatizzare i flussi di lavoro amministrativi, tra cui la registrazione delle presenze, il monitoraggio delle attivit\u00e0 chiave tramite una dashboard centralizzata, la generazione di report personalizzabili e altro ancora.<\/p>\n","protected":false},"author":19,"featured_media":96702,"parent":87246,"menu_order":0,"comment_status":"open","ping_status":"closed","template":"g1_template_page_review_new.php","meta":{"_acf_changed":false,"cwp_meta_box_check":"No","cwp_rev_product_name":"","cwp_rev_product_image":"","wppr_links":[],"cwp_rev_price":"","wppr_options":[],"wppr_pros":[],"wppr_cons":[],"_monsterinsights_skip_tracking":false,"_monsterinsights_sitenote_active":false,"_monsterinsights_sitenote_note":"","_monsterinsights_sitenote_category":0,"footnotes":""},"categories":[16111],"tags":[16440,16146,16160,16120,16144,16123],"features":[],"class_list":{"0":"post-96700","1":"page","2":"type-page","3":"status-publish","4":"has-post-thumbnail","6":"category-programmi-per-turni-di-lavoro","7":"tag-clockit","8":"tag-piattaforma-turni-di-lavoro","9":"tag-programma-per-turni-di-lavoro","10":"tag-software-turni-di-lavoro","11":"tag-soluzione-turni-di-lavoro","12":"tag-turni-di-lavoro"},"wppr_data":{"cwp_meta_box_check":"No"},"acf":[],"yoast_head":"<!-- This site is optimized with the Yoast SEO plugin v27.4 - https:\/\/yoast.com\/product\/yoast-seo-wordpress\/ -->\n<title>ClockIt: recensione software turni di lavoro - Accurate Reviews<\/title>\n<meta name=\"description\" content=\"ClockIt: recensione software di rilevazione di presenze per monitorare con precisione gli orari di ingresso e uscita dei dipendenti.\" \/>\n<meta name=\"robots\" content=\"index, follow, max-snippet:-1, max-image-preview:large, max-video-preview:-1\" \/>\n<link rel=\"canonical\" href=\"https:\/\/www.accuratereviews.com\/it\/programmi-gestione-turni-lavoro\/clockit-recensione\/\" \/>\n<meta property=\"og:locale\" content=\"it_IT\" \/>\n<meta property=\"og:type\" content=\"article\" \/>\n<meta property=\"og:title\" content=\"ClockIt: recensione software turni di lavoro - Accurate Reviews\" \/>\n<meta property=\"og:description\" content=\"ClockIt: recensione software di rilevazione di presenze per monitorare con precisione gli orari di ingresso e uscita dei dipendenti.\" \/>\n<meta property=\"og:url\" content=\"https:\/\/www.accuratereviews.com\/it\/programmi-gestione-turni-lavoro\/clockit-recensione\/\" \/>\n<meta property=\"og:site_name\" content=\"Accurate Reviews\" \/>\n<meta property=\"article:modified_time\" content=\"2025-08-07T14:00:51+00:00\" \/>\n<meta property=\"og:image\" content=\"https:\/\/www.accuratereviews.com\/wp-content\/uploads\/2025\/08\/ClockIt.png\" \/>\n\t<meta property=\"og:image:width\" content=\"800\" \/>\n\t<meta property=\"og:image:height\" content=\"800\" \/>\n\t<meta property=\"og:image:type\" content=\"image\/png\" \/>\n<meta name=\"twitter:card\" content=\"summary_large_image\" \/>\n<meta name=\"twitter:label1\" content=\"Tempo di lettura stimato\" \/>\n\t<meta name=\"twitter:data1\" content=\"5 minuti\" \/>\n<script type=\"application\/ld+json\" class=\"yoast-schema-graph\">{\"@context\":\"https:\\\/\\\/schema.org\",\"@graph\":[{\"@type\":\"WebPage\",\"@id\":\"https:\\\/\\\/www.accuratereviews.com\\\/it\\\/programmi-gestione-turni-lavoro\\\/clockit-recensione\\\/\",\"url\":\"https:\\\/\\\/www.accuratereviews.com\\\/it\\\/programmi-gestione-turni-lavoro\\\/clockit-recensione\\\/\",\"name\":\"ClockIt: recensione software turni di lavoro - Accurate Reviews\",\"isPartOf\":{\"@id\":\"https:\\\/\\\/www.accuratereviews.com\\\/it\\\/#website\"},\"primaryImageOfPage\":{\"@id\":\"https:\\\/\\\/www.accuratereviews.com\\\/it\\\/programmi-gestione-turni-lavoro\\\/clockit-recensione\\\/#primaryimage\"},\"image\":{\"@id\":\"https:\\\/\\\/www.accuratereviews.com\\\/it\\\/programmi-gestione-turni-lavoro\\\/clockit-recensione\\\/#primaryimage\"},\"thumbnailUrl\":\"https:\\\/\\\/www.accuratereviews.com\\\/wp-content\\\/uploads\\\/2025\\\/08\\\/ClockIt.png\",\"datePublished\":\"2025-08-07T12:56:00+00:00\",\"dateModified\":\"2025-08-07T14:00:51+00:00\",\"description\":\"ClockIt: recensione software di rilevazione di presenze per monitorare con precisione gli orari di ingresso e uscita dei dipendenti.\",\"breadcrumb\":{\"@id\":\"https:\\\/\\\/www.accuratereviews.com\\\/it\\\/programmi-gestione-turni-lavoro\\\/clockit-recensione\\\/#breadcrumb\"},\"inLanguage\":\"it-IT\",\"potentialAction\":[{\"@type\":\"ReadAction\",\"target\":[\"https:\\\/\\\/www.accuratereviews.com\\\/it\\\/programmi-gestione-turni-lavoro\\\/clockit-recensione\\\/\"]}]},{\"@type\":\"ImageObject\",\"inLanguage\":\"it-IT\",\"@id\":\"https:\\\/\\\/www.accuratereviews.com\\\/it\\\/programmi-gestione-turni-lavoro\\\/clockit-recensione\\\/#primaryimage\",\"url\":\"https:\\\/\\\/www.accuratereviews.com\\\/wp-content\\\/uploads\\\/2025\\\/08\\\/ClockIt.png\",\"contentUrl\":\"https:\\\/\\\/www.accuratereviews.com\\\/wp-content\\\/uploads\\\/2025\\\/08\\\/ClockIt.png\",\"width\":800,\"height\":800},{\"@type\":\"BreadcrumbList\",\"@id\":\"https:\\\/\\\/www.accuratereviews.com\\\/it\\\/programmi-gestione-turni-lavoro\\\/clockit-recensione\\\/#breadcrumb\",\"itemListElement\":[{\"@type\":\"ListItem\",\"position\":1,\"name\":\"Home\",\"item\":\"https:\\\/\\\/www.accuratereviews.com\\\/it\\\/\"},{\"@type\":\"ListItem\",\"position\":2,\"name\":\"Programmi per turni di lavoro\",\"item\":\"https:\\\/\\\/www.accuratereviews.com\\\/it\\\/programmi-gestione-turni-lavoro\\\/\"},{\"@type\":\"ListItem\",\"position\":3,\"name\":\"ClockIt\"}]},{\"@type\":\"WebSite\",\"@id\":\"https:\\\/\\\/www.accuratereviews.com\\\/it\\\/#website\",\"url\":\"https:\\\/\\\/www.accuratereviews.com\\\/it\\\/\",\"name\":\"Accurate Reviews\",\"description\":\"\",\"potentialAction\":[{\"@type\":\"SearchAction\",\"target\":{\"@type\":\"EntryPoint\",\"urlTemplate\":\"https:\\\/\\\/www.accuratereviews.com\\\/it\\\/?s={search_term_string}\"},\"query-input\":{\"@type\":\"PropertyValueSpecification\",\"valueRequired\":true,\"valueName\":\"search_term_string\"}}],\"inLanguage\":\"it-IT\"}]}<\/script>\n<!-- \/ Yoast SEO plugin. -->","yoast_head_json":{"title":"ClockIt: recensione software turni di lavoro - Accurate Reviews","description":"ClockIt: recensione software di rilevazione di presenze per monitorare con precisione gli orari di ingresso e uscita dei dipendenti.","robots":{"index":"index","follow":"follow","max-snippet":"max-snippet:-1","max-image-preview":"max-image-preview:large","max-video-preview":"max-video-preview:-1"},"canonical":"https:\/\/www.accuratereviews.com\/it\/programmi-gestione-turni-lavoro\/clockit-recensione\/","og_locale":"it_IT","og_type":"article","og_title":"ClockIt: recensione software turni di lavoro - Accurate Reviews","og_description":"ClockIt: recensione software di rilevazione di presenze per monitorare con precisione gli orari di ingresso e uscita dei dipendenti.","og_url":"https:\/\/www.accuratereviews.com\/it\/programmi-gestione-turni-lavoro\/clockit-recensione\/","og_site_name":"Accurate Reviews","article_modified_time":"2025-08-07T14:00:51+00:00","og_image":[{"width":800,"height":800,"url":"https:\/\/www.accuratereviews.com\/wp-content\/uploads\/2025\/08\/ClockIt.png","type":"image\/png"}],"twitter_card":"summary_large_image","twitter_misc":{"Tempo di lettura stimato":"5 minuti"},"schema":{"@context":"https:\/\/schema.org","@graph":[{"@type":"WebPage","@id":"https:\/\/www.accuratereviews.com\/it\/programmi-gestione-turni-lavoro\/clockit-recensione\/","url":"https:\/\/www.accuratereviews.com\/it\/programmi-gestione-turni-lavoro\/clockit-recensione\/","name":"ClockIt: recensione software turni di lavoro - Accurate Reviews","isPartOf":{"@id":"https:\/\/www.accuratereviews.com\/it\/#website"},"primaryImageOfPage":{"@id":"https:\/\/www.accuratereviews.com\/it\/programmi-gestione-turni-lavoro\/clockit-recensione\/#primaryimage"},"image":{"@id":"https:\/\/www.accuratereviews.com\/it\/programmi-gestione-turni-lavoro\/clockit-recensione\/#primaryimage"},"thumbnailUrl":"https:\/\/www.accuratereviews.com\/wp-content\/uploads\/2025\/08\/ClockIt.png","datePublished":"2025-08-07T12:56:00+00:00","dateModified":"2025-08-07T14:00:51+00:00","description":"ClockIt: recensione software di rilevazione di presenze per monitorare con precisione gli orari di ingresso e uscita dei dipendenti.","breadcrumb":{"@id":"https:\/\/www.accuratereviews.com\/it\/programmi-gestione-turni-lavoro\/clockit-recensione\/#breadcrumb"},"inLanguage":"it-IT","potentialAction":[{"@type":"ReadAction","target":["https:\/\/www.accuratereviews.com\/it\/programmi-gestione-turni-lavoro\/clockit-recensione\/"]}]},{"@type":"ImageObject","inLanguage":"it-IT","@id":"https:\/\/www.accuratereviews.com\/it\/programmi-gestione-turni-lavoro\/clockit-recensione\/#primaryimage","url":"https:\/\/www.accuratereviews.com\/wp-content\/uploads\/2025\/08\/ClockIt.png","contentUrl":"https:\/\/www.accuratereviews.com\/wp-content\/uploads\/2025\/08\/ClockIt.png","width":800,"height":800},{"@type":"BreadcrumbList","@id":"https:\/\/www.accuratereviews.com\/it\/programmi-gestione-turni-lavoro\/clockit-recensione\/#breadcrumb","itemListElement":[{"@type":"ListItem","position":1,"name":"Home","item":"https:\/\/www.accuratereviews.com\/it\/"},{"@type":"ListItem","position":2,"name":"Programmi per turni di lavoro","item":"https:\/\/www.accuratereviews.com\/it\/programmi-gestione-turni-lavoro\/"},{"@type":"ListItem","position":3,"name":"ClockIt"}]},{"@type":"WebSite","@id":"https:\/\/www.accuratereviews.com\/it\/#website","url":"https:\/\/www.accuratereviews.com\/it\/","name":"Accurate Reviews","description":"","potentialAction":[{"@type":"SearchAction","target":{"@type":"EntryPoint","urlTemplate":"https:\/\/www.accuratereviews.com\/it\/?s={search_term_string}"},"query-input":{"@type":"PropertyValueSpecification","valueRequired":true,"valueName":"search_term_string"}}],"inLanguage":"it-IT"}]}},"_links":{"self":[{"href":"https:\/\/www.accuratereviews.com\/it\/wp-json\/wp\/v2\/pages\/96700","targetHints":{"allow":["GET"]}}],"collection":[{"href":"https:\/\/www.accuratereviews.com\/it\/wp-json\/wp\/v2\/pages"}],"about":[{"href":"https:\/\/www.accuratereviews.com\/it\/wp-json\/wp\/v2\/types\/page"}],"author":[{"embeddable":true,"href":"https:\/\/www.accuratereviews.com\/it\/wp-json\/wp\/v2\/users\/19"}],"replies":[{"embeddable":true,"href":"https:\/\/www.accuratereviews.com\/it\/wp-json\/wp\/v2\/comments?post=96700"}],"version-history":[{"count":14,"href":"https:\/\/www.accuratereviews.com\/it\/wp-json\/wp\/v2\/pages\/96700\/revisions"}],"predecessor-version":[{"id":96803,"href":"https:\/\/www.accuratereviews.com\/it\/wp-json\/wp\/v2\/pages\/96700\/revisions\/96803"}],"up":[{"embeddable":true,"href":"https:\/\/www.accuratereviews.com\/it\/wp-json\/wp\/v2\/pages\/87246"}],"wp:featuredmedia":[{"embeddable":true,"href":"https:\/\/www.accuratereviews.com\/it\/wp-json\/wp\/v2\/media\/96702"}],"wp:attachment":[{"href":"https:\/\/www.accuratereviews.com\/it\/wp-json\/wp\/v2\/media?parent=96700"}],"wp:term":[{"taxonomy":"category","embeddable":true,"href":"https:\/\/www.accuratereviews.com\/it\/wp-json\/wp\/v2\/categories?post=96700"},{"taxonomy":"post_tag","embeddable":true,"href":"https:\/\/www.accuratereviews.com\/it\/wp-json\/wp\/v2\/tags?post=96700"},{"taxonomy":"features","embeddable":true,"href":"https:\/\/www.accuratereviews.com\/it\/wp-json\/wp\/v2\/features?post=96700"}],"curies":[{"name":"wp","href":"https:\/\/api.w.org\/{rel}","templated":true}]}}