{"id":9674,"date":"2017-05-24T10:16:20","date_gmt":"2017-05-24T10:16:20","guid":{"rendered":"http:\/\/www.accuratereviews.com\/crm-software-migliori-lista\/pivotal\/"},"modified":"2017-05-24T12:24:05","modified_gmt":"2017-05-24T12:24:05","slug":"pivotal","status":"publish","type":"page","link":"https:\/\/www.accuratereviews.com\/it\/crm-software-migliori-lista\/pivotal\/","title":{"rendered":"Pivotal"},"content":{"rendered":"<p><img loading=\"lazy\" decoding=\"async\" src=\"http:\/\/www.accuratereviews.com\/wp-content\/uploads\/2017\/05\/pivotal-2.png\" alt=\"pivotal \" width=\"574\" height=\"407\" class=\"alignnone size-full wp-image-9670\" srcset=\"https:\/\/www.accuratereviews.com\/wp-content\/uploads\/2017\/05\/pivotal-2.png 574w, https:\/\/www.accuratereviews.com\/wp-content\/uploads\/2017\/05\/pivotal-2-300x213.png 300w, https:\/\/www.accuratereviews.com\/wp-content\/uploads\/2017\/05\/pivotal-2-176x125.png 176w, https:\/\/www.accuratereviews.com\/wp-content\/uploads\/2017\/05\/pivotal-2-50x35.png 50w, https:\/\/www.accuratereviews.com\/wp-content\/uploads\/2017\/05\/pivotal-2-320x227.png 320w, https:\/\/www.accuratereviews.com\/wp-content\/uploads\/2017\/05\/pivotal-2-239x169.png 239w\" sizes=\"auto, (max-width: 574px) 100vw, 574px\" \/><\/p>\n<p>Aptean sembra avere un&#8217;idea romantica e poco attuale dei propri clienti, se ci basiamo sul viso di presentazione del CRM. Il video parte con una sveglia che suona alle sette di mattina, ma il dirigente svegliato non ha nulla di cui preoccuparsi perch\u00e9 <strong>Pivotal gli permette di controllare tutte le attivit\u00e0 programmate<\/strong> sul proprio smartphone mentre lui indugia sotto le coperte. Questo uomo fortunato pu\u00f2 prendersi il lusso di fare una ricca e calma colazione mentre attende l&#8217;autista che lo porti alla riunione in cui utilizzer\u00e0 Pivotal sul proprio tablet per prendere appunti che condivider\u00e0 col collega.<\/p>\n<p><iframe loading=\"lazy\" width=\"560\" height=\"315\" src=\"https:\/\/www.youtube.com\/embed\/UnH-fYBfmGo\" frameborder=\"0\" allowfullscreen><\/iframe><\/p>\n<p>\u00c8 difficile che qualcuno dei normali utenti di Pivotal si possa riconoscere in questo video, ma pi\u00f9 probabilmente lavorer\u00e0 in un ufficio contando le ore che lo separano dal ritorno a casa. Sar\u00e0 proprio in quegli uffici che gli utenti utilizzeranno la <strong>funzionalit\u00e0 di programmazione delle attivit\u00e0 di Pivotal<\/strong>, controllandone lo stato e gli analytics oltre a <strong>tracciare il flusso di un lead nel tempo partendo dal primo contatto all&#8217;acquisto finale<\/strong>. Questa funzionalit\u00e0 \u00e8 particolarmente ben sviluppata in Pivot e permette di assicurare che le vendite non si perdano per un errore durante la fase di contatto di un lead. <\/p>\n<p><img loading=\"lazy\" decoding=\"async\" src=\"http:\/\/www.accuratereviews.com\/wp-content\/uploads\/2017\/05\/pivotal-1.png\" alt=\"pivotal \" width=\"503\" height=\"292\" class=\"alignnone size-full wp-image-9671\" srcset=\"https:\/\/www.accuratereviews.com\/wp-content\/uploads\/2017\/05\/pivotal-1.png 503w, https:\/\/www.accuratereviews.com\/wp-content\/uploads\/2017\/05\/pivotal-1-300x174.png 300w, https:\/\/www.accuratereviews.com\/wp-content\/uploads\/2017\/05\/pivotal-1-215x125.png 215w, https:\/\/www.accuratereviews.com\/wp-content\/uploads\/2017\/05\/pivotal-1-50x29.png 50w, https:\/\/www.accuratereviews.com\/wp-content\/uploads\/2017\/05\/pivotal-1-320x186.png 320w, https:\/\/www.accuratereviews.com\/wp-content\/uploads\/2017\/05\/pivotal-1-239x139.png 239w\" sizes=\"auto, (max-width: 503px) 100vw, 503px\" \/><\/p>\n<p><strong>La forza di Pivotal non \u00e8 nelle sue funzionalit\u00e0<\/strong>, che poi sono esattamente quelle che ci si aspetta in qualsiasi sistema CRM, e nemmeno nella sua <strong>interfaccia utente che risulta scarna e a blocchi<\/strong>, tanto da sembrar rimasta a Windows 95. <strong>L&#8217;aspetto forte di cui parliamo \u00e8 la possibilit\u00e0 di personalizzazione che Pivotal offre<\/strong>: possiamo comprarlo cos\u00ec com&#8217;\u00e8, ma Aptean fornisce anche versioni specifiche a seconda dei settori, inclusi costruzioni, immobiliari e servizi finanziari. I clienti possono richiedere ad Aptean di configurare Pivotal per il proprio business oppure possono farlo in modo autonomo rivolgendosi ai dipartimenti IT. \u00c8 anche possibile dare ad Aptean l&#8217;intera gestione del sistema e dell&#8217;hosting, utilizzando il servizio on-site una volta pronto. <\/p>\n<p>Tutte queste opzioni si basano sulla tanto decantata flessibilit\u00e0, ma ci\u00f2 che manca a Pivot \u00e8 ci\u00f2 che generalmente gli utenti richiedono a gran voce: un sistema intuitivo e facile da usare. Una piattaforma che richiede di essere adattata prima di essere utilizzata, di solito, non rispetta queste richieste e <strong>molti utenti di Pivot si lamentano dell&#8217;esperienza utente complessa<\/strong>. A volte, inoltre, il sistema appare lento e il servizio clienti non sembra particolarmente reattivo.<\/p>\n<p>Pivotal dovrebbe essere una soluzione personalizzabile per aziende di media grandezza che cercano una piattaforma per gestire lead, vendite, clienti e attivit\u00e0 tra dipendenti e ci riesce in pieno. Oltre, permette alle varie aree di un&#8217;azienda di rimanere in contatto anche a distanza.  <\/p>\n<p>Il sistema \u00e8 <strong>web based, disponibile su Mobile<\/strong>, compatibile con Office 2016, Exchange 2016 e Windows 10.<\/p>\n","protected":false},"excerpt":{"rendered":"<p>Aptean seems to have a strange idea of its customers. The promotional video for its Pivotal CRM program starts with an alarm clock ringing at seven in the morning. The hard-working executive the alarm clock wakes, though, has nothing to worry about because Pivotal lets him check his schedule on his phone as he lies in bed.<\/p>\n","protected":false},"author":16,"featured_media":0,"parent":5966,"menu_order":0,"comment_status":"open","ping_status":"closed","template":"g1_template_page_review_new.php","meta":{"_acf_changed":false,"cwp_meta_box_check":"Yes","cwp_rev_product_name":"","cwp_rev_product_image":"","wppr_links":[],"cwp_rev_price":"","wppr_options":[],"wppr_pros":[],"wppr_cons":[],"_monsterinsights_skip_tracking":false,"_monsterinsights_sitenote_active":false,"_monsterinsights_sitenote_note":"","_monsterinsights_sitenote_category":0,"footnotes":""},"categories":[120],"tags":[],"features":[],"class_list":{"0":"post-9674","1":"page","2":"type-page","3":"status-publish","5":"category-crm-it"},"wppr_data":{"cwp_meta_box_check":"Yes","cwp_rev_product_name":"","cwp_rev_product_image":"","cwp_image_link":"image","cwp_rev_price":"","wppr_rating":"0.00"},"acf":[],"yoast_head":"<!-- This site is optimized with the Yoast SEO plugin v27.4 - https:\/\/yoast.com\/product\/yoast-seo-wordpress\/ -->\n<title>Aptean Pivotal | Recensione dei migliori sistemi CRM | Accurate Reviews<\/title>\n<meta name=\"description\" content=\"Pivotal \u00e8 un CRM ricco di funzionalit\u00e0 e altamente personalizzabile sulle esigenze delle aziende di medie dimensioni, ma soffre di un&#039;UI poco aggiornata.\" \/>\n<meta name=\"robots\" content=\"index, follow, max-snippet:-1, max-image-preview:large, max-video-preview:-1\" \/>\n<link rel=\"canonical\" href=\"https:\/\/www.accuratereviews.com\/it\/crm-software-migliori-lista\/pivotal\/\" \/>\n<meta property=\"og:locale\" content=\"it_IT\" \/>\n<meta property=\"og:type\" content=\"article\" \/>\n<meta property=\"og:title\" content=\"Aptean Pivotal | Recensione dei migliori sistemi CRM | Accurate Reviews\" \/>\n<meta property=\"og:description\" content=\"Pivotal \u00e8 un CRM ricco di funzionalit\u00e0 e altamente personalizzabile sulle esigenze delle aziende di medie dimensioni, ma soffre di un&#039;UI poco aggiornata.\" \/>\n<meta property=\"og:url\" content=\"https:\/\/www.accuratereviews.com\/it\/crm-software-migliori-lista\/pivotal\/\" \/>\n<meta property=\"og:site_name\" content=\"Accurate Reviews\" \/>\n<meta property=\"article:modified_time\" content=\"2017-05-24T12:24:05+00:00\" \/>\n<meta property=\"og:image\" content=\"http:\/\/www.accuratereviews.com\/wp-content\/uploads\/2017\/05\/pivotal-2.png\" \/>\n<meta name=\"twitter:card\" content=\"summary_large_image\" \/>\n<meta name=\"twitter:label1\" content=\"Tempo di lettura stimato\" \/>\n\t<meta name=\"twitter:data1\" content=\"2 minuti\" \/>\n<script type=\"application\/ld+json\" class=\"yoast-schema-graph\">{\"@context\":\"https:\\\/\\\/schema.org\",\"@graph\":[{\"@type\":\"WebPage\",\"@id\":\"https:\\\/\\\/www.accuratereviews.com\\\/it\\\/crm-software-migliori-lista\\\/pivotal\\\/\",\"url\":\"https:\\\/\\\/www.accuratereviews.com\\\/it\\\/crm-software-migliori-lista\\\/pivotal\\\/\",\"name\":\"Aptean Pivotal | Recensione dei migliori sistemi CRM | Accurate Reviews\",\"isPartOf\":{\"@id\":\"https:\\\/\\\/www.accuratereviews.com\\\/it\\\/#website\"},\"primaryImageOfPage\":{\"@id\":\"https:\\\/\\\/www.accuratereviews.com\\\/it\\\/crm-software-migliori-lista\\\/pivotal\\\/#primaryimage\"},\"image\":{\"@id\":\"https:\\\/\\\/www.accuratereviews.com\\\/it\\\/crm-software-migliori-lista\\\/pivotal\\\/#primaryimage\"},\"thumbnailUrl\":\"http:\\\/\\\/www.accuratereviews.com\\\/wp-content\\\/uploads\\\/2017\\\/05\\\/pivotal-2.png\",\"datePublished\":\"2017-05-24T10:16:20+00:00\",\"dateModified\":\"2017-05-24T12:24:05+00:00\",\"description\":\"Pivotal \u00e8 un CRM ricco di funzionalit\u00e0 e altamente personalizzabile sulle esigenze delle aziende di medie dimensioni, ma soffre di un'UI poco aggiornata.\",\"breadcrumb\":{\"@id\":\"https:\\\/\\\/www.accuratereviews.com\\\/it\\\/crm-software-migliori-lista\\\/pivotal\\\/#breadcrumb\"},\"inLanguage\":\"it-IT\",\"potentialAction\":[{\"@type\":\"ReadAction\",\"target\":[\"https:\\\/\\\/www.accuratereviews.com\\\/it\\\/crm-software-migliori-lista\\\/pivotal\\\/\"]}]},{\"@type\":\"ImageObject\",\"inLanguage\":\"it-IT\",\"@id\":\"https:\\\/\\\/www.accuratereviews.com\\\/it\\\/crm-software-migliori-lista\\\/pivotal\\\/#primaryimage\",\"url\":\"http:\\\/\\\/www.accuratereviews.com\\\/wp-content\\\/uploads\\\/2017\\\/05\\\/pivotal-2.png\",\"contentUrl\":\"http:\\\/\\\/www.accuratereviews.com\\\/wp-content\\\/uploads\\\/2017\\\/05\\\/pivotal-2.png\"},{\"@type\":\"BreadcrumbList\",\"@id\":\"https:\\\/\\\/www.accuratereviews.com\\\/it\\\/crm-software-migliori-lista\\\/pivotal\\\/#breadcrumb\",\"itemListElement\":[{\"@type\":\"ListItem\",\"position\":1,\"name\":\"Home\",\"item\":\"https:\\\/\\\/www.accuratereviews.com\\\/it\\\/\"},{\"@type\":\"ListItem\",\"position\":2,\"name\":\"CRM: i software migliori\",\"item\":\"https:\\\/\\\/www.accuratereviews.com\\\/it\\\/crm-software-migliori-lista\\\/\"},{\"@type\":\"ListItem\",\"position\":3,\"name\":\"Pivotal\"}]},{\"@type\":\"WebSite\",\"@id\":\"https:\\\/\\\/www.accuratereviews.com\\\/it\\\/#website\",\"url\":\"https:\\\/\\\/www.accuratereviews.com\\\/it\\\/\",\"name\":\"Accurate Reviews\",\"description\":\"\",\"potentialAction\":[{\"@type\":\"SearchAction\",\"target\":{\"@type\":\"EntryPoint\",\"urlTemplate\":\"https:\\\/\\\/www.accuratereviews.com\\\/it\\\/?s={search_term_string}\"},\"query-input\":{\"@type\":\"PropertyValueSpecification\",\"valueRequired\":true,\"valueName\":\"search_term_string\"}}],\"inLanguage\":\"it-IT\"}]}<\/script>\n<!-- \/ Yoast SEO plugin. -->","yoast_head_json":{"title":"Aptean Pivotal | Recensione dei migliori sistemi CRM | Accurate Reviews","description":"Pivotal \u00e8 un CRM ricco di funzionalit\u00e0 e altamente personalizzabile sulle esigenze delle aziende di medie dimensioni, ma soffre di un'UI poco aggiornata.","robots":{"index":"index","follow":"follow","max-snippet":"max-snippet:-1","max-image-preview":"max-image-preview:large","max-video-preview":"max-video-preview:-1"},"canonical":"https:\/\/www.accuratereviews.com\/it\/crm-software-migliori-lista\/pivotal\/","og_locale":"it_IT","og_type":"article","og_title":"Aptean Pivotal | Recensione dei migliori sistemi CRM | Accurate Reviews","og_description":"Pivotal \u00e8 un CRM ricco di funzionalit\u00e0 e altamente personalizzabile sulle esigenze delle aziende di medie dimensioni, ma soffre di un'UI poco aggiornata.","og_url":"https:\/\/www.accuratereviews.com\/it\/crm-software-migliori-lista\/pivotal\/","og_site_name":"Accurate Reviews","article_modified_time":"2017-05-24T12:24:05+00:00","og_image":[{"url":"http:\/\/www.accuratereviews.com\/wp-content\/uploads\/2017\/05\/pivotal-2.png","type":"","width":"","height":""}],"twitter_card":"summary_large_image","twitter_misc":{"Tempo di lettura stimato":"2 minuti"},"schema":{"@context":"https:\/\/schema.org","@graph":[{"@type":"WebPage","@id":"https:\/\/www.accuratereviews.com\/it\/crm-software-migliori-lista\/pivotal\/","url":"https:\/\/www.accuratereviews.com\/it\/crm-software-migliori-lista\/pivotal\/","name":"Aptean Pivotal | Recensione dei migliori sistemi CRM | Accurate Reviews","isPartOf":{"@id":"https:\/\/www.accuratereviews.com\/it\/#website"},"primaryImageOfPage":{"@id":"https:\/\/www.accuratereviews.com\/it\/crm-software-migliori-lista\/pivotal\/#primaryimage"},"image":{"@id":"https:\/\/www.accuratereviews.com\/it\/crm-software-migliori-lista\/pivotal\/#primaryimage"},"thumbnailUrl":"http:\/\/www.accuratereviews.com\/wp-content\/uploads\/2017\/05\/pivotal-2.png","datePublished":"2017-05-24T10:16:20+00:00","dateModified":"2017-05-24T12:24:05+00:00","description":"Pivotal \u00e8 un CRM ricco di funzionalit\u00e0 e altamente personalizzabile sulle esigenze delle aziende di medie dimensioni, ma soffre di un'UI poco aggiornata.","breadcrumb":{"@id":"https:\/\/www.accuratereviews.com\/it\/crm-software-migliori-lista\/pivotal\/#breadcrumb"},"inLanguage":"it-IT","potentialAction":[{"@type":"ReadAction","target":["https:\/\/www.accuratereviews.com\/it\/crm-software-migliori-lista\/pivotal\/"]}]},{"@type":"ImageObject","inLanguage":"it-IT","@id":"https:\/\/www.accuratereviews.com\/it\/crm-software-migliori-lista\/pivotal\/#primaryimage","url":"http:\/\/www.accuratereviews.com\/wp-content\/uploads\/2017\/05\/pivotal-2.png","contentUrl":"http:\/\/www.accuratereviews.com\/wp-content\/uploads\/2017\/05\/pivotal-2.png"},{"@type":"BreadcrumbList","@id":"https:\/\/www.accuratereviews.com\/it\/crm-software-migliori-lista\/pivotal\/#breadcrumb","itemListElement":[{"@type":"ListItem","position":1,"name":"Home","item":"https:\/\/www.accuratereviews.com\/it\/"},{"@type":"ListItem","position":2,"name":"CRM: i software migliori","item":"https:\/\/www.accuratereviews.com\/it\/crm-software-migliori-lista\/"},{"@type":"ListItem","position":3,"name":"Pivotal"}]},{"@type":"WebSite","@id":"https:\/\/www.accuratereviews.com\/it\/#website","url":"https:\/\/www.accuratereviews.com\/it\/","name":"Accurate Reviews","description":"","potentialAction":[{"@type":"SearchAction","target":{"@type":"EntryPoint","urlTemplate":"https:\/\/www.accuratereviews.com\/it\/?s={search_term_string}"},"query-input":{"@type":"PropertyValueSpecification","valueRequired":true,"valueName":"search_term_string"}}],"inLanguage":"it-IT"}]}},"_links":{"self":[{"href":"https:\/\/www.accuratereviews.com\/it\/wp-json\/wp\/v2\/pages\/9674","targetHints":{"allow":["GET"]}}],"collection":[{"href":"https:\/\/www.accuratereviews.com\/it\/wp-json\/wp\/v2\/pages"}],"about":[{"href":"https:\/\/www.accuratereviews.com\/it\/wp-json\/wp\/v2\/types\/page"}],"author":[{"embeddable":true,"href":"https:\/\/www.accuratereviews.com\/it\/wp-json\/wp\/v2\/users\/16"}],"replies":[{"embeddable":true,"href":"https:\/\/www.accuratereviews.com\/it\/wp-json\/wp\/v2\/comments?post=9674"}],"version-history":[{"count":5,"href":"https:\/\/www.accuratereviews.com\/it\/wp-json\/wp\/v2\/pages\/9674\/revisions"}],"predecessor-version":[{"id":9686,"href":"https:\/\/www.accuratereviews.com\/it\/wp-json\/wp\/v2\/pages\/9674\/revisions\/9686"}],"up":[{"embeddable":true,"href":"https:\/\/www.accuratereviews.com\/it\/wp-json\/wp\/v2\/pages\/5966"}],"wp:attachment":[{"href":"https:\/\/www.accuratereviews.com\/it\/wp-json\/wp\/v2\/media?parent=9674"}],"wp:term":[{"taxonomy":"category","embeddable":true,"href":"https:\/\/www.accuratereviews.com\/it\/wp-json\/wp\/v2\/categories?post=9674"},{"taxonomy":"post_tag","embeddable":true,"href":"https:\/\/www.accuratereviews.com\/it\/wp-json\/wp\/v2\/tags?post=9674"},{"taxonomy":"features","embeddable":true,"href":"https:\/\/www.accuratereviews.com\/it\/wp-json\/wp\/v2\/features?post=9674"}],"curies":[{"name":"wp","href":"https:\/\/api.w.org\/{rel}","templated":true}]}}