{"id":9727,"date":"2017-05-25T12:06:10","date_gmt":"2017-05-25T12:06:10","guid":{"rendered":"http:\/\/www.accuratereviews.com\/crm-software-migliori-lista\/apptivo\/"},"modified":"2017-05-25T12:53:59","modified_gmt":"2017-05-25T12:53:59","slug":"apptivo","status":"publish","type":"page","link":"https:\/\/www.accuratereviews.com\/it\/crm-software-migliori-lista\/apptivo\/","title":{"rendered":"Apptivo"},"content":{"rendered":"<p><img loading=\"lazy\" decoding=\"async\" src=\"http:\/\/www.accuratereviews.com\/wp-content\/uploads\/2017\/05\/apptivo-2.png\" alt=\"apptivo\" width=\"799\" height=\"446\" class=\"alignnone size-full wp-image-9720\" srcset=\"https:\/\/www.accuratereviews.com\/wp-content\/uploads\/2017\/05\/apptivo-2.png 799w, https:\/\/www.accuratereviews.com\/wp-content\/uploads\/2017\/05\/apptivo-2-300x167.png 300w, https:\/\/www.accuratereviews.com\/wp-content\/uploads\/2017\/05\/apptivo-2-768x429.png 768w, https:\/\/www.accuratereviews.com\/wp-content\/uploads\/2017\/05\/apptivo-2-224x125.png 224w, https:\/\/www.accuratereviews.com\/wp-content\/uploads\/2017\/05\/apptivo-2-50x28.png 50w, https:\/\/www.accuratereviews.com\/wp-content\/uploads\/2017\/05\/apptivo-2-636x355.png 636w, https:\/\/www.accuratereviews.com\/wp-content\/uploads\/2017\/05\/apptivo-2-320x179.png 320w, https:\/\/www.accuratereviews.com\/wp-content\/uploads\/2017\/05\/apptivo-2-239x133.png 239w\" sizes=\"auto, (max-width: 799px) 100vw, 799px\" \/><\/p>\n<p>Chiunque crei nuovi software CRM si deve porre una domanda e darsi una risposta: perch\u00e9 l&#8217;utente non dovrebbe scegliere Salesforce? Con un concorrente cos\u00ec potente, conosciuto e largamente utilizzato, \u00e8 difficile darsi una risposta convincente. <strong>Apptivo ci \u00e8 riuscito<\/strong>. Se la risposta risulta abbastanza persuasiva da convincere un&#8217;azienda a rinunciare ad un servizio solido e largamente testato per uno meno noto dipender\u00e0 dal servizio stesso. <\/p>\n<p><strong>Apptivo offre una buona quantit\u00e0 di funzionalit\u00e0<\/strong>. Gli utenti possono <strong>catturare lead sul web, creare mailing list e aprire efficaci canali di comunicazione<\/strong> che convertiranno i contatti in acquirenti. Inoltre \u00e8 possibile riesaminare le attivit\u00e0 programmate, inviare fatture, creare progetti e gestire elenchi di contatti. \u00c8 inoltre possibile utilizzare i trigger per <strong>impostare regole personalizzate di automazione del flusso di lavoro<\/strong>, rendendo il processo di conversione e di comunicazione pi\u00f9 semplice e pi\u00f9 veloce.<\/p>\n<p>Apptivo introduce attraverso un calendario settimanale, ma sulla sinistra della pagina troviamo una lista di aree che vi porta nelle sezioni task, coda di lavoro, email, note e altre funzionalit\u00e0. Le feature pi\u00f9 notevole di Apptivo, tanto da renderla una soluzione attraente tanto quanto Salesforce, \u00e8 la sua flessibilit\u00e0. Il servizio permette di estendere le funzioni originalmente previste tramite <strong>app integrabili<\/strong> e ci\u00f2 avvantaggia le aziende con le pi\u00f9 disparate necessit\u00e0. Le aziende che non vogliono utilizzare un sistema separato di gestione delle vendite, ad esempio, pu\u00f2 aggiungere su Apptivo l&#8217;app dedicata. Le aziende che vogliono creare una sequenza tramite la quale spostare i lead possono trovare un&#8217;applicazione che permette di mantenere il controllo dell&#8217;intero processo senza lasciare Apptivo.<\/p>\n<p><img loading=\"lazy\" decoding=\"async\" src=\"http:\/\/www.accuratereviews.com\/wp-content\/uploads\/2017\/05\/apptivo-1.png\" alt=\"apptivo\" width=\"564\" height=\"396\" class=\"alignnone size-full wp-image-9721\" srcset=\"https:\/\/www.accuratereviews.com\/wp-content\/uploads\/2017\/05\/apptivo-1.png 564w, https:\/\/www.accuratereviews.com\/wp-content\/uploads\/2017\/05\/apptivo-1-300x211.png 300w, https:\/\/www.accuratereviews.com\/wp-content\/uploads\/2017\/05\/apptivo-1-178x125.png 178w, https:\/\/www.accuratereviews.com\/wp-content\/uploads\/2017\/05\/apptivo-1-50x35.png 50w, https:\/\/www.accuratereviews.com\/wp-content\/uploads\/2017\/05\/apptivo-1-320x225.png 320w, https:\/\/www.accuratereviews.com\/wp-content\/uploads\/2017\/05\/apptivo-1-239x168.png 239w\" sizes=\"auto, (max-width: 564px) 100vw, 564px\" \/><\/p>\n<p>Farete fatica a trovare un&#8217;app o una funzionalit\u00e0 per Apptivo che non esista anche per Salesforce, ma allo stesso tempo faticherete a trovare una combinazione di app e funzionalit\u00e0 che troverete altrettanto utili sulle piattaforme concorrenti.\u00c8 la flessibilit\u00e0 di Apptivo, pi\u00f9 che la gamma di funzionalit\u00e0, a rendere il servizio cos\u00ec degno di nota. Purtroppo, per\u00f2, <strong>Apptivo diviene meno flessibile quando si tratta di importare dati da altri programmi<\/strong>. Se avete gi\u00e0 un altro software che gestisce le fatture potreste trovare pi\u00f9 semplice continuare ad utilizzarlo che importarne i dati in Apptivo. <\/p>\n<p>Oltre alla flessibilit\u00e0 <strong>Apptivo ha un altro punto a favore: il prezzo<\/strong>. La piattaforma offre un piano gratuito per iniziare che pu\u00f2 essere utilizzato solo da tre utenti ed \u00e8 molto limitato: offre solo 500MB di storage e permette solo ricerca avanzata e report. In pratica, \u00e8 semplicemente una sorta di demo per capire se Apptivo fa per voi. Il piano Premium costa 10$\/utente al mese ($8.33 se scegliete il piano annuale) con due mesi di prova gratuita e una vasta quantit\u00e0 di funzionalit\u00e0 disponibili. Lo storage \u00e8 di 3GB per utente, con possibilit\u00e0 di 2.000 chiamate API per utente al giorno e possibilit\u00e0 di inviare 1.000 email per utente al mese. Un&#8217;offerta niente male.<\/p>\n<p>Il piano Ultimate costa $25\/utente al mese (oppure $20.83 col piano annuale) e porta lo storage per persona a 10GB, 20.000 chiamate API per utente al giorno e 3.000 email per utente al mese. Per un piano Enterprise bisogna richiedere un preventivo.<\/p>\n<p>Apptivo \u00e8 web based, funziona su FireFox, Chrome, Safari e Internet Explorer. La versione mobile \u00e8 disponibile per Android e iOS.<\/p>\n","protected":false},"excerpt":{"rendered":"<p>Chiunque crei nuovi software CRM si deve porre una domanda e darsi una risposta: perch\u00e9 l&#8217;utente non dovrebbe scegliere Salesforce? Con un concorrente cos\u00ec potente, conosciuto e largamente utilizzato, \u00e8 difficile darsi una risposta convincente. Apptivo ci \u00e8 riuscito.<\/p>\n","protected":false},"author":16,"featured_media":0,"parent":5966,"menu_order":0,"comment_status":"open","ping_status":"closed","template":"g1_template_page_review_new.php","meta":{"_acf_changed":false,"cwp_meta_box_check":"Yes","cwp_rev_product_name":"","cwp_rev_product_image":"","wppr_links":[],"cwp_rev_price":"","wppr_options":[],"wppr_pros":[],"wppr_cons":[],"_monsterinsights_skip_tracking":false,"_monsterinsights_sitenote_active":false,"_monsterinsights_sitenote_note":"","_monsterinsights_sitenote_category":0,"footnotes":""},"categories":[120],"tags":[],"features":[],"class_list":{"0":"post-9727","1":"page","2":"type-page","3":"status-publish","5":"category-crm-it"},"wppr_data":{"cwp_meta_box_check":"Yes","cwp_rev_product_name":"","cwp_rev_product_image":"","cwp_image_link":"image","cwp_rev_price":"","wppr_rating":"0.00"},"acf":[],"yoast_head":"<!-- This site is optimized with the Yoast SEO plugin v27.4 - https:\/\/yoast.com\/product\/yoast-seo-wordpress\/ -->\n<title>Apptivo | Recensioni dei migliori servizi CRM | Accurate Reviews<\/title>\n<meta name=\"description\" content=\"Apptivo \u00e8 la soluzione ideale per le piccole aziende con budget ridotti che cercano un approccio flessibile alla gestione del rapporto coi clienti.\" \/>\n<meta name=\"robots\" content=\"index, follow, max-snippet:-1, max-image-preview:large, max-video-preview:-1\" \/>\n<link rel=\"canonical\" href=\"https:\/\/www.accuratereviews.com\/it\/crm-software-migliori-lista\/apptivo\/\" \/>\n<meta property=\"og:locale\" content=\"it_IT\" \/>\n<meta property=\"og:type\" content=\"article\" \/>\n<meta property=\"og:title\" content=\"Apptivo | Recensioni dei migliori servizi CRM | Accurate Reviews\" \/>\n<meta property=\"og:description\" content=\"Apptivo \u00e8 la soluzione ideale per le piccole aziende con budget ridotti che cercano un approccio flessibile alla gestione del rapporto coi clienti.\" \/>\n<meta property=\"og:url\" content=\"https:\/\/www.accuratereviews.com\/it\/crm-software-migliori-lista\/apptivo\/\" \/>\n<meta property=\"og:site_name\" content=\"Accurate Reviews\" \/>\n<meta property=\"article:modified_time\" content=\"2017-05-25T12:53:59+00:00\" \/>\n<meta property=\"og:image\" content=\"http:\/\/www.accuratereviews.com\/wp-content\/uploads\/2017\/05\/apptivo-2.png\" \/>\n<meta name=\"twitter:card\" content=\"summary_large_image\" \/>\n<meta name=\"twitter:label1\" content=\"Tempo di lettura stimato\" \/>\n\t<meta name=\"twitter:data1\" content=\"3 minuti\" \/>\n<script type=\"application\/ld+json\" class=\"yoast-schema-graph\">{\"@context\":\"https:\\\/\\\/schema.org\",\"@graph\":[{\"@type\":\"WebPage\",\"@id\":\"https:\\\/\\\/www.accuratereviews.com\\\/it\\\/crm-software-migliori-lista\\\/apptivo\\\/\",\"url\":\"https:\\\/\\\/www.accuratereviews.com\\\/it\\\/crm-software-migliori-lista\\\/apptivo\\\/\",\"name\":\"Apptivo | Recensioni dei migliori servizi CRM | Accurate Reviews\",\"isPartOf\":{\"@id\":\"https:\\\/\\\/www.accuratereviews.com\\\/it\\\/#website\"},\"primaryImageOfPage\":{\"@id\":\"https:\\\/\\\/www.accuratereviews.com\\\/it\\\/crm-software-migliori-lista\\\/apptivo\\\/#primaryimage\"},\"image\":{\"@id\":\"https:\\\/\\\/www.accuratereviews.com\\\/it\\\/crm-software-migliori-lista\\\/apptivo\\\/#primaryimage\"},\"thumbnailUrl\":\"http:\\\/\\\/www.accuratereviews.com\\\/wp-content\\\/uploads\\\/2017\\\/05\\\/apptivo-2.png\",\"datePublished\":\"2017-05-25T12:06:10+00:00\",\"dateModified\":\"2017-05-25T12:53:59+00:00\",\"description\":\"Apptivo \u00e8 la soluzione ideale per le piccole aziende con budget ridotti che cercano un approccio flessibile alla gestione del rapporto coi clienti.\",\"breadcrumb\":{\"@id\":\"https:\\\/\\\/www.accuratereviews.com\\\/it\\\/crm-software-migliori-lista\\\/apptivo\\\/#breadcrumb\"},\"inLanguage\":\"it-IT\",\"potentialAction\":[{\"@type\":\"ReadAction\",\"target\":[\"https:\\\/\\\/www.accuratereviews.com\\\/it\\\/crm-software-migliori-lista\\\/apptivo\\\/\"]}]},{\"@type\":\"ImageObject\",\"inLanguage\":\"it-IT\",\"@id\":\"https:\\\/\\\/www.accuratereviews.com\\\/it\\\/crm-software-migliori-lista\\\/apptivo\\\/#primaryimage\",\"url\":\"http:\\\/\\\/www.accuratereviews.com\\\/wp-content\\\/uploads\\\/2017\\\/05\\\/apptivo-2.png\",\"contentUrl\":\"http:\\\/\\\/www.accuratereviews.com\\\/wp-content\\\/uploads\\\/2017\\\/05\\\/apptivo-2.png\"},{\"@type\":\"BreadcrumbList\",\"@id\":\"https:\\\/\\\/www.accuratereviews.com\\\/it\\\/crm-software-migliori-lista\\\/apptivo\\\/#breadcrumb\",\"itemListElement\":[{\"@type\":\"ListItem\",\"position\":1,\"name\":\"Home\",\"item\":\"https:\\\/\\\/www.accuratereviews.com\\\/it\\\/\"},{\"@type\":\"ListItem\",\"position\":2,\"name\":\"CRM: i software migliori\",\"item\":\"https:\\\/\\\/www.accuratereviews.com\\\/it\\\/crm-software-migliori-lista\\\/\"},{\"@type\":\"ListItem\",\"position\":3,\"name\":\"Apptivo\"}]},{\"@type\":\"WebSite\",\"@id\":\"https:\\\/\\\/www.accuratereviews.com\\\/it\\\/#website\",\"url\":\"https:\\\/\\\/www.accuratereviews.com\\\/it\\\/\",\"name\":\"Accurate Reviews\",\"description\":\"\",\"potentialAction\":[{\"@type\":\"SearchAction\",\"target\":{\"@type\":\"EntryPoint\",\"urlTemplate\":\"https:\\\/\\\/www.accuratereviews.com\\\/it\\\/?s={search_term_string}\"},\"query-input\":{\"@type\":\"PropertyValueSpecification\",\"valueRequired\":true,\"valueName\":\"search_term_string\"}}],\"inLanguage\":\"it-IT\"}]}<\/script>\n<!-- \/ Yoast SEO plugin. -->","yoast_head_json":{"title":"Apptivo | Recensioni dei migliori servizi CRM | Accurate Reviews","description":"Apptivo \u00e8 la soluzione ideale per le piccole aziende con budget ridotti che cercano un approccio flessibile alla gestione del rapporto coi clienti.","robots":{"index":"index","follow":"follow","max-snippet":"max-snippet:-1","max-image-preview":"max-image-preview:large","max-video-preview":"max-video-preview:-1"},"canonical":"https:\/\/www.accuratereviews.com\/it\/crm-software-migliori-lista\/apptivo\/","og_locale":"it_IT","og_type":"article","og_title":"Apptivo | Recensioni dei migliori servizi CRM | Accurate Reviews","og_description":"Apptivo \u00e8 la soluzione ideale per le piccole aziende con budget ridotti che cercano un approccio flessibile alla gestione del rapporto coi clienti.","og_url":"https:\/\/www.accuratereviews.com\/it\/crm-software-migliori-lista\/apptivo\/","og_site_name":"Accurate Reviews","article_modified_time":"2017-05-25T12:53:59+00:00","og_image":[{"url":"http:\/\/www.accuratereviews.com\/wp-content\/uploads\/2017\/05\/apptivo-2.png","type":"","width":"","height":""}],"twitter_card":"summary_large_image","twitter_misc":{"Tempo di lettura stimato":"3 minuti"},"schema":{"@context":"https:\/\/schema.org","@graph":[{"@type":"WebPage","@id":"https:\/\/www.accuratereviews.com\/it\/crm-software-migliori-lista\/apptivo\/","url":"https:\/\/www.accuratereviews.com\/it\/crm-software-migliori-lista\/apptivo\/","name":"Apptivo | Recensioni dei migliori servizi CRM | Accurate Reviews","isPartOf":{"@id":"https:\/\/www.accuratereviews.com\/it\/#website"},"primaryImageOfPage":{"@id":"https:\/\/www.accuratereviews.com\/it\/crm-software-migliori-lista\/apptivo\/#primaryimage"},"image":{"@id":"https:\/\/www.accuratereviews.com\/it\/crm-software-migliori-lista\/apptivo\/#primaryimage"},"thumbnailUrl":"http:\/\/www.accuratereviews.com\/wp-content\/uploads\/2017\/05\/apptivo-2.png","datePublished":"2017-05-25T12:06:10+00:00","dateModified":"2017-05-25T12:53:59+00:00","description":"Apptivo \u00e8 la soluzione ideale per le piccole aziende con budget ridotti che cercano un approccio flessibile alla gestione del rapporto coi clienti.","breadcrumb":{"@id":"https:\/\/www.accuratereviews.com\/it\/crm-software-migliori-lista\/apptivo\/#breadcrumb"},"inLanguage":"it-IT","potentialAction":[{"@type":"ReadAction","target":["https:\/\/www.accuratereviews.com\/it\/crm-software-migliori-lista\/apptivo\/"]}]},{"@type":"ImageObject","inLanguage":"it-IT","@id":"https:\/\/www.accuratereviews.com\/it\/crm-software-migliori-lista\/apptivo\/#primaryimage","url":"http:\/\/www.accuratereviews.com\/wp-content\/uploads\/2017\/05\/apptivo-2.png","contentUrl":"http:\/\/www.accuratereviews.com\/wp-content\/uploads\/2017\/05\/apptivo-2.png"},{"@type":"BreadcrumbList","@id":"https:\/\/www.accuratereviews.com\/it\/crm-software-migliori-lista\/apptivo\/#breadcrumb","itemListElement":[{"@type":"ListItem","position":1,"name":"Home","item":"https:\/\/www.accuratereviews.com\/it\/"},{"@type":"ListItem","position":2,"name":"CRM: i software migliori","item":"https:\/\/www.accuratereviews.com\/it\/crm-software-migliori-lista\/"},{"@type":"ListItem","position":3,"name":"Apptivo"}]},{"@type":"WebSite","@id":"https:\/\/www.accuratereviews.com\/it\/#website","url":"https:\/\/www.accuratereviews.com\/it\/","name":"Accurate Reviews","description":"","potentialAction":[{"@type":"SearchAction","target":{"@type":"EntryPoint","urlTemplate":"https:\/\/www.accuratereviews.com\/it\/?s={search_term_string}"},"query-input":{"@type":"PropertyValueSpecification","valueRequired":true,"valueName":"search_term_string"}}],"inLanguage":"it-IT"}]}},"_links":{"self":[{"href":"https:\/\/www.accuratereviews.com\/it\/wp-json\/wp\/v2\/pages\/9727","targetHints":{"allow":["GET"]}}],"collection":[{"href":"https:\/\/www.accuratereviews.com\/it\/wp-json\/wp\/v2\/pages"}],"about":[{"href":"https:\/\/www.accuratereviews.com\/it\/wp-json\/wp\/v2\/types\/page"}],"author":[{"embeddable":true,"href":"https:\/\/www.accuratereviews.com\/it\/wp-json\/wp\/v2\/users\/16"}],"replies":[{"embeddable":true,"href":"https:\/\/www.accuratereviews.com\/it\/wp-json\/wp\/v2\/comments?post=9727"}],"version-history":[{"count":3,"href":"https:\/\/www.accuratereviews.com\/it\/wp-json\/wp\/v2\/pages\/9727\/revisions"}],"predecessor-version":[{"id":9730,"href":"https:\/\/www.accuratereviews.com\/it\/wp-json\/wp\/v2\/pages\/9727\/revisions\/9730"}],"up":[{"embeddable":true,"href":"https:\/\/www.accuratereviews.com\/it\/wp-json\/wp\/v2\/pages\/5966"}],"wp:attachment":[{"href":"https:\/\/www.accuratereviews.com\/it\/wp-json\/wp\/v2\/media?parent=9727"}],"wp:term":[{"taxonomy":"category","embeddable":true,"href":"https:\/\/www.accuratereviews.com\/it\/wp-json\/wp\/v2\/categories?post=9727"},{"taxonomy":"post_tag","embeddable":true,"href":"https:\/\/www.accuratereviews.com\/it\/wp-json\/wp\/v2\/tags?post=9727"},{"taxonomy":"features","embeddable":true,"href":"https:\/\/www.accuratereviews.com\/it\/wp-json\/wp\/v2\/features?post=9727"}],"curies":[{"name":"wp","href":"https:\/\/api.w.org\/{rel}","templated":true}]}}