{"id":97656,"date":"2025-08-14T15:51:34","date_gmt":"2025-08-14T15:51:34","guid":{"rendered":"https:\/\/www.accuratereviews.com\/?page_id=97656"},"modified":"2025-08-14T15:51:34","modified_gmt":"2025-08-14T15:51:34","slug":"whentowork-recensione","status":"publish","type":"page","link":"https:\/\/www.accuratereviews.com\/it\/programmi-gestione-turni-lavoro\/whentowork-recensione\/","title":{"rendered":"WhenToWork"},"content":{"rendered":"<p><strong>WhenToWork<\/strong> \u00e8 una soluzione per la <strong>pianificazione dei turni dei dipendent<\/strong>i che consente alle aziende di gestire i turni manualmente o automaticamente e di visualizzare gli orari, scambiare turni, richiedere ferie e altro ancora. Con la soluzione, gli utenti possono creare orari settimanali ricorrenti o variabili per una o pi\u00f9 sedi, con la possibilit\u00e0 di aggiungere turni manualmente o importarli da un modello. L&#8217;interfaccia drag-and-drop di <strong>WhenToWork<\/strong> consente agli utenti di copiare e<strong> spostare i turni,<\/strong> con i dipendenti che vengono automaticamente avvisati tramite sms o email di eventuali modifiche. I turni possono anche essere rimossi dall&#8217;assegnazione e spostati nella bacheca aziendale affinch\u00e9 i dipendenti possano richiederli. Gli utenti possono visualizzare quali dipendenti hanno visualizzato e confermato la ricezione dei loro orari. Quando le richieste di ferie vengono approvate, l&#8217;orario viene aggiornato automaticamente. Include anche una funzionalit\u00e0 di compilazione automatica che pu\u00f2 creare orari ottimali in base a una serie di parametri.<\/p>\n<h2>WHENTOWORK &#8211; TUTORIAL<\/h2>\n<div id=\"fluid-wrapper-counter-1\" class=\"g1-fluid-wrapper \" style=\"width:686px;\">\n<div style=\"padding-bottom:56.268221574344%;\"><iframe loading=\"lazy\" title=\"Scheduling Multiple Locations\" width=\"686\" height=\"386\" src=\"https:\/\/www.youtube.com\/embed\/lBeJof2V8Gk?feature=oembed&amp;wmode=transparent&amp;autohide=1&amp;autoplay=0&amp;disablekb=0&amp;fs=1&amp;loop=0&amp;enablejsapi=1&amp;rel=0&amp;controls=2&amp;showinfo=0&amp;wmode=transparent&amp;autohide=2&amp;autoplay=0&amp;disablekb=0&amp;fs=1&amp;loop=0&amp;enablejsapi=1&amp;rel=0&amp;controls=2&amp;showinfo=1\" frameborder=\"0\" allow=\"accelerometer; autoplay; clipboard-write; encrypted-media; gyroscope; picture-in-picture; web-share\" referrerpolicy=\"strict-origin-when-cross-origin\" allowfullscreen><\/iframe><\/div>\n<\/div>\n<h3>WHENTOWORK &#8211; CARATTERISTICHE<\/h3>\n<ul>\n<li>Carica il logo della tua azienda<\/li>\n<li>Crea orari di lavoro variabili o ricorrenti ogni settimana<\/li>\n<li>Aggiungi turni, copia da una settimana precedente o da un modello online rapidamente<\/li>\n<li>Interfaccia drag-and-drop per facili cambi di turno o clonazione<\/li>\n<li>Assegna manualmente o automaticamente i turni e scopri chi \u00e8 disponibile e preferisce quell&#8217;orario<\/li>\n<li>Lascia che i dipendenti scelgano i turni che desiderano online<\/li>\n<li>Le informazioni sui permessi sono sempre disponibili<\/li>\n<li>Pi\u00f9 sedi\/reparti vengono visualizzati insieme o separatamente<\/li>\n<li>App mobili gratuite per creare orari da qualsiasi smartphone<\/li>\n<li>Aggiungi un numero illimitato di altri manager e imposta le loro autorizzazioni<\/li>\n<li>I dipendenti possono visualizzare gli orari pubblicati dal proprio account<\/li>\n<li>Gli orari possono essere visualizzati anche su Google Calendar, Outlook e sui telefoni<\/li>\n<li>Notifiche istantanee inviate tramite email e sms<\/li>\n<li>I promemoria degli orari possono essere inviati in qualsiasi momento<\/li>\n<li>Dodici diverse visualizzazioni degli orari configurabili<\/li>\n<li>Sedi e reparti possono essere visualizzati separatamente o insieme<\/li>\n<li>Controlla cosa possono vedere e fare manager e dipendenti<\/li>\n<li>Bacheca aziendale disponibile<\/li>\n<li>La bacheca dei dipendenti consente cambi\/ritiri di turno<\/li>\n<li>Accedi tramite computer o dispositivo mobile per apportare modifiche agli orari<\/li>\n<li>Trovare sostituzioni \u00e8 facile: scopri chi preferisce quell&#8217;orario.<\/li>\n<li>Invia avvisi sms urgenti per un contatto immediato con i dipendenti.<\/li>\n<li>Consenti ai dipendenti di accedere per ritirare i turni aperti.<\/li>\n<li>I dipendenti possono richiedere ferie e, se approvate, aggiorneranno la pianificazione.<\/li>\n<li>Controlla cosa possono fare e vedere manager e dipendenti.<\/li>\n<li>Ampie opzioni di notifica per manager e dipendenti.<\/li>\n<li>Monitora quali dipendenti hanno visualizzato e confermato le pianificazioni.<\/li>\n<li>Esporta le pianificazioni aggiornate automaticamente su Google Calendar e Outlook.<\/li>\n<li>Stampa ed esporta i dati per tutti o solo per determinati reparti\/sedi.<\/li>\n<li>Monitora le modifiche apportate alle pianificazioni, scopri chi le ha apportate e quando.<\/li>\n<li>Visualizza le statistiche delle pianificazioni e verifica la presenza di conflitti.<\/li>\n<li>Esporta i dati delle pianificazioni per utilizzarli in altri programmi (buste paga, ecc.).<\/li>\n<\/ul>\n<h4>LE RECENSIONI DEGLI UTENTI<\/h4>\n<p><strong>Laina &#8220;When to Work \u00e8 perfetto per i dipendenti part-time&#8221;<\/strong><br \/>\n<strong>Pro<\/strong>: tutte le funzionalit\u00e0 che desideri per la pianificazione e molto altro ancora a un prezzo conveniente.<br \/>\n<strong>Contro<\/strong>: le funzionalit\u00e0 sono cos\u00ec tante che potrebbe volerci un po&#8217; di tempo per impararle tutte.<\/p>\n<p><strong>Nicole &#8220;Pianificazione in movimento!&#8221;<\/strong><br \/>\n<strong>Commenti<\/strong>: \u00c8 un&#8217;app facile da usare e un luogo meraviglioso in cui tutti i nostri dipendenti possono accedere direttamente ai propri orari e a quelli dei colleghi, usufruire dei permessi retribuiti, richiedere ferie e scambiare turni con un collega. Il fatto che sia possibile accedervi ovunque e da qualsiasi dispositivo la rende ancora pi\u00f9 straordinaria.<br \/>\n<strong>Pro<\/strong>: il programma \u00e8 estremamente intuitivo e aiuta tutti i nostri dipendenti a rimanere aggiornati su programmazione, chiamate e possibilit\u00e0 di scambio di turni. L&#8217;app stessa \u00e8 comoda e facile da usare.<br \/>\n<strong>Contro<\/strong>: non ho davvero nulla da ridire sul programma. Ha reso l&#8217;esperienza di squadra davvero pi\u00f9 fluida.<\/p>\n<p><strong>Kayla &#8220;Ottimo per la chiarezza degli orari dei dipendenti&#8221;<\/strong><br \/>\n<strong>Commenti<\/strong>: meno turni persi grazie alla chiarezza dei dipendenti in prima linea sui loro orari<br \/>\n<strong>Pro<\/strong>: ha reso facile per i dipendenti vedere per quale lavoro erano programmati<br \/>\n<strong>Contro<\/strong>: la pianificazione \u00e8 stata un po&#8217; pi\u00f9 noiosa di quanto sperassi, ma la chiarezza dei dipendenti ne ha fatto valere la pena.<\/p>\n","protected":false},"excerpt":{"rendered":"<p>WhenToWork \u00e8 una soluzione per la pianificazione dei turni dei dipendenti che consente alle aziende di gestire i turni manualmente o automaticamente e di visualizzare gli orari, scambiare turni, richiedere ferie e altro ancora. Con la soluzione, gli utenti possono creare orari settimanali ricorrenti o variabili per una o pi\u00f9 sedi, con la possibilit\u00e0 di aggiungere turni manualmente o importarli da un modello.<\/p>\n","protected":false},"author":19,"featured_media":97659,"parent":87246,"menu_order":0,"comment_status":"open","ping_status":"closed","template":"g1_template_page_review_new.php","meta":{"_acf_changed":false,"cwp_meta_box_check":"No","cwp_rev_product_name":"","cwp_rev_product_image":"","wppr_links":[],"cwp_rev_price":"","wppr_options":[],"wppr_pros":[],"wppr_cons":[],"_monsterinsights_skip_tracking":false,"_monsterinsights_sitenote_active":false,"_monsterinsights_sitenote_note":"","_monsterinsights_sitenote_category":0,"footnotes":""},"categories":[16111],"tags":[1709,16123,16445],"features":[],"class_list":{"0":"post-97656","1":"page","2":"type-page","3":"status-publish","4":"has-post-thumbnail","6":"category-programmi-per-turni-di-lavoro","7":"tag-programma","8":"tag-turni-di-lavoro","9":"tag-whentowork"},"wppr_data":{"cwp_meta_box_check":"No"},"acf":[],"yoast_head":"<!-- This site is optimized with the Yoast SEO plugin v27.4 - https:\/\/yoast.com\/product\/yoast-seo-wordpress\/ -->\n<title>WhenToWork: recensione software turni di lavoro - Accurate Reviews<\/title>\n<meta name=\"description\" content=\"WhenToWork: recensione soluzione per pianificazione dei turni dei dipendenti che consente di gestire i turni manualmente o automaticamente.\" \/>\n<meta name=\"robots\" content=\"index, follow, max-snippet:-1, max-image-preview:large, max-video-preview:-1\" \/>\n<link rel=\"canonical\" href=\"https:\/\/www.accuratereviews.com\/it\/programmi-gestione-turni-lavoro\/whentowork-recensione\/\" \/>\n<meta property=\"og:locale\" content=\"it_IT\" \/>\n<meta property=\"og:type\" content=\"article\" \/>\n<meta property=\"og:title\" content=\"WhenToWork: recensione software turni di lavoro - Accurate Reviews\" \/>\n<meta property=\"og:description\" content=\"WhenToWork: recensione soluzione per pianificazione dei turni dei dipendenti che consente di gestire i turni manualmente o automaticamente.\" \/>\n<meta property=\"og:url\" content=\"https:\/\/www.accuratereviews.com\/it\/programmi-gestione-turni-lavoro\/whentowork-recensione\/\" \/>\n<meta property=\"og:site_name\" content=\"Accurate Reviews\" \/>\n<meta property=\"og:image\" content=\"https:\/\/www.accuratereviews.com\/wp-content\/uploads\/2025\/08\/WhenToWork-Logo.webp\" \/>\n\t<meta property=\"og:image:width\" content=\"200\" \/>\n\t<meta property=\"og:image:height\" content=\"200\" \/>\n\t<meta property=\"og:image:type\" content=\"image\/webp\" \/>\n<meta name=\"twitter:card\" content=\"summary_large_image\" \/>\n<meta name=\"twitter:label1\" content=\"Tempo di lettura stimato\" \/>\n\t<meta name=\"twitter:data1\" content=\"5 minuti\" \/>\n<script type=\"application\/ld+json\" class=\"yoast-schema-graph\">{\"@context\":\"https:\\\/\\\/schema.org\",\"@graph\":[{\"@type\":\"WebPage\",\"@id\":\"https:\\\/\\\/www.accuratereviews.com\\\/it\\\/programmi-gestione-turni-lavoro\\\/whentowork-recensione\\\/\",\"url\":\"https:\\\/\\\/www.accuratereviews.com\\\/it\\\/programmi-gestione-turni-lavoro\\\/whentowork-recensione\\\/\",\"name\":\"WhenToWork: recensione software turni di lavoro - Accurate Reviews\",\"isPartOf\":{\"@id\":\"https:\\\/\\\/www.accuratereviews.com\\\/it\\\/#website\"},\"primaryImageOfPage\":{\"@id\":\"https:\\\/\\\/www.accuratereviews.com\\\/it\\\/programmi-gestione-turni-lavoro\\\/whentowork-recensione\\\/#primaryimage\"},\"image\":{\"@id\":\"https:\\\/\\\/www.accuratereviews.com\\\/it\\\/programmi-gestione-turni-lavoro\\\/whentowork-recensione\\\/#primaryimage\"},\"thumbnailUrl\":\"https:\\\/\\\/www.accuratereviews.com\\\/wp-content\\\/uploads\\\/2025\\\/08\\\/WhenToWork-Logo.webp\",\"datePublished\":\"2025-08-14T15:51:34+00:00\",\"description\":\"WhenToWork: recensione soluzione per pianificazione dei turni dei dipendenti che consente di gestire i turni manualmente o automaticamente.\",\"breadcrumb\":{\"@id\":\"https:\\\/\\\/www.accuratereviews.com\\\/it\\\/programmi-gestione-turni-lavoro\\\/whentowork-recensione\\\/#breadcrumb\"},\"inLanguage\":\"it-IT\",\"potentialAction\":[{\"@type\":\"ReadAction\",\"target\":[\"https:\\\/\\\/www.accuratereviews.com\\\/it\\\/programmi-gestione-turni-lavoro\\\/whentowork-recensione\\\/\"]}]},{\"@type\":\"ImageObject\",\"inLanguage\":\"it-IT\",\"@id\":\"https:\\\/\\\/www.accuratereviews.com\\\/it\\\/programmi-gestione-turni-lavoro\\\/whentowork-recensione\\\/#primaryimage\",\"url\":\"https:\\\/\\\/www.accuratereviews.com\\\/wp-content\\\/uploads\\\/2025\\\/08\\\/WhenToWork-Logo.webp\",\"contentUrl\":\"https:\\\/\\\/www.accuratereviews.com\\\/wp-content\\\/uploads\\\/2025\\\/08\\\/WhenToWork-Logo.webp\",\"width\":200,\"height\":200},{\"@type\":\"BreadcrumbList\",\"@id\":\"https:\\\/\\\/www.accuratereviews.com\\\/it\\\/programmi-gestione-turni-lavoro\\\/whentowork-recensione\\\/#breadcrumb\",\"itemListElement\":[{\"@type\":\"ListItem\",\"position\":1,\"name\":\"Home\",\"item\":\"https:\\\/\\\/www.accuratereviews.com\\\/it\\\/\"},{\"@type\":\"ListItem\",\"position\":2,\"name\":\"Programmi per turni di lavoro\",\"item\":\"https:\\\/\\\/www.accuratereviews.com\\\/it\\\/programmi-gestione-turni-lavoro\\\/\"},{\"@type\":\"ListItem\",\"position\":3,\"name\":\"WhenToWork\"}]},{\"@type\":\"WebSite\",\"@id\":\"https:\\\/\\\/www.accuratereviews.com\\\/it\\\/#website\",\"url\":\"https:\\\/\\\/www.accuratereviews.com\\\/it\\\/\",\"name\":\"Accurate Reviews\",\"description\":\"\",\"potentialAction\":[{\"@type\":\"SearchAction\",\"target\":{\"@type\":\"EntryPoint\",\"urlTemplate\":\"https:\\\/\\\/www.accuratereviews.com\\\/it\\\/?s={search_term_string}\"},\"query-input\":{\"@type\":\"PropertyValueSpecification\",\"valueRequired\":true,\"valueName\":\"search_term_string\"}}],\"inLanguage\":\"it-IT\"}]}<\/script>\n<!-- \/ Yoast SEO plugin. -->","yoast_head_json":{"title":"WhenToWork: recensione software turni di lavoro - Accurate Reviews","description":"WhenToWork: recensione soluzione per pianificazione dei turni dei dipendenti che consente di gestire i turni manualmente o automaticamente.","robots":{"index":"index","follow":"follow","max-snippet":"max-snippet:-1","max-image-preview":"max-image-preview:large","max-video-preview":"max-video-preview:-1"},"canonical":"https:\/\/www.accuratereviews.com\/it\/programmi-gestione-turni-lavoro\/whentowork-recensione\/","og_locale":"it_IT","og_type":"article","og_title":"WhenToWork: recensione software turni di lavoro - Accurate Reviews","og_description":"WhenToWork: recensione soluzione per pianificazione dei turni dei dipendenti che consente di gestire i turni manualmente o automaticamente.","og_url":"https:\/\/www.accuratereviews.com\/it\/programmi-gestione-turni-lavoro\/whentowork-recensione\/","og_site_name":"Accurate Reviews","og_image":[{"width":200,"height":200,"url":"https:\/\/www.accuratereviews.com\/wp-content\/uploads\/2025\/08\/WhenToWork-Logo.webp","type":"image\/webp"}],"twitter_card":"summary_large_image","twitter_misc":{"Tempo di lettura stimato":"5 minuti"},"schema":{"@context":"https:\/\/schema.org","@graph":[{"@type":"WebPage","@id":"https:\/\/www.accuratereviews.com\/it\/programmi-gestione-turni-lavoro\/whentowork-recensione\/","url":"https:\/\/www.accuratereviews.com\/it\/programmi-gestione-turni-lavoro\/whentowork-recensione\/","name":"WhenToWork: recensione software turni di lavoro - Accurate Reviews","isPartOf":{"@id":"https:\/\/www.accuratereviews.com\/it\/#website"},"primaryImageOfPage":{"@id":"https:\/\/www.accuratereviews.com\/it\/programmi-gestione-turni-lavoro\/whentowork-recensione\/#primaryimage"},"image":{"@id":"https:\/\/www.accuratereviews.com\/it\/programmi-gestione-turni-lavoro\/whentowork-recensione\/#primaryimage"},"thumbnailUrl":"https:\/\/www.accuratereviews.com\/wp-content\/uploads\/2025\/08\/WhenToWork-Logo.webp","datePublished":"2025-08-14T15:51:34+00:00","description":"WhenToWork: recensione soluzione per pianificazione dei turni dei dipendenti che consente di gestire i turni manualmente o automaticamente.","breadcrumb":{"@id":"https:\/\/www.accuratereviews.com\/it\/programmi-gestione-turni-lavoro\/whentowork-recensione\/#breadcrumb"},"inLanguage":"it-IT","potentialAction":[{"@type":"ReadAction","target":["https:\/\/www.accuratereviews.com\/it\/programmi-gestione-turni-lavoro\/whentowork-recensione\/"]}]},{"@type":"ImageObject","inLanguage":"it-IT","@id":"https:\/\/www.accuratereviews.com\/it\/programmi-gestione-turni-lavoro\/whentowork-recensione\/#primaryimage","url":"https:\/\/www.accuratereviews.com\/wp-content\/uploads\/2025\/08\/WhenToWork-Logo.webp","contentUrl":"https:\/\/www.accuratereviews.com\/wp-content\/uploads\/2025\/08\/WhenToWork-Logo.webp","width":200,"height":200},{"@type":"BreadcrumbList","@id":"https:\/\/www.accuratereviews.com\/it\/programmi-gestione-turni-lavoro\/whentowork-recensione\/#breadcrumb","itemListElement":[{"@type":"ListItem","position":1,"name":"Home","item":"https:\/\/www.accuratereviews.com\/it\/"},{"@type":"ListItem","position":2,"name":"Programmi per turni di lavoro","item":"https:\/\/www.accuratereviews.com\/it\/programmi-gestione-turni-lavoro\/"},{"@type":"ListItem","position":3,"name":"WhenToWork"}]},{"@type":"WebSite","@id":"https:\/\/www.accuratereviews.com\/it\/#website","url":"https:\/\/www.accuratereviews.com\/it\/","name":"Accurate Reviews","description":"","potentialAction":[{"@type":"SearchAction","target":{"@type":"EntryPoint","urlTemplate":"https:\/\/www.accuratereviews.com\/it\/?s={search_term_string}"},"query-input":{"@type":"PropertyValueSpecification","valueRequired":true,"valueName":"search_term_string"}}],"inLanguage":"it-IT"}]}},"_links":{"self":[{"href":"https:\/\/www.accuratereviews.com\/it\/wp-json\/wp\/v2\/pages\/97656","targetHints":{"allow":["GET"]}}],"collection":[{"href":"https:\/\/www.accuratereviews.com\/it\/wp-json\/wp\/v2\/pages"}],"about":[{"href":"https:\/\/www.accuratereviews.com\/it\/wp-json\/wp\/v2\/types\/page"}],"author":[{"embeddable":true,"href":"https:\/\/www.accuratereviews.com\/it\/wp-json\/wp\/v2\/users\/19"}],"replies":[{"embeddable":true,"href":"https:\/\/www.accuratereviews.com\/it\/wp-json\/wp\/v2\/comments?post=97656"}],"version-history":[{"count":14,"href":"https:\/\/www.accuratereviews.com\/it\/wp-json\/wp\/v2\/pages\/97656\/revisions"}],"predecessor-version":[{"id":97682,"href":"https:\/\/www.accuratereviews.com\/it\/wp-json\/wp\/v2\/pages\/97656\/revisions\/97682"}],"up":[{"embeddable":true,"href":"https:\/\/www.accuratereviews.com\/it\/wp-json\/wp\/v2\/pages\/87246"}],"wp:featuredmedia":[{"embeddable":true,"href":"https:\/\/www.accuratereviews.com\/it\/wp-json\/wp\/v2\/media\/97659"}],"wp:attachment":[{"href":"https:\/\/www.accuratereviews.com\/it\/wp-json\/wp\/v2\/media?parent=97656"}],"wp:term":[{"taxonomy":"category","embeddable":true,"href":"https:\/\/www.accuratereviews.com\/it\/wp-json\/wp\/v2\/categories?post=97656"},{"taxonomy":"post_tag","embeddable":true,"href":"https:\/\/www.accuratereviews.com\/it\/wp-json\/wp\/v2\/tags?post=97656"},{"taxonomy":"features","embeddable":true,"href":"https:\/\/www.accuratereviews.com\/it\/wp-json\/wp\/v2\/features?post=97656"}],"curies":[{"name":"wp","href":"https:\/\/api.w.org\/{rel}","templated":true}]}}