{"id":97726,"date":"2025-08-18T15:18:01","date_gmt":"2025-08-18T15:18:01","guid":{"rendered":"https:\/\/www.accuratereviews.com\/?page_id=97726"},"modified":"2025-08-19T14:22:01","modified_gmt":"2025-08-19T14:22:01","slug":"edays-recensione","status":"publish","type":"page","link":"https:\/\/www.accuratereviews.com\/it\/programmi-gestione-turni-lavoro\/edays-recensione\/","title":{"rendered":"Edays"},"content":{"rendered":"<p><strong>Edays<\/strong> serve nella <strong>gestione di assenze, presenze e permessi<\/strong> tutto in un unico sistema configurabile. Riduce le attivit\u00e0 amministrative attraverso processi automatizzati, ti aiuta a ottenere informazioni utili sul personale e ti consente di abbandonare i fogli di calcolo. Oltre 1.400 aziende in 120 paesi, in 25 lingue, si affidano a questo programma. Il sistema \u00e8 spesso integrato con i principali software HR e Payroll per aumentare l&#8217;efficacia dell&#8217;infrastruttura aziendale.<br \/>\n<strong>Edays <\/strong>offre valore a manager e responsabili delle risorse umane fornendo accesso immediato a registri delle assenze dei dipendenti. I dipendenti possono anche accedere rapidamente alle ferie a loro spettanti e richiedere permessi con facilit\u00e0. I manager possono prenotare autonomamente le assenze o autorizzare le richieste di assenza con un clic tramite notifiche email. Inoltre, questa soluzione permette anche di visualizzare il tempo dedicato ai progetti per ottenere una visibilit\u00e0 totale su dove e come il tempo viene impiegato all&#8217;interno dell&#8217;organizzazione.<\/p>\n<h2>EDAYS &#8211; TUTORIAL<\/h2>\n<div id=\"fluid-wrapper-counter-1\" class=\"g1-fluid-wrapper \" style=\"width:686px;\">\n<div style=\"padding-bottom:56.268221574344%;\"><iframe loading=\"lazy\" title=\"Introducing the edays mobile app\" width=\"686\" height=\"386\" src=\"https:\/\/www.youtube.com\/embed\/fUGt0r6G7T4?feature=oembed&amp;wmode=transparent&amp;autohide=1&amp;autoplay=0&amp;disablekb=0&amp;fs=1&amp;loop=0&amp;enablejsapi=1&amp;rel=0&amp;controls=2&amp;showinfo=0&amp;wmode=transparent&amp;autohide=2&amp;autoplay=0&amp;disablekb=0&amp;fs=1&amp;loop=0&amp;enablejsapi=1&amp;rel=0&amp;controls=2&amp;showinfo=1\" frameborder=\"0\" allow=\"accelerometer; autoplay; clipboard-write; encrypted-media; gyroscope; picture-in-picture; web-share\" referrerpolicy=\"strict-origin-when-cross-origin\" allowfullscreen><\/iframe><\/div>\n<\/div>\n<h3>EDAYS &#8211; CARATTERISTICHE<\/h3>\n<ul>\n<li><strong>Prenotazione ferie self-service<\/strong>: i dipendenti possono richiedere tutti i tipi di permessi tramite un semplice modulo tramite web o dispositivo mobile.<\/li>\n<li><strong>Monitoraggio dei permessi:<\/strong> tieni traccia dei permessi utilizzati, rimanenti e in sospeso per diverse fasce orarie.<\/li>\n<li><strong>Calendario personale<\/strong>: i dipendenti possono visualizzare e gestire le proprie assenze e permessi a colpo d&#8217;occhio tramite un calendario sulla propria dashboard personale.<\/li>\n<li><strong>Restrizioni di visualizzazione:<\/strong> decidi chi pu\u00f2 vedere cosa con le restrizioni di visualizzazione, per gestire facilmente utenti, manager e amministratori.<\/li>\n<li><strong>Permessi compensativi (TOIL)<\/strong>: aggiungi automaticamente gli straordinari maturati a un saldo che pu\u00f2 essere richiesto e utilizzato come TOIL.<\/li>\n<li><strong>Accantonamenti e anzianit\u00e0 di servizio<\/strong>: stabilisci regole per assegnare premi di anzianit\u00e0 di servizio e allineare i permessi all&#8217;anzianit\u00e0 di servizio dei dipendenti.<\/li>\n<li><strong>Giorni o ore<\/strong>: accomoda al meglio un mix di lavoratori stipendiati e a ore consentendo la prenotazione delle ferie in giorni o ore.<\/li>\n<li><strong>Catene di autorizzazione<\/strong>: consenti alle richieste di essere inviate e imposta catene alternative in modo che le assenze non causino ritardi.<\/li>\n<li><strong>Visualizzazioni utente personalizzate<\/strong>: grazie alla flessibilit\u00e0 nell&#8217;aspetto del sistema, crea visualizzazioni che meglio si adattano alle esigenze dei diversi tipi di utenti.<\/li>\n<li><strong>Processo di rientro al lavoro:<\/strong> supporta i dipendenti che rientrano da un periodo di malattia con trigger automatici e processi di rientro al lavoro.<\/li>\n<li><strong>Personal branding<\/strong>: personalizza il tuo sistema con diverse opzioni di colore e branding.<\/li>\n<li><strong>Tipi di contratto:<\/strong> gestisci facilmente i lavoratori con contratti diversi assegnandoli a modelli con regole automatiche per assenze e congedi.<\/li>\n<li><strong>Pause automatiche<\/strong>: assicurati di essere conforme alle leggi locali sul lavoro aggiungendo pause automatiche ai fogli presenze a intervalli specifici.<\/li>\n<li><strong>Generatore di report:<\/strong> con una variet\u00e0 di set di dati tra cui scegliere, crea i tuoi report personalizzati che possono poi essere pianificati o esportati.<\/li>\n<li><strong>Widget dei report<\/strong>: utilizza i widget per personalizzare la tua dashboard e visualizzare immediatamente tutte le informazioni a cui devi accedere regolarmente.<\/li>\n<\/ul>\n<h4>LE RECENSIONI DEGLI UTENTI<\/h4>\n<p><strong>Livnat &#8220;Ottimo sistema, ottimo servizio&#8221;<\/strong><br \/>\n<strong>Commenti<\/strong>: In generale, sono molto soddisfatto del sistema. Da quando utilizziamo e-days (3 anni), il sistema \u00e8 migliorato e si \u00e8 sviluppato in base alle nostre esigenze. Ho sempre trovato il supporto molto rapido e utile. Il mio feedback \u00e8 sempre stato preso sul serio e mi piace lavorare con il team.<br \/>\n<strong>Pro<\/strong>: edays \u00e8 semplice sia per l&#8217;utente che per l&#8217;amministratore. Il sistema \u00e8 piuttosto flessibile e pu\u00f2 essere adattato alle esigenze aziendali.<br \/>\n<strong>Contro<\/strong>: In alcune aree manca la panoramica della cronologia e del registro, ad esempio l&#8217;orario di invio e le informazioni sugli studenti che lasciano.<\/p>\n<p><strong>Ellie &#8220;4 stelle. Buon supporto ma potrebbe essere leggermente pi\u00f9 intuitivo.&#8221;<\/strong><br \/>\n<strong>Commenti<\/strong>: nel complesso \u00e8 stata una bella esperienza, ma perde una stella perch\u00e9 alcuni elementi lo rendono meno intuitivo.<br \/>\n<strong>Pro<\/strong>: ottimo supporto da parte dell&#8217;help desk quando necessario. Facile visualizzare ferie, malattie ecc. sul calendario (presentazione chiara).<br \/>\n<strong>Contro<\/strong>: utilizzare gli strumenti come amministratore a volte pu\u00f2 essere complicato e poco chiaro. Alcuni processi sono complessi e richiedono l&#8217;aiuto del supporto tecnico. Ad esempio, aggiungere un giorno di ferie per i compleanni \u00e8 stato pi\u00f9 difficile del previsto.<\/p>\n<p><strong>Hollie &#8220;Ottimo sistema, team di supporto fantastico!&#8221;<\/strong><br \/>\n<strong>Commenti<\/strong>: li ho sempre trovati estremamente disponibili e disponibili a interagire con noi per semplificare l&#8217;utilizzo della piattaforma. La piattaforma \u00e8 intuitiva e funziona bene per noi, soprattutto perch\u00e9 abbiamo dipendenti in tutto il mondo. I dipendenti la trovano facile da usare e offre molte funzionalit\u00e0 utili, come la reportistica, la possibilit\u00e0 di utilizzare un proxy come utente e molto altro!<br \/>\n<strong>Pro<\/strong>: la facilit\u00e0 d&#8217;uso e la disponibilit\u00e0 del team di supporto nel rispondere a qualsiasi domanda!<br \/>\n<strong>Contro<\/strong>: non c&#8217;\u00e8 niente che mi salti all&#8217;occhio: le uniche difficolt\u00e0 che ho dovuto affrontare sono dovute al fatto che sono alle prime armi con il sistema e che sto ancora imparando a orientarmi!<\/p>\n","protected":false},"excerpt":{"rendered":"<p>Edays serve nella gestione di assenze, presenze e permessi tutto in un unico sistema configurabile. Riduce le attivit\u00e0 amministrative attraverso processi automatizzati, ti aiuta a ottenere informazioni utili sul personale e ti consente di abbandonare i fogli di calcolo. Oltre 1.400 aziende in 120 paesi, in 25 lingue, si affidano a questo programma.<\/p>\n","protected":false},"author":19,"featured_media":97727,"parent":87246,"menu_order":0,"comment_status":"open","ping_status":"closed","template":"g1_template_page_review_new.php","meta":{"_acf_changed":false,"cwp_meta_box_check":"No","cwp_rev_product_name":"","cwp_rev_product_image":"","wppr_links":[],"cwp_rev_price":"","wppr_options":[],"wppr_pros":[],"wppr_cons":[],"_monsterinsights_skip_tracking":false,"_monsterinsights_sitenote_active":false,"_monsterinsights_sitenote_note":"","_monsterinsights_sitenote_category":0,"footnotes":""},"categories":[16111],"tags":[16161,16447,16446,16146,16121,16120,16144,16123],"features":[],"class_list":{"0":"post-97726","1":"page","2":"type-page","3":"status-publish","4":"has-post-thumbnail","6":"category-programmi-per-turni-di-lavoro","7":"tag-app-turni-di-lavoro","8":"tag-assenze","9":"tag-edays","10":"tag-piattaforma-turni-di-lavoro","11":"tag-programma-turni-di-lavoro","12":"tag-software-turni-di-lavoro","13":"tag-soluzione-turni-di-lavoro","14":"tag-turni-di-lavoro"},"wppr_data":{"cwp_meta_box_check":"No"},"acf":[],"yoast_head":"<!-- This site is optimized with the Yoast SEO plugin v27.4 - https:\/\/yoast.com\/product\/yoast-seo-wordpress\/ -->\n<title>Edays: recensione software turni di lavoro - Accurate Reviews<\/title>\n<meta name=\"description\" content=\"Edays: recensione programma per la gestione di assenze, presenze e permessi tutto in un unico sistema configurabile.\" \/>\n<meta name=\"robots\" content=\"index, follow, max-snippet:-1, max-image-preview:large, max-video-preview:-1\" \/>\n<link rel=\"canonical\" href=\"https:\/\/www.accuratereviews.com\/it\/programmi-gestione-turni-lavoro\/edays-recensione\/\" \/>\n<meta property=\"og:locale\" content=\"it_IT\" \/>\n<meta property=\"og:type\" content=\"article\" \/>\n<meta property=\"og:title\" content=\"Edays: recensione software turni di lavoro - Accurate Reviews\" \/>\n<meta property=\"og:description\" content=\"Edays: recensione programma per la gestione di assenze, presenze e permessi tutto in un unico sistema configurabile.\" \/>\n<meta property=\"og:url\" content=\"https:\/\/www.accuratereviews.com\/it\/programmi-gestione-turni-lavoro\/edays-recensione\/\" \/>\n<meta property=\"og:site_name\" content=\"Accurate Reviews\" \/>\n<meta property=\"article:modified_time\" content=\"2025-08-19T14:22:01+00:00\" \/>\n<meta property=\"og:image\" content=\"https:\/\/www.accuratereviews.com\/wp-content\/uploads\/2025\/08\/edays.webp\" \/>\n\t<meta property=\"og:image:width\" content=\"400\" \/>\n\t<meta property=\"og:image:height\" content=\"400\" \/>\n\t<meta property=\"og:image:type\" content=\"image\/webp\" \/>\n<meta name=\"twitter:card\" content=\"summary_large_image\" \/>\n<meta name=\"twitter:label1\" content=\"Tempo di lettura stimato\" \/>\n\t<meta name=\"twitter:data1\" content=\"6 minuti\" \/>\n<script type=\"application\/ld+json\" class=\"yoast-schema-graph\">{\"@context\":\"https:\\\/\\\/schema.org\",\"@graph\":[{\"@type\":\"WebPage\",\"@id\":\"https:\\\/\\\/www.accuratereviews.com\\\/it\\\/programmi-gestione-turni-lavoro\\\/edays-recensione\\\/\",\"url\":\"https:\\\/\\\/www.accuratereviews.com\\\/it\\\/programmi-gestione-turni-lavoro\\\/edays-recensione\\\/\",\"name\":\"Edays: recensione software turni di lavoro - Accurate Reviews\",\"isPartOf\":{\"@id\":\"https:\\\/\\\/www.accuratereviews.com\\\/it\\\/#website\"},\"primaryImageOfPage\":{\"@id\":\"https:\\\/\\\/www.accuratereviews.com\\\/it\\\/programmi-gestione-turni-lavoro\\\/edays-recensione\\\/#primaryimage\"},\"image\":{\"@id\":\"https:\\\/\\\/www.accuratereviews.com\\\/it\\\/programmi-gestione-turni-lavoro\\\/edays-recensione\\\/#primaryimage\"},\"thumbnailUrl\":\"https:\\\/\\\/www.accuratereviews.com\\\/wp-content\\\/uploads\\\/2025\\\/08\\\/edays.webp\",\"datePublished\":\"2025-08-18T15:18:01+00:00\",\"dateModified\":\"2025-08-19T14:22:01+00:00\",\"description\":\"Edays: recensione programma per la gestione di assenze, presenze e permessi tutto in un unico sistema configurabile.\",\"breadcrumb\":{\"@id\":\"https:\\\/\\\/www.accuratereviews.com\\\/it\\\/programmi-gestione-turni-lavoro\\\/edays-recensione\\\/#breadcrumb\"},\"inLanguage\":\"it-IT\",\"potentialAction\":[{\"@type\":\"ReadAction\",\"target\":[\"https:\\\/\\\/www.accuratereviews.com\\\/it\\\/programmi-gestione-turni-lavoro\\\/edays-recensione\\\/\"]}]},{\"@type\":\"ImageObject\",\"inLanguage\":\"it-IT\",\"@id\":\"https:\\\/\\\/www.accuratereviews.com\\\/it\\\/programmi-gestione-turni-lavoro\\\/edays-recensione\\\/#primaryimage\",\"url\":\"https:\\\/\\\/www.accuratereviews.com\\\/wp-content\\\/uploads\\\/2025\\\/08\\\/edays.webp\",\"contentUrl\":\"https:\\\/\\\/www.accuratereviews.com\\\/wp-content\\\/uploads\\\/2025\\\/08\\\/edays.webp\",\"width\":400,\"height\":400},{\"@type\":\"BreadcrumbList\",\"@id\":\"https:\\\/\\\/www.accuratereviews.com\\\/it\\\/programmi-gestione-turni-lavoro\\\/edays-recensione\\\/#breadcrumb\",\"itemListElement\":[{\"@type\":\"ListItem\",\"position\":1,\"name\":\"Home\",\"item\":\"https:\\\/\\\/www.accuratereviews.com\\\/it\\\/\"},{\"@type\":\"ListItem\",\"position\":2,\"name\":\"Programmi per turni di lavoro\",\"item\":\"https:\\\/\\\/www.accuratereviews.com\\\/it\\\/programmi-gestione-turni-lavoro\\\/\"},{\"@type\":\"ListItem\",\"position\":3,\"name\":\"Edays\"}]},{\"@type\":\"WebSite\",\"@id\":\"https:\\\/\\\/www.accuratereviews.com\\\/it\\\/#website\",\"url\":\"https:\\\/\\\/www.accuratereviews.com\\\/it\\\/\",\"name\":\"Accurate Reviews\",\"description\":\"\",\"potentialAction\":[{\"@type\":\"SearchAction\",\"target\":{\"@type\":\"EntryPoint\",\"urlTemplate\":\"https:\\\/\\\/www.accuratereviews.com\\\/it\\\/?s={search_term_string}\"},\"query-input\":{\"@type\":\"PropertyValueSpecification\",\"valueRequired\":true,\"valueName\":\"search_term_string\"}}],\"inLanguage\":\"it-IT\"}]}<\/script>\n<!-- \/ Yoast SEO plugin. -->","yoast_head_json":{"title":"Edays: recensione software turni di lavoro - Accurate Reviews","description":"Edays: recensione programma per la gestione di assenze, presenze e permessi tutto in un unico sistema configurabile.","robots":{"index":"index","follow":"follow","max-snippet":"max-snippet:-1","max-image-preview":"max-image-preview:large","max-video-preview":"max-video-preview:-1"},"canonical":"https:\/\/www.accuratereviews.com\/it\/programmi-gestione-turni-lavoro\/edays-recensione\/","og_locale":"it_IT","og_type":"article","og_title":"Edays: recensione software turni di lavoro - Accurate Reviews","og_description":"Edays: recensione programma per la gestione di assenze, presenze e permessi tutto in un unico sistema configurabile.","og_url":"https:\/\/www.accuratereviews.com\/it\/programmi-gestione-turni-lavoro\/edays-recensione\/","og_site_name":"Accurate Reviews","article_modified_time":"2025-08-19T14:22:01+00:00","og_image":[{"width":400,"height":400,"url":"https:\/\/www.accuratereviews.com\/wp-content\/uploads\/2025\/08\/edays.webp","type":"image\/webp"}],"twitter_card":"summary_large_image","twitter_misc":{"Tempo di lettura stimato":"6 minuti"},"schema":{"@context":"https:\/\/schema.org","@graph":[{"@type":"WebPage","@id":"https:\/\/www.accuratereviews.com\/it\/programmi-gestione-turni-lavoro\/edays-recensione\/","url":"https:\/\/www.accuratereviews.com\/it\/programmi-gestione-turni-lavoro\/edays-recensione\/","name":"Edays: recensione software turni di lavoro - Accurate Reviews","isPartOf":{"@id":"https:\/\/www.accuratereviews.com\/it\/#website"},"primaryImageOfPage":{"@id":"https:\/\/www.accuratereviews.com\/it\/programmi-gestione-turni-lavoro\/edays-recensione\/#primaryimage"},"image":{"@id":"https:\/\/www.accuratereviews.com\/it\/programmi-gestione-turni-lavoro\/edays-recensione\/#primaryimage"},"thumbnailUrl":"https:\/\/www.accuratereviews.com\/wp-content\/uploads\/2025\/08\/edays.webp","datePublished":"2025-08-18T15:18:01+00:00","dateModified":"2025-08-19T14:22:01+00:00","description":"Edays: recensione programma per la gestione di assenze, presenze e permessi tutto in un unico sistema configurabile.","breadcrumb":{"@id":"https:\/\/www.accuratereviews.com\/it\/programmi-gestione-turni-lavoro\/edays-recensione\/#breadcrumb"},"inLanguage":"it-IT","potentialAction":[{"@type":"ReadAction","target":["https:\/\/www.accuratereviews.com\/it\/programmi-gestione-turni-lavoro\/edays-recensione\/"]}]},{"@type":"ImageObject","inLanguage":"it-IT","@id":"https:\/\/www.accuratereviews.com\/it\/programmi-gestione-turni-lavoro\/edays-recensione\/#primaryimage","url":"https:\/\/www.accuratereviews.com\/wp-content\/uploads\/2025\/08\/edays.webp","contentUrl":"https:\/\/www.accuratereviews.com\/wp-content\/uploads\/2025\/08\/edays.webp","width":400,"height":400},{"@type":"BreadcrumbList","@id":"https:\/\/www.accuratereviews.com\/it\/programmi-gestione-turni-lavoro\/edays-recensione\/#breadcrumb","itemListElement":[{"@type":"ListItem","position":1,"name":"Home","item":"https:\/\/www.accuratereviews.com\/it\/"},{"@type":"ListItem","position":2,"name":"Programmi per turni di lavoro","item":"https:\/\/www.accuratereviews.com\/it\/programmi-gestione-turni-lavoro\/"},{"@type":"ListItem","position":3,"name":"Edays"}]},{"@type":"WebSite","@id":"https:\/\/www.accuratereviews.com\/it\/#website","url":"https:\/\/www.accuratereviews.com\/it\/","name":"Accurate Reviews","description":"","potentialAction":[{"@type":"SearchAction","target":{"@type":"EntryPoint","urlTemplate":"https:\/\/www.accuratereviews.com\/it\/?s={search_term_string}"},"query-input":{"@type":"PropertyValueSpecification","valueRequired":true,"valueName":"search_term_string"}}],"inLanguage":"it-IT"}]}},"_links":{"self":[{"href":"https:\/\/www.accuratereviews.com\/it\/wp-json\/wp\/v2\/pages\/97726","targetHints":{"allow":["GET"]}}],"collection":[{"href":"https:\/\/www.accuratereviews.com\/it\/wp-json\/wp\/v2\/pages"}],"about":[{"href":"https:\/\/www.accuratereviews.com\/it\/wp-json\/wp\/v2\/types\/page"}],"author":[{"embeddable":true,"href":"https:\/\/www.accuratereviews.com\/it\/wp-json\/wp\/v2\/users\/19"}],"replies":[{"embeddable":true,"href":"https:\/\/www.accuratereviews.com\/it\/wp-json\/wp\/v2\/comments?post=97726"}],"version-history":[{"count":11,"href":"https:\/\/www.accuratereviews.com\/it\/wp-json\/wp\/v2\/pages\/97726\/revisions"}],"predecessor-version":[{"id":97789,"href":"https:\/\/www.accuratereviews.com\/it\/wp-json\/wp\/v2\/pages\/97726\/revisions\/97789"}],"up":[{"embeddable":true,"href":"https:\/\/www.accuratereviews.com\/it\/wp-json\/wp\/v2\/pages\/87246"}],"wp:featuredmedia":[{"embeddable":true,"href":"https:\/\/www.accuratereviews.com\/it\/wp-json\/wp\/v2\/media\/97727"}],"wp:attachment":[{"href":"https:\/\/www.accuratereviews.com\/it\/wp-json\/wp\/v2\/media?parent=97726"}],"wp:term":[{"taxonomy":"category","embeddable":true,"href":"https:\/\/www.accuratereviews.com\/it\/wp-json\/wp\/v2\/categories?post=97726"},{"taxonomy":"post_tag","embeddable":true,"href":"https:\/\/www.accuratereviews.com\/it\/wp-json\/wp\/v2\/tags?post=97726"},{"taxonomy":"features","embeddable":true,"href":"https:\/\/www.accuratereviews.com\/it\/wp-json\/wp\/v2\/features?post=97726"}],"curies":[{"name":"wp","href":"https:\/\/api.w.org\/{rel}","templated":true}]}}