{"id":97752,"date":"2025-08-19T21:10:57","date_gmt":"2025-08-19T21:10:57","guid":{"rendered":"https:\/\/www.accuratereviews.com\/?page_id=97752"},"modified":"2025-08-19T21:10:57","modified_gmt":"2025-08-19T21:10:57","slug":"bizimply-recensione","status":"publish","type":"page","link":"https:\/\/www.accuratereviews.com\/it\/programmi-gestione-turni-lavoro\/bizimply-recensione\/","title":{"rendered":"Bizimply"},"content":{"rendered":"<p><strong>Bizimply<\/strong> \u00e8 un software di <strong>pianificazione del personale<\/strong>, basato su <strong>cloud<\/strong>, progettato per piccole e medie imprese. Oltre alla pianificazione, gestisce anche la <strong>presenza dei dipendenti, i turni<\/strong>, le schede attivit\u00e0, le buste paga e le attivit\u00e0 di reporting aziendale. La funzionalit\u00e0 di pianificazione di <strong>Bizimply<\/strong> consente ai manager di creare programmi di lavoro per team e singoli dipendenti e di condividere in anticipo i dettagli dei turni con i dipendenti. La funzionalit\u00e0 Timestation consente ai manager di registrare l&#8217;orario di ingresso e di uscita dei dipendenti e di calcolarne le ore di lavoro effettive. Per evitare che i dipendenti &#8220;timbrino il cartellino&#8221;, il sistema scatta una foto ogni volta che un membro del personale entra sul posto di lavoro.<br \/>\nIl software pu\u00f2 anche essere utilizzato per tenere traccia delle ferie, permessi e altre richieste dei dipendenti.<\/p>\n<h2>BIZIMPLY &#8211; TUTORIAL<\/h2>\n<div id=\"fluid-wrapper-counter-1\" class=\"g1-fluid-wrapper \" style=\"width:686px;\">\n<div style=\"padding-bottom:56.268221574344%;\"><iframe loading=\"lazy\" title=\"Bizimply Overview\" width=\"686\" height=\"386\" src=\"https:\/\/www.youtube.com\/embed\/iEUV4vB7mnc?feature=oembed&amp;wmode=transparent&amp;autohide=1&amp;autoplay=0&amp;disablekb=0&amp;fs=1&amp;loop=0&amp;enablejsapi=1&amp;rel=0&amp;controls=2&amp;showinfo=0&amp;wmode=transparent&amp;autohide=2&amp;autoplay=0&amp;disablekb=0&amp;fs=1&amp;loop=0&amp;enablejsapi=1&amp;rel=0&amp;controls=2&amp;showinfo=1\" frameborder=\"0\" allow=\"accelerometer; autoplay; clipboard-write; encrypted-media; gyroscope; picture-in-picture; web-share\" referrerpolicy=\"strict-origin-when-cross-origin\" allowfullscreen><\/iframe><\/div>\n<\/div>\n<h3>BIZIMPLY &#8211; CARATTERISTICHE<\/h3>\n<ul>\n<li><strong>Risparmia tempo nella pianificazione del personale e ottimizza la spesa salariale:<\/strong> crea turni convenienti in pochi minuti con la pianificazione drag-and-drop e le previsioni di manodopera.<\/li>\n<li><strong>Progettato per l&#8217;efficienza, non per la distrazione<\/strong>: rendi le timbrature rapide e infallibili con la verifica sicura tramite PIN, GPS o foto.<\/li>\n<li><strong>Centralizza i tuoi dati essenziali per le risorse umane<\/strong>: archivia contratti, documenti, registri di formazione e traguardi di performance con facilit\u00e0.<\/li>\n<li><strong>Migliora le prestazioni e la produttivit\u00e0<\/strong>: integra perfettamente con i principali ATS e piattaforme di apprendimento, sfrutta il tuo stack tecnologico per te.<\/li>\n<li><strong>Mantieni il controllo, ovunque tu sia:<\/strong> monitora le presenze in tempo reale, le vendite giornaliere e le prestazioni dei turni con informazioni in tempo reale in tutte le tue sedi.<\/li>\n<li><strong>Massimizza le tue operazioni<\/strong>: digita le checklist per le attivit\u00e0 di apertura, chiusura, salute e sicurezza e manutenzione, in modo che nulla passi inosservato.<\/li>\n<li><strong>Aggiornamenti in tempo reale:<\/strong> invia messaggi istantanei sicuri tramite l&#8217;app MyZimply e il portale web. Condividi aggiornamenti, festeggia i successi e mantieni tutti sincronizzati.<\/li>\n<li><strong>Gruppi intelligenti che si gestiscono da soli:<\/strong> crea gruppi di chat dinamici che si aggiornano automaticamente in base a orari e luoghi, senza bisogno di amministrazione manuale.<\/li>\n<li><strong>Per i membri del team<\/strong>: visualizza gli orari, prenota ferie, timbra il cartellino da remoto, aggiorna i dati personali e chatta con i colleghi, tutto in un&#8217;unica app sicura.<\/li>\n<\/ul>\n<h4>LE RECENSIONI DEGLI UTENTI<\/h4>\n<p><strong>Paige &#8220;Recensione di Bizimply&#8221;<\/strong><br \/>\n<strong>Pro<\/strong>: \u00e8 davvero semplice da usare, diretto<br \/>\n<strong>Contro<\/strong>: non ho trovato nulla che mi piaccia di meno di questo software<\/p>\n<p><strong>Tonya&#8221;Semplicemente il migliore&#8221;<\/strong><br \/>\n<strong>Commenti<\/strong>: Bizimply \u00e8 un software intuitivo che utilizziamo quotidianamente a diversi livelli. Non lo cambieremmo con nessun altro. Tutti i nostri dipendenti lo hanno trovato facile da usare e l&#8217;app sul telefono \u00e8 molto semplice e utile.<br \/>\n<strong>Pro<\/strong>: Adoro la semplicit\u00e0 di Bizimply. \u00c8 cos\u00ec facile da usare e svolge un ruolo fondamentale nel nostro ufficio.<br \/>\n<strong>Contro<\/strong>: Non posso dire nulla di negativo, ma se proprio devo dire una cosa, \u00e8 la combinazione di colori.<\/p>\n<p><strong>Naveed &#8220;Adoro questo fantastico software&#8221;<\/strong><br \/>\n<strong>Commenti<\/strong>: \u00e8 semplicemente fantastico nel complesso mi \u00e8 piaciuto tantissimo<br \/>\n<strong>Pro<\/strong>: mi piacciono le funzionalit\u00e0 che posso usare per preparare il roaster per la prossima settimana<br \/>\n<strong>Contro<\/strong>: tutto bene ma forse voi ragazzi potete apportare qualche modifica che render\u00e0 la nostra vita pi\u00f9 semplice, come alcune funzioni per le schede orarie e altre cose<\/p>\n","protected":false},"excerpt":{"rendered":"<p>Bizimply \u00e8 un software di pianificazione del personale, basato su cloud, progettato per piccole e medie imprese. Oltre alla pianificazione, gestisce anche la presenza dei dipendenti, i turni, le schede attivit\u00e0, le buste paga e le attivit\u00e0 di reporting aziendale.<\/p>\n","protected":false},"author":19,"featured_media":97753,"parent":87246,"menu_order":0,"comment_status":"open","ping_status":"closed","template":"g1_template_page_review_new.php","meta":{"_acf_changed":false,"cwp_meta_box_check":"No","cwp_rev_product_name":"","cwp_rev_product_image":"","wppr_links":[],"cwp_rev_price":"","wppr_options":[],"wppr_pros":[],"wppr_cons":[],"_monsterinsights_skip_tracking":false,"_monsterinsights_sitenote_active":false,"_monsterinsights_sitenote_note":"","_monsterinsights_sitenote_category":0,"footnotes":""},"categories":[16111],"tags":[16448,16146,16121,16120,16144,16123],"features":[],"class_list":{"0":"post-97752","1":"page","2":"type-page","3":"status-publish","4":"has-post-thumbnail","6":"category-programmi-per-turni-di-lavoro","7":"tag-bizimply","8":"tag-piattaforma-turni-di-lavoro","9":"tag-programma-turni-di-lavoro","10":"tag-software-turni-di-lavoro","11":"tag-soluzione-turni-di-lavoro","12":"tag-turni-di-lavoro"},"wppr_data":{"cwp_meta_box_check":"No"},"acf":[],"yoast_head":"<!-- This site is optimized with the Yoast SEO plugin v27.4 - https:\/\/yoast.com\/product\/yoast-seo-wordpress\/ -->\n<title>Bizimply: recensione software turni di lavoro - Accurate Reviews<\/title>\n<meta name=\"description\" content=\"Bizimply: recensione software di pianificazione del personale basato su cloud progettato per piccole e medie imprese.\" \/>\n<meta name=\"robots\" content=\"index, follow, max-snippet:-1, max-image-preview:large, max-video-preview:-1\" \/>\n<link rel=\"canonical\" href=\"https:\/\/www.accuratereviews.com\/it\/programmi-gestione-turni-lavoro\/bizimply-recensione\/\" \/>\n<meta property=\"og:locale\" content=\"it_IT\" \/>\n<meta property=\"og:type\" content=\"article\" \/>\n<meta property=\"og:title\" content=\"Bizimply: recensione software turni di lavoro - Accurate Reviews\" \/>\n<meta property=\"og:description\" content=\"Bizimply: recensione software di pianificazione del personale basato su cloud progettato per piccole e medie imprese.\" \/>\n<meta property=\"og:url\" content=\"https:\/\/www.accuratereviews.com\/it\/programmi-gestione-turni-lavoro\/bizimply-recensione\/\" \/>\n<meta property=\"og:site_name\" content=\"Accurate Reviews\" \/>\n<meta property=\"og:image\" content=\"https:\/\/www.accuratereviews.com\/wp-content\/uploads\/2025\/08\/Bizimply.webp\" \/>\n\t<meta property=\"og:image:width\" content=\"904\" \/>\n\t<meta property=\"og:image:height\" content=\"280\" \/>\n\t<meta property=\"og:image:type\" content=\"image\/webp\" \/>\n<meta name=\"twitter:card\" content=\"summary_large_image\" \/>\n<meta name=\"twitter:label1\" content=\"Tempo di lettura stimato\" \/>\n\t<meta name=\"twitter:data1\" content=\"4 minuti\" \/>\n<script type=\"application\/ld+json\" class=\"yoast-schema-graph\">{\"@context\":\"https:\\\/\\\/schema.org\",\"@graph\":[{\"@type\":\"WebPage\",\"@id\":\"https:\\\/\\\/www.accuratereviews.com\\\/it\\\/programmi-gestione-turni-lavoro\\\/bizimply-recensione\\\/\",\"url\":\"https:\\\/\\\/www.accuratereviews.com\\\/it\\\/programmi-gestione-turni-lavoro\\\/bizimply-recensione\\\/\",\"name\":\"Bizimply: recensione software turni di lavoro - Accurate Reviews\",\"isPartOf\":{\"@id\":\"https:\\\/\\\/www.accuratereviews.com\\\/it\\\/#website\"},\"primaryImageOfPage\":{\"@id\":\"https:\\\/\\\/www.accuratereviews.com\\\/it\\\/programmi-gestione-turni-lavoro\\\/bizimply-recensione\\\/#primaryimage\"},\"image\":{\"@id\":\"https:\\\/\\\/www.accuratereviews.com\\\/it\\\/programmi-gestione-turni-lavoro\\\/bizimply-recensione\\\/#primaryimage\"},\"thumbnailUrl\":\"https:\\\/\\\/www.accuratereviews.com\\\/wp-content\\\/uploads\\\/2025\\\/08\\\/Bizimply.webp\",\"datePublished\":\"2025-08-19T21:10:57+00:00\",\"description\":\"Bizimply: recensione software di pianificazione del personale basato su cloud progettato per piccole e medie imprese.\",\"breadcrumb\":{\"@id\":\"https:\\\/\\\/www.accuratereviews.com\\\/it\\\/programmi-gestione-turni-lavoro\\\/bizimply-recensione\\\/#breadcrumb\"},\"inLanguage\":\"it-IT\",\"potentialAction\":[{\"@type\":\"ReadAction\",\"target\":[\"https:\\\/\\\/www.accuratereviews.com\\\/it\\\/programmi-gestione-turni-lavoro\\\/bizimply-recensione\\\/\"]}]},{\"@type\":\"ImageObject\",\"inLanguage\":\"it-IT\",\"@id\":\"https:\\\/\\\/www.accuratereviews.com\\\/it\\\/programmi-gestione-turni-lavoro\\\/bizimply-recensione\\\/#primaryimage\",\"url\":\"https:\\\/\\\/www.accuratereviews.com\\\/wp-content\\\/uploads\\\/2025\\\/08\\\/Bizimply.webp\",\"contentUrl\":\"https:\\\/\\\/www.accuratereviews.com\\\/wp-content\\\/uploads\\\/2025\\\/08\\\/Bizimply.webp\",\"width\":904,\"height\":280},{\"@type\":\"BreadcrumbList\",\"@id\":\"https:\\\/\\\/www.accuratereviews.com\\\/it\\\/programmi-gestione-turni-lavoro\\\/bizimply-recensione\\\/#breadcrumb\",\"itemListElement\":[{\"@type\":\"ListItem\",\"position\":1,\"name\":\"Home\",\"item\":\"https:\\\/\\\/www.accuratereviews.com\\\/it\\\/\"},{\"@type\":\"ListItem\",\"position\":2,\"name\":\"Programmi per turni di lavoro\",\"item\":\"https:\\\/\\\/www.accuratereviews.com\\\/it\\\/programmi-gestione-turni-lavoro\\\/\"},{\"@type\":\"ListItem\",\"position\":3,\"name\":\"Bizimply\"}]},{\"@type\":\"WebSite\",\"@id\":\"https:\\\/\\\/www.accuratereviews.com\\\/it\\\/#website\",\"url\":\"https:\\\/\\\/www.accuratereviews.com\\\/it\\\/\",\"name\":\"Accurate Reviews\",\"description\":\"\",\"potentialAction\":[{\"@type\":\"SearchAction\",\"target\":{\"@type\":\"EntryPoint\",\"urlTemplate\":\"https:\\\/\\\/www.accuratereviews.com\\\/it\\\/?s={search_term_string}\"},\"query-input\":{\"@type\":\"PropertyValueSpecification\",\"valueRequired\":true,\"valueName\":\"search_term_string\"}}],\"inLanguage\":\"it-IT\"}]}<\/script>\n<!-- \/ Yoast SEO plugin. -->","yoast_head_json":{"title":"Bizimply: recensione software turni di lavoro - Accurate Reviews","description":"Bizimply: recensione software di pianificazione del personale basato su cloud progettato per piccole e medie imprese.","robots":{"index":"index","follow":"follow","max-snippet":"max-snippet:-1","max-image-preview":"max-image-preview:large","max-video-preview":"max-video-preview:-1"},"canonical":"https:\/\/www.accuratereviews.com\/it\/programmi-gestione-turni-lavoro\/bizimply-recensione\/","og_locale":"it_IT","og_type":"article","og_title":"Bizimply: recensione software turni di lavoro - Accurate Reviews","og_description":"Bizimply: recensione software di pianificazione del personale basato su cloud progettato per piccole e medie imprese.","og_url":"https:\/\/www.accuratereviews.com\/it\/programmi-gestione-turni-lavoro\/bizimply-recensione\/","og_site_name":"Accurate Reviews","og_image":[{"width":904,"height":280,"url":"https:\/\/www.accuratereviews.com\/wp-content\/uploads\/2025\/08\/Bizimply.webp","type":"image\/webp"}],"twitter_card":"summary_large_image","twitter_misc":{"Tempo di lettura stimato":"4 minuti"},"schema":{"@context":"https:\/\/schema.org","@graph":[{"@type":"WebPage","@id":"https:\/\/www.accuratereviews.com\/it\/programmi-gestione-turni-lavoro\/bizimply-recensione\/","url":"https:\/\/www.accuratereviews.com\/it\/programmi-gestione-turni-lavoro\/bizimply-recensione\/","name":"Bizimply: recensione software turni di lavoro - Accurate Reviews","isPartOf":{"@id":"https:\/\/www.accuratereviews.com\/it\/#website"},"primaryImageOfPage":{"@id":"https:\/\/www.accuratereviews.com\/it\/programmi-gestione-turni-lavoro\/bizimply-recensione\/#primaryimage"},"image":{"@id":"https:\/\/www.accuratereviews.com\/it\/programmi-gestione-turni-lavoro\/bizimply-recensione\/#primaryimage"},"thumbnailUrl":"https:\/\/www.accuratereviews.com\/wp-content\/uploads\/2025\/08\/Bizimply.webp","datePublished":"2025-08-19T21:10:57+00:00","description":"Bizimply: recensione software di pianificazione del personale basato su cloud progettato per piccole e medie imprese.","breadcrumb":{"@id":"https:\/\/www.accuratereviews.com\/it\/programmi-gestione-turni-lavoro\/bizimply-recensione\/#breadcrumb"},"inLanguage":"it-IT","potentialAction":[{"@type":"ReadAction","target":["https:\/\/www.accuratereviews.com\/it\/programmi-gestione-turni-lavoro\/bizimply-recensione\/"]}]},{"@type":"ImageObject","inLanguage":"it-IT","@id":"https:\/\/www.accuratereviews.com\/it\/programmi-gestione-turni-lavoro\/bizimply-recensione\/#primaryimage","url":"https:\/\/www.accuratereviews.com\/wp-content\/uploads\/2025\/08\/Bizimply.webp","contentUrl":"https:\/\/www.accuratereviews.com\/wp-content\/uploads\/2025\/08\/Bizimply.webp","width":904,"height":280},{"@type":"BreadcrumbList","@id":"https:\/\/www.accuratereviews.com\/it\/programmi-gestione-turni-lavoro\/bizimply-recensione\/#breadcrumb","itemListElement":[{"@type":"ListItem","position":1,"name":"Home","item":"https:\/\/www.accuratereviews.com\/it\/"},{"@type":"ListItem","position":2,"name":"Programmi per turni di lavoro","item":"https:\/\/www.accuratereviews.com\/it\/programmi-gestione-turni-lavoro\/"},{"@type":"ListItem","position":3,"name":"Bizimply"}]},{"@type":"WebSite","@id":"https:\/\/www.accuratereviews.com\/it\/#website","url":"https:\/\/www.accuratereviews.com\/it\/","name":"Accurate Reviews","description":"","potentialAction":[{"@type":"SearchAction","target":{"@type":"EntryPoint","urlTemplate":"https:\/\/www.accuratereviews.com\/it\/?s={search_term_string}"},"query-input":{"@type":"PropertyValueSpecification","valueRequired":true,"valueName":"search_term_string"}}],"inLanguage":"it-IT"}]}},"_links":{"self":[{"href":"https:\/\/www.accuratereviews.com\/it\/wp-json\/wp\/v2\/pages\/97752","targetHints":{"allow":["GET"]}}],"collection":[{"href":"https:\/\/www.accuratereviews.com\/it\/wp-json\/wp\/v2\/pages"}],"about":[{"href":"https:\/\/www.accuratereviews.com\/it\/wp-json\/wp\/v2\/types\/page"}],"author":[{"embeddable":true,"href":"https:\/\/www.accuratereviews.com\/it\/wp-json\/wp\/v2\/users\/19"}],"replies":[{"embeddable":true,"href":"https:\/\/www.accuratereviews.com\/it\/wp-json\/wp\/v2\/comments?post=97752"}],"version-history":[{"count":6,"href":"https:\/\/www.accuratereviews.com\/it\/wp-json\/wp\/v2\/pages\/97752\/revisions"}],"predecessor-version":[{"id":97801,"href":"https:\/\/www.accuratereviews.com\/it\/wp-json\/wp\/v2\/pages\/97752\/revisions\/97801"}],"up":[{"embeddable":true,"href":"https:\/\/www.accuratereviews.com\/it\/wp-json\/wp\/v2\/pages\/87246"}],"wp:featuredmedia":[{"embeddable":true,"href":"https:\/\/www.accuratereviews.com\/it\/wp-json\/wp\/v2\/media\/97753"}],"wp:attachment":[{"href":"https:\/\/www.accuratereviews.com\/it\/wp-json\/wp\/v2\/media?parent=97752"}],"wp:term":[{"taxonomy":"category","embeddable":true,"href":"https:\/\/www.accuratereviews.com\/it\/wp-json\/wp\/v2\/categories?post=97752"},{"taxonomy":"post_tag","embeddable":true,"href":"https:\/\/www.accuratereviews.com\/it\/wp-json\/wp\/v2\/tags?post=97752"},{"taxonomy":"features","embeddable":true,"href":"https:\/\/www.accuratereviews.com\/it\/wp-json\/wp\/v2\/features?post=97752"}],"curies":[{"name":"wp","href":"https:\/\/api.w.org\/{rel}","templated":true}]}}