{"id":97805,"date":"2025-08-20T17:08:05","date_gmt":"2025-08-20T17:08:05","guid":{"rendered":"https:\/\/www.accuratereviews.com\/?page_id=97805"},"modified":"2025-08-29T07:43:22","modified_gmt":"2025-08-29T07:43:22","slug":"miracltrust-recensione","status":"publish","type":"page","link":"https:\/\/www.accuratereviews.com\/it\/software-sso\/miracltrust-recensione\/","title":{"rendered":"MiraclTrust"},"content":{"rendered":"<p><strong>Miracl Trust<\/strong> \u00e8 una <strong>soluzione di gestione delle identit\u00e0<\/strong> che consente ad aziende e privati di verificare l&#8217;identit\u00e0 di un utente prima di concedere l&#8217;accesso a informazioni sensibili. Elimina la necessit\u00e0 di un&#8217;autenticazione a pi\u00f9 fattori, onerosa e dispendiosa in termini di tempo, utilizzando un processo in un unico passaggio, sicuro e pratico rispetto ai metodi tradizionali.<br \/>\n<strong>Miracl Trust<\/strong> consente agli utenti di accedere con un solo clic, senza dover ricorrere a reindirizzamenti o utilizzare pi\u00f9 dispositivi. Inoltre, utilizza la crittografia a curva ellittica basata su pairing e protocolli a conoscenza zero per crittografare le comunicazioni aziendali critiche e prevenire violazioni di dati o password al momento delle transazioni.<\/p>\n<h2>MIRACL TRUST &#8211; TUTORIAL<\/h2>\n<div id=\"fluid-wrapper-counter-1\" class=\"g1-fluid-wrapper \" style=\"width:686px;\">\n<div style=\"padding-bottom:56.268221574344%;\"><iframe loading=\"lazy\" title=\"MIRACL Trust\u00ae Single-Step MFA without Passwords - How it works\" width=\"686\" height=\"386\" src=\"https:\/\/www.youtube.com\/embed\/0hyati3hnOM?feature=oembed&amp;wmode=transparent&amp;autohide=1&amp;autoplay=0&amp;disablekb=0&amp;fs=1&amp;loop=0&amp;enablejsapi=1&amp;rel=0&amp;controls=2&amp;showinfo=0&amp;wmode=transparent&amp;autohide=2&amp;autoplay=0&amp;disablekb=0&amp;fs=1&amp;loop=0&amp;enablejsapi=1&amp;rel=0&amp;controls=2&amp;showinfo=1\" frameborder=\"0\" allow=\"accelerometer; autoplay; clipboard-write; encrypted-media; gyroscope; picture-in-picture; web-share\" referrerpolicy=\"strict-origin-when-cross-origin\" allowfullscreen><\/iframe><\/div>\n<\/div>\n<h2>MIRACL TRUST &#8211; CARATTERISTICHE<\/h2>\n<ul>\n<li>2 secondi per accedere con un tasso di errore pari a 1\/10 rispetto alle password.<\/li>\n<li>Non sono necessarie password. Un solo PIN e sei a posto.<\/li>\n<li>La tecnologia crittografica garantisce che le informazioni utente rimangano in possesso dell&#8217;utente.<\/li>\n<li>Funziona sul 100% dei browser e dispositivi, persino sulla tua smart TV.<\/li>\n<li>Scala in modo organico e paga solo per ci\u00f2 che utilizzi: nessun costo iniziale e nessuna commissione nascosta.<\/li>\n<li>Nessuna informazione relativa alla sicurezza viene memorizzata sui nostri server o sui tuoi, il che significa che non c&#8217;\u00e8 nulla che un hacker possa rubare.<\/li>\n<li>La funzione di firma digitale ti consente di ridurre le frodi vincolando le transazioni in modo inconfutabile all&#8217;utente.<\/li>\n<li>La soluzione soddisfa gli standard di Autenticazione Forte del Cliente (SCA) della Direttiva Europea sui Servizi di Pagamento (PSD2).<\/li>\n<li>Implementando il software, la tua organizzazione pu\u00f2 rapidamente conformarsi alla PSD2 per il web e il mobile banking.<\/li>\n<\/ul>\n<h4>LE RECENSIONI DEGLI UTENTI<\/h4>\n<p><strong>Okubajo &#8220;Addio nome utente e password.&#8221;<\/strong><br \/>\n<strong>Pro<\/strong>: Miracl \u00e8 stata una buona aggiunta al nostro sito mylottohub.com in quanto ha contribuito a semplificare il processo di accesso per i nostri utenti, garantendo comunque la massima sicurezza possibile agli account utente, mantenendo cos\u00ec i loro dati estremamente protetti!<br \/>\n<strong>Contro<\/strong>: Non c&#8217;\u00e8 davvero nulla che non vada bene in un prodotto cos\u00ec straordinario.<\/p>\n<p><strong>Jim &#8220;Recensione del prodotto MIRACL M-Pin&#8221;<\/strong><br \/>\n<strong>Commenti<\/strong>: MIRACL ha fornito un&#8217;eccellente competenza in materia, che \u00e8 stata utilizzata per convincere i decisori politici governativi che M-Pin soddisfaceva il loro requisito di una credenziale adeguatamente elevata per proteggere i cittadini e i servizi governativi.<br \/>\nMIRACL ha fornito un eccellente supporto tecnico e operativo.<br \/>\n<strong>Pro<\/strong>: L&#8217;M-Pin \u00e8 stato selezionato come credenziale di autenticazione da utilizzare in un servizio di Identity Provider utilizzato dai dipartimenti governativi del Regno Unito. L&#8217;M-Pin ha fornito un token crittografico conveniente ed estremamente sicuro che ha eliminato la necessit\u00e0 per l&#8217;utente di creare una password di otto (o pi\u00f9) caratteri o di utilizzare un codice di sicurezza inviato tramite SMS. L&#8217;M-Pin \u00e8 noto solo all&#8217;utente e non viene memorizzato da nessuna parte, migliorando ulteriormente la sicurezza. Dal punto di vista dell&#8217;esperienza utente, la creazione dell&#8217;M-Pin \u00e8 stata molto semplice e comprensibile. Il processo di autenticazione \u00e8 stato semplice: all&#8217;utente \u00e8 stato richiesto solo di inserire il proprio M-Pin, senza dover inserire un nome utente. Rispetto ad altri tipi di credenziali di autenticazione, l&#8217;M-Pin si \u00e8 rivelato molto conveniente.<br \/>\n<strong>Contro<\/strong>: Sebbene M-Pin fornisca un token crittografico molto sicuro, era difficile spiegare all&#8217;utente in che misura M-Pin lo rendesse pi\u00f9 sicuro rispetto a metodi alternativi, poich\u00e9 la metodologia crittografica \u00e8 un argomento complesso. Inoltre, l&#8217;utente doveva essere informato che la registrazione dell&#8217;M-Pin era collegata alla combinazione browser\/dispositivo dell&#8217;utente, un&#8217;ulteriore caratteristica che aumentava la sicurezza, ma che richiedeva la comprensione e il riconoscimento da parte dell&#8217;utente.<\/p>\n","protected":false},"excerpt":{"rendered":"<p>Miracl Trust \u00e8 una soluzione di gestione delle identit\u00e0 che consente ad aziende e privati di verificare l&#8217;identit\u00e0 di un utente prima di concedere l&#8217;accesso a informazioni sensibili. Elimina la necessit\u00e0 di un&#8217;autenticazione a pi\u00f9 fattori, onerosa e dispendiosa in termini di tempo, utilizzando un processo in un unico passaggio, sicuro e pratico rispetto ai metodi tradizionali.<\/p>\n","protected":false},"author":19,"featured_media":97807,"parent":97817,"menu_order":0,"comment_status":"open","ping_status":"closed","template":"g1_template_page_review_new.php","meta":{"_acf_changed":false,"cwp_meta_box_check":"No","cwp_rev_product_name":"","cwp_rev_product_image":"","wppr_links":[],"cwp_rev_price":"","wppr_options":[],"wppr_pros":[],"wppr_cons":[],"_monsterinsights_skip_tracking":false,"_monsterinsights_sitenote_active":false,"_monsterinsights_sitenote_note":"","_monsterinsights_sitenote_category":0,"footnotes":""},"categories":[16466],"tags":[16459,16464,16463,16461,16460,16462,16465],"features":[],"class_list":{"0":"post-97805","1":"page","2":"type-page","3":"status-publish","4":"has-post-thumbnail","6":"category-software-sso-cat","7":"tag-miracltrust","8":"tag-piattaforma-sso","9":"tag-programma-sso","10":"tag-single-sign-on","11":"tag-software-sso","12":"tag-soluzione-sso","13":"tag-sso-software"},"wppr_data":{"cwp_meta_box_check":"No"},"acf":[],"yoast_head":"<!-- This site is optimized with the Yoast SEO plugin v27.4 - https:\/\/yoast.com\/product\/yoast-seo-wordpress\/ -->\n<title>Miracl Trust: recensione software SSO - Accurate Reviews<\/title>\n<meta name=\"description\" content=\"Miracl Trust: soluzione SSO che consente di verificare l&#039;identit\u00e0 di un utente prima di autorizzare l&#039;accesso a informazioni.\" \/>\n<meta name=\"robots\" content=\"index, follow, max-snippet:-1, max-image-preview:large, max-video-preview:-1\" \/>\n<link rel=\"canonical\" href=\"https:\/\/www.accuratereviews.com\/it\/software-sso\/miracltrust-recensione\/\" \/>\n<meta property=\"og:locale\" content=\"it_IT\" \/>\n<meta property=\"og:type\" content=\"article\" \/>\n<meta property=\"og:title\" content=\"Miracl Trust: recensione software SSO - Accurate Reviews\" \/>\n<meta property=\"og:description\" content=\"Miracl Trust: soluzione SSO che consente di verificare l&#039;identit\u00e0 di un utente prima di autorizzare l&#039;accesso a informazioni.\" \/>\n<meta property=\"og:url\" content=\"https:\/\/www.accuratereviews.com\/it\/software-sso\/miracltrust-recensione\/\" \/>\n<meta property=\"og:site_name\" content=\"Accurate Reviews\" \/>\n<meta property=\"article:modified_time\" content=\"2025-08-29T07:43:22+00:00\" \/>\n<meta property=\"og:image\" content=\"https:\/\/www.accuratereviews.com\/wp-content\/uploads\/2025\/08\/MIRACL.jpeg\" \/>\n\t<meta property=\"og:image:width\" content=\"200\" \/>\n\t<meta property=\"og:image:height\" content=\"200\" \/>\n\t<meta property=\"og:image:type\" content=\"image\/jpeg\" \/>\n<meta name=\"twitter:card\" content=\"summary_large_image\" \/>\n<meta name=\"twitter:label1\" content=\"Tempo di lettura stimato\" \/>\n\t<meta name=\"twitter:data1\" content=\"4 minuti\" \/>\n<script type=\"application\/ld+json\" class=\"yoast-schema-graph\">{\"@context\":\"https:\\\/\\\/schema.org\",\"@graph\":[{\"@type\":\"WebPage\",\"@id\":\"https:\\\/\\\/www.accuratereviews.com\\\/it\\\/software-sso\\\/miracltrust-recensione\\\/\",\"url\":\"https:\\\/\\\/www.accuratereviews.com\\\/it\\\/software-sso\\\/miracltrust-recensione\\\/\",\"name\":\"Miracl Trust: recensione software SSO - Accurate Reviews\",\"isPartOf\":{\"@id\":\"https:\\\/\\\/www.accuratereviews.com\\\/it\\\/#website\"},\"primaryImageOfPage\":{\"@id\":\"https:\\\/\\\/www.accuratereviews.com\\\/it\\\/software-sso\\\/miracltrust-recensione\\\/#primaryimage\"},\"image\":{\"@id\":\"https:\\\/\\\/www.accuratereviews.com\\\/it\\\/software-sso\\\/miracltrust-recensione\\\/#primaryimage\"},\"thumbnailUrl\":\"https:\\\/\\\/www.accuratereviews.com\\\/wp-content\\\/uploads\\\/2025\\\/08\\\/MIRACL.jpeg\",\"datePublished\":\"2025-08-20T17:08:05+00:00\",\"dateModified\":\"2025-08-29T07:43:22+00:00\",\"description\":\"Miracl Trust: soluzione SSO che consente di verificare l'identit\u00e0 di un utente prima di autorizzare l'accesso a informazioni.\",\"breadcrumb\":{\"@id\":\"https:\\\/\\\/www.accuratereviews.com\\\/it\\\/software-sso\\\/miracltrust-recensione\\\/#breadcrumb\"},\"inLanguage\":\"it-IT\",\"potentialAction\":[{\"@type\":\"ReadAction\",\"target\":[\"https:\\\/\\\/www.accuratereviews.com\\\/it\\\/software-sso\\\/miracltrust-recensione\\\/\"]}]},{\"@type\":\"ImageObject\",\"inLanguage\":\"it-IT\",\"@id\":\"https:\\\/\\\/www.accuratereviews.com\\\/it\\\/software-sso\\\/miracltrust-recensione\\\/#primaryimage\",\"url\":\"https:\\\/\\\/www.accuratereviews.com\\\/wp-content\\\/uploads\\\/2025\\\/08\\\/MIRACL.jpeg\",\"contentUrl\":\"https:\\\/\\\/www.accuratereviews.com\\\/wp-content\\\/uploads\\\/2025\\\/08\\\/MIRACL.jpeg\",\"width\":200,\"height\":200},{\"@type\":\"BreadcrumbList\",\"@id\":\"https:\\\/\\\/www.accuratereviews.com\\\/it\\\/software-sso\\\/miracltrust-recensione\\\/#breadcrumb\",\"itemListElement\":[{\"@type\":\"ListItem\",\"position\":1,\"name\":\"Home\",\"item\":\"https:\\\/\\\/www.accuratereviews.com\\\/it\\\/\"},{\"@type\":\"ListItem\",\"position\":2,\"name\":\"Software SSO (Single Sign-On)\",\"item\":\"https:\\\/\\\/www.accuratereviews.com\\\/it\\\/software-sso\\\/\"},{\"@type\":\"ListItem\",\"position\":3,\"name\":\"MiraclTrust\"}]},{\"@type\":\"WebSite\",\"@id\":\"https:\\\/\\\/www.accuratereviews.com\\\/it\\\/#website\",\"url\":\"https:\\\/\\\/www.accuratereviews.com\\\/it\\\/\",\"name\":\"Accurate Reviews\",\"description\":\"\",\"potentialAction\":[{\"@type\":\"SearchAction\",\"target\":{\"@type\":\"EntryPoint\",\"urlTemplate\":\"https:\\\/\\\/www.accuratereviews.com\\\/it\\\/?s={search_term_string}\"},\"query-input\":{\"@type\":\"PropertyValueSpecification\",\"valueRequired\":true,\"valueName\":\"search_term_string\"}}],\"inLanguage\":\"it-IT\"}]}<\/script>\n<!-- \/ Yoast SEO plugin. -->","yoast_head_json":{"title":"Miracl Trust: recensione software SSO - Accurate Reviews","description":"Miracl Trust: soluzione SSO che consente di verificare l'identit\u00e0 di un utente prima di autorizzare l'accesso a informazioni.","robots":{"index":"index","follow":"follow","max-snippet":"max-snippet:-1","max-image-preview":"max-image-preview:large","max-video-preview":"max-video-preview:-1"},"canonical":"https:\/\/www.accuratereviews.com\/it\/software-sso\/miracltrust-recensione\/","og_locale":"it_IT","og_type":"article","og_title":"Miracl Trust: recensione software SSO - Accurate Reviews","og_description":"Miracl Trust: soluzione SSO che consente di verificare l'identit\u00e0 di un utente prima di autorizzare l'accesso a informazioni.","og_url":"https:\/\/www.accuratereviews.com\/it\/software-sso\/miracltrust-recensione\/","og_site_name":"Accurate Reviews","article_modified_time":"2025-08-29T07:43:22+00:00","og_image":[{"width":200,"height":200,"url":"https:\/\/www.accuratereviews.com\/wp-content\/uploads\/2025\/08\/MIRACL.jpeg","type":"image\/jpeg"}],"twitter_card":"summary_large_image","twitter_misc":{"Tempo di lettura stimato":"4 minuti"},"schema":{"@context":"https:\/\/schema.org","@graph":[{"@type":"WebPage","@id":"https:\/\/www.accuratereviews.com\/it\/software-sso\/miracltrust-recensione\/","url":"https:\/\/www.accuratereviews.com\/it\/software-sso\/miracltrust-recensione\/","name":"Miracl Trust: recensione software SSO - Accurate Reviews","isPartOf":{"@id":"https:\/\/www.accuratereviews.com\/it\/#website"},"primaryImageOfPage":{"@id":"https:\/\/www.accuratereviews.com\/it\/software-sso\/miracltrust-recensione\/#primaryimage"},"image":{"@id":"https:\/\/www.accuratereviews.com\/it\/software-sso\/miracltrust-recensione\/#primaryimage"},"thumbnailUrl":"https:\/\/www.accuratereviews.com\/wp-content\/uploads\/2025\/08\/MIRACL.jpeg","datePublished":"2025-08-20T17:08:05+00:00","dateModified":"2025-08-29T07:43:22+00:00","description":"Miracl Trust: soluzione SSO che consente di verificare l'identit\u00e0 di un utente prima di autorizzare l'accesso a informazioni.","breadcrumb":{"@id":"https:\/\/www.accuratereviews.com\/it\/software-sso\/miracltrust-recensione\/#breadcrumb"},"inLanguage":"it-IT","potentialAction":[{"@type":"ReadAction","target":["https:\/\/www.accuratereviews.com\/it\/software-sso\/miracltrust-recensione\/"]}]},{"@type":"ImageObject","inLanguage":"it-IT","@id":"https:\/\/www.accuratereviews.com\/it\/software-sso\/miracltrust-recensione\/#primaryimage","url":"https:\/\/www.accuratereviews.com\/wp-content\/uploads\/2025\/08\/MIRACL.jpeg","contentUrl":"https:\/\/www.accuratereviews.com\/wp-content\/uploads\/2025\/08\/MIRACL.jpeg","width":200,"height":200},{"@type":"BreadcrumbList","@id":"https:\/\/www.accuratereviews.com\/it\/software-sso\/miracltrust-recensione\/#breadcrumb","itemListElement":[{"@type":"ListItem","position":1,"name":"Home","item":"https:\/\/www.accuratereviews.com\/it\/"},{"@type":"ListItem","position":2,"name":"Software SSO (Single Sign-On)","item":"https:\/\/www.accuratereviews.com\/it\/software-sso\/"},{"@type":"ListItem","position":3,"name":"MiraclTrust"}]},{"@type":"WebSite","@id":"https:\/\/www.accuratereviews.com\/it\/#website","url":"https:\/\/www.accuratereviews.com\/it\/","name":"Accurate Reviews","description":"","potentialAction":[{"@type":"SearchAction","target":{"@type":"EntryPoint","urlTemplate":"https:\/\/www.accuratereviews.com\/it\/?s={search_term_string}"},"query-input":{"@type":"PropertyValueSpecification","valueRequired":true,"valueName":"search_term_string"}}],"inLanguage":"it-IT"}]}},"_links":{"self":[{"href":"https:\/\/www.accuratereviews.com\/it\/wp-json\/wp\/v2\/pages\/97805","targetHints":{"allow":["GET"]}}],"collection":[{"href":"https:\/\/www.accuratereviews.com\/it\/wp-json\/wp\/v2\/pages"}],"about":[{"href":"https:\/\/www.accuratereviews.com\/it\/wp-json\/wp\/v2\/types\/page"}],"author":[{"embeddable":true,"href":"https:\/\/www.accuratereviews.com\/it\/wp-json\/wp\/v2\/users\/19"}],"replies":[{"embeddable":true,"href":"https:\/\/www.accuratereviews.com\/it\/wp-json\/wp\/v2\/comments?post=97805"}],"version-history":[{"count":9,"href":"https:\/\/www.accuratereviews.com\/it\/wp-json\/wp\/v2\/pages\/97805\/revisions"}],"predecessor-version":[{"id":98557,"href":"https:\/\/www.accuratereviews.com\/it\/wp-json\/wp\/v2\/pages\/97805\/revisions\/98557"}],"up":[{"embeddable":true,"href":"https:\/\/www.accuratereviews.com\/it\/wp-json\/wp\/v2\/pages\/97817"}],"wp:featuredmedia":[{"embeddable":true,"href":"https:\/\/www.accuratereviews.com\/it\/wp-json\/wp\/v2\/media\/97807"}],"wp:attachment":[{"href":"https:\/\/www.accuratereviews.com\/it\/wp-json\/wp\/v2\/media?parent=97805"}],"wp:term":[{"taxonomy":"category","embeddable":true,"href":"https:\/\/www.accuratereviews.com\/it\/wp-json\/wp\/v2\/categories?post=97805"},{"taxonomy":"post_tag","embeddable":true,"href":"https:\/\/www.accuratereviews.com\/it\/wp-json\/wp\/v2\/tags?post=97805"},{"taxonomy":"features","embeddable":true,"href":"https:\/\/www.accuratereviews.com\/it\/wp-json\/wp\/v2\/features?post=97805"}],"curies":[{"name":"wp","href":"https:\/\/api.w.org\/{rel}","templated":true}]}}