{"id":9786,"date":"2017-05-29T09:56:41","date_gmt":"2017-05-29T09:56:41","guid":{"rendered":"http:\/\/www.accuratereviews.com\/i-migliori-ide\/aptana\/"},"modified":"2021-01-29T14:58:43","modified_gmt":"2021-01-29T14:58:43","slug":"aptana","status":"publish","type":"page","link":"https:\/\/www.accuratereviews.com\/it\/i-migliori-ide\/aptana\/","title":{"rendered":"Aptana"},"content":{"rendered":"<p><img loading=\"lazy\" decoding=\"async\" class=\"alignnone size-full wp-image-9769\" src=\"http:\/\/www.accuratereviews.com\/wp-content\/uploads\/2017\/05\/aptana-2.png\" alt=\"aptana\" width=\"585\" height=\"383\" srcset=\"https:\/\/www.accuratereviews.com\/wp-content\/uploads\/2017\/05\/aptana-2.png 585w, https:\/\/www.accuratereviews.com\/wp-content\/uploads\/2017\/05\/aptana-2-300x196.png 300w, https:\/\/www.accuratereviews.com\/wp-content\/uploads\/2017\/05\/aptana-2-191x125.png 191w, https:\/\/www.accuratereviews.com\/wp-content\/uploads\/2017\/05\/aptana-2-50x33.png 50w, https:\/\/www.accuratereviews.com\/wp-content\/uploads\/2017\/05\/aptana-2-320x210.png 320w, https:\/\/www.accuratereviews.com\/wp-content\/uploads\/2017\/05\/aptana-2-239x156.png 239w\" sizes=\"auto, (max-width: 585px) 100vw, 585px\" \/><\/p>\n<p>Per fare un lavoro a volte hai bisogno di quello specifico strumento, capace di fare quello specifico lavoro meglio di qualsiasi altro ma estremamente poco flessibile. Altre volte, ti puoi accontentare di uno strumento generico, senza pretese.<br \/>\n<strong>Aptana \u00e8 sia uno strumento estremamente specifico che uno tremendamente generico<\/strong>. Altri strumenti di sviluppo concorrenti offrono tanti fronzoli e lustrini, hanno un sistema di live editing che funziona pi\u00f9 rapidamente, propongono un\u2019interfaccia utente pi\u00f9 semplice da gestire e da personalizzare. Le funzioni di auto completamento dei concorrenti sono spesso pi\u00f9 intelligenti e fanno un miglior lavoro nel segnalare problemi nel codice, ma suggerendo anche una soluzione per risolverli. <strong>Ci\u00f2 che sicuramente i concorrenti non offrono \u00e8 la semplicit\u00e0 di Aptana, oltre a non essere gratuiti<\/strong>.<\/p>\n<p><strong>Aptana garantisce tutte le funzionalit\u00e0 principali<\/strong> che ci aspetteremo da uno strumento di sviluppo. Possiamo usare questo IDE per <strong>creare in HTML, CSS, JavaScript, PHP e Ruby<\/strong>. I <strong>protocolli di distribuzione includono FTP, SFTP, FTPS e Capistrano<\/strong>. Il debugger integrato non \u00e8 perfetto nell\u2019identificare problemi, ma controlla minuziosamente le variabili, l\u2019esecuzione e imposta i breakpoint.<\/p>\n<p><img loading=\"lazy\" decoding=\"async\" class=\"alignnone size-full wp-image-9770\" src=\"http:\/\/www.accuratereviews.com\/wp-content\/uploads\/2017\/05\/aptana-1.png\" alt=\"aptana\" width=\"585\" height=\"383\" srcset=\"https:\/\/www.accuratereviews.com\/wp-content\/uploads\/2017\/05\/aptana-1.png 585w, https:\/\/www.accuratereviews.com\/wp-content\/uploads\/2017\/05\/aptana-1-300x196.png 300w, https:\/\/www.accuratereviews.com\/wp-content\/uploads\/2017\/05\/aptana-1-191x125.png 191w, https:\/\/www.accuratereviews.com\/wp-content\/uploads\/2017\/05\/aptana-1-50x33.png 50w, https:\/\/www.accuratereviews.com\/wp-content\/uploads\/2017\/05\/aptana-1-320x210.png 320w, https:\/\/www.accuratereviews.com\/wp-content\/uploads\/2017\/05\/aptana-1-239x156.png 239w\" sizes=\"auto, (max-width: 585px) 100vw, 585px\" \/><\/p>\n<p>TTroviamo inoltre un <strong>terminale incorporato<\/strong> per eseguire le righe di comando e l&#8217;integrazione con Git funziona bene, in modo da permettere la distribuzione diretta del proprio lavoro e una collaborazione pi\u00f9 rapida con i membri del team. \u00c8 anche personalizzabile. <strong>Aptana include una lunga lista di comandi, ma possiamo creare i nostri personali<\/strong>. Gli add-on offering non sono moltissimi, ma permettono comunque di scegliere tra un buon ventaglio di opzioni che espandono le funzionalit\u00e0 del software a nostro piacimento.<\/p>\n<p><strong>Aptana non \u00e8 l\u2019applicazione di sviluppo pi\u00f9 rapida del mondo<\/strong> e richiede a volte un gran numero di risorse dal vostro computer (due punti a sfavore che il software condivide con il concorrente PhpStorm). Pu\u00f2 funzionare in modo anche un po\u2019 strano quando si tratta di indicizzare, navigare e codificare i codici. Gli aggiornamenti sono infrequenti, ma questo \u00e8 un dettaglio che cambier\u00e0 ora che Aptana stato acquistato da Appcelerator.<\/p>\n<p><strong>Uno dei motivi per i quali Aptana viene tanto utilizzato \u00e8 il suo essere open-source<\/strong>. Essendo gratuito, possiamo perdonargli le piccole e medie mancanze di cui soffre. Resta comunque un\u2019alternativa funzionale, utile e un\u2019eccellente scelta per i piccoli team di sviluppo con budget ridotti. Aptana funziona su macOS, Windows e Linux.<\/p>\n","protected":false},"excerpt":{"rendered":"<p>Per fare un lavoro a volte hai bisogno di quello specifico strumento, capace di fare quello specifico lavoro meglio di qualsiasi altro ma estremamente poco flessibile. Altre volte, ti puoi accontentare di uno strumento generico, senza pretese.<br \/>\nAptana \u00e8 sia uno strumento estremamente specifico che uno tremendamente generico.<\/p>\n","protected":false},"author":16,"featured_media":0,"parent":9773,"menu_order":1,"comment_status":"open","ping_status":"closed","template":"g1_template_page_review_new.php","meta":{"_acf_changed":false,"cwp_meta_box_check":"Yes","cwp_rev_product_name":"","cwp_rev_product_image":"","wppr_links":[],"cwp_rev_price":"","wppr_options":[],"wppr_pros":[],"wppr_cons":[],"_monsterinsights_skip_tracking":false,"_monsterinsights_sitenote_active":false,"_monsterinsights_sitenote_note":"","_monsterinsights_sitenote_category":0,"footnotes":""},"categories":[184],"tags":[818,811,815,817,810,812,246,813,809,814,816,808,819],"features":[],"class_list":{"0":"post-9786","1":"page","2":"type-page","3":"status-publish","5":"category-ide-it","6":"tag-capistrano","7":"tag-css","8":"tag-ftp","9":"tag-ftps","10":"tag-html","11":"tag-javascript","12":"tag-open-source","13":"tag-php","14":"tag-programma-ide","15":"tag-ruby","16":"tag-sftp","17":"tag-software-ide","18":"tag-terminale-incorporato"},"wppr_data":{"cwp_meta_box_check":"Yes","cwp_rev_product_name":"","cwp_rev_product_image":"","cwp_image_link":"image","cwp_rev_price":"","wppr_rating":"0.00"},"acf":[],"yoast_head":"<!-- This site is optimized with the Yoast SEO plugin v27.4 - https:\/\/yoast.com\/product\/yoast-seo-wordpress\/ -->\n<title>Aptana | Recensioni dei migliori software IDE | Accurate Reviews<\/title>\n<meta name=\"description\" content=\"Aptana \u00e8 un IDE gratuito, open source, molto semplice da utilizzare. Offre la maggior parte delle funzionalit\u00e0 di un buono uno strumento di sviluppo.\" \/>\n<meta name=\"robots\" content=\"index, follow, max-snippet:-1, max-image-preview:large, max-video-preview:-1\" \/>\n<link rel=\"canonical\" href=\"https:\/\/www.accuratereviews.com\/it\/i-migliori-ide\/aptana\/\" \/>\n<meta property=\"og:locale\" content=\"it_IT\" \/>\n<meta property=\"og:type\" content=\"article\" \/>\n<meta property=\"og:title\" content=\"Aptana | Recensioni dei migliori software IDE | Accurate Reviews\" \/>\n<meta property=\"og:description\" content=\"Aptana \u00e8 un IDE gratuito, open source, molto semplice da utilizzare. Offre la maggior parte delle funzionalit\u00e0 di un buono uno strumento di sviluppo.\" \/>\n<meta property=\"og:url\" content=\"https:\/\/www.accuratereviews.com\/it\/i-migliori-ide\/aptana\/\" \/>\n<meta property=\"og:site_name\" content=\"Accurate Reviews\" \/>\n<meta property=\"article:modified_time\" content=\"2021-01-29T14:58:43+00:00\" \/>\n<meta property=\"og:image\" content=\"http:\/\/www.accuratereviews.com\/wp-content\/uploads\/2017\/05\/aptana-2.png\" \/>\n<meta name=\"twitter:card\" content=\"summary_large_image\" \/>\n<meta name=\"twitter:label1\" content=\"Tempo di lettura stimato\" \/>\n\t<meta name=\"twitter:data1\" content=\"2 minuti\" \/>\n<script type=\"application\/ld+json\" class=\"yoast-schema-graph\">{\"@context\":\"https:\\\/\\\/schema.org\",\"@graph\":[{\"@type\":\"WebPage\",\"@id\":\"https:\\\/\\\/www.accuratereviews.com\\\/it\\\/i-migliori-ide\\\/aptana\\\/\",\"url\":\"https:\\\/\\\/www.accuratereviews.com\\\/it\\\/i-migliori-ide\\\/aptana\\\/\",\"name\":\"Aptana | Recensioni dei migliori software IDE | Accurate Reviews\",\"isPartOf\":{\"@id\":\"https:\\\/\\\/www.accuratereviews.com\\\/it\\\/#website\"},\"primaryImageOfPage\":{\"@id\":\"https:\\\/\\\/www.accuratereviews.com\\\/it\\\/i-migliori-ide\\\/aptana\\\/#primaryimage\"},\"image\":{\"@id\":\"https:\\\/\\\/www.accuratereviews.com\\\/it\\\/i-migliori-ide\\\/aptana\\\/#primaryimage\"},\"thumbnailUrl\":\"http:\\\/\\\/www.accuratereviews.com\\\/wp-content\\\/uploads\\\/2017\\\/05\\\/aptana-2.png\",\"datePublished\":\"2017-05-29T09:56:41+00:00\",\"dateModified\":\"2021-01-29T14:58:43+00:00\",\"description\":\"Aptana \u00e8 un IDE gratuito, open source, molto semplice da utilizzare. Offre la maggior parte delle funzionalit\u00e0 di un buono uno strumento di sviluppo.\",\"breadcrumb\":{\"@id\":\"https:\\\/\\\/www.accuratereviews.com\\\/it\\\/i-migliori-ide\\\/aptana\\\/#breadcrumb\"},\"inLanguage\":\"it-IT\",\"potentialAction\":[{\"@type\":\"ReadAction\",\"target\":[\"https:\\\/\\\/www.accuratereviews.com\\\/it\\\/i-migliori-ide\\\/aptana\\\/\"]}]},{\"@type\":\"ImageObject\",\"inLanguage\":\"it-IT\",\"@id\":\"https:\\\/\\\/www.accuratereviews.com\\\/it\\\/i-migliori-ide\\\/aptana\\\/#primaryimage\",\"url\":\"http:\\\/\\\/www.accuratereviews.com\\\/wp-content\\\/uploads\\\/2017\\\/05\\\/aptana-2.png\",\"contentUrl\":\"http:\\\/\\\/www.accuratereviews.com\\\/wp-content\\\/uploads\\\/2017\\\/05\\\/aptana-2.png\"},{\"@type\":\"BreadcrumbList\",\"@id\":\"https:\\\/\\\/www.accuratereviews.com\\\/it\\\/i-migliori-ide\\\/aptana\\\/#breadcrumb\",\"itemListElement\":[{\"@type\":\"ListItem\",\"position\":1,\"name\":\"Home\",\"item\":\"https:\\\/\\\/www.accuratereviews.com\\\/it\\\/\"},{\"@type\":\"ListItem\",\"position\":2,\"name\":\"I migliori IDE\",\"item\":\"https:\\\/\\\/www.accuratereviews.com\\\/it\\\/i-migliori-ide\\\/\"},{\"@type\":\"ListItem\",\"position\":3,\"name\":\"Aptana\"}]},{\"@type\":\"WebSite\",\"@id\":\"https:\\\/\\\/www.accuratereviews.com\\\/it\\\/#website\",\"url\":\"https:\\\/\\\/www.accuratereviews.com\\\/it\\\/\",\"name\":\"Accurate Reviews\",\"description\":\"\",\"potentialAction\":[{\"@type\":\"SearchAction\",\"target\":{\"@type\":\"EntryPoint\",\"urlTemplate\":\"https:\\\/\\\/www.accuratereviews.com\\\/it\\\/?s={search_term_string}\"},\"query-input\":{\"@type\":\"PropertyValueSpecification\",\"valueRequired\":true,\"valueName\":\"search_term_string\"}}],\"inLanguage\":\"it-IT\"}]}<\/script>\n<!-- \/ Yoast SEO plugin. -->","yoast_head_json":{"title":"Aptana | Recensioni dei migliori software IDE | Accurate Reviews","description":"Aptana \u00e8 un IDE gratuito, open source, molto semplice da utilizzare. Offre la maggior parte delle funzionalit\u00e0 di un buono uno strumento di sviluppo.","robots":{"index":"index","follow":"follow","max-snippet":"max-snippet:-1","max-image-preview":"max-image-preview:large","max-video-preview":"max-video-preview:-1"},"canonical":"https:\/\/www.accuratereviews.com\/it\/i-migliori-ide\/aptana\/","og_locale":"it_IT","og_type":"article","og_title":"Aptana | Recensioni dei migliori software IDE | Accurate Reviews","og_description":"Aptana \u00e8 un IDE gratuito, open source, molto semplice da utilizzare. Offre la maggior parte delle funzionalit\u00e0 di un buono uno strumento di sviluppo.","og_url":"https:\/\/www.accuratereviews.com\/it\/i-migliori-ide\/aptana\/","og_site_name":"Accurate Reviews","article_modified_time":"2021-01-29T14:58:43+00:00","og_image":[{"url":"http:\/\/www.accuratereviews.com\/wp-content\/uploads\/2017\/05\/aptana-2.png","type":"","width":"","height":""}],"twitter_card":"summary_large_image","twitter_misc":{"Tempo di lettura stimato":"2 minuti"},"schema":{"@context":"https:\/\/schema.org","@graph":[{"@type":"WebPage","@id":"https:\/\/www.accuratereviews.com\/it\/i-migliori-ide\/aptana\/","url":"https:\/\/www.accuratereviews.com\/it\/i-migliori-ide\/aptana\/","name":"Aptana | Recensioni dei migliori software IDE | Accurate Reviews","isPartOf":{"@id":"https:\/\/www.accuratereviews.com\/it\/#website"},"primaryImageOfPage":{"@id":"https:\/\/www.accuratereviews.com\/it\/i-migliori-ide\/aptana\/#primaryimage"},"image":{"@id":"https:\/\/www.accuratereviews.com\/it\/i-migliori-ide\/aptana\/#primaryimage"},"thumbnailUrl":"http:\/\/www.accuratereviews.com\/wp-content\/uploads\/2017\/05\/aptana-2.png","datePublished":"2017-05-29T09:56:41+00:00","dateModified":"2021-01-29T14:58:43+00:00","description":"Aptana \u00e8 un IDE gratuito, open source, molto semplice da utilizzare. Offre la maggior parte delle funzionalit\u00e0 di un buono uno strumento di sviluppo.","breadcrumb":{"@id":"https:\/\/www.accuratereviews.com\/it\/i-migliori-ide\/aptana\/#breadcrumb"},"inLanguage":"it-IT","potentialAction":[{"@type":"ReadAction","target":["https:\/\/www.accuratereviews.com\/it\/i-migliori-ide\/aptana\/"]}]},{"@type":"ImageObject","inLanguage":"it-IT","@id":"https:\/\/www.accuratereviews.com\/it\/i-migliori-ide\/aptana\/#primaryimage","url":"http:\/\/www.accuratereviews.com\/wp-content\/uploads\/2017\/05\/aptana-2.png","contentUrl":"http:\/\/www.accuratereviews.com\/wp-content\/uploads\/2017\/05\/aptana-2.png"},{"@type":"BreadcrumbList","@id":"https:\/\/www.accuratereviews.com\/it\/i-migliori-ide\/aptana\/#breadcrumb","itemListElement":[{"@type":"ListItem","position":1,"name":"Home","item":"https:\/\/www.accuratereviews.com\/it\/"},{"@type":"ListItem","position":2,"name":"I migliori IDE","item":"https:\/\/www.accuratereviews.com\/it\/i-migliori-ide\/"},{"@type":"ListItem","position":3,"name":"Aptana"}]},{"@type":"WebSite","@id":"https:\/\/www.accuratereviews.com\/it\/#website","url":"https:\/\/www.accuratereviews.com\/it\/","name":"Accurate Reviews","description":"","potentialAction":[{"@type":"SearchAction","target":{"@type":"EntryPoint","urlTemplate":"https:\/\/www.accuratereviews.com\/it\/?s={search_term_string}"},"query-input":{"@type":"PropertyValueSpecification","valueRequired":true,"valueName":"search_term_string"}}],"inLanguage":"it-IT"}]}},"_links":{"self":[{"href":"https:\/\/www.accuratereviews.com\/it\/wp-json\/wp\/v2\/pages\/9786","targetHints":{"allow":["GET"]}}],"collection":[{"href":"https:\/\/www.accuratereviews.com\/it\/wp-json\/wp\/v2\/pages"}],"about":[{"href":"https:\/\/www.accuratereviews.com\/it\/wp-json\/wp\/v2\/types\/page"}],"author":[{"embeddable":true,"href":"https:\/\/www.accuratereviews.com\/it\/wp-json\/wp\/v2\/users\/16"}],"replies":[{"embeddable":true,"href":"https:\/\/www.accuratereviews.com\/it\/wp-json\/wp\/v2\/comments?post=9786"}],"version-history":[{"count":5,"href":"https:\/\/www.accuratereviews.com\/it\/wp-json\/wp\/v2\/pages\/9786\/revisions"}],"predecessor-version":[{"id":36310,"href":"https:\/\/www.accuratereviews.com\/it\/wp-json\/wp\/v2\/pages\/9786\/revisions\/36310"}],"up":[{"embeddable":true,"href":"https:\/\/www.accuratereviews.com\/it\/wp-json\/wp\/v2\/pages\/9773"}],"wp:attachment":[{"href":"https:\/\/www.accuratereviews.com\/it\/wp-json\/wp\/v2\/media?parent=9786"}],"wp:term":[{"taxonomy":"category","embeddable":true,"href":"https:\/\/www.accuratereviews.com\/it\/wp-json\/wp\/v2\/categories?post=9786"},{"taxonomy":"post_tag","embeddable":true,"href":"https:\/\/www.accuratereviews.com\/it\/wp-json\/wp\/v2\/tags?post=9786"},{"taxonomy":"features","embeddable":true,"href":"https:\/\/www.accuratereviews.com\/it\/wp-json\/wp\/v2\/features?post=9786"}],"curies":[{"name":"wp","href":"https:\/\/api.w.org\/{rel}","templated":true}]}}