{"id":98000,"date":"2025-08-26T14:52:57","date_gmt":"2025-08-26T14:52:57","guid":{"rendered":"https:\/\/www.accuratereviews.com\/?page_id=98000"},"modified":"2025-08-27T10:01:46","modified_gmt":"2025-08-27T10:01:46","slug":"secureauth-recensione","status":"publish","type":"page","link":"https:\/\/www.accuratereviews.com\/it\/software-sso\/secureauth-recensione\/","title":{"rendered":"SecureAuth"},"content":{"rendered":"<div class=\"_0eb511\">\n<div class=\"_dd7dd5\">\n<p class=\"Typography _a0ba60 _e042ab\"><strong>SecureAuth<\/strong> \u00e8 un software <strong>basato su<\/strong> <strong>cloud<\/strong> che fornisce alle aziende strumenti di<strong> autenticazione a pi\u00f9 fattori (MFA)<\/strong> per verificare l&#8217;identit\u00e0 degli utenti e proteggere i dati aziendali. I supervisori possono configurare flussi di lavoro di autenticazione e utilizzare diversi metodi senza password, come <strong>WebAuthn o SecureAuth Authenticate<\/strong>, per semplificare i processi di verifica.<br \/>\nGrazie alle funzionalit\u00e0 di apprendimento automatico, le organizzazioni possono rilevare attivit\u00e0 anomale e generare automaticamente punteggi di rischio per applicazioni o risorse. I manager possono utilizzare la dashboard per monitorare gli accessi precedenti e ottenere una panoramica dei metodi MFA, delle iscrizioni e dei tentativi di accesso riusciti\/falliti attraverso analisi fruibili.<br \/>\n<strong>SecureAuth <\/strong>consente agli utenti di monitorare segnali comportamentali e contestuali per determinare la velocit\u00e0 di accesso, la posizione dell&#8217;utente, la rete di telefonia mobile e altro ancora. Il software aiuta, inoltre, gli amministratori a gestire e configurare le autorizzazioni di accesso degli utenti in base alle esigenze.<\/p>\n<h2>SECUREAUTH &#8211; TUTORIAL<\/h2>\n<div id=\"fluid-wrapper-counter-1\" class=\"g1-fluid-wrapper \" style=\"width:686px;\">\n<div style=\"padding-bottom:56.268221574344%;\"><iframe loading=\"lazy\" title=\"How to Create Policy within SecureAuth Identity Platform\" width=\"686\" height=\"386\" src=\"https:\/\/www.youtube.com\/embed\/-t8d0a7JiCE?feature=oembed&amp;wmode=transparent&amp;autohide=1&amp;autoplay=0&amp;disablekb=0&amp;fs=1&amp;loop=0&amp;enablejsapi=1&amp;rel=0&amp;controls=2&amp;showinfo=0&amp;wmode=transparent&amp;autohide=2&amp;autoplay=0&amp;disablekb=0&amp;fs=1&amp;loop=0&amp;enablejsapi=1&amp;rel=0&amp;controls=2&amp;showinfo=1\" frameborder=\"0\" allow=\"accelerometer; autoplay; clipboard-write; encrypted-media; gyroscope; picture-in-picture; web-share\" referrerpolicy=\"strict-origin-when-cross-origin\" allowfullscreen><\/iframe><\/div>\n<\/div>\n<h3>SECUREAUTH &#8211; CARATTERISTICHE<\/h3>\n<ul>\n<li>Opzioni di distribuzione flessibili per soddisfare le esigenze di sicurezza cloud, on-premise o ibride.<\/li>\n<li>Coinvolgi i dipendenti e aumenta la produttivit\u00e0 con un&#8217;esperienza superiore che li supporta ovunque si trovino e da qualsiasi dispositivo.<\/li>\n<li>Protezione di dati e applicazioni aziendali critici con autenticazione flessibile, adattiva e continua.<\/li>\n<li>Riduci le difficolt\u00e0 con le pi\u00f9 recenti opzioni di autenticazione biometrica e senza password.<\/li>\n<li>Semplifica l&#8217;amministrazione con interfacce utente intuitive per la configurazione e la gestione.<\/li>\n<li>Riduci il costo totale di propriet\u00e0 con la riduzione degli oneri di amministrazione, manutenzione e servizi professionali.<\/li>\n<li>Proteggi le risorse aziendali con un&#8217;autenticazione che si adatta in base al rischio di un tentativo di accesso.<\/li>\n<li>Scopri il motore di rischio brevettato che utilizza intelligenza artificiale e apprendimento automatico per offrire l&#8217;autenticazione pi\u00f9 sicura per ogni dipendente, sempre.<\/li>\n<li>Assicurati che solo applicazioni e servizi affidabili possano interagire in modo sicuro con i sistemi e i dati della tua organizzazione tramite API.<\/li>\n<li>Scopri come gestire gli utenti in modo centralizzato e su larga scala nel cloud.<\/li>\n<li>Autorizza costantemente i dipendenti per la massima protezione delle risorse e dei sistemi aziendali.<\/li>\n<li>Verifica la sicurezza dei dispositivi dei dipendenti prima che si connettano alla rete e alle risorse aziendali.<\/li>\n<li>Scopri come semplificare la gestione dei profili e delle autorizzazioni dei dipendenti in tutta la tua organizzazione.<\/li>\n<li>Mantieni un ambiente di lavoro sicuro, conforme ed efficiente garantendo che l&#8217;accesso alle risorse sia gestito in modo rigoroso.<\/li>\n<li>Supera i metodi obsoleti come l&#8217;autenticazione a due fattori per una maggiore sicurezza per la tua azienda e una migliore esperienza utente per i tuoi dipendenti.<\/li>\n<\/ul>\n<h4>LE RECENSIONI DEGLI UTENTI<\/h4>\n<p><strong> Dan &#8220;Strumento di autorizzazione sicuro&#8221;<\/strong><br \/>\n<strong>Pro<\/strong>: Mi piace il fatto che questo richieda agli utenti di avere una password sul proprio telefono, il che fornisce un ulteriore livello di sicurezza.<br \/>\n<strong>Contro<\/strong>: Nessuno! L&#8217;installazione di questo strumento \u00e8 stata semplice e continua a essere uno strumento semplice ed efficace per il nostro team.<\/p>\n<p><strong>Kunal &#8220;Buona piattaforma ma supporto per l&#8217;implementazione approssimativo&#8221;<\/strong><br \/>\n<strong>Pro<\/strong>: Nel complesso, il prodotto offre un&#8217;ampia gamma di funzionalit\u00e0 ed \u00e8 in linea con altri strumenti di gestione degli accessi e SSO presenti sul mercato. Il prezzo \u00e8 simile a quello dei concorrenti.<br \/>\n<strong>Contro<\/strong>: Il percorso di implementazione \u00e8 stato arduo. Non abbiamo utilizzato il pacchetto standard. Abbiamo dovuto apportare alcune personalizzazioni. Abbiamo dovuto gestire molto il supporto tecnico.<\/p>\n<p><strong>Jhon Do: &#8220;\u00c8 sicuramente sicuro, ma diventa fastidioso con il tempo limitato&#8221;<\/strong><br \/>\n<strong>Commenti<\/strong>: sicurezza!! Non ho mai pensato di dover stare attento se ero su una rete pubblica o Wi-Fi<br \/>\n<strong>Pro<\/strong>: Mi piace poter accedere al mio disco e ai miei file ovunque. Apprezzo anche la sicurezza, dato che ho molti dati personali e finanziari sul mio disco.<br \/>\n<strong>Contro<\/strong>: Il timer scatta ogni 30 minuti circa e diventa incredibilmente fastidioso. Non ci vuole molto per digitare un nuovo codice PIN, ma \u00e8 comunque fastidioso. Inoltre, non mi piace il fatto che ci siano due passaggi per ottenere il PIN. Vorrei che avessero la possibilit\u00e0 di connettersi a un server sicuro e di inserire il PIN nello stesso punto.<\/p>\n<\/div>\n<\/div>\n","protected":false},"excerpt":{"rendered":"<p>SecureAuth \u00e8 un software basato su cloud che fornisce alle aziende strumenti di autenticazione a pi\u00f9 fattori (MFA) per verificare l&#8217;identit\u00e0 degli utenti e proteggere i dati aziendali. I supervisori possono configurare flussi di lavoro di autenticazione e utilizzare diversi metodi senza password, come WebAuthn o SecureAuth Authenticate, per semplificare i processi di verifica.<\/p>\n","protected":false},"author":19,"featured_media":98008,"parent":97817,"menu_order":0,"comment_status":"open","ping_status":"closed","template":"g1_template_page_review_new.php","meta":{"_acf_changed":false,"cwp_meta_box_check":"No","cwp_rev_product_name":"","cwp_rev_product_image":"","wppr_links":[],"cwp_rev_price":"","wppr_options":[],"wppr_pros":[],"wppr_cons":[],"_monsterinsights_skip_tracking":false,"_monsterinsights_sitenote_active":false,"_monsterinsights_sitenote_note":"","_monsterinsights_sitenote_category":0,"footnotes":""},"categories":[16466],"tags":[16464,16463,16493,16460,16471,16462],"features":[],"class_list":{"0":"post-98000","1":"page","2":"type-page","3":"status-publish","4":"has-post-thumbnail","6":"category-software-sso-cat","7":"tag-piattaforma-sso","8":"tag-programma-sso","9":"tag-secureauth","10":"tag-software-sso","11":"tag-software-sso-single-sign-on","12":"tag-soluzione-sso"},"wppr_data":{"cwp_meta_box_check":"No"},"acf":[],"yoast_head":"<!-- This site is optimized with the Yoast SEO plugin v27.4 - https:\/\/yoast.com\/product\/yoast-seo-wordpress\/ -->\n<title>SecureAuth: recensione software SSO - Accurate Reviews<\/title>\n<meta name=\"description\" content=\"SecureAuth: recensione software che fornisce alle aziende strumenti di autenticazione a pi\u00f9 fattori per proteggere i dati aziendali.\" \/>\n<meta name=\"robots\" content=\"index, follow, max-snippet:-1, max-image-preview:large, max-video-preview:-1\" \/>\n<link rel=\"canonical\" href=\"https:\/\/www.accuratereviews.com\/it\/software-sso\/secureauth-recensione\/\" \/>\n<meta property=\"og:locale\" content=\"it_IT\" \/>\n<meta property=\"og:type\" content=\"article\" \/>\n<meta property=\"og:title\" content=\"SecureAuth: recensione software SSO - Accurate Reviews\" \/>\n<meta property=\"og:description\" content=\"SecureAuth: recensione software che fornisce alle aziende strumenti di autenticazione a pi\u00f9 fattori per proteggere i dati aziendali.\" \/>\n<meta property=\"og:url\" content=\"https:\/\/www.accuratereviews.com\/it\/software-sso\/secureauth-recensione\/\" \/>\n<meta property=\"og:site_name\" content=\"Accurate Reviews\" \/>\n<meta property=\"article:modified_time\" content=\"2025-08-27T10:01:46+00:00\" \/>\n<meta property=\"og:image\" content=\"https:\/\/www.accuratereviews.com\/wp-content\/uploads\/2025\/08\/SecureAuth2.png\" \/>\n\t<meta property=\"og:image:width\" content=\"280\" \/>\n\t<meta property=\"og:image:height\" content=\"280\" \/>\n\t<meta property=\"og:image:type\" content=\"image\/png\" \/>\n<meta name=\"twitter:card\" content=\"summary_large_image\" \/>\n<meta name=\"twitter:label1\" content=\"Tempo di lettura stimato\" \/>\n\t<meta name=\"twitter:data1\" content=\"5 minuti\" \/>\n<script type=\"application\/ld+json\" class=\"yoast-schema-graph\">{\"@context\":\"https:\\\/\\\/schema.org\",\"@graph\":[{\"@type\":\"WebPage\",\"@id\":\"https:\\\/\\\/www.accuratereviews.com\\\/it\\\/software-sso\\\/secureauth-recensione\\\/\",\"url\":\"https:\\\/\\\/www.accuratereviews.com\\\/it\\\/software-sso\\\/secureauth-recensione\\\/\",\"name\":\"SecureAuth: recensione software SSO - Accurate Reviews\",\"isPartOf\":{\"@id\":\"https:\\\/\\\/www.accuratereviews.com\\\/it\\\/#website\"},\"primaryImageOfPage\":{\"@id\":\"https:\\\/\\\/www.accuratereviews.com\\\/it\\\/software-sso\\\/secureauth-recensione\\\/#primaryimage\"},\"image\":{\"@id\":\"https:\\\/\\\/www.accuratereviews.com\\\/it\\\/software-sso\\\/secureauth-recensione\\\/#primaryimage\"},\"thumbnailUrl\":\"https:\\\/\\\/www.accuratereviews.com\\\/wp-content\\\/uploads\\\/2025\\\/08\\\/SecureAuth2.png\",\"datePublished\":\"2025-08-26T14:52:57+00:00\",\"dateModified\":\"2025-08-27T10:01:46+00:00\",\"description\":\"SecureAuth: recensione software che fornisce alle aziende strumenti di autenticazione a pi\u00f9 fattori per proteggere i dati aziendali.\",\"breadcrumb\":{\"@id\":\"https:\\\/\\\/www.accuratereviews.com\\\/it\\\/software-sso\\\/secureauth-recensione\\\/#breadcrumb\"},\"inLanguage\":\"it-IT\",\"potentialAction\":[{\"@type\":\"ReadAction\",\"target\":[\"https:\\\/\\\/www.accuratereviews.com\\\/it\\\/software-sso\\\/secureauth-recensione\\\/\"]}]},{\"@type\":\"ImageObject\",\"inLanguage\":\"it-IT\",\"@id\":\"https:\\\/\\\/www.accuratereviews.com\\\/it\\\/software-sso\\\/secureauth-recensione\\\/#primaryimage\",\"url\":\"https:\\\/\\\/www.accuratereviews.com\\\/wp-content\\\/uploads\\\/2025\\\/08\\\/SecureAuth2.png\",\"contentUrl\":\"https:\\\/\\\/www.accuratereviews.com\\\/wp-content\\\/uploads\\\/2025\\\/08\\\/SecureAuth2.png\",\"width\":280,\"height\":280},{\"@type\":\"BreadcrumbList\",\"@id\":\"https:\\\/\\\/www.accuratereviews.com\\\/it\\\/software-sso\\\/secureauth-recensione\\\/#breadcrumb\",\"itemListElement\":[{\"@type\":\"ListItem\",\"position\":1,\"name\":\"Home\",\"item\":\"https:\\\/\\\/www.accuratereviews.com\\\/it\\\/\"},{\"@type\":\"ListItem\",\"position\":2,\"name\":\"Software SSO (Single Sign-On)\",\"item\":\"https:\\\/\\\/www.accuratereviews.com\\\/it\\\/software-sso\\\/\"},{\"@type\":\"ListItem\",\"position\":3,\"name\":\"SecureAuth\"}]},{\"@type\":\"WebSite\",\"@id\":\"https:\\\/\\\/www.accuratereviews.com\\\/it\\\/#website\",\"url\":\"https:\\\/\\\/www.accuratereviews.com\\\/it\\\/\",\"name\":\"Accurate Reviews\",\"description\":\"\",\"potentialAction\":[{\"@type\":\"SearchAction\",\"target\":{\"@type\":\"EntryPoint\",\"urlTemplate\":\"https:\\\/\\\/www.accuratereviews.com\\\/it\\\/?s={search_term_string}\"},\"query-input\":{\"@type\":\"PropertyValueSpecification\",\"valueRequired\":true,\"valueName\":\"search_term_string\"}}],\"inLanguage\":\"it-IT\"}]}<\/script>\n<!-- \/ Yoast SEO plugin. -->","yoast_head_json":{"title":"SecureAuth: recensione software SSO - Accurate Reviews","description":"SecureAuth: recensione software che fornisce alle aziende strumenti di autenticazione a pi\u00f9 fattori per proteggere i dati aziendali.","robots":{"index":"index","follow":"follow","max-snippet":"max-snippet:-1","max-image-preview":"max-image-preview:large","max-video-preview":"max-video-preview:-1"},"canonical":"https:\/\/www.accuratereviews.com\/it\/software-sso\/secureauth-recensione\/","og_locale":"it_IT","og_type":"article","og_title":"SecureAuth: recensione software SSO - Accurate Reviews","og_description":"SecureAuth: recensione software che fornisce alle aziende strumenti di autenticazione a pi\u00f9 fattori per proteggere i dati aziendali.","og_url":"https:\/\/www.accuratereviews.com\/it\/software-sso\/secureauth-recensione\/","og_site_name":"Accurate Reviews","article_modified_time":"2025-08-27T10:01:46+00:00","og_image":[{"width":280,"height":280,"url":"https:\/\/www.accuratereviews.com\/wp-content\/uploads\/2025\/08\/SecureAuth2.png","type":"image\/png"}],"twitter_card":"summary_large_image","twitter_misc":{"Tempo di lettura stimato":"5 minuti"},"schema":{"@context":"https:\/\/schema.org","@graph":[{"@type":"WebPage","@id":"https:\/\/www.accuratereviews.com\/it\/software-sso\/secureauth-recensione\/","url":"https:\/\/www.accuratereviews.com\/it\/software-sso\/secureauth-recensione\/","name":"SecureAuth: recensione software SSO - Accurate Reviews","isPartOf":{"@id":"https:\/\/www.accuratereviews.com\/it\/#website"},"primaryImageOfPage":{"@id":"https:\/\/www.accuratereviews.com\/it\/software-sso\/secureauth-recensione\/#primaryimage"},"image":{"@id":"https:\/\/www.accuratereviews.com\/it\/software-sso\/secureauth-recensione\/#primaryimage"},"thumbnailUrl":"https:\/\/www.accuratereviews.com\/wp-content\/uploads\/2025\/08\/SecureAuth2.png","datePublished":"2025-08-26T14:52:57+00:00","dateModified":"2025-08-27T10:01:46+00:00","description":"SecureAuth: recensione software che fornisce alle aziende strumenti di autenticazione a pi\u00f9 fattori per proteggere i dati aziendali.","breadcrumb":{"@id":"https:\/\/www.accuratereviews.com\/it\/software-sso\/secureauth-recensione\/#breadcrumb"},"inLanguage":"it-IT","potentialAction":[{"@type":"ReadAction","target":["https:\/\/www.accuratereviews.com\/it\/software-sso\/secureauth-recensione\/"]}]},{"@type":"ImageObject","inLanguage":"it-IT","@id":"https:\/\/www.accuratereviews.com\/it\/software-sso\/secureauth-recensione\/#primaryimage","url":"https:\/\/www.accuratereviews.com\/wp-content\/uploads\/2025\/08\/SecureAuth2.png","contentUrl":"https:\/\/www.accuratereviews.com\/wp-content\/uploads\/2025\/08\/SecureAuth2.png","width":280,"height":280},{"@type":"BreadcrumbList","@id":"https:\/\/www.accuratereviews.com\/it\/software-sso\/secureauth-recensione\/#breadcrumb","itemListElement":[{"@type":"ListItem","position":1,"name":"Home","item":"https:\/\/www.accuratereviews.com\/it\/"},{"@type":"ListItem","position":2,"name":"Software SSO (Single Sign-On)","item":"https:\/\/www.accuratereviews.com\/it\/software-sso\/"},{"@type":"ListItem","position":3,"name":"SecureAuth"}]},{"@type":"WebSite","@id":"https:\/\/www.accuratereviews.com\/it\/#website","url":"https:\/\/www.accuratereviews.com\/it\/","name":"Accurate Reviews","description":"","potentialAction":[{"@type":"SearchAction","target":{"@type":"EntryPoint","urlTemplate":"https:\/\/www.accuratereviews.com\/it\/?s={search_term_string}"},"query-input":{"@type":"PropertyValueSpecification","valueRequired":true,"valueName":"search_term_string"}}],"inLanguage":"it-IT"}]}},"_links":{"self":[{"href":"https:\/\/www.accuratereviews.com\/it\/wp-json\/wp\/v2\/pages\/98000","targetHints":{"allow":["GET"]}}],"collection":[{"href":"https:\/\/www.accuratereviews.com\/it\/wp-json\/wp\/v2\/pages"}],"about":[{"href":"https:\/\/www.accuratereviews.com\/it\/wp-json\/wp\/v2\/types\/page"}],"author":[{"embeddable":true,"href":"https:\/\/www.accuratereviews.com\/it\/wp-json\/wp\/v2\/users\/19"}],"replies":[{"embeddable":true,"href":"https:\/\/www.accuratereviews.com\/it\/wp-json\/wp\/v2\/comments?post=98000"}],"version-history":[{"count":12,"href":"https:\/\/www.accuratereviews.com\/it\/wp-json\/wp\/v2\/pages\/98000\/revisions"}],"predecessor-version":[{"id":98042,"href":"https:\/\/www.accuratereviews.com\/it\/wp-json\/wp\/v2\/pages\/98000\/revisions\/98042"}],"up":[{"embeddable":true,"href":"https:\/\/www.accuratereviews.com\/it\/wp-json\/wp\/v2\/pages\/97817"}],"wp:featuredmedia":[{"embeddable":true,"href":"https:\/\/www.accuratereviews.com\/it\/wp-json\/wp\/v2\/media\/98008"}],"wp:attachment":[{"href":"https:\/\/www.accuratereviews.com\/it\/wp-json\/wp\/v2\/media?parent=98000"}],"wp:term":[{"taxonomy":"category","embeddable":true,"href":"https:\/\/www.accuratereviews.com\/it\/wp-json\/wp\/v2\/categories?post=98000"},{"taxonomy":"post_tag","embeddable":true,"href":"https:\/\/www.accuratereviews.com\/it\/wp-json\/wp\/v2\/tags?post=98000"},{"taxonomy":"features","embeddable":true,"href":"https:\/\/www.accuratereviews.com\/it\/wp-json\/wp\/v2\/features?post=98000"}],"curies":[{"name":"wp","href":"https:\/\/api.w.org\/{rel}","templated":true}]}}