{"id":98031,"date":"2025-08-27T12:35:28","date_gmt":"2025-08-27T12:35:28","guid":{"rendered":"https:\/\/www.accuratereviews.com\/?page_id=98031"},"modified":"2025-08-27T12:35:28","modified_gmt":"2025-08-27T12:35:28","slug":"manageengine-ad360-recensione","status":"publish","type":"page","link":"https:\/\/www.accuratereviews.com\/it\/software-sso\/manageengine-ad360-recensione\/","title":{"rendered":"ManageEngine AD360"},"content":{"rendered":"<p><strong>ManageEngine AD360<\/strong> \u00e8 un <strong>software SSO<\/strong> aziendale che aiuta le aziende di tutte le dimensioni a gestire le identit\u00e0 in modo sicuro e a garantire la conformit\u00e0. Le principali funzionalit\u00e0 sono la gestione automatizzata del ciclo di vita delle identit\u00e0, <strong>Single Sign-On sicuro<\/strong>, l&#8217;autenticazione multifattoriale adattiva, i flussi di lavoro basati sull&#8217;approvazione, la protezione dalle minacce all&#8217;identit\u00e0 basata sull&#8217;analisi del comportamento degli utenti e i report di audit storici. Queste funzionalit\u00e0 semplificano la gestione e la protezione delle identit\u00e0 per le aziende, nonch\u00e9 la conformit\u00e0 alle normative.<br \/>\nAltre funzionalit\u00e0 di <strong>ManageEngine AD360<\/strong> includono il controllo degli accessi basato sui ruoli, l&#8217;automazione delle identit\u00e0, la gestione self-service delle password e l&#8217;analisi delle identit\u00e0 basata sull&#8217;intelligenza artificiale. Questi strumenti aiutano le aziende a monitorare e gestire l&#8217;accesso degli utenti, fornendo al contempo informazioni dettagliate sul loro comportamento.<\/p>\n<h2>MANAGEENGINE AD360 &#8211; TUTORIAL<\/h2>\n<div id=\"fluid-wrapper-counter-1\" class=\"g1-fluid-wrapper \" style=\"width:686px;\">\n<div style=\"padding-bottom:56.268221574344%;\"><iframe loading=\"lazy\" title=\"How to automate AD user creation using ADManager Plus\" width=\"686\" height=\"386\" src=\"https:\/\/www.youtube.com\/embed\/akKZcWCbALY?list=PLZwwaTblUHqzdxXX-M_-Yb8gDK2npZaSJ\" frameborder=\"0\" allow=\"accelerometer; autoplay; clipboard-write; encrypted-media; gyroscope; picture-in-picture; web-share\" referrerpolicy=\"strict-origin-when-cross-origin\" allowfullscreen><\/iframe><\/div>\n<\/div>\n<h3>MANAGEENGINE AD360 &#8211; CARATTERISTICHE<\/h3>\n<ul>\n<li><strong>Criteri di automazione:<\/strong> crea criteri di automazione personalizzati per automatizzare una catena di compiti di lavoro a intervalli di tempo pianificati.<\/li>\n<li><strong>Modelli di orchestrazione<\/strong>: usufruisci di webhook, script personalizzati e blocchi logici per automatizzare il provisioning degli utenti nelle directory degli utenti e nelle app in cloud.<\/li>\n<li><strong>Autenticazione a pi\u00f9 fattori:<\/strong> offre un accesso sicuro alle risorse e alle critiche mediante l&#8217;autenticazione a pi\u00f9 fattori adattivi.<\/li>\n<li><strong>Modelli intelligenti<\/strong>: crea modelli di provisioning degli utenti con le regole di creazione e di modifica per la gente comune automaticamente gli attributi degli utenti per il provisioning in blocco.<\/li>\n<li><strong>Registrazione semplificata<\/strong>: registra gli utenti utilizzando le notifiche tramite email o push, gli script di accesso, le importazioni da file CSV e le importazioni dei dati da database esterni.<\/li>\n<li><strong>Modelli di notifica<\/strong>: configura i modelli di notifica tramite email personalizzati per inviare le notifiche agli amministratori una volta completata l&#8217;automazione.<\/li>\n<li><strong>Strumento di autenticazione a pi\u00f9 fattori<\/strong>: scegli tra 19 strumenti di autenticazione diversi tra cui verifica tramite e-mail, biometrica e YubiKey per applicare l&#8217;autenticazione a pi\u00f9 fattori agli utenti.<\/li>\n<li><strong>Autenticazione a pi\u00f9 fattori per endpoint e app:<\/strong> garantisci un accesso sicuro applicando l&#8217;autenticazione a pi\u00f9 fattori per macchine, VPN, RDP, OWA, app in cloud e controllo degli account utente Windows.<\/li>\n<li><strong>SSO<\/strong>: accedi con un clic alle app aziendali grazie a SSO con autenticazione a pi\u00f9 fattori.<\/li>\n<li><strong>Autenticazione senza password<\/strong>: elimina la stanchezza della password e previeni gli attacchi basati sui tentativi ripetuti utilizzando l&#8217;autenticazione con fattori biometrici e TOTP.<\/li>\n<li><strong>SSO con sicurezza dell&#8217;autenticazione a pi\u00f9 fattori:<\/strong> accesso sicuro con un clic alle applicazioni con fattori di sicurezza aggiuntivi come la verifica tramite email e Google Authenticator.<\/li>\n<li><strong>Pannello di controllo SSO<\/strong>: configura le tue app aziendali e in cloud per SSO ed effettua l&#8217;accesso con un singolo clic dal pannello di controllo SSO.<\/li>\n<li><strong>Reimpostazione delle password e sblocco degli account self-service<\/strong>: permette agli utenti di reimpostare la loro password e sbloccare il loro account senza inviare richieste al servizio di assistenza.<\/li>\n<li><strong>Analisi con intelligenza artificiale<\/strong>: rileva attivit\u00e0 sospette degli utenti con avvisi e controllo in base all&#8217;analisi del comportamento degli utenti.<\/li>\n<li><strong>Rapporto di controllo completo<\/strong>: ottieni report di controllo dettagliati sul portatile di AD, Microsoft 365 e ibride con la conservazione dei registri di controllo storici.<\/li>\n<\/ul>\n<h4>LE RECENSIONI DEGLI UTENTI<\/h4>\n<p><strong>Wasek &#8220;Strumento fantastico per la gestione di ambienti ibridi\/on-premise&#8221;<\/strong><br \/>\n<strong>Commenti<\/strong>: il suo utilizzo principale \u00e8 brillante per la gestione di ambienti on-premise e ibridi. Non ho notato problemi di prestazioni e l&#8217;interfaccia web \u00e8 veloce. L&#8217;assistenza clienti \u00e8 fantastica e ha risposto rapidamente ogni volta che ho avuto bisogno di assistenza.<br \/>\n<strong>Pro<\/strong>: semplifica notevolmente la gestione di Azure Active Directory. Ha un&#8217;interfaccia intuitiva, completamente basata sul web e facile da usare. Offre ottimi strumenti di auditing che facilitano la gestione dell&#8217;ambiente 365. Il servizio \u00e8 modulare, quindi \u00e8 necessario pagare solo per i moduli necessari all&#8217;ambiente.<br \/>\n<strong>Contro<\/strong>: il servizio ha una curva di apprendimento ripida, che pu\u00f2 richiedere del tempo per sfruttarne al massimo il potenziale. Il servizio \u00e8 limitato agli ambienti cloud. Alcuni moduli non sono intuitivi, quindi non c&#8217;\u00e8 lo stesso livello di coerenza tra i moduli.<\/p>\n<p><strong>Kevyn &#8220;Le funzionalit\u00e0 di gestione degli utenti fornite sono complete e facili da usare&#8221;<\/strong><br \/>\n<strong>Pro<\/strong>: AD360 semplifica la gestione degli utenti offrendo soluzioni intuitive, come il provisioning e il de-provisioning degli utenti su diverse piattaforme, riducendo cos\u00ec le possibilit\u00e0 di errore. I flussi di lavoro coordinati, in particolare il controllo degli accessi basato sui ruoli, semplificano la gestione dei privilegi degli utenti per soddisfare gli standard previsti.<br \/>\n<strong>Contro<\/strong>: il problema della sincronizzazione tra AD e applicazioni di terze parti necessita ancora di miglioramenti. A volte, potrebbe persino essere un po&#8217; lento e non completamente sincronizzato per garantire agli utenti l&#8217;accesso ad altri domini e piattaforme.<\/p>\n<p><strong>Chris &#8220;Soluzioni di identificazione semplificate e sicure tramite la gestione degli ID&#8221;<\/strong><br \/>\n<strong>Pro<\/strong>: ho trovato semplice configurare il provisioning e il de-provisioning degli utenti con AD360 per Active Directory e Office 365. In questo modo sono stati rispettati gli standard di sicurezza adeguati durante l&#8217;inserimento dei dipendenti, con l&#8217;aiuto dei modelli predefiniti, senza doverli eseguire da zero.<br \/>\n<strong>Contro<\/strong>: l&#8217;unico problema che ha causato ritardi \u00e8 stata la mancanza di integrazione live con alcune applicazioni cloud. Questo si \u00e8 rivelato a volte problematico quando si \u00e8 cercato di determinare se la modifica fosse completa e acquisita dai sistemi correlati.<\/p>\n","protected":false},"excerpt":{"rendered":"<p>ManageEngine AD360 \u00e8 un software SSO aziendale che aiuta le aziende di tutte le dimensioni a gestire le identit\u00e0 in modo sicuro e a garantire la conformit\u00e0. Le principali funzionalit\u00e0 sono la gestione automatizzata del ciclo di vita delle identit\u00e0, Single Sign-On sicuro, l&#8217;autenticazione multifattoriale adattiva, i flussi di lavoro basati sull&#8217;approvazione, la protezione dalle minacce all&#8217;identit\u00e0 basata sull&#8217;analisi del comportamento degli utenti e i report di audit storici.<\/p>\n","protected":false},"author":19,"featured_media":98033,"parent":97817,"menu_order":0,"comment_status":"open","ping_status":"closed","template":"g1_template_page_review_new.php","meta":{"_acf_changed":false,"cwp_meta_box_check":"No","cwp_rev_product_name":"","cwp_rev_product_image":"","wppr_links":[],"cwp_rev_price":"","wppr_options":[],"wppr_pros":[],"wppr_cons":[],"_monsterinsights_skip_tracking":false,"_monsterinsights_sitenote_active":false,"_monsterinsights_sitenote_note":"","_monsterinsights_sitenote_category":0,"footnotes":""},"categories":[16466],"tags":[16494,16464,16463,16460,16471,16462],"features":[],"class_list":{"0":"post-98031","1":"page","2":"type-page","3":"status-publish","4":"has-post-thumbnail","6":"category-software-sso-cat","7":"tag-manageengine-ad360","8":"tag-piattaforma-sso","9":"tag-programma-sso","10":"tag-software-sso","11":"tag-software-sso-single-sign-on","12":"tag-soluzione-sso"},"wppr_data":{"cwp_meta_box_check":"No"},"acf":[],"yoast_head":"<!-- This site is optimized with the Yoast SEO plugin v27.4 - https:\/\/yoast.com\/product\/yoast-seo-wordpress\/ -->\n<title>ManageEngine AD360: recensione software SSO - Accurate Reviews<\/title>\n<meta name=\"description\" content=\"ManageEngine AD360: recensione software SSO che aiuta le aziende a gestire le identit\u00e0 in modo sicuro e a garantire la conformit\u00e0.\" \/>\n<meta name=\"robots\" content=\"index, follow, max-snippet:-1, max-image-preview:large, max-video-preview:-1\" \/>\n<link rel=\"canonical\" href=\"https:\/\/www.accuratereviews.com\/it\/software-sso\/manageengine-ad360-recensione\/\" \/>\n<meta property=\"og:locale\" content=\"it_IT\" \/>\n<meta property=\"og:type\" content=\"article\" \/>\n<meta property=\"og:title\" content=\"ManageEngine AD360: recensione software SSO - Accurate Reviews\" \/>\n<meta property=\"og:description\" content=\"ManageEngine AD360: recensione software SSO che aiuta le aziende a gestire le identit\u00e0 in modo sicuro e a garantire la conformit\u00e0.\" \/>\n<meta property=\"og:url\" content=\"https:\/\/www.accuratereviews.com\/it\/software-sso\/manageengine-ad360-recensione\/\" \/>\n<meta property=\"og:site_name\" content=\"Accurate Reviews\" \/>\n<meta property=\"og:image\" content=\"https:\/\/www.accuratereviews.com\/wp-content\/uploads\/2025\/08\/ManageEngine-AD360.png\" \/>\n\t<meta property=\"og:image:width\" content=\"600\" \/>\n\t<meta property=\"og:image:height\" content=\"315\" \/>\n\t<meta property=\"og:image:type\" content=\"image\/png\" \/>\n<meta name=\"twitter:card\" content=\"summary_large_image\" \/>\n<meta name=\"twitter:label1\" content=\"Tempo di lettura stimato\" \/>\n\t<meta name=\"twitter:data1\" content=\"6 minuti\" \/>\n<script type=\"application\/ld+json\" class=\"yoast-schema-graph\">{\"@context\":\"https:\\\/\\\/schema.org\",\"@graph\":[{\"@type\":\"WebPage\",\"@id\":\"https:\\\/\\\/www.accuratereviews.com\\\/it\\\/software-sso\\\/manageengine-ad360-recensione\\\/\",\"url\":\"https:\\\/\\\/www.accuratereviews.com\\\/it\\\/software-sso\\\/manageengine-ad360-recensione\\\/\",\"name\":\"ManageEngine AD360: recensione software SSO - Accurate Reviews\",\"isPartOf\":{\"@id\":\"https:\\\/\\\/www.accuratereviews.com\\\/it\\\/#website\"},\"primaryImageOfPage\":{\"@id\":\"https:\\\/\\\/www.accuratereviews.com\\\/it\\\/software-sso\\\/manageengine-ad360-recensione\\\/#primaryimage\"},\"image\":{\"@id\":\"https:\\\/\\\/www.accuratereviews.com\\\/it\\\/software-sso\\\/manageengine-ad360-recensione\\\/#primaryimage\"},\"thumbnailUrl\":\"https:\\\/\\\/www.accuratereviews.com\\\/wp-content\\\/uploads\\\/2025\\\/08\\\/ManageEngine-AD360.png\",\"datePublished\":\"2025-08-27T12:35:28+00:00\",\"description\":\"ManageEngine AD360: recensione software SSO che aiuta le aziende a gestire le identit\u00e0 in modo sicuro e a garantire la conformit\u00e0.\",\"breadcrumb\":{\"@id\":\"https:\\\/\\\/www.accuratereviews.com\\\/it\\\/software-sso\\\/manageengine-ad360-recensione\\\/#breadcrumb\"},\"inLanguage\":\"it-IT\",\"potentialAction\":[{\"@type\":\"ReadAction\",\"target\":[\"https:\\\/\\\/www.accuratereviews.com\\\/it\\\/software-sso\\\/manageengine-ad360-recensione\\\/\"]}]},{\"@type\":\"ImageObject\",\"inLanguage\":\"it-IT\",\"@id\":\"https:\\\/\\\/www.accuratereviews.com\\\/it\\\/software-sso\\\/manageengine-ad360-recensione\\\/#primaryimage\",\"url\":\"https:\\\/\\\/www.accuratereviews.com\\\/wp-content\\\/uploads\\\/2025\\\/08\\\/ManageEngine-AD360.png\",\"contentUrl\":\"https:\\\/\\\/www.accuratereviews.com\\\/wp-content\\\/uploads\\\/2025\\\/08\\\/ManageEngine-AD360.png\",\"width\":600,\"height\":315},{\"@type\":\"BreadcrumbList\",\"@id\":\"https:\\\/\\\/www.accuratereviews.com\\\/it\\\/software-sso\\\/manageengine-ad360-recensione\\\/#breadcrumb\",\"itemListElement\":[{\"@type\":\"ListItem\",\"position\":1,\"name\":\"Home\",\"item\":\"https:\\\/\\\/www.accuratereviews.com\\\/it\\\/\"},{\"@type\":\"ListItem\",\"position\":2,\"name\":\"Software SSO (Single Sign-On)\",\"item\":\"https:\\\/\\\/www.accuratereviews.com\\\/it\\\/software-sso\\\/\"},{\"@type\":\"ListItem\",\"position\":3,\"name\":\"ManageEngine AD360\"}]},{\"@type\":\"WebSite\",\"@id\":\"https:\\\/\\\/www.accuratereviews.com\\\/it\\\/#website\",\"url\":\"https:\\\/\\\/www.accuratereviews.com\\\/it\\\/\",\"name\":\"Accurate Reviews\",\"description\":\"\",\"potentialAction\":[{\"@type\":\"SearchAction\",\"target\":{\"@type\":\"EntryPoint\",\"urlTemplate\":\"https:\\\/\\\/www.accuratereviews.com\\\/it\\\/?s={search_term_string}\"},\"query-input\":{\"@type\":\"PropertyValueSpecification\",\"valueRequired\":true,\"valueName\":\"search_term_string\"}}],\"inLanguage\":\"it-IT\"}]}<\/script>\n<!-- \/ Yoast SEO plugin. -->","yoast_head_json":{"title":"ManageEngine AD360: recensione software SSO - Accurate Reviews","description":"ManageEngine AD360: recensione software SSO che aiuta le aziende a gestire le identit\u00e0 in modo sicuro e a garantire la conformit\u00e0.","robots":{"index":"index","follow":"follow","max-snippet":"max-snippet:-1","max-image-preview":"max-image-preview:large","max-video-preview":"max-video-preview:-1"},"canonical":"https:\/\/www.accuratereviews.com\/it\/software-sso\/manageengine-ad360-recensione\/","og_locale":"it_IT","og_type":"article","og_title":"ManageEngine AD360: recensione software SSO - Accurate Reviews","og_description":"ManageEngine AD360: recensione software SSO che aiuta le aziende a gestire le identit\u00e0 in modo sicuro e a garantire la conformit\u00e0.","og_url":"https:\/\/www.accuratereviews.com\/it\/software-sso\/manageengine-ad360-recensione\/","og_site_name":"Accurate Reviews","og_image":[{"width":600,"height":315,"url":"https:\/\/www.accuratereviews.com\/wp-content\/uploads\/2025\/08\/ManageEngine-AD360.png","type":"image\/png"}],"twitter_card":"summary_large_image","twitter_misc":{"Tempo di lettura stimato":"6 minuti"},"schema":{"@context":"https:\/\/schema.org","@graph":[{"@type":"WebPage","@id":"https:\/\/www.accuratereviews.com\/it\/software-sso\/manageengine-ad360-recensione\/","url":"https:\/\/www.accuratereviews.com\/it\/software-sso\/manageengine-ad360-recensione\/","name":"ManageEngine AD360: recensione software SSO - Accurate Reviews","isPartOf":{"@id":"https:\/\/www.accuratereviews.com\/it\/#website"},"primaryImageOfPage":{"@id":"https:\/\/www.accuratereviews.com\/it\/software-sso\/manageengine-ad360-recensione\/#primaryimage"},"image":{"@id":"https:\/\/www.accuratereviews.com\/it\/software-sso\/manageengine-ad360-recensione\/#primaryimage"},"thumbnailUrl":"https:\/\/www.accuratereviews.com\/wp-content\/uploads\/2025\/08\/ManageEngine-AD360.png","datePublished":"2025-08-27T12:35:28+00:00","description":"ManageEngine AD360: recensione software SSO che aiuta le aziende a gestire le identit\u00e0 in modo sicuro e a garantire la conformit\u00e0.","breadcrumb":{"@id":"https:\/\/www.accuratereviews.com\/it\/software-sso\/manageengine-ad360-recensione\/#breadcrumb"},"inLanguage":"it-IT","potentialAction":[{"@type":"ReadAction","target":["https:\/\/www.accuratereviews.com\/it\/software-sso\/manageengine-ad360-recensione\/"]}]},{"@type":"ImageObject","inLanguage":"it-IT","@id":"https:\/\/www.accuratereviews.com\/it\/software-sso\/manageengine-ad360-recensione\/#primaryimage","url":"https:\/\/www.accuratereviews.com\/wp-content\/uploads\/2025\/08\/ManageEngine-AD360.png","contentUrl":"https:\/\/www.accuratereviews.com\/wp-content\/uploads\/2025\/08\/ManageEngine-AD360.png","width":600,"height":315},{"@type":"BreadcrumbList","@id":"https:\/\/www.accuratereviews.com\/it\/software-sso\/manageengine-ad360-recensione\/#breadcrumb","itemListElement":[{"@type":"ListItem","position":1,"name":"Home","item":"https:\/\/www.accuratereviews.com\/it\/"},{"@type":"ListItem","position":2,"name":"Software SSO (Single Sign-On)","item":"https:\/\/www.accuratereviews.com\/it\/software-sso\/"},{"@type":"ListItem","position":3,"name":"ManageEngine AD360"}]},{"@type":"WebSite","@id":"https:\/\/www.accuratereviews.com\/it\/#website","url":"https:\/\/www.accuratereviews.com\/it\/","name":"Accurate Reviews","description":"","potentialAction":[{"@type":"SearchAction","target":{"@type":"EntryPoint","urlTemplate":"https:\/\/www.accuratereviews.com\/it\/?s={search_term_string}"},"query-input":{"@type":"PropertyValueSpecification","valueRequired":true,"valueName":"search_term_string"}}],"inLanguage":"it-IT"}]}},"_links":{"self":[{"href":"https:\/\/www.accuratereviews.com\/it\/wp-json\/wp\/v2\/pages\/98031","targetHints":{"allow":["GET"]}}],"collection":[{"href":"https:\/\/www.accuratereviews.com\/it\/wp-json\/wp\/v2\/pages"}],"about":[{"href":"https:\/\/www.accuratereviews.com\/it\/wp-json\/wp\/v2\/types\/page"}],"author":[{"embeddable":true,"href":"https:\/\/www.accuratereviews.com\/it\/wp-json\/wp\/v2\/users\/19"}],"replies":[{"embeddable":true,"href":"https:\/\/www.accuratereviews.com\/it\/wp-json\/wp\/v2\/comments?post=98031"}],"version-history":[{"count":7,"href":"https:\/\/www.accuratereviews.com\/it\/wp-json\/wp\/v2\/pages\/98031\/revisions"}],"predecessor-version":[{"id":98073,"href":"https:\/\/www.accuratereviews.com\/it\/wp-json\/wp\/v2\/pages\/98031\/revisions\/98073"}],"up":[{"embeddable":true,"href":"https:\/\/www.accuratereviews.com\/it\/wp-json\/wp\/v2\/pages\/97817"}],"wp:featuredmedia":[{"embeddable":true,"href":"https:\/\/www.accuratereviews.com\/it\/wp-json\/wp\/v2\/media\/98033"}],"wp:attachment":[{"href":"https:\/\/www.accuratereviews.com\/it\/wp-json\/wp\/v2\/media?parent=98031"}],"wp:term":[{"taxonomy":"category","embeddable":true,"href":"https:\/\/www.accuratereviews.com\/it\/wp-json\/wp\/v2\/categories?post=98031"},{"taxonomy":"post_tag","embeddable":true,"href":"https:\/\/www.accuratereviews.com\/it\/wp-json\/wp\/v2\/tags?post=98031"},{"taxonomy":"features","embeddable":true,"href":"https:\/\/www.accuratereviews.com\/it\/wp-json\/wp\/v2\/features?post=98031"}],"curies":[{"name":"wp","href":"https:\/\/api.w.org\/{rel}","templated":true}]}}