{"id":98044,"date":"2025-08-27T12:12:06","date_gmt":"2025-08-27T12:12:06","guid":{"rendered":"https:\/\/www.accuratereviews.com\/?page_id=98044"},"modified":"2025-08-28T10:50:37","modified_gmt":"2025-08-28T10:50:37","slug":"icertis-contract-intelligence-recensione","status":"publish","type":"page","link":"https:\/\/www.accuratereviews.com\/it\/software-gestione-contratti\/icertis-contract-intelligence-recensione\/","title":{"rendered":"Icertis Contract Intelligence"},"content":{"rendered":"<p><strong>Icertis Contract Intelligence (ICI)<\/strong> \u00e8 una piattaforma enterprise di<strong> Contract Lifecycle Management (CLM)<\/strong> nata per trasformare i contratti in asset strategici dotati di governance, automazione e visibilit\u00e0 completa. \u00c8 progettata per gestire processi contrattuali complessi in contesti globali e regolamentati. La soluzione offre flussi guidati per creazione, negoziazione e approvazione, facilitando l&#8217;accesso controllato ai modelli corretti e assegnando responsabilit\u00e0 in modo chiaro.<br data-start=\"666\" data-end=\"669\" \/><strong>Icertis<\/strong> consente un monitoraggio completo del ciclo contrattuale, spaziando dal template alla firma fino al rinnovo o alla modifica massiva. L&#8217;integrazione con strumenti aziendali (come Salesforce, Microsoft Word, SAP) e la capacit\u00e0 di collegare elementi contrattuali (es. SOW, MSA) migliorano l&#8217;organizzazione e la compliance.<br data-start=\"996\" data-end=\"999\" \/>Punto di forza \u00e8 il motore di AI, che supporta la redazione con clausole dinamiche, playbook negoziali e dashboard analitiche in tempo reale, favorendo decisioni strategiche basate sui dati. Inoltre, <strong>ICI<\/strong> offre strumenti di reporting avanzati e cruscotti personalizzabili per monitorare scadenze, rischi, performance contrattuali e allineamento alle politiche interne.<\/p>\n<h2>ICERTIS CONTRACT INTELLIGENCE &#8211; TUTORIAL<\/h2>\n<div id=\"fluid-wrapper-counter-1\" class=\"g1-fluid-wrapper \" style=\"width:686px;\">\n<div style=\"padding-bottom:56.268221574344%;\"><iframe loading=\"lazy\" title=\"Icertis Tutorial | Icertis Contract Management Demo\" width=\"686\" height=\"386\" src=\"https:\/\/www.youtube.com\/embed\/NmEuha3vHNU?feature=oembed&amp;wmode=transparent&amp;autohide=1&amp;autoplay=0&amp;disablekb=0&amp;fs=1&amp;loop=0&amp;enablejsapi=1&amp;rel=0&amp;controls=2&amp;showinfo=0&amp;wmode=transparent&amp;autohide=2&amp;autoplay=0&amp;disablekb=0&amp;fs=1&amp;loop=0&amp;enablejsapi=1&amp;rel=0&amp;controls=2&amp;showinfo=1\" frameborder=\"0\" allow=\"accelerometer; autoplay; clipboard-write; encrypted-media; gyroscope; picture-in-picture; web-share\" referrerpolicy=\"strict-origin-when-cross-origin\" allowfullscreen><\/iframe><\/div>\n<\/div>\n<h3>ICERTIS CONTRACT INTELLIGENCE &#8211; CARATTERISTICHE<\/h3>\n<ul>\n<li data-start=\"367\" data-end=\"517\"><strong data-start=\"367\" data-end=\"420\">Gestione completa del ciclo di vita contrattuale:<\/strong> dalla creazione con modelli guidati fino alla firma e al rinnovo, con tracciamento end-to-end.<\/li>\n<li data-start=\"520\" data-end=\"665\"><strong data-start=\"520\" data-end=\"559\">Intelligenza artificiale integrata:<\/strong> supporta la redazione con suggerimenti su clausole, playbook negoziali e analisi predittiva dei rischi.<\/li>\n<li data-start=\"668\" data-end=\"781\"><strong data-start=\"668\" data-end=\"696\">Integrazioni enterprise:<\/strong> compatibilit\u00e0 nativa con Salesforce, Microsoft Word, Teams, SAP e sistemi ERP\/CRM.<\/li>\n<li data-start=\"784\" data-end=\"893\"><strong data-start=\"784\" data-end=\"827\">Reporting e dashboard personalizzabili:<\/strong> monitoraggio scadenze, performance e KPI con viste interattive.<\/li>\n<li data-start=\"896\" data-end=\"1024\"><strong data-start=\"896\" data-end=\"932\">Controllo versioni e compliance:<\/strong> audit trail completo e repository centralizzato che garantisce tracciabilit\u00e0 e sicurezza.<\/li>\n<li data-start=\"1027\" data-end=\"1153\"><strong data-start=\"1027\" data-end=\"1054\">Collaboration avanzata:<\/strong> spazi di lavoro condivisi e workflow automatizzati che favoriscono la collaborazione cross-team.<\/li>\n<\/ul>\n<h4>LE RECENSIONI DEGLI UTENTI<\/h4>\n<p data-start=\"2935\" data-end=\"2985\"><strong>Sachin \u2013 \u201cIcertis ha reso facile creare NDA.\u201d<br \/>\n<\/strong><strong data-start=\"2986\" data-end=\"3002\">IN GENERALE:<\/strong> A me piace la semplicit\u00e0 d\u2019uso per creare NDA e altri documenti minori. L\u2019integrazione con DocuSign \u00e8 fluida e internamente il processo \u00e8 molto pi\u00f9 efficiente. Mi piace anche che sia un hub per tutti i nostri utenti per memorizzare i contratti, mentre in passato dovevamo cercarli nelle cartelle personali.<br \/>\n<strong data-start=\"3312\" data-end=\"3320\">PRO:<\/strong> semplicit\u00e0 d\u2019uso per documenti di base, integrazione con e-signature e archiviazione centralizzata.<br \/>\n<strong data-start=\"3423\" data-end=\"3434\">CONTRO:<\/strong> un po\u2019 macchinoso con contratti grandi e molte negoziazioni avvengono fuori dalla piattaforma; ricevo troppi aggiornamenti quando creo un documento, non ho ancora trovato come disattivarli; anche caricare contratti di terze parti \u00e8 scomodo, qualcosa che credo stiano per migliorare.<\/p>\n<p data-start=\"3719\" data-end=\"3789\"><strong>Patrick \u2013 \u201cUn tool di gestione contratti user-friendly e robusto\u201d<br \/>\n<\/strong><strong data-start=\"3790\" data-end=\"3806\">IN GENERALE:<\/strong> Usiamo ICLM da pi\u00f9 di 2 anni. Siamo riusciti a superare le difficolt\u00e0 che avevamo con i metodi tradizionali di gestione dei contratti. La gestione \u00e8 diventata molto pi\u00f9 semplice. Il team Icertis ha compreso le nostre esigenze ed \u00e8 riuscito a personalizzare lo strumento secondo i nostri bisogni e con soddisfazione.<br \/>\n<strong data-start=\"4125\" data-end=\"4133\">PRO:<\/strong> tool user-friendly e personalizzato secondo le nostre esigenze; accettazione veloce da parte del team vendite a livello globale.<br \/>\n<strong data-start=\"4265\" data-end=\"4276\">CONTRO:<\/strong> nessun problema segnalato.<\/p>\n<p data-start=\"4305\" data-end=\"4335\"><strong>Mike \u2013 \u201cOttimo prodotto!\u201d<\/strong><br \/>\n<strong data-start=\"4336\" data-end=\"4352\">IN GENERALE:<\/strong> una piattaforma consolidata per svolgere tutte le funzioni di gestione contrattuale.<br \/>\n<strong data-start=\"4440\" data-end=\"4448\">PRO:<\/strong> facilit\u00e0 d\u2019uso e capacit\u00e0 di identificare contratti rapidamente; agilit\u00e0 della piattaforma.<br \/>\n<strong data-start=\"4543\" data-end=\"4554\">CONTRO:<\/strong> al momento non ho alcun feedback negativo; tuttavia, lavoro con i partner di Icertis e continuano a investire nella piattaforma con miglioramenti all\u2019avanguardia.<\/p>\n","protected":false},"excerpt":{"rendered":"<p>Icertis Contract Intelligence (ICI) \u00e8 una piattaforma enterprise di Contract Lifecycle Management (CLM) nata per trasformare i contratti in asset strategici dotati di governance, automazione e visibilit\u00e0 completa. \u00c8 progettata per gestire processi contrattuali complessi in contesti globali e regolamentati.<\/p>\n","protected":false},"author":17,"featured_media":98045,"parent":97761,"menu_order":0,"comment_status":"open","ping_status":"closed","template":"g1_template_page_review_new.php","meta":{"_acf_changed":false,"cwp_meta_box_check":"No","cwp_rev_product_name":"","cwp_rev_product_image":"","wppr_links":[],"cwp_rev_price":"","wppr_options":[],"wppr_pros":[],"wppr_cons":[],"_monsterinsights_skip_tracking":false,"_monsterinsights_sitenote_active":false,"_monsterinsights_sitenote_note":"","_monsterinsights_sitenote_category":0,"footnotes":""},"categories":[16449],"tags":[16491,16455,16495,16454,16451,16453],"features":[],"class_list":{"0":"post-98044","1":"page","2":"type-page","3":"status-publish","4":"has-post-thumbnail","6":"category-software-gestione-contratti-cat","7":"tag-app-gestione-contratti","8":"tag-gestione-contratti","9":"tag-icertis-contract-intelligence","10":"tag-piattaforma-gestione-contratti","11":"tag-software-gestione-contratti","12":"tag-soluzione-gestione-contratti"},"wppr_data":{"cwp_meta_box_check":"No"},"acf":[],"yoast_head":"<!-- This site is optimized with the Yoast SEO plugin v27.4 - https:\/\/yoast.com\/product\/yoast-seo-wordpress\/ -->\n<title>Icertis Contract Intelligence: recensione software gestione contratti - Accurate Reviews<\/title>\n<meta name=\"description\" content=\"Icertis Contract Intelligence: recensione software gestione contratti, nata per trasformare i contratti in asset strategici.\" \/>\n<meta name=\"robots\" content=\"index, follow, max-snippet:-1, max-image-preview:large, max-video-preview:-1\" \/>\n<link rel=\"canonical\" href=\"https:\/\/www.accuratereviews.com\/it\/software-gestione-contratti\/icertis-contract-intelligence-recensione\/\" \/>\n<meta property=\"og:locale\" content=\"it_IT\" \/>\n<meta property=\"og:type\" content=\"article\" \/>\n<meta property=\"og:title\" content=\"Icertis Contract Intelligence: recensione software gestione contratti - Accurate Reviews\" \/>\n<meta property=\"og:description\" content=\"Icertis Contract Intelligence: recensione software gestione contratti, nata per trasformare i contratti in asset strategici.\" \/>\n<meta property=\"og:url\" content=\"https:\/\/www.accuratereviews.com\/it\/software-gestione-contratti\/icertis-contract-intelligence-recensione\/\" \/>\n<meta property=\"og:site_name\" content=\"Accurate Reviews\" \/>\n<meta property=\"article:modified_time\" content=\"2025-08-28T10:50:37+00:00\" \/>\n<meta property=\"og:image\" content=\"https:\/\/www.accuratereviews.com\/wp-content\/uploads\/2025\/08\/Icertis_Logo.jpg\" \/>\n\t<meta property=\"og:image:width\" content=\"800\" \/>\n\t<meta property=\"og:image:height\" content=\"419\" \/>\n\t<meta property=\"og:image:type\" content=\"image\/jpeg\" \/>\n<meta name=\"twitter:card\" content=\"summary_large_image\" \/>\n<meta name=\"twitter:label1\" content=\"Tempo di lettura stimato\" \/>\n\t<meta name=\"twitter:data1\" content=\"4 minuti\" \/>\n<script type=\"application\/ld+json\" class=\"yoast-schema-graph\">{\"@context\":\"https:\\\/\\\/schema.org\",\"@graph\":[{\"@type\":\"WebPage\",\"@id\":\"https:\\\/\\\/www.accuratereviews.com\\\/it\\\/software-gestione-contratti\\\/icertis-contract-intelligence-recensione\\\/\",\"url\":\"https:\\\/\\\/www.accuratereviews.com\\\/it\\\/software-gestione-contratti\\\/icertis-contract-intelligence-recensione\\\/\",\"name\":\"Icertis Contract Intelligence: recensione software gestione contratti - Accurate Reviews\",\"isPartOf\":{\"@id\":\"https:\\\/\\\/www.accuratereviews.com\\\/it\\\/#website\"},\"primaryImageOfPage\":{\"@id\":\"https:\\\/\\\/www.accuratereviews.com\\\/it\\\/software-gestione-contratti\\\/icertis-contract-intelligence-recensione\\\/#primaryimage\"},\"image\":{\"@id\":\"https:\\\/\\\/www.accuratereviews.com\\\/it\\\/software-gestione-contratti\\\/icertis-contract-intelligence-recensione\\\/#primaryimage\"},\"thumbnailUrl\":\"https:\\\/\\\/www.accuratereviews.com\\\/wp-content\\\/uploads\\\/2025\\\/08\\\/Icertis_Logo.jpg\",\"datePublished\":\"2025-08-27T12:12:06+00:00\",\"dateModified\":\"2025-08-28T10:50:37+00:00\",\"description\":\"Icertis Contract Intelligence: recensione software gestione contratti, nata per trasformare i contratti in asset strategici.\",\"breadcrumb\":{\"@id\":\"https:\\\/\\\/www.accuratereviews.com\\\/it\\\/software-gestione-contratti\\\/icertis-contract-intelligence-recensione\\\/#breadcrumb\"},\"inLanguage\":\"it-IT\",\"potentialAction\":[{\"@type\":\"ReadAction\",\"target\":[\"https:\\\/\\\/www.accuratereviews.com\\\/it\\\/software-gestione-contratti\\\/icertis-contract-intelligence-recensione\\\/\"]}]},{\"@type\":\"ImageObject\",\"inLanguage\":\"it-IT\",\"@id\":\"https:\\\/\\\/www.accuratereviews.com\\\/it\\\/software-gestione-contratti\\\/icertis-contract-intelligence-recensione\\\/#primaryimage\",\"url\":\"https:\\\/\\\/www.accuratereviews.com\\\/wp-content\\\/uploads\\\/2025\\\/08\\\/Icertis_Logo.jpg\",\"contentUrl\":\"https:\\\/\\\/www.accuratereviews.com\\\/wp-content\\\/uploads\\\/2025\\\/08\\\/Icertis_Logo.jpg\",\"width\":800,\"height\":419},{\"@type\":\"BreadcrumbList\",\"@id\":\"https:\\\/\\\/www.accuratereviews.com\\\/it\\\/software-gestione-contratti\\\/icertis-contract-intelligence-recensione\\\/#breadcrumb\",\"itemListElement\":[{\"@type\":\"ListItem\",\"position\":1,\"name\":\"Home\",\"item\":\"https:\\\/\\\/www.accuratereviews.com\\\/it\\\/\"},{\"@type\":\"ListItem\",\"position\":2,\"name\":\"Software gestione contratti\",\"item\":\"https:\\\/\\\/www.accuratereviews.com\\\/it\\\/software-gestione-contratti\\\/\"},{\"@type\":\"ListItem\",\"position\":3,\"name\":\"Icertis Contract Intelligence\"}]},{\"@type\":\"WebSite\",\"@id\":\"https:\\\/\\\/www.accuratereviews.com\\\/it\\\/#website\",\"url\":\"https:\\\/\\\/www.accuratereviews.com\\\/it\\\/\",\"name\":\"Accurate Reviews\",\"description\":\"\",\"potentialAction\":[{\"@type\":\"SearchAction\",\"target\":{\"@type\":\"EntryPoint\",\"urlTemplate\":\"https:\\\/\\\/www.accuratereviews.com\\\/it\\\/?s={search_term_string}\"},\"query-input\":{\"@type\":\"PropertyValueSpecification\",\"valueRequired\":true,\"valueName\":\"search_term_string\"}}],\"inLanguage\":\"it-IT\"}]}<\/script>\n<!-- \/ Yoast SEO plugin. -->","yoast_head_json":{"title":"Icertis Contract Intelligence: recensione software gestione contratti - Accurate Reviews","description":"Icertis Contract Intelligence: recensione software gestione contratti, nata per trasformare i contratti in asset strategici.","robots":{"index":"index","follow":"follow","max-snippet":"max-snippet:-1","max-image-preview":"max-image-preview:large","max-video-preview":"max-video-preview:-1"},"canonical":"https:\/\/www.accuratereviews.com\/it\/software-gestione-contratti\/icertis-contract-intelligence-recensione\/","og_locale":"it_IT","og_type":"article","og_title":"Icertis Contract Intelligence: recensione software gestione contratti - Accurate Reviews","og_description":"Icertis Contract Intelligence: recensione software gestione contratti, nata per trasformare i contratti in asset strategici.","og_url":"https:\/\/www.accuratereviews.com\/it\/software-gestione-contratti\/icertis-contract-intelligence-recensione\/","og_site_name":"Accurate Reviews","article_modified_time":"2025-08-28T10:50:37+00:00","og_image":[{"width":800,"height":419,"url":"https:\/\/www.accuratereviews.com\/wp-content\/uploads\/2025\/08\/Icertis_Logo.jpg","type":"image\/jpeg"}],"twitter_card":"summary_large_image","twitter_misc":{"Tempo di lettura stimato":"4 minuti"},"schema":{"@context":"https:\/\/schema.org","@graph":[{"@type":"WebPage","@id":"https:\/\/www.accuratereviews.com\/it\/software-gestione-contratti\/icertis-contract-intelligence-recensione\/","url":"https:\/\/www.accuratereviews.com\/it\/software-gestione-contratti\/icertis-contract-intelligence-recensione\/","name":"Icertis Contract Intelligence: recensione software gestione contratti - Accurate Reviews","isPartOf":{"@id":"https:\/\/www.accuratereviews.com\/it\/#website"},"primaryImageOfPage":{"@id":"https:\/\/www.accuratereviews.com\/it\/software-gestione-contratti\/icertis-contract-intelligence-recensione\/#primaryimage"},"image":{"@id":"https:\/\/www.accuratereviews.com\/it\/software-gestione-contratti\/icertis-contract-intelligence-recensione\/#primaryimage"},"thumbnailUrl":"https:\/\/www.accuratereviews.com\/wp-content\/uploads\/2025\/08\/Icertis_Logo.jpg","datePublished":"2025-08-27T12:12:06+00:00","dateModified":"2025-08-28T10:50:37+00:00","description":"Icertis Contract Intelligence: recensione software gestione contratti, nata per trasformare i contratti in asset strategici.","breadcrumb":{"@id":"https:\/\/www.accuratereviews.com\/it\/software-gestione-contratti\/icertis-contract-intelligence-recensione\/#breadcrumb"},"inLanguage":"it-IT","potentialAction":[{"@type":"ReadAction","target":["https:\/\/www.accuratereviews.com\/it\/software-gestione-contratti\/icertis-contract-intelligence-recensione\/"]}]},{"@type":"ImageObject","inLanguage":"it-IT","@id":"https:\/\/www.accuratereviews.com\/it\/software-gestione-contratti\/icertis-contract-intelligence-recensione\/#primaryimage","url":"https:\/\/www.accuratereviews.com\/wp-content\/uploads\/2025\/08\/Icertis_Logo.jpg","contentUrl":"https:\/\/www.accuratereviews.com\/wp-content\/uploads\/2025\/08\/Icertis_Logo.jpg","width":800,"height":419},{"@type":"BreadcrumbList","@id":"https:\/\/www.accuratereviews.com\/it\/software-gestione-contratti\/icertis-contract-intelligence-recensione\/#breadcrumb","itemListElement":[{"@type":"ListItem","position":1,"name":"Home","item":"https:\/\/www.accuratereviews.com\/it\/"},{"@type":"ListItem","position":2,"name":"Software gestione contratti","item":"https:\/\/www.accuratereviews.com\/it\/software-gestione-contratti\/"},{"@type":"ListItem","position":3,"name":"Icertis Contract Intelligence"}]},{"@type":"WebSite","@id":"https:\/\/www.accuratereviews.com\/it\/#website","url":"https:\/\/www.accuratereviews.com\/it\/","name":"Accurate Reviews","description":"","potentialAction":[{"@type":"SearchAction","target":{"@type":"EntryPoint","urlTemplate":"https:\/\/www.accuratereviews.com\/it\/?s={search_term_string}"},"query-input":{"@type":"PropertyValueSpecification","valueRequired":true,"valueName":"search_term_string"}}],"inLanguage":"it-IT"}]}},"_links":{"self":[{"href":"https:\/\/www.accuratereviews.com\/it\/wp-json\/wp\/v2\/pages\/98044","targetHints":{"allow":["GET"]}}],"collection":[{"href":"https:\/\/www.accuratereviews.com\/it\/wp-json\/wp\/v2\/pages"}],"about":[{"href":"https:\/\/www.accuratereviews.com\/it\/wp-json\/wp\/v2\/types\/page"}],"author":[{"embeddable":true,"href":"https:\/\/www.accuratereviews.com\/it\/wp-json\/wp\/v2\/users\/17"}],"replies":[{"embeddable":true,"href":"https:\/\/www.accuratereviews.com\/it\/wp-json\/wp\/v2\/comments?post=98044"}],"version-history":[{"count":2,"href":"https:\/\/www.accuratereviews.com\/it\/wp-json\/wp\/v2\/pages\/98044\/revisions"}],"predecessor-version":[{"id":98300,"href":"https:\/\/www.accuratereviews.com\/it\/wp-json\/wp\/v2\/pages\/98044\/revisions\/98300"}],"up":[{"embeddable":true,"href":"https:\/\/www.accuratereviews.com\/it\/wp-json\/wp\/v2\/pages\/97761"}],"wp:featuredmedia":[{"embeddable":true,"href":"https:\/\/www.accuratereviews.com\/it\/wp-json\/wp\/v2\/media\/98045"}],"wp:attachment":[{"href":"https:\/\/www.accuratereviews.com\/it\/wp-json\/wp\/v2\/media?parent=98044"}],"wp:term":[{"taxonomy":"category","embeddable":true,"href":"https:\/\/www.accuratereviews.com\/it\/wp-json\/wp\/v2\/categories?post=98044"},{"taxonomy":"post_tag","embeddable":true,"href":"https:\/\/www.accuratereviews.com\/it\/wp-json\/wp\/v2\/tags?post=98044"},{"taxonomy":"features","embeddable":true,"href":"https:\/\/www.accuratereviews.com\/it\/wp-json\/wp\/v2\/features?post=98044"}],"curies":[{"name":"wp","href":"https:\/\/api.w.org\/{rel}","templated":true}]}}