{"id":98251,"date":"2025-08-28T11:05:20","date_gmt":"2025-08-28T11:05:20","guid":{"rendered":"https:\/\/www.accuratereviews.com\/?page_id=98251"},"modified":"2025-08-28T11:05:20","modified_gmt":"2025-08-28T11:05:20","slug":"pixelpin-recensione","status":"publish","type":"page","link":"https:\/\/www.accuratereviews.com\/it\/software-sso\/pixelpin-recensione\/","title":{"rendered":"PixelPin"},"content":{"rendered":"<p><strong>PixelPin<\/strong> \u00e8 una <strong>soluzione di sicurezza informatica<\/strong> basata su <strong>cloud<\/strong>, progettata per aiutare le aziende a gestire le password utilizzando le immagini per garantire un&#8217;autenticazione sicura contro gli attacchi di phishing di massa. Consente ai membri del team di selezionare la propria immagine e di selezionare quattro punti al suo interno in sequenza per garantire un accesso sicuro a varie applicazioni e siti web. I team possono creare un account sviluppatore e scaricare e configurare plugin in base alle esigenze individuali.<br \/>\n<strong>PixelPin <\/strong>\u00e8 un sistema di rilevamento delle intrusioni che permette alle aziende di evitare attacchi al sistema, proteggendo dai tentativi di raccogliere dati sui clic degli utenti. Funziona con le ultime versioni di <strong>Internet Explorer, Chrome, Safari, Firefox, Edge e Opera<\/strong>, garantendo un&#8217;esperienza di navigazione sicura per tutti i team. Le integrazioni mobile consentono agli utenti di generare chiavi pubbliche del server, che devono essere aggiornate ogni sei mesi per stabilire un&#8217;autenticazione sicura.<\/p>\n<h2>PIXELPIN &#8211; TUTORIAL<\/h2>\n<div id=\"fluid-wrapper-counter-1\" class=\"g1-fluid-wrapper \" style=\"width:686px;\">\n<div style=\"padding-bottom:56.268221574344%;\"><iframe loading=\"lazy\" title=\"PixelPin Promotional Video\" width=\"515\" height=\"386\" src=\"https:\/\/www.youtube.com\/embed\/9qNgb9JoRhA?feature=oembed&amp;wmode=transparent&amp;autohide=1&amp;autoplay=0&amp;disablekb=0&amp;fs=1&amp;loop=0&amp;enablejsapi=1&amp;rel=0&amp;controls=2&amp;showinfo=0&amp;wmode=transparent&amp;autohide=2&amp;autoplay=0&amp;disablekb=0&amp;fs=1&amp;loop=0&amp;enablejsapi=1&amp;rel=0&amp;controls=2&amp;showinfo=1\" frameborder=\"0\" allow=\"accelerometer; autoplay; clipboard-write; encrypted-media; gyroscope; picture-in-picture; web-share\" referrerpolicy=\"strict-origin-when-cross-origin\" allowfullscreen><\/iframe><\/div>\n<\/div>\n<h3>PIXELPIN &#8211; CARATTERISTICHE<\/h3>\n<ul>\n<li><strong>Autenticazione basata su immagini<\/strong>: gli utenti selezionano un&#8217;immagine personale (come una foto delle vacanze) e toccano quattro punti specifici in sequenza per accedere, creando un&#8217;alternativa facile da ricordare e sicura alle password.<\/li>\n<li><strong>Gestione delle password:<\/strong> il sistema elimina la necessit\u00e0 delle tradizionali password alfanumeriche, soggette a hackeraggio o phishing, migliorando cos\u00ec la sicurezza.<\/li>\n<li><strong>Protezione da phishing e hackeraggio:<\/strong>: eliminando la necessit\u00e0 di password alfanumeriche facili da indovinare o rubare, il software riduce significativamente i rischi associati al phishing e agli hackeraggi dei database.<\/li>\n<li><strong>Autenticazione a due fattori<\/strong>: combina l&#8217;accesso basato su immagini con le password monouso temporizzate (TOTP) per fornire una protezione avanzata e multifattoriale.<\/li>\n<li><strong>Rilevamento delle intrusioni<\/strong>: la piattaforma include un sistema di rilevamento delle intrusioni per proteggere dagli attacchi che tentano di raccogliere dati sui clic degli utenti.<\/li>\n<li><strong>Nessuna biometria richiesta<\/strong>: il programma offre una soluzione non biometrica e senza password, offrendo un&#8217;alternativa sicura ai metodi tradizionali che potrebbero coinvolgere dati biologici.<\/li>\n<li><strong>Intuitivo<\/strong>: Il sistema \u00e8 progettato per essere semplice e intuitivo, consentendo agli utenti di ricordare immagini personali anzich\u00e9 password complesse.<\/li>\n<li><strong>Compatibilit\u00e0 multipiattaforma<\/strong>: funziona su tutti i dispositivi (computer, tablet, smartphone) e sui principali browser web, garantendo un&#8217;esperienza coerente e sicura.<\/li>\n<li><strong>Integrazione con terze parti<\/strong>: pu\u00f2 essere facilmente integrato con applicazioni e sistemi esistenti, facilitando una transizione graduale verso metodi di autenticazione avanzati.<\/li>\n<\/ul>\n<h4>LE RECENSIONI DEGLI UTENTI<\/h4>\n<p><strong>Ovidiu &#8220;Addio password, davvero!&#8221;<\/strong><br \/>\n<strong>Pro<\/strong>: Mi \u00e8 piaciuta l&#8217;idea di poter accedere a qualsiasi account con una qualsiasi delle mie foto preferite. A mio parere \u00e8 molto pi\u00f9 semplice e intuitivo rispetto all&#8217;utilizzo di una password generata e difficile da ricordare o, peggio ancora&#8230; una password semplice, non protetta e &#8220;facile da ricordare&#8221;!<br \/>\n<strong>Contro<\/strong>: Niente di particolarmente grave, l&#8217;idea e l&#8217;implementazione sono piuttosto semplici. Tuttavia, proverei a diversificare il modo in cui possiamo accedere, ad esempio aggiungendo la possibilit\u00e0 di utilizzare pi\u00f9 di quattro punti se vogliamo sentirci pi\u00f9 sicuri. Oppure la possibilit\u00e0 di utilizzare pi\u00f9 di un&#8217;immagine, per un accesso super sicuro.<\/p>\n<p><strong>Zan &#8220;Un modo pi\u00f9 semplice per accedere&#8221;<\/strong><br \/>\n<strong>Pro<\/strong>: Utilizza un metodo facile da ricordare per sostituire le password in modo sicuro. Ho chiesto ad altri di osservare i punti che ho inserito e di provare ad accedere al mio account, ma non ci sono riusciti, mentre lo stesso non si pu\u00f2 dire per le password. La configurazione in s\u00e9 mi sembra pi\u00f9 veloce, perch\u00e9 \u00e8 pi\u00f9 facile scegliere e immaginare quattro punti che per me abbiano un significato, mentre faccio sempre fatica a trovare una password efficace ma facile da ricordare. Il software viene aggiornato regolarmente e acquisisce nuove funzionalit\u00e0.<br \/>\n<strong>Contro<\/strong>: Purtroppo non ci sono abbastanza servizi che offrono un modo per accedere con PixelPin<\/p>\n<p><strong>Sajjad &#8220;Pro e contro&#8221;<\/strong><br \/>\n<strong>Pro<\/strong>: La facilit\u00e0 d&#8217;uso del software \u00e8 probabilmente l&#8217;aspetto pi\u00f9 interessante<br \/>\n<strong>Contro<\/strong>: Sono gi\u00e0 disponibili alternative e metodi di accesso<\/p>\n","protected":false},"excerpt":{"rendered":"<p>PixelPin \u00e8 una soluzione di sicurezza informatica basata su cloud, progettata per aiutare le aziende a gestire le password utilizzando le immagini per garantire un&#8217;autenticazione sicura contro gli attacchi di phishing di massa. Consente ai membri del team di selezionare la propria immagine e di selezionare quattro punti al suo interno in sequenza per garantire un accesso sicuro a varie applicazioni e siti web.<\/p>\n","protected":false},"author":19,"featured_media":98261,"parent":97817,"menu_order":0,"comment_status":"open","ping_status":"closed","template":"g1_template_page_review_new.php","meta":{"_acf_changed":false,"cwp_meta_box_check":"No","cwp_rev_product_name":"","cwp_rev_product_image":"","wppr_links":[],"cwp_rev_price":"","wppr_options":[],"wppr_pros":[],"wppr_cons":[],"_monsterinsights_skip_tracking":false,"_monsterinsights_sitenote_active":false,"_monsterinsights_sitenote_note":"","_monsterinsights_sitenote_category":0,"footnotes":""},"categories":[16466],"tags":[16464,16496,16463,16461,16460,16462],"features":[],"class_list":{"0":"post-98251","1":"page","2":"type-page","3":"status-publish","4":"has-post-thumbnail","6":"category-software-sso-cat","7":"tag-piattaforma-sso","8":"tag-pixelpin","9":"tag-programma-sso","10":"tag-single-sign-on","11":"tag-software-sso","12":"tag-soluzione-sso"},"wppr_data":{"cwp_meta_box_check":"No"},"acf":[],"yoast_head":"<!-- This site is optimized with the Yoast SEO plugin v27.4 - https:\/\/yoast.com\/product\/yoast-seo-wordpress\/ -->\n<title>PixelPin: recensione software SSO - Accurate Reviews<\/title>\n<meta name=\"description\" content=\"PixelPin: soluzione di sicurezza per gestire le password per garantire un&#039;autenticazione sicura contro gli attacchi phishing.\" \/>\n<meta name=\"robots\" content=\"index, follow, max-snippet:-1, max-image-preview:large, max-video-preview:-1\" \/>\n<link rel=\"canonical\" href=\"https:\/\/www.accuratereviews.com\/it\/software-sso\/pixelpin-recensione\/\" \/>\n<meta property=\"og:locale\" content=\"it_IT\" \/>\n<meta property=\"og:type\" content=\"article\" \/>\n<meta property=\"og:title\" content=\"PixelPin: recensione software SSO - Accurate Reviews\" \/>\n<meta property=\"og:description\" content=\"PixelPin: soluzione di sicurezza per gestire le password per garantire un&#039;autenticazione sicura contro gli attacchi phishing.\" \/>\n<meta property=\"og:url\" content=\"https:\/\/www.accuratereviews.com\/it\/software-sso\/pixelpin-recensione\/\" \/>\n<meta property=\"og:site_name\" content=\"Accurate Reviews\" \/>\n<meta property=\"og:image\" content=\"https:\/\/www.accuratereviews.com\/wp-content\/uploads\/2025\/08\/PixelPin.webp\" \/>\n\t<meta property=\"og:image:width\" content=\"512\" \/>\n\t<meta property=\"og:image:height\" content=\"512\" \/>\n\t<meta property=\"og:image:type\" content=\"image\/webp\" \/>\n<meta name=\"twitter:card\" content=\"summary_large_image\" \/>\n<meta name=\"twitter:label1\" content=\"Tempo di lettura stimato\" \/>\n\t<meta name=\"twitter:data1\" content=\"5 minuti\" \/>\n<script type=\"application\/ld+json\" class=\"yoast-schema-graph\">{\"@context\":\"https:\\\/\\\/schema.org\",\"@graph\":[{\"@type\":\"WebPage\",\"@id\":\"https:\\\/\\\/www.accuratereviews.com\\\/it\\\/software-sso\\\/pixelpin-recensione\\\/\",\"url\":\"https:\\\/\\\/www.accuratereviews.com\\\/it\\\/software-sso\\\/pixelpin-recensione\\\/\",\"name\":\"PixelPin: recensione software SSO - Accurate Reviews\",\"isPartOf\":{\"@id\":\"https:\\\/\\\/www.accuratereviews.com\\\/it\\\/#website\"},\"primaryImageOfPage\":{\"@id\":\"https:\\\/\\\/www.accuratereviews.com\\\/it\\\/software-sso\\\/pixelpin-recensione\\\/#primaryimage\"},\"image\":{\"@id\":\"https:\\\/\\\/www.accuratereviews.com\\\/it\\\/software-sso\\\/pixelpin-recensione\\\/#primaryimage\"},\"thumbnailUrl\":\"https:\\\/\\\/www.accuratereviews.com\\\/wp-content\\\/uploads\\\/2025\\\/08\\\/PixelPin.webp\",\"datePublished\":\"2025-08-28T11:05:20+00:00\",\"description\":\"PixelPin: soluzione di sicurezza per gestire le password per garantire un'autenticazione sicura contro gli attacchi phishing.\",\"breadcrumb\":{\"@id\":\"https:\\\/\\\/www.accuratereviews.com\\\/it\\\/software-sso\\\/pixelpin-recensione\\\/#breadcrumb\"},\"inLanguage\":\"it-IT\",\"potentialAction\":[{\"@type\":\"ReadAction\",\"target\":[\"https:\\\/\\\/www.accuratereviews.com\\\/it\\\/software-sso\\\/pixelpin-recensione\\\/\"]}]},{\"@type\":\"ImageObject\",\"inLanguage\":\"it-IT\",\"@id\":\"https:\\\/\\\/www.accuratereviews.com\\\/it\\\/software-sso\\\/pixelpin-recensione\\\/#primaryimage\",\"url\":\"https:\\\/\\\/www.accuratereviews.com\\\/wp-content\\\/uploads\\\/2025\\\/08\\\/PixelPin.webp\",\"contentUrl\":\"https:\\\/\\\/www.accuratereviews.com\\\/wp-content\\\/uploads\\\/2025\\\/08\\\/PixelPin.webp\",\"width\":512,\"height\":512},{\"@type\":\"BreadcrumbList\",\"@id\":\"https:\\\/\\\/www.accuratereviews.com\\\/it\\\/software-sso\\\/pixelpin-recensione\\\/#breadcrumb\",\"itemListElement\":[{\"@type\":\"ListItem\",\"position\":1,\"name\":\"Home\",\"item\":\"https:\\\/\\\/www.accuratereviews.com\\\/it\\\/\"},{\"@type\":\"ListItem\",\"position\":2,\"name\":\"Software SSO (Single Sign-On)\",\"item\":\"https:\\\/\\\/www.accuratereviews.com\\\/it\\\/software-sso\\\/\"},{\"@type\":\"ListItem\",\"position\":3,\"name\":\"PixelPin\"}]},{\"@type\":\"WebSite\",\"@id\":\"https:\\\/\\\/www.accuratereviews.com\\\/it\\\/#website\",\"url\":\"https:\\\/\\\/www.accuratereviews.com\\\/it\\\/\",\"name\":\"Accurate Reviews\",\"description\":\"\",\"potentialAction\":[{\"@type\":\"SearchAction\",\"target\":{\"@type\":\"EntryPoint\",\"urlTemplate\":\"https:\\\/\\\/www.accuratereviews.com\\\/it\\\/?s={search_term_string}\"},\"query-input\":{\"@type\":\"PropertyValueSpecification\",\"valueRequired\":true,\"valueName\":\"search_term_string\"}}],\"inLanguage\":\"it-IT\"}]}<\/script>\n<!-- \/ Yoast SEO plugin. -->","yoast_head_json":{"title":"PixelPin: recensione software SSO - Accurate Reviews","description":"PixelPin: soluzione di sicurezza per gestire le password per garantire un'autenticazione sicura contro gli attacchi phishing.","robots":{"index":"index","follow":"follow","max-snippet":"max-snippet:-1","max-image-preview":"max-image-preview:large","max-video-preview":"max-video-preview:-1"},"canonical":"https:\/\/www.accuratereviews.com\/it\/software-sso\/pixelpin-recensione\/","og_locale":"it_IT","og_type":"article","og_title":"PixelPin: recensione software SSO - Accurate Reviews","og_description":"PixelPin: soluzione di sicurezza per gestire le password per garantire un'autenticazione sicura contro gli attacchi phishing.","og_url":"https:\/\/www.accuratereviews.com\/it\/software-sso\/pixelpin-recensione\/","og_site_name":"Accurate Reviews","og_image":[{"width":512,"height":512,"url":"https:\/\/www.accuratereviews.com\/wp-content\/uploads\/2025\/08\/PixelPin.webp","type":"image\/webp"}],"twitter_card":"summary_large_image","twitter_misc":{"Tempo di lettura stimato":"5 minuti"},"schema":{"@context":"https:\/\/schema.org","@graph":[{"@type":"WebPage","@id":"https:\/\/www.accuratereviews.com\/it\/software-sso\/pixelpin-recensione\/","url":"https:\/\/www.accuratereviews.com\/it\/software-sso\/pixelpin-recensione\/","name":"PixelPin: recensione software SSO - Accurate Reviews","isPartOf":{"@id":"https:\/\/www.accuratereviews.com\/it\/#website"},"primaryImageOfPage":{"@id":"https:\/\/www.accuratereviews.com\/it\/software-sso\/pixelpin-recensione\/#primaryimage"},"image":{"@id":"https:\/\/www.accuratereviews.com\/it\/software-sso\/pixelpin-recensione\/#primaryimage"},"thumbnailUrl":"https:\/\/www.accuratereviews.com\/wp-content\/uploads\/2025\/08\/PixelPin.webp","datePublished":"2025-08-28T11:05:20+00:00","description":"PixelPin: soluzione di sicurezza per gestire le password per garantire un'autenticazione sicura contro gli attacchi phishing.","breadcrumb":{"@id":"https:\/\/www.accuratereviews.com\/it\/software-sso\/pixelpin-recensione\/#breadcrumb"},"inLanguage":"it-IT","potentialAction":[{"@type":"ReadAction","target":["https:\/\/www.accuratereviews.com\/it\/software-sso\/pixelpin-recensione\/"]}]},{"@type":"ImageObject","inLanguage":"it-IT","@id":"https:\/\/www.accuratereviews.com\/it\/software-sso\/pixelpin-recensione\/#primaryimage","url":"https:\/\/www.accuratereviews.com\/wp-content\/uploads\/2025\/08\/PixelPin.webp","contentUrl":"https:\/\/www.accuratereviews.com\/wp-content\/uploads\/2025\/08\/PixelPin.webp","width":512,"height":512},{"@type":"BreadcrumbList","@id":"https:\/\/www.accuratereviews.com\/it\/software-sso\/pixelpin-recensione\/#breadcrumb","itemListElement":[{"@type":"ListItem","position":1,"name":"Home","item":"https:\/\/www.accuratereviews.com\/it\/"},{"@type":"ListItem","position":2,"name":"Software SSO (Single Sign-On)","item":"https:\/\/www.accuratereviews.com\/it\/software-sso\/"},{"@type":"ListItem","position":3,"name":"PixelPin"}]},{"@type":"WebSite","@id":"https:\/\/www.accuratereviews.com\/it\/#website","url":"https:\/\/www.accuratereviews.com\/it\/","name":"Accurate Reviews","description":"","potentialAction":[{"@type":"SearchAction","target":{"@type":"EntryPoint","urlTemplate":"https:\/\/www.accuratereviews.com\/it\/?s={search_term_string}"},"query-input":{"@type":"PropertyValueSpecification","valueRequired":true,"valueName":"search_term_string"}}],"inLanguage":"it-IT"}]}},"_links":{"self":[{"href":"https:\/\/www.accuratereviews.com\/it\/wp-json\/wp\/v2\/pages\/98251","targetHints":{"allow":["GET"]}}],"collection":[{"href":"https:\/\/www.accuratereviews.com\/it\/wp-json\/wp\/v2\/pages"}],"about":[{"href":"https:\/\/www.accuratereviews.com\/it\/wp-json\/wp\/v2\/types\/page"}],"author":[{"embeddable":true,"href":"https:\/\/www.accuratereviews.com\/it\/wp-json\/wp\/v2\/users\/19"}],"replies":[{"embeddable":true,"href":"https:\/\/www.accuratereviews.com\/it\/wp-json\/wp\/v2\/comments?post=98251"}],"version-history":[{"count":13,"href":"https:\/\/www.accuratereviews.com\/it\/wp-json\/wp\/v2\/pages\/98251\/revisions"}],"predecessor-version":[{"id":98302,"href":"https:\/\/www.accuratereviews.com\/it\/wp-json\/wp\/v2\/pages\/98251\/revisions\/98302"}],"up":[{"embeddable":true,"href":"https:\/\/www.accuratereviews.com\/it\/wp-json\/wp\/v2\/pages\/97817"}],"wp:featuredmedia":[{"embeddable":true,"href":"https:\/\/www.accuratereviews.com\/it\/wp-json\/wp\/v2\/media\/98261"}],"wp:attachment":[{"href":"https:\/\/www.accuratereviews.com\/it\/wp-json\/wp\/v2\/media?parent=98251"}],"wp:term":[{"taxonomy":"category","embeddable":true,"href":"https:\/\/www.accuratereviews.com\/it\/wp-json\/wp\/v2\/categories?post=98251"},{"taxonomy":"post_tag","embeddable":true,"href":"https:\/\/www.accuratereviews.com\/it\/wp-json\/wp\/v2\/tags?post=98251"},{"taxonomy":"features","embeddable":true,"href":"https:\/\/www.accuratereviews.com\/it\/wp-json\/wp\/v2\/features?post=98251"}],"curies":[{"name":"wp","href":"https:\/\/api.w.org\/{rel}","templated":true}]}}