{"id":9854,"date":"2017-05-30T15:44:39","date_gmt":"2017-05-30T15:44:39","guid":{"rendered":"http:\/\/www.accuratereviews.com\/i-migliori-ide\/phpstorm\/"},"modified":"2021-02-01T12:15:11","modified_gmt":"2021-02-01T12:15:11","slug":"phpstorm","status":"publish","type":"page","link":"https:\/\/www.accuratereviews.com\/it\/i-migliori-ide\/phpstorm\/","title":{"rendered":"PHPStorm"},"content":{"rendered":"<p><img loading=\"lazy\" decoding=\"async\" class=\"alignnone size-full wp-image-9833\" src=\"http:\/\/www.accuratereviews.com\/wp-content\/uploads\/2017\/05\/phpstorm2.png\" alt=\"phpstorm\" width=\"2000\" height=\"1230\" srcset=\"https:\/\/www.accuratereviews.com\/wp-content\/uploads\/2017\/05\/phpstorm2.png 2000w, https:\/\/www.accuratereviews.com\/wp-content\/uploads\/2017\/05\/phpstorm2-300x185.png 300w, https:\/\/www.accuratereviews.com\/wp-content\/uploads\/2017\/05\/phpstorm2-768x472.png 768w, https:\/\/www.accuratereviews.com\/wp-content\/uploads\/2017\/05\/phpstorm2-1024x630.png 1024w, https:\/\/www.accuratereviews.com\/wp-content\/uploads\/2017\/05\/phpstorm2-203x125.png 203w, https:\/\/www.accuratereviews.com\/wp-content\/uploads\/2017\/05\/phpstorm2-50x31.png 50w, https:\/\/www.accuratereviews.com\/wp-content\/uploads\/2017\/05\/phpstorm2-968x595.png 968w, https:\/\/www.accuratereviews.com\/wp-content\/uploads\/2017\/05\/phpstorm2-636x391.png 636w, https:\/\/www.accuratereviews.com\/wp-content\/uploads\/2017\/05\/phpstorm2-320x197.png 320w, https:\/\/www.accuratereviews.com\/wp-content\/uploads\/2017\/05\/phpstorm2-239x147.png 239w\" sizes=\"auto, (max-width: 2000px) 100vw, 2000px\" \/><\/p>\n<p>Sviluppare un\u2019app, costruire un sito web o scrivere un software sono tutti processi che richiedono tempo e pazienza. Sono una sorta di lungo viaggio in cui dovrete prevedere di passare ore e ore, quindi dovete cercare di lavorare in totale comodit\u00e0. Per questo, nonostante gli <strong>IDE<\/strong> offerti siano molti e quasi tutti molto simili, potreste voler cercare quello pi\u00f9 familiare e unico per sentirvici a vostro agio.<\/p>\n<p><strong>PhpStorm potrebbe essere quello che fa per voi<\/strong> a partire da un dettaglio in particolare: <strong>supporta una grande variet\u00e0 di framework<\/strong> tra i quali <strong>Symfony, Drupal, WordPress and Joomla!<\/strong>. Cos\u00ec, qualsiasi sia la cosa a cui state lavorando, potete utilizzare quest\u2019unico ambiente. \u00c8 possibile scrivere codice in un\u2019ampia gamma di linguaggi tra i quali <strong>HTML5, CSS, Emmet e Javascript<\/strong> utilizzando sempre lo strumento di refactoring e debug e controllando le variazioni in tempo reale con Live Edit.<\/p>\n<p><strong>Tutte le funzionalit\u00e0 pi\u00f9 utili sono direttamente a portata di mano<\/strong>, come i tool della riga di comando, i database, SQL, Vagrant e Composer. Tutte queste funzionalit\u00e0 sono molto utili, ma risulta ancora pi\u00f9 interessante <strong>l\u2019assistenza intelligente di codifica di PhpStorm<\/strong>. Mentre scrivete codice, PhpStorm lo e segnala eventuali problemi perch\u00e9 possiate correggerli subito. Visual Debugger rende semplice il processo di debug e il software offre una serie di video che possano guidare gli inesperti.<\/p>\n<p>PhpStorm non \u00e8 tutto rose e fiori, per\u00f2. Tra i suoi difetti troviamo la <strong>possibilit\u00e0 di scegliere solo due schemi di colore<\/strong> di default che non sono proprio bellissimi e aggiungere un eventuale tema di terze parti \u00e8 un\u2019operazione noiosa e complessa. Gli utenti lamentano piccole stranezze del software che comunque possono disturbare. <strong>La funzionalit\u00e0 di autocompletamento a volte sembra leggermente folle<\/strong> e l\u2019autoformattazione ogni tanto non funziona come dovrebbe.<\/p>\n<p>Inoltre, questo IDE \u00e8 stato creato in Java: di ci\u00f2 ne risente soprattutto <strong>la sua velocit\u00e0 che pu\u00f2 calare drasticamente<\/strong>. Sappiamo che, quando i tempi stringono, niente dovrebbe rallentarci, ma PhpStorm potrebbe farlo.<\/p>\n<p>JetBrains, ovvero i creatori di PhpStorm, offrono un <strong>trial gratuito di 30 giorni<\/strong>. La questione prezzi \u00e8 invece pi\u00f9 complessa. Il software \u00e8 disponibile solo con un abbonamento, che sia annuale o mensile, e i costi cambiano ogni anno. Per uno sviluppatore individuale il prezzo pu\u00f2 andare da 8.90 euro al mese fino a 53 euro mensili, a seconda del piano scelto e da quanto tempo viene utilizzato il software.<\/p>\n","protected":false},"excerpt":{"rendered":"<p>Sviluppare un\u2019app, costruire un sito web o scrivere un software sono tutti processi che richiedono tempo e pazienza. Sono una sorta di lungo viaggio in cui dovrete prevedere di passare ore e ore, quindi dovete cercare di lavorare in totale comodit\u00e0. <\/p>\n","protected":false},"author":16,"featured_media":0,"parent":9773,"menu_order":1,"comment_status":"open","ping_status":"closed","template":"g1_template_page_review_new.php","meta":{"_acf_changed":false,"cwp_meta_box_check":"Yes","cwp_rev_product_name":"","cwp_rev_product_image":"","wppr_links":[],"cwp_rev_price":"","wppr_options":[],"wppr_pros":[],"wppr_cons":[],"_monsterinsights_skip_tracking":false,"_monsterinsights_sitenote_active":false,"_monsterinsights_sitenote_note":"","_monsterinsights_sitenote_category":0,"footnotes":""},"categories":[184],"tags":[],"features":[],"class_list":{"0":"post-9854","1":"page","2":"type-page","3":"status-publish","5":"category-ide-it"},"wppr_data":{"cwp_meta_box_check":"Yes","cwp_rev_product_name":"","cwp_rev_product_image":"","cwp_image_link":"image","cwp_rev_price":"","wppr_rating":"0.00"},"acf":[],"yoast_head":"<!-- This site is optimized with the Yoast SEO plugin v27.4 - https:\/\/yoast.com\/product\/yoast-seo-wordpress\/ -->\n<title>PhpStorm recensione miglior IDE | Accurate Reviews<\/title>\n<meta name=\"description\" content=\"PhpStorm \u00e8 un IDE completo con un buon ventaglio di funzionalit\u00e0, ma pu\u00f2 essere molto lento e alcuni intoppi lo rendono, ogni tanto, irritante.\" \/>\n<meta name=\"robots\" content=\"index, follow, max-snippet:-1, max-image-preview:large, max-video-preview:-1\" \/>\n<link rel=\"canonical\" href=\"https:\/\/www.accuratereviews.com\/it\/i-migliori-ide\/phpstorm\/\" \/>\n<meta property=\"og:locale\" content=\"it_IT\" \/>\n<meta property=\"og:type\" content=\"article\" \/>\n<meta property=\"og:title\" content=\"PhpStorm recensione miglior IDE | Accurate Reviews\" \/>\n<meta property=\"og:description\" content=\"PhpStorm \u00e8 un IDE completo con un buon ventaglio di funzionalit\u00e0, ma pu\u00f2 essere molto lento e alcuni intoppi lo rendono, ogni tanto, irritante.\" \/>\n<meta property=\"og:url\" content=\"https:\/\/www.accuratereviews.com\/it\/i-migliori-ide\/phpstorm\/\" \/>\n<meta property=\"og:site_name\" content=\"Accurate Reviews\" \/>\n<meta property=\"article:modified_time\" content=\"2021-02-01T12:15:11+00:00\" \/>\n<meta property=\"og:image\" content=\"http:\/\/www.accuratereviews.com\/wp-content\/uploads\/2017\/05\/phpstorm2.png\" \/>\n<meta name=\"twitter:card\" content=\"summary_large_image\" \/>\n<meta name=\"twitter:label1\" content=\"Tempo di lettura stimato\" \/>\n\t<meta name=\"twitter:data1\" content=\"2 minuti\" \/>\n<script type=\"application\/ld+json\" class=\"yoast-schema-graph\">{\"@context\":\"https:\\\/\\\/schema.org\",\"@graph\":[{\"@type\":\"WebPage\",\"@id\":\"https:\\\/\\\/www.accuratereviews.com\\\/it\\\/i-migliori-ide\\\/phpstorm\\\/\",\"url\":\"https:\\\/\\\/www.accuratereviews.com\\\/it\\\/i-migliori-ide\\\/phpstorm\\\/\",\"name\":\"PhpStorm recensione miglior IDE | Accurate Reviews\",\"isPartOf\":{\"@id\":\"https:\\\/\\\/www.accuratereviews.com\\\/it\\\/#website\"},\"primaryImageOfPage\":{\"@id\":\"https:\\\/\\\/www.accuratereviews.com\\\/it\\\/i-migliori-ide\\\/phpstorm\\\/#primaryimage\"},\"image\":{\"@id\":\"https:\\\/\\\/www.accuratereviews.com\\\/it\\\/i-migliori-ide\\\/phpstorm\\\/#primaryimage\"},\"thumbnailUrl\":\"http:\\\/\\\/www.accuratereviews.com\\\/wp-content\\\/uploads\\\/2017\\\/05\\\/phpstorm2.png\",\"datePublished\":\"2017-05-30T15:44:39+00:00\",\"dateModified\":\"2021-02-01T12:15:11+00:00\",\"description\":\"PhpStorm \u00e8 un IDE completo con un buon ventaglio di funzionalit\u00e0, ma pu\u00f2 essere molto lento e alcuni intoppi lo rendono, ogni tanto, irritante.\",\"breadcrumb\":{\"@id\":\"https:\\\/\\\/www.accuratereviews.com\\\/it\\\/i-migliori-ide\\\/phpstorm\\\/#breadcrumb\"},\"inLanguage\":\"it-IT\",\"potentialAction\":[{\"@type\":\"ReadAction\",\"target\":[\"https:\\\/\\\/www.accuratereviews.com\\\/it\\\/i-migliori-ide\\\/phpstorm\\\/\"]}]},{\"@type\":\"ImageObject\",\"inLanguage\":\"it-IT\",\"@id\":\"https:\\\/\\\/www.accuratereviews.com\\\/it\\\/i-migliori-ide\\\/phpstorm\\\/#primaryimage\",\"url\":\"http:\\\/\\\/www.accuratereviews.com\\\/wp-content\\\/uploads\\\/2017\\\/05\\\/phpstorm2.png\",\"contentUrl\":\"http:\\\/\\\/www.accuratereviews.com\\\/wp-content\\\/uploads\\\/2017\\\/05\\\/phpstorm2.png\"},{\"@type\":\"BreadcrumbList\",\"@id\":\"https:\\\/\\\/www.accuratereviews.com\\\/it\\\/i-migliori-ide\\\/phpstorm\\\/#breadcrumb\",\"itemListElement\":[{\"@type\":\"ListItem\",\"position\":1,\"name\":\"Home\",\"item\":\"https:\\\/\\\/www.accuratereviews.com\\\/it\\\/\"},{\"@type\":\"ListItem\",\"position\":2,\"name\":\"I migliori IDE\",\"item\":\"https:\\\/\\\/www.accuratereviews.com\\\/it\\\/i-migliori-ide\\\/\"},{\"@type\":\"ListItem\",\"position\":3,\"name\":\"PHPStorm\"}]},{\"@type\":\"WebSite\",\"@id\":\"https:\\\/\\\/www.accuratereviews.com\\\/it\\\/#website\",\"url\":\"https:\\\/\\\/www.accuratereviews.com\\\/it\\\/\",\"name\":\"Accurate Reviews\",\"description\":\"\",\"potentialAction\":[{\"@type\":\"SearchAction\",\"target\":{\"@type\":\"EntryPoint\",\"urlTemplate\":\"https:\\\/\\\/www.accuratereviews.com\\\/it\\\/?s={search_term_string}\"},\"query-input\":{\"@type\":\"PropertyValueSpecification\",\"valueRequired\":true,\"valueName\":\"search_term_string\"}}],\"inLanguage\":\"it-IT\"}]}<\/script>\n<!-- \/ Yoast SEO plugin. -->","yoast_head_json":{"title":"PhpStorm recensione miglior IDE | Accurate Reviews","description":"PhpStorm \u00e8 un IDE completo con un buon ventaglio di funzionalit\u00e0, ma pu\u00f2 essere molto lento e alcuni intoppi lo rendono, ogni tanto, irritante.","robots":{"index":"index","follow":"follow","max-snippet":"max-snippet:-1","max-image-preview":"max-image-preview:large","max-video-preview":"max-video-preview:-1"},"canonical":"https:\/\/www.accuratereviews.com\/it\/i-migliori-ide\/phpstorm\/","og_locale":"it_IT","og_type":"article","og_title":"PhpStorm recensione miglior IDE | Accurate Reviews","og_description":"PhpStorm \u00e8 un IDE completo con un buon ventaglio di funzionalit\u00e0, ma pu\u00f2 essere molto lento e alcuni intoppi lo rendono, ogni tanto, irritante.","og_url":"https:\/\/www.accuratereviews.com\/it\/i-migliori-ide\/phpstorm\/","og_site_name":"Accurate Reviews","article_modified_time":"2021-02-01T12:15:11+00:00","og_image":[{"url":"http:\/\/www.accuratereviews.com\/wp-content\/uploads\/2017\/05\/phpstorm2.png","type":"","width":"","height":""}],"twitter_card":"summary_large_image","twitter_misc":{"Tempo di lettura stimato":"2 minuti"},"schema":{"@context":"https:\/\/schema.org","@graph":[{"@type":"WebPage","@id":"https:\/\/www.accuratereviews.com\/it\/i-migliori-ide\/phpstorm\/","url":"https:\/\/www.accuratereviews.com\/it\/i-migliori-ide\/phpstorm\/","name":"PhpStorm recensione miglior IDE | Accurate Reviews","isPartOf":{"@id":"https:\/\/www.accuratereviews.com\/it\/#website"},"primaryImageOfPage":{"@id":"https:\/\/www.accuratereviews.com\/it\/i-migliori-ide\/phpstorm\/#primaryimage"},"image":{"@id":"https:\/\/www.accuratereviews.com\/it\/i-migliori-ide\/phpstorm\/#primaryimage"},"thumbnailUrl":"http:\/\/www.accuratereviews.com\/wp-content\/uploads\/2017\/05\/phpstorm2.png","datePublished":"2017-05-30T15:44:39+00:00","dateModified":"2021-02-01T12:15:11+00:00","description":"PhpStorm \u00e8 un IDE completo con un buon ventaglio di funzionalit\u00e0, ma pu\u00f2 essere molto lento e alcuni intoppi lo rendono, ogni tanto, irritante.","breadcrumb":{"@id":"https:\/\/www.accuratereviews.com\/it\/i-migliori-ide\/phpstorm\/#breadcrumb"},"inLanguage":"it-IT","potentialAction":[{"@type":"ReadAction","target":["https:\/\/www.accuratereviews.com\/it\/i-migliori-ide\/phpstorm\/"]}]},{"@type":"ImageObject","inLanguage":"it-IT","@id":"https:\/\/www.accuratereviews.com\/it\/i-migliori-ide\/phpstorm\/#primaryimage","url":"http:\/\/www.accuratereviews.com\/wp-content\/uploads\/2017\/05\/phpstorm2.png","contentUrl":"http:\/\/www.accuratereviews.com\/wp-content\/uploads\/2017\/05\/phpstorm2.png"},{"@type":"BreadcrumbList","@id":"https:\/\/www.accuratereviews.com\/it\/i-migliori-ide\/phpstorm\/#breadcrumb","itemListElement":[{"@type":"ListItem","position":1,"name":"Home","item":"https:\/\/www.accuratereviews.com\/it\/"},{"@type":"ListItem","position":2,"name":"I migliori IDE","item":"https:\/\/www.accuratereviews.com\/it\/i-migliori-ide\/"},{"@type":"ListItem","position":3,"name":"PHPStorm"}]},{"@type":"WebSite","@id":"https:\/\/www.accuratereviews.com\/it\/#website","url":"https:\/\/www.accuratereviews.com\/it\/","name":"Accurate Reviews","description":"","potentialAction":[{"@type":"SearchAction","target":{"@type":"EntryPoint","urlTemplate":"https:\/\/www.accuratereviews.com\/it\/?s={search_term_string}"},"query-input":{"@type":"PropertyValueSpecification","valueRequired":true,"valueName":"search_term_string"}}],"inLanguage":"it-IT"}]}},"_links":{"self":[{"href":"https:\/\/www.accuratereviews.com\/it\/wp-json\/wp\/v2\/pages\/9854","targetHints":{"allow":["GET"]}}],"collection":[{"href":"https:\/\/www.accuratereviews.com\/it\/wp-json\/wp\/v2\/pages"}],"about":[{"href":"https:\/\/www.accuratereviews.com\/it\/wp-json\/wp\/v2\/types\/page"}],"author":[{"embeddable":true,"href":"https:\/\/www.accuratereviews.com\/it\/wp-json\/wp\/v2\/users\/16"}],"replies":[{"embeddable":true,"href":"https:\/\/www.accuratereviews.com\/it\/wp-json\/wp\/v2\/comments?post=9854"}],"version-history":[{"count":6,"href":"https:\/\/www.accuratereviews.com\/it\/wp-json\/wp\/v2\/pages\/9854\/revisions"}],"predecessor-version":[{"id":36392,"href":"https:\/\/www.accuratereviews.com\/it\/wp-json\/wp\/v2\/pages\/9854\/revisions\/36392"}],"up":[{"embeddable":true,"href":"https:\/\/www.accuratereviews.com\/it\/wp-json\/wp\/v2\/pages\/9773"}],"wp:attachment":[{"href":"https:\/\/www.accuratereviews.com\/it\/wp-json\/wp\/v2\/media?parent=9854"}],"wp:term":[{"taxonomy":"category","embeddable":true,"href":"https:\/\/www.accuratereviews.com\/it\/wp-json\/wp\/v2\/categories?post=9854"},{"taxonomy":"post_tag","embeddable":true,"href":"https:\/\/www.accuratereviews.com\/it\/wp-json\/wp\/v2\/tags?post=9854"},{"taxonomy":"features","embeddable":true,"href":"https:\/\/www.accuratereviews.com\/it\/wp-json\/wp\/v2\/features?post=9854"}],"curies":[{"name":"wp","href":"https:\/\/api.w.org\/{rel}","templated":true}]}}