{"id":99105,"date":"2025-09-01T14:09:22","date_gmt":"2025-09-01T14:09:22","guid":{"rendered":"https:\/\/www.accuratereviews.com\/?page_id=99105"},"modified":"2025-09-28T07:03:20","modified_gmt":"2025-09-28T07:03:20","slug":"beyond-identity-recensione","status":"publish","type":"page","link":"https:\/\/www.accuratereviews.com\/it\/software-sso\/beyond-identity-recensione\/","title":{"rendered":"Beyond Identity"},"content":{"rendered":"<p><strong>Beyond Identity <\/strong> \u00e8 un&#8217;azienda tecnologica focalizzata sulla fornitura di una piattaforma di autenticazione senza password. La piattaforma MFA invisibile e senza password consente alle aziende di<strong> proteggere l&#8217;accesso<\/strong> ad applicazioni e dati critici, bloccare gli attacchi ransomware e di furto di account, soddisfare i requisiti di conformit\u00e0 e migliorare notevolmente l&#8217;esperienza utente e i tassi di conversione. Il rivoluzionario approccio zero-trust all&#8217;autenticazione lega crittograficamente l&#8217;identit\u00e0 dell&#8217;utente al suo dispositivo e analizza costantemente centinaia di segnali di rischio per un&#8217;autenticazione basata sul rischio.<\/p>\n<h2>BEYOND IDENTITY &#8211; TUTORIAL<\/h2>\n<div id=\"fluid-wrapper-counter-1\" class=\"g1-fluid-wrapper \" style=\"width:686px;\">\n<div style=\"padding-bottom:56.268221574344%;\"><iframe loading=\"lazy\" title=\"Meet the New Beyond Identity\" width=\"686\" height=\"386\" src=\"https:\/\/www.youtube.com\/embed\/ejvsXkTnBco?feature=oembed&amp;wmode=transparent&amp;autohide=1&amp;autoplay=0&amp;disablekb=0&amp;fs=1&amp;loop=0&amp;enablejsapi=1&amp;rel=0&amp;controls=2&amp;showinfo=0&amp;wmode=transparent&amp;autohide=2&amp;autoplay=0&amp;disablekb=0&amp;fs=1&amp;loop=0&amp;enablejsapi=1&amp;rel=0&amp;controls=2&amp;showinfo=1\" frameborder=\"0\" allow=\"accelerometer; autoplay; clipboard-write; encrypted-media; gyroscope; picture-in-picture; web-share\" referrerpolicy=\"strict-origin-when-cross-origin\" allowfullscreen><\/iframe><\/div>\n<\/div>\n<h3>BEYOND IDENTITY &#8211; CARATTERISTICHE<\/h3>\n<ul>\n<li><strong>Elimina il tuo principale vettore di attacco<\/strong>: rimuovi le credenziali potenzialmente soggette a phishing e blocca l&#8217;accesso da dispositivi non conformi.<\/li>\n<li><strong>Privilegi minimi per le tue app pi\u00f9 critiche<\/strong>: definisci controlli di accesso precisi, app per app, in base ai ruoli e allo stato del dispositivo su ogni piattaforma e sistema operativo.<\/li>\n<li><strong>Nessun compromesso sulla produttivit\u00e0<\/strong>: gli utenti si autenticano con un solo gesto. Nessun codice. Nessun flusso di fallback. Nessun secondo dispositivo.<\/li>\n<li><strong>Autenticazione senza password su un singolo dispositivo<\/strong>: autentica gli utenti con credenziali anti-phishing e vincolate al dispositivo. Nessuna password, notifica push o OTP da intercettare.<\/li>\n<li><strong>Applicazione di policy granulari per app<\/strong>: imposta policy di accesso pi\u00f9 rigorose per app critiche come basi di codice, documenti IP e app finanziarie, in modo che solo l&#8217;utente giusto sul dispositivo giusto possa ottenere e mantenere l&#8217;accesso.<\/li>\n<li><strong>Affidabilit\u00e0 dei dispositivi integrata<\/strong>: blocca l&#8217;accesso da dispositivi non attendibili in base al livello di sicurezza: crittografia del disco, EDR, firewall, versione del sistema operativo e altro ancora. Nessun dispositivo trascurato, proteggi l&#8217;intera flotta, inclusi i dispositivi non gestiti.<\/li>\n<li><strong>Applicazione continua dei rischi<\/strong>: l&#8217;autenticazione non si ferma all&#8217;accesso. Valuta costantemente il rischio per dispositivi e utenti e revoca automaticamente l&#8217;accesso in caso di modifica del livello di sicurezza.<\/li>\n<li><strong>Integrazione sicura con il tuo stack<\/strong>: blocca l&#8217;accesso all&#8217;istante quando EDR, MDM o ZTNA segnalano un rischio sul dispositivo.<\/li>\n<\/ul>\n<h4>LE RECENSIONI DEGLI UTENTI<\/h4>\n<p><strong>Nathaniel &#8220;Recensione di Beyond Identity&#8221;<\/strong><br \/>\n<strong>Pro<\/strong> Essendo l&#8217;amministratore interno di Beyond Identity, ho trovato semplice implementare e registrare tutti all&#8217;app di autenticazione. \u00c8 perfetto, perch\u00e9 l&#8217;ho implementato in pochi minuti: tutto quello che ho dovuto fare \u00e8 stato assegnare un utente a un gruppo nella nostra soluzione IAM e Beyond Identity ha inviato automaticamente agli utenti delle email con i passaggi per registrarsi all&#8217;app di autenticazione. Non appena l&#8217;hanno registrata, ha attivato l&#8217;opzione per consentire agli utenti di autenticarsi senza password, anzich\u00e9 dover utilizzare nome utente, password e metodo MFA. Oltre a questo, Beyond Identity dispone anche di un ambiente gestito, quindi posso creare policy basate sul rischio per stabilire come e quando gli utenti possono autenticarsi quando utilizzano l&#8217;app di autenticazione. Dal punto di vista dell&#8217;utente finale, Beyond Identity mi semplifica notevolmente la vita! Non ho pi\u00f9 bisogno di usare il mio cellulare per autenticarmi nelle mie applicazioni, questo mi permette di accedere rapidamente invece di dover usare una password e il mio cellulare per accedere al mio account.<br \/>\n<strong>Contro<\/strong>: Aggiornamenti quotidiani, questo pu\u00f2 essere un po&#8217; fastidioso ma \u00e8 comprensibile perch\u00e9 il prodotto sta diventando sempre pi\u00f9 potente.<\/p>\n<p><strong>Dan &#8220;Ottimo software, con un ottimo servizio clienti&#8221;<\/strong><br \/>\n<strong>Pro<\/strong>: Facile da configurare, facile da gestire, facile da usare!<br \/>\n<strong>Contro<\/strong>: Non mi viene in mente nulla, tutti i problemi che abbiamo avuto con la configurazione o la compatibilit\u00e0 con la nostra rete interna sono stati risolti<\/p>\n<p><strong>Russell &#8220;sicurezza di base&#8221;&#8221;<\/strong><br \/>\n<strong>Pro<\/strong>: efficacia, facilit\u00e0 d&#8217;uso, copertura della piattaforma<br \/>\n<strong>Contro<\/strong>: Non ci sono stati problemi, ha fatto quello che volevo<\/p>\n","protected":false},"excerpt":{"rendered":"<p>Beyond Identity \u00e8 un&#8217;azienda tecnologica focalizzata sulla fornitura di una piattaforma di autenticazione senza password. La piattaforma MFA invisibile e senza password consente alle aziende di proteggere l&#8217;accesso ad applicazioni e dati critici, bloccare gli attacchi ransomware e di furto di account, soddisfare i requisiti di conformit\u00e0 e migliorare notevolmente l&#8217;esperienza utente e i tassi di conversione.<\/p>\n","protected":false},"author":19,"featured_media":99111,"parent":97817,"menu_order":0,"comment_status":"open","ping_status":"closed","template":"g1_template_page_review_new.php","meta":{"_acf_changed":false,"cwp_meta_box_check":"No","cwp_rev_product_name":"","cwp_rev_product_image":"","wppr_links":[],"cwp_rev_price":"","wppr_options":[],"wppr_pros":[],"wppr_cons":[],"_monsterinsights_skip_tracking":false,"_monsterinsights_sitenote_active":false,"_monsterinsights_sitenote_note":"","_monsterinsights_sitenote_category":0,"footnotes":""},"categories":[16466],"tags":[16543,16464,16463,16461,16471,16462,16469],"features":[],"class_list":{"0":"post-99105","1":"page","2":"type-page","3":"status-publish","4":"has-post-thumbnail","6":"category-software-sso-cat","7":"tag-beyond-identity","8":"tag-piattaforma-sso","9":"tag-programma-sso","10":"tag-single-sign-on","11":"tag-software-sso-single-sign-on","12":"tag-soluzione-sso","13":"tag-sso"},"wppr_data":{"cwp_meta_box_check":"No"},"acf":[],"yoast_head":"<!-- This site is optimized with the Yoast SEO plugin v27.4 - https:\/\/yoast.com\/product\/yoast-seo-wordpress\/ -->\n<title>Beyond Identity: recensione software SSO - Accurate Reviews<\/title>\n<meta name=\"description\" content=\"Beyond Identity: recensione programma SSO focalizzato sulla fornitura di una piattaforma di autenticazione senza password.\" \/>\n<meta name=\"robots\" content=\"index, follow, max-snippet:-1, max-image-preview:large, max-video-preview:-1\" \/>\n<link rel=\"canonical\" href=\"https:\/\/www.accuratereviews.com\/it\/software-sso\/beyond-identity-recensione\/\" \/>\n<meta property=\"og:locale\" content=\"it_IT\" \/>\n<meta property=\"og:type\" content=\"article\" \/>\n<meta property=\"og:title\" content=\"Beyond Identity: recensione software SSO - Accurate Reviews\" \/>\n<meta property=\"og:description\" content=\"Beyond Identity: recensione programma SSO focalizzato sulla fornitura di una piattaforma di autenticazione senza password.\" \/>\n<meta property=\"og:url\" content=\"https:\/\/www.accuratereviews.com\/it\/software-sso\/beyond-identity-recensione\/\" \/>\n<meta property=\"og:site_name\" content=\"Accurate Reviews\" \/>\n<meta property=\"article:modified_time\" content=\"2025-09-28T07:03:20+00:00\" \/>\n<meta property=\"og:image\" content=\"https:\/\/www.accuratereviews.com\/wp-content\/uploads\/2025\/09\/Beyond-Identity.png\" \/>\n\t<meta property=\"og:image:width\" content=\"216\" \/>\n\t<meta property=\"og:image:height\" content=\"216\" \/>\n\t<meta property=\"og:image:type\" content=\"image\/png\" \/>\n<meta name=\"twitter:card\" content=\"summary_large_image\" \/>\n<meta name=\"twitter:label1\" content=\"Tempo di lettura stimato\" \/>\n\t<meta name=\"twitter:data1\" content=\"4 minuti\" \/>\n<script type=\"application\/ld+json\" class=\"yoast-schema-graph\">{\"@context\":\"https:\\\/\\\/schema.org\",\"@graph\":[{\"@type\":\"WebPage\",\"@id\":\"https:\\\/\\\/www.accuratereviews.com\\\/it\\\/software-sso\\\/beyond-identity-recensione\\\/\",\"url\":\"https:\\\/\\\/www.accuratereviews.com\\\/it\\\/software-sso\\\/beyond-identity-recensione\\\/\",\"name\":\"Beyond Identity: recensione software SSO - Accurate Reviews\",\"isPartOf\":{\"@id\":\"https:\\\/\\\/www.accuratereviews.com\\\/it\\\/#website\"},\"primaryImageOfPage\":{\"@id\":\"https:\\\/\\\/www.accuratereviews.com\\\/it\\\/software-sso\\\/beyond-identity-recensione\\\/#primaryimage\"},\"image\":{\"@id\":\"https:\\\/\\\/www.accuratereviews.com\\\/it\\\/software-sso\\\/beyond-identity-recensione\\\/#primaryimage\"},\"thumbnailUrl\":\"https:\\\/\\\/www.accuratereviews.com\\\/wp-content\\\/uploads\\\/2025\\\/09\\\/Beyond-Identity.png\",\"datePublished\":\"2025-09-01T14:09:22+00:00\",\"dateModified\":\"2025-09-28T07:03:20+00:00\",\"description\":\"Beyond Identity: recensione programma SSO focalizzato sulla fornitura di una piattaforma di autenticazione senza password.\",\"breadcrumb\":{\"@id\":\"https:\\\/\\\/www.accuratereviews.com\\\/it\\\/software-sso\\\/beyond-identity-recensione\\\/#breadcrumb\"},\"inLanguage\":\"it-IT\",\"potentialAction\":[{\"@type\":\"ReadAction\",\"target\":[\"https:\\\/\\\/www.accuratereviews.com\\\/it\\\/software-sso\\\/beyond-identity-recensione\\\/\"]}]},{\"@type\":\"ImageObject\",\"inLanguage\":\"it-IT\",\"@id\":\"https:\\\/\\\/www.accuratereviews.com\\\/it\\\/software-sso\\\/beyond-identity-recensione\\\/#primaryimage\",\"url\":\"https:\\\/\\\/www.accuratereviews.com\\\/wp-content\\\/uploads\\\/2025\\\/09\\\/Beyond-Identity.png\",\"contentUrl\":\"https:\\\/\\\/www.accuratereviews.com\\\/wp-content\\\/uploads\\\/2025\\\/09\\\/Beyond-Identity.png\",\"width\":216,\"height\":216},{\"@type\":\"BreadcrumbList\",\"@id\":\"https:\\\/\\\/www.accuratereviews.com\\\/it\\\/software-sso\\\/beyond-identity-recensione\\\/#breadcrumb\",\"itemListElement\":[{\"@type\":\"ListItem\",\"position\":1,\"name\":\"Home\",\"item\":\"https:\\\/\\\/www.accuratereviews.com\\\/it\\\/\"},{\"@type\":\"ListItem\",\"position\":2,\"name\":\"Software SSO (Single Sign-On)\",\"item\":\"https:\\\/\\\/www.accuratereviews.com\\\/it\\\/software-sso\\\/\"},{\"@type\":\"ListItem\",\"position\":3,\"name\":\"Beyond Identity\"}]},{\"@type\":\"WebSite\",\"@id\":\"https:\\\/\\\/www.accuratereviews.com\\\/it\\\/#website\",\"url\":\"https:\\\/\\\/www.accuratereviews.com\\\/it\\\/\",\"name\":\"Accurate Reviews\",\"description\":\"\",\"potentialAction\":[{\"@type\":\"SearchAction\",\"target\":{\"@type\":\"EntryPoint\",\"urlTemplate\":\"https:\\\/\\\/www.accuratereviews.com\\\/it\\\/?s={search_term_string}\"},\"query-input\":{\"@type\":\"PropertyValueSpecification\",\"valueRequired\":true,\"valueName\":\"search_term_string\"}}],\"inLanguage\":\"it-IT\"}]}<\/script>\n<!-- \/ Yoast SEO plugin. -->","yoast_head_json":{"title":"Beyond Identity: recensione software SSO - Accurate Reviews","description":"Beyond Identity: recensione programma SSO focalizzato sulla fornitura di una piattaforma di autenticazione senza password.","robots":{"index":"index","follow":"follow","max-snippet":"max-snippet:-1","max-image-preview":"max-image-preview:large","max-video-preview":"max-video-preview:-1"},"canonical":"https:\/\/www.accuratereviews.com\/it\/software-sso\/beyond-identity-recensione\/","og_locale":"it_IT","og_type":"article","og_title":"Beyond Identity: recensione software SSO - Accurate Reviews","og_description":"Beyond Identity: recensione programma SSO focalizzato sulla fornitura di una piattaforma di autenticazione senza password.","og_url":"https:\/\/www.accuratereviews.com\/it\/software-sso\/beyond-identity-recensione\/","og_site_name":"Accurate Reviews","article_modified_time":"2025-09-28T07:03:20+00:00","og_image":[{"width":216,"height":216,"url":"https:\/\/www.accuratereviews.com\/wp-content\/uploads\/2025\/09\/Beyond-Identity.png","type":"image\/png"}],"twitter_card":"summary_large_image","twitter_misc":{"Tempo di lettura stimato":"4 minuti"},"schema":{"@context":"https:\/\/schema.org","@graph":[{"@type":"WebPage","@id":"https:\/\/www.accuratereviews.com\/it\/software-sso\/beyond-identity-recensione\/","url":"https:\/\/www.accuratereviews.com\/it\/software-sso\/beyond-identity-recensione\/","name":"Beyond Identity: recensione software SSO - Accurate Reviews","isPartOf":{"@id":"https:\/\/www.accuratereviews.com\/it\/#website"},"primaryImageOfPage":{"@id":"https:\/\/www.accuratereviews.com\/it\/software-sso\/beyond-identity-recensione\/#primaryimage"},"image":{"@id":"https:\/\/www.accuratereviews.com\/it\/software-sso\/beyond-identity-recensione\/#primaryimage"},"thumbnailUrl":"https:\/\/www.accuratereviews.com\/wp-content\/uploads\/2025\/09\/Beyond-Identity.png","datePublished":"2025-09-01T14:09:22+00:00","dateModified":"2025-09-28T07:03:20+00:00","description":"Beyond Identity: recensione programma SSO focalizzato sulla fornitura di una piattaforma di autenticazione senza password.","breadcrumb":{"@id":"https:\/\/www.accuratereviews.com\/it\/software-sso\/beyond-identity-recensione\/#breadcrumb"},"inLanguage":"it-IT","potentialAction":[{"@type":"ReadAction","target":["https:\/\/www.accuratereviews.com\/it\/software-sso\/beyond-identity-recensione\/"]}]},{"@type":"ImageObject","inLanguage":"it-IT","@id":"https:\/\/www.accuratereviews.com\/it\/software-sso\/beyond-identity-recensione\/#primaryimage","url":"https:\/\/www.accuratereviews.com\/wp-content\/uploads\/2025\/09\/Beyond-Identity.png","contentUrl":"https:\/\/www.accuratereviews.com\/wp-content\/uploads\/2025\/09\/Beyond-Identity.png","width":216,"height":216},{"@type":"BreadcrumbList","@id":"https:\/\/www.accuratereviews.com\/it\/software-sso\/beyond-identity-recensione\/#breadcrumb","itemListElement":[{"@type":"ListItem","position":1,"name":"Home","item":"https:\/\/www.accuratereviews.com\/it\/"},{"@type":"ListItem","position":2,"name":"Software SSO (Single Sign-On)","item":"https:\/\/www.accuratereviews.com\/it\/software-sso\/"},{"@type":"ListItem","position":3,"name":"Beyond Identity"}]},{"@type":"WebSite","@id":"https:\/\/www.accuratereviews.com\/it\/#website","url":"https:\/\/www.accuratereviews.com\/it\/","name":"Accurate Reviews","description":"","potentialAction":[{"@type":"SearchAction","target":{"@type":"EntryPoint","urlTemplate":"https:\/\/www.accuratereviews.com\/it\/?s={search_term_string}"},"query-input":{"@type":"PropertyValueSpecification","valueRequired":true,"valueName":"search_term_string"}}],"inLanguage":"it-IT"}]}},"_links":{"self":[{"href":"https:\/\/www.accuratereviews.com\/it\/wp-json\/wp\/v2\/pages\/99105","targetHints":{"allow":["GET"]}}],"collection":[{"href":"https:\/\/www.accuratereviews.com\/it\/wp-json\/wp\/v2\/pages"}],"about":[{"href":"https:\/\/www.accuratereviews.com\/it\/wp-json\/wp\/v2\/types\/page"}],"author":[{"embeddable":true,"href":"https:\/\/www.accuratereviews.com\/it\/wp-json\/wp\/v2\/users\/19"}],"replies":[{"embeddable":true,"href":"https:\/\/www.accuratereviews.com\/it\/wp-json\/wp\/v2\/comments?post=99105"}],"version-history":[{"count":9,"href":"https:\/\/www.accuratereviews.com\/it\/wp-json\/wp\/v2\/pages\/99105\/revisions"}],"predecessor-version":[{"id":103962,"href":"https:\/\/www.accuratereviews.com\/it\/wp-json\/wp\/v2\/pages\/99105\/revisions\/103962"}],"up":[{"embeddable":true,"href":"https:\/\/www.accuratereviews.com\/it\/wp-json\/wp\/v2\/pages\/97817"}],"wp:featuredmedia":[{"embeddable":true,"href":"https:\/\/www.accuratereviews.com\/it\/wp-json\/wp\/v2\/media\/99111"}],"wp:attachment":[{"href":"https:\/\/www.accuratereviews.com\/it\/wp-json\/wp\/v2\/media?parent=99105"}],"wp:term":[{"taxonomy":"category","embeddable":true,"href":"https:\/\/www.accuratereviews.com\/it\/wp-json\/wp\/v2\/categories?post=99105"},{"taxonomy":"post_tag","embeddable":true,"href":"https:\/\/www.accuratereviews.com\/it\/wp-json\/wp\/v2\/tags?post=99105"},{"taxonomy":"features","embeddable":true,"href":"https:\/\/www.accuratereviews.com\/it\/wp-json\/wp\/v2\/features?post=99105"}],"curies":[{"name":"wp","href":"https:\/\/api.w.org\/{rel}","templated":true}]}}