{"id":9920,"date":"2017-06-05T13:54:53","date_gmt":"2017-06-05T13:54:53","guid":{"rendered":"http:\/\/www.accuratereviews.com\/software-di-gestione-disco-lista\/disk-cleaner\/"},"modified":"2017-06-05T14:26:55","modified_gmt":"2017-06-05T14:26:55","slug":"disk-cleaner","status":"publish","type":"page","link":"https:\/\/www.accuratereviews.com\/it\/software-di-gestione-disco-lista\/disk-cleaner\/","title":{"rendered":"Disk Cleaner &#8211; Free Your Hard Drive Space"},"content":{"rendered":"<p><img loading=\"lazy\" decoding=\"async\" src=\"http:\/\/www.accuratereviews.com\/wp-content\/uploads\/2017\/06\/Disk_Cleaner.jpg\" alt=\"Disk Cleaner\" width=\"1276\" height=\"1356\" class=\"alignnone size-full wp-image-9916\" srcset=\"https:\/\/www.accuratereviews.com\/wp-content\/uploads\/2017\/06\/Disk_Cleaner.jpg 1276w, https:\/\/www.accuratereviews.com\/wp-content\/uploads\/2017\/06\/Disk_Cleaner-282x300.jpg 282w, https:\/\/www.accuratereviews.com\/wp-content\/uploads\/2017\/06\/Disk_Cleaner-768x816.jpg 768w, https:\/\/www.accuratereviews.com\/wp-content\/uploads\/2017\/06\/Disk_Cleaner-964x1024.jpg 964w, https:\/\/www.accuratereviews.com\/wp-content\/uploads\/2017\/06\/Disk_Cleaner-118x125.jpg 118w, https:\/\/www.accuratereviews.com\/wp-content\/uploads\/2017\/06\/Disk_Cleaner-47x50.jpg 47w, https:\/\/www.accuratereviews.com\/wp-content\/uploads\/2017\/06\/Disk_Cleaner-968x1029.jpg 968w, https:\/\/www.accuratereviews.com\/wp-content\/uploads\/2017\/06\/Disk_Cleaner-636x676.jpg 636w, https:\/\/www.accuratereviews.com\/wp-content\/uploads\/2017\/06\/Disk_Cleaner-320x340.jpg 320w, https:\/\/www.accuratereviews.com\/wp-content\/uploads\/2017\/06\/Disk_Cleaner-239x254.jpg 239w\" sizes=\"auto, (max-width: 1276px) 100vw, 1276px\" \/><\/p>\n<p>A nessuno piace passare del tempo pulendo, che si tratti di pulizie reali o \u201cvirtuali\u201d. Pensiamo infatti a <strong>tutto quello che si accumula sui nostri Mac nel corso del tempo<\/strong>: tutti i file di cache, i vecchi software utilizzati mezza volta, i download mai aperti, dati che occupano spazio senza alcun motivo. Tutte queste cose si accumulano nell\u2019hard drive nel corso del tempo, occupando spazio, in attesa che <strong>vengano ripuliti per recuperare GB ma anche per velocizzare un po\u2019 le prestazioni del Mac<\/strong>. <\/p>\n<p>Perch\u00e9 farlo a mano, perdendo un mare di tempo, quando esistono letteralmente un centinaio di <strong>applicazioni per la pulizia del disco del Mac<\/strong> che ci aiutano a farlo in pochi click? <strong>Disk Cleaner \u2013 Free Your Hard Drive Space<\/strong> \u00e8 una delle scelte migliori che si possano fare tra tutte quelle offerte. <\/p>\n<p><strong>Disk Cleaner infatti ripulisce il Mac da ogni sorta di file inutile<\/strong>: logs, file di cache, dati del browser, download inutili, file nel cestino dimenticati, download effettuati tramite Mail e via dicendo. <strong>Il software \u00e8 anche personalizzabile<\/strong>: \u00e8 possibile cambiare le preferenze di ricerca per escludere un tipo di file in particolare, tipo .zip o .jpegs. <\/p>\n<p>Possiamo inoltre chiedergli di <strong>cercare i file obsoleti per dimensione<\/strong>, cos\u00ec da eliminare vecchi software installati di cui ci siamo addirittura dimenticati. Pensiamo ad esempio ai giochi che proviamo e lasciamo dopo qualche livello: rimangono ad occupare MB che potrebbero essere utili per altro. <\/p>\n<p>Il processo di pulizia di Disk Cleaner viene mostrato tramite un\u2019interfaccia semplice e colorata, perfetta per utenti di qualsiasi esperienza. Un altro aspetto positivo di questo software <strong>\u00e8 che \u00e8 molto rapido<\/strong>: analizza e ripulisce circa un gigabyte al secondo. Ripulire un Mac diventa cos\u00ec estremamente rapido.<\/p>\n<p>L\u2019applicazione Disk Cleaner \u2013 Free Your Hard Drive Space \u00e8 disponibile solo per Mac, \u00e8 stata aggiornata al 2017, fa quello che promette ed \u00e8 decisamente rapida. Il costo completo \u00e8 di 19.99$, una cifra considerevole per un software per la pulizia del disco, ma Pocket Bills lo offre molto spesso a cifre scontatissime. <\/p>\n","protected":false},"excerpt":{"rendered":"<p>A nessuno piace passare del tempo pulendo, che si tratti di pulizie reali o \u201cvirtuali\u201d. Pensiamo infatti a tutto quello che si accumula sui nostri Mac nel corso del tempo: tutti i file di cache, i vecchi software utilizzati mezza volta, i download mai aperti, dati che occupano spazio senza alcun motivo.<\/p>\n","protected":false},"author":16,"featured_media":0,"parent":6963,"menu_order":0,"comment_status":"open","ping_status":"closed","template":"g1_template_page_review_new.php","meta":{"_acf_changed":false,"cwp_meta_box_check":"Yes","cwp_rev_product_name":"","cwp_rev_product_image":"","wppr_links":[],"cwp_rev_price":"","wppr_options":[],"wppr_pros":[],"wppr_cons":[],"_monsterinsights_skip_tracking":false,"_monsterinsights_sitenote_active":false,"_monsterinsights_sitenote_note":"","_monsterinsights_sitenote_category":0,"footnotes":""},"categories":[157],"tags":[],"features":[],"class_list":{"0":"post-9920","1":"page","2":"type-page","3":"status-publish","5":"category-gestione-disco"},"wppr_data":{"cwp_meta_box_check":"Yes","cwp_rev_product_name":"","cwp_rev_product_image":"","cwp_image_link":"image","cwp_rev_price":"","wppr_rating":"0.00"},"acf":[],"yoast_head":"<!-- This site is optimized with the Yoast SEO plugin v27.4 - https:\/\/yoast.com\/product\/yoast-seo-wordpress\/ -->\n<title>Disk Cleaner - Free Your Hard Drive Space | Software Gestione Disco<\/title>\n<meta name=\"description\" content=\"Disk Cleaner \u00e8 un software rapido, personalizzabile ed efficiente per la pulizia del disco sui vostri Mac. L&#039;applicazione vanta una UI di design.\" \/>\n<meta name=\"robots\" content=\"index, follow, max-snippet:-1, max-image-preview:large, max-video-preview:-1\" \/>\n<link rel=\"canonical\" href=\"https:\/\/www.accuratereviews.com\/it\/software-di-gestione-disco-lista\/disk-cleaner\/\" \/>\n<meta property=\"og:locale\" content=\"it_IT\" \/>\n<meta property=\"og:type\" content=\"article\" \/>\n<meta property=\"og:title\" content=\"Disk Cleaner - Free Your Hard Drive Space | Software Gestione Disco\" \/>\n<meta property=\"og:description\" content=\"Disk Cleaner \u00e8 un software rapido, personalizzabile ed efficiente per la pulizia del disco sui vostri Mac. L&#039;applicazione vanta una UI di design.\" \/>\n<meta property=\"og:url\" content=\"https:\/\/www.accuratereviews.com\/it\/software-di-gestione-disco-lista\/disk-cleaner\/\" \/>\n<meta property=\"og:site_name\" content=\"Accurate Reviews\" \/>\n<meta property=\"article:modified_time\" content=\"2017-06-05T14:26:55+00:00\" \/>\n<meta property=\"og:image\" content=\"http:\/\/www.accuratereviews.com\/wp-content\/uploads\/2017\/06\/Disk_Cleaner.jpg\" \/>\n<meta name=\"twitter:card\" content=\"summary_large_image\" \/>\n<meta name=\"twitter:label1\" content=\"Tempo di lettura stimato\" \/>\n\t<meta name=\"twitter:data1\" content=\"2 minuti\" \/>\n<script type=\"application\/ld+json\" class=\"yoast-schema-graph\">{\"@context\":\"https:\\\/\\\/schema.org\",\"@graph\":[{\"@type\":\"WebPage\",\"@id\":\"https:\\\/\\\/www.accuratereviews.com\\\/it\\\/software-di-gestione-disco-lista\\\/disk-cleaner\\\/\",\"url\":\"https:\\\/\\\/www.accuratereviews.com\\\/it\\\/software-di-gestione-disco-lista\\\/disk-cleaner\\\/\",\"name\":\"Disk Cleaner - Free Your Hard Drive Space | Software Gestione Disco\",\"isPartOf\":{\"@id\":\"https:\\\/\\\/www.accuratereviews.com\\\/it\\\/#website\"},\"primaryImageOfPage\":{\"@id\":\"https:\\\/\\\/www.accuratereviews.com\\\/it\\\/software-di-gestione-disco-lista\\\/disk-cleaner\\\/#primaryimage\"},\"image\":{\"@id\":\"https:\\\/\\\/www.accuratereviews.com\\\/it\\\/software-di-gestione-disco-lista\\\/disk-cleaner\\\/#primaryimage\"},\"thumbnailUrl\":\"http:\\\/\\\/www.accuratereviews.com\\\/wp-content\\\/uploads\\\/2017\\\/06\\\/Disk_Cleaner.jpg\",\"datePublished\":\"2017-06-05T13:54:53+00:00\",\"dateModified\":\"2017-06-05T14:26:55+00:00\",\"description\":\"Disk Cleaner \u00e8 un software rapido, personalizzabile ed efficiente per la pulizia del disco sui vostri Mac. L'applicazione vanta una UI di design.\",\"breadcrumb\":{\"@id\":\"https:\\\/\\\/www.accuratereviews.com\\\/it\\\/software-di-gestione-disco-lista\\\/disk-cleaner\\\/#breadcrumb\"},\"inLanguage\":\"it-IT\",\"potentialAction\":[{\"@type\":\"ReadAction\",\"target\":[\"https:\\\/\\\/www.accuratereviews.com\\\/it\\\/software-di-gestione-disco-lista\\\/disk-cleaner\\\/\"]}]},{\"@type\":\"ImageObject\",\"inLanguage\":\"it-IT\",\"@id\":\"https:\\\/\\\/www.accuratereviews.com\\\/it\\\/software-di-gestione-disco-lista\\\/disk-cleaner\\\/#primaryimage\",\"url\":\"http:\\\/\\\/www.accuratereviews.com\\\/wp-content\\\/uploads\\\/2017\\\/06\\\/Disk_Cleaner.jpg\",\"contentUrl\":\"http:\\\/\\\/www.accuratereviews.com\\\/wp-content\\\/uploads\\\/2017\\\/06\\\/Disk_Cleaner.jpg\"},{\"@type\":\"BreadcrumbList\",\"@id\":\"https:\\\/\\\/www.accuratereviews.com\\\/it\\\/software-di-gestione-disco-lista\\\/disk-cleaner\\\/#breadcrumb\",\"itemListElement\":[{\"@type\":\"ListItem\",\"position\":1,\"name\":\"Home\",\"item\":\"https:\\\/\\\/www.accuratereviews.com\\\/it\\\/\"},{\"@type\":\"ListItem\",\"position\":2,\"name\":\"Software di gestione disco\",\"item\":\"https:\\\/\\\/www.accuratereviews.com\\\/it\\\/software-di-gestione-disco-lista\\\/\"},{\"@type\":\"ListItem\",\"position\":3,\"name\":\"Disk Cleaner &#8211; Free Your Hard Drive Space\"}]},{\"@type\":\"WebSite\",\"@id\":\"https:\\\/\\\/www.accuratereviews.com\\\/it\\\/#website\",\"url\":\"https:\\\/\\\/www.accuratereviews.com\\\/it\\\/\",\"name\":\"Accurate Reviews\",\"description\":\"\",\"potentialAction\":[{\"@type\":\"SearchAction\",\"target\":{\"@type\":\"EntryPoint\",\"urlTemplate\":\"https:\\\/\\\/www.accuratereviews.com\\\/it\\\/?s={search_term_string}\"},\"query-input\":{\"@type\":\"PropertyValueSpecification\",\"valueRequired\":true,\"valueName\":\"search_term_string\"}}],\"inLanguage\":\"it-IT\"}]}<\/script>\n<!-- \/ Yoast SEO plugin. -->","yoast_head_json":{"title":"Disk Cleaner - Free Your Hard Drive Space | Software Gestione Disco","description":"Disk Cleaner \u00e8 un software rapido, personalizzabile ed efficiente per la pulizia del disco sui vostri Mac. L'applicazione vanta una UI di design.","robots":{"index":"index","follow":"follow","max-snippet":"max-snippet:-1","max-image-preview":"max-image-preview:large","max-video-preview":"max-video-preview:-1"},"canonical":"https:\/\/www.accuratereviews.com\/it\/software-di-gestione-disco-lista\/disk-cleaner\/","og_locale":"it_IT","og_type":"article","og_title":"Disk Cleaner - Free Your Hard Drive Space | Software Gestione Disco","og_description":"Disk Cleaner \u00e8 un software rapido, personalizzabile ed efficiente per la pulizia del disco sui vostri Mac. L'applicazione vanta una UI di design.","og_url":"https:\/\/www.accuratereviews.com\/it\/software-di-gestione-disco-lista\/disk-cleaner\/","og_site_name":"Accurate Reviews","article_modified_time":"2017-06-05T14:26:55+00:00","og_image":[{"url":"http:\/\/www.accuratereviews.com\/wp-content\/uploads\/2017\/06\/Disk_Cleaner.jpg","type":"","width":"","height":""}],"twitter_card":"summary_large_image","twitter_misc":{"Tempo di lettura stimato":"2 minuti"},"schema":{"@context":"https:\/\/schema.org","@graph":[{"@type":"WebPage","@id":"https:\/\/www.accuratereviews.com\/it\/software-di-gestione-disco-lista\/disk-cleaner\/","url":"https:\/\/www.accuratereviews.com\/it\/software-di-gestione-disco-lista\/disk-cleaner\/","name":"Disk Cleaner - Free Your Hard Drive Space | Software Gestione Disco","isPartOf":{"@id":"https:\/\/www.accuratereviews.com\/it\/#website"},"primaryImageOfPage":{"@id":"https:\/\/www.accuratereviews.com\/it\/software-di-gestione-disco-lista\/disk-cleaner\/#primaryimage"},"image":{"@id":"https:\/\/www.accuratereviews.com\/it\/software-di-gestione-disco-lista\/disk-cleaner\/#primaryimage"},"thumbnailUrl":"http:\/\/www.accuratereviews.com\/wp-content\/uploads\/2017\/06\/Disk_Cleaner.jpg","datePublished":"2017-06-05T13:54:53+00:00","dateModified":"2017-06-05T14:26:55+00:00","description":"Disk Cleaner \u00e8 un software rapido, personalizzabile ed efficiente per la pulizia del disco sui vostri Mac. L'applicazione vanta una UI di design.","breadcrumb":{"@id":"https:\/\/www.accuratereviews.com\/it\/software-di-gestione-disco-lista\/disk-cleaner\/#breadcrumb"},"inLanguage":"it-IT","potentialAction":[{"@type":"ReadAction","target":["https:\/\/www.accuratereviews.com\/it\/software-di-gestione-disco-lista\/disk-cleaner\/"]}]},{"@type":"ImageObject","inLanguage":"it-IT","@id":"https:\/\/www.accuratereviews.com\/it\/software-di-gestione-disco-lista\/disk-cleaner\/#primaryimage","url":"http:\/\/www.accuratereviews.com\/wp-content\/uploads\/2017\/06\/Disk_Cleaner.jpg","contentUrl":"http:\/\/www.accuratereviews.com\/wp-content\/uploads\/2017\/06\/Disk_Cleaner.jpg"},{"@type":"BreadcrumbList","@id":"https:\/\/www.accuratereviews.com\/it\/software-di-gestione-disco-lista\/disk-cleaner\/#breadcrumb","itemListElement":[{"@type":"ListItem","position":1,"name":"Home","item":"https:\/\/www.accuratereviews.com\/it\/"},{"@type":"ListItem","position":2,"name":"Software di gestione disco","item":"https:\/\/www.accuratereviews.com\/it\/software-di-gestione-disco-lista\/"},{"@type":"ListItem","position":3,"name":"Disk Cleaner &#8211; Free Your Hard Drive Space"}]},{"@type":"WebSite","@id":"https:\/\/www.accuratereviews.com\/it\/#website","url":"https:\/\/www.accuratereviews.com\/it\/","name":"Accurate Reviews","description":"","potentialAction":[{"@type":"SearchAction","target":{"@type":"EntryPoint","urlTemplate":"https:\/\/www.accuratereviews.com\/it\/?s={search_term_string}"},"query-input":{"@type":"PropertyValueSpecification","valueRequired":true,"valueName":"search_term_string"}}],"inLanguage":"it-IT"}]}},"_links":{"self":[{"href":"https:\/\/www.accuratereviews.com\/it\/wp-json\/wp\/v2\/pages\/9920","targetHints":{"allow":["GET"]}}],"collection":[{"href":"https:\/\/www.accuratereviews.com\/it\/wp-json\/wp\/v2\/pages"}],"about":[{"href":"https:\/\/www.accuratereviews.com\/it\/wp-json\/wp\/v2\/types\/page"}],"author":[{"embeddable":true,"href":"https:\/\/www.accuratereviews.com\/it\/wp-json\/wp\/v2\/users\/16"}],"replies":[{"embeddable":true,"href":"https:\/\/www.accuratereviews.com\/it\/wp-json\/wp\/v2\/comments?post=9920"}],"version-history":[{"count":2,"href":"https:\/\/www.accuratereviews.com\/it\/wp-json\/wp\/v2\/pages\/9920\/revisions"}],"predecessor-version":[{"id":9922,"href":"https:\/\/www.accuratereviews.com\/it\/wp-json\/wp\/v2\/pages\/9920\/revisions\/9922"}],"up":[{"embeddable":true,"href":"https:\/\/www.accuratereviews.com\/it\/wp-json\/wp\/v2\/pages\/6963"}],"wp:attachment":[{"href":"https:\/\/www.accuratereviews.com\/it\/wp-json\/wp\/v2\/media?parent=9920"}],"wp:term":[{"taxonomy":"category","embeddable":true,"href":"https:\/\/www.accuratereviews.com\/it\/wp-json\/wp\/v2\/categories?post=9920"},{"taxonomy":"post_tag","embeddable":true,"href":"https:\/\/www.accuratereviews.com\/it\/wp-json\/wp\/v2\/tags?post=9920"},{"taxonomy":"features","embeddable":true,"href":"https:\/\/www.accuratereviews.com\/it\/wp-json\/wp\/v2\/features?post=9920"}],"curies":[{"name":"wp","href":"https:\/\/api.w.org\/{rel}","templated":true}]}}