{"id":99366,"date":"2025-09-02T13:33:29","date_gmt":"2025-09-02T13:33:29","guid":{"rendered":"https:\/\/www.accuratereviews.com\/?page_id=99366"},"modified":"2025-09-02T13:33:29","modified_gmt":"2025-09-02T13:33:29","slug":"contract-logix-recensione","status":"publish","type":"page","link":"https:\/\/www.accuratereviews.com\/it\/software-gestione-contratti\/contract-logix-recensione\/","title":{"rendered":"Contract Logix"},"content":{"rendered":"<p data-start=\"155\" data-end=\"596\"><strong>Contract Logix<\/strong> \u00e8 una <strong>piattaforma di Contract Lifecycle Management (CLM)<\/strong> data-driven pensata per controllare efficacemente tutte le fasi contrattuali: dalla creazione alla firma, fino alla gestione delle scadenze e alla compliance. Utilizzato in settori regolamentati (sanit\u00e0, biotech, energia, logistica, istruzione), mette a disposizione un&#8217;interfaccia intuitiva, automazioni governabili, estrazione intelligente dei dati e report dinamici.<br \/>\nLa soluzione punta su una configurazione no-code via drag-and-drop per flussi, modelli e dashboard, riducendo la dipendenza da reparto IT. Con il suo repository centralizzato e sicuro, notifiche automatiche e collaborazione in tempo reale tramite <strong>\u201cCollaboration Room\u201d<\/strong>, consente a team legali, procurement, finance e vendite di lavorare in sinergia e in piena visibilit\u00e0. A ci\u00f2 si aggiungono metriche KPI (Metrics Manager), sicurezza enterprise (conformit\u00e0 SOC 2, HIPAA, MFA, SSO) e integrazioni estese con CRM, ERP, app di firma elettronica e altri sistemi.<\/p>\n<h2 data-start=\"155\" data-end=\"596\">CONTRACT LOGIX &#8211; TUTORIAL<\/h2>\n<div id=\"fluid-wrapper-counter-1\" class=\"g1-fluid-wrapper \" style=\"width:686px;\">\n<div style=\"padding-bottom:56.268221574344%;\"><iframe loading=\"lazy\" title=\"Contract Management Software &amp; Solutions from Contract Logix\" width=\"515\" height=\"386\" src=\"https:\/\/www.youtube.com\/embed\/QGBHfu6ZIuY?feature=oembed&amp;wmode=transparent&amp;autohide=1&amp;autoplay=0&amp;disablekb=0&amp;fs=1&amp;loop=0&amp;enablejsapi=1&amp;rel=0&amp;controls=2&amp;showinfo=0&amp;wmode=transparent&amp;autohide=2&amp;autoplay=0&amp;disablekb=0&amp;fs=1&amp;loop=0&amp;enablejsapi=1&amp;rel=0&amp;controls=2&amp;showinfo=1\" frameborder=\"0\" allow=\"accelerometer; autoplay; clipboard-write; encrypted-media; gyroscope; picture-in-picture; web-share\" referrerpolicy=\"strict-origin-when-cross-origin\" allowfullscreen><\/iframe><\/div>\n<\/div>\n<h3>CONTRACT LOGIX &#8211; CARATTERISTICHE<\/h3>\n<ul>\n<li data-start=\"1196\" data-end=\"1326\"><strong data-start=\"1196\" data-end=\"1234\">Repository centralizzato e sicuro:<\/strong> conservazione e ricerca di contratti tramite keyword e metadata, con accessi controllati.<\/li>\n<li data-start=\"1329\" data-end=\"1458\"><strong data-start=\"1329\" data-end=\"1352\">Estrazione dati AI:<\/strong> scansione automatica di documenti per estrarre metadati (date, parti, termini) e popolarli nel sistema.<\/li>\n<li data-start=\"1461\" data-end=\"1583\"><strong data-start=\"1461\" data-end=\"1491\">Workflow personalizzabili:<\/strong> flussi configurabili senza codice per approvazione, redlining, firme digitali e scadenze.<\/li>\n<li data-start=\"1586\" data-end=\"1724\"><strong data-start=\"1586\" data-end=\"1619\">Collaboration Room integrata:<\/strong> editing in real-time, commenti, approvazioni e audit trail completo, coinvolgendo anche parti esterne.<\/li>\n<li data-start=\"1727\" data-end=\"1852\"><strong data-start=\"1727\" data-end=\"1759\">Report e dashboard dinamici:<\/strong> visualizzazione di KPI, stato contratti, scadenze e performance contrattuali in real time.<\/li>\n<li data-start=\"1855\" data-end=\"1984\"><strong data-start=\"1855\" data-end=\"1891\">Sicurezza e compliance avanzate:<\/strong> crittografia, controlli accesso, audit trail, conformit\u00e0 a standard enterprise, MFA e SSO.<\/li>\n<li data-start=\"1987\" data-end=\"2095\"><strong data-start=\"1987\" data-end=\"2016\">Interfacce user-friendly:<\/strong> progettata per ridurre la curva di apprendimento e favorire adozione rapida.<\/li>\n<li data-start=\"2098\" data-end=\"2213\"><strong data-start=\"2098\" data-end=\"2126\">Integrazioni enterprise:<\/strong> con CRM, ERP, DocuSign, Okta, Duo Security, Microsoft Entra e altri sistemi aziendali.<\/li>\n<\/ul>\n<h4>LE RECENSIONI DEGLI UTENTI<\/h4>\n<p data-start=\"2466\" data-end=\"2840\"><strong data-start=\"2466\" data-end=\"2546\">Bruce \u201cNon una scelta ideale se non sei disposto a investire molto tempo\u201d<\/strong><br data-start=\"2546\" data-end=\"2549\" \/>IN GENERALE: la demo \u00e8 molto utile e il rappresentante di servizio clienti molto preparato.<br data-start=\"2642\" data-end=\"2645\" \/>PRO: la demo era convincente e il supporto competente nel chiarire il prodotto.<br data-start=\"2724\" data-end=\"2727\" \/>CONTRO: il progetto era troppo difficile per il nostro ospedale: avremmo dovuto iniziare a usarlo prima e pianificarlo al meglio.<\/p>\n<p data-start=\"2842\" data-end=\"3123\"><strong data-start=\"2842\" data-end=\"2878\">Terri \u201cProdotto sorprendente\u201d<\/strong><br data-start=\"2878\" data-end=\"2881\" \/>IN GENERALE: Facile da usare per un principiante; moltissime funzionalit\u00e0 per lavorare in modo efficiente.<br data-start=\"2987\" data-end=\"2990\" \/>PRO: intuitivo, ricco di funzioni utili.<br data-start=\"3030\" data-end=\"3033\" \/>CONTRO: inizialmente non ho trovato difetti; forse al prossimo utilizzo avr\u00f2 suggerimenti.<\/p>\n<p data-start=\"3125\" data-end=\"3518\"><strong data-start=\"3125\" data-end=\"3192\">Dorothy \u201cCi ha permesso di ottimizzare molti processi obsoleti\u201d<\/strong><br data-start=\"3192\" data-end=\"3195\" \/>IN GENERALE: Abbiamo ridotto del 40% il tempo impiegato per le richieste di nuovi contratti. Tracciamo audit e con contratto generiamo report personalizzati.<br data-start=\"3352\" data-end=\"3355\" \/>PRO: ottimo modulo per richieste di contratto e funzioni per preparazione audit.<br data-start=\"3435\" data-end=\"3438\" \/>CONTRO: personalizzare il software ha richiesto molte ore di assistenza tecnica.<\/p>\n","protected":false},"excerpt":{"rendered":"<p>Contract Logix \u00e8 una piattaforma di Contract Lifecycle Management (CLM) data-driven pensata per controllare efficacemente tutte le fasi contrattuali: dalla creazione alla firma, fino alla gestione delle scadenze e alla compliance. Utilizzato in settori regolamentati (sanit\u00e0, biotech, energia, logistica, istruzione), mette a disposizione un&#8217;interfaccia intuitiva, automazioni governabili, estrazione intelligente dei dati e report dinamici.<\/p>\n","protected":false},"author":17,"featured_media":99367,"parent":97761,"menu_order":0,"comment_status":"open","ping_status":"closed","template":"g1_template_page_review_new.php","meta":{"_acf_changed":false,"cwp_meta_box_check":"No","cwp_rev_product_name":"","cwp_rev_product_image":"","wppr_links":[],"cwp_rev_price":"","wppr_options":[],"wppr_pros":[],"wppr_cons":[],"_monsterinsights_skip_tracking":false,"_monsterinsights_sitenote_active":false,"_monsterinsights_sitenote_note":"","_monsterinsights_sitenote_category":0,"footnotes":""},"categories":[16449],"tags":[16548,16455,16456,16454,16452,16451],"features":[],"class_list":{"0":"post-99366","1":"page","2":"type-page","3":"status-publish","4":"has-post-thumbnail","6":"category-software-gestione-contratti-cat","7":"tag-contract-logix","8":"tag-gestione-contratti","9":"tag-piattaforma-clm","10":"tag-piattaforma-gestione-contratti","11":"tag-programma-gestione-contratti","12":"tag-software-gestione-contratti"},"wppr_data":{"cwp_meta_box_check":"No"},"acf":[],"yoast_head":"<!-- This site is optimized with the Yoast SEO plugin v27.4 - https:\/\/yoast.com\/product\/yoast-seo-wordpress\/ -->\n<title>Contract Logix: recensione piattaforma gestione contratti - Accurate Reviews<\/title>\n<meta name=\"description\" content=\"Contract Logix: recensione piattaforma gestione contratti data-driven pensata per controllare efficacemente tutte le fasi contrattuali.\" \/>\n<meta name=\"robots\" content=\"index, follow, max-snippet:-1, max-image-preview:large, max-video-preview:-1\" \/>\n<link rel=\"canonical\" href=\"https:\/\/www.accuratereviews.com\/it\/software-gestione-contratti\/contract-logix-recensione\/\" \/>\n<meta property=\"og:locale\" content=\"it_IT\" \/>\n<meta property=\"og:type\" content=\"article\" \/>\n<meta property=\"og:title\" content=\"Contract Logix: recensione piattaforma gestione contratti - Accurate Reviews\" \/>\n<meta property=\"og:description\" content=\"Contract Logix: recensione piattaforma gestione contratti data-driven pensata per controllare efficacemente tutte le fasi contrattuali.\" \/>\n<meta property=\"og:url\" content=\"https:\/\/www.accuratereviews.com\/it\/software-gestione-contratti\/contract-logix-recensione\/\" \/>\n<meta property=\"og:site_name\" content=\"Accurate Reviews\" \/>\n<meta property=\"og:image\" content=\"https:\/\/www.accuratereviews.com\/wp-content\/uploads\/2025\/09\/images.png\" \/>\n\t<meta property=\"og:image:width\" content=\"225\" \/>\n\t<meta property=\"og:image:height\" content=\"225\" \/>\n\t<meta property=\"og:image:type\" content=\"image\/png\" \/>\n<meta name=\"twitter:card\" content=\"summary_large_image\" \/>\n<meta name=\"twitter:label1\" content=\"Tempo di lettura stimato\" \/>\n\t<meta name=\"twitter:data1\" content=\"4 minuti\" \/>\n<script type=\"application\/ld+json\" class=\"yoast-schema-graph\">{\"@context\":\"https:\\\/\\\/schema.org\",\"@graph\":[{\"@type\":\"WebPage\",\"@id\":\"https:\\\/\\\/www.accuratereviews.com\\\/it\\\/software-gestione-contratti\\\/contract-logix-recensione\\\/\",\"url\":\"https:\\\/\\\/www.accuratereviews.com\\\/it\\\/software-gestione-contratti\\\/contract-logix-recensione\\\/\",\"name\":\"Contract Logix: recensione piattaforma gestione contratti - Accurate Reviews\",\"isPartOf\":{\"@id\":\"https:\\\/\\\/www.accuratereviews.com\\\/it\\\/#website\"},\"primaryImageOfPage\":{\"@id\":\"https:\\\/\\\/www.accuratereviews.com\\\/it\\\/software-gestione-contratti\\\/contract-logix-recensione\\\/#primaryimage\"},\"image\":{\"@id\":\"https:\\\/\\\/www.accuratereviews.com\\\/it\\\/software-gestione-contratti\\\/contract-logix-recensione\\\/#primaryimage\"},\"thumbnailUrl\":\"https:\\\/\\\/www.accuratereviews.com\\\/wp-content\\\/uploads\\\/2025\\\/09\\\/images.png\",\"datePublished\":\"2025-09-02T13:33:29+00:00\",\"description\":\"Contract Logix: recensione piattaforma gestione contratti data-driven pensata per controllare efficacemente tutte le fasi contrattuali.\",\"breadcrumb\":{\"@id\":\"https:\\\/\\\/www.accuratereviews.com\\\/it\\\/software-gestione-contratti\\\/contract-logix-recensione\\\/#breadcrumb\"},\"inLanguage\":\"it-IT\",\"potentialAction\":[{\"@type\":\"ReadAction\",\"target\":[\"https:\\\/\\\/www.accuratereviews.com\\\/it\\\/software-gestione-contratti\\\/contract-logix-recensione\\\/\"]}]},{\"@type\":\"ImageObject\",\"inLanguage\":\"it-IT\",\"@id\":\"https:\\\/\\\/www.accuratereviews.com\\\/it\\\/software-gestione-contratti\\\/contract-logix-recensione\\\/#primaryimage\",\"url\":\"https:\\\/\\\/www.accuratereviews.com\\\/wp-content\\\/uploads\\\/2025\\\/09\\\/images.png\",\"contentUrl\":\"https:\\\/\\\/www.accuratereviews.com\\\/wp-content\\\/uploads\\\/2025\\\/09\\\/images.png\",\"width\":225,\"height\":225},{\"@type\":\"BreadcrumbList\",\"@id\":\"https:\\\/\\\/www.accuratereviews.com\\\/it\\\/software-gestione-contratti\\\/contract-logix-recensione\\\/#breadcrumb\",\"itemListElement\":[{\"@type\":\"ListItem\",\"position\":1,\"name\":\"Home\",\"item\":\"https:\\\/\\\/www.accuratereviews.com\\\/it\\\/\"},{\"@type\":\"ListItem\",\"position\":2,\"name\":\"Software gestione contratti\",\"item\":\"https:\\\/\\\/www.accuratereviews.com\\\/it\\\/software-gestione-contratti\\\/\"},{\"@type\":\"ListItem\",\"position\":3,\"name\":\"Contract Logix\"}]},{\"@type\":\"WebSite\",\"@id\":\"https:\\\/\\\/www.accuratereviews.com\\\/it\\\/#website\",\"url\":\"https:\\\/\\\/www.accuratereviews.com\\\/it\\\/\",\"name\":\"Accurate Reviews\",\"description\":\"\",\"potentialAction\":[{\"@type\":\"SearchAction\",\"target\":{\"@type\":\"EntryPoint\",\"urlTemplate\":\"https:\\\/\\\/www.accuratereviews.com\\\/it\\\/?s={search_term_string}\"},\"query-input\":{\"@type\":\"PropertyValueSpecification\",\"valueRequired\":true,\"valueName\":\"search_term_string\"}}],\"inLanguage\":\"it-IT\"}]}<\/script>\n<!-- \/ Yoast SEO plugin. -->","yoast_head_json":{"title":"Contract Logix: recensione piattaforma gestione contratti - Accurate Reviews","description":"Contract Logix: recensione piattaforma gestione contratti data-driven pensata per controllare efficacemente tutte le fasi contrattuali.","robots":{"index":"index","follow":"follow","max-snippet":"max-snippet:-1","max-image-preview":"max-image-preview:large","max-video-preview":"max-video-preview:-1"},"canonical":"https:\/\/www.accuratereviews.com\/it\/software-gestione-contratti\/contract-logix-recensione\/","og_locale":"it_IT","og_type":"article","og_title":"Contract Logix: recensione piattaforma gestione contratti - Accurate Reviews","og_description":"Contract Logix: recensione piattaforma gestione contratti data-driven pensata per controllare efficacemente tutte le fasi contrattuali.","og_url":"https:\/\/www.accuratereviews.com\/it\/software-gestione-contratti\/contract-logix-recensione\/","og_site_name":"Accurate Reviews","og_image":[{"width":225,"height":225,"url":"https:\/\/www.accuratereviews.com\/wp-content\/uploads\/2025\/09\/images.png","type":"image\/png"}],"twitter_card":"summary_large_image","twitter_misc":{"Tempo di lettura stimato":"4 minuti"},"schema":{"@context":"https:\/\/schema.org","@graph":[{"@type":"WebPage","@id":"https:\/\/www.accuratereviews.com\/it\/software-gestione-contratti\/contract-logix-recensione\/","url":"https:\/\/www.accuratereviews.com\/it\/software-gestione-contratti\/contract-logix-recensione\/","name":"Contract Logix: recensione piattaforma gestione contratti - Accurate Reviews","isPartOf":{"@id":"https:\/\/www.accuratereviews.com\/it\/#website"},"primaryImageOfPage":{"@id":"https:\/\/www.accuratereviews.com\/it\/software-gestione-contratti\/contract-logix-recensione\/#primaryimage"},"image":{"@id":"https:\/\/www.accuratereviews.com\/it\/software-gestione-contratti\/contract-logix-recensione\/#primaryimage"},"thumbnailUrl":"https:\/\/www.accuratereviews.com\/wp-content\/uploads\/2025\/09\/images.png","datePublished":"2025-09-02T13:33:29+00:00","description":"Contract Logix: recensione piattaforma gestione contratti data-driven pensata per controllare efficacemente tutte le fasi contrattuali.","breadcrumb":{"@id":"https:\/\/www.accuratereviews.com\/it\/software-gestione-contratti\/contract-logix-recensione\/#breadcrumb"},"inLanguage":"it-IT","potentialAction":[{"@type":"ReadAction","target":["https:\/\/www.accuratereviews.com\/it\/software-gestione-contratti\/contract-logix-recensione\/"]}]},{"@type":"ImageObject","inLanguage":"it-IT","@id":"https:\/\/www.accuratereviews.com\/it\/software-gestione-contratti\/contract-logix-recensione\/#primaryimage","url":"https:\/\/www.accuratereviews.com\/wp-content\/uploads\/2025\/09\/images.png","contentUrl":"https:\/\/www.accuratereviews.com\/wp-content\/uploads\/2025\/09\/images.png","width":225,"height":225},{"@type":"BreadcrumbList","@id":"https:\/\/www.accuratereviews.com\/it\/software-gestione-contratti\/contract-logix-recensione\/#breadcrumb","itemListElement":[{"@type":"ListItem","position":1,"name":"Home","item":"https:\/\/www.accuratereviews.com\/it\/"},{"@type":"ListItem","position":2,"name":"Software gestione contratti","item":"https:\/\/www.accuratereviews.com\/it\/software-gestione-contratti\/"},{"@type":"ListItem","position":3,"name":"Contract Logix"}]},{"@type":"WebSite","@id":"https:\/\/www.accuratereviews.com\/it\/#website","url":"https:\/\/www.accuratereviews.com\/it\/","name":"Accurate Reviews","description":"","potentialAction":[{"@type":"SearchAction","target":{"@type":"EntryPoint","urlTemplate":"https:\/\/www.accuratereviews.com\/it\/?s={search_term_string}"},"query-input":{"@type":"PropertyValueSpecification","valueRequired":true,"valueName":"search_term_string"}}],"inLanguage":"it-IT"}]}},"_links":{"self":[{"href":"https:\/\/www.accuratereviews.com\/it\/wp-json\/wp\/v2\/pages\/99366","targetHints":{"allow":["GET"]}}],"collection":[{"href":"https:\/\/www.accuratereviews.com\/it\/wp-json\/wp\/v2\/pages"}],"about":[{"href":"https:\/\/www.accuratereviews.com\/it\/wp-json\/wp\/v2\/types\/page"}],"author":[{"embeddable":true,"href":"https:\/\/www.accuratereviews.com\/it\/wp-json\/wp\/v2\/users\/17"}],"replies":[{"embeddable":true,"href":"https:\/\/www.accuratereviews.com\/it\/wp-json\/wp\/v2\/comments?post=99366"}],"version-history":[{"count":1,"href":"https:\/\/www.accuratereviews.com\/it\/wp-json\/wp\/v2\/pages\/99366\/revisions"}],"predecessor-version":[{"id":99374,"href":"https:\/\/www.accuratereviews.com\/it\/wp-json\/wp\/v2\/pages\/99366\/revisions\/99374"}],"up":[{"embeddable":true,"href":"https:\/\/www.accuratereviews.com\/it\/wp-json\/wp\/v2\/pages\/97761"}],"wp:featuredmedia":[{"embeddable":true,"href":"https:\/\/www.accuratereviews.com\/it\/wp-json\/wp\/v2\/media\/99367"}],"wp:attachment":[{"href":"https:\/\/www.accuratereviews.com\/it\/wp-json\/wp\/v2\/media?parent=99366"}],"wp:term":[{"taxonomy":"category","embeddable":true,"href":"https:\/\/www.accuratereviews.com\/it\/wp-json\/wp\/v2\/categories?post=99366"},{"taxonomy":"post_tag","embeddable":true,"href":"https:\/\/www.accuratereviews.com\/it\/wp-json\/wp\/v2\/tags?post=99366"},{"taxonomy":"features","embeddable":true,"href":"https:\/\/www.accuratereviews.com\/it\/wp-json\/wp\/v2\/features?post=99366"}],"curies":[{"name":"wp","href":"https:\/\/api.w.org\/{rel}","templated":true}]}}