{"id":99388,"date":"2025-09-02T13:40:44","date_gmt":"2025-09-02T13:40:44","guid":{"rendered":"https:\/\/www.accuratereviews.com\/?page_id=99388"},"modified":"2025-09-03T09:23:11","modified_gmt":"2025-09-03T09:23:11","slug":"bitium-recensione","status":"publish","type":"page","link":"https:\/\/www.accuratereviews.com\/it\/software-sso\/bitium-recensione\/","title":{"rendered":"Bitium"},"content":{"rendered":"<p><strong>Bitium<\/strong> offre gestione delle app, <strong>Single Sign-On<\/strong> e analisi per migliaia di app basate su <strong>cloud<\/strong>, consentendo ai dipendenti di lavorare al meglio, permettendo loro di portare i propri dispositivi e software in azienda, mantenendo al contempo un ambiente software sicuro.<br \/>\n<strong>Bitium <\/strong>possiede una vasta gamma di funzionalit\u00e0 interessanti per gli utenti, tra cui la reimpostazione della password mobile e i segnalibri per posizioni specifiche in app SaaS di terze parti.<\/p>\n<h2>BITIUM &#8211; TUTORIAL<\/h2>\n<div id=\"fluid-wrapper-counter-1\" class=\"g1-fluid-wrapper \" style=\"width:686px;\">\n<div style=\"padding-bottom:56.268221574344%;\"><iframe loading=\"lazy\" title=\"Bitium Products In Single Signon Application And Users\" width=\"686\" height=\"386\" src=\"https:\/\/www.youtube.com\/embed\/1bbHqQj2g8k?feature=oembed&amp;wmode=transparent&amp;autohide=1&amp;autoplay=0&amp;disablekb=0&amp;fs=1&amp;loop=0&amp;enablejsapi=1&amp;rel=0&amp;controls=2&amp;showinfo=0&amp;wmode=transparent&amp;autohide=2&amp;autoplay=0&amp;disablekb=0&amp;fs=1&amp;loop=0&amp;enablejsapi=1&amp;rel=0&amp;controls=2&amp;showinfo=1\" frameborder=\"0\" allow=\"accelerometer; autoplay; clipboard-write; encrypted-media; gyroscope; picture-in-picture; web-share\" referrerpolicy=\"strict-origin-when-cross-origin\" allowfullscreen><\/iframe><\/div>\n<\/div>\n<h3>BITIUM &#8211; CARATTERISTICHE<\/h3>\n<ul>\n<li><strong>Single Sign-On (SSO)<\/strong>: gli utenti possono effettuare l&#8217;accesso una sola volta a pi\u00f9 applicazioni cloud e interne, eliminando la necessit\u00e0 di ricordare diverse password.<\/li>\n<li><strong>Gestione delle credenziali<\/strong>: fornisce un luogo sicuro per archiviare e gestire le credenziali di accesso degli utenti alle applicazioni.<\/li>\n<li>Integrazione delle directory: abilita l&#8217;integrazione con diverse directory, tra cui Active Directory e LDAP, per sincronizzare le informazioni di utenti e gruppi.<\/li>\n<li><strong>Gestione delle app<\/strong>: consente all&#8217;IT di gestire e controllare centralmente tutte le applicazioni aziendali, con un ampio catalogo di app preintegrate.<\/li>\n<li><strong>Controllo degli accessi sicuro<\/strong>: facilita l&#8217;accesso sicuro alle applicazioni, inclusa l&#8217;applicazione dell&#8217;autenticazione a due fattori (2FA) e la gestione delle autorizzazioni di accesso per diversi ruoli utente.<\/li>\n<li><strong>Provisioning e deprovisioning degli utenti<\/strong>: automatizza i processi di concessione e revoca dell&#8217;accesso degli utenti alle applicazioni, incluso l&#8217;offboarding con un clic per i dipendenti in partenza.<\/li>\n<li><strong>Autenticazione a due fattori (2FA)<\/strong>: fornisce un ulteriore livello di sicurezza per impedire accessi non autorizzati agli account.<\/li>\n<li><strong>Dashboard di informazioni organizzative<\/strong>: assegna all&#8217;IT visibilit\u00e0 in tempo reale sui dati relativi alla sicurezza di utenti e applicazioni, consentendo azioni come l&#8217;aumento della sicurezza delle password.<\/li>\n<li><strong>Accesso alle applicazioni condivise<\/strong>: consente\u00a0la condivisione sicura delle applicazioni senza rivelare le password, garantendo che i dipendenti non potessero condividerle con terze parti.<\/li>\n<\/ul>\n<h4>LE RECENSIONI DEGLI UTENTI<\/h4>\n<p><strong>Carmel &#8220;Recensione di Bitium&#8221;<\/strong><br \/>\nPro: mi piace il fatto che aiuti a generare password sicure e le conservi tutte in un unico posto. L&#8217;accesso pu\u00f2 essere concesso alle persone dell&#8217;azienda che necessitano di avere accesso alla password. Mi piace il fatto che ci sia un&#8217;estensione da aggiungere a Chrome in modo da non dover visitare ogni volta il sito Web di Bitium, il che mi fa risparmiare tempo.<br \/>\nContro: Vorrei che Bitium avesse un&#8217;estensione per Safari.<\/p>\n<p><strong>Brogan&#8221;Estremamente utile&#8221;<\/strong><br \/>\nNel complesso, Bitium semplifica l&#8217;organizzazione delle password e l&#8217;accesso ai software che ne utilizzano pi\u00f9 frequentemente, in modo sicuro e pratico.<br \/>\nPro: Bitium semplifica l&#8217;accesso ai software e ai siti web che uso pi\u00f9 spesso. Per me \u00e8 facile, visto che faccio fatica a ricordare le password, e mantiene tutto al sicuro, dandomi tranquillit\u00e0.<br \/>\nContro: Non riesco proprio a pensare a nessun contro nell&#8217;usare Bitium. A volte ci mette un po&#8217; a caricarsi, ma non \u00e8 poi cos\u00ec terribile.<\/p>\n<p><strong>Rocky &#8220;Un sistema di gestione delle password aziendali che funziona&#8221;<\/strong><br \/>\nPro: In qualit\u00e0 di amministratore della configurazione di varie tecnologie, detesto fornire password grezze al resto del team. Bitium mi permette di configurare l&#8217;account e di dire semplicemente ai miei colleghi di visitare Bitium per accedere al programma. Se il dipendente lascia l&#8217;azienda, non devo nemmeno cambiare decine di password.<br \/>\nContro: A volte l&#8217;accesso non funziona. Ma fortunatamente, il team di Bitium \u00e8 stato incredibilmente veloce nel risolvere il problema.<\/p>\n","protected":false},"excerpt":{"rendered":"<p>Bitium offre gestione delle app, Single Sign-On e analisi per migliaia di app basate su cloud, consentendo ai dipendenti di lavorare al meglio, permettendo loro di portare i propri dispositivi e software in azienda, mantenendo al contempo un ambiente software sicuro.<\/p>\n","protected":false},"author":19,"featured_media":99400,"parent":97817,"menu_order":0,"comment_status":"open","ping_status":"closed","template":"g1_template_page_review_new.php","meta":{"_acf_changed":false,"cwp_meta_box_check":"No","cwp_rev_product_name":"","cwp_rev_product_image":"","wppr_links":[],"cwp_rev_price":"","wppr_options":[],"wppr_pros":[],"wppr_cons":[],"_monsterinsights_skip_tracking":false,"_monsterinsights_sitenote_active":false,"_monsterinsights_sitenote_note":"","_monsterinsights_sitenote_category":0,"footnotes":""},"categories":[16466],"tags":[16547,16464,16463,16461,16460,16462],"features":[],"class_list":{"0":"post-99388","1":"page","2":"type-page","3":"status-publish","4":"has-post-thumbnail","6":"category-software-sso-cat","7":"tag-bitium","8":"tag-piattaforma-sso","9":"tag-programma-sso","10":"tag-single-sign-on","11":"tag-software-sso","12":"tag-soluzione-sso"},"wppr_data":{"cwp_meta_box_check":"No"},"acf":[],"yoast_head":"<!-- This site is optimized with the Yoast SEO plugin v27.4 - https:\/\/yoast.com\/product\/yoast-seo-wordpress\/ -->\n<title>Bitium: recensione software SSO - Accurate Reviews<\/title>\n<meta name=\"description\" content=\"Bitium: recensione software Single Sign-On e analisi per migliaia di app basate su cloud consentendo ai dipendenti di lavorare al meglio.\" \/>\n<meta name=\"robots\" content=\"index, follow, max-snippet:-1, max-image-preview:large, max-video-preview:-1\" \/>\n<link rel=\"canonical\" href=\"https:\/\/www.accuratereviews.com\/it\/software-sso\/bitium-recensione\/\" \/>\n<meta property=\"og:locale\" content=\"it_IT\" \/>\n<meta property=\"og:type\" content=\"article\" \/>\n<meta property=\"og:title\" content=\"Bitium: recensione software SSO - Accurate Reviews\" \/>\n<meta property=\"og:description\" content=\"Bitium: recensione software Single Sign-On e analisi per migliaia di app basate su cloud consentendo ai dipendenti di lavorare al meglio.\" \/>\n<meta property=\"og:url\" content=\"https:\/\/www.accuratereviews.com\/it\/software-sso\/bitium-recensione\/\" \/>\n<meta property=\"og:site_name\" content=\"Accurate Reviews\" \/>\n<meta property=\"article:modified_time\" content=\"2025-09-03T09:23:11+00:00\" \/>\n<meta property=\"og:image\" content=\"https:\/\/www.accuratereviews.com\/wp-content\/uploads\/2025\/09\/Bitium.jpg\" \/>\n\t<meta property=\"og:image:width\" content=\"400\" \/>\n\t<meta property=\"og:image:height\" content=\"400\" \/>\n\t<meta property=\"og:image:type\" content=\"image\/jpeg\" \/>\n<meta name=\"twitter:card\" content=\"summary_large_image\" \/>\n<meta name=\"twitter:label1\" content=\"Tempo di lettura stimato\" \/>\n\t<meta name=\"twitter:data1\" content=\"4 minuti\" \/>\n<script type=\"application\/ld+json\" class=\"yoast-schema-graph\">{\"@context\":\"https:\\\/\\\/schema.org\",\"@graph\":[{\"@type\":\"WebPage\",\"@id\":\"https:\\\/\\\/www.accuratereviews.com\\\/it\\\/software-sso\\\/bitium-recensione\\\/\",\"url\":\"https:\\\/\\\/www.accuratereviews.com\\\/it\\\/software-sso\\\/bitium-recensione\\\/\",\"name\":\"Bitium: recensione software SSO - Accurate Reviews\",\"isPartOf\":{\"@id\":\"https:\\\/\\\/www.accuratereviews.com\\\/it\\\/#website\"},\"primaryImageOfPage\":{\"@id\":\"https:\\\/\\\/www.accuratereviews.com\\\/it\\\/software-sso\\\/bitium-recensione\\\/#primaryimage\"},\"image\":{\"@id\":\"https:\\\/\\\/www.accuratereviews.com\\\/it\\\/software-sso\\\/bitium-recensione\\\/#primaryimage\"},\"thumbnailUrl\":\"https:\\\/\\\/www.accuratereviews.com\\\/wp-content\\\/uploads\\\/2025\\\/09\\\/Bitium.jpg\",\"datePublished\":\"2025-09-02T13:40:44+00:00\",\"dateModified\":\"2025-09-03T09:23:11+00:00\",\"description\":\"Bitium: recensione software Single Sign-On e analisi per migliaia di app basate su cloud consentendo ai dipendenti di lavorare al meglio.\",\"breadcrumb\":{\"@id\":\"https:\\\/\\\/www.accuratereviews.com\\\/it\\\/software-sso\\\/bitium-recensione\\\/#breadcrumb\"},\"inLanguage\":\"it-IT\",\"potentialAction\":[{\"@type\":\"ReadAction\",\"target\":[\"https:\\\/\\\/www.accuratereviews.com\\\/it\\\/software-sso\\\/bitium-recensione\\\/\"]}]},{\"@type\":\"ImageObject\",\"inLanguage\":\"it-IT\",\"@id\":\"https:\\\/\\\/www.accuratereviews.com\\\/it\\\/software-sso\\\/bitium-recensione\\\/#primaryimage\",\"url\":\"https:\\\/\\\/www.accuratereviews.com\\\/wp-content\\\/uploads\\\/2025\\\/09\\\/Bitium.jpg\",\"contentUrl\":\"https:\\\/\\\/www.accuratereviews.com\\\/wp-content\\\/uploads\\\/2025\\\/09\\\/Bitium.jpg\",\"width\":400,\"height\":400},{\"@type\":\"BreadcrumbList\",\"@id\":\"https:\\\/\\\/www.accuratereviews.com\\\/it\\\/software-sso\\\/bitium-recensione\\\/#breadcrumb\",\"itemListElement\":[{\"@type\":\"ListItem\",\"position\":1,\"name\":\"Home\",\"item\":\"https:\\\/\\\/www.accuratereviews.com\\\/it\\\/\"},{\"@type\":\"ListItem\",\"position\":2,\"name\":\"Software SSO (Single Sign-On)\",\"item\":\"https:\\\/\\\/www.accuratereviews.com\\\/it\\\/software-sso\\\/\"},{\"@type\":\"ListItem\",\"position\":3,\"name\":\"Bitium\"}]},{\"@type\":\"WebSite\",\"@id\":\"https:\\\/\\\/www.accuratereviews.com\\\/it\\\/#website\",\"url\":\"https:\\\/\\\/www.accuratereviews.com\\\/it\\\/\",\"name\":\"Accurate Reviews\",\"description\":\"\",\"potentialAction\":[{\"@type\":\"SearchAction\",\"target\":{\"@type\":\"EntryPoint\",\"urlTemplate\":\"https:\\\/\\\/www.accuratereviews.com\\\/it\\\/?s={search_term_string}\"},\"query-input\":{\"@type\":\"PropertyValueSpecification\",\"valueRequired\":true,\"valueName\":\"search_term_string\"}}],\"inLanguage\":\"it-IT\"}]}<\/script>\n<!-- \/ Yoast SEO plugin. -->","yoast_head_json":{"title":"Bitium: recensione software SSO - Accurate Reviews","description":"Bitium: recensione software Single Sign-On e analisi per migliaia di app basate su cloud consentendo ai dipendenti di lavorare al meglio.","robots":{"index":"index","follow":"follow","max-snippet":"max-snippet:-1","max-image-preview":"max-image-preview:large","max-video-preview":"max-video-preview:-1"},"canonical":"https:\/\/www.accuratereviews.com\/it\/software-sso\/bitium-recensione\/","og_locale":"it_IT","og_type":"article","og_title":"Bitium: recensione software SSO - Accurate Reviews","og_description":"Bitium: recensione software Single Sign-On e analisi per migliaia di app basate su cloud consentendo ai dipendenti di lavorare al meglio.","og_url":"https:\/\/www.accuratereviews.com\/it\/software-sso\/bitium-recensione\/","og_site_name":"Accurate Reviews","article_modified_time":"2025-09-03T09:23:11+00:00","og_image":[{"width":400,"height":400,"url":"https:\/\/www.accuratereviews.com\/wp-content\/uploads\/2025\/09\/Bitium.jpg","type":"image\/jpeg"}],"twitter_card":"summary_large_image","twitter_misc":{"Tempo di lettura stimato":"4 minuti"},"schema":{"@context":"https:\/\/schema.org","@graph":[{"@type":"WebPage","@id":"https:\/\/www.accuratereviews.com\/it\/software-sso\/bitium-recensione\/","url":"https:\/\/www.accuratereviews.com\/it\/software-sso\/bitium-recensione\/","name":"Bitium: recensione software SSO - Accurate Reviews","isPartOf":{"@id":"https:\/\/www.accuratereviews.com\/it\/#website"},"primaryImageOfPage":{"@id":"https:\/\/www.accuratereviews.com\/it\/software-sso\/bitium-recensione\/#primaryimage"},"image":{"@id":"https:\/\/www.accuratereviews.com\/it\/software-sso\/bitium-recensione\/#primaryimage"},"thumbnailUrl":"https:\/\/www.accuratereviews.com\/wp-content\/uploads\/2025\/09\/Bitium.jpg","datePublished":"2025-09-02T13:40:44+00:00","dateModified":"2025-09-03T09:23:11+00:00","description":"Bitium: recensione software Single Sign-On e analisi per migliaia di app basate su cloud consentendo ai dipendenti di lavorare al meglio.","breadcrumb":{"@id":"https:\/\/www.accuratereviews.com\/it\/software-sso\/bitium-recensione\/#breadcrumb"},"inLanguage":"it-IT","potentialAction":[{"@type":"ReadAction","target":["https:\/\/www.accuratereviews.com\/it\/software-sso\/bitium-recensione\/"]}]},{"@type":"ImageObject","inLanguage":"it-IT","@id":"https:\/\/www.accuratereviews.com\/it\/software-sso\/bitium-recensione\/#primaryimage","url":"https:\/\/www.accuratereviews.com\/wp-content\/uploads\/2025\/09\/Bitium.jpg","contentUrl":"https:\/\/www.accuratereviews.com\/wp-content\/uploads\/2025\/09\/Bitium.jpg","width":400,"height":400},{"@type":"BreadcrumbList","@id":"https:\/\/www.accuratereviews.com\/it\/software-sso\/bitium-recensione\/#breadcrumb","itemListElement":[{"@type":"ListItem","position":1,"name":"Home","item":"https:\/\/www.accuratereviews.com\/it\/"},{"@type":"ListItem","position":2,"name":"Software SSO (Single Sign-On)","item":"https:\/\/www.accuratereviews.com\/it\/software-sso\/"},{"@type":"ListItem","position":3,"name":"Bitium"}]},{"@type":"WebSite","@id":"https:\/\/www.accuratereviews.com\/it\/#website","url":"https:\/\/www.accuratereviews.com\/it\/","name":"Accurate Reviews","description":"","potentialAction":[{"@type":"SearchAction","target":{"@type":"EntryPoint","urlTemplate":"https:\/\/www.accuratereviews.com\/it\/?s={search_term_string}"},"query-input":{"@type":"PropertyValueSpecification","valueRequired":true,"valueName":"search_term_string"}}],"inLanguage":"it-IT"}]}},"_links":{"self":[{"href":"https:\/\/www.accuratereviews.com\/it\/wp-json\/wp\/v2\/pages\/99388","targetHints":{"allow":["GET"]}}],"collection":[{"href":"https:\/\/www.accuratereviews.com\/it\/wp-json\/wp\/v2\/pages"}],"about":[{"href":"https:\/\/www.accuratereviews.com\/it\/wp-json\/wp\/v2\/types\/page"}],"author":[{"embeddable":true,"href":"https:\/\/www.accuratereviews.com\/it\/wp-json\/wp\/v2\/users\/19"}],"replies":[{"embeddable":true,"href":"https:\/\/www.accuratereviews.com\/it\/wp-json\/wp\/v2\/comments?post=99388"}],"version-history":[{"count":6,"href":"https:\/\/www.accuratereviews.com\/it\/wp-json\/wp\/v2\/pages\/99388\/revisions"}],"predecessor-version":[{"id":99701,"href":"https:\/\/www.accuratereviews.com\/it\/wp-json\/wp\/v2\/pages\/99388\/revisions\/99701"}],"up":[{"embeddable":true,"href":"https:\/\/www.accuratereviews.com\/it\/wp-json\/wp\/v2\/pages\/97817"}],"wp:featuredmedia":[{"embeddable":true,"href":"https:\/\/www.accuratereviews.com\/it\/wp-json\/wp\/v2\/media\/99400"}],"wp:attachment":[{"href":"https:\/\/www.accuratereviews.com\/it\/wp-json\/wp\/v2\/media?parent=99388"}],"wp:term":[{"taxonomy":"category","embeddable":true,"href":"https:\/\/www.accuratereviews.com\/it\/wp-json\/wp\/v2\/categories?post=99388"},{"taxonomy":"post_tag","embeddable":true,"href":"https:\/\/www.accuratereviews.com\/it\/wp-json\/wp\/v2\/tags?post=99388"},{"taxonomy":"features","embeddable":true,"href":"https:\/\/www.accuratereviews.com\/it\/wp-json\/wp\/v2\/features?post=99388"}],"curies":[{"name":"wp","href":"https:\/\/api.w.org\/{rel}","templated":true}]}}