{"id":99679,"date":"2025-09-03T14:02:15","date_gmt":"2025-09-03T14:02:15","guid":{"rendered":"https:\/\/www.accuratereviews.com\/?page_id=99679"},"modified":"2025-09-03T14:02:15","modified_gmt":"2025-09-03T14:02:15","slug":"fusionauth-recensione","status":"publish","type":"page","link":"https:\/\/www.accuratereviews.com\/it\/software-sso\/fusionauth-recensione\/","title":{"rendered":"FusionAuth"},"content":{"rendered":"<p><strong>FusionAuth<\/strong> \u00e8 un<strong> software di gestione dell&#8217;identit\u00e0<\/strong> e degli accessi dei clienti (CIAM) progettato per aiutare gli sviluppatori ad autenticare, autorizzare e gestire l&#8217;accesso degli utenti. La piattaforma consente agli amministratori di assegnare ruoli ai membri del team e di proteggere gli accessi tramite <strong>Single Sign-On<\/strong> per diverse applicazioni su web, dispositivi mobili e desktop. I manager possono rilevare automaticamente i check-in anomali, bloccare gli account utente in caso di attacchi e accedere alle applicazioni tramite accessi federati. <strong>FusionAuth<\/strong> consente ai supervisori di proteggere e controllare i dati in conformit\u00e0 con il <strong>Regolamento Generale sulla Protezione dei Dati<\/strong> (GDPR) e i protocolli di conformit\u00e0 dell<strong>&#8216;Health Insurance Portability and Accountability Act<\/strong> (HIPAA). Inoltre, gli operatori possono creare moduli di registrazione multi-fase con campi personalizzabili per raccogliere i dati dei candidati.<br \/>\n<strong>FusionAuth<\/strong> si integra facilmente con qualsiasi linguaggio e framework e pu\u00f2 essere implementato ovunque in pochi minuti.<\/p>\n<h2>FUSIONAUTH &#8211; TUTORIAL<\/h2>\n<div id=\"fluid-wrapper-counter-1\" class=\"g1-fluid-wrapper \" style=\"width:686px;\">\n<div style=\"padding-bottom:56.268221574344%;\"><iframe loading=\"lazy\" title=\"Single Sign On With FusionAuth and Zendesk\" width=\"686\" height=\"386\" src=\"https:\/\/www.youtube.com\/embed\/QYuTOD8wjZU?feature=oembed&amp;wmode=transparent&amp;autohide=1&amp;autoplay=0&amp;disablekb=0&amp;fs=1&amp;loop=0&amp;enablejsapi=1&amp;rel=0&amp;controls=2&amp;showinfo=0&amp;wmode=transparent&amp;autohide=2&amp;autoplay=0&amp;disablekb=0&amp;fs=1&amp;loop=0&amp;enablejsapi=1&amp;rel=0&amp;controls=2&amp;showinfo=1\" frameborder=\"0\" allow=\"accelerometer; autoplay; clipboard-write; encrypted-media; gyroscope; picture-in-picture; web-share\" referrerpolicy=\"strict-origin-when-cross-origin\" allowfullscreen><\/iframe><\/div>\n<\/div>\n<h3>FUSIONAUTH &#8211; CARATTERISTICHE<\/h3>\n<ul>\n<li><strong>Avvisa i tuoi utenti<\/strong>: crea fiducia attraverso la trasparenza, tenendo informati i tuoi utenti sui potenziali rischi per la sicurezza. Invia avvisi email personalizzabili e localizzati per attivit\u00e0 ad alto impatto, come l&#8217;aggiunta di nuovi metodi MFA o l&#8217;aggiornamento degli indirizzi email.<\/li>\n<li><strong>Blocca l&#8217;accesso:<\/strong> crea una fortezza attorno alle tue applicazioni con elenchi di controllo degli accessi IP personalizzabili e CAPTCHA. Queste difese multilivello riducono significativamente il rischio di attacchi automatizzati, tentativi di forza bruta e accessi non autorizzati, garantendo la protezione dei dati dei tuoi utenti.<\/li>\n<li><strong>Sicurezza basata sulla posizione:<\/strong> sfrutta i dati di geolocalizzazione per migliorare le tue misure di sicurezza. Con ATD, FusionAuth arricchisce tutti i webhook e i record di accesso con informazioni sulla posizione, consentendoti di identificare e rispondere rapidamente ad attivit\u00e0 geograficamente sospette, aggiungendo un ulteriore livello di protezione agli account utente.<\/li>\n<li><strong>Controllo granulare delle API<\/strong>: mantieni un controllo preciso sulle tue chiavi API limitandole a specifici metodi REST ed endpoint. Questo controllo granulare degli accessi garantisce che ogni chiave disponga solo delle autorizzazioni necessarie, migliorando la sicurezza.<\/li>\n<li><strong>Limita l&#8217;accesso agli intervalli IP<\/strong>: con gli ACL IP, puoi limitare l&#8217;utilizzo di una chiave API a un intervallo di indirizzi IP. Perfetto per processi CI\/CD o backend che richiedono privilegi elevati.<\/li>\n<li><strong>Chiavi bloccate per tenant<\/strong>: implementa una strategia di difesa approfondita bloccando le chiavi API a tenant specifici. Questo approccio limita il raggio di azione di qualsiasi chiave compromessa.<\/li>\n<li><strong>Un&#8217;API per le chiavi API:<\/strong> genera e gestisci le chiavi API a livello di codice, consentendoti di creare chiavi univoche e sicure per qualsiasi software che debba interagire con la soluzione. Questa automazione migliora la sicurezza e semplifica la gestione delle chiavi.<\/li>\n<li><strong>Sicurezza<\/strong>: la biometria di WebAuthn offre una soluzione di autenticazione pi\u00f9 solida e intuitiva. Sfruttando funzionalit\u00e0 native del dispositivo come l&#8217;impronta digitale o il riconoscimento facciale, WebAuthn elimina la necessit\u00e0 di password complesse e fornisce una solida protezione contro minacce dannose come il phishing e l&#8217;appropriazione indebita degli account.<\/li>\n<li><strong>Esperienza utente<\/strong>: i processi di reimpostazione della password spesso frustrano gli utenti con passaggi di verifica complessi. La biometria WebAuthn offre un&#8217;alternativa semplificata e sicura consentendo l&#8217;autenticazione tramite riconoscimento facciale o delle impronte digitali.<\/li>\n<li><strong>Autenticazione nativa del dispositivo<\/strong>: il programma\u00a0richiede all&#8217;utente di accedere con la stessa autenticazione nativa del dispositivo che utilizza per sbloccare i propri dispositivi. E se la biometria del dispositivo non \u00e8 disponibile, \u00e8 possibile ricorrere ad altre opzioni senza password come i magic link.<\/li>\n<\/ul>\n<h4>LE RECENSIONI DEGLI UTENTI<\/h4>\n<p><strong>Chris &#8220;Piattaforma compatta e completa&#8221;<\/strong><br \/>\nIl supporto \u00e8 veloce e reattivo. Una piattaforma da tenere d&#8217;occhio<br \/>\n<strong>Pro<\/strong>: piattaforma molto solida, facile da usare e installare. Leggera nell&#8217;uso, ma senza rinunciare a nessuna funzionalit\u00e0.<br \/>\n<strong>Contro<\/strong>: nessuna, piattaforma eccellente. Niente di cui lamentarsi<\/p>\n<p><strong>James &#8220;Bella roba!&#8221;<\/strong><br \/>\nEsperienza super positiva; la consiglierei vivamente ai colleghi.<br \/>\n<strong>Pro<\/strong>: &#8211; Facile da usare &#8211; Ottima documentazione &#8211; Ottimo supporto clienti<br \/>\n<strong>Contro<\/strong>: Presenta alcuni bug, ma non ho ancora riscontrato nulla di critico e il team \u00e8 molto veloce a risolverli.<\/p>\n<p><strong>Richard &#8220;Utilizzo iniziale di FusionAuth&#8221;<\/strong><br \/>\nLa cosa migliore di FA (oltre al modello freemium) \u00e8 l&#8217;assistenza. Il team di supporto \u00e8 di prim&#8217;ordine.<br \/>\n<strong>Pro<\/strong>: utilizzo principalmente l&#8217;accesso senza password. Ci ho messo parecchio tempo a implementarlo, dato che lavoro part-time come sviluppatore.<br \/>\n<strong>Contro<\/strong>: a mio parere, la documentazione per l&#8217;API PHP potrebbe essere migliorata.<\/p>\n","protected":false},"excerpt":{"rendered":"<p>FusionAuth \u00e8 un software di gestione dell&#8217;identit\u00e0 e degli accessi dei clienti (CIAM) progettato per aiutare gli sviluppatori ad autenticare, autorizzare e gestire l&#8217;accesso degli utenti. La piattaforma consente agli amministratori di assegnare ruoli ai membri del team e di proteggere gli accessi tramite Single Sign-On per diverse applicazioni su web, dispositivi mobili e desktop.<\/p>\n","protected":false},"author":19,"featured_media":99685,"parent":97817,"menu_order":0,"comment_status":"open","ping_status":"closed","template":"g1_template_page_review_new.php","meta":{"_acf_changed":false,"cwp_meta_box_check":"No","cwp_rev_product_name":"","cwp_rev_product_image":"","wppr_links":[],"cwp_rev_price":"","wppr_options":[],"wppr_pros":[],"wppr_cons":[],"_monsterinsights_skip_tracking":false,"_monsterinsights_sitenote_active":false,"_monsterinsights_sitenote_note":"","_monsterinsights_sitenote_category":0,"footnotes":""},"categories":[16466],"tags":[16549,16464,16463,16461,16460,16471,16462],"features":[],"class_list":{"0":"post-99679","1":"page","2":"type-page","3":"status-publish","4":"has-post-thumbnail","6":"category-software-sso-cat","7":"tag-fusionauth","8":"tag-piattaforma-sso","9":"tag-programma-sso","10":"tag-single-sign-on","11":"tag-software-sso","12":"tag-software-sso-single-sign-on","13":"tag-soluzione-sso"},"wppr_data":{"cwp_meta_box_check":"No"},"acf":[],"yoast_head":"<!-- This site is optimized with the Yoast SEO plugin v27.4 - https:\/\/yoast.com\/product\/yoast-seo-wordpress\/ -->\n<title>FusionAuth: recensione software SSO - Accurate Reviews<\/title>\n<meta name=\"description\" content=\"FusionAuth: recensione software di gestione identit\u00e0 e degli accessi dei clienti per autenticare, autorizzare e gestire l&#039;accesso degli utenti\" \/>\n<meta name=\"robots\" content=\"index, follow, max-snippet:-1, max-image-preview:large, max-video-preview:-1\" \/>\n<link rel=\"canonical\" href=\"https:\/\/www.accuratereviews.com\/it\/software-sso\/fusionauth-recensione\/\" \/>\n<meta property=\"og:locale\" content=\"it_IT\" \/>\n<meta property=\"og:type\" content=\"article\" \/>\n<meta property=\"og:title\" content=\"FusionAuth: recensione software SSO - Accurate Reviews\" \/>\n<meta property=\"og:description\" content=\"FusionAuth: recensione software di gestione identit\u00e0 e degli accessi dei clienti per autenticare, autorizzare e gestire l&#039;accesso degli utenti\" \/>\n<meta property=\"og:url\" content=\"https:\/\/www.accuratereviews.com\/it\/software-sso\/fusionauth-recensione\/\" \/>\n<meta property=\"og:site_name\" content=\"Accurate Reviews\" \/>\n<meta property=\"og:image\" content=\"https:\/\/www.accuratereviews.com\/wp-content\/uploads\/2025\/09\/FusionAuth.png\" \/>\n\t<meta property=\"og:image:width\" content=\"1100\" \/>\n\t<meta property=\"og:image:height\" content=\"432\" \/>\n\t<meta property=\"og:image:type\" content=\"image\/png\" \/>\n<meta name=\"twitter:card\" content=\"summary_large_image\" \/>\n<meta name=\"twitter:label1\" content=\"Tempo di lettura stimato\" \/>\n\t<meta name=\"twitter:data1\" content=\"5 minuti\" \/>\n<script type=\"application\/ld+json\" class=\"yoast-schema-graph\">{\"@context\":\"https:\\\/\\\/schema.org\",\"@graph\":[{\"@type\":\"WebPage\",\"@id\":\"https:\\\/\\\/www.accuratereviews.com\\\/it\\\/software-sso\\\/fusionauth-recensione\\\/\",\"url\":\"https:\\\/\\\/www.accuratereviews.com\\\/it\\\/software-sso\\\/fusionauth-recensione\\\/\",\"name\":\"FusionAuth: recensione software SSO - Accurate Reviews\",\"isPartOf\":{\"@id\":\"https:\\\/\\\/www.accuratereviews.com\\\/it\\\/#website\"},\"primaryImageOfPage\":{\"@id\":\"https:\\\/\\\/www.accuratereviews.com\\\/it\\\/software-sso\\\/fusionauth-recensione\\\/#primaryimage\"},\"image\":{\"@id\":\"https:\\\/\\\/www.accuratereviews.com\\\/it\\\/software-sso\\\/fusionauth-recensione\\\/#primaryimage\"},\"thumbnailUrl\":\"https:\\\/\\\/www.accuratereviews.com\\\/wp-content\\\/uploads\\\/2025\\\/09\\\/FusionAuth.png\",\"datePublished\":\"2025-09-03T14:02:15+00:00\",\"description\":\"FusionAuth: recensione software di gestione identit\u00e0 e degli accessi dei clienti per autenticare, autorizzare e gestire l'accesso degli utenti\",\"breadcrumb\":{\"@id\":\"https:\\\/\\\/www.accuratereviews.com\\\/it\\\/software-sso\\\/fusionauth-recensione\\\/#breadcrumb\"},\"inLanguage\":\"it-IT\",\"potentialAction\":[{\"@type\":\"ReadAction\",\"target\":[\"https:\\\/\\\/www.accuratereviews.com\\\/it\\\/software-sso\\\/fusionauth-recensione\\\/\"]}]},{\"@type\":\"ImageObject\",\"inLanguage\":\"it-IT\",\"@id\":\"https:\\\/\\\/www.accuratereviews.com\\\/it\\\/software-sso\\\/fusionauth-recensione\\\/#primaryimage\",\"url\":\"https:\\\/\\\/www.accuratereviews.com\\\/wp-content\\\/uploads\\\/2025\\\/09\\\/FusionAuth.png\",\"contentUrl\":\"https:\\\/\\\/www.accuratereviews.com\\\/wp-content\\\/uploads\\\/2025\\\/09\\\/FusionAuth.png\",\"width\":1100,\"height\":432},{\"@type\":\"BreadcrumbList\",\"@id\":\"https:\\\/\\\/www.accuratereviews.com\\\/it\\\/software-sso\\\/fusionauth-recensione\\\/#breadcrumb\",\"itemListElement\":[{\"@type\":\"ListItem\",\"position\":1,\"name\":\"Home\",\"item\":\"https:\\\/\\\/www.accuratereviews.com\\\/it\\\/\"},{\"@type\":\"ListItem\",\"position\":2,\"name\":\"Software SSO (Single Sign-On)\",\"item\":\"https:\\\/\\\/www.accuratereviews.com\\\/it\\\/software-sso\\\/\"},{\"@type\":\"ListItem\",\"position\":3,\"name\":\"FusionAuth\"}]},{\"@type\":\"WebSite\",\"@id\":\"https:\\\/\\\/www.accuratereviews.com\\\/it\\\/#website\",\"url\":\"https:\\\/\\\/www.accuratereviews.com\\\/it\\\/\",\"name\":\"Accurate Reviews\",\"description\":\"\",\"potentialAction\":[{\"@type\":\"SearchAction\",\"target\":{\"@type\":\"EntryPoint\",\"urlTemplate\":\"https:\\\/\\\/www.accuratereviews.com\\\/it\\\/?s={search_term_string}\"},\"query-input\":{\"@type\":\"PropertyValueSpecification\",\"valueRequired\":true,\"valueName\":\"search_term_string\"}}],\"inLanguage\":\"it-IT\"}]}<\/script>\n<!-- \/ Yoast SEO plugin. -->","yoast_head_json":{"title":"FusionAuth: recensione software SSO - Accurate Reviews","description":"FusionAuth: recensione software di gestione identit\u00e0 e degli accessi dei clienti per autenticare, autorizzare e gestire l'accesso degli utenti","robots":{"index":"index","follow":"follow","max-snippet":"max-snippet:-1","max-image-preview":"max-image-preview:large","max-video-preview":"max-video-preview:-1"},"canonical":"https:\/\/www.accuratereviews.com\/it\/software-sso\/fusionauth-recensione\/","og_locale":"it_IT","og_type":"article","og_title":"FusionAuth: recensione software SSO - Accurate Reviews","og_description":"FusionAuth: recensione software di gestione identit\u00e0 e degli accessi dei clienti per autenticare, autorizzare e gestire l'accesso degli utenti","og_url":"https:\/\/www.accuratereviews.com\/it\/software-sso\/fusionauth-recensione\/","og_site_name":"Accurate Reviews","og_image":[{"width":1100,"height":432,"url":"https:\/\/www.accuratereviews.com\/wp-content\/uploads\/2025\/09\/FusionAuth.png","type":"image\/png"}],"twitter_card":"summary_large_image","twitter_misc":{"Tempo di lettura stimato":"5 minuti"},"schema":{"@context":"https:\/\/schema.org","@graph":[{"@type":"WebPage","@id":"https:\/\/www.accuratereviews.com\/it\/software-sso\/fusionauth-recensione\/","url":"https:\/\/www.accuratereviews.com\/it\/software-sso\/fusionauth-recensione\/","name":"FusionAuth: recensione software SSO - Accurate Reviews","isPartOf":{"@id":"https:\/\/www.accuratereviews.com\/it\/#website"},"primaryImageOfPage":{"@id":"https:\/\/www.accuratereviews.com\/it\/software-sso\/fusionauth-recensione\/#primaryimage"},"image":{"@id":"https:\/\/www.accuratereviews.com\/it\/software-sso\/fusionauth-recensione\/#primaryimage"},"thumbnailUrl":"https:\/\/www.accuratereviews.com\/wp-content\/uploads\/2025\/09\/FusionAuth.png","datePublished":"2025-09-03T14:02:15+00:00","description":"FusionAuth: recensione software di gestione identit\u00e0 e degli accessi dei clienti per autenticare, autorizzare e gestire l'accesso degli utenti","breadcrumb":{"@id":"https:\/\/www.accuratereviews.com\/it\/software-sso\/fusionauth-recensione\/#breadcrumb"},"inLanguage":"it-IT","potentialAction":[{"@type":"ReadAction","target":["https:\/\/www.accuratereviews.com\/it\/software-sso\/fusionauth-recensione\/"]}]},{"@type":"ImageObject","inLanguage":"it-IT","@id":"https:\/\/www.accuratereviews.com\/it\/software-sso\/fusionauth-recensione\/#primaryimage","url":"https:\/\/www.accuratereviews.com\/wp-content\/uploads\/2025\/09\/FusionAuth.png","contentUrl":"https:\/\/www.accuratereviews.com\/wp-content\/uploads\/2025\/09\/FusionAuth.png","width":1100,"height":432},{"@type":"BreadcrumbList","@id":"https:\/\/www.accuratereviews.com\/it\/software-sso\/fusionauth-recensione\/#breadcrumb","itemListElement":[{"@type":"ListItem","position":1,"name":"Home","item":"https:\/\/www.accuratereviews.com\/it\/"},{"@type":"ListItem","position":2,"name":"Software SSO (Single Sign-On)","item":"https:\/\/www.accuratereviews.com\/it\/software-sso\/"},{"@type":"ListItem","position":3,"name":"FusionAuth"}]},{"@type":"WebSite","@id":"https:\/\/www.accuratereviews.com\/it\/#website","url":"https:\/\/www.accuratereviews.com\/it\/","name":"Accurate Reviews","description":"","potentialAction":[{"@type":"SearchAction","target":{"@type":"EntryPoint","urlTemplate":"https:\/\/www.accuratereviews.com\/it\/?s={search_term_string}"},"query-input":{"@type":"PropertyValueSpecification","valueRequired":true,"valueName":"search_term_string"}}],"inLanguage":"it-IT"}]}},"_links":{"self":[{"href":"https:\/\/www.accuratereviews.com\/it\/wp-json\/wp\/v2\/pages\/99679","targetHints":{"allow":["GET"]}}],"collection":[{"href":"https:\/\/www.accuratereviews.com\/it\/wp-json\/wp\/v2\/pages"}],"about":[{"href":"https:\/\/www.accuratereviews.com\/it\/wp-json\/wp\/v2\/types\/page"}],"author":[{"embeddable":true,"href":"https:\/\/www.accuratereviews.com\/it\/wp-json\/wp\/v2\/users\/19"}],"replies":[{"embeddable":true,"href":"https:\/\/www.accuratereviews.com\/it\/wp-json\/wp\/v2\/comments?post=99679"}],"version-history":[{"count":10,"href":"https:\/\/www.accuratereviews.com\/it\/wp-json\/wp\/v2\/pages\/99679\/revisions"}],"predecessor-version":[{"id":99760,"href":"https:\/\/www.accuratereviews.com\/it\/wp-json\/wp\/v2\/pages\/99679\/revisions\/99760"}],"up":[{"embeddable":true,"href":"https:\/\/www.accuratereviews.com\/it\/wp-json\/wp\/v2\/pages\/97817"}],"wp:featuredmedia":[{"embeddable":true,"href":"https:\/\/www.accuratereviews.com\/it\/wp-json\/wp\/v2\/media\/99685"}],"wp:attachment":[{"href":"https:\/\/www.accuratereviews.com\/it\/wp-json\/wp\/v2\/media?parent=99679"}],"wp:term":[{"taxonomy":"category","embeddable":true,"href":"https:\/\/www.accuratereviews.com\/it\/wp-json\/wp\/v2\/categories?post=99679"},{"taxonomy":"post_tag","embeddable":true,"href":"https:\/\/www.accuratereviews.com\/it\/wp-json\/wp\/v2\/tags?post=99679"},{"taxonomy":"features","embeddable":true,"href":"https:\/\/www.accuratereviews.com\/it\/wp-json\/wp\/v2\/features?post=99679"}],"curies":[{"name":"wp","href":"https:\/\/api.w.org\/{rel}","templated":true}]}}