{"id":9968,"date":"2017-06-06T14:02:31","date_gmt":"2017-06-06T14:02:31","guid":{"rendered":"http:\/\/www.accuratereviews.com\/software-di-gestione-disco-lista\/paragon-partition-manager\/"},"modified":"2017-06-12T09:48:33","modified_gmt":"2017-06-12T09:48:33","slug":"paragon-partition-manager","status":"publish","type":"page","link":"https:\/\/www.accuratereviews.com\/it\/software-di-gestione-disco-lista\/paragon-partition-manager\/","title":{"rendered":"Paragon Partition Manager"},"content":{"rendered":"<p><img loading=\"lazy\" decoding=\"async\" src=\"http:\/\/www.accuratereviews.com\/wp-content\/uploads\/2017\/06\/partition-manager1.png\" alt=\"paragon partition manager\" width=\"910\" height=\"583\" class=\"alignnone size-full wp-image-9957\" srcset=\"https:\/\/www.accuratereviews.com\/wp-content\/uploads\/2017\/06\/partition-manager1.png 910w, https:\/\/www.accuratereviews.com\/wp-content\/uploads\/2017\/06\/partition-manager1-300x192.png 300w, https:\/\/www.accuratereviews.com\/wp-content\/uploads\/2017\/06\/partition-manager1-768x492.png 768w, https:\/\/www.accuratereviews.com\/wp-content\/uploads\/2017\/06\/partition-manager1-195x125.png 195w, https:\/\/www.accuratereviews.com\/wp-content\/uploads\/2017\/06\/partition-manager1-50x32.png 50w, https:\/\/www.accuratereviews.com\/wp-content\/uploads\/2017\/06\/partition-manager1-636x407.png 636w, https:\/\/www.accuratereviews.com\/wp-content\/uploads\/2017\/06\/partition-manager1-320x205.png 320w, https:\/\/www.accuratereviews.com\/wp-content\/uploads\/2017\/06\/partition-manager1-239x153.png 239w\" sizes=\"auto, (max-width: 910px) 100vw, 910px\" \/><\/p>\n<p>Prima di giungere alla decisione di fare <strong>la partizione di un computer<\/strong> possono succedere due cose. La prima avviene quando abbiamo lo stesso PC da qualche anno, l\u2019hard drive \u00e8 intasato di software che non usiamo mai, l\u2019avvio \u00e8 cos\u00ec lento e lungo da richiedere interi minuti, il browser fatica a caricare anche solo una pagina web. In questa situazione si arriva a desiderare di effettuare la partizione piantando un\u2019ascia sul povero hard drive. <\/p>\n<p>La seconda spinta arriva quando invece vogliamo da subito il <strong>controllo assoluto su come il sistema operativo gestisce i file<\/strong>, desiderando creare <strong>sezioni precise dell\u2019hard drive<\/strong> che organizzano i file in precise aree. Una sezione pu\u00f2 contenere il sistema operativo, un\u2019altra ne pu\u00f2 contenere un altro ancora, una terza sezione si occupa dei file multimediali e via dicendo. Sembra facile, ma in realt\u00e0 la partizione del disco pu\u00f2 diventare un vero e proprio incubo.<\/p>\n<p><strong>Paragon Partition Manager<\/strong> \u00e8 un software che rende la <strong>partizione del disco<\/strong> molto pi\u00f9 semplice e immediata. Il software ha tre funzionalit\u00e0 principali, di cui la partizione \u00e8 la pi\u00f9 importante e permette di creare sezioni, ridimensionarle, dividerle, unirle, ridistribuire spazio libero e recuperare partizioni cancellate accidentalmente. \u00c8 anche possibile allineare le partizioni automaticamente per migliorare le prestazioni, modificare il tipo di file system di una partizione esistente e persino gestire il processo di avvio.<\/p>\n<p><img loading=\"lazy\" decoding=\"async\" src=\"http:\/\/www.accuratereviews.com\/wp-content\/uploads\/2017\/06\/partition-manager2.png\" alt=\"paragon partition manager\" width=\"586\" height=\"526\" class=\"alignnone size-full wp-image-9958\" srcset=\"https:\/\/www.accuratereviews.com\/wp-content\/uploads\/2017\/06\/partition-manager2.png 586w, https:\/\/www.accuratereviews.com\/wp-content\/uploads\/2017\/06\/partition-manager2-300x269.png 300w, https:\/\/www.accuratereviews.com\/wp-content\/uploads\/2017\/06\/partition-manager2-139x125.png 139w, https:\/\/www.accuratereviews.com\/wp-content\/uploads\/2017\/06\/partition-manager2-50x45.png 50w, https:\/\/www.accuratereviews.com\/wp-content\/uploads\/2017\/06\/partition-manager2-320x287.png 320w, https:\/\/www.accuratereviews.com\/wp-content\/uploads\/2017\/06\/partition-manager2-239x215.png 239w\" sizes=\"auto, (max-width: 586px) 100vw, 586px\" \/><\/p>\n<p><strong>Partition Manager consente di scegliere il sistema operativo utilizzato per l&#8217;avvio<\/strong> e pu\u00f2 risolvere i problemi durante il processo. Tutto ci\u00f2 avviene tramite wizard che guidano l\u2019utente passo per passo. I wizard non vantano un design particolarmente piacevole, ma funzionano comunque a dovere. Permettono inoltre di avere un\u2019anteprima di cosa accadr\u00e0 una volta che le modifiche sono state apportate e non serve essere un professionista dell\u2019IT per capire cosa fare man mano. <\/p>\n<p>Lo stesso funzionamento \u00e8 proposto anche con le altre due funzionalit\u00e0 incluse nel software. <strong>Partition Manager permette di effettuare il backup dell\u2019hard drive e di recuperarne i dati<\/strong>, oltre che di clonarlo nel caso in cui si passi da un vecchio PC a uno nuovo. Ovviamente Partition Manager non \u00e8 uno strumento di sicurezza, non consente di programmare backup regolari su cloud, ma rende semplice salvare manualmente i propri dati per recuperarli in modo rapido seguendo le istruzioni.<\/p>\n<p>Mancano strumenti di diagnostica e riparazione disco, ma non \u00e8 ci\u00f2 per cui Paragon Partition Manager \u00e8 nato. <strong>I backup e il recupero sono funzionalit\u00e0 in pi\u00f9<\/strong>, ma il software si occupa principalmente di partizioni. Il software \u00e8 disponibile per Windows e la versione professionale integra funzionalit\u00e0 di gestione dischi virtuali.<\/p>\n","protected":false},"excerpt":{"rendered":"<p>Prima di giungere alla decisione di fare la partizione di un computer possono succedere due cose. La prima avviene quando abbiamo lo stesso PC da qualche anno, l\u2019hard drive \u00e8 intasato di software che non usiamo mai<\/p>\n","protected":false},"author":16,"featured_media":0,"parent":6963,"menu_order":0,"comment_status":"open","ping_status":"closed","template":"g1_template_page_review_new.php","meta":{"_acf_changed":false,"cwp_meta_box_check":"Yes","cwp_rev_product_name":"","cwp_rev_product_image":"","wppr_links":[],"cwp_rev_price":"","wppr_options":[],"wppr_pros":[],"wppr_cons":[],"_monsterinsights_skip_tracking":false,"_monsterinsights_sitenote_active":false,"_monsterinsights_sitenote_note":"","_monsterinsights_sitenote_category":0,"footnotes":""},"categories":[157],"tags":[],"features":[],"class_list":{"0":"post-9968","1":"page","2":"type-page","3":"status-publish","5":"category-gestione-disco"},"wppr_data":{"cwp_meta_box_check":"Yes","cwp_rev_product_name":"","cwp_rev_product_image":"","cwp_image_link":"image","cwp_rev_price":"","wppr_rating":"0.00"},"acf":[],"yoast_head":"<!-- This site is optimized with the Yoast SEO plugin v27.4 - https:\/\/yoast.com\/product\/yoast-seo-wordpress\/ -->\n<title>Paragon Partition Manager recensione miglior software di gestione disco<\/title>\n<meta name=\"description\" content=\"Paragon Partition Manager \u00e8 un software che rende la partizione del disco molto pi\u00f9 semplice e immediata, grazie alla sua facilit\u00e0 d&#039;uso.\" \/>\n<meta name=\"robots\" content=\"index, follow, max-snippet:-1, max-image-preview:large, max-video-preview:-1\" \/>\n<link rel=\"canonical\" href=\"https:\/\/www.accuratereviews.com\/it\/software-di-gestione-disco-lista\/paragon-partition-manager\/\" \/>\n<meta property=\"og:locale\" content=\"it_IT\" \/>\n<meta property=\"og:type\" content=\"article\" \/>\n<meta property=\"og:title\" content=\"Paragon Partition Manager recensione miglior software di gestione disco\" \/>\n<meta property=\"og:description\" content=\"Paragon Partition Manager \u00e8 un software che rende la partizione del disco molto pi\u00f9 semplice e immediata, grazie alla sua facilit\u00e0 d&#039;uso.\" \/>\n<meta property=\"og:url\" content=\"https:\/\/www.accuratereviews.com\/it\/software-di-gestione-disco-lista\/paragon-partition-manager\/\" \/>\n<meta property=\"og:site_name\" content=\"Accurate Reviews\" \/>\n<meta property=\"article:modified_time\" content=\"2017-06-12T09:48:33+00:00\" \/>\n<meta property=\"og:image\" content=\"http:\/\/www.accuratereviews.com\/wp-content\/uploads\/2017\/06\/partition-manager1.png\" \/>\n<meta name=\"twitter:card\" content=\"summary_large_image\" \/>\n<meta name=\"twitter:label1\" content=\"Tempo di lettura stimato\" \/>\n\t<meta name=\"twitter:data1\" content=\"2 minuti\" \/>\n<script type=\"application\/ld+json\" class=\"yoast-schema-graph\">{\"@context\":\"https:\\\/\\\/schema.org\",\"@graph\":[{\"@type\":\"WebPage\",\"@id\":\"https:\\\/\\\/www.accuratereviews.com\\\/it\\\/software-di-gestione-disco-lista\\\/paragon-partition-manager\\\/\",\"url\":\"https:\\\/\\\/www.accuratereviews.com\\\/it\\\/software-di-gestione-disco-lista\\\/paragon-partition-manager\\\/\",\"name\":\"Paragon Partition Manager recensione miglior software di gestione disco\",\"isPartOf\":{\"@id\":\"https:\\\/\\\/www.accuratereviews.com\\\/it\\\/#website\"},\"primaryImageOfPage\":{\"@id\":\"https:\\\/\\\/www.accuratereviews.com\\\/it\\\/software-di-gestione-disco-lista\\\/paragon-partition-manager\\\/#primaryimage\"},\"image\":{\"@id\":\"https:\\\/\\\/www.accuratereviews.com\\\/it\\\/software-di-gestione-disco-lista\\\/paragon-partition-manager\\\/#primaryimage\"},\"thumbnailUrl\":\"http:\\\/\\\/www.accuratereviews.com\\\/wp-content\\\/uploads\\\/2017\\\/06\\\/partition-manager1.png\",\"datePublished\":\"2017-06-06T14:02:31+00:00\",\"dateModified\":\"2017-06-12T09:48:33+00:00\",\"description\":\"Paragon Partition Manager \u00e8 un software che rende la partizione del disco molto pi\u00f9 semplice e immediata, grazie alla sua facilit\u00e0 d'uso.\",\"breadcrumb\":{\"@id\":\"https:\\\/\\\/www.accuratereviews.com\\\/it\\\/software-di-gestione-disco-lista\\\/paragon-partition-manager\\\/#breadcrumb\"},\"inLanguage\":\"it-IT\",\"potentialAction\":[{\"@type\":\"ReadAction\",\"target\":[\"https:\\\/\\\/www.accuratereviews.com\\\/it\\\/software-di-gestione-disco-lista\\\/paragon-partition-manager\\\/\"]}]},{\"@type\":\"ImageObject\",\"inLanguage\":\"it-IT\",\"@id\":\"https:\\\/\\\/www.accuratereviews.com\\\/it\\\/software-di-gestione-disco-lista\\\/paragon-partition-manager\\\/#primaryimage\",\"url\":\"http:\\\/\\\/www.accuratereviews.com\\\/wp-content\\\/uploads\\\/2017\\\/06\\\/partition-manager1.png\",\"contentUrl\":\"http:\\\/\\\/www.accuratereviews.com\\\/wp-content\\\/uploads\\\/2017\\\/06\\\/partition-manager1.png\"},{\"@type\":\"BreadcrumbList\",\"@id\":\"https:\\\/\\\/www.accuratereviews.com\\\/it\\\/software-di-gestione-disco-lista\\\/paragon-partition-manager\\\/#breadcrumb\",\"itemListElement\":[{\"@type\":\"ListItem\",\"position\":1,\"name\":\"Home\",\"item\":\"https:\\\/\\\/www.accuratereviews.com\\\/it\\\/\"},{\"@type\":\"ListItem\",\"position\":2,\"name\":\"Software di gestione disco\",\"item\":\"https:\\\/\\\/www.accuratereviews.com\\\/it\\\/software-di-gestione-disco-lista\\\/\"},{\"@type\":\"ListItem\",\"position\":3,\"name\":\"Paragon Partition Manager\"}]},{\"@type\":\"WebSite\",\"@id\":\"https:\\\/\\\/www.accuratereviews.com\\\/it\\\/#website\",\"url\":\"https:\\\/\\\/www.accuratereviews.com\\\/it\\\/\",\"name\":\"Accurate Reviews\",\"description\":\"\",\"potentialAction\":[{\"@type\":\"SearchAction\",\"target\":{\"@type\":\"EntryPoint\",\"urlTemplate\":\"https:\\\/\\\/www.accuratereviews.com\\\/it\\\/?s={search_term_string}\"},\"query-input\":{\"@type\":\"PropertyValueSpecification\",\"valueRequired\":true,\"valueName\":\"search_term_string\"}}],\"inLanguage\":\"it-IT\"}]}<\/script>\n<!-- \/ Yoast SEO plugin. -->","yoast_head_json":{"title":"Paragon Partition Manager recensione miglior software di gestione disco","description":"Paragon Partition Manager \u00e8 un software che rende la partizione del disco molto pi\u00f9 semplice e immediata, grazie alla sua facilit\u00e0 d'uso.","robots":{"index":"index","follow":"follow","max-snippet":"max-snippet:-1","max-image-preview":"max-image-preview:large","max-video-preview":"max-video-preview:-1"},"canonical":"https:\/\/www.accuratereviews.com\/it\/software-di-gestione-disco-lista\/paragon-partition-manager\/","og_locale":"it_IT","og_type":"article","og_title":"Paragon Partition Manager recensione miglior software di gestione disco","og_description":"Paragon Partition Manager \u00e8 un software che rende la partizione del disco molto pi\u00f9 semplice e immediata, grazie alla sua facilit\u00e0 d'uso.","og_url":"https:\/\/www.accuratereviews.com\/it\/software-di-gestione-disco-lista\/paragon-partition-manager\/","og_site_name":"Accurate Reviews","article_modified_time":"2017-06-12T09:48:33+00:00","og_image":[{"url":"http:\/\/www.accuratereviews.com\/wp-content\/uploads\/2017\/06\/partition-manager1.png","type":"","width":"","height":""}],"twitter_card":"summary_large_image","twitter_misc":{"Tempo di lettura stimato":"2 minuti"},"schema":{"@context":"https:\/\/schema.org","@graph":[{"@type":"WebPage","@id":"https:\/\/www.accuratereviews.com\/it\/software-di-gestione-disco-lista\/paragon-partition-manager\/","url":"https:\/\/www.accuratereviews.com\/it\/software-di-gestione-disco-lista\/paragon-partition-manager\/","name":"Paragon Partition Manager recensione miglior software di gestione disco","isPartOf":{"@id":"https:\/\/www.accuratereviews.com\/it\/#website"},"primaryImageOfPage":{"@id":"https:\/\/www.accuratereviews.com\/it\/software-di-gestione-disco-lista\/paragon-partition-manager\/#primaryimage"},"image":{"@id":"https:\/\/www.accuratereviews.com\/it\/software-di-gestione-disco-lista\/paragon-partition-manager\/#primaryimage"},"thumbnailUrl":"http:\/\/www.accuratereviews.com\/wp-content\/uploads\/2017\/06\/partition-manager1.png","datePublished":"2017-06-06T14:02:31+00:00","dateModified":"2017-06-12T09:48:33+00:00","description":"Paragon Partition Manager \u00e8 un software che rende la partizione del disco molto pi\u00f9 semplice e immediata, grazie alla sua facilit\u00e0 d'uso.","breadcrumb":{"@id":"https:\/\/www.accuratereviews.com\/it\/software-di-gestione-disco-lista\/paragon-partition-manager\/#breadcrumb"},"inLanguage":"it-IT","potentialAction":[{"@type":"ReadAction","target":["https:\/\/www.accuratereviews.com\/it\/software-di-gestione-disco-lista\/paragon-partition-manager\/"]}]},{"@type":"ImageObject","inLanguage":"it-IT","@id":"https:\/\/www.accuratereviews.com\/it\/software-di-gestione-disco-lista\/paragon-partition-manager\/#primaryimage","url":"http:\/\/www.accuratereviews.com\/wp-content\/uploads\/2017\/06\/partition-manager1.png","contentUrl":"http:\/\/www.accuratereviews.com\/wp-content\/uploads\/2017\/06\/partition-manager1.png"},{"@type":"BreadcrumbList","@id":"https:\/\/www.accuratereviews.com\/it\/software-di-gestione-disco-lista\/paragon-partition-manager\/#breadcrumb","itemListElement":[{"@type":"ListItem","position":1,"name":"Home","item":"https:\/\/www.accuratereviews.com\/it\/"},{"@type":"ListItem","position":2,"name":"Software di gestione disco","item":"https:\/\/www.accuratereviews.com\/it\/software-di-gestione-disco-lista\/"},{"@type":"ListItem","position":3,"name":"Paragon Partition Manager"}]},{"@type":"WebSite","@id":"https:\/\/www.accuratereviews.com\/it\/#website","url":"https:\/\/www.accuratereviews.com\/it\/","name":"Accurate Reviews","description":"","potentialAction":[{"@type":"SearchAction","target":{"@type":"EntryPoint","urlTemplate":"https:\/\/www.accuratereviews.com\/it\/?s={search_term_string}"},"query-input":{"@type":"PropertyValueSpecification","valueRequired":true,"valueName":"search_term_string"}}],"inLanguage":"it-IT"}]}},"_links":{"self":[{"href":"https:\/\/www.accuratereviews.com\/it\/wp-json\/wp\/v2\/pages\/9968","targetHints":{"allow":["GET"]}}],"collection":[{"href":"https:\/\/www.accuratereviews.com\/it\/wp-json\/wp\/v2\/pages"}],"about":[{"href":"https:\/\/www.accuratereviews.com\/it\/wp-json\/wp\/v2\/types\/page"}],"author":[{"embeddable":true,"href":"https:\/\/www.accuratereviews.com\/it\/wp-json\/wp\/v2\/users\/16"}],"replies":[{"embeddable":true,"href":"https:\/\/www.accuratereviews.com\/it\/wp-json\/wp\/v2\/comments?post=9968"}],"version-history":[{"count":2,"href":"https:\/\/www.accuratereviews.com\/it\/wp-json\/wp\/v2\/pages\/9968\/revisions"}],"predecessor-version":[{"id":9973,"href":"https:\/\/www.accuratereviews.com\/it\/wp-json\/wp\/v2\/pages\/9968\/revisions\/9973"}],"up":[{"embeddable":true,"href":"https:\/\/www.accuratereviews.com\/it\/wp-json\/wp\/v2\/pages\/6963"}],"wp:attachment":[{"href":"https:\/\/www.accuratereviews.com\/it\/wp-json\/wp\/v2\/media?parent=9968"}],"wp:term":[{"taxonomy":"category","embeddable":true,"href":"https:\/\/www.accuratereviews.com\/it\/wp-json\/wp\/v2\/categories?post=9968"},{"taxonomy":"post_tag","embeddable":true,"href":"https:\/\/www.accuratereviews.com\/it\/wp-json\/wp\/v2\/tags?post=9968"},{"taxonomy":"features","embeddable":true,"href":"https:\/\/www.accuratereviews.com\/it\/wp-json\/wp\/v2\/features?post=9968"}],"curies":[{"name":"wp","href":"https:\/\/api.w.org\/{rel}","templated":true}]}}