{"id":99992,"date":"2025-09-04T15:19:39","date_gmt":"2025-09-04T15:19:39","guid":{"rendered":"https:\/\/www.accuratereviews.com\/?page_id=99992"},"modified":"2025-10-06T15:43:18","modified_gmt":"2025-10-06T15:43:18","slug":"nordpass-business-recensione","status":"publish","type":"page","link":"https:\/\/www.accuratereviews.com\/it\/software-sso\/nordpass-business-recensione\/","title":{"rendered":"NordPass Business"},"content":{"rendered":"<p><strong>NordPass Business<\/strong> offre una soluzione di gestione delle password all&#8217;avanguardia con architettura di sicurezza zero-knowledge scelto da aziende di tutto il mondo. Combinando misure di sicurezza leader del settore con un <strong>onboarding fluido<\/strong> e un&#8217;<strong>interfaccia intuitiva<\/strong>, il programma migliora la produttivit\u00e0 salvaguardando al contempo i dati aziendali.<br \/>\nAccedi ai tuoi account all&#8217;istante, condividendo in modo sicuro l&#8217;accesso e i dati sensibili tra i team. Ricevi avvisi immediati sulle violazioni e identifica password deboli, vecchie o riutilizzate. Puoi anche utilizzare le passkey, un nuovo tipo di autenticazione che consente agli utenti di entrare in modo sicuro a siti web e applicazioni senza dover inserire la propria password.<\/p>\n<h2>NORDPASS BUSINESS &#8211; TUTORIAL<\/h2>\n<div id=\"fluid-wrapper-counter-1\" class=\"g1-fluid-wrapper \" style=\"width:686px;\">\n<div style=\"padding-bottom:56.268221574344%;\"><iframe loading=\"lazy\" title=\"NordPass Tutorial 2025 | COMPLETE guide\" width=\"686\" height=\"386\" src=\"https:\/\/www.youtube.com\/embed\/WGdluahSHk0?feature=oembed&amp;wmode=transparent&amp;autohide=1&amp;autoplay=0&amp;disablekb=0&amp;fs=1&amp;loop=0&amp;enablejsapi=1&amp;rel=0&amp;controls=2&amp;showinfo=0&amp;wmode=transparent&amp;autohide=2&amp;autoplay=0&amp;disablekb=0&amp;fs=1&amp;loop=0&amp;enablejsapi=1&amp;rel=0&amp;controls=2&amp;showinfo=1\" frameborder=\"0\" allow=\"accelerometer; autoplay; clipboard-write; encrypted-media; gyroscope; picture-in-picture; web-share\" referrerpolicy=\"strict-origin-when-cross-origin\" allowfullscreen><\/iframe><\/div>\n<\/div>\n<h3>NORDPASS BUSINESS &#8211; CARATTERISTICHE<\/h3>\n<ul>\n<li><strong>Scopri esattamente quali dati sono accessibili:<\/strong> ricevi avvisi in tempo reale se le credenziali della tua azienda appaiono sul dark web e bloccano i tentativi di violazione prima che raggiungano i tuoi sistemi.<\/li>\n<li><strong>Concedete gli accessi giusti alle persone giuste<\/strong>: organizza facilmente i dati e chi pu\u00f2 accedervi, e aggiorna le autorizzazioni di pari passo col cambio dei ruoli, evitando sprechi di tempo e risorse.<\/li>\n<li><strong>Rafforza le credenziali per ridurre i rischi<\/strong>: adottare regole complesse per la password e offrire a ogni dipendente un luogo unico sicuro per conservare e condividere in autonomia le credenziali.<\/li>\n<li><strong>Aiuta il tuo team a lavorare in modo veloce e intelligente:<\/strong> libera i dipendenti dal trafile di reimpostazione delle password, consentendo loro di concentrarsi sulle attivit\u00e0 che generano valore per l&#8217;azienda.<\/li>\n<li><strong>Rilevatore violazione dati:<\/strong> ricevi avvisi istantanei se i domini o gli indirizzi email della tua azienda appaiono sul dark web e agisci prima che lo facciano utenti non autorizzati<\/li>\n<li><strong>Politica delle password<\/strong>: applica rapidamente regole per le password personalizzate in tutta l&#8217;azienda, per eliminare le credenziali deboli e ridurre al minimo i rischi di sicurezza e non conformit\u00e0.<\/li>\n<li><strong>Crittografia end-to-end:<\/strong> la soluzione crittografa tutti i dati degli utenti prima che escano dai dispositivi: in questo modo, le informazioni rimangono private e l&#8217;azienda garantisce la propria conformit\u00e0.<\/li>\n<li><strong>Algoritmo XChaCha20<\/strong>: XChaCha20 \u00e8 un algoritmo di crittografia veloce, moderno e facile da usare, che offre una soluzione pi\u00f9 affidabile per proteggere le informazioni sensibili.<\/li>\n<\/ul>\n<h4>LE RECENSIONI DEGLI UTENTI<\/h4>\n<p><strong>Jeb &#8220;NordPass \u00e8 valido quanto DashLane e la maggior parte degli altri gestori di password&#8221;<\/strong><br \/>\n<strong>Nel complesso<\/strong>: NordPass \u00e8 stato fantastico. Abbiamo avuto una buona esperienza. Iniziare a usarlo \u00e8 stato fantastico e i nostri dipendenti lo hanno apprezzato molto.<br \/>\n<strong>Pro<\/strong>: NordPass si integra perfettamente con i nostri dispositivi mobili. Siamo riusciti ad accedere ai nostri dati sia sui telefoni che sul computer.<br \/>\n<strong>Contro<\/strong>: Non pensavo che i piani pi\u00f9 piccoli includessero abbastanza funzionalit\u00e0. Inoltre, non abbiamo abbastanza persone per i piani pi\u00f9 bassi. Siamo una piccola azienda, ma avevano bisogno di 10 posti per il piano pi\u00f9 piccolo.<\/p>\n<p><strong>Mitchell &#8220;Nel complesso un ottimo firmware di sicurezza per le piccole imprese&#8221;<\/strong><br \/>\n<strong>Pro<\/strong>: Nordpass \u00e8 perfetto per proteggere pi\u00f9 dispositivi all&#8217;interno di un unico account<br \/>\n<strong>Contro<\/strong>: Nordpass pu\u00f2 essere un po&#8217; invasivo come app in background<\/p>\n<p><strong>Larissa &#8220;Mi fa sentire al sicuro&#8221;<\/strong><br \/>\n<strong>Nel complesso<\/strong>: soddisfacente, mi fa sentire al sicuro in ogni caso<br \/>\n<strong>Pro<\/strong>: facile e veloce da usare e mi fa sentire a mio agio sapendo di essere protetto<br \/>\n<strong>Contro<\/strong>: niente. Tutto funziona bene ed \u00e8 una piattaforma meravigliosa da usare.<\/p>\n","protected":false},"excerpt":{"rendered":"<p>NordPass Business offre una soluzione di gestione delle password all&#8217;avanguardia con architettura di sicurezza zero-knowledge scelto da aziende di tutto il mondo. Combinando misure di sicurezza leader del settore con un onboarding fluido e un&#8217;interfaccia intuitiva, il programma migliora la produttivit\u00e0 salvaguardando al contempo i dati aziendali.<\/p>\n","protected":false},"author":19,"featured_media":100010,"parent":97817,"menu_order":0,"comment_status":"open","ping_status":"closed","template":"g1_template_page_review_new.php","meta":{"_acf_changed":false,"cwp_meta_box_check":"No","cwp_rev_product_name":"","cwp_rev_product_image":"","wppr_links":[],"cwp_rev_price":"","wppr_options":[],"wppr_pros":[],"wppr_cons":[],"_monsterinsights_skip_tracking":false,"_monsterinsights_sitenote_active":false,"_monsterinsights_sitenote_note":"","_monsterinsights_sitenote_category":0,"footnotes":""},"categories":[16466],"tags":[16550,16464,16463,16461,16460,16471,16462],"features":[],"class_list":{"0":"post-99992","1":"page","2":"type-page","3":"status-publish","4":"has-post-thumbnail","6":"category-software-sso-cat","7":"tag-nordpass-busines","8":"tag-piattaforma-sso","9":"tag-programma-sso","10":"tag-single-sign-on","11":"tag-software-sso","12":"tag-software-sso-single-sign-on","13":"tag-soluzione-sso"},"wppr_data":{"cwp_meta_box_check":"No"},"acf":[],"yoast_head":"<!-- This site is optimized with the Yoast SEO plugin v27.4 - https:\/\/yoast.com\/product\/yoast-seo-wordpress\/ -->\n<title>NordPass Business: recensione software SSO - Accurate Reviews<\/title>\n<meta name=\"description\" content=\"NordPass Business: recensione soluzione di gestione delle password con architettura di sicurezza zero-knowledge scelto da molte aziende.\" \/>\n<meta name=\"robots\" content=\"index, follow, max-snippet:-1, max-image-preview:large, max-video-preview:-1\" \/>\n<link rel=\"canonical\" href=\"https:\/\/www.accuratereviews.com\/it\/software-sso\/nordpass-business-recensione\/\" \/>\n<meta property=\"og:locale\" content=\"it_IT\" \/>\n<meta property=\"og:type\" content=\"article\" \/>\n<meta property=\"og:title\" content=\"NordPass Business: recensione software SSO - Accurate Reviews\" \/>\n<meta property=\"og:description\" content=\"NordPass Business: recensione soluzione di gestione delle password con architettura di sicurezza zero-knowledge scelto da molte aziende.\" \/>\n<meta property=\"og:url\" content=\"https:\/\/www.accuratereviews.com\/it\/software-sso\/nordpass-business-recensione\/\" \/>\n<meta property=\"og:site_name\" content=\"Accurate Reviews\" \/>\n<meta property=\"article:modified_time\" content=\"2025-10-06T15:43:18+00:00\" \/>\n<meta property=\"og:image\" content=\"https:\/\/www.accuratereviews.com\/wp-content\/uploads\/2025\/09\/nordpass.png\" \/>\n\t<meta property=\"og:image:width\" content=\"1200\" \/>\n\t<meta property=\"og:image:height\" content=\"630\" \/>\n\t<meta property=\"og:image:type\" content=\"image\/png\" \/>\n<meta name=\"twitter:card\" content=\"summary_large_image\" \/>\n<meta name=\"twitter:label1\" content=\"Tempo di lettura stimato\" \/>\n\t<meta name=\"twitter:data1\" content=\"4 minuti\" \/>\n<script type=\"application\/ld+json\" class=\"yoast-schema-graph\">{\"@context\":\"https:\\\/\\\/schema.org\",\"@graph\":[{\"@type\":\"WebPage\",\"@id\":\"https:\\\/\\\/www.accuratereviews.com\\\/it\\\/software-sso\\\/nordpass-business-recensione\\\/\",\"url\":\"https:\\\/\\\/www.accuratereviews.com\\\/it\\\/software-sso\\\/nordpass-business-recensione\\\/\",\"name\":\"NordPass Business: recensione software SSO - Accurate Reviews\",\"isPartOf\":{\"@id\":\"https:\\\/\\\/www.accuratereviews.com\\\/it\\\/#website\"},\"primaryImageOfPage\":{\"@id\":\"https:\\\/\\\/www.accuratereviews.com\\\/it\\\/software-sso\\\/nordpass-business-recensione\\\/#primaryimage\"},\"image\":{\"@id\":\"https:\\\/\\\/www.accuratereviews.com\\\/it\\\/software-sso\\\/nordpass-business-recensione\\\/#primaryimage\"},\"thumbnailUrl\":\"https:\\\/\\\/www.accuratereviews.com\\\/wp-content\\\/uploads\\\/2025\\\/09\\\/nordpass.png\",\"datePublished\":\"2025-09-04T15:19:39+00:00\",\"dateModified\":\"2025-10-06T15:43:18+00:00\",\"description\":\"NordPass Business: recensione soluzione di gestione delle password con architettura di sicurezza zero-knowledge scelto da molte aziende.\",\"breadcrumb\":{\"@id\":\"https:\\\/\\\/www.accuratereviews.com\\\/it\\\/software-sso\\\/nordpass-business-recensione\\\/#breadcrumb\"},\"inLanguage\":\"it-IT\",\"potentialAction\":[{\"@type\":\"ReadAction\",\"target\":[\"https:\\\/\\\/www.accuratereviews.com\\\/it\\\/software-sso\\\/nordpass-business-recensione\\\/\"]}]},{\"@type\":\"ImageObject\",\"inLanguage\":\"it-IT\",\"@id\":\"https:\\\/\\\/www.accuratereviews.com\\\/it\\\/software-sso\\\/nordpass-business-recensione\\\/#primaryimage\",\"url\":\"https:\\\/\\\/www.accuratereviews.com\\\/wp-content\\\/uploads\\\/2025\\\/09\\\/nordpass.png\",\"contentUrl\":\"https:\\\/\\\/www.accuratereviews.com\\\/wp-content\\\/uploads\\\/2025\\\/09\\\/nordpass.png\",\"width\":1200,\"height\":630},{\"@type\":\"BreadcrumbList\",\"@id\":\"https:\\\/\\\/www.accuratereviews.com\\\/it\\\/software-sso\\\/nordpass-business-recensione\\\/#breadcrumb\",\"itemListElement\":[{\"@type\":\"ListItem\",\"position\":1,\"name\":\"Home\",\"item\":\"https:\\\/\\\/www.accuratereviews.com\\\/it\\\/\"},{\"@type\":\"ListItem\",\"position\":2,\"name\":\"Software SSO (Single Sign-On)\",\"item\":\"https:\\\/\\\/www.accuratereviews.com\\\/it\\\/software-sso\\\/\"},{\"@type\":\"ListItem\",\"position\":3,\"name\":\"NordPass Business\"}]},{\"@type\":\"WebSite\",\"@id\":\"https:\\\/\\\/www.accuratereviews.com\\\/it\\\/#website\",\"url\":\"https:\\\/\\\/www.accuratereviews.com\\\/it\\\/\",\"name\":\"Accurate Reviews\",\"description\":\"\",\"potentialAction\":[{\"@type\":\"SearchAction\",\"target\":{\"@type\":\"EntryPoint\",\"urlTemplate\":\"https:\\\/\\\/www.accuratereviews.com\\\/it\\\/?s={search_term_string}\"},\"query-input\":{\"@type\":\"PropertyValueSpecification\",\"valueRequired\":true,\"valueName\":\"search_term_string\"}}],\"inLanguage\":\"it-IT\"}]}<\/script>\n<!-- \/ Yoast SEO plugin. -->","yoast_head_json":{"title":"NordPass Business: recensione software SSO - Accurate Reviews","description":"NordPass Business: recensione soluzione di gestione delle password con architettura di sicurezza zero-knowledge scelto da molte aziende.","robots":{"index":"index","follow":"follow","max-snippet":"max-snippet:-1","max-image-preview":"max-image-preview:large","max-video-preview":"max-video-preview:-1"},"canonical":"https:\/\/www.accuratereviews.com\/it\/software-sso\/nordpass-business-recensione\/","og_locale":"it_IT","og_type":"article","og_title":"NordPass Business: recensione software SSO - Accurate Reviews","og_description":"NordPass Business: recensione soluzione di gestione delle password con architettura di sicurezza zero-knowledge scelto da molte aziende.","og_url":"https:\/\/www.accuratereviews.com\/it\/software-sso\/nordpass-business-recensione\/","og_site_name":"Accurate Reviews","article_modified_time":"2025-10-06T15:43:18+00:00","og_image":[{"width":1200,"height":630,"url":"https:\/\/www.accuratereviews.com\/wp-content\/uploads\/2025\/09\/nordpass.png","type":"image\/png"}],"twitter_card":"summary_large_image","twitter_misc":{"Tempo di lettura stimato":"4 minuti"},"schema":{"@context":"https:\/\/schema.org","@graph":[{"@type":"WebPage","@id":"https:\/\/www.accuratereviews.com\/it\/software-sso\/nordpass-business-recensione\/","url":"https:\/\/www.accuratereviews.com\/it\/software-sso\/nordpass-business-recensione\/","name":"NordPass Business: recensione software SSO - Accurate Reviews","isPartOf":{"@id":"https:\/\/www.accuratereviews.com\/it\/#website"},"primaryImageOfPage":{"@id":"https:\/\/www.accuratereviews.com\/it\/software-sso\/nordpass-business-recensione\/#primaryimage"},"image":{"@id":"https:\/\/www.accuratereviews.com\/it\/software-sso\/nordpass-business-recensione\/#primaryimage"},"thumbnailUrl":"https:\/\/www.accuratereviews.com\/wp-content\/uploads\/2025\/09\/nordpass.png","datePublished":"2025-09-04T15:19:39+00:00","dateModified":"2025-10-06T15:43:18+00:00","description":"NordPass Business: recensione soluzione di gestione delle password con architettura di sicurezza zero-knowledge scelto da molte aziende.","breadcrumb":{"@id":"https:\/\/www.accuratereviews.com\/it\/software-sso\/nordpass-business-recensione\/#breadcrumb"},"inLanguage":"it-IT","potentialAction":[{"@type":"ReadAction","target":["https:\/\/www.accuratereviews.com\/it\/software-sso\/nordpass-business-recensione\/"]}]},{"@type":"ImageObject","inLanguage":"it-IT","@id":"https:\/\/www.accuratereviews.com\/it\/software-sso\/nordpass-business-recensione\/#primaryimage","url":"https:\/\/www.accuratereviews.com\/wp-content\/uploads\/2025\/09\/nordpass.png","contentUrl":"https:\/\/www.accuratereviews.com\/wp-content\/uploads\/2025\/09\/nordpass.png","width":1200,"height":630},{"@type":"BreadcrumbList","@id":"https:\/\/www.accuratereviews.com\/it\/software-sso\/nordpass-business-recensione\/#breadcrumb","itemListElement":[{"@type":"ListItem","position":1,"name":"Home","item":"https:\/\/www.accuratereviews.com\/it\/"},{"@type":"ListItem","position":2,"name":"Software SSO (Single Sign-On)","item":"https:\/\/www.accuratereviews.com\/it\/software-sso\/"},{"@type":"ListItem","position":3,"name":"NordPass Business"}]},{"@type":"WebSite","@id":"https:\/\/www.accuratereviews.com\/it\/#website","url":"https:\/\/www.accuratereviews.com\/it\/","name":"Accurate Reviews","description":"","potentialAction":[{"@type":"SearchAction","target":{"@type":"EntryPoint","urlTemplate":"https:\/\/www.accuratereviews.com\/it\/?s={search_term_string}"},"query-input":{"@type":"PropertyValueSpecification","valueRequired":true,"valueName":"search_term_string"}}],"inLanguage":"it-IT"}]}},"_links":{"self":[{"href":"https:\/\/www.accuratereviews.com\/it\/wp-json\/wp\/v2\/pages\/99992","targetHints":{"allow":["GET"]}}],"collection":[{"href":"https:\/\/www.accuratereviews.com\/it\/wp-json\/wp\/v2\/pages"}],"about":[{"href":"https:\/\/www.accuratereviews.com\/it\/wp-json\/wp\/v2\/types\/page"}],"author":[{"embeddable":true,"href":"https:\/\/www.accuratereviews.com\/it\/wp-json\/wp\/v2\/users\/19"}],"replies":[{"embeddable":true,"href":"https:\/\/www.accuratereviews.com\/it\/wp-json\/wp\/v2\/comments?post=99992"}],"version-history":[{"count":9,"href":"https:\/\/www.accuratereviews.com\/it\/wp-json\/wp\/v2\/pages\/99992\/revisions"}],"predecessor-version":[{"id":103860,"href":"https:\/\/www.accuratereviews.com\/it\/wp-json\/wp\/v2\/pages\/99992\/revisions\/103860"}],"up":[{"embeddable":true,"href":"https:\/\/www.accuratereviews.com\/it\/wp-json\/wp\/v2\/pages\/97817"}],"wp:featuredmedia":[{"embeddable":true,"href":"https:\/\/www.accuratereviews.com\/it\/wp-json\/wp\/v2\/media\/100010"}],"wp:attachment":[{"href":"https:\/\/www.accuratereviews.com\/it\/wp-json\/wp\/v2\/media?parent=99992"}],"wp:term":[{"taxonomy":"category","embeddable":true,"href":"https:\/\/www.accuratereviews.com\/it\/wp-json\/wp\/v2\/categories?post=99992"},{"taxonomy":"post_tag","embeddable":true,"href":"https:\/\/www.accuratereviews.com\/it\/wp-json\/wp\/v2\/tags?post=99992"},{"taxonomy":"features","embeddable":true,"href":"https:\/\/www.accuratereviews.com\/it\/wp-json\/wp\/v2\/features?post=99992"}],"curies":[{"name":"wp","href":"https:\/\/api.w.org\/{rel}","templated":true}]}}